{"id":32496,"date":"2024-09-06T02:50:30","date_gmt":"2024-09-06T02:50:30","guid":{"rendered":"https:\/\/foredgetech.com\/?post_type=product&#038;p=32496"},"modified":"2025-12-19T07:45:21","modified_gmt":"2025-12-19T07:45:21","slug":"fac109-poe-mr","status":"publish","type":"product","link":"https:\/\/foredgetech.com\/tr\/urun\/fac109-poe-mr\/","title":{"rendered":"FAC109-PoE-MR"},"content":{"rendered":"<div data-elementor-type=\"wp-post\" data-elementor-id=\"32496\" class=\"elementor elementor-32496\">\n\t\t\t\t\t\t<section class=\"elementor-section elementor-top-section elementor-element elementor-element-5058e617 elementor-section-full_width elementor-section-gap-beside-no elementor-section-height-default elementor-section-height-default elementor-section-column-vertical-align-stretch\" data-id=\"5058e617\" data-element_type=\"section\">\n\t\t\t\t\t\t<div class=\"elementor-container elementor-column-gap-extended\">\n\t\t\t\t\t<div class=\"elementor-column elementor-col-33 elementor-top-column elementor-element elementor-element-f61c77a\" data-id=\"f61c77a\" data-element_type=\"column\">\n\t\t\t<div class=\"elementor-widget-wrap elementor-element-populated\">\n\t\t\t\t\t\t<div class=\"elementor-element elementor-element-12229f05 elementor-widget elementor-widget-tm-modern-image\" data-id=\"12229f05\" data-element_type=\"widget\" data-widget_type=\"tm-modern-image.default\">\n\t\t\t\t<div class=\"elementor-widget-container\">\n\t\t\t\t\t\t\t<div class=\"tm-modern-image\">\n\t\t\t\t\t\t\t<div class=\"minimog-box\">\n\t\t\t\t\t<div class=\"minimog-image\">\t\t\t\t\t<m-image class=\"minimog-lazy-image\" style=\"--lazy-image-width: 300px;--lazy-image-height: 83.333333333333%;\" data-image-loading><img decoding=\"async\"  data-src=\"https:\/\/foredgetech.com\/wp-content\/uploads\/2024\/09\/FAC109-PoE-MR.jpg\" width=\"300\" height=\"250\" alt=\"FAC109-PoE-MR\" class=\"attachment-full size-full lazyload\" src=\"data:image\/svg+xml;base64,PHN2ZyB3aWR0aD0iMSIgaGVpZ2h0PSIxIiB4bWxucz0iaHR0cDovL3d3dy53My5vcmcvMjAwMC9zdmciPjwvc3ZnPg==\" style=\"--smush-placeholder-width: 300px; --smush-placeholder-aspect-ratio: 300\/250;\" \/><\/m-image>\t\t\t\t\t<\/div>\t\t\t\t<\/div>\n\t\t\t\t\t\t\t\t\t\t<\/div>\n\t\t\t\t\t\t<\/div>\n\t\t\t\t<\/div>\n\t\t\t\t\t<\/div>\n\t\t<\/div>\n\t\t\t\t<div class=\"elementor-column elementor-col-66 elementor-top-column elementor-element elementor-element-78bc78c2\" data-id=\"78bc78c2\" data-element_type=\"column\">\n\t\t\t<div class=\"elementor-widget-wrap elementor-element-populated\">\n\t\t\t\t\t\t<div class=\"elementor-element elementor-element-2052b071 elementor-widget elementor-widget-tm-heading\" data-id=\"2052b071\" data-element_type=\"widget\" data-widget_type=\"tm-heading.default\">\n\t\t\t\t<div class=\"elementor-widget-container\">\n\t\t\t\t\t\t\t<div class=\"tm-modern-heading tm-modern-heading--style-01 tm-modern-heading--highlight-style-01\">\n\t\t\t\n\t\t\t\t\t<div class=\"heading-primary-wrap\">\n\t\t\t<h4 class=\"heading-primary elementor-heading-title\">Genel Bak\u0131\u015f<\/h4>\t\t<\/div>\n\t\t\n\t\t\t\n\t\t\t\t\t<\/div>\n\t\t\t\t\t\t<\/div>\n\t\t\t\t<\/div>\n\t\t\t\t<div class=\"elementor-element elementor-element-7c6ab884 elementor-widget elementor-widget-text-editor\" data-id=\"7c6ab884\" data-element_type=\"widget\" data-widget_type=\"text-editor.default\">\n\t\t\t\t<div class=\"elementor-widget-container\">\n\t\t\t\t\t\t\t\t\t<p>Fengrunda taraf\u0131ndan k\u00fc\u00e7\u00fck ve orta \u00f6l\u00e7ekli i\u015fletmeler, ofisler, villalar ve di\u011fer ortamlar i\u00e7in geli\u015ftirilen yeni nesil PoE-AC entegre gigabit y\u00f6nlendirici \u00fcr\u00fcn\u00fcd\u00fcr<\/p>\t\t\t\t\t\t\t\t<\/div>\n\t\t\t\t<\/div>\n\t\t\t\t<section class=\"elementor-section elementor-inner-section elementor-element elementor-element-2afe0aab elementor-section-gap-beside-no elementor-section-full_width elementor-section-height-default elementor-section-height-default elementor-section-column-vertical-align-stretch\" data-id=\"2afe0aab\" data-element_type=\"section\">\n\t\t\t\t\t\t<div class=\"elementor-container elementor-column-gap-extended\">\n\t\t\t\t\t<div class=\"elementor-column elementor-col-33 elementor-inner-column elementor-element elementor-element-7751e85f\" data-id=\"7751e85f\" data-element_type=\"column\">\n\t\t\t<div class=\"elementor-widget-wrap elementor-element-populated\">\n\t\t\t\t\t\t<div class=\"elementor-element elementor-element-47145555 elementor-widget elementor-widget-tm-heading\" data-id=\"47145555\" data-element_type=\"widget\" data-widget_type=\"tm-heading.default\">\n\t\t\t\t<div class=\"elementor-widget-container\">\n\t\t\t\t\t\t\t<div class=\"tm-modern-heading tm-modern-heading--style-01 tm-modern-heading--highlight-style-01\">\n\t\t\t\n\t\t\t\t\t<div class=\"heading-primary-wrap\">\n\t\t\t<h6 class=\"heading-primary elementor-heading-title\">Liman<\/h6>\t\t<\/div>\n\t\t\n\t\t\t\n\t\t\t\t\t<div class=\"heading-description-wrap\">\n\t\t\t<div class=\"heading-description\">\n\t\t\t\t<p>1 * 10\/100\/1000M RJ45 WAN Portu1 * 10\/100\/1000M RJ45 LAN Portu\/WAN Portu (PoE Deste\u011fi)7 * 10\/100\/1000M RJ45 LAN Portlar\u0131(PoE Deste\u011fi)<\/p>\t\t\t<\/div>\n\t\t<\/div>\n\t\t\t\t<\/div>\n\t\t\t\t\t\t<\/div>\n\t\t\t\t<\/div>\n\t\t\t\t\t<\/div>\n\t\t<\/div>\n\t\t\t\t<div class=\"elementor-column elementor-col-33 elementor-inner-column elementor-element elementor-element-c6e3a56\" data-id=\"c6e3a56\" data-element_type=\"column\">\n\t\t\t<div class=\"elementor-widget-wrap elementor-element-populated\">\n\t\t\t\t\t\t<div class=\"elementor-element elementor-element-960cbcd elementor-widget elementor-widget-tm-heading\" data-id=\"960cbcd\" data-element_type=\"widget\" data-widget_type=\"tm-heading.default\">\n\t\t\t\t<div class=\"elementor-widget-container\">\n\t\t\t\t\t\t\t<div class=\"tm-modern-heading tm-modern-heading--style-01 tm-modern-heading--highlight-style-01\">\n\t\t\t\n\t\t\t\t\t<div class=\"heading-primary-wrap\">\n\t\t\t<h6 class=\"heading-primary elementor-heading-title\">Boyutlar (G \u00d7 D \u00d7 Y)<\/h6>\t\t<\/div>\n\t\t\n\t\t\t\n\t\t\t\t\t<div class=\"heading-description-wrap\">\n\t\t\t<div class=\"heading-description\">\n\t\t\t\t<p>185(g)x100(D)x28(Y) mm<\/p>\t\t\t<\/div>\n\t\t<\/div>\n\t\t\t\t<\/div>\n\t\t\t\t\t\t<\/div>\n\t\t\t\t<\/div>\n\t\t\t\t\t<\/div>\n\t\t<\/div>\n\t\t\t\t<div class=\"elementor-column elementor-col-33 elementor-inner-column elementor-element elementor-element-63d177a8\" data-id=\"63d177a8\" data-element_type=\"column\">\n\t\t\t<div class=\"elementor-widget-wrap elementor-element-populated\">\n\t\t\t\t\t\t<div class=\"elementor-element elementor-element-7cf8fe9 elementor-widget elementor-widget-tm-heading\" data-id=\"7cf8fe9\" data-element_type=\"widget\" data-widget_type=\"tm-heading.default\">\n\t\t\t\t<div class=\"elementor-widget-container\">\n\t\t\t\t\t\t\t<div class=\"tm-modern-heading tm-modern-heading--style-01 tm-modern-heading--highlight-style-01\">\n\t\t\t\n\t\t\t\t\t<div class=\"heading-primary-wrap\">\n\t\t\t<h6 class=\"heading-primary elementor-heading-title\">\u00c7al\u0131\u015fma Nemi<\/h6>\t\t<\/div>\n\t\t\n\t\t\t\n\t\t\t\t\t<div class=\"heading-description-wrap\">\n\t\t\t<div class=\"heading-description\">\n\t\t\t\t<p>10% - 90%RH yo\u011fu\u015fmas\u0131z<\/p>\t\t\t<\/div>\n\t\t<\/div>\n\t\t\t\t<\/div>\n\t\t\t\t\t\t<\/div>\n\t\t\t\t<\/div>\n\t\t\t\t\t<\/div>\n\t\t<\/div>\n\t\t\t\t\t<\/div>\n\t\t<\/section>\n\t\t\t\t\t<\/div>\n\t\t<\/div>\n\t\t\t\t\t<\/div>\n\t\t<\/section>\n\t\t<div class=\"elementor-element elementor-element-1b74d531 e-flex e-con-boxed e-con e-parent\" data-id=\"1b74d531\" data-element_type=\"container\">\n\t\t\t\t\t<div class=\"e-con-inner\">\n\t\t\t\t<div class=\"elementor-element elementor-element-aaf7427 elementor-widget elementor-widget-image\" data-id=\"aaf7427\" data-element_type=\"widget\" data-widget_type=\"image.default\">\n\t\t\t\t<div class=\"elementor-widget-container\">\n\t\t\t\t\t\t\t\t\t\t\t\t\t\t\t<img fetchpriority=\"high\" decoding=\"async\" width=\"1920\" height=\"865\" src=\"https:\/\/foredgetech.com\/wp-content\/uploads\/2024\/09\/1-\u4ea7\u54c1\u7b80\u4ecb-2.jpg\" class=\"attachment-full size-full wp-image-32501\" alt=\"\" srcset=\"https:\/\/foredgetech.com\/wp-content\/uploads\/2024\/09\/1-\u4ea7\u54c1\u7b80\u4ecb-2.jpg 1920w, https:\/\/foredgetech.com\/wp-content\/uploads\/2024\/09\/1-\u4ea7\u54c1\u7b80\u4ecb-2-150x68.jpg 150w, https:\/\/foredgetech.com\/wp-content\/uploads\/2024\/09\/1-\u4ea7\u54c1\u7b80\u4ecb-2-600x270.jpg 600w, https:\/\/foredgetech.com\/wp-content\/uploads\/2024\/09\/1-\u4ea7\u54c1\u7b80\u4ecb-2-300x135.jpg 300w, https:\/\/foredgetech.com\/wp-content\/uploads\/2024\/09\/1-\u4ea7\u54c1\u7b80\u4ecb-2-768x346.jpg 768w, https:\/\/foredgetech.com\/wp-content\/uploads\/2024\/09\/1-\u4ea7\u54c1\u7b80\u4ecb-2-1536x692.jpg 1536w, https:\/\/foredgetech.com\/wp-content\/uploads\/2024\/09\/1-\u4ea7\u54c1\u7b80\u4ecb-2-18x8.jpg 18w\" sizes=\"(max-width: 1920px) 100vw, 1920px\" \/>\t\t\t\t\t\t\t\t\t\t\t\t\t\t\t<\/div>\n\t\t\t\t<\/div>\n\t\t\t\t<div class=\"elementor-element elementor-element-32289a0 elementor-widget elementor-widget-image\" data-id=\"32289a0\" data-element_type=\"widget\" data-widget_type=\"image.default\">\n\t\t\t\t<div class=\"elementor-widget-container\">\n\t\t\t\t\t\t\t\t\t\t\t\t\t\t\t<img decoding=\"async\" width=\"1920\" height=\"2644\" data-src=\"https:\/\/foredgetech.com\/wp-content\/uploads\/2024\/09\/2\u5e94\u7528\u573a\u666f.jpg\" class=\"attachment-full size-full wp-image-32502 lazyload\" alt=\"\" data-srcset=\"https:\/\/foredgetech.com\/wp-content\/uploads\/2024\/09\/2\u5e94\u7528\u573a\u666f.jpg 1920w, https:\/\/foredgetech.com\/wp-content\/uploads\/2024\/09\/2\u5e94\u7528\u573a\u666f-145x200.jpg 145w, https:\/\/foredgetech.com\/wp-content\/uploads\/2024\/09\/2\u5e94\u7528\u573a\u666f-600x826.jpg 600w, https:\/\/foredgetech.com\/wp-content\/uploads\/2024\/09\/2\u5e94\u7528\u573a\u666f-218x300.jpg 218w, https:\/\/foredgetech.com\/wp-content\/uploads\/2024\/09\/2\u5e94\u7528\u573a\u666f-1017x1400.jpg 1017w, https:\/\/foredgetech.com\/wp-content\/uploads\/2024\/09\/2\u5e94\u7528\u573a\u666f-109x150.jpg 109w, https:\/\/foredgetech.com\/wp-content\/uploads\/2024\/09\/2\u5e94\u7528\u573a\u666f-768x1058.jpg 768w, https:\/\/foredgetech.com\/wp-content\/uploads\/2024\/09\/2\u5e94\u7528\u573a\u666f-1115x1536.jpg 1115w, https:\/\/foredgetech.com\/wp-content\/uploads\/2024\/09\/2\u5e94\u7528\u573a\u666f-1487x2048.jpg 1487w, https:\/\/foredgetech.com\/wp-content\/uploads\/2024\/09\/2\u5e94\u7528\u573a\u666f-9x12.jpg 9w\" data-sizes=\"(max-width: 1920px) 100vw, 1920px\" src=\"data:image\/svg+xml;base64,PHN2ZyB3aWR0aD0iMSIgaGVpZ2h0PSIxIiB4bWxucz0iaHR0cDovL3d3dy53My5vcmcvMjAwMC9zdmciPjwvc3ZnPg==\" style=\"--smush-placeholder-width: 1920px; --smush-placeholder-aspect-ratio: 1920\/2644;\" \/>\t\t\t\t\t\t\t\t\t\t\t\t\t\t\t<\/div>\n\t\t\t\t<\/div>\n\t\t\t\t<div class=\"elementor-element elementor-element-18ad653 elementor-widget elementor-widget-image\" data-id=\"18ad653\" data-element_type=\"widget\" data-widget_type=\"image.default\">\n\t\t\t\t<div class=\"elementor-widget-container\">\n\t\t\t\t\t\t\t\t\t\t\t\t\t\t\t<img decoding=\"async\" width=\"1920\" height=\"837\" data-src=\"https:\/\/foredgetech.com\/wp-content\/uploads\/2024\/09\/3-8\u5343\u5146\u53e3-\u76f4\u8fde8\u4e2aAP.jpg\" class=\"attachment-full size-full wp-image-32503 lazyload\" alt=\"\" data-srcset=\"https:\/\/foredgetech.com\/wp-content\/uploads\/2024\/09\/3-8\u5343\u5146\u53e3-\u76f4\u8fde8\u4e2aAP.jpg 1920w, https:\/\/foredgetech.com\/wp-content\/uploads\/2024\/09\/3-8\u5343\u5146\u53e3-\u76f4\u8fde8\u4e2aAP-150x65.jpg 150w, https:\/\/foredgetech.com\/wp-content\/uploads\/2024\/09\/3-8\u5343\u5146\u53e3-\u76f4\u8fde8\u4e2aAP-600x262.jpg 600w, https:\/\/foredgetech.com\/wp-content\/uploads\/2024\/09\/3-8\u5343\u5146\u53e3-\u76f4\u8fde8\u4e2aAP-300x131.jpg 300w, https:\/\/foredgetech.com\/wp-content\/uploads\/2024\/09\/3-8\u5343\u5146\u53e3-\u76f4\u8fde8\u4e2aAP-768x335.jpg 768w, https:\/\/foredgetech.com\/wp-content\/uploads\/2024\/09\/3-8\u5343\u5146\u53e3-\u76f4\u8fde8\u4e2aAP-1536x670.jpg 1536w, https:\/\/foredgetech.com\/wp-content\/uploads\/2024\/09\/3-8\u5343\u5146\u53e3-\u76f4\u8fde8\u4e2aAP-18x8.jpg 18w\" data-sizes=\"(max-width: 1920px) 100vw, 1920px\" src=\"data:image\/svg+xml;base64,PHN2ZyB3aWR0aD0iMSIgaGVpZ2h0PSIxIiB4bWxucz0iaHR0cDovL3d3dy53My5vcmcvMjAwMC9zdmciPjwvc3ZnPg==\" style=\"--smush-placeholder-width: 1920px; --smush-placeholder-aspect-ratio: 1920\/837;\" \/>\t\t\t\t\t\t\t\t\t\t\t\t\t\t\t<\/div>\n\t\t\t\t<\/div>\n\t\t\t\t<div class=\"elementor-element elementor-element-a36b9f8 elementor-widget elementor-widget-image\" data-id=\"a36b9f8\" data-element_type=\"widget\" data-widget_type=\"image.default\">\n\t\t\t\t<div class=\"elementor-widget-container\">\n\t\t\t\t\t\t\t\t\t\t\t\t\t\t\t<img decoding=\"async\" width=\"1920\" height=\"2509\" data-src=\"https:\/\/foredgetech.com\/wp-content\/uploads\/2024\/09\/4-\u591aAP\u96c6\u4e2d\u7ba1\u7406.jpg\" class=\"attachment-full size-full wp-image-32504 lazyload\" alt=\"\" data-srcset=\"https:\/\/foredgetech.com\/wp-content\/uploads\/2024\/09\/4-\u591aAP\u96c6\u4e2d\u7ba1\u7406.jpg 1920w, https:\/\/foredgetech.com\/wp-content\/uploads\/2024\/09\/4-\u591aAP\u96c6\u4e2d\u7ba1\u7406-150x196.jpg 150w, https:\/\/foredgetech.com\/wp-content\/uploads\/2024\/09\/4-\u591aAP\u96c6\u4e2d\u7ba1\u7406-600x784.jpg 600w, https:\/\/foredgetech.com\/wp-content\/uploads\/2024\/09\/4-\u591aAP\u96c6\u4e2d\u7ba1\u7406-230x300.jpg 230w, https:\/\/foredgetech.com\/wp-content\/uploads\/2024\/09\/4-\u591aAP\u96c6\u4e2d\u7ba1\u7406-1071x1400.jpg 1071w, https:\/\/foredgetech.com\/wp-content\/uploads\/2024\/09\/4-\u591aAP\u96c6\u4e2d\u7ba1\u7406-115x150.jpg 115w, https:\/\/foredgetech.com\/wp-content\/uploads\/2024\/09\/4-\u591aAP\u96c6\u4e2d\u7ba1\u7406-768x1004.jpg 768w, https:\/\/foredgetech.com\/wp-content\/uploads\/2024\/09\/4-\u591aAP\u96c6\u4e2d\u7ba1\u7406-1175x1536.jpg 1175w, https:\/\/foredgetech.com\/wp-content\/uploads\/2024\/09\/4-\u591aAP\u96c6\u4e2d\u7ba1\u7406-1567x2048.jpg 1567w, https:\/\/foredgetech.com\/wp-content\/uploads\/2024\/09\/4-\u591aAP\u96c6\u4e2d\u7ba1\u7406-9x12.jpg 9w\" data-sizes=\"(max-width: 1920px) 100vw, 1920px\" src=\"data:image\/svg+xml;base64,PHN2ZyB3aWR0aD0iMSIgaGVpZ2h0PSIxIiB4bWxucz0iaHR0cDovL3d3dy53My5vcmcvMjAwMC9zdmciPjwvc3ZnPg==\" style=\"--smush-placeholder-width: 1920px; --smush-placeholder-aspect-ratio: 1920\/2509;\" \/>\t\t\t\t\t\t\t\t\t\t\t\t\t\t\t<\/div>\n\t\t\t\t<\/div>\n\t\t\t\t<div class=\"elementor-element elementor-element-a8e3806 elementor-widget elementor-widget-image\" data-id=\"a8e3806\" data-element_type=\"widget\" data-widget_type=\"image.default\">\n\t\t\t\t<div class=\"elementor-widget-container\">\n\t\t\t\t\t\t\t\t\t\t\t\t\t\t\t<img decoding=\"async\" width=\"1920\" height=\"700\" data-src=\"https:\/\/foredgetech.com\/wp-content\/uploads\/2024\/09\/6-Apollo\u4e91\u5e73\u53f0.jpg\" class=\"attachment-full size-full wp-image-32506 lazyload\" alt=\"\" data-srcset=\"https:\/\/foredgetech.com\/wp-content\/uploads\/2024\/09\/6-Apollo\u4e91\u5e73\u53f0.jpg 1920w, https:\/\/foredgetech.com\/wp-content\/uploads\/2024\/09\/6-Apollo\u4e91\u5e73\u53f0-150x55.jpg 150w, https:\/\/foredgetech.com\/wp-content\/uploads\/2024\/09\/6-Apollo\u4e91\u5e73\u53f0-600x219.jpg 600w, https:\/\/foredgetech.com\/wp-content\/uploads\/2024\/09\/6-Apollo\u4e91\u5e73\u53f0-300x109.jpg 300w, https:\/\/foredgetech.com\/wp-content\/uploads\/2024\/09\/6-Apollo\u4e91\u5e73\u53f0-768x280.jpg 768w, https:\/\/foredgetech.com\/wp-content\/uploads\/2024\/09\/6-Apollo\u4e91\u5e73\u53f0-1536x560.jpg 1536w, https:\/\/foredgetech.com\/wp-content\/uploads\/2024\/09\/6-Apollo\u4e91\u5e73\u53f0-18x7.jpg 18w\" data-sizes=\"(max-width: 1920px) 100vw, 1920px\" src=\"data:image\/svg+xml;base64,PHN2ZyB3aWR0aD0iMSIgaGVpZ2h0PSIxIiB4bWxucz0iaHR0cDovL3d3dy53My5vcmcvMjAwMC9zdmciPjwvc3ZnPg==\" style=\"--smush-placeholder-width: 1920px; --smush-placeholder-aspect-ratio: 1920\/700;\" \/>\t\t\t\t\t\t\t\t\t\t\t\t\t\t\t<\/div>\n\t\t\t\t<\/div>\n\t\t\t\t<div class=\"elementor-element elementor-element-c86f2b1 elementor-widget elementor-widget-image\" data-id=\"c86f2b1\" data-element_type=\"widget\" data-widget_type=\"image.default\">\n\t\t\t\t<div class=\"elementor-widget-container\">\n\t\t\t\t\t\t\t\t\t\t\t\t\t\t\t<img decoding=\"async\" width=\"1920\" height=\"756\" data-src=\"https:\/\/foredgetech.com\/wp-content\/uploads\/2024\/09\/7-\u8f7b\u76c8\u5c0f\u5de7.jpg\" class=\"attachment-full size-full wp-image-32507 lazyload\" alt=\"\" data-srcset=\"https:\/\/foredgetech.com\/wp-content\/uploads\/2024\/09\/7-\u8f7b\u76c8\u5c0f\u5de7.jpg 1920w, https:\/\/foredgetech.com\/wp-content\/uploads\/2024\/09\/7-\u8f7b\u76c8\u5c0f\u5de7-150x59.jpg 150w, https:\/\/foredgetech.com\/wp-content\/uploads\/2024\/09\/7-\u8f7b\u76c8\u5c0f\u5de7-600x236.jpg 600w, https:\/\/foredgetech.com\/wp-content\/uploads\/2024\/09\/7-\u8f7b\u76c8\u5c0f\u5de7-300x118.jpg 300w, https:\/\/foredgetech.com\/wp-content\/uploads\/2024\/09\/7-\u8f7b\u76c8\u5c0f\u5de7-768x302.jpg 768w, https:\/\/foredgetech.com\/wp-content\/uploads\/2024\/09\/7-\u8f7b\u76c8\u5c0f\u5de7-1536x605.jpg 1536w, https:\/\/foredgetech.com\/wp-content\/uploads\/2024\/09\/7-\u8f7b\u76c8\u5c0f\u5de7-18x7.jpg 18w\" data-sizes=\"(max-width: 1920px) 100vw, 1920px\" src=\"data:image\/svg+xml;base64,PHN2ZyB3aWR0aD0iMSIgaGVpZ2h0PSIxIiB4bWxucz0iaHR0cDovL3d3dy53My5vcmcvMjAwMC9zdmciPjwvc3ZnPg==\" style=\"--smush-placeholder-width: 1920px; --smush-placeholder-aspect-ratio: 1920\/756;\" \/>\t\t\t\t\t\t\t\t\t\t\t\t\t\t\t<\/div>\n\t\t\t\t<\/div>\n\t\t\t\t<div class=\"elementor-element elementor-element-7b00d67 elementor-widget elementor-widget-image\" data-id=\"7b00d67\" data-element_type=\"widget\" data-widget_type=\"image.default\">\n\t\t\t\t<div class=\"elementor-widget-container\">\n\t\t\t\t\t\t\t\t\t\t\t\t\t\t\t<img decoding=\"async\" width=\"1920\" height=\"756\" data-src=\"https:\/\/foredgetech.com\/wp-content\/uploads\/2024\/09\/8-\u5de5\u4f5c\u6e7f\u5ea6.jpg\" class=\"attachment-full size-full wp-image-32508 lazyload\" alt=\"\" data-srcset=\"https:\/\/foredgetech.com\/wp-content\/uploads\/2024\/09\/8-\u5de5\u4f5c\u6e7f\u5ea6.jpg 1920w, https:\/\/foredgetech.com\/wp-content\/uploads\/2024\/09\/8-\u5de5\u4f5c\u6e7f\u5ea6-150x59.jpg 150w, https:\/\/foredgetech.com\/wp-content\/uploads\/2024\/09\/8-\u5de5\u4f5c\u6e7f\u5ea6-600x236.jpg 600w, https:\/\/foredgetech.com\/wp-content\/uploads\/2024\/09\/8-\u5de5\u4f5c\u6e7f\u5ea6-300x118.jpg 300w, https:\/\/foredgetech.com\/wp-content\/uploads\/2024\/09\/8-\u5de5\u4f5c\u6e7f\u5ea6-768x302.jpg 768w, https:\/\/foredgetech.com\/wp-content\/uploads\/2024\/09\/8-\u5de5\u4f5c\u6e7f\u5ea6-1536x605.jpg 1536w, https:\/\/foredgetech.com\/wp-content\/uploads\/2024\/09\/8-\u5de5\u4f5c\u6e7f\u5ea6-18x7.jpg 18w\" data-sizes=\"(max-width: 1920px) 100vw, 1920px\" src=\"data:image\/svg+xml;base64,PHN2ZyB3aWR0aD0iMSIgaGVpZ2h0PSIxIiB4bWxucz0iaHR0cDovL3d3dy53My5vcmcvMjAwMC9zdmciPjwvc3ZnPg==\" style=\"--smush-placeholder-width: 1920px; --smush-placeholder-aspect-ratio: 1920\/756;\" \/>\t\t\t\t\t\t\t\t\t\t\t\t\t\t\t<\/div>\n\t\t\t\t<\/div>\n\t\t\t\t\t<\/div>\n\t\t\t\t<\/div>\n\t\t<div class=\"elementor-element elementor-element-5db430a e-flex e-con-boxed e-con e-parent\" data-id=\"5db430a\" data-element_type=\"container\">\n\t\t\t\t\t<div class=\"e-con-inner\">\n\t\t\t\t<div class=\"elementor-element elementor-element-cbf0a5c elementor-widget elementor-widget-heading\" data-id=\"cbf0a5c\" data-element_type=\"widget\" data-widget_type=\"heading.default\">\n\t\t\t\t<div class=\"elementor-widget-container\">\n\t\t\t\t\t<h2 class=\"elementor-heading-title elementor-size-default\">Teknik \u00d6zellikler<\/h2>\t\t\t\t<\/div>\n\t\t\t\t<\/div>\n\t\t\t\t<div class=\"elementor-element elementor-element-9772765 elementor-widget elementor-widget-text-editor\" data-id=\"9772765\" data-element_type=\"widget\" data-widget_type=\"text-editor.default\">\n\t\t\t\t<div class=\"elementor-widget-container\">\n\t\t\t\t\t\t\t\t\t<table width=\"663\"><tbody><tr><td width=\"118\"><p>\u00d6\u011fe<\/p><\/td><td width=\"545\"><p>Parametre a\u00e7\u0131klamas\u0131<\/p><\/td><\/tr><tr><td width=\"118\"><p>Model<\/p><\/td><td width=\"545\"><p>FAC109-PoE-MR<\/p><\/td><\/tr><tr><td width=\"118\"><p>Bant Geni\u015fli\u011fi<\/p><\/td><td width=\"545\"><p>Maksimum bant geni\u015fli\u011fi: 2Gbps; \u00d6nerilen bant geni\u015fli\u011fi: 1Gbps<\/p><\/td><\/tr><tr><td width=\"118\"><p>Liman<\/p><\/td><td width=\"545\"><p>- 1 * 10\/100\/1000M RJ45 WAN Ba\u011flant\u0131 Noktas\u0131<br \/>- 1 * 10\/100\/1000M RJ45 LAN Ba\u011flant\u0131 Noktas\u0131\/WAN Ba\u011flant\u0131 Noktas\u0131 (PoE Deste\u011fi)<br \/>- 7 * 10\/100\/1000M RJ45 LAN Ba\u011flant\u0131 Noktalar\u0131\uff08PoE Deste\u011fi\uff09<\/p><\/td><\/tr><tr><td width=\"118\"><p>LED<\/p><\/td><td width=\"545\"><p>- RJ45 Ba\u011flant\u0131 Noktas\u0131\uff1aLink\/Act<br \/>- \u00d6n panel\uff1aSYS\u3001G\u00fc\u00e7<\/p><\/td><\/tr><tr><td width=\"118\"><p>Giri\u015f g\u00fc\u00e7 kayna\u011f\u0131<\/p><\/td><td width=\"545\"><p>- DC52V\/2.5A<\/p><\/td><\/tr><tr><td width=\"118\"><p>PoE<\/p><\/td><td width=\"545\"><p>- IEEE 802.3af ve IEEE 802.3at standartlar\u0131 ile uyumlu<\/p><p>- Tek port maksimum \u00e7\u0131k\u0131\u015f 30W<\/p><p>- Maksimum \u00e7\u0131k\u0131\u015f 120W<\/p><\/td><\/tr><tr><td width=\"118\"><p>A\u011f protokol\u00fc<\/p><\/td><td width=\"545\"><p>TCP\/IP\u3001DHCP\u3001ICMP\u3001NAT\u3001PPoE\u3001SNTP\u3001HTTP\u3001MQTT\u3001DNS\u3001DDNS<\/p><\/td><\/tr><tr><td width=\"118\"><p>Ko\u015fu durumu<\/p><\/td><td width=\"545\"><p>- Temel cihaz bilgileri<\/p><p>- Aray\u00fcz bilgileri (ba\u011flant\u0131 durumu ve ak\u0131\u015f h\u0131z\u0131 dahil)<\/p><p>- Bulut platformu durumuna eri\u015fin<\/p><p>- Donan\u0131m kaynak kullan\u0131m\u0131 (CPU, bellek, PoE)<\/p><p>- Ger\u00e7ek zamanl\u0131 trafik bilgileri<\/p><p>- A\u011f topolojisi<\/p><p>- WAN durumu<\/p><p>- LAN durumu<\/p><\/td><\/tr><tr><td width=\"118\"><p>A\u011f yap\u0131land\u0131rmas\u0131<\/p><\/td><td width=\"545\"><p>- WAN Ayarlar\u0131 (DHCP, Statik IP, PPPOE), \u00e7ift WAN ba\u011flant\u0131 noktas\u0131 yedekleme yedeklili\u011fi, bant geni\u015fli\u011fi katman\u0131, trafik y\u00fck\u00fc dengeleme deste\u011fi<\/p><p>- LAN Ayarlar\u0131<\/p><p>- IPV6 Ayarlar\u0131<\/p><p>- DHCP<\/p><p>- A\u011f tan\u0131lama<\/p><\/td><\/tr><tr><td width=\"118\"><p>AP merkezi y\u00f6netim<\/p><\/td><td width=\"545\"><p>- Merkezi AP y\u00f6netimi: \u015eablonlar\u0131, AP eri\u015fim listelerini, y\u00fck dengelemeyi, ak\u0131ll\u0131 dola\u015f\u0131m\u0131, RF ayar\u0131n\u0131, kablosuz a\u011f modunu ve y\u00fckseltme y\u00f6netimini yap\u0131land\u0131r\u0131n<\/p><p>\u2022 AP Settings, unified management of 50 Foredge AP products;<\/p><p>- Tak ve \u00e7al\u0131\u015ft\u0131r;<\/p><\/td><\/tr><tr><td width=\"118\"><p>Terminal y\u00f6netimi<\/p><\/td><td width=\"545\"><p>Aps'ye eri\u015fen terminal cihazlar\u0131n\u0131 maskeleme ve h\u0131z s\u0131n\u0131rlama<\/p><\/td><\/tr><tr><td width=\"118\"><p>Tipik bant y\u00fck\u00fc<\/p><\/td><td width=\"545\"><p>100 adet<\/p><\/td><\/tr><tr><td width=\"118\"><p>G\u00fcvenlik y\u00f6netimi<\/p><\/td><td width=\"545\"><p>- \u0130nternet filtreleme deste\u011fi (IP filtreleme, MAC filtreleme, port filtreleme, alan ad\u0131 filtreleme)<\/p><p>- Uygulama grubu filtreleme deste\u011fi (al\u0131\u015fveri\u015f, video, oyunlar)<\/p><p>- \u00c7ift WAN portu i\u00e7in yedek yedeklili\u011fi destekler<\/p><p><span style=\"font-family: var(--minimog-typography-body-font-family); font-size: var(--minimog-typography-body-font-size); font-weight: var(--minimog-typography-body-font-weight);\">. Access Control Lists (ACLs)<\/span><\/p><\/td><\/tr><tr><td width=\"118\"><p>Secure Methods<\/p><\/td><td width=\"545\"><p>\u2022 Supports PPTP and L2TP\u00a0<\/p><\/td><\/tr><tr><td width=\"118\"><p>Kimlik do\u011frulama y\u00f6netimi<\/p><\/td><td width=\"545\"><p>- Web kimlik do\u011frulamas\u0131, tek t\u0131kla \u0130nternet eri\u015fimi, Portal sayfas\u0131 \u00fczerinden ticari reklam pazarlamas\u0131 sa\u011flayabilir;<\/p><p>- Ger\u00e7ek isim do\u011frulama gereksinimlerini kar\u015f\u0131layan ve cep telefonu numaras\u0131na dayal\u0131 ikincil pazarlama yapabilen SMS kimlik do\u011frulamas\u0131;<\/p><\/td><\/tr><tr><td width=\"118\"><p>Geli\u015fmi\u015f fonksiyon<\/p><\/td><td width=\"545\"><p>- QoS<br \/>- DDNS<\/p><\/td><\/tr><tr><td width=\"118\"><p>Sistem arac\u0131<\/p><\/td><td width=\"545\"><p>- Sistem zaman\u0131<\/p><p>- Kullan\u0131c\u0131 Y\u00f6netimi<\/p><p>- Sistem g\u00fcnl\u00fckleri<\/p><p>- Yedekleme\/geri y\u00fckleme<\/p><p>- Sistem y\u00fckseltme<\/p><p>- Sistemi yeniden ba\u015flat\u0131n<\/p><\/td><\/tr><tr><td width=\"118\"><p>Is\u0131 yayma modu<\/p><\/td><td width=\"545\"><p>- Do\u011fal \u0131s\u0131 da\u011f\u0131l\u0131m\u0131<\/p><\/td><\/tr><tr><td width=\"118\"><p>\u00c7evreyi kullan\u0131n<\/p><\/td><td width=\"545\"><p>- \u00c7al\u0131\u015fma s\u0131cakl\u0131\u011f\u0131: -20 \u2103 - 50 \u2103,<\/p><p>- \u00c7al\u0131\u015fma nemi: 10% - 90%RH yo\u011fu\u015fmas\u0131z<\/p><p>- Depolama s\u0131cakl\u0131\u011f\u0131: -40 \u2103 -70 \u2103,<\/p><p>- Depolama nemi: 5%-90%RH yo\u011fu\u015fmas\u0131z<\/p><\/td><\/tr><tr><td width=\"118\"><p>Genel boyut<\/p><\/td><td width=\"545\"><p>185(g)x100(D)x28(Y) mm<\/p><\/td><\/tr><\/tbody><\/table>\t\t\t\t\t\t\t\t<\/div>\n\t\t\t\t<\/div>\n\t\t\t\t\t<\/div>\n\t\t\t\t<\/div>\n\t\t\t\t<\/div>","protected":false},"excerpt":{"rendered":"<p>Y\u00f6nlendirme i\u015flevleri, AC y\u00f6netim i\u015flevleri, PoE i\u015flevleri bir arada, merkezi AP y\u00f6netimini destekler.<br \/>\n\u00c7ift WAN ba\u011flant\u0131 noktas\u0131 yedekleme yedeklili\u011fini, bant geni\u015fli\u011fi katman\u0131n\u0131 ve trafik y\u00fck\u00fc dengelemesini destekler<br \/>\n\u00c7e\u015fitli kimlik do\u011frulama y\u00f6ntemlerini destekleme, \u0130nternet eri\u015fim haklar\u0131n\u0131 kontrol etme, reklam pazarlama<br \/>\n\u25cf Efficient ACL to ensure internal and external network security<br \/>\nBulut platformlar\u0131n\u0131n ve uygulamalar\u0131n\u0131n uzaktan y\u00f6netimini destekler<\/p>","protected":false},"featured_media":32498,"template":"","meta":[],"product_brand":[],"product_cat":[623,586],"product_tag":[],"class_list":{"0":"post-32496","1":"product","2":"type-product","3":"status-publish","4":"has-post-thumbnail","6":"product_cat-wireless-ac","7":"product_cat-apac","8":"pa_series-ac","10":"first","11":"instock","12":"shipping-taxable","13":"product-type-simple"},"_links":{"self":[{"href":"https:\/\/foredgetech.com\/tr\/wp-json\/wp\/v2\/product\/32496","targetHints":{"allow":["GET"]}}],"collection":[{"href":"https:\/\/foredgetech.com\/tr\/wp-json\/wp\/v2\/product"}],"about":[{"href":"https:\/\/foredgetech.com\/tr\/wp-json\/wp\/v2\/types\/product"}],"version-history":[{"count":1,"href":"https:\/\/foredgetech.com\/tr\/wp-json\/wp\/v2\/product\/32496\/revisions"}],"predecessor-version":[{"id":33796,"href":"https:\/\/foredgetech.com\/tr\/wp-json\/wp\/v2\/product\/32496\/revisions\/33796"}],"wp:featuredmedia":[{"embeddable":true,"href":"https:\/\/foredgetech.com\/tr\/wp-json\/wp\/v2\/media\/32498"}],"wp:attachment":[{"href":"https:\/\/foredgetech.com\/tr\/wp-json\/wp\/v2\/media?parent=32496"}],"wp:term":[{"taxonomy":"product_brand","embeddable":true,"href":"https:\/\/foredgetech.com\/tr\/wp-json\/wp\/v2\/product_brand?post=32496"},{"taxonomy":"product_cat","embeddable":true,"href":"https:\/\/foredgetech.com\/tr\/wp-json\/wp\/v2\/product_cat?post=32496"},{"taxonomy":"product_tag","embeddable":true,"href":"https:\/\/foredgetech.com\/tr\/wp-json\/wp\/v2\/product_tag?post=32496"}],"curies":[{"name":"wp","href":"https:\/\/api.w.org\/{rel}","templated":true}]}}