{"id":32328,"date":"2024-06-27T10:39:05","date_gmt":"2024-06-27T10:39:05","guid":{"rendered":"https:\/\/foredgetech.com\/?post_type=product&#038;p=32328"},"modified":"2025-10-14T08:45:00","modified_gmt":"2025-10-14T08:45:00","slug":"fmf-ax150-hz","status":"publish","type":"product","link":"https:\/\/foredgetech.com\/tr\/urun\/fmf-ax150-hz\/","title":{"rendered":"FMF-AX150-HZ  4G LTE Mobile Wi-Fi6 Hotspot"},"content":{"rendered":"<div data-elementor-type=\"wp-post\" data-elementor-id=\"32328\" class=\"elementor elementor-32328\">\n\t\t\t\t\t\t<section class=\"elementor-section elementor-top-section elementor-element elementor-element-5058e617 elementor-section-full_width elementor-section-gap-beside-no elementor-section-height-default elementor-section-height-default elementor-section-column-vertical-align-stretch\" data-id=\"5058e617\" data-element_type=\"section\">\n\t\t\t\t\t\t<div class=\"elementor-container elementor-column-gap-extended\">\n\t\t\t\t\t<div class=\"elementor-column elementor-col-33 elementor-top-column elementor-element elementor-element-f61c77a\" data-id=\"f61c77a\" data-element_type=\"column\">\n\t\t\t<div class=\"elementor-widget-wrap elementor-element-populated\">\n\t\t\t\t\t\t<div class=\"elementor-element elementor-element-12229f05 elementor-widget elementor-widget-tm-modern-image\" data-id=\"12229f05\" data-element_type=\"widget\" data-widget_type=\"tm-modern-image.default\">\n\t\t\t\t<div class=\"elementor-widget-container\">\n\t\t\t\t\t\t\t<div class=\"tm-modern-image\">\n\t\t\t\t\t\t\t<div class=\"minimog-box\">\n\t\t\t\t\t<div class=\"minimog-image\">\t\t\t\t\t<m-image class=\"minimog-lazy-image\" style=\"--lazy-image-width: 1000px;--lazy-image-height: 100%;\" data-image-loading><img decoding=\"async\"  data-src=\"https:\/\/foredgetech.com\/wp-content\/uploads\/2024\/06\/1000\u5927\u56fe_.jpg\" width=\"1000\" height=\"1000\" alt=\"1000\u5927\u56fe_\" class=\"attachment-full size-full lazyload\" src=\"data:image\/svg+xml;base64,PHN2ZyB3aWR0aD0iMSIgaGVpZ2h0PSIxIiB4bWxucz0iaHR0cDovL3d3dy53My5vcmcvMjAwMC9zdmciPjwvc3ZnPg==\" style=\"--smush-placeholder-width: 1000px; --smush-placeholder-aspect-ratio: 1000\/1000;\" \/><\/m-image>\t\t\t\t\t<\/div>\t\t\t\t<\/div>\n\t\t\t\t\t\t\t\t\t\t<\/div>\n\t\t\t\t\t\t<\/div>\n\t\t\t\t<\/div>\n\t\t\t\t\t<\/div>\n\t\t<\/div>\n\t\t\t\t<div class=\"elementor-column elementor-col-66 elementor-top-column elementor-element elementor-element-78bc78c2\" data-id=\"78bc78c2\" data-element_type=\"column\">\n\t\t\t<div class=\"elementor-widget-wrap elementor-element-populated\">\n\t\t\t\t\t\t<div class=\"elementor-element elementor-element-2052b071 elementor-widget elementor-widget-tm-heading\" data-id=\"2052b071\" data-element_type=\"widget\" data-widget_type=\"tm-heading.default\">\n\t\t\t\t<div class=\"elementor-widget-container\">\n\t\t\t\t\t\t\t<div class=\"tm-modern-heading tm-modern-heading--style-01 tm-modern-heading--highlight-style-01\">\n\t\t\t\n\t\t\t\t\t<div class=\"heading-primary-wrap\">\n\t\t\t<h4 class=\"heading-primary elementor-heading-title\">Genel Bak\u0131\u015f<\/h4>\t\t<\/div>\n\t\t\n\t\t\t\n\t\t\t\t\t<\/div>\n\t\t\t\t\t\t<\/div>\n\t\t\t\t<\/div>\n\t\t\t\t<div class=\"elementor-element elementor-element-7c6ab884 elementor-widget elementor-widget-text-editor\" data-id=\"7c6ab884\" data-element_type=\"widget\" data-widget_type=\"text-editor.default\">\n\t\t\t\t<div class=\"elementor-widget-container\">\n\t\t\t\t\t\t\t\t\t<p>MiFi (Mobil WIFI) \u00fcr\u00fcn ailesi, modem, y\u00f6nlendirici ve eri\u015fim noktas\u0131 i\u015flevlerini bir araya getiren kredi kart\u0131 boyutunda ta\u015f\u0131nabilir bir geni\u015f bant kablosuz cihazd\u0131r<\/p>\t\t\t\t\t\t\t\t<\/div>\n\t\t\t\t<\/div>\n\t\t\t\t<section class=\"elementor-section elementor-inner-section elementor-element elementor-element-2afe0aab elementor-section-gap-beside-no elementor-section-full_width elementor-section-height-default elementor-section-height-default elementor-section-column-vertical-align-stretch\" data-id=\"2afe0aab\" data-element_type=\"section\">\n\t\t\t\t\t\t<div class=\"elementor-container elementor-column-gap-extended\">\n\t\t\t\t\t<div class=\"elementor-column elementor-col-33 elementor-inner-column elementor-element elementor-element-7751e85f\" data-id=\"7751e85f\" data-element_type=\"column\">\n\t\t\t<div class=\"elementor-widget-wrap elementor-element-populated\">\n\t\t\t\t\t\t<div class=\"elementor-element elementor-element-47145555 elementor-widget elementor-widget-tm-heading\" data-id=\"47145555\" data-element_type=\"widget\" data-widget_type=\"tm-heading.default\">\n\t\t\t\t<div class=\"elementor-widget-container\">\n\t\t\t\t\t\t\t<div class=\"tm-modern-heading tm-modern-heading--style-01 tm-modern-heading--highlight-style-01\">\n\t\t\t\n\t\t\t\t\t<div class=\"heading-primary-wrap\">\n\t\t\t<h6 class=\"heading-primary elementor-heading-title\">Aray\u00fcz <\/h6>\t\t<\/div>\n\t\t\n\t\t\t\n\t\t\t\t\t<div class=\"heading-description-wrap\">\n\t\t\t<div class=\"heading-description\">\n\t\t\t\t<p>1\u00d7\u00a0Type-C\u00a0Port<\/p><p>1\u00d7Nano-SIM\u00a0Port<\/p>\t\t\t<\/div>\n\t\t<\/div>\n\t\t\t\t<\/div>\n\t\t\t\t\t\t<\/div>\n\t\t\t\t<\/div>\n\t\t\t\t\t<\/div>\n\t\t<\/div>\n\t\t\t\t<div class=\"elementor-column elementor-col-33 elementor-inner-column elementor-element elementor-element-c6e3a56\" data-id=\"c6e3a56\" data-element_type=\"column\">\n\t\t\t<div class=\"elementor-widget-wrap elementor-element-populated\">\n\t\t\t\t\t\t<div class=\"elementor-element elementor-element-44fb51c6 elementor-widget elementor-widget-tm-heading\" data-id=\"44fb51c6\" data-element_type=\"widget\" data-widget_type=\"tm-heading.default\">\n\t\t\t\t<div class=\"elementor-widget-container\">\n\t\t\t\t\t\t\t<div class=\"tm-modern-heading tm-modern-heading--style-01 tm-modern-heading--highlight-style-01\">\n\t\t\t\n\t\t\t\t\t<div class=\"heading-primary-wrap\">\n\t\t\t<h6 class=\"heading-primary elementor-heading-title\">WiFi<\/h6>\t\t<\/div>\n\t\t\n\t\t\t\n\t\t\t\t\t<div class=\"heading-description-wrap\">\n\t\t\t<div class=\"heading-description\">\n\t\t\t\t<p>287Mbps<\/p>\t\t\t<\/div>\n\t\t<\/div>\n\t\t\t\t<\/div>\n\t\t\t\t\t\t<\/div>\n\t\t\t\t<\/div>\n\t\t\t\t<div class=\"elementor-element elementor-element-7cf8fe9 elementor-widget elementor-widget-tm-heading\" data-id=\"7cf8fe9\" data-element_type=\"widget\" data-widget_type=\"tm-heading.default\">\n\t\t\t\t<div class=\"elementor-widget-container\">\n\t\t\t\t\t\t\t<div class=\"tm-modern-heading tm-modern-heading--style-01 tm-modern-heading--highlight-style-01\">\n\t\t\t\n\t\t\t\t\t<div class=\"heading-primary-wrap\">\n\t\t\t<h6 class=\"heading-primary elementor-heading-title\">Eri\u015fim numaras\u0131<\/h6>\t\t<\/div>\n\t\t\n\t\t\t\n\t\t\t\t\t<div class=\"heading-description-wrap\">\n\t\t\t<div class=\"heading-description\">\n\t\t\t\t<p>16<\/p>\t\t\t<\/div>\n\t\t<\/div>\n\t\t\t\t<\/div>\n\t\t\t\t\t\t<\/div>\n\t\t\t\t<\/div>\n\t\t\t\t\t<\/div>\n\t\t<\/div>\n\t\t\t\t<div class=\"elementor-column elementor-col-33 elementor-inner-column elementor-element elementor-element-63d177a8\" data-id=\"63d177a8\" data-element_type=\"column\">\n\t\t\t<div class=\"elementor-widget-wrap elementor-element-populated\">\n\t\t\t\t\t\t<div class=\"elementor-element elementor-element-d07ae98 elementor-widget elementor-widget-tm-heading\" data-id=\"d07ae98\" data-element_type=\"widget\" data-widget_type=\"tm-heading.default\">\n\t\t\t\t<div class=\"elementor-widget-container\">\n\t\t\t\t\t\t\t<div class=\"tm-modern-heading tm-modern-heading--style-01 tm-modern-heading--highlight-style-01\">\n\t\t\t\n\t\t\t\t\t<div class=\"heading-primary-wrap\">\n\t\t\t<h6 class=\"heading-primary elementor-heading-title\">\u00c7al\u0131\u015fma s\u0131cakl\u0131\u011f\u0131<\/h6>\t\t<\/div>\n\t\t\n\t\t\t\n\t\t\t\t\t<div class=\"heading-description-wrap\">\n\t\t\t<div class=\"heading-description\">\n\t\t\t\t<p>0\u2103--45\u2103<\/p>\t\t\t<\/div>\n\t\t<\/div>\n\t\t\t\t<\/div>\n\t\t\t\t\t\t<\/div>\n\t\t\t\t<\/div>\n\t\t\t\t<div class=\"elementor-element elementor-element-2de3256a elementor-widget elementor-widget-tm-heading\" data-id=\"2de3256a\" data-element_type=\"widget\" data-widget_type=\"tm-heading.default\">\n\t\t\t\t<div class=\"elementor-widget-container\">\n\t\t\t\t\t\t\t<div class=\"tm-modern-heading tm-modern-heading--style-01 tm-modern-heading--highlight-style-01\">\n\t\t\t\n\t\t\t\t\t<div class=\"heading-primary-wrap\">\n\t\t\t<h6 class=\"heading-primary elementor-heading-title\">Boyutlar (G \u00d7 D \u00d7 Y)<\/h6>\t\t<\/div>\n\t\t\n\t\t\t\n\t\t\t\t\t<div class=\"heading-description-wrap\">\n\t\t\t<div class=\"heading-description\">\n\t\t\t\t<p>108mm\u00d768mm\u00d722mm<\/p>\t\t\t<\/div>\n\t\t<\/div>\n\t\t\t\t<\/div>\n\t\t\t\t\t\t<\/div>\n\t\t\t\t<\/div>\n\t\t\t\t\t<\/div>\n\t\t<\/div>\n\t\t\t\t\t<\/div>\n\t\t<\/section>\n\t\t\t\t\t<\/div>\n\t\t<\/div>\n\t\t\t\t\t<\/div>\n\t\t<\/section>\n\t\t<div class=\"elementor-element elementor-element-1b74d531 e-flex e-con-boxed e-con e-parent\" data-id=\"1b74d531\" data-element_type=\"container\">\n\t\t\t\t\t<div class=\"e-con-inner\">\n\t\t\t\t<div class=\"elementor-element elementor-element-aaf7427 elementor-widget elementor-widget-image\" data-id=\"aaf7427\" data-element_type=\"widget\" data-widget_type=\"image.default\">\n\t\t\t\t<div class=\"elementor-widget-container\">\n\t\t\t\t\t\t\t\t\t\t\t\t\t\t\t<img fetchpriority=\"high\" decoding=\"async\" width=\"1920\" height=\"737\" src=\"https:\/\/foredgetech.com\/wp-content\/uploads\/2024\/06\/A1-\u4ea7\u54c1\u7b80\u4ecb.jpg\" class=\"attachment-full size-full wp-image-33585\" alt=\"\" srcset=\"https:\/\/foredgetech.com\/wp-content\/uploads\/2024\/06\/A1-\u4ea7\u54c1\u7b80\u4ecb.jpg 1920w, https:\/\/foredgetech.com\/wp-content\/uploads\/2024\/06\/A1-\u4ea7\u54c1\u7b80\u4ecb-150x58.jpg 150w, https:\/\/foredgetech.com\/wp-content\/uploads\/2024\/06\/A1-\u4ea7\u54c1\u7b80\u4ecb-600x230.jpg 600w, https:\/\/foredgetech.com\/wp-content\/uploads\/2024\/06\/A1-\u4ea7\u54c1\u7b80\u4ecb-300x115.jpg 300w, https:\/\/foredgetech.com\/wp-content\/uploads\/2024\/06\/A1-\u4ea7\u54c1\u7b80\u4ecb-768x295.jpg 768w, https:\/\/foredgetech.com\/wp-content\/uploads\/2024\/06\/A1-\u4ea7\u54c1\u7b80\u4ecb-1536x590.jpg 1536w\" sizes=\"(max-width: 1920px) 100vw, 1920px\" \/>\t\t\t\t\t\t\t\t\t\t\t\t\t\t\t<\/div>\n\t\t\t\t<\/div>\n\t\t\t\t<div class=\"elementor-element elementor-element-7757efc elementor-widget elementor-widget-image\" data-id=\"7757efc\" data-element_type=\"widget\" data-widget_type=\"image.default\">\n\t\t\t\t<div class=\"elementor-widget-container\">\n\t\t\t\t\t\t\t\t\t\t\t\t\t\t\t<img decoding=\"async\" width=\"1920\" height=\"887\" data-src=\"https:\/\/foredgetech.com\/wp-content\/uploads\/2024\/06\/A2-\u901f\u7387.jpg\" class=\"attachment-full size-full wp-image-33586 lazyload\" alt=\"\" data-srcset=\"https:\/\/foredgetech.com\/wp-content\/uploads\/2024\/06\/A2-\u901f\u7387.jpg 1920w, https:\/\/foredgetech.com\/wp-content\/uploads\/2024\/06\/A2-\u901f\u7387-150x69.jpg 150w, https:\/\/foredgetech.com\/wp-content\/uploads\/2024\/06\/A2-\u901f\u7387-600x277.jpg 600w, https:\/\/foredgetech.com\/wp-content\/uploads\/2024\/06\/A2-\u901f\u7387-300x139.jpg 300w, https:\/\/foredgetech.com\/wp-content\/uploads\/2024\/06\/A2-\u901f\u7387-768x355.jpg 768w, https:\/\/foredgetech.com\/wp-content\/uploads\/2024\/06\/A2-\u901f\u7387-1536x710.jpg 1536w\" data-sizes=\"(max-width: 1920px) 100vw, 1920px\" src=\"data:image\/svg+xml;base64,PHN2ZyB3aWR0aD0iMSIgaGVpZ2h0PSIxIiB4bWxucz0iaHR0cDovL3d3dy53My5vcmcvMjAwMC9zdmciPjwvc3ZnPg==\" style=\"--smush-placeholder-width: 1920px; --smush-placeholder-aspect-ratio: 1920\/887;\" \/>\t\t\t\t\t\t\t\t\t\t\t\t\t\t\t<\/div>\n\t\t\t\t<\/div>\n\t\t\t\t<div class=\"elementor-element elementor-element-1470d32 elementor-widget elementor-widget-image\" data-id=\"1470d32\" data-element_type=\"widget\" data-widget_type=\"image.default\">\n\t\t\t\t<div class=\"elementor-widget-container\">\n\t\t\t\t\t\t\t\t\t\t\t\t\t\t\t<img decoding=\"async\" width=\"1920\" height=\"756\" data-src=\"https:\/\/foredgetech.com\/wp-content\/uploads\/2024\/06\/B1-WiFi6.jpg\" class=\"attachment-full size-full wp-image-33587 lazyload\" alt=\"\" data-srcset=\"https:\/\/foredgetech.com\/wp-content\/uploads\/2024\/06\/B1-WiFi6.jpg 1920w, https:\/\/foredgetech.com\/wp-content\/uploads\/2024\/06\/B1-WiFi6-150x59.jpg 150w, https:\/\/foredgetech.com\/wp-content\/uploads\/2024\/06\/B1-WiFi6-600x236.jpg 600w, https:\/\/foredgetech.com\/wp-content\/uploads\/2024\/06\/B1-WiFi6-300x118.jpg 300w, https:\/\/foredgetech.com\/wp-content\/uploads\/2024\/06\/B1-WiFi6-768x302.jpg 768w, https:\/\/foredgetech.com\/wp-content\/uploads\/2024\/06\/B1-WiFi6-1536x605.jpg 1536w\" data-sizes=\"(max-width: 1920px) 100vw, 1920px\" src=\"data:image\/svg+xml;base64,PHN2ZyB3aWR0aD0iMSIgaGVpZ2h0PSIxIiB4bWxucz0iaHR0cDovL3d3dy53My5vcmcvMjAwMC9zdmciPjwvc3ZnPg==\" style=\"--smush-placeholder-width: 1920px; --smush-placeholder-aspect-ratio: 1920\/756;\" \/>\t\t\t\t\t\t\t\t\t\t\t\t\t\t\t<\/div>\n\t\t\t\t<\/div>\n\t\t\t\t<div class=\"elementor-element elementor-element-7b0d6a1 elementor-widget elementor-widget-image\" data-id=\"7b0d6a1\" data-element_type=\"widget\" data-widget_type=\"image.default\">\n\t\t\t\t<div class=\"elementor-widget-container\">\n\t\t\t\t\t\t\t\t\t\t\t\t\t\t\t<img decoding=\"async\" width=\"1920\" height=\"756\" data-src=\"https:\/\/foredgetech.com\/wp-content\/uploads\/2024\/06\/B3-\u7535\u6c60\u5bff\u547d.jpg\" class=\"attachment-full size-full wp-image-33588 lazyload\" alt=\"\" data-srcset=\"https:\/\/foredgetech.com\/wp-content\/uploads\/2024\/06\/B3-\u7535\u6c60\u5bff\u547d.jpg 1920w, https:\/\/foredgetech.com\/wp-content\/uploads\/2024\/06\/B3-\u7535\u6c60\u5bff\u547d-150x59.jpg 150w, https:\/\/foredgetech.com\/wp-content\/uploads\/2024\/06\/B3-\u7535\u6c60\u5bff\u547d-600x236.jpg 600w, https:\/\/foredgetech.com\/wp-content\/uploads\/2024\/06\/B3-\u7535\u6c60\u5bff\u547d-300x118.jpg 300w, https:\/\/foredgetech.com\/wp-content\/uploads\/2024\/06\/B3-\u7535\u6c60\u5bff\u547d-768x302.jpg 768w, https:\/\/foredgetech.com\/wp-content\/uploads\/2024\/06\/B3-\u7535\u6c60\u5bff\u547d-1536x605.jpg 1536w\" data-sizes=\"(max-width: 1920px) 100vw, 1920px\" src=\"data:image\/svg+xml;base64,PHN2ZyB3aWR0aD0iMSIgaGVpZ2h0PSIxIiB4bWxucz0iaHR0cDovL3d3dy53My5vcmcvMjAwMC9zdmciPjwvc3ZnPg==\" style=\"--smush-placeholder-width: 1920px; --smush-placeholder-aspect-ratio: 1920\/756;\" \/>\t\t\t\t\t\t\t\t\t\t\t\t\t\t\t<\/div>\n\t\t\t\t<\/div>\n\t\t\t\t<div class=\"elementor-element elementor-element-2106153 elementor-widget elementor-widget-image\" data-id=\"2106153\" data-element_type=\"widget\" data-widget_type=\"image.default\">\n\t\t\t\t<div class=\"elementor-widget-container\">\n\t\t\t\t\t\t\t\t\t\t\t\t\t\t\t<img decoding=\"async\" width=\"1920\" height=\"1460\" data-src=\"https:\/\/foredgetech.com\/wp-content\/uploads\/2024\/06\/B4-\u5927\u5bb9\u91cf-\u591a\u7528\u6237.jpg\" class=\"attachment-full size-full wp-image-33589 lazyload\" alt=\"\" data-srcset=\"https:\/\/foredgetech.com\/wp-content\/uploads\/2024\/06\/B4-\u5927\u5bb9\u91cf-\u591a\u7528\u6237.jpg 1920w, https:\/\/foredgetech.com\/wp-content\/uploads\/2024\/06\/B4-\u5927\u5bb9\u91cf-\u591a\u7528\u6237-150x114.jpg 150w, https:\/\/foredgetech.com\/wp-content\/uploads\/2024\/06\/B4-\u5927\u5bb9\u91cf-\u591a\u7528\u6237-600x456.jpg 600w, https:\/\/foredgetech.com\/wp-content\/uploads\/2024\/06\/B4-\u5927\u5bb9\u91cf-\u591a\u7528\u6237-300x228.jpg 300w, https:\/\/foredgetech.com\/wp-content\/uploads\/2024\/06\/B4-\u5927\u5bb9\u91cf-\u591a\u7528\u6237-1841x1400.jpg 1841w, https:\/\/foredgetech.com\/wp-content\/uploads\/2024\/06\/B4-\u5927\u5bb9\u91cf-\u591a\u7528\u6237-768x584.jpg 768w, https:\/\/foredgetech.com\/wp-content\/uploads\/2024\/06\/B4-\u5927\u5bb9\u91cf-\u591a\u7528\u6237-1536x1168.jpg 1536w\" data-sizes=\"(max-width: 1920px) 100vw, 1920px\" src=\"data:image\/svg+xml;base64,PHN2ZyB3aWR0aD0iMSIgaGVpZ2h0PSIxIiB4bWxucz0iaHR0cDovL3d3dy53My5vcmcvMjAwMC9zdmciPjwvc3ZnPg==\" style=\"--smush-placeholder-width: 1920px; --smush-placeholder-aspect-ratio: 1920\/1460;\" \/>\t\t\t\t\t\t\t\t\t\t\t\t\t\t\t<\/div>\n\t\t\t\t<\/div>\n\t\t\t\t<div class=\"elementor-element elementor-element-dc7a8be elementor-widget elementor-widget-image\" data-id=\"dc7a8be\" data-element_type=\"widget\" data-widget_type=\"image.default\">\n\t\t\t\t<div class=\"elementor-widget-container\">\n\t\t\t\t\t\t\t\t\t\t\t\t\t\t\t<img decoding=\"async\" width=\"1920\" height=\"1299\" data-src=\"https:\/\/foredgetech.com\/wp-content\/uploads\/2024\/06\/B5-\u4fe1\u53f7.jpg\" class=\"attachment-full size-full wp-image-33590 lazyload\" alt=\"\" data-srcset=\"https:\/\/foredgetech.com\/wp-content\/uploads\/2024\/06\/B5-\u4fe1\u53f7.jpg 1920w, https:\/\/foredgetech.com\/wp-content\/uploads\/2024\/06\/B5-\u4fe1\u53f7-150x101.jpg 150w, https:\/\/foredgetech.com\/wp-content\/uploads\/2024\/06\/B5-\u4fe1\u53f7-600x406.jpg 600w, https:\/\/foredgetech.com\/wp-content\/uploads\/2024\/06\/B5-\u4fe1\u53f7-300x203.jpg 300w, https:\/\/foredgetech.com\/wp-content\/uploads\/2024\/06\/B5-\u4fe1\u53f7-768x520.jpg 768w, https:\/\/foredgetech.com\/wp-content\/uploads\/2024\/06\/B5-\u4fe1\u53f7-1536x1039.jpg 1536w\" data-sizes=\"(max-width: 1920px) 100vw, 1920px\" src=\"data:image\/svg+xml;base64,PHN2ZyB3aWR0aD0iMSIgaGVpZ2h0PSIxIiB4bWxucz0iaHR0cDovL3d3dy53My5vcmcvMjAwMC9zdmciPjwvc3ZnPg==\" style=\"--smush-placeholder-width: 1920px; --smush-placeholder-aspect-ratio: 1920\/1299;\" \/>\t\t\t\t\t\t\t\t\t\t\t\t\t\t\t<\/div>\n\t\t\t\t<\/div>\n\t\t\t\t<div class=\"elementor-element elementor-element-84e1793 elementor-widget elementor-widget-image\" data-id=\"84e1793\" data-element_type=\"widget\" data-widget_type=\"image.default\">\n\t\t\t\t<div class=\"elementor-widget-container\">\n\t\t\t\t\t\t\t\t\t\t\t\t\t\t\t<img decoding=\"async\" width=\"1920\" height=\"730\" data-src=\"https:\/\/foredgetech.com\/wp-content\/uploads\/2024\/06\/B6-\u5927\u5c4f\u5e55.jpg\" class=\"attachment-full size-full wp-image-33591 lazyload\" alt=\"\" data-srcset=\"https:\/\/foredgetech.com\/wp-content\/uploads\/2024\/06\/B6-\u5927\u5c4f\u5e55.jpg 1920w, https:\/\/foredgetech.com\/wp-content\/uploads\/2024\/06\/B6-\u5927\u5c4f\u5e55-150x57.jpg 150w, https:\/\/foredgetech.com\/wp-content\/uploads\/2024\/06\/B6-\u5927\u5c4f\u5e55-600x228.jpg 600w, https:\/\/foredgetech.com\/wp-content\/uploads\/2024\/06\/B6-\u5927\u5c4f\u5e55-300x114.jpg 300w, https:\/\/foredgetech.com\/wp-content\/uploads\/2024\/06\/B6-\u5927\u5c4f\u5e55-768x292.jpg 768w, https:\/\/foredgetech.com\/wp-content\/uploads\/2024\/06\/B6-\u5927\u5c4f\u5e55-1536x584.jpg 1536w\" data-sizes=\"(max-width: 1920px) 100vw, 1920px\" src=\"data:image\/svg+xml;base64,PHN2ZyB3aWR0aD0iMSIgaGVpZ2h0PSIxIiB4bWxucz0iaHR0cDovL3d3dy53My5vcmcvMjAwMC9zdmciPjwvc3ZnPg==\" style=\"--smush-placeholder-width: 1920px; --smush-placeholder-aspect-ratio: 1920\/730;\" \/>\t\t\t\t\t\t\t\t\t\t\t\t\t\t\t<\/div>\n\t\t\t\t<\/div>\n\t\t\t\t<div class=\"elementor-element elementor-element-bded7e4 elementor-widget elementor-widget-image\" data-id=\"bded7e4\" data-element_type=\"widget\" data-widget_type=\"image.default\">\n\t\t\t\t<div class=\"elementor-widget-container\">\n\t\t\t\t\t\t\t\t\t\t\t\t\t\t\t<img decoding=\"async\" width=\"1920\" height=\"756\" data-src=\"https:\/\/foredgetech.com\/wp-content\/uploads\/2024\/06\/9-\u7535\u6c60\u5bff\u547d-\u62f7\u8d1d.jpg\" class=\"attachment-full size-full wp-image-32339 lazyload\" alt=\"\" data-srcset=\"https:\/\/foredgetech.com\/wp-content\/uploads\/2024\/06\/9-\u7535\u6c60\u5bff\u547d-\u62f7\u8d1d.jpg 1920w, https:\/\/foredgetech.com\/wp-content\/uploads\/2024\/06\/9-\u7535\u6c60\u5bff\u547d-\u62f7\u8d1d-150x59.jpg 150w, https:\/\/foredgetech.com\/wp-content\/uploads\/2024\/06\/9-\u7535\u6c60\u5bff\u547d-\u62f7\u8d1d-600x236.jpg 600w, https:\/\/foredgetech.com\/wp-content\/uploads\/2024\/06\/9-\u7535\u6c60\u5bff\u547d-\u62f7\u8d1d-300x118.jpg 300w, https:\/\/foredgetech.com\/wp-content\/uploads\/2024\/06\/9-\u7535\u6c60\u5bff\u547d-\u62f7\u8d1d-768x302.jpg 768w, https:\/\/foredgetech.com\/wp-content\/uploads\/2024\/06\/9-\u7535\u6c60\u5bff\u547d-\u62f7\u8d1d-1536x605.jpg 1536w, https:\/\/foredgetech.com\/wp-content\/uploads\/2024\/06\/9-\u7535\u6c60\u5bff\u547d-\u62f7\u8d1d-18x7.jpg 18w\" data-sizes=\"(max-width: 1920px) 100vw, 1920px\" src=\"data:image\/svg+xml;base64,PHN2ZyB3aWR0aD0iMSIgaGVpZ2h0PSIxIiB4bWxucz0iaHR0cDovL3d3dy53My5vcmcvMjAwMC9zdmciPjwvc3ZnPg==\" style=\"--smush-placeholder-width: 1920px; --smush-placeholder-aspect-ratio: 1920\/756;\" \/>\t\t\t\t\t\t\t\t\t\t\t\t\t\t\t<\/div>\n\t\t\t\t<\/div>\n\t\t\t\t\t<\/div>\n\t\t\t\t<\/div>\n\t\t<div class=\"elementor-element elementor-element-4ce676b e-flex e-con-boxed e-con e-parent\" data-id=\"4ce676b\" data-element_type=\"container\">\n\t\t\t\t\t<div class=\"e-con-inner\">\n\t\t\t\t<div class=\"elementor-element elementor-element-142864b elementor-widget elementor-widget-heading\" data-id=\"142864b\" data-element_type=\"widget\" data-widget_type=\"heading.default\">\n\t\t\t\t<div class=\"elementor-widget-container\">\n\t\t\t\t\t<h2 class=\"elementor-heading-title elementor-size-default\">Teknik \u00d6zellikler<\/h2>\t\t\t\t<\/div>\n\t\t\t\t<\/div>\n\t\t\t\t<div class=\"elementor-element elementor-element-c85a48f elementor-widget elementor-widget-text-editor\" data-id=\"c85a48f\" data-element_type=\"widget\" data-widget_type=\"text-editor.default\">\n\t\t\t\t<div class=\"elementor-widget-container\">\n\t\t\t\t\t\t\t\t\t<table width=\"657\"><tbody><tr><td width=\"99\"><p>S\u0131rala<\/p><\/td><td width=\"106\"><p>spesifikasyon<\/p><\/td><td width=\"360\"><p>A\u00e7\u0131klama<\/p><\/td><td width=\"92\"><p>A\u00e7\u0131klama<\/p><\/td><\/tr><tr><td rowspan=\"3\" width=\"99\"><p>Kablosuz \u00f6zellikleri<\/p><\/td><td width=\"106\"><p>LTE Kategorisi<\/p><\/td><td width=\"360\"><p>LTE-FDD<\/p><p>LTE-TDD<\/p><p>WCDMA<\/p><\/td><td width=\"92\">\u00a0<\/td><\/tr><tr><td width=\"106\"><p>Kablosuz h\u0131z spesifikasyonu<\/p><\/td><td width=\"360\"><p>287Mbps<\/p><\/td><td width=\"92\">\u00a0<\/td><\/tr><tr><td width=\"106\"><p>Eri\u015fim numaras\u0131<\/p><\/td><td width=\"360\"><p>16<\/p><\/td><td width=\"92\">\u00a0<\/td><\/tr><tr><td rowspan=\"4\" width=\"99\"><p>Radyo frekans\u0131 ve anten<\/p><\/td><td width=\"106\"><p>Teknik standart<\/p><\/td><td width=\"360\"><p>IEEE\u00a0802.11a\/b\/g\/n\/ac\/ax<\/p><\/td><td rowspan=\"3\" width=\"92\">\u00a0<\/td><\/tr><tr><td width=\"106\"><p>Radyo frekansl\u0131 anten<\/p><\/td><td width=\"360\"><p>Built-in Omnidirectional Antenna<\/p><\/td><\/tr><tr><td width=\"106\"><p>Frekans band\u0131 (iste\u011fe ba\u011fl\u0131)<\/p><\/td><td width=\"360\"><p>Varsay\u0131lan Asya, Afrika, Avrupa, Kuzey Amerika, Latin Amerika \u00fc\u00e7 versiyon, ayr\u0131ca \u00f6zelle\u015ftirilebilir<\/p><\/td><\/tr><tr><td width=\"106\"><p>WiFi<\/p><\/td><td width=\"360\"><p>2.4GHz, 802.11 b\/g\/n\uff08*802.11 ax iste\u011fe ba\u011fl\u0131\uff09, kanal: 1~13<\/p><\/td><td width=\"92\">\u00a0<\/td><\/tr><tr><td rowspan=\"2\" width=\"99\"><p>G\u00f6sterge<\/p><\/td><td width=\"106\"><p>Ekran g\u00f6r\u00fcnt\u00fcs\u00fc<\/p><\/td><td width=\"360\"><p>LCD\uff0cDimension\uff1a128*160\u00a0<\/p><\/td><td rowspan=\"2\" width=\"92\"><p>Ya da<\/p><\/td><\/tr><tr><td width=\"106\"><p>LED g\u00f6sterge<\/p><\/td><td width=\"360\"><p>G\u00fc\u00e7, \u0130nternet, WiFi, SMS<\/p><\/td><\/tr><tr><td rowspan=\"3\" width=\"99\"><p>Kart<\/p><\/td><td width=\"106\"><p>Esim<\/p><\/td><td width=\"360\"><p>\u0130ki adede kadar destek (yerel s\u00fcr\u00fcm varsay\u0131lan yap\u0131land\u0131rmas\u0131)<\/p><\/td><td rowspan=\"2\" width=\"92\"><p>\u00d6zelle\u015ftirme deste\u011fi<\/p><\/td><\/tr><tr><td width=\"106\"><p>USIM<\/p><\/td><td width=\"360\"><p>Standart MICRO-SIM (3FF) deste\u011fi, 1.8\/3.3V ile uyumlu (deniza\u015f\u0131r\u0131 s\u00fcr\u00fcm varsay\u0131lan bu yap\u0131land\u0131rma)<\/p><\/td><\/tr><tr><td width=\"106\"><p>TF kart<\/p><\/td><td width=\"360\"><p>T-FLASH (Varsay\u0131lan olarak birlikte de\u011fil, \u00f6zel band\u0131 destekleyebilir)<\/p><\/td><td width=\"92\">\u00a0<\/td><\/tr><tr><td width=\"99\"><p>Liman<\/p><\/td><td width=\"106\"><p>USB<\/p><\/td><td width=\"360\"><p>TYPE-C \uff0c \u015earj ve veri bir arada<\/p><\/td><td width=\"92\">\u00a0<\/td><\/tr><tr><td width=\"99\"><p>D\u00fc\u011fme<\/p><\/td><td width=\"106\"><p>D\u00fc\u011fme<\/p><\/td><td width=\"360\"><p>G\u00fc\u00e7, S\u0131f\u0131rlama, WPS<\/p><\/td><td width=\"92\">\u00a0<\/td><\/tr><tr><td rowspan=\"4\" width=\"99\"><p>G\u00fc\u00e7<\/p><\/td><td width=\"106\"><p>Ak\u00fc kapasitesi<\/p><\/td><td width=\"360\"><p>3000mAh (Length 78* width 44* Thickness 6.5)<\/p><\/td><td width=\"92\">\u00a0<\/td><\/tr><tr><td width=\"106\"><p>Ak\u00fc voltaj\u0131<\/p><\/td><td width=\"360\"><p>4,35V\/4,2V<\/p><\/td><td width=\"92\">\u00a0<\/td><\/tr><tr><td width=\"106\"><p>\u015earj ak\u0131m\u0131<\/p><\/td><td width=\"360\"><p>5V \uff0c 1.0A<\/p><\/td><td width=\"92\">\u00a0<\/td><\/tr><tr><td width=\"106\"><p>ESD<\/p><\/td><td width=\"360\"><p>\u0130leti\u015fim 4K\/ hava 8K<\/p><\/td><td width=\"92\">\u00a0<\/td><\/tr><tr><td width=\"99\"><p>Boyut<\/p><\/td><td width=\"106\"><p>Uzunluk * geni\u015flik * y\u00fckseklik<\/p><\/td><td width=\"360\"><p>108mm\u00d768mm\u00d722mm<\/p><\/td><td width=\"92\">\u00a0<\/td><\/tr><tr><td rowspan=\"2\" width=\"99\"><p>\u00c7evre<\/p><\/td><td width=\"106\"><p>\u00c7al\u0131\u015fma s\u0131cakl\u0131\u011f\u0131<\/p><\/td><td width=\"360\"><p>-10\u2103\u301c50\u2103<\/p><\/td><td width=\"92\">\u00a0<\/td><\/tr><tr><td width=\"106\"><p>Depolama s\u0131cakl\u0131\u011f\u0131<\/p><\/td><td width=\"360\"><p>-40\u2103\u301c\u00a070\u2103<\/p><\/td><td width=\"92\">\u00a0<\/td><\/tr><\/tbody><\/table>\t\t\t\t\t\t\t\t<\/div>\n\t\t\t\t<\/div>\n\t\t\t\t\t<\/div>\n\t\t\t\t<\/div>\n\t\t\t\t<\/div>","protected":false},"excerpt":{"rendered":"<ul>\n<li>AX300 Tri-Band Wi-Fi6<\/li>\n<li>Plug-and-Play<\/li>\n<li>Long battery life<\/li>\n<li>High-capacity terminal connectivity<\/li>\n<li>High-gain antenna for stronger signal<\/li>\n<li>Large screen, comprehensive data<\/li>\n<li>Slim and easy to carry<\/li>\n<\/ul>","protected":false},"featured_media":34234,"template":"","meta":[],"product_brand":[],"product_cat":[579],"product_tag":[],"class_list":{"0":"post-32328","1":"product","2":"type-product","3":"status-publish","4":"has-post-thumbnail","6":"product_cat-mifi-operator-network","7":"pa_series-mifi","9":"first","10":"instock","11":"shipping-taxable","12":"product-type-simple"},"_links":{"self":[{"href":"https:\/\/foredgetech.com\/tr\/wp-json\/wp\/v2\/product\/32328","targetHints":{"allow":["GET"]}}],"collection":[{"href":"https:\/\/foredgetech.com\/tr\/wp-json\/wp\/v2\/product"}],"about":[{"href":"https:\/\/foredgetech.com\/tr\/wp-json\/wp\/v2\/types\/product"}],"version-history":[{"count":7,"href":"https:\/\/foredgetech.com\/tr\/wp-json\/wp\/v2\/product\/32328\/revisions"}],"predecessor-version":[{"id":34259,"href":"https:\/\/foredgetech.com\/tr\/wp-json\/wp\/v2\/product\/32328\/revisions\/34259"}],"wp:featuredmedia":[{"embeddable":true,"href":"https:\/\/foredgetech.com\/tr\/wp-json\/wp\/v2\/media\/34234"}],"wp:attachment":[{"href":"https:\/\/foredgetech.com\/tr\/wp-json\/wp\/v2\/media?parent=32328"}],"wp:term":[{"taxonomy":"product_brand","embeddable":true,"href":"https:\/\/foredgetech.com\/tr\/wp-json\/wp\/v2\/product_brand?post=32328"},{"taxonomy":"product_cat","embeddable":true,"href":"https:\/\/foredgetech.com\/tr\/wp-json\/wp\/v2\/product_cat?post=32328"},{"taxonomy":"product_tag","embeddable":true,"href":"https:\/\/foredgetech.com\/tr\/wp-json\/wp\/v2\/product_tag?post=32328"}],"curies":[{"name":"wp","href":"https:\/\/api.w.org\/{rel}","templated":true}]}}