{"id":31516,"date":"2024-01-18T06:44:53","date_gmt":"2024-01-18T06:44:53","guid":{"rendered":"https:\/\/foredgetech.com\/?post_type=product&#038;p=31516"},"modified":"2025-12-18T10:31:36","modified_gmt":"2025-12-18T10:31:36","slug":"is108gp-2f","status":"publish","type":"product","link":"https:\/\/foredgetech.com\/tr\/urun\/is108gp-2f\/","title":{"rendered":"IS108GP-2F 8-Port Gigabit End\u00fcstriyel POE Anahtar\u0131"},"content":{"rendered":"<div data-elementor-type=\"wp-post\" data-elementor-id=\"31516\" class=\"elementor elementor-31516\">\n\t\t\t\t\t\t<section class=\"elementor-section elementor-top-section elementor-element elementor-element-5058e617 elementor-section-full_width elementor-section-gap-beside-no elementor-section-height-default elementor-section-height-default elementor-section-column-vertical-align-stretch\" data-id=\"5058e617\" data-element_type=\"section\">\n\t\t\t\t\t\t<div class=\"elementor-container elementor-column-gap-extended\">\n\t\t\t\t\t<div class=\"elementor-column elementor-col-33 elementor-top-column elementor-element elementor-element-f61c77a\" data-id=\"f61c77a\" data-element_type=\"column\">\n\t\t\t<div class=\"elementor-widget-wrap elementor-element-populated\">\n\t\t\t\t\t\t<div class=\"elementor-element elementor-element-12229f05 elementor-widget elementor-widget-tm-modern-image\" data-id=\"12229f05\" data-element_type=\"widget\" data-widget_type=\"tm-modern-image.default\">\n\t\t\t\t<div class=\"elementor-widget-container\">\n\t\t\t\t\t\t\t<div class=\"tm-modern-image\">\n\t\t\t\t\t\t\t<div class=\"minimog-box\">\n\t\t\t\t\t<div class=\"minimog-image\">\t\t\t\t\t<m-image class=\"minimog-lazy-image\" style=\"--lazy-image-width: 300px;--lazy-image-height: 83.333333333333%;\" data-image-loading><img decoding=\"async\"  data-src=\"https:\/\/foredgetech.com\/wp-content\/uploads\/2024\/01\/IS108GP-2F-1.png\" width=\"300\" height=\"250\" alt=\"IS108GP-2F\" class=\"attachment-full size-full lazyload\" src=\"data:image\/svg+xml;base64,PHN2ZyB3aWR0aD0iMSIgaGVpZ2h0PSIxIiB4bWxucz0iaHR0cDovL3d3dy53My5vcmcvMjAwMC9zdmciPjwvc3ZnPg==\" style=\"--smush-placeholder-width: 300px; --smush-placeholder-aspect-ratio: 300\/250;\" \/><\/m-image>\t\t\t\t\t<\/div>\t\t\t\t<\/div>\n\t\t\t\t\t\t\t\t\t\t<\/div>\n\t\t\t\t\t\t<\/div>\n\t\t\t\t<\/div>\n\t\t\t\t\t<\/div>\n\t\t<\/div>\n\t\t\t\t<div class=\"elementor-column elementor-col-66 elementor-top-column elementor-element elementor-element-78bc78c2\" data-id=\"78bc78c2\" data-element_type=\"column\">\n\t\t\t<div class=\"elementor-widget-wrap elementor-element-populated\">\n\t\t\t\t\t\t<div class=\"elementor-element elementor-element-2052b071 elementor-widget elementor-widget-tm-heading\" data-id=\"2052b071\" data-element_type=\"widget\" data-widget_type=\"tm-heading.default\">\n\t\t\t\t<div class=\"elementor-widget-container\">\n\t\t\t\t\t\t\t<div class=\"tm-modern-heading tm-modern-heading--style-01 tm-modern-heading--highlight-style-01\">\n\t\t\t\n\t\t\t\t\t<div class=\"heading-primary-wrap\">\n\t\t\t<h4 class=\"heading-primary elementor-heading-title\">Genel Bak\u0131\u015f<\/h4>\t\t<\/div>\n\t\t\n\t\t\t\n\t\t\t\t\t<\/div>\n\t\t\t\t\t\t<\/div>\n\t\t\t\t<\/div>\n\t\t\t\t<div class=\"elementor-element elementor-element-7c6ab884 elementor-widget elementor-widget-text-editor\" data-id=\"7c6ab884\" data-element_type=\"widget\" data-widget_type=\"text-editor.default\">\n\t\t\t\t<div class=\"elementor-widget-container\">\n\t\t\t\t\t\t\t\t\t<p>8 portlu bir Gigabit end\u00fcstriyel POE anahtar\u0131d\u0131r. 8 Gigabit PoE portu ve 2 Gigabit optik port sa\u011flar.<\/p>\t\t\t\t\t\t\t\t<\/div>\n\t\t\t\t<\/div>\n\t\t\t\t<section class=\"elementor-section elementor-inner-section elementor-element elementor-element-2afe0aab elementor-section-gap-beside-no elementor-section-full_width elementor-section-height-default elementor-section-height-default elementor-section-column-vertical-align-stretch\" data-id=\"2afe0aab\" data-element_type=\"section\">\n\t\t\t\t\t\t<div class=\"elementor-container elementor-column-gap-extended\">\n\t\t\t\t\t<div class=\"elementor-column elementor-col-33 elementor-inner-column elementor-element elementor-element-7751e85f\" data-id=\"7751e85f\" data-element_type=\"column\">\n\t\t\t<div class=\"elementor-widget-wrap elementor-element-populated\">\n\t\t\t\t\t\t<div class=\"elementor-element elementor-element-d07ae98 elementor-widget elementor-widget-tm-heading\" data-id=\"d07ae98\" data-element_type=\"widget\" data-widget_type=\"tm-heading.default\">\n\t\t\t\t<div class=\"elementor-widget-container\">\n\t\t\t\t\t\t\t<div class=\"tm-modern-heading tm-modern-heading--style-01 tm-modern-heading--highlight-style-01\">\n\t\t\t\n\t\t\t\t\t<div class=\"heading-primary-wrap\">\n\t\t\t<h6 class=\"heading-primary elementor-heading-title\">Arka panel bant geni\u015fli\u011fini de\u011fi\u015ftir<\/h6>\t\t<\/div>\n\t\t\n\t\t\t\n\t\t\t\t\t<div class=\"heading-description-wrap\">\n\t\t\t<div class=\"heading-description\">\n\t\t\t\t<p>20Gbps<\/p>\t\t\t<\/div>\n\t\t<\/div>\n\t\t\t\t<\/div>\n\t\t\t\t\t\t<\/div>\n\t\t\t\t<\/div>\n\t\t\t\t<div class=\"elementor-element elementor-element-7cf8fe9 elementor-widget elementor-widget-tm-heading\" data-id=\"7cf8fe9\" data-element_type=\"widget\" data-widget_type=\"tm-heading.default\">\n\t\t\t\t<div class=\"elementor-widget-container\">\n\t\t\t\t\t\t\t<div class=\"tm-modern-heading tm-modern-heading--style-01 tm-modern-heading--highlight-style-01\">\n\t\t\t\n\t\t\t\t\t<div class=\"heading-primary-wrap\">\n\t\t\t<h6 class=\"heading-primary elementor-heading-title\">\u00c7al\u0131\u015fma Nemi<\/h6>\t\t<\/div>\n\t\t\n\t\t\t\n\t\t\t\t\t<div class=\"heading-description-wrap\">\n\t\t\t<div class=\"heading-description\">\n\t\t\t\t<p>5%~95% Yo\u011fu\u015fmas\u0131z ba\u011f\u0131l nem<\/p>\t\t\t<\/div>\n\t\t<\/div>\n\t\t\t\t<\/div>\n\t\t\t\t\t\t<\/div>\n\t\t\t\t<\/div>\n\t\t\t\t\t<\/div>\n\t\t<\/div>\n\t\t\t\t<div class=\"elementor-column elementor-col-33 elementor-inner-column elementor-element elementor-element-c6e3a56\" data-id=\"c6e3a56\" data-element_type=\"column\">\n\t\t\t<div class=\"elementor-widget-wrap elementor-element-populated\">\n\t\t\t\t\t\t<div class=\"elementor-element elementor-element-44fb51c6 elementor-widget elementor-widget-tm-heading\" data-id=\"44fb51c6\" data-element_type=\"widget\" data-widget_type=\"tm-heading.default\">\n\t\t\t\t<div class=\"elementor-widget-container\">\n\t\t\t\t\t\t\t<div class=\"tm-modern-heading tm-modern-heading--style-01 tm-modern-heading--highlight-style-01\">\n\t\t\t\n\t\t\t\t\t<div class=\"heading-primary-wrap\">\n\t\t\t<h6 class=\"heading-primary elementor-heading-title\">Paket y\u00f6nlendirme<\/h6>\t\t<\/div>\n\t\t\n\t\t\t\n\t\t\t\t\t<div class=\"heading-description-wrap\">\n\t\t\t<div class=\"heading-description\">\n\t\t\t\t<p>14 .88Mpps<\/p>\t\t\t<\/div>\n\t\t<\/div>\n\t\t\t\t<\/div>\n\t\t\t\t\t\t<\/div>\n\t\t\t\t<\/div>\n\t\t\t\t<div class=\"elementor-element elementor-element-2de3256a elementor-widget elementor-widget-tm-heading\" data-id=\"2de3256a\" data-element_type=\"widget\" data-widget_type=\"tm-heading.default\">\n\t\t\t\t<div class=\"elementor-widget-container\">\n\t\t\t\t\t\t\t<div class=\"tm-modern-heading tm-modern-heading--style-01 tm-modern-heading--highlight-style-01\">\n\t\t\t\n\t\t\t\t\t<div class=\"heading-primary-wrap\">\n\t\t\t<h6 class=\"heading-primary elementor-heading-title\">Boyutlar (G \u00d7 D \u00d7 Y)<\/h6>\t\t<\/div>\n\t\t\n\t\t\t\n\t\t\t\t\t<div class=\"heading-description-wrap\">\n\t\t\t<div class=\"heading-description\">\n\t\t\t\t<p>166mm\u00d744,5mm\u00d7100mm<\/p>\t\t\t<\/div>\n\t\t<\/div>\n\t\t\t\t<\/div>\n\t\t\t\t\t\t<\/div>\n\t\t\t\t<\/div>\n\t\t\t\t<div class=\"elementor-element elementor-element-453d78ca elementor-widget elementor-widget-spacer\" data-id=\"453d78ca\" data-element_type=\"widget\" data-widget_type=\"spacer.default\">\n\t\t\t\t<div class=\"elementor-widget-container\">\n\t\t\t\t\t\t\t<div class=\"elementor-spacer\">\n\t\t\t<div class=\"elementor-spacer-inner\"><\/div>\n\t\t<\/div>\n\t\t\t\t\t\t<\/div>\n\t\t\t\t<\/div>\n\t\t\t\t\t<\/div>\n\t\t<\/div>\n\t\t\t\t<div class=\"elementor-column elementor-col-33 elementor-inner-column elementor-element elementor-element-63d177a8\" data-id=\"63d177a8\" data-element_type=\"column\">\n\t\t\t<div class=\"elementor-widget-wrap elementor-element-populated\">\n\t\t\t\t\t\t<div class=\"elementor-element elementor-element-47145555 elementor-widget elementor-widget-tm-heading\" data-id=\"47145555\" data-element_type=\"widget\" data-widget_type=\"tm-heading.default\">\n\t\t\t\t<div class=\"elementor-widget-container\">\n\t\t\t\t\t\t\t<div class=\"tm-modern-heading tm-modern-heading--style-01 tm-modern-heading--highlight-style-01\">\n\t\t\t\n\t\t\t\t\t<div class=\"heading-primary-wrap\">\n\t\t\t<h6 class=\"heading-primary elementor-heading-title\">anahtar ba\u011flant\u0131 noktas\u0131<\/h6>\t\t<\/div>\n\t\t\n\t\t\t\n\t\t\t\t\t<div class=\"heading-description-wrap\">\n\t\t\t<div class=\"heading-description\">\n\t\t\t\t<p>8 * 10\/ 100\/ 1000Mbps RJ45 ba\u011flant\u0131 noktas\u0131<\/p><p>2 * SFP ba\u011flant\u0131 noktas\u0131<\/p>\t\t\t<\/div>\n\t\t<\/div>\n\t\t\t\t<\/div>\n\t\t\t\t\t\t<\/div>\n\t\t\t\t<\/div>\n\t\t\t\t\t<\/div>\n\t\t<\/div>\n\t\t\t\t\t<\/div>\n\t\t<\/section>\n\t\t\t\t\t<\/div>\n\t\t<\/div>\n\t\t\t\t\t<\/div>\n\t\t<\/section>\n\t\t<div class=\"elementor-element elementor-element-1b74d531 e-flex e-con-boxed e-con e-parent\" data-id=\"1b74d531\" data-element_type=\"container\">\n\t\t\t\t\t<div class=\"e-con-inner\">\n\t\t\t\t<div class=\"elementor-element elementor-element-aaf7427 elementor-widget elementor-widget-image\" data-id=\"aaf7427\" data-element_type=\"widget\" data-widget_type=\"image.default\">\n\t\t\t\t<div class=\"elementor-widget-container\">\n\t\t\t\t\t\t\t\t\t\t\t\t\t\t\t<img fetchpriority=\"high\" decoding=\"async\" width=\"1920\" height=\"1207\" src=\"https:\/\/foredgetech.com\/wp-content\/uploads\/2024\/01\/A1-\u4ea7\u54c1\u56fe-10.jpg\" class=\"attachment-full size-full wp-image-31521\" alt=\"\" srcset=\"https:\/\/foredgetech.com\/wp-content\/uploads\/2024\/01\/A1-\u4ea7\u54c1\u56fe-10.jpg 1920w, https:\/\/foredgetech.com\/wp-content\/uploads\/2024\/01\/A1-\u4ea7\u54c1\u56fe-10-150x94.jpg 150w, https:\/\/foredgetech.com\/wp-content\/uploads\/2024\/01\/A1-\u4ea7\u54c1\u56fe-10-600x377.jpg 600w, https:\/\/foredgetech.com\/wp-content\/uploads\/2024\/01\/A1-\u4ea7\u54c1\u56fe-10-300x189.jpg 300w, https:\/\/foredgetech.com\/wp-content\/uploads\/2024\/01\/A1-\u4ea7\u54c1\u56fe-10-768x483.jpg 768w, https:\/\/foredgetech.com\/wp-content\/uploads\/2024\/01\/A1-\u4ea7\u54c1\u56fe-10-1536x966.jpg 1536w, https:\/\/foredgetech.com\/wp-content\/uploads\/2024\/01\/A1-\u4ea7\u54c1\u56fe-10-18x12.jpg 18w\" sizes=\"(max-width: 1920px) 100vw, 1920px\" \/>\t\t\t\t\t\t\t\t\t\t\t\t\t\t\t<\/div>\n\t\t\t\t<\/div>\n\t\t\t\t<div class=\"elementor-element elementor-element-32289a0 elementor-widget elementor-widget-image\" data-id=\"32289a0\" data-element_type=\"widget\" data-widget_type=\"image.default\">\n\t\t\t\t<div class=\"elementor-widget-container\">\n\t\t\t\t\t\t\t\t\t\t\t\t\t\t\t<img decoding=\"async\" width=\"1920\" height=\"756\" data-src=\"https:\/\/foredgetech.com\/wp-content\/uploads\/2024\/01\/B2-\u667a\u80fd\u4ea4\u901a\u3001\u80fd\u6e90\u3001\u7535\u529b\u3001\u89c6\u9891\u76d1\u63a7-6.jpg\" class=\"attachment-full size-full wp-image-31522 lazyload\" alt=\"\" data-srcset=\"https:\/\/foredgetech.com\/wp-content\/uploads\/2024\/01\/B2-\u667a\u80fd\u4ea4\u901a\u3001\u80fd\u6e90\u3001\u7535\u529b\u3001\u89c6\u9891\u76d1\u63a7-6.jpg 1920w, https:\/\/foredgetech.com\/wp-content\/uploads\/2024\/01\/B2-\u667a\u80fd\u4ea4\u901a\u3001\u80fd\u6e90\u3001\u7535\u529b\u3001\u89c6\u9891\u76d1\u63a7-6-150x59.jpg 150w, https:\/\/foredgetech.com\/wp-content\/uploads\/2024\/01\/B2-\u667a\u80fd\u4ea4\u901a\u3001\u80fd\u6e90\u3001\u7535\u529b\u3001\u89c6\u9891\u76d1\u63a7-6-600x236.jpg 600w, https:\/\/foredgetech.com\/wp-content\/uploads\/2024\/01\/B2-\u667a\u80fd\u4ea4\u901a\u3001\u80fd\u6e90\u3001\u7535\u529b\u3001\u89c6\u9891\u76d1\u63a7-6-300x118.jpg 300w, https:\/\/foredgetech.com\/wp-content\/uploads\/2024\/01\/B2-\u667a\u80fd\u4ea4\u901a\u3001\u80fd\u6e90\u3001\u7535\u529b\u3001\u89c6\u9891\u76d1\u63a7-6-768x302.jpg 768w, https:\/\/foredgetech.com\/wp-content\/uploads\/2024\/01\/B2-\u667a\u80fd\u4ea4\u901a\u3001\u80fd\u6e90\u3001\u7535\u529b\u3001\u89c6\u9891\u76d1\u63a7-6-1536x605.jpg 1536w, https:\/\/foredgetech.com\/wp-content\/uploads\/2024\/01\/B2-\u667a\u80fd\u4ea4\u901a\u3001\u80fd\u6e90\u3001\u7535\u529b\u3001\u89c6\u9891\u76d1\u63a7-6-18x7.jpg 18w\" data-sizes=\"(max-width: 1920px) 100vw, 1920px\" src=\"data:image\/svg+xml;base64,PHN2ZyB3aWR0aD0iMSIgaGVpZ2h0PSIxIiB4bWxucz0iaHR0cDovL3d3dy53My5vcmcvMjAwMC9zdmciPjwvc3ZnPg==\" style=\"--smush-placeholder-width: 1920px; --smush-placeholder-aspect-ratio: 1920\/756;\" \/>\t\t\t\t\t\t\t\t\t\t\t\t\t\t\t<\/div>\n\t\t\t\t<\/div>\n\t\t\t\t<div class=\"elementor-element elementor-element-a24cb53 elementor-widget elementor-widget-image\" data-id=\"a24cb53\" data-element_type=\"widget\" data-widget_type=\"image.default\">\n\t\t\t\t<div class=\"elementor-widget-container\">\n\t\t\t\t\t\t\t\t\t\t\t\t\t\t\t<img decoding=\"async\" width=\"1920\" height=\"756\" data-src=\"https:\/\/foredgetech.com\/wp-content\/uploads\/2024\/01\/C3-\u5b8c\u5584\u7684\u5b89\u5168\u673a\u5236-15.jpg\" class=\"attachment-full size-full wp-image-31523 lazyload\" alt=\"\" data-srcset=\"https:\/\/foredgetech.com\/wp-content\/uploads\/2024\/01\/C3-\u5b8c\u5584\u7684\u5b89\u5168\u673a\u5236-15.jpg 1920w, https:\/\/foredgetech.com\/wp-content\/uploads\/2024\/01\/C3-\u5b8c\u5584\u7684\u5b89\u5168\u673a\u5236-15-150x59.jpg 150w, https:\/\/foredgetech.com\/wp-content\/uploads\/2024\/01\/C3-\u5b8c\u5584\u7684\u5b89\u5168\u673a\u5236-15-600x236.jpg 600w, https:\/\/foredgetech.com\/wp-content\/uploads\/2024\/01\/C3-\u5b8c\u5584\u7684\u5b89\u5168\u673a\u5236-15-300x118.jpg 300w, https:\/\/foredgetech.com\/wp-content\/uploads\/2024\/01\/C3-\u5b8c\u5584\u7684\u5b89\u5168\u673a\u5236-15-768x302.jpg 768w, https:\/\/foredgetech.com\/wp-content\/uploads\/2024\/01\/C3-\u5b8c\u5584\u7684\u5b89\u5168\u673a\u5236-15-1536x605.jpg 1536w, https:\/\/foredgetech.com\/wp-content\/uploads\/2024\/01\/C3-\u5b8c\u5584\u7684\u5b89\u5168\u673a\u5236-15-18x7.jpg 18w\" data-sizes=\"(max-width: 1920px) 100vw, 1920px\" src=\"data:image\/svg+xml;base64,PHN2ZyB3aWR0aD0iMSIgaGVpZ2h0PSIxIiB4bWxucz0iaHR0cDovL3d3dy53My5vcmcvMjAwMC9zdmciPjwvc3ZnPg==\" style=\"--smush-placeholder-width: 1920px; --smush-placeholder-aspect-ratio: 1920\/756;\" \/>\t\t\t\t\t\t\t\t\t\t\t\t\t\t\t<\/div>\n\t\t\t\t<\/div>\n\t\t\t\t<div class=\"elementor-element elementor-element-5379a16 elementor-widget elementor-widget-image\" data-id=\"5379a16\" data-element_type=\"widget\" data-widget_type=\"image.default\">\n\t\t\t\t<div class=\"elementor-widget-container\">\n\t\t\t\t\t\t\t\t\t\t\t\t\t\t\t<img decoding=\"async\" width=\"1920\" height=\"756\" data-src=\"https:\/\/foredgetech.com\/wp-content\/uploads\/2024\/01\/D4-1-\u7aef\u53e3\u5206\u533a-11.jpg\" class=\"attachment-full size-full wp-image-31524 lazyload\" alt=\"\" data-srcset=\"https:\/\/foredgetech.com\/wp-content\/uploads\/2024\/01\/D4-1-\u7aef\u53e3\u5206\u533a-11.jpg 1920w, https:\/\/foredgetech.com\/wp-content\/uploads\/2024\/01\/D4-1-\u7aef\u53e3\u5206\u533a-11-150x59.jpg 150w, https:\/\/foredgetech.com\/wp-content\/uploads\/2024\/01\/D4-1-\u7aef\u53e3\u5206\u533a-11-600x236.jpg 600w, https:\/\/foredgetech.com\/wp-content\/uploads\/2024\/01\/D4-1-\u7aef\u53e3\u5206\u533a-11-300x118.jpg 300w, https:\/\/foredgetech.com\/wp-content\/uploads\/2024\/01\/D4-1-\u7aef\u53e3\u5206\u533a-11-768x302.jpg 768w, https:\/\/foredgetech.com\/wp-content\/uploads\/2024\/01\/D4-1-\u7aef\u53e3\u5206\u533a-11-1536x605.jpg 1536w, https:\/\/foredgetech.com\/wp-content\/uploads\/2024\/01\/D4-1-\u7aef\u53e3\u5206\u533a-11-18x7.jpg 18w\" data-sizes=\"(max-width: 1920px) 100vw, 1920px\" src=\"data:image\/svg+xml;base64,PHN2ZyB3aWR0aD0iMSIgaGVpZ2h0PSIxIiB4bWxucz0iaHR0cDovL3d3dy53My5vcmcvMjAwMC9zdmciPjwvc3ZnPg==\" style=\"--smush-placeholder-width: 1920px; --smush-placeholder-aspect-ratio: 1920\/756;\" \/>\t\t\t\t\t\t\t\t\t\t\t\t\t\t\t<\/div>\n\t\t\t\t<\/div>\n\t\t\t\t<div class=\"elementor-element elementor-element-0cdffed elementor-widget elementor-widget-image\" data-id=\"0cdffed\" data-element_type=\"widget\" data-widget_type=\"image.default\">\n\t\t\t\t<div class=\"elementor-widget-container\">\n\t\t\t\t\t\t\t\t\t\t\t\t\t\t\t<img decoding=\"async\" width=\"1920\" height=\"756\" data-src=\"https:\/\/foredgetech.com\/wp-content\/uploads\/2024\/01\/D4-2-\u6570\u636e\u5305\u8f6c\u53d1-25.jpg\" class=\"attachment-full size-full wp-image-31525 lazyload\" alt=\"\" data-srcset=\"https:\/\/foredgetech.com\/wp-content\/uploads\/2024\/01\/D4-2-\u6570\u636e\u5305\u8f6c\u53d1-25.jpg 1920w, https:\/\/foredgetech.com\/wp-content\/uploads\/2024\/01\/D4-2-\u6570\u636e\u5305\u8f6c\u53d1-25-150x59.jpg 150w, https:\/\/foredgetech.com\/wp-content\/uploads\/2024\/01\/D4-2-\u6570\u636e\u5305\u8f6c\u53d1-25-600x236.jpg 600w, https:\/\/foredgetech.com\/wp-content\/uploads\/2024\/01\/D4-2-\u6570\u636e\u5305\u8f6c\u53d1-25-300x118.jpg 300w, https:\/\/foredgetech.com\/wp-content\/uploads\/2024\/01\/D4-2-\u6570\u636e\u5305\u8f6c\u53d1-25-768x302.jpg 768w, https:\/\/foredgetech.com\/wp-content\/uploads\/2024\/01\/D4-2-\u6570\u636e\u5305\u8f6c\u53d1-25-1536x605.jpg 1536w, https:\/\/foredgetech.com\/wp-content\/uploads\/2024\/01\/D4-2-\u6570\u636e\u5305\u8f6c\u53d1-25-18x7.jpg 18w\" data-sizes=\"(max-width: 1920px) 100vw, 1920px\" src=\"data:image\/svg+xml;base64,PHN2ZyB3aWR0aD0iMSIgaGVpZ2h0PSIxIiB4bWxucz0iaHR0cDovL3d3dy53My5vcmcvMjAwMC9zdmciPjwvc3ZnPg==\" style=\"--smush-placeholder-width: 1920px; --smush-placeholder-aspect-ratio: 1920\/756;\" \/>\t\t\t\t\t\t\t\t\t\t\t\t\t\t\t<\/div>\n\t\t\t\t<\/div>\n\t\t\t\t<div class=\"elementor-element elementor-element-6c8fb10 elementor-widget elementor-widget-image\" data-id=\"6c8fb10\" data-element_type=\"widget\" data-widget_type=\"image.default\">\n\t\t\t\t<div class=\"elementor-widget-container\">\n\t\t\t\t\t\t\t\t\t\t\t\t\t\t\t<img decoding=\"async\" width=\"1920\" height=\"756\" data-src=\"https:\/\/foredgetech.com\/wp-content\/uploads\/2024\/01\/D4-3-\u5de5\u4f5c\u6e7f\u5ea6-30.jpg\" class=\"attachment-full size-full wp-image-31526 lazyload\" alt=\"\" data-srcset=\"https:\/\/foredgetech.com\/wp-content\/uploads\/2024\/01\/D4-3-\u5de5\u4f5c\u6e7f\u5ea6-30.jpg 1920w, https:\/\/foredgetech.com\/wp-content\/uploads\/2024\/01\/D4-3-\u5de5\u4f5c\u6e7f\u5ea6-30-150x59.jpg 150w, https:\/\/foredgetech.com\/wp-content\/uploads\/2024\/01\/D4-3-\u5de5\u4f5c\u6e7f\u5ea6-30-600x236.jpg 600w, https:\/\/foredgetech.com\/wp-content\/uploads\/2024\/01\/D4-3-\u5de5\u4f5c\u6e7f\u5ea6-30-300x118.jpg 300w, https:\/\/foredgetech.com\/wp-content\/uploads\/2024\/01\/D4-3-\u5de5\u4f5c\u6e7f\u5ea6-30-768x302.jpg 768w, https:\/\/foredgetech.com\/wp-content\/uploads\/2024\/01\/D4-3-\u5de5\u4f5c\u6e7f\u5ea6-30-1536x605.jpg 1536w, https:\/\/foredgetech.com\/wp-content\/uploads\/2024\/01\/D4-3-\u5de5\u4f5c\u6e7f\u5ea6-30-18x7.jpg 18w\" data-sizes=\"(max-width: 1920px) 100vw, 1920px\" src=\"data:image\/svg+xml;base64,PHN2ZyB3aWR0aD0iMSIgaGVpZ2h0PSIxIiB4bWxucz0iaHR0cDovL3d3dy53My5vcmcvMjAwMC9zdmciPjwvc3ZnPg==\" style=\"--smush-placeholder-width: 1920px; --smush-placeholder-aspect-ratio: 1920\/756;\" \/>\t\t\t\t\t\t\t\t\t\t\t\t\t\t\t<\/div>\n\t\t\t\t<\/div>\n\t\t\t\t\t<\/div>\n\t\t\t\t<\/div>\n\t\t<div class=\"elementor-element elementor-element-4ce676b e-flex e-con-boxed e-con e-parent\" data-id=\"4ce676b\" data-element_type=\"container\">\n\t\t\t\t\t<div class=\"e-con-inner\">\n\t\t\t\t<div class=\"elementor-element elementor-element-142864b elementor-widget elementor-widget-heading\" data-id=\"142864b\" data-element_type=\"widget\" data-widget_type=\"heading.default\">\n\t\t\t\t<div class=\"elementor-widget-container\">\n\t\t\t\t\t<h2 class=\"elementor-heading-title elementor-size-default\">Teknik \u00d6zellikler<\/h2>\t\t\t\t<\/div>\n\t\t\t\t<\/div>\n\t\t\t\t<div class=\"elementor-element elementor-element-c85a48f elementor-widget elementor-widget-text-editor\" data-id=\"c85a48f\" data-element_type=\"widget\" data-widget_type=\"text-editor.default\">\n\t\t\t\t<div class=\"elementor-widget-container\">\n\t\t\t\t\t\t\t\t\t<table><tbody><tr><td colspan=\"2\"><p><strong>Donan\u0131m \u00d6zellikleri<\/strong><\/p><\/td><\/tr><tr><td><p><strong>A\u011f Aray\u00fcz\u00fc<\/strong><\/p><\/td><td><p>8 * 10\/ 100\/ 1000Mbps RJ45 ba\u011flant\u0131 noktas\u0131<\/p><p>2 * SFP ba\u011flant\u0131 noktas\u0131<\/p><\/td><\/tr><tr><td><p><strong>A\u011f protokol\u00fc<\/strong><\/p><p><strong>standart<\/strong><\/p><\/td><td><p>\u25cf IEEE802 .3 \u3001 IEEE802 .3i \u3001 IEEE802 .3u \u3001<\/p><p>IEEE802 . 3ab\u3001 IEEE802 . 3z\u3001<\/p><p>IEEE802 . 3af\/ at<\/p><\/td><\/tr><tr><td><p><strong>Performans<\/strong><\/p><p><strong>Teknik \u00d6zellikler<\/strong><\/p><\/td><td><p>Arka panel bant geni\u015fli\u011fi: 20Gbps (blokajs\u0131z)<\/p><p>Paket y\u00f6nlendirme h\u0131z\u0131: 14.88Mpps<\/p><p>MAC adres tablosu: 8 K<\/p><p>Y\u00f6nlendirme modu: sakla ve ilet<\/p><\/td><\/tr><tr><td><p><strong>LED g\u00f6sterge<\/strong><\/p><\/td><td><p>G\u00fc\u00e7 g\u00f6stergesi:  P 1 , P 2<\/p><p>Ethernet port g\u00f6stergesi: Link&amp;Act 1~4, PoE 1~8<\/p><p>Optik port g\u00f6stergesi: Link&amp;Act F1~ F2<\/p><\/td><\/tr><tr><td><p><strong>POE pimi<\/strong><\/p><\/td><td><p>\u25cf 1\/2\uff08 + \uff09\uff0c3\/6\/(-) \uff1b<\/p><\/td><\/tr><tr><td><p><strong>G\u00fc\u00e7 deste\u011fi<\/strong><\/p><\/td><td><p>Giri\u015f gerilimi: 48-56V DC<\/p><p>Giri\u015f y\u00f6ntemi: fi\u015fli 4 \u00e7ekirdekli 5 .08mm aral\u0131kl\u0131 terminal blo\u011fu (\u00e7ift DC G\u00fc\u00e7 yedeklemesini destekler, dahili<\/p><p>a\u015f\u0131r\u0131 gerilim korumas\u0131 ,<\/p><p>ters ba\u011flant\u0131 deste\u011fi)<\/p><p>Y\u00fcks\u00fcz g\u00fc\u00e7: 6 W@ 5 2 V DC\u00e7\u0131k\u0131\u015f)<\/p><p>Tam y\u00fck g\u00fcc\u00fc: 1 8 6 W @ 5 2 V DC ( POE tam y\u00fck<\/p><p>Tek portlu PoE maksimum \u00e7\u0131k\u0131\u015f g\u00fcc\u00fc: 30W<\/p><\/td><\/tr><tr><td><p><strong>Fiziksel \u00d6zellikler<\/strong><\/p><\/td><td><p>Kabuk: IP40 s\u0131n\u0131f\u0131 koruma, oluklu y\u00fcksek mukavemetli metal kabuk<\/p><p>Kurulum: DIN ray montaj\u0131<\/p><p>Boyutlar (LxWxH) :  166mm\u00d744.5mm\u00d7100mm<\/p><\/td><\/tr><tr><td><p><strong>\u00c7evresel<\/strong><\/p><p><strong>Teknik \u00d6zellikler<\/strong><\/p><\/td><td><p>\u00c7al\u0131\u015fma s\u0131cakl\u0131\u011f\u0131: -40 ~ 75 \u00b0 C<\/p><p>Depolama s\u0131cakl\u0131\u011f\u0131: -40 ~ 75 \u2103<\/p><p>\u00c7al\u0131\u015fma nemi: 5%~95% RH yo\u011fu\u015fmas\u0131z<\/p><p>Depolama nemi: 5%~95% RH yo\u011fu\u015fmas\u0131z<\/p><\/td><\/tr><tr><td><p><strong>G\u00fcvenlik d\u00fczenlemeleri<\/strong><\/p><\/td><td><p>CE\/ ROHS\/ FCC<\/p><\/td><\/tr><\/tbody><\/table>\t\t\t\t\t\t\t\t<\/div>\n\t\t\t\t<\/div>\n\t\t\t\t\t<\/div>\n\t\t\t\t<\/div>\n\t\t\t\t<\/div>","protected":false},"excerpt":{"rendered":"<p>8 * 10\/ 100\/ 1000Mbps RJ45 ba\u011flant\u0131 noktas\u0131, 2 * SFP ba\u011flant\u0131 noktas\u0131<br \/>\nK\u00fc\u00e7\u00fck hacimli ki\u015fiselle\u015ftirilmi\u015f tasar\u0131m, k\u00fc\u00e7\u00fck alanlarda esnek da\u011f\u0131t\u0131m<br \/>\nFan yok, do\u011fal \u0131s\u0131 da\u011f\u0131l\u0131m\u0131, sessiz ve enerji tasarrufu<br \/>\n\u00c7e\u015fitli g\u00fcvenlik koruma stratejileri, ekipman\u0131n istikrarl\u0131 ve son derece g\u00fcvenilir \u00e7al\u0131\u015fmas\u0131n\u0131 sa\u011flar<br \/>\nZengin a\u011f fonksiyonlar\u0131 ve g\u00fcvenlik \u00f6zellikleri<br \/>\nEsnek a\u011f olu\u015fturma ve kolay y\u00f6netim<\/p>","protected":false},"featured_media":31518,"template":"","meta":[],"product_brand":[],"product_cat":[584],"product_tag":[],"class_list":{"0":"post-31516","1":"product","2":"type-product","3":"status-publish","4":"has-post-thumbnail","6":"product_cat-industrial-switch","7":"pa_series-industrial-poe-series","9":"first","10":"instock","11":"shipping-taxable","12":"product-type-simple"},"_links":{"self":[{"href":"https:\/\/foredgetech.com\/tr\/wp-json\/wp\/v2\/product\/31516","targetHints":{"allow":["GET"]}}],"collection":[{"href":"https:\/\/foredgetech.com\/tr\/wp-json\/wp\/v2\/product"}],"about":[{"href":"https:\/\/foredgetech.com\/tr\/wp-json\/wp\/v2\/types\/product"}],"version-history":[{"count":2,"href":"https:\/\/foredgetech.com\/tr\/wp-json\/wp\/v2\/product\/31516\/revisions"}],"predecessor-version":[{"id":34161,"href":"https:\/\/foredgetech.com\/tr\/wp-json\/wp\/v2\/product\/31516\/revisions\/34161"}],"wp:featuredmedia":[{"embeddable":true,"href":"https:\/\/foredgetech.com\/tr\/wp-json\/wp\/v2\/media\/31518"}],"wp:attachment":[{"href":"https:\/\/foredgetech.com\/tr\/wp-json\/wp\/v2\/media?parent=31516"}],"wp:term":[{"taxonomy":"product_brand","embeddable":true,"href":"https:\/\/foredgetech.com\/tr\/wp-json\/wp\/v2\/product_brand?post=31516"},{"taxonomy":"product_cat","embeddable":true,"href":"https:\/\/foredgetech.com\/tr\/wp-json\/wp\/v2\/product_cat?post=31516"},{"taxonomy":"product_tag","embeddable":true,"href":"https:\/\/foredgetech.com\/tr\/wp-json\/wp\/v2\/product_tag?post=31516"}],"curies":[{"name":"wp","href":"https:\/\/api.w.org\/{rel}","templated":true}]}}