{"id":26753,"date":"2023-12-30T07:40:26","date_gmt":"2023-12-30T07:40:26","guid":{"rendered":"https:\/\/foredgetech.com\/?post_type=product&#038;p=26753"},"modified":"2025-12-19T06:21:13","modified_gmt":"2025-12-19T06:21:13","slug":"ns6024g","status":"publish","type":"product","link":"https:\/\/foredgetech.com\/tr\/urun\/ns6024g\/","title":{"rendered":"NS6024G 24 ba\u011flant\u0131 noktal\u0131 Gigabit Ethernet anahtar\u0131"},"content":{"rendered":"<div data-elementor-type=\"wp-post\" data-elementor-id=\"26753\" class=\"elementor elementor-26753\">\n\t\t\t\t\t\t<section class=\"elementor-section elementor-top-section elementor-element elementor-element-5058e617 elementor-section-full_width elementor-section-gap-beside-no elementor-section-height-default elementor-section-height-default elementor-section-column-vertical-align-stretch\" data-id=\"5058e617\" data-element_type=\"section\">\n\t\t\t\t\t\t<div class=\"elementor-container elementor-column-gap-extended\">\n\t\t\t\t\t<div class=\"elementor-column elementor-col-33 elementor-top-column elementor-element elementor-element-f61c77a\" data-id=\"f61c77a\" data-element_type=\"column\">\n\t\t\t<div class=\"elementor-widget-wrap elementor-element-populated\">\n\t\t\t\t\t\t<div class=\"elementor-element elementor-element-12229f05 elementor-widget elementor-widget-tm-modern-image\" data-id=\"12229f05\" data-element_type=\"widget\" data-widget_type=\"tm-modern-image.default\">\n\t\t\t\t<div class=\"elementor-widget-container\">\n\t\t\t\t\t\t\t<div class=\"tm-modern-image\">\n\t\t\t\t\t\t\t<div class=\"minimog-box\">\n\t\t\t\t\t<div class=\"minimog-image\">\t\t\t\t\t<m-image class=\"minimog-lazy-image\" style=\"--lazy-image-width: 300px;--lazy-image-height: 83.333333333333%;\" data-image-loading><img decoding=\"async\"  data-src=\"https:\/\/foredgetech.com\/wp-content\/uploads\/2023\/12\/NS6024G-EN-1.jpg\" width=\"300\" height=\"250\" alt=\"NS6024G-EN\" class=\"attachment-full size-full lazyload\" src=\"data:image\/svg+xml;base64,PHN2ZyB3aWR0aD0iMSIgaGVpZ2h0PSIxIiB4bWxucz0iaHR0cDovL3d3dy53My5vcmcvMjAwMC9zdmciPjwvc3ZnPg==\" style=\"--smush-placeholder-width: 300px; --smush-placeholder-aspect-ratio: 300\/250;\" \/><\/m-image>\t\t\t\t\t<\/div>\t\t\t\t<\/div>\n\t\t\t\t\t\t\t\t\t\t<\/div>\n\t\t\t\t\t\t<\/div>\n\t\t\t\t<\/div>\n\t\t\t\t\t<\/div>\n\t\t<\/div>\n\t\t\t\t<div class=\"elementor-column elementor-col-66 elementor-top-column elementor-element elementor-element-78bc78c2\" data-id=\"78bc78c2\" data-element_type=\"column\">\n\t\t\t<div class=\"elementor-widget-wrap elementor-element-populated\">\n\t\t\t\t\t\t<div class=\"elementor-element elementor-element-2052b071 elementor-widget elementor-widget-tm-heading\" data-id=\"2052b071\" data-element_type=\"widget\" data-widget_type=\"tm-heading.default\">\n\t\t\t\t<div class=\"elementor-widget-container\">\n\t\t\t\t\t\t\t<div class=\"tm-modern-heading tm-modern-heading--style-01 tm-modern-heading--highlight-style-01\">\n\t\t\t\n\t\t\t\t\t<div class=\"heading-primary-wrap\">\n\t\t\t<h4 class=\"heading-primary elementor-heading-title\">Genel Bak\u0131\u015f<\/h4>\t\t<\/div>\n\t\t\n\t\t\t\n\t\t\t\t\t<\/div>\n\t\t\t\t\t\t<\/div>\n\t\t\t\t<\/div>\n\t\t\t\t<div class=\"elementor-element elementor-element-7c6ab884 elementor-widget elementor-widget-text-editor\" data-id=\"7c6ab884\" data-element_type=\"widget\" data-widget_type=\"text-editor.default\">\n\t\t\t\t<div class=\"elementor-widget-container\">\n\t\t\t\t\t\t\t\t\t<p class=\"MsoNormal\">Tamam\u0131 tam hat h\u0131z\u0131nda y\u00f6nlendirmeyi destekleyen 24 adet 10\/100\/1000M uyarlanabilir ba\u011flant\u0131 noktas\u0131 sa\u011flay\u0131n<\/p>\t\t\t\t\t\t\t\t<\/div>\n\t\t\t\t<\/div>\n\t\t\t\t<section class=\"elementor-section elementor-inner-section elementor-element elementor-element-2afe0aab elementor-section-gap-beside-no elementor-section-full_width elementor-section-height-default elementor-section-height-default elementor-section-column-vertical-align-stretch\" data-id=\"2afe0aab\" data-element_type=\"section\">\n\t\t\t\t\t\t<div class=\"elementor-container elementor-column-gap-extended\">\n\t\t\t\t\t<div class=\"elementor-column elementor-col-33 elementor-inner-column elementor-element elementor-element-7751e85f\" data-id=\"7751e85f\" data-element_type=\"column\">\n\t\t\t<div class=\"elementor-widget-wrap elementor-element-populated\">\n\t\t\t\t\t\t<div class=\"elementor-element elementor-element-d07ae98 elementor-widget elementor-widget-tm-heading\" data-id=\"d07ae98\" data-element_type=\"widget\" data-widget_type=\"tm-heading.default\">\n\t\t\t\t<div class=\"elementor-widget-container\">\n\t\t\t\t\t\t\t<div class=\"tm-modern-heading tm-modern-heading--style-01 tm-modern-heading--highlight-style-01\">\n\t\t\t\n\t\t\t\t\t<div class=\"heading-primary-wrap\">\n\t\t\t<h6 class=\"heading-primary elementor-heading-title\">Arka panel bant geni\u015fli\u011fini de\u011fi\u015ftir<\/h6>\t\t<\/div>\n\t\t\n\t\t\t\n\t\t\t\t\t<div class=\"heading-description-wrap\">\n\t\t\t<div class=\"heading-description\">\n\t\t\t\t<p>48Gbps<\/p>\t\t\t<\/div>\n\t\t<\/div>\n\t\t\t\t<\/div>\n\t\t\t\t\t\t<\/div>\n\t\t\t\t<\/div>\n\t\t\t\t<div class=\"elementor-element elementor-element-7cf8fe9 elementor-widget elementor-widget-tm-heading\" data-id=\"7cf8fe9\" data-element_type=\"widget\" data-widget_type=\"tm-heading.default\">\n\t\t\t\t<div class=\"elementor-widget-container\">\n\t\t\t\t\t\t\t<div class=\"tm-modern-heading tm-modern-heading--style-01 tm-modern-heading--highlight-style-01\">\n\t\t\t\n\t\t\t\t\t<div class=\"heading-primary-wrap\">\n\t\t\t<h6 class=\"heading-primary elementor-heading-title\">\u00c7al\u0131\u015fma Nemi<\/h6>\t\t<\/div>\n\t\t\n\t\t\t\n\t\t\t\t\t<div class=\"heading-description-wrap\">\n\t\t\t<div class=\"heading-description\">\n\t\t\t\t<p>10% ~ 90% RH yo\u011fu\u015fmas\u0131z<\/p>\t\t\t<\/div>\n\t\t<\/div>\n\t\t\t\t<\/div>\n\t\t\t\t\t\t<\/div>\n\t\t\t\t<\/div>\n\t\t\t\t\t<\/div>\n\t\t<\/div>\n\t\t\t\t<div class=\"elementor-column elementor-col-33 elementor-inner-column elementor-element elementor-element-c6e3a56\" data-id=\"c6e3a56\" data-element_type=\"column\">\n\t\t\t<div class=\"elementor-widget-wrap elementor-element-populated\">\n\t\t\t\t\t\t<div class=\"elementor-element elementor-element-44fb51c6 elementor-widget elementor-widget-tm-heading\" data-id=\"44fb51c6\" data-element_type=\"widget\" data-widget_type=\"tm-heading.default\">\n\t\t\t\t<div class=\"elementor-widget-container\">\n\t\t\t\t\t\t\t<div class=\"tm-modern-heading tm-modern-heading--style-01 tm-modern-heading--highlight-style-01\">\n\t\t\t\n\t\t\t\t\t<div class=\"heading-primary-wrap\">\n\t\t\t<h6 class=\"heading-primary elementor-heading-title\">Paket y\u00f6nlendirme<\/h6>\t\t<\/div>\n\t\t\n\t\t\t\n\t\t\t\t\t<div class=\"heading-description-wrap\">\n\t\t\t<div class=\"heading-description\">\n\t\t\t\t<p>\u00a035.712Mpps<\/p>\t\t\t<\/div>\n\t\t<\/div>\n\t\t\t\t<\/div>\n\t\t\t\t\t\t<\/div>\n\t\t\t\t<\/div>\n\t\t\t\t<div class=\"elementor-element elementor-element-2de3256a elementor-widget elementor-widget-tm-heading\" data-id=\"2de3256a\" data-element_type=\"widget\" data-widget_type=\"tm-heading.default\">\n\t\t\t\t<div class=\"elementor-widget-container\">\n\t\t\t\t\t\t\t<div class=\"tm-modern-heading tm-modern-heading--style-01 tm-modern-heading--highlight-style-01\">\n\t\t\t\n\t\t\t\t\t<div class=\"heading-primary-wrap\">\n\t\t\t<h6 class=\"heading-primary elementor-heading-title\">Boyutlar (G \u00d7 D \u00d7 Y)<\/h6>\t\t<\/div>\n\t\t\n\t\t\t\n\t\t\t\t\t<div class=\"heading-description-wrap\">\n\t\t\t<div class=\"heading-description\">\n\t\t\t\t<p>284mm\u00d7180mm\u00d744mm<\/p>\t\t\t<\/div>\n\t\t<\/div>\n\t\t\t\t<\/div>\n\t\t\t\t\t\t<\/div>\n\t\t\t\t<\/div>\n\t\t\t\t<div class=\"elementor-element elementor-element-453d78ca elementor-widget elementor-widget-spacer\" data-id=\"453d78ca\" data-element_type=\"widget\" data-widget_type=\"spacer.default\">\n\t\t\t\t<div class=\"elementor-widget-container\">\n\t\t\t\t\t\t\t<div class=\"elementor-spacer\">\n\t\t\t<div class=\"elementor-spacer-inner\"><\/div>\n\t\t<\/div>\n\t\t\t\t\t\t<\/div>\n\t\t\t\t<\/div>\n\t\t\t\t\t<\/div>\n\t\t<\/div>\n\t\t\t\t<div class=\"elementor-column elementor-col-33 elementor-inner-column elementor-element elementor-element-63d177a8\" data-id=\"63d177a8\" data-element_type=\"column\">\n\t\t\t<div class=\"elementor-widget-wrap elementor-element-populated\">\n\t\t\t\t\t\t<div class=\"elementor-element elementor-element-47145555 elementor-widget elementor-widget-tm-heading\" data-id=\"47145555\" data-element_type=\"widget\" data-widget_type=\"tm-heading.default\">\n\t\t\t\t<div class=\"elementor-widget-container\">\n\t\t\t\t\t\t\t<div class=\"tm-modern-heading tm-modern-heading--style-01 tm-modern-heading--highlight-style-01\">\n\t\t\t\n\t\t\t\t\t<div class=\"heading-primary-wrap\">\n\t\t\t<h6 class=\"heading-primary elementor-heading-title\">anahtar ba\u011flant\u0131 noktas\u0131<\/h6>\t\t<\/div>\n\t\t\n\t\t\t\n\t\t\t\t\t<div class=\"heading-description-wrap\">\n\t\t\t<div class=\"heading-description\">\n\t\t\t\t<p>24 10\/100\/1000Mbps RJ45 ba\u011flant\u0131 noktas\u0131<\/p>\t\t\t<\/div>\n\t\t<\/div>\n\t\t\t\t<\/div>\n\t\t\t\t\t\t<\/div>\n\t\t\t\t<\/div>\n\t\t\t\t\t<\/div>\n\t\t<\/div>\n\t\t\t\t\t<\/div>\n\t\t<\/section>\n\t\t\t\t\t<\/div>\n\t\t<\/div>\n\t\t\t\t\t<\/div>\n\t\t<\/section>\n\t\t<div class=\"elementor-element elementor-element-1b74d531 e-flex e-con-boxed e-con e-parent\" data-id=\"1b74d531\" data-element_type=\"container\">\n\t\t\t\t\t<div class=\"e-con-inner\">\n\t\t\t\t<div class=\"elementor-element elementor-element-aaf7427 elementor-widget elementor-widget-image\" data-id=\"aaf7427\" data-element_type=\"widget\" data-widget_type=\"image.default\">\n\t\t\t\t<div class=\"elementor-widget-container\">\n\t\t\t\t\t\t\t\t\t\t\t\t\t\t\t<img fetchpriority=\"high\" decoding=\"async\" width=\"1920\" height=\"756\" src=\"https:\/\/foredgetech.com\/wp-content\/uploads\/2023\/12\/A1-1.jpg\" class=\"attachment-full size-full wp-image-29238\" alt=\"\" srcset=\"https:\/\/foredgetech.com\/wp-content\/uploads\/2023\/12\/A1-1.jpg 1920w, https:\/\/foredgetech.com\/wp-content\/uploads\/2023\/12\/A1-1-150x59.jpg 150w, https:\/\/foredgetech.com\/wp-content\/uploads\/2023\/12\/A1-1-600x236.jpg 600w, https:\/\/foredgetech.com\/wp-content\/uploads\/2023\/12\/A1-1-300x118.jpg 300w, https:\/\/foredgetech.com\/wp-content\/uploads\/2023\/12\/A1-1-1024x403.jpg 1024w, https:\/\/foredgetech.com\/wp-content\/uploads\/2023\/12\/A1-1-768x302.jpg 768w, https:\/\/foredgetech.com\/wp-content\/uploads\/2023\/12\/A1-1-1536x605.jpg 1536w\" sizes=\"(max-width: 1920px) 100vw, 1920px\" \/>\t\t\t\t\t\t\t\t\t\t\t\t\t\t\t<\/div>\n\t\t\t\t<\/div>\n\t\t\t\t<div class=\"elementor-element elementor-element-32289a0 elementor-widget elementor-widget-image\" data-id=\"32289a0\" data-element_type=\"widget\" data-widget_type=\"image.default\">\n\t\t\t\t<div class=\"elementor-widget-container\">\n\t\t\t\t\t\t\t\t\t\t\t\t\t\t\t<img decoding=\"async\" width=\"1920\" height=\"756\" data-src=\"https:\/\/foredgetech.com\/wp-content\/uploads\/2023\/12\/B2-1.jpg\" class=\"attachment-full size-full wp-image-29239 lazyload\" alt=\"\" data-srcset=\"https:\/\/foredgetech.com\/wp-content\/uploads\/2023\/12\/B2-1.jpg 1920w, https:\/\/foredgetech.com\/wp-content\/uploads\/2023\/12\/B2-1-150x59.jpg 150w, https:\/\/foredgetech.com\/wp-content\/uploads\/2023\/12\/B2-1-600x236.jpg 600w, https:\/\/foredgetech.com\/wp-content\/uploads\/2023\/12\/B2-1-300x118.jpg 300w, https:\/\/foredgetech.com\/wp-content\/uploads\/2023\/12\/B2-1-1024x403.jpg 1024w, https:\/\/foredgetech.com\/wp-content\/uploads\/2023\/12\/B2-1-768x302.jpg 768w, https:\/\/foredgetech.com\/wp-content\/uploads\/2023\/12\/B2-1-1536x605.jpg 1536w\" data-sizes=\"(max-width: 1920px) 100vw, 1920px\" src=\"data:image\/svg+xml;base64,PHN2ZyB3aWR0aD0iMSIgaGVpZ2h0PSIxIiB4bWxucz0iaHR0cDovL3d3dy53My5vcmcvMjAwMC9zdmciPjwvc3ZnPg==\" style=\"--smush-placeholder-width: 1920px; --smush-placeholder-aspect-ratio: 1920\/756;\" \/>\t\t\t\t\t\t\t\t\t\t\t\t\t\t\t<\/div>\n\t\t\t\t<\/div>\n\t\t\t\t<div class=\"elementor-element elementor-element-6aa0f95 elementor-widget elementor-widget-image\" data-id=\"6aa0f95\" data-element_type=\"widget\" data-widget_type=\"image.default\">\n\t\t\t\t<div class=\"elementor-widget-container\">\n\t\t\t\t\t\t\t\t\t\t\t\t\t\t\t<img decoding=\"async\" width=\"1920\" height=\"756\" data-src=\"https:\/\/foredgetech.com\/wp-content\/uploads\/2023\/12\/C3\u4f18\u70b9-\u767d-1.jpg\" class=\"attachment-full size-full wp-image-29240 lazyload\" alt=\"\" data-srcset=\"https:\/\/foredgetech.com\/wp-content\/uploads\/2023\/12\/C3\u4f18\u70b9-\u767d-1.jpg 1920w, https:\/\/foredgetech.com\/wp-content\/uploads\/2023\/12\/C3\u4f18\u70b9-\u767d-1-150x59.jpg 150w, https:\/\/foredgetech.com\/wp-content\/uploads\/2023\/12\/C3\u4f18\u70b9-\u767d-1-600x236.jpg 600w, https:\/\/foredgetech.com\/wp-content\/uploads\/2023\/12\/C3\u4f18\u70b9-\u767d-1-300x118.jpg 300w, https:\/\/foredgetech.com\/wp-content\/uploads\/2023\/12\/C3\u4f18\u70b9-\u767d-1-1024x403.jpg 1024w, https:\/\/foredgetech.com\/wp-content\/uploads\/2023\/12\/C3\u4f18\u70b9-\u767d-1-768x302.jpg 768w, https:\/\/foredgetech.com\/wp-content\/uploads\/2023\/12\/C3\u4f18\u70b9-\u767d-1-1536x605.jpg 1536w\" data-sizes=\"(max-width: 1920px) 100vw, 1920px\" src=\"data:image\/svg+xml;base64,PHN2ZyB3aWR0aD0iMSIgaGVpZ2h0PSIxIiB4bWxucz0iaHR0cDovL3d3dy53My5vcmcvMjAwMC9zdmciPjwvc3ZnPg==\" style=\"--smush-placeholder-width: 1920px; --smush-placeholder-aspect-ratio: 1920\/756;\" \/>\t\t\t\t\t\t\t\t\t\t\t\t\t\t\t<\/div>\n\t\t\t\t<\/div>\n\t\t\t\t<div class=\"elementor-element elementor-element-0da5a56 elementor-widget elementor-widget-image\" data-id=\"0da5a56\" data-element_type=\"widget\" data-widget_type=\"image.default\">\n\t\t\t\t<div class=\"elementor-widget-container\">\n\t\t\t\t\t\t\t\t\t\t\t\t\t\t\t<img decoding=\"async\" width=\"1920\" height=\"756\" data-src=\"https:\/\/foredgetech.com\/wp-content\/uploads\/2023\/12\/D4-\u5168\u7ebf\u901f\u8f6c\u53d1-1.jpg\" class=\"attachment-full size-full wp-image-29241 lazyload\" alt=\"\" data-srcset=\"https:\/\/foredgetech.com\/wp-content\/uploads\/2023\/12\/D4-\u5168\u7ebf\u901f\u8f6c\u53d1-1.jpg 1920w, https:\/\/foredgetech.com\/wp-content\/uploads\/2023\/12\/D4-\u5168\u7ebf\u901f\u8f6c\u53d1-1-150x59.jpg 150w, https:\/\/foredgetech.com\/wp-content\/uploads\/2023\/12\/D4-\u5168\u7ebf\u901f\u8f6c\u53d1-1-600x236.jpg 600w, https:\/\/foredgetech.com\/wp-content\/uploads\/2023\/12\/D4-\u5168\u7ebf\u901f\u8f6c\u53d1-1-300x118.jpg 300w, https:\/\/foredgetech.com\/wp-content\/uploads\/2023\/12\/D4-\u5168\u7ebf\u901f\u8f6c\u53d1-1-1024x403.jpg 1024w, https:\/\/foredgetech.com\/wp-content\/uploads\/2023\/12\/D4-\u5168\u7ebf\u901f\u8f6c\u53d1-1-768x302.jpg 768w, https:\/\/foredgetech.com\/wp-content\/uploads\/2023\/12\/D4-\u5168\u7ebf\u901f\u8f6c\u53d1-1-1536x605.jpg 1536w\" data-sizes=\"(max-width: 1920px) 100vw, 1920px\" src=\"data:image\/svg+xml;base64,PHN2ZyB3aWR0aD0iMSIgaGVpZ2h0PSIxIiB4bWxucz0iaHR0cDovL3d3dy53My5vcmcvMjAwMC9zdmciPjwvc3ZnPg==\" style=\"--smush-placeholder-width: 1920px; --smush-placeholder-aspect-ratio: 1920\/756;\" \/>\t\t\t\t\t\t\t\t\t\t\t\t\t\t\t<\/div>\n\t\t\t\t<\/div>\n\t\t\t\t<div class=\"elementor-element elementor-element-9f20e70 elementor-widget elementor-widget-image\" data-id=\"9f20e70\" data-element_type=\"widget\" data-widget_type=\"image.default\">\n\t\t\t\t<div class=\"elementor-widget-container\">\n\t\t\t\t\t\t\t\t\t\t\t\t\t\t\t<img decoding=\"async\" width=\"1920\" height=\"756\" data-src=\"https:\/\/foredgetech.com\/wp-content\/uploads\/2023\/12\/E5-\u6e29\u5dee-\u6781\u70ed\u6781\u5bd2-1.jpg\" class=\"attachment-full size-full wp-image-29242 lazyload\" alt=\"\" data-srcset=\"https:\/\/foredgetech.com\/wp-content\/uploads\/2023\/12\/E5-\u6e29\u5dee-\u6781\u70ed\u6781\u5bd2-1.jpg 1920w, https:\/\/foredgetech.com\/wp-content\/uploads\/2023\/12\/E5-\u6e29\u5dee-\u6781\u70ed\u6781\u5bd2-1-150x59.jpg 150w, https:\/\/foredgetech.com\/wp-content\/uploads\/2023\/12\/E5-\u6e29\u5dee-\u6781\u70ed\u6781\u5bd2-1-600x236.jpg 600w, https:\/\/foredgetech.com\/wp-content\/uploads\/2023\/12\/E5-\u6e29\u5dee-\u6781\u70ed\u6781\u5bd2-1-300x118.jpg 300w, https:\/\/foredgetech.com\/wp-content\/uploads\/2023\/12\/E5-\u6e29\u5dee-\u6781\u70ed\u6781\u5bd2-1-1024x403.jpg 1024w, https:\/\/foredgetech.com\/wp-content\/uploads\/2023\/12\/E5-\u6e29\u5dee-\u6781\u70ed\u6781\u5bd2-1-768x302.jpg 768w, https:\/\/foredgetech.com\/wp-content\/uploads\/2023\/12\/E5-\u6e29\u5dee-\u6781\u70ed\u6781\u5bd2-1-1536x605.jpg 1536w\" data-sizes=\"(max-width: 1920px) 100vw, 1920px\" src=\"data:image\/svg+xml;base64,PHN2ZyB3aWR0aD0iMSIgaGVpZ2h0PSIxIiB4bWxucz0iaHR0cDovL3d3dy53My5vcmcvMjAwMC9zdmciPjwvc3ZnPg==\" style=\"--smush-placeholder-width: 1920px; --smush-placeholder-aspect-ratio: 1920\/756;\" \/>\t\t\t\t\t\t\t\t\t\t\t\t\t\t\t<\/div>\n\t\t\t\t<\/div>\n\t\t\t\t\t<\/div>\n\t\t\t\t<\/div>\n\t\t<div class=\"elementor-element elementor-element-4ce676b e-flex e-con-boxed e-con e-parent\" data-id=\"4ce676b\" data-element_type=\"container\">\n\t\t\t\t\t<div class=\"e-con-inner\">\n\t\t\t\t<div class=\"elementor-element elementor-element-142864b elementor-widget elementor-widget-heading\" data-id=\"142864b\" data-element_type=\"widget\" data-widget_type=\"heading.default\">\n\t\t\t\t<div class=\"elementor-widget-container\">\n\t\t\t\t\t<h2 class=\"elementor-heading-title elementor-size-default\">Teknik \u00d6zellikler<\/h2>\t\t\t\t<\/div>\n\t\t\t\t<\/div>\n\t\t\t\t<div class=\"elementor-element elementor-element-c85a48f elementor-widget elementor-widget-text-editor\" data-id=\"c85a48f\" data-element_type=\"widget\" data-widget_type=\"text-editor.default\">\n\t\t\t\t<div class=\"elementor-widget-container\">\n\t\t\t\t\t\t\t\t\t<p><strong>\u00a0<\/strong><\/p><table width=\"501\"><tbody><tr><td width=\"113\"><p><strong>Aray\u00fcz<\/strong><\/p><\/td><td width=\"388\"><p>\u25cf 24 10\/100\/1000Mbps RJ45 ba\u011flant\u0131 noktas\u0131<\/p><\/td><\/tr><tr><td width=\"113\"><p><strong>Standartlar<\/strong><\/p><\/td><td width=\"388\"><p>\u25cf IEEE 802.3i\u3001 IEEE 802.3u\u3001IEEE 802.3x\u3001 IEEE 802.3ab<\/p><\/td><\/tr><tr><td width=\"113\"><p><strong>Performans<\/strong><\/p><\/td><td width=\"388\"><p>Anahtarlama Kapasitesi \uff1a 48Gbps (blokajs\u0131z)<\/p><p>Paket y\u00f6nlendirme h\u0131z\u0131 \uff1a 35,7Mpps<\/p><p>MAC tablosu\uff1a8K<\/p><p>Y\u00f6nlendirme modu: Sakla ve ilet<\/p><\/td><\/tr><tr><td width=\"113\"><p><strong>LED<\/strong><\/p><p><strong>G\u00f6sterge<\/strong><\/p><\/td><td width=\"388\"><p>G\u00fc\u00e7 g\u00f6stergesi \uff1a1<\/p><p>\u25cf LINK\/ACT g\u00f6stergesi\uff1a24<\/p><\/td><\/tr><tr><td width=\"113\"><p><strong>G\u00fc\u00e7<\/strong><\/p><\/td><td width=\"388\"><p>Giri\u015f \uff1aAC 100-240V\/50-60Hz<\/p><\/td><\/tr><tr><td width=\"113\"><p><strong>Boyutlar<\/strong><\/p><\/td><td width=\"388\"><p>\u25cf LxWx H\uff1a284mm*180mm*44mm<\/p><\/td><\/tr><tr><td width=\"113\"><p><strong>\u00c7evre<\/strong><\/p><\/td><td width=\"388\"><p>\u00c7al\u0131\u015fma s\u0131cakl\u0131\u011f\u0131: 0 \u00b0C ~ 40 \u00b0C<\/p><p>Depolama s\u0131cakl\u0131\u011f\u0131: -40 \u00b0C ~ 70 \u00b0C<\/p><p>\u00c7al\u0131\u015fma nemi: 10% ~ 90% RH yo\u011funla\u015fmaz<\/p><p>Depolama nemi: 5%~90% RH yo\u011fu\u015fmas\u0131z<\/p><\/td><\/tr><tr><td width=\"113\"><p><strong>G\u00fcvenlik<\/strong><\/p><\/td><td width=\"388\"><p>CE\/ROHS\/FCC<\/p><\/td><\/tr><tr><td colspan=\"2\" width=\"501\"><p><strong>Yaz\u0131l\u0131m Ayr\u0131\u015ft\u0131rmalar\u0131<\/strong><\/p><\/td><\/tr><tr><td width=\"113\"><p><strong>Sistem<\/strong><\/p><p><strong>Y\u00f6netim<\/strong><\/p><\/td><td width=\"388\"><p>Cihaz Bilgileri<\/p><p>A\u011f yap\u0131land\u0131rmas\u0131<\/p><p>Hesap y\u00f6netimi<\/p><p>Sistem yeniden ba\u015flatma<\/p><p>Sistem y\u00fckseltme<\/p><\/td><\/tr><tr><td width=\"113\"><p><strong>\u0130zleme<\/strong><\/p><p><strong>Y\u00f6netim<\/strong><\/p><\/td><td width=\"388\"><p>Paket istatistikleri<\/p><\/td><\/tr><tr><td width=\"113\"><p><strong>Liman<\/strong><\/p><p><strong>Konfig\u00fcrasyon<\/strong><\/p><\/td><td width=\"388\"><p>Ba\u011flant\u0131 noktas\u0131 yap\u0131land\u0131rmas\u0131<\/p><p>Liman izolasyonu<\/p><p>Ba\u011flant\u0131 noktas\u0131 yans\u0131tma<\/p><\/td><\/tr><tr><td width=\"113\"><p><strong>QoS<\/strong><\/p><\/td><td width=\"388\"><p>F\u0131rt\u0131na bast\u0131rma<\/p><p>Liman h\u0131z s\u0131n\u0131r\u0131<\/p><\/td><\/tr><tr><td width=\"113\"><p><strong>VLAN<\/strong><\/p><\/td><td width=\"388\"><p>VLAN \u00fcyesi<\/p><p>VLAN yap\u0131land\u0131rmas\u0131<\/p><\/td><\/tr><tr><td width=\"113\"><p><strong>Y\u00f6netim<\/strong><\/p><\/td><td width=\"388\"><p>WEB UI y\u00f6netimini destekleyin<\/p><p>Apollo bulut platformu y\u00f6netimini destekleyin<\/p><\/td><\/tr><\/tbody><\/table><p>\u00a0<\/p>\t\t\t\t\t\t\t\t<\/div>\n\t\t\t\t<\/div>\n\t\t\t\t\t<\/div>\n\t\t\t\t<\/div>\n\t\t\t\t<\/div>","protected":false},"excerpt":{"rendered":"<ul>\n<li>24 10\/100\/1000Mbps RJ45 ba\u011flant\u0131 noktas\u0131<\/li>\n<li>K\u00fc\u00e7\u00fck hacimli ki\u015fiselle\u015ftirilmi\u015f tasar\u0131m, k\u00fc\u00e7\u00fck alanlarda esnek da\u011f\u0131t\u0131m<\/li>\n<li>Fan yok, do\u011fal \u0131s\u0131 da\u011f\u0131l\u0131m\u0131, sessiz ve enerji tasarrufu<\/li>\n<\/ul>","protected":false},"featured_media":26755,"template":"","meta":[],"product_brand":[],"product_cat":[585],"product_tag":[],"class_list":{"0":"post-26753","1":"product","2":"type-product","3":"status-publish","4":"has-post-thumbnail","6":"product_cat-cctv-product-series-enterprise-network","7":"pa_series-cloud-switch","8":"pa_series-ethernet-series","10":"first","11":"instock","12":"shipping-taxable","13":"product-type-simple"},"_links":{"self":[{"href":"https:\/\/foredgetech.com\/tr\/wp-json\/wp\/v2\/product\/26753","targetHints":{"allow":["GET"]}}],"collection":[{"href":"https:\/\/foredgetech.com\/tr\/wp-json\/wp\/v2\/product"}],"about":[{"href":"https:\/\/foredgetech.com\/tr\/wp-json\/wp\/v2\/types\/product"}],"version-history":[{"count":3,"href":"https:\/\/foredgetech.com\/tr\/wp-json\/wp\/v2\/product\/26753\/revisions"}],"predecessor-version":[{"id":34332,"href":"https:\/\/foredgetech.com\/tr\/wp-json\/wp\/v2\/product\/26753\/revisions\/34332"}],"wp:featuredmedia":[{"embeddable":true,"href":"https:\/\/foredgetech.com\/tr\/wp-json\/wp\/v2\/media\/26755"}],"wp:attachment":[{"href":"https:\/\/foredgetech.com\/tr\/wp-json\/wp\/v2\/media?parent=26753"}],"wp:term":[{"taxonomy":"product_brand","embeddable":true,"href":"https:\/\/foredgetech.com\/tr\/wp-json\/wp\/v2\/product_brand?post=26753"},{"taxonomy":"product_cat","embeddable":true,"href":"https:\/\/foredgetech.com\/tr\/wp-json\/wp\/v2\/product_cat?post=26753"},{"taxonomy":"product_tag","embeddable":true,"href":"https:\/\/foredgetech.com\/tr\/wp-json\/wp\/v2\/product_tag?post=26753"}],"curies":[{"name":"wp","href":"https:\/\/api.w.org\/{rel}","templated":true}]}}