{"id":28543,"date":"2024-01-04T05:38:10","date_gmt":"2024-01-04T05:38:10","guid":{"rendered":"https:\/\/foredgetech.com\/?page_id=28543"},"modified":"2024-06-28T10:13:08","modified_gmt":"2024-06-28T10:13:08","slug":"data-security","status":"publish","type":"page","link":"https:\/\/foredgetech.com\/tr\/data-security\/","title":{"rendered":"veri\u0307 g\u00fcvenli\u0307\u011fi\u0307"},"content":{"rendered":"<div data-elementor-type=\"wp-page\" data-elementor-id=\"28543\" class=\"elementor elementor-28543\">\n\t\t\t\t<div class=\"elementor-element elementor-element-136e92b2 e-flex e-con-boxed e-con e-parent\" data-id=\"136e92b2\" data-element_type=\"container\">\n\t\t\t\t\t<div class=\"e-con-inner\">\n\t\t<div class=\"elementor-element elementor-element-d799229 e-flex e-con-boxed e-con e-child\" data-id=\"d799229\" data-element_type=\"container\">\n\t\t\t\t\t<div class=\"e-con-inner\">\n\t\t\t\t<div class=\"elementor-element elementor-element-eeb5e6a elementor-widget elementor-widget-heading\" data-id=\"eeb5e6a\" data-element_type=\"widget\" data-widget_type=\"heading.default\">\n\t\t\t\t<div class=\"elementor-widget-container\">\n\t\t\t\t\t<h2 class=\"elementor-heading-title elementor-size-default\">Foredge Kullan\u0131c\u0131 Veri G\u00fcvenli\u011fi Koruma Beyan\u0131<\/h2>\t\t\t\t<\/div>\n\t\t\t\t<\/div>\n\t\t\t\t<div class=\"elementor-element elementor-element-444ff33 elementor-widget elementor-widget-text-editor\" data-id=\"444ff33\" data-element_type=\"widget\" data-widget_type=\"text-editor.default\">\n\t\t\t\t<div class=\"elementor-widget-container\">\n\t\t\t\t\t\t\t\t\t<p>Bu beyan, olas\u0131 t\u00fcm kullan\u0131c\u0131 verisi i\u015fleme senaryolar\u0131n\u0131 kapsamayabilir. Belirli senaryolarda kullan\u0131c\u0131 verilerinin i\u015flenmesini i\u00e7eren a\u00e7\u0131klamalar Foredge taraf\u0131ndan ek bir beyanda veya kullan\u0131c\u0131 verileri toplanmadan \u00f6nce sa\u011flanabilir.<\/p>\t\t\t\t\t\t\t\t<\/div>\n\t\t\t\t<\/div>\n\t\t\t\t<div class=\"elementor-element elementor-element-0aaed43 elementor-widget elementor-widget-heading\" data-id=\"0aaed43\" data-element_type=\"widget\" data-widget_type=\"heading.default\">\n\t\t\t\t<div class=\"elementor-widget-container\">\n\t\t\t\t\t<h4 class=\"elementor-heading-title elementor-size-default\">Kullan\u0131c\u0131 verilerini topluyor ve kullan\u0131yoruz<\/h4>\t\t\t\t<\/div>\n\t\t\t\t<\/div>\n\t\t\t\t<div class=\"elementor-element elementor-element-bdfab3b elementor-widget elementor-widget-text-editor\" data-id=\"bdfab3b\" data-element_type=\"widget\" data-widget_type=\"text-editor.default\">\n\t\t\t\t<div class=\"elementor-widget-container\">\n\t\t\t\t\t\t\t\t\t<p>Kullan\u0131c\u0131 verileri, tek ba\u015f\u0131na veya di\u011fer bilgilerle birlikte kullan\u0131ld\u0131\u011f\u0131nda belirli bir kullan\u0131c\u0131y\u0131 tan\u0131mlayabilen bilgileri ifade eder. Bu beyan\u0131 okuduktan ve kabul ettikten sonra, size kaliteli hizmetler sunmak i\u00e7in \u00fcr\u00fcnlerimizi veya hizmetlerimizi kullan\u0131rken kullan\u0131c\u0131 verileri toplanacakt\u0131r. Kullan\u0131c\u0131 Verilerinizi ayr\u0131ca dahili denetimler, veri analizi ve ara\u015ft\u0131rma yapmak ve \u00fcr\u00fcnlerimizi ve hizmetlerimizi geli\u015ftirmek i\u00e7in de kullanabiliriz.<\/p>\n<p><img fetchpriority=\"high\" decoding=\"async\" class=\"aligncenter wp-image-28549 size-full\" src=\"https:\/\/foredgetech.com\/wp-content\/uploads\/2024\/01\/\u56fe\u72471-2.png\" alt=\"\" width=\"1269\" height=\"224\" srcset=\"https:\/\/foredgetech.com\/wp-content\/uploads\/2024\/01\/\u56fe\u72471-2.png 1269w, https:\/\/foredgetech.com\/wp-content\/uploads\/2024\/01\/\u56fe\u72471-2-150x26.png 150w, https:\/\/foredgetech.com\/wp-content\/uploads\/2024\/01\/\u56fe\u72471-2-600x106.png 600w, https:\/\/foredgetech.com\/wp-content\/uploads\/2024\/01\/\u56fe\u72471-2-300x53.png 300w, https:\/\/foredgetech.com\/wp-content\/uploads\/2024\/01\/\u56fe\u72471-2-1024x181.png 1024w, https:\/\/foredgetech.com\/wp-content\/uploads\/2024\/01\/\u56fe\u72471-2-768x136.png 768w\" sizes=\"(max-width: 1269px) 100vw, 1269px\" \/><\/p>\t\t\t\t\t\t\t\t<\/div>\n\t\t\t\t<\/div>\n\t\t\t\t<div class=\"elementor-element elementor-element-a5f4563 elementor-widget elementor-widget-heading\" data-id=\"a5f4563\" data-element_type=\"widget\" data-widget_type=\"heading.default\">\n\t\t\t\t<div class=\"elementor-widget-container\">\n\t\t\t\t\t<h4 class=\"elementor-heading-title elementor-size-default\">Kullan\u0131c\u0131 verilerinin korunmas\u0131<\/h4>\t\t\t\t<\/div>\n\t\t\t\t<\/div>\n\t\t\t\t<div class=\"elementor-element elementor-element-76cbe4f elementor-widget elementor-widget-text-editor\" data-id=\"76cbe4f\" data-element_type=\"widget\" data-widget_type=\"text-editor.default\">\n\t\t\t\t<div class=\"elementor-widget-container\">\n\t\t\t\t\t\t\t\t\t<p>Foredge, kullan\u0131c\u0131n\u0131n yetkisi ve onay\u0131 olmadan hi\u00e7bir kullan\u0131c\u0131 verisine eri\u015fmeyecek ve pratik teknik g\u00fcvenlik ve organizasyonel \u00f6nlemler alm\u0131\u015ft\u0131r:<br \/>Kullan\u0131c\u0131lar, ki\u015fisel olarak tan\u0131mlanabilir hassas bilgileri (e-posta adresi, cep telefonu numaras\u0131 vb.) verme ve kapatma hakk\u0131na sahiptir. Bu bilgiler AES-256 \u015fifreleme algoritmas\u0131* ile korunur ve kullan\u0131c\u0131 gizlili\u011fini ve Veri G\u00fcvenli\u011fini sa\u011flamak i\u00e7in \u00e7ok katmanl\u0131 bir veri g\u00fcvenli\u011fi koruma mekanizmas\u0131 arac\u0131l\u0131\u011f\u0131yla ASW CLOUD veri merkezinde saklan\u0131r.<br \/>Sunucular\u0131m\u0131z hizmet sa\u011flarken yaln\u0131zca anahtarla ilgili cihaz ve uygulama bilgilerini tan\u0131mlar. Bu i\u015flem s\u0131ras\u0131nda herhangi bir kullan\u0131c\u0131 verisine eri\u015fmiyoruz.<br \/>*AES-256 \u015fifreleme algoritmas\u0131 \u015fu anda en g\u00fcvenli simetrik \u015fifreleme algoritmas\u0131 olarak kabul edilmektedir. Anahtar uzunlu\u011fu 256 bittir ve finansal i\u015flemler ve t\u0131bbi kay\u0131tlar gibi hassas verileri korumak i\u00e7in yayg\u0131n olarak kullan\u0131l\u0131r.<\/p>\t\t\t\t\t\t\t\t<\/div>\n\t\t\t\t<\/div>\n\t\t\t\t<div class=\"elementor-element elementor-element-05891ae elementor-widget elementor-widget-heading\" data-id=\"05891ae\" data-element_type=\"widget\" data-widget_type=\"heading.default\">\n\t\t\t\t<div class=\"elementor-widget-container\">\n\t\t\t\t\t<h4 class=\"elementor-heading-title elementor-size-default\">Veri depolama g\u00fcvenli\u011fi<\/h4>\t\t\t\t<\/div>\n\t\t\t\t<\/div>\n\t\t\t\t<div class=\"elementor-element elementor-element-1cad6b0 elementor-widget elementor-widget-text-editor\" data-id=\"1cad6b0\" data-element_type=\"widget\" data-widget_type=\"text-editor.default\">\n\t\t\t\t<div class=\"elementor-widget-container\">\n\t\t\t\t\t\t\t\t\t<p>Parolalar\u0131n saklanmas\u0131n\u0131 ve AES256 \u015fifrelemesinin kullan\u0131lmas\u0131n\u0131 destekler. \u015eifreleme i\u015flevi a\u00e7\u0131ld\u0131\u011f\u0131nda, yaln\u0131zca kullan\u0131c\u0131n\u0131n yerle\u015fik depolama verilerine eri\u015fme izni vard\u0131r ve Foredge \u015fifreyi alamaz.<br \/>Veriler istek \u00fczerine silinebilir<br \/>Cihaz\u0131 kullan\u0131rken olu\u015fturulan t\u00fcm verileri silecek olan verileri temizleme ve hesaplar\u0131 silme yollar\u0131 sunuyoruz:<br \/>Hesab\u0131n\u0131z\u0131 Foredge Explorer uygulamas\u0131 arac\u0131l\u0131\u011f\u0131yla silebilir ve hesapla ili\u015fkili t\u00fcm verilerin yan\u0131 s\u0131ra uygulaman\u0131n g\u00fcnl\u00fcklerini ve \u00f6nbelle\u011fini de silebilirsiniz.<br \/>Hesap silindikten sonra, sunucudaki g\u00fcnl\u00fckler ve di\u011fer bilgiler otomatik olarak silinecektir.<br \/>Cihaz\u0131n\u0131z\u0131n fabrika ayarlar\u0131n\u0131 cihaz\u0131n\u0131zdaki sistem ayarlar\u0131 arac\u0131l\u0131\u011f\u0131yla geri y\u00fckleyebilirsiniz.<\/p>\t\t\t\t\t\t\t\t<\/div>\n\t\t\t\t<\/div>\n\t\t\t\t<div class=\"elementor-element elementor-element-283ced2 elementor-widget elementor-widget-heading\" data-id=\"283ced2\" data-element_type=\"widget\" data-widget_type=\"heading.default\">\n\t\t\t\t<div class=\"elementor-widget-container\">\n\t\t\t\t\t<h4 class=\"elementor-heading-title elementor-size-default\">Kullan\u0131c\u0131 verileri s\u0131n\u0131r \u00f6tesine nas\u0131l aktar\u0131l\u0131r?<\/h4>\t\t\t\t<\/div>\n\t\t\t\t<\/div>\n\t\t\t\t<div class=\"elementor-element elementor-element-5defc7f elementor-widget elementor-widget-text-editor\" data-id=\"5defc7f\" data-element_type=\"widget\" data-widget_type=\"text-editor.default\">\n\t\t\t\t<div class=\"elementor-widget-container\">\n\t\t\t\t\t\t\t\t\t<p>K\u00fcresel bir \u015firket olarak, Foredge taraf\u0131ndan toplanan kullan\u0131c\u0131 verileriniz, \u00fcr\u00fcnlerimizi ve hizmetlerimizi kulland\u0131\u011f\u0131n\u0131z \u00fclkede\/b\u00f6lgede veya Foredge'in veya ba\u011fl\u0131 kurulu\u015flar\u0131n\u0131n, i\u015ftiraklerinin, hizmet sa\u011flay\u0131c\u0131lar\u0131n\u0131n veya i\u015f ortaklar\u0131n\u0131n bulundu\u011fu \u00fclkede\/b\u00f6lgede i\u015fleme veya eri\u015fim i\u00e7in saklanabilir. Bu yarg\u0131 b\u00f6lgeleri farkl\u0131 veri koruma yasalar\u0131na sahip olabilir.<br \/>Bu gibi durumlarda Foredge, veri sahibinin kullan\u0131c\u0131 verilerinin AB'den Avrupa Komisyonu taraf\u0131ndan tan\u0131nmayan bir veri koruma seviyesine sahip bir \u00fclkeye veya b\u00f6lgeye aktar\u0131lmas\u0131 da dahil olmak \u00fczere, verilerin bu Bildirimin gerekliliklerine ve ge\u00e7erli yasalara uygun olarak i\u015flenmesini sa\u011flamak i\u00e7in ad\u0131mlar atacakt\u0131r. Avrupa Komisyonu taraf\u0131ndan onaylanan standart s\u00f6zle\u015fme maddelerinin imzalanmas\u0131, s\u0131n\u0131r \u00f6tesi aktar\u0131mlar i\u00e7in AB'deki veri sahiplerinden onay al\u0131nmas\u0131, s\u0131n\u0131r \u00f6tesi aktar\u0131mlardan \u00f6nce kullan\u0131c\u0131 verilerinin anonimle\u015ftirilmesi ve di\u011fer g\u00fcvenlik \u00f6nlemleri gibi \u00e7e\u015fitli yasal mekanizmalar kullanabiliriz.<\/p>\t\t\t\t\t\t\t\t<\/div>\n\t\t\t\t<\/div>\n\t\t\t\t<div class=\"elementor-element elementor-element-69a71ff elementor-widget elementor-widget-heading\" data-id=\"69a71ff\" data-element_type=\"widget\" data-widget_type=\"heading.default\">\n\t\t\t\t<div class=\"elementor-widget-container\">\n\t\t\t\t\t<h4 class=\"elementor-heading-title elementor-size-default\">Bu beyan nas\u0131l g\u00fcncellenir?<\/h4>\t\t\t\t<\/div>\n\t\t\t\t<\/div>\n\t\t\t\t<div class=\"elementor-element elementor-element-a8e9fd8 elementor-widget elementor-widget-text-editor\" data-id=\"a8e9fd8\" data-element_type=\"widget\" data-widget_type=\"text-editor.default\">\n\t\t\t\t<div class=\"elementor-widget-container\">\n\t\t\t\t\t\t\t\t\t<p>Foredge, bu beyan\u0131 istedi\u011fi zaman g\u00fcncelleme veya de\u011fi\u015ftirme hakk\u0131n\u0131 sakl\u0131 tutar. Herhangi bir de\u011fi\u015fiklik olursa, en son gizlilik bildirimini bu sayfada yay\u0131nlayaca\u011f\u0131z. Bu gizlilik bildiriminde \u00f6nemli de\u011fi\u015fiklikler olmas\u0131 halinde, sizi farkl\u0131 kanallar arac\u0131l\u0131\u011f\u0131yla bilgilendirebiliriz.<\/p>\t\t\t\t\t\t\t\t<\/div>\n\t\t\t\t<\/div>\n\t\t\t\t\t<\/div>\n\t\t\t\t<\/div>\n\t\t\t\t\t<\/div>\n\t\t\t\t<\/div>\n\t\t\t\t<\/div>","protected":false},"excerpt":{"rendered":"<p>Foredge User Data Security Protection Statement This statement may not cover all possible user data processing scenarios. Statements involving user data processing in specific scenarios may be provided by Foredge in a supplementary statement or before collecting user data. We collect and use user data User data refers to information that can identify a specific user when used alone or in combination with other information. After reading and agreeing to this statement, user data will be collected when using our products or services to provide you with quality services. We may also use your User Data to conduct internal audits, data analysis and research, and to improve our products and services. User data protection Foredge will not access any user data without the user&#8217;s authorization and consent, and has taken practical technical security and organizational measures:Users have the right to grant and close personally identifiable sensitive information (such as email address, mobile phone number, etc.). This information is protected by the AES-256 encryption algorithm* and stored in the ASW CLOUD data center through a multi-layer data security protection mechanism to ensure user privacy and Data Security.Our servers only identify switch-related device and application information when providing services. We do not access any user data during this process.*AES-256 encryption algorithm is currently recognized as the most secure symmetric encryption algorithm. Its key length is 256 bits and is widely used to protect sensitive data such as financial transactions and medical records. Data storage security Supports storing passwords and using AES256 encryption. When the encryption function is turned on, only the user has the permission to access the onboard storage data, and Foredge cannot obtain the password.Data can be erased on requestWe offer ways to clear data and delete accounts, which will delete any data generated while using the device:You can delete your account through the Foredge Explorer application and delete all data associated with the account as well as the logs and cache of the application itself.After the account is deleted, logs and other information on the server will be automatically deleted.You can restore your device&#8217;s factory settings through the system settings on your device. How to transfer user data across borders As a global company, your user data collected by Foredge may be stored in the country\/region where you use our products and services, or where Foredge or its affiliates, subsidiaries, service providers or business partners exist. country\/region for processing or access. These jurisdictions may have different data protection laws.In such cases, Foredge will take steps to ensure that the data is processed in accordance with the requirements of this Statement and applicable law, including when the data subject&#8217;s user data is transferred from the EU to a country or region that has a level of data protection that has not been recognized by the European Commission. We may use various legal mechanisms, such as signing standard contractual clauses approved by the European Commission, obtaining consent from data subjects in the EU for cross-border transfers, anonymizing user data before cross-border transfers and other security measures. How this statement is updated Foredge reserves the right to update or change this statement at any time. If there are any changes, we will post the latest privacy statement on this page. If there are major changes to this privacy statement, we may notify you through different channels.<\/p>","protected":false},"author":1,"featured_media":0,"parent":0,"menu_order":0,"comment_status":"closed","ping_status":"closed","template":"","meta":{"footnotes":""},"class_list":["post-28543","page","type-page","status-publish","hentry","post-no-thumbnail"],"_links":{"self":[{"href":"https:\/\/foredgetech.com\/tr\/wp-json\/wp\/v2\/pages\/28543","targetHints":{"allow":["GET"]}}],"collection":[{"href":"https:\/\/foredgetech.com\/tr\/wp-json\/wp\/v2\/pages"}],"about":[{"href":"https:\/\/foredgetech.com\/tr\/wp-json\/wp\/v2\/types\/page"}],"author":[{"embeddable":true,"href":"https:\/\/foredgetech.com\/tr\/wp-json\/wp\/v2\/users\/1"}],"replies":[{"embeddable":true,"href":"https:\/\/foredgetech.com\/tr\/wp-json\/wp\/v2\/comments?post=28543"}],"version-history":[{"count":0,"href":"https:\/\/foredgetech.com\/tr\/wp-json\/wp\/v2\/pages\/28543\/revisions"}],"wp:attachment":[{"href":"https:\/\/foredgetech.com\/tr\/wp-json\/wp\/v2\/media?parent=28543"}],"curies":[{"name":"wp","href":"https:\/\/api.w.org\/{rel}","templated":true}]}}