{"id":27580,"date":"2024-01-02T08:39:12","date_gmt":"2024-01-02T08:39:12","guid":{"rendered":"https:\/\/foredgetech.com\/?post_type=product&#038;p=27580"},"modified":"2026-02-04T09:22:27","modified_gmt":"2026-02-04T09:22:27","slug":"ps2016gc","status":"publish","type":"product","link":"https:\/\/foredgetech.com\/pl\/produkt\/ps2016gc\/","title":{"rendered":"PS2016GC 16-portowy prze\u0142\u0105cznik Gigabit Easy Smart PoE"},"content":{"rendered":"<div data-elementor-type=\"wp-post\" data-elementor-id=\"27580\" class=\"elementor elementor-27580\">\n\t\t\t\t\t\t<section class=\"elementor-section elementor-top-section elementor-element elementor-element-5058e617 elementor-section-full_width elementor-section-gap-beside-no elementor-section-height-default elementor-section-height-default elementor-section-column-vertical-align-stretch\" data-id=\"5058e617\" data-element_type=\"section\">\n\t\t\t\t\t\t<div class=\"elementor-container elementor-column-gap-extended\">\n\t\t\t\t\t<div class=\"elementor-column elementor-col-33 elementor-top-column elementor-element elementor-element-f61c77a\" data-id=\"f61c77a\" data-element_type=\"column\">\n\t\t\t<div class=\"elementor-widget-wrap elementor-element-populated\">\n\t\t\t\t\t\t<div class=\"elementor-element elementor-element-12229f05 elementor-widget elementor-widget-tm-modern-image\" data-id=\"12229f05\" data-element_type=\"widget\" data-widget_type=\"tm-modern-image.default\">\n\t\t\t\t<div class=\"elementor-widget-container\">\n\t\t\t\t\t\t\t<div class=\"tm-modern-image\">\n\t\t\t\t\t\t\t<div class=\"minimog-box\">\n\t\t\t\t\t<div class=\"minimog-image\">\t\t\t\t\t<m-image class=\"minimog-lazy-image\" style=\"--lazy-image-width: 300px;--lazy-image-height: 83.333333333333%;\" data-image-loading><img decoding=\"async\"  data-src=\"https:\/\/foredgetech.com\/wp-content\/uploads\/2024\/01\/AI1016GC.png\" width=\"300\" height=\"250\" alt=\"AI1016GC\" class=\"attachment-full size-full lazyload\" src=\"data:image\/svg+xml;base64,PHN2ZyB3aWR0aD0iMSIgaGVpZ2h0PSIxIiB4bWxucz0iaHR0cDovL3d3dy53My5vcmcvMjAwMC9zdmciPjwvc3ZnPg==\" style=\"--smush-placeholder-width: 300px; --smush-placeholder-aspect-ratio: 300\/250;\" \/><\/m-image>\t\t\t\t\t<\/div>\t\t\t\t<\/div>\n\t\t\t\t\t\t\t\t\t\t<\/div>\n\t\t\t\t\t\t<\/div>\n\t\t\t\t<\/div>\n\t\t\t\t\t<\/div>\n\t\t<\/div>\n\t\t\t\t<div class=\"elementor-column elementor-col-66 elementor-top-column elementor-element elementor-element-78bc78c2\" data-id=\"78bc78c2\" data-element_type=\"column\">\n\t\t\t<div class=\"elementor-widget-wrap elementor-element-populated\">\n\t\t\t\t\t\t<div class=\"elementor-element elementor-element-2052b071 elementor-widget elementor-widget-tm-heading\" data-id=\"2052b071\" data-element_type=\"widget\" data-widget_type=\"tm-heading.default\">\n\t\t\t\t<div class=\"elementor-widget-container\">\n\t\t\t\t\t\t\t<div class=\"tm-modern-heading tm-modern-heading--style-01 tm-modern-heading--highlight-style-01\">\n\t\t\t\n\t\t\t\t\t<div class=\"heading-primary-wrap\">\n\t\t\t<h4 class=\"heading-primary elementor-heading-title\">Przegl\u0105d<\/h4>\t\t<\/div>\n\t\t\n\t\t\t\n\t\t\t\t\t<\/div>\n\t\t\t\t\t\t<\/div>\n\t\t\t\t<\/div>\n\t\t\t\t<div class=\"elementor-element elementor-element-7c6ab884 elementor-widget elementor-widget-text-editor\" data-id=\"7c6ab884\" data-element_type=\"widget\" data-widget_type=\"text-editor.default\">\n\t\t\t\t<div class=\"elementor-widget-container\">\n\t\t\t\t\t\t\t\t\t<p>Produkt posiada 16 gigabitowych port\u00f3w PoE i 2 gigabitowe porty optyczne SFP, kt\u00f3re nadaj\u0105 si\u0119 do dost\u0119pu do sieci i agregacji brzegowej<\/p>\t\t\t\t\t\t\t\t<\/div>\n\t\t\t\t<\/div>\n\t\t\t\t<section class=\"elementor-section elementor-inner-section elementor-element elementor-element-2afe0aab elementor-section-gap-beside-no elementor-section-full_width elementor-section-height-default elementor-section-height-default elementor-section-column-vertical-align-stretch\" data-id=\"2afe0aab\" data-element_type=\"section\">\n\t\t\t\t\t\t<div class=\"elementor-container elementor-column-gap-extended\">\n\t\t\t\t\t<div class=\"elementor-column elementor-col-33 elementor-inner-column elementor-element elementor-element-7751e85f\" data-id=\"7751e85f\" data-element_type=\"column\">\n\t\t\t<div class=\"elementor-widget-wrap elementor-element-populated\">\n\t\t\t\t\t\t<div class=\"elementor-element elementor-element-d07ae98 elementor-widget elementor-widget-tm-heading\" data-id=\"d07ae98\" data-element_type=\"widget\" data-widget_type=\"tm-heading.default\">\n\t\t\t\t<div class=\"elementor-widget-container\">\n\t\t\t\t\t\t\t<div class=\"tm-modern-heading tm-modern-heading--style-01 tm-modern-heading--highlight-style-01\">\n\t\t\t\n\t\t\t\t\t<div class=\"heading-primary-wrap\">\n\t\t\t<h6 class=\"heading-primary elementor-heading-title\">Przepustowo\u015b\u0107 p\u0142yty monta\u017cowej prze\u0142\u0105cznika<\/h6>\t\t<\/div>\n\t\t\n\t\t\t\n\t\t\t\t\t<div class=\"heading-description-wrap\">\n\t\t\t<div class=\"heading-description\">\n\t\t\t\t<p>36 Gb\/s<\/p>\t\t\t<\/div>\n\t\t<\/div>\n\t\t\t\t<\/div>\n\t\t\t\t\t\t<\/div>\n\t\t\t\t<\/div>\n\t\t\t\t<div class=\"elementor-element elementor-element-7cf8fe9 elementor-widget elementor-widget-tm-heading\" data-id=\"7cf8fe9\" data-element_type=\"widget\" data-widget_type=\"tm-heading.default\">\n\t\t\t\t<div class=\"elementor-widget-container\">\n\t\t\t\t\t\t\t<div class=\"tm-modern-heading tm-modern-heading--style-01 tm-modern-heading--highlight-style-01\">\n\t\t\t\n\t\t\t\t\t<div class=\"heading-primary-wrap\">\n\t\t\t<h6 class=\"heading-primary elementor-heading-title\">Wilgotno\u015b\u0107 robocza<\/h6>\t\t<\/div>\n\t\t\n\t\t\t\n\t\t\t\t\t<div class=\"heading-description-wrap\">\n\t\t\t<div class=\"heading-description\">\n\t\t\t\t<p>10% ~ 90% wilgotno\u015b\u0107 wzgl\u0119dna bez kondensacji<\/p>\t\t\t<\/div>\n\t\t<\/div>\n\t\t\t\t<\/div>\n\t\t\t\t\t\t<\/div>\n\t\t\t\t<\/div>\n\t\t\t\t\t<\/div>\n\t\t<\/div>\n\t\t\t\t<div class=\"elementor-column elementor-col-33 elementor-inner-column elementor-element elementor-element-c6e3a56\" data-id=\"c6e3a56\" data-element_type=\"column\">\n\t\t\t<div class=\"elementor-widget-wrap elementor-element-populated\">\n\t\t\t\t\t\t<div class=\"elementor-element elementor-element-44fb51c6 elementor-widget elementor-widget-tm-heading\" data-id=\"44fb51c6\" data-element_type=\"widget\" data-widget_type=\"tm-heading.default\">\n\t\t\t\t<div class=\"elementor-widget-container\">\n\t\t\t\t\t\t\t<div class=\"tm-modern-heading tm-modern-heading--style-01 tm-modern-heading--highlight-style-01\">\n\t\t\t\n\t\t\t\t\t<div class=\"heading-primary-wrap\">\n\t\t\t<h6 class=\"heading-primary elementor-heading-title\">Przekazywanie pakiet\u00f3w<\/h6>\t\t<\/div>\n\t\t\n\t\t\t\n\t\t\t\t\t<div class=\"heading-description-wrap\">\n\t\t\t<div class=\"heading-description\">\n\t\t\t\t<p>26,8 Mpps<\/p>\t\t\t<\/div>\n\t\t<\/div>\n\t\t\t\t<\/div>\n\t\t\t\t\t\t<\/div>\n\t\t\t\t<\/div>\n\t\t\t\t<div class=\"elementor-element elementor-element-2de3256a elementor-widget elementor-widget-tm-heading\" data-id=\"2de3256a\" data-element_type=\"widget\" data-widget_type=\"tm-heading.default\">\n\t\t\t\t<div class=\"elementor-widget-container\">\n\t\t\t\t\t\t\t<div class=\"tm-modern-heading tm-modern-heading--style-01 tm-modern-heading--highlight-style-01\">\n\t\t\t\n\t\t\t\t\t<div class=\"heading-primary-wrap\">\n\t\t\t<h6 class=\"heading-primary elementor-heading-title\">Wymiary (szer. \u00d7 g\u0142. \u00d7 wys.)<\/h6>\t\t<\/div>\n\t\t\n\t\t\t\n\t\t\t\t\t<div class=\"heading-description-wrap\">\n\t\t\t<div class=\"heading-description\">\n\t\t\t\t<p>440mm*180mm*44mm<\/p>\t\t\t<\/div>\n\t\t<\/div>\n\t\t\t\t<\/div>\n\t\t\t\t\t\t<\/div>\n\t\t\t\t<\/div>\n\t\t\t\t<div class=\"elementor-element elementor-element-453d78ca elementor-widget elementor-widget-spacer\" data-id=\"453d78ca\" data-element_type=\"widget\" data-widget_type=\"spacer.default\">\n\t\t\t\t<div class=\"elementor-widget-container\">\n\t\t\t\t\t\t\t<div class=\"elementor-spacer\">\n\t\t\t<div class=\"elementor-spacer-inner\"><\/div>\n\t\t<\/div>\n\t\t\t\t\t\t<\/div>\n\t\t\t\t<\/div>\n\t\t\t\t\t<\/div>\n\t\t<\/div>\n\t\t\t\t<div class=\"elementor-column elementor-col-33 elementor-inner-column elementor-element elementor-element-63d177a8\" data-id=\"63d177a8\" data-element_type=\"column\">\n\t\t\t<div class=\"elementor-widget-wrap elementor-element-populated\">\n\t\t\t\t\t\t<div class=\"elementor-element elementor-element-47145555 elementor-widget elementor-widget-tm-heading\" data-id=\"47145555\" data-element_type=\"widget\" data-widget_type=\"tm-heading.default\">\n\t\t\t\t<div class=\"elementor-widget-container\">\n\t\t\t\t\t\t\t<div class=\"tm-modern-heading tm-modern-heading--style-01 tm-modern-heading--highlight-style-01\">\n\t\t\t\n\t\t\t\t\t<div class=\"heading-primary-wrap\">\n\t\t\t<h6 class=\"heading-primary elementor-heading-title\">port prze\u0142\u0105cznika<\/h6>\t\t<\/div>\n\t\t\n\t\t\t\n\t\t\t\t\t<div class=\"heading-description-wrap\">\n\t\t\t<div class=\"heading-description\">\n\t\t\t\t<p>16 port\u00f3w RJ45 10\/100\/1000 Mb\/s (POE)<\/p><p>2 gigabitowe porty \u015bwiat\u0142owodowe SFP<\/p>\t\t\t<\/div>\n\t\t<\/div>\n\t\t\t\t<\/div>\n\t\t\t\t\t\t<\/div>\n\t\t\t\t<\/div>\n\t\t\t\t\t<\/div>\n\t\t<\/div>\n\t\t\t\t\t<\/div>\n\t\t<\/section>\n\t\t\t\t\t<\/div>\n\t\t<\/div>\n\t\t\t\t\t<\/div>\n\t\t<\/section>\n\t\t<div class=\"elementor-element elementor-element-1b74d531 e-flex e-con-boxed e-con e-parent\" data-id=\"1b74d531\" data-element_type=\"container\">\n\t\t\t\t\t<div class=\"e-con-inner\">\n\t\t\t\t<div class=\"elementor-element elementor-element-aaf7427 elementor-widget elementor-widget-image\" data-id=\"aaf7427\" data-element_type=\"widget\" data-widget_type=\"image.default\">\n\t\t\t\t<div class=\"elementor-widget-container\">\n\t\t\t\t\t\t\t\t\t\t\t\t\t\t\t<img fetchpriority=\"high\" decoding=\"async\" width=\"1920\" height=\"756\" src=\"https:\/\/foredgetech.com\/wp-content\/uploads\/2024\/01\/AI1016GC-A1.png\" class=\"attachment-full size-full wp-image-34626\" alt=\"\" srcset=\"https:\/\/foredgetech.com\/wp-content\/uploads\/2024\/01\/AI1016GC-A1.png 1920w, https:\/\/foredgetech.com\/wp-content\/uploads\/2024\/01\/AI1016GC-A1-300x118.png 300w, https:\/\/foredgetech.com\/wp-content\/uploads\/2024\/01\/AI1016GC-A1-150x59.png 150w, https:\/\/foredgetech.com\/wp-content\/uploads\/2024\/01\/AI1016GC-A1-768x302.png 768w, https:\/\/foredgetech.com\/wp-content\/uploads\/2024\/01\/AI1016GC-A1-1536x605.png 1536w, https:\/\/foredgetech.com\/wp-content\/uploads\/2024\/01\/AI1016GC-A1-18x7.png 18w, https:\/\/foredgetech.com\/wp-content\/uploads\/2024\/01\/AI1016GC-A1-600x236.png 600w\" sizes=\"(max-width: 1920px) 100vw, 1920px\" \/>\t\t\t\t\t\t\t\t\t\t\t\t\t\t\t<\/div>\n\t\t\t\t<\/div>\n\t\t\t\t<div class=\"elementor-element elementor-element-32289a0 elementor-widget elementor-widget-image\" data-id=\"32289a0\" data-element_type=\"widget\" data-widget_type=\"image.default\">\n\t\t\t\t<div class=\"elementor-widget-container\">\n\t\t\t\t\t\t\t\t\t\t\t\t\t\t\t<img decoding=\"async\" width=\"1920\" height=\"756\" data-src=\"https:\/\/foredgetech.com\/wp-content\/uploads\/2024\/01\/B2-\u662f\u9152\u5e97\u3001\u6821\u56ed\u3001\u5de5\u5382\u5bbf\u820d\u3001\u4e2d\u5c0f\u4f01\u4e1a-4.jpg\" class=\"attachment-full size-full wp-image-30682 lazyload\" alt=\"\" data-srcset=\"https:\/\/foredgetech.com\/wp-content\/uploads\/2024\/01\/B2-\u662f\u9152\u5e97\u3001\u6821\u56ed\u3001\u5de5\u5382\u5bbf\u820d\u3001\u4e2d\u5c0f\u4f01\u4e1a-4.jpg 1920w, https:\/\/foredgetech.com\/wp-content\/uploads\/2024\/01\/B2-\u662f\u9152\u5e97\u3001\u6821\u56ed\u3001\u5de5\u5382\u5bbf\u820d\u3001\u4e2d\u5c0f\u4f01\u4e1a-4-150x59.jpg 150w, https:\/\/foredgetech.com\/wp-content\/uploads\/2024\/01\/B2-\u662f\u9152\u5e97\u3001\u6821\u56ed\u3001\u5de5\u5382\u5bbf\u820d\u3001\u4e2d\u5c0f\u4f01\u4e1a-4-600x236.jpg 600w, https:\/\/foredgetech.com\/wp-content\/uploads\/2024\/01\/B2-\u662f\u9152\u5e97\u3001\u6821\u56ed\u3001\u5de5\u5382\u5bbf\u820d\u3001\u4e2d\u5c0f\u4f01\u4e1a-4-300x118.jpg 300w, https:\/\/foredgetech.com\/wp-content\/uploads\/2024\/01\/B2-\u662f\u9152\u5e97\u3001\u6821\u56ed\u3001\u5de5\u5382\u5bbf\u820d\u3001\u4e2d\u5c0f\u4f01\u4e1a-4-768x302.jpg 768w, https:\/\/foredgetech.com\/wp-content\/uploads\/2024\/01\/B2-\u662f\u9152\u5e97\u3001\u6821\u56ed\u3001\u5de5\u5382\u5bbf\u820d\u3001\u4e2d\u5c0f\u4f01\u4e1a-4-1536x605.jpg 1536w\" data-sizes=\"(max-width: 1920px) 100vw, 1920px\" src=\"data:image\/svg+xml;base64,PHN2ZyB3aWR0aD0iMSIgaGVpZ2h0PSIxIiB4bWxucz0iaHR0cDovL3d3dy53My5vcmcvMjAwMC9zdmciPjwvc3ZnPg==\" style=\"--smush-placeholder-width: 1920px; --smush-placeholder-aspect-ratio: 1920\/756;\" \/>\t\t\t\t\t\t\t\t\t\t\t\t\t\t\t<\/div>\n\t\t\t\t<\/div>\n\t\t\t\t<div class=\"elementor-element elementor-element-126b9a3 elementor-widget elementor-widget-image\" data-id=\"126b9a3\" data-element_type=\"widget\" data-widget_type=\"image.default\">\n\t\t\t\t<div class=\"elementor-widget-container\">\n\t\t\t\t\t\t\t\t\t\t\t\t\t\t\t<img decoding=\"async\" width=\"1920\" height=\"756\" data-src=\"https:\/\/foredgetech.com\/wp-content\/uploads\/2024\/01\/C3-1-\u7aef\u53e3\u5206\u533a-4.jpg\" class=\"attachment-full size-full wp-image-30683 lazyload\" alt=\"\" data-srcset=\"https:\/\/foredgetech.com\/wp-content\/uploads\/2024\/01\/C3-1-\u7aef\u53e3\u5206\u533a-4.jpg 1920w, https:\/\/foredgetech.com\/wp-content\/uploads\/2024\/01\/C3-1-\u7aef\u53e3\u5206\u533a-4-150x59.jpg 150w, https:\/\/foredgetech.com\/wp-content\/uploads\/2024\/01\/C3-1-\u7aef\u53e3\u5206\u533a-4-600x236.jpg 600w, https:\/\/foredgetech.com\/wp-content\/uploads\/2024\/01\/C3-1-\u7aef\u53e3\u5206\u533a-4-300x118.jpg 300w, https:\/\/foredgetech.com\/wp-content\/uploads\/2024\/01\/C3-1-\u7aef\u53e3\u5206\u533a-4-768x302.jpg 768w, https:\/\/foredgetech.com\/wp-content\/uploads\/2024\/01\/C3-1-\u7aef\u53e3\u5206\u533a-4-1536x605.jpg 1536w\" data-sizes=\"(max-width: 1920px) 100vw, 1920px\" src=\"data:image\/svg+xml;base64,PHN2ZyB3aWR0aD0iMSIgaGVpZ2h0PSIxIiB4bWxucz0iaHR0cDovL3d3dy53My5vcmcvMjAwMC9zdmciPjwvc3ZnPg==\" style=\"--smush-placeholder-width: 1920px; --smush-placeholder-aspect-ratio: 1920\/756;\" \/>\t\t\t\t\t\t\t\t\t\t\t\t\t\t\t<\/div>\n\t\t\t\t<\/div>\n\t\t\t\t<div class=\"elementor-element elementor-element-cea6caf elementor-widget elementor-widget-image\" data-id=\"cea6caf\" data-element_type=\"widget\" data-widget_type=\"image.default\">\n\t\t\t\t<div class=\"elementor-widget-container\">\n\t\t\t\t\t\t\t\t\t\t\t\t\t\t\t<img decoding=\"async\" width=\"1920\" height=\"700\" data-src=\"https:\/\/foredgetech.com\/wp-content\/uploads\/2024\/01\/C3-2-Apollo\u4e91\u5e73\u53f0-8.jpg\" class=\"attachment-full size-full wp-image-30684 lazyload\" alt=\"\" data-srcset=\"https:\/\/foredgetech.com\/wp-content\/uploads\/2024\/01\/C3-2-Apollo\u4e91\u5e73\u53f0-8.jpg 1920w, https:\/\/foredgetech.com\/wp-content\/uploads\/2024\/01\/C3-2-Apollo\u4e91\u5e73\u53f0-8-150x55.jpg 150w, https:\/\/foredgetech.com\/wp-content\/uploads\/2024\/01\/C3-2-Apollo\u4e91\u5e73\u53f0-8-600x219.jpg 600w, https:\/\/foredgetech.com\/wp-content\/uploads\/2024\/01\/C3-2-Apollo\u4e91\u5e73\u53f0-8-300x109.jpg 300w, https:\/\/foredgetech.com\/wp-content\/uploads\/2024\/01\/C3-2-Apollo\u4e91\u5e73\u53f0-8-768x280.jpg 768w, https:\/\/foredgetech.com\/wp-content\/uploads\/2024\/01\/C3-2-Apollo\u4e91\u5e73\u53f0-8-1536x560.jpg 1536w\" data-sizes=\"(max-width: 1920px) 100vw, 1920px\" src=\"data:image\/svg+xml;base64,PHN2ZyB3aWR0aD0iMSIgaGVpZ2h0PSIxIiB4bWxucz0iaHR0cDovL3d3dy53My5vcmcvMjAwMC9zdmciPjwvc3ZnPg==\" style=\"--smush-placeholder-width: 1920px; --smush-placeholder-aspect-ratio: 1920\/700;\" \/>\t\t\t\t\t\t\t\t\t\t\t\t\t\t\t<\/div>\n\t\t\t\t<\/div>\n\t\t\t\t<div class=\"elementor-element elementor-element-71b6499 elementor-widget elementor-widget-image\" data-id=\"71b6499\" data-element_type=\"widget\" data-widget_type=\"image.default\">\n\t\t\t\t<div class=\"elementor-widget-container\">\n\t\t\t\t\t\t\t\t\t\t\t\t\t\t\t<img decoding=\"async\" width=\"1920\" height=\"756\" data-src=\"https:\/\/foredgetech.com\/wp-content\/uploads\/2024\/01\/D4-0-poe.jpg\" class=\"attachment-full size-full wp-image-30685 lazyload\" alt=\"\" data-srcset=\"https:\/\/foredgetech.com\/wp-content\/uploads\/2024\/01\/D4-0-poe.jpg 1920w, https:\/\/foredgetech.com\/wp-content\/uploads\/2024\/01\/D4-0-poe-150x59.jpg 150w, https:\/\/foredgetech.com\/wp-content\/uploads\/2024\/01\/D4-0-poe-600x236.jpg 600w, https:\/\/foredgetech.com\/wp-content\/uploads\/2024\/01\/D4-0-poe-300x118.jpg 300w, https:\/\/foredgetech.com\/wp-content\/uploads\/2024\/01\/D4-0-poe-768x302.jpg 768w, https:\/\/foredgetech.com\/wp-content\/uploads\/2024\/01\/D4-0-poe-1536x605.jpg 1536w\" data-sizes=\"(max-width: 1920px) 100vw, 1920px\" src=\"data:image\/svg+xml;base64,PHN2ZyB3aWR0aD0iMSIgaGVpZ2h0PSIxIiB4bWxucz0iaHR0cDovL3d3dy53My5vcmcvMjAwMC9zdmciPjwvc3ZnPg==\" style=\"--smush-placeholder-width: 1920px; --smush-placeholder-aspect-ratio: 1920\/756;\" \/>\t\t\t\t\t\t\t\t\t\t\t\t\t\t\t<\/div>\n\t\t\t\t<\/div>\n\t\t\t\t<div class=\"elementor-element elementor-element-fbf448a elementor-widget elementor-widget-image\" data-id=\"fbf448a\" data-element_type=\"widget\" data-widget_type=\"image.default\">\n\t\t\t\t<div class=\"elementor-widget-container\">\n\t\t\t\t\t\t\t\t\t\t\t\t\t\t\t<img decoding=\"async\" width=\"1920\" height=\"756\" data-src=\"https:\/\/foredgetech.com\/wp-content\/uploads\/2024\/01\/D4-1-\u6570\u636e\u5305\u8f6c\u53d1-5.jpg\" class=\"attachment-full size-full wp-image-30686 lazyload\" alt=\"\" data-srcset=\"https:\/\/foredgetech.com\/wp-content\/uploads\/2024\/01\/D4-1-\u6570\u636e\u5305\u8f6c\u53d1-5.jpg 1920w, https:\/\/foredgetech.com\/wp-content\/uploads\/2024\/01\/D4-1-\u6570\u636e\u5305\u8f6c\u53d1-5-150x59.jpg 150w, https:\/\/foredgetech.com\/wp-content\/uploads\/2024\/01\/D4-1-\u6570\u636e\u5305\u8f6c\u53d1-5-600x236.jpg 600w, https:\/\/foredgetech.com\/wp-content\/uploads\/2024\/01\/D4-1-\u6570\u636e\u5305\u8f6c\u53d1-5-300x118.jpg 300w, https:\/\/foredgetech.com\/wp-content\/uploads\/2024\/01\/D4-1-\u6570\u636e\u5305\u8f6c\u53d1-5-768x302.jpg 768w, https:\/\/foredgetech.com\/wp-content\/uploads\/2024\/01\/D4-1-\u6570\u636e\u5305\u8f6c\u53d1-5-1536x605.jpg 1536w\" data-sizes=\"(max-width: 1920px) 100vw, 1920px\" src=\"data:image\/svg+xml;base64,PHN2ZyB3aWR0aD0iMSIgaGVpZ2h0PSIxIiB4bWxucz0iaHR0cDovL3d3dy53My5vcmcvMjAwMC9zdmciPjwvc3ZnPg==\" style=\"--smush-placeholder-width: 1920px; --smush-placeholder-aspect-ratio: 1920\/756;\" \/>\t\t\t\t\t\t\t\t\t\t\t\t\t\t\t<\/div>\n\t\t\t\t<\/div>\n\t\t\t\t<div class=\"elementor-element elementor-element-5dba7b6 elementor-widget elementor-widget-image\" data-id=\"5dba7b6\" data-element_type=\"widget\" data-widget_type=\"image.default\">\n\t\t\t\t<div class=\"elementor-widget-container\">\n\t\t\t\t\t\t\t\t\t\t\t\t\t\t\t<img decoding=\"async\" width=\"1920\" height=\"756\" data-src=\"https:\/\/foredgetech.com\/wp-content\/uploads\/2024\/01\/E5-\u6e29\u5dee-\u6781\u70ed\u6781\u5bd2-3.jpg\" class=\"attachment-full size-full wp-image-30687 lazyload\" alt=\"\" data-srcset=\"https:\/\/foredgetech.com\/wp-content\/uploads\/2024\/01\/E5-\u6e29\u5dee-\u6781\u70ed\u6781\u5bd2-3.jpg 1920w, https:\/\/foredgetech.com\/wp-content\/uploads\/2024\/01\/E5-\u6e29\u5dee-\u6781\u70ed\u6781\u5bd2-3-150x59.jpg 150w, https:\/\/foredgetech.com\/wp-content\/uploads\/2024\/01\/E5-\u6e29\u5dee-\u6781\u70ed\u6781\u5bd2-3-600x236.jpg 600w, https:\/\/foredgetech.com\/wp-content\/uploads\/2024\/01\/E5-\u6e29\u5dee-\u6781\u70ed\u6781\u5bd2-3-300x118.jpg 300w, https:\/\/foredgetech.com\/wp-content\/uploads\/2024\/01\/E5-\u6e29\u5dee-\u6781\u70ed\u6781\u5bd2-3-768x302.jpg 768w, https:\/\/foredgetech.com\/wp-content\/uploads\/2024\/01\/E5-\u6e29\u5dee-\u6781\u70ed\u6781\u5bd2-3-1536x605.jpg 1536w\" data-sizes=\"(max-width: 1920px) 100vw, 1920px\" src=\"data:image\/svg+xml;base64,PHN2ZyB3aWR0aD0iMSIgaGVpZ2h0PSIxIiB4bWxucz0iaHR0cDovL3d3dy53My5vcmcvMjAwMC9zdmciPjwvc3ZnPg==\" style=\"--smush-placeholder-width: 1920px; --smush-placeholder-aspect-ratio: 1920\/756;\" \/>\t\t\t\t\t\t\t\t\t\t\t\t\t\t\t<\/div>\n\t\t\t\t<\/div>\n\t\t\t\t\t<\/div>\n\t\t\t\t<\/div>\n\t\t<div class=\"elementor-element elementor-element-4ce676b e-flex e-con-boxed e-con e-parent\" data-id=\"4ce676b\" data-element_type=\"container\">\n\t\t\t\t\t<div class=\"e-con-inner\">\n\t\t\t\t<div class=\"elementor-element elementor-element-142864b elementor-widget elementor-widget-heading\" data-id=\"142864b\" data-element_type=\"widget\" data-widget_type=\"heading.default\">\n\t\t\t\t<div class=\"elementor-widget-container\">\n\t\t\t\t\t<h2 class=\"elementor-heading-title elementor-size-default\">Specyfikacje<\/h2>\t\t\t\t<\/div>\n\t\t\t\t<\/div>\n\t\t\t\t<div class=\"elementor-element elementor-element-c85a48f elementor-widget elementor-widget-text-editor\" data-id=\"c85a48f\" data-element_type=\"widget\" data-widget_type=\"text-editor.default\">\n\t\t\t\t<div class=\"elementor-widget-container\">\n\t\t\t\t\t\t\t\t\t<table><tbody><tr><td colspan=\"2\"><p><strong>Sprz\u0119t<\/strong><\/p><\/td><\/tr><tr><td><p><strong>Sie\u0107<\/strong><\/p><p><strong>Interfejs<\/strong><\/p><\/td><td><p>16 * port\u00f3w PoE 10\/100\/1000Mbps RJ45<\/p><p>2 * Gigabitowe porty \u015bwiat\u0142owodowe SFP<\/p><\/td><\/tr><tr><td><p><strong>Sie\u0107<\/strong><\/p><p><strong>Standard protoko\u0142u<\/strong><\/p><\/td><td><p>IEEE 802.3\u3001IEEE 802.3i\u3001IEEE 802.3u\u3001IEEE 802.3ab\u3001 IEEE 802.3z\u3001IEEE 802.3ad\u3001IEEE 802.3x\u3001IEEE 802.1p\u3001 IEEE 802.1q\u3001IEEE 802.1d\u3001IEEE 802.1s\u3001IEEE 802.1w\u3001 IEEE 802.3af\u3001IEEE 802.3at<\/p><\/td><\/tr><tr><td><p><strong>Wydajno\u015b\u0107<\/strong><\/p><\/td><td><p>Przepustowo\u015b\u0107 prze\u0142\u0105czania: 36 Gb\/s (bez blokowania)<\/p><p>Szybko\u015b\u0107 przekazywania pakiet\u00f3w: 26,8 Mpps<\/p><p>Tabela adres\u00f3w MAC: 8K<\/p><p>Tryb przekazywania: zapisz i przeka\u017c dalej<\/p><\/td><\/tr><tr><td><p><strong>LED<\/strong><strong>\u00a0<\/strong><strong>Wska\u017anik<\/strong><\/p><\/td><td><p>Wska\u017anik po\u0142\u0105czenia\/dzia\u0142ania: 16<\/p><p>Wska\u017anik PoE: 16<\/p><p>Wska\u017anik SFP: 2<\/p><p>Wska\u017anik SYS: 1<\/p><\/td><\/tr><tr><td><p><strong>POE<\/strong> <strong>Szpilka<\/strong><\/p><\/td><td><p>\u25cf 1\/2\uff08 +\uff09 \uff0c3\/6 \uff08 -\uff09<\/p><\/td><\/tr><tr><td><p>\u00a0<\/p><p><strong>Wsparcie zasilania<\/strong><\/p><\/td><td><p>Wej\u015bcie\uff1aAC 100-240V\/50-60Hz<\/p><p>Maksymalna moc wyj\u015bciowa pojedynczego portu: 30 W<\/p><p>Maksymalna moc ca\u0142ego urz\u0105dzenia: 150W<\/p><\/td><\/tr><tr><td><p><strong>Specyfikacja fizyczna<\/strong><\/p><\/td><td><p>Wymiary (d\u0142. x szer. x wys.): 440 mm*180 mm*44 mm<\/p><\/td><\/tr><tr><td><p>\u00a0<\/p><p><strong>\u015arodowisko<\/strong><\/p><p><strong>Specyfikacje<\/strong><\/p><\/td><td><p>Temperatura pracy: 0\u00b0C~40\u00b0C<\/p><p>Temperatura przechowywania: -40 \u2103 ~ 70 \u2103<\/p><p>Wilgotno\u015b\u0107 robocza: 10%~90% RH bez kondensacji<\/p><p>Wilgotno\u015b\u0107 przechowywania: 5%~90% RH bez kondensacji<\/p><\/td><\/tr><tr><td><p><strong>Bezpiecze\u0144stwo<\/strong> <strong>Przepisy<\/strong><\/p><\/td><td><p>CE\/ROHS\/FCC<\/p><\/td><\/tr><tr><td colspan=\"2\"><p><strong>Oprogramowanie<\/strong><\/p><\/td><\/tr><tr><td><p><strong>AI<\/strong><strong>\u00a0<\/strong><strong>Funkcja<\/strong><\/p><\/td><td><p>AI VLAN<\/p><p>AI Extend<\/p><p>AIPoE<\/p><p>AI QoS<\/p><\/td><\/tr><tr><td><p><strong>System<\/strong><\/p><p><strong>Zarz\u0105dzanie<\/strong><\/p><\/td><td><p>Informacje o urz\u0105dzeniu<\/p><p>Konfiguracja sieci<\/p><p>Zarz\u0105dzanie kontem<\/p><p>Reset systemu<\/p><p>Aktualizacja systemu<\/p><p>Przywracanie danych fabrycznych<\/p><\/td><\/tr><tr><td><p><strong>Monitorowanie<\/strong><\/p><p><strong>Zarz\u0105dzanie<\/strong><\/p><\/td><td><p>Statystyki port\u00f3w<\/p><\/td><\/tr><tr><td><p><strong>Port<\/strong><\/p><p><strong>Konfiguracja<\/strong><\/p><\/td><td><p>Konfiguracja portu<\/p><p>Izolacja portu<\/p><p>Dublowanie port\u00f3w<\/p><\/td><\/tr><tr><td><p><strong>QoS<\/strong><\/p><\/td><td><p>T\u0142umienie burz<\/p><p>Limit szybko\u015bci portu<\/p><\/td><\/tr><tr><td><p><strong>VLAN<\/strong><\/p><\/td><td><p>Cz\u0142onek sieci VLAN<\/p><p>Konfiguracja sieci VLAN<\/p><\/td><\/tr><tr><td><p><strong>PoE<\/strong><\/p><p><strong>Konfiguracja<\/strong><\/p><\/td><td><p>Zarz\u0105dzanie portem POE<\/p><p>Konfiguracja priorytetu POE<\/p><\/td><\/tr><tr><td><p><strong>Zarz\u0105dzanie<\/strong><\/p><\/td><td><p>Obs\u0142uga WEB UI<\/p><p>Wsparcie dla zarz\u0105dzania chmur\u0105 Apollo<\/p><\/td><\/tr><\/tbody><\/table>\t\t\t\t\t\t\t\t<\/div>\n\t\t\t\t<\/div>\n\t\t\t\t\t<\/div>\n\t\t\t\t<\/div>\n\t\t\t\t<\/div>","protected":false},"excerpt":{"rendered":"<ul>\n<li>16 port\u00f3w RJ45 10\/100\/1000 Mb\/s (POE), 2 gigabitowe porty \u015bwiat\u0142owodowe SFP<\/li>\n<li>Zarz\u0105dzanie systemem: informacje o urz\u0105dzeniu, konfiguracja IP, zarz\u0105dzanie kontem, aktualizacje systemu itp.<\/li>\n<li>Konfiguracja sprz\u0119tu: VLAN, QoS, konfiguracja port\u00f3w, izolacja port\u00f3w, mirroring port\u00f3w itp<\/li>\n<li>Zarz\u0105dzanie urz\u0105dzeniami: Obs\u0142uguje WEB UI i zarz\u0105dzanie w chmurze Apollo<\/li>\n<li>Ch\u0142odzenie powietrzem i rozpraszanie ciep\u0142a, inteligentna regulacja pr\u0119dko\u015bci, niski poziom ha\u0142asu i oszcz\u0119dno\u015b\u0107 energii<\/li>\n<\/ul>","protected":false},"featured_media":27929,"template":"","meta":[],"product_brand":[],"product_cat":[585],"product_tag":[],"class_list":{"0":"post-27580","1":"product","2":"type-product","3":"status-publish","4":"has-post-thumbnail","6":"product_cat-cctv-product-series-enterprise-network","7":"pa_series-cloud-switch","9":"first","10":"instock","11":"shipping-taxable","12":"product-type-simple"},"_links":{"self":[{"href":"https:\/\/foredgetech.com\/pl\/wp-json\/wp\/v2\/product\/27580","targetHints":{"allow":["GET"]}}],"collection":[{"href":"https:\/\/foredgetech.com\/pl\/wp-json\/wp\/v2\/product"}],"about":[{"href":"https:\/\/foredgetech.com\/pl\/wp-json\/wp\/v2\/types\/product"}],"version-history":[{"count":7,"href":"https:\/\/foredgetech.com\/pl\/wp-json\/wp\/v2\/product\/27580\/revisions"}],"predecessor-version":[{"id":34629,"href":"https:\/\/foredgetech.com\/pl\/wp-json\/wp\/v2\/product\/27580\/revisions\/34629"}],"wp:featuredmedia":[{"embeddable":true,"href":"https:\/\/foredgetech.com\/pl\/wp-json\/wp\/v2\/media\/27929"}],"wp:attachment":[{"href":"https:\/\/foredgetech.com\/pl\/wp-json\/wp\/v2\/media?parent=27580"}],"wp:term":[{"taxonomy":"product_brand","embeddable":true,"href":"https:\/\/foredgetech.com\/pl\/wp-json\/wp\/v2\/product_brand?post=27580"},{"taxonomy":"product_cat","embeddable":true,"href":"https:\/\/foredgetech.com\/pl\/wp-json\/wp\/v2\/product_cat?post=27580"},{"taxonomy":"product_tag","embeddable":true,"href":"https:\/\/foredgetech.com\/pl\/wp-json\/wp\/v2\/product_tag?post=27580"}],"curies":[{"name":"wp","href":"https:\/\/api.w.org\/{rel}","templated":true}]}}