{"id":27475,"date":"2024-01-02T07:51:56","date_gmt":"2024-01-02T07:51:56","guid":{"rendered":"https:\/\/foredgetech.com\/?post_type=product&#038;p=27475"},"modified":"2025-08-22T08:08:12","modified_gmt":"2025-08-22T08:08:12","slug":"s6700-48gx-4tf-2qf-plus","status":"publish","type":"product","link":"https:\/\/foredgetech.com\/pl\/produkt\/s6700-48gx-4tf-2qf-plus\/","title":{"rendered":"S6700-48GX-4TF-2QF 100G Uplink 48-Port 2.5G L3 Managed Switch(Based on SONIC)"},"content":{"rendered":"<div data-elementor-type=\"wp-post\" data-elementor-id=\"27475\" class=\"elementor elementor-27475\">\n\t\t\t\t\t\t<section class=\"elementor-section elementor-top-section elementor-element elementor-element-5058e617 elementor-section-full_width elementor-section-gap-beside-no elementor-section-height-default elementor-section-height-default elementor-section-column-vertical-align-stretch\" data-id=\"5058e617\" data-element_type=\"section\">\n\t\t\t\t\t\t<div class=\"elementor-container elementor-column-gap-extended\">\n\t\t\t\t\t<div class=\"elementor-column elementor-col-33 elementor-top-column elementor-element elementor-element-f61c77a\" data-id=\"f61c77a\" data-element_type=\"column\">\n\t\t\t<div class=\"elementor-widget-wrap elementor-element-populated\">\n\t\t\t\t\t\t<div class=\"elementor-element elementor-element-12229f05 elementor-widget elementor-widget-tm-modern-image\" data-id=\"12229f05\" data-element_type=\"widget\" data-widget_type=\"tm-modern-image.default\">\n\t\t\t\t<div class=\"elementor-widget-container\">\n\t\t\t\t\t\t\t<div class=\"tm-modern-image\">\n\t\t\t\t\t\t\t<div class=\"minimog-box\">\n\t\t\t\t\t<div class=\"minimog-image\">\t\t\t\t\t<m-image class=\"minimog-lazy-image\" style=\"--lazy-image-width: 300px;--lazy-image-height: 83.333333333333%;\" data-image-loading><img decoding=\"async\"  data-src=\"https:\/\/foredgetech.com\/wp-content\/uploads\/2024\/01\/S6700-48GX-4TF-2QF\uff082\uff09.png\" width=\"300\" height=\"250\" alt=\"S6700-48GX-4TF-2QF+\uff082\uff09\" class=\"attachment-full size-full lazyload\" src=\"data:image\/svg+xml;base64,PHN2ZyB3aWR0aD0iMSIgaGVpZ2h0PSIxIiB4bWxucz0iaHR0cDovL3d3dy53My5vcmcvMjAwMC9zdmciPjwvc3ZnPg==\" style=\"--smush-placeholder-width: 300px; --smush-placeholder-aspect-ratio: 300\/250;\" \/><\/m-image>\t\t\t\t\t<\/div>\t\t\t\t<\/div>\n\t\t\t\t\t\t\t\t\t\t<\/div>\n\t\t\t\t\t\t<\/div>\n\t\t\t\t<\/div>\n\t\t\t\t\t<\/div>\n\t\t<\/div>\n\t\t\t\t<div class=\"elementor-column elementor-col-66 elementor-top-column elementor-element elementor-element-78bc78c2\" data-id=\"78bc78c2\" data-element_type=\"column\">\n\t\t\t<div class=\"elementor-widget-wrap elementor-element-populated\">\n\t\t\t\t\t\t<div class=\"elementor-element elementor-element-2052b071 elementor-widget elementor-widget-tm-heading\" data-id=\"2052b071\" data-element_type=\"widget\" data-widget_type=\"tm-heading.default\">\n\t\t\t\t<div class=\"elementor-widget-container\">\n\t\t\t\t\t\t\t<div class=\"tm-modern-heading tm-modern-heading--style-01 tm-modern-heading--highlight-style-01\">\n\t\t\t\n\t\t\t\t\t<div class=\"heading-primary-wrap\">\n\t\t\t<h4 class=\"heading-primary elementor-heading-title\">Przegl\u0105d<\/h4>\t\t<\/div>\n\t\t\n\t\t\t\n\t\t\t\t\t<\/div>\n\t\t\t\t\t\t<\/div>\n\t\t\t\t<\/div>\n\t\t\t\t<div class=\"elementor-element elementor-element-7c6ab884 elementor-widget elementor-widget-text-editor\" data-id=\"7c6ab884\" data-element_type=\"widget\" data-widget_type=\"text-editor.default\">\n\t\t\t\t<div class=\"elementor-widget-container\">\n\t\t\t\t\t\t\t\t\t<p>Obs\u0142uga 48 port\u00f3w dost\u0119powych 2.5G, szybkich port\u00f3w uplink 10G\/40G<\/p>\t\t\t\t\t\t\t\t<\/div>\n\t\t\t\t<\/div>\n\t\t\t\t<section class=\"elementor-section elementor-inner-section elementor-element elementor-element-2afe0aab elementor-section-gap-beside-no elementor-section-full_width elementor-section-height-default elementor-section-height-default elementor-section-column-vertical-align-stretch\" data-id=\"2afe0aab\" data-element_type=\"section\">\n\t\t\t\t\t\t<div class=\"elementor-container elementor-column-gap-extended\">\n\t\t\t\t\t<div class=\"elementor-column elementor-col-33 elementor-inner-column elementor-element elementor-element-7751e85f\" data-id=\"7751e85f\" data-element_type=\"column\">\n\t\t\t<div class=\"elementor-widget-wrap elementor-element-populated\">\n\t\t\t\t\t\t<div class=\"elementor-element elementor-element-d07ae98 elementor-widget elementor-widget-tm-heading\" data-id=\"d07ae98\" data-element_type=\"widget\" data-widget_type=\"tm-heading.default\">\n\t\t\t\t<div class=\"elementor-widget-container\">\n\t\t\t\t\t\t\t<div class=\"tm-modern-heading tm-modern-heading--style-01 tm-modern-heading--highlight-style-01\">\n\t\t\t\n\t\t\t\t\t<div class=\"heading-primary-wrap\">\n\t\t\t<h6 class=\"heading-primary elementor-heading-title\">Przepustowo\u015b\u0107 p\u0142yty monta\u017cowej prze\u0142\u0105cznika<\/h6>\t\t<\/div>\n\t\t\n\t\t\t\n\t\t\t\t\t<div class=\"heading-description-wrap\">\n\t\t\t<div class=\"heading-description\">\n\t\t\t\t<p>1280 Gb\/s<\/p>\t\t\t<\/div>\n\t\t<\/div>\n\t\t\t\t<\/div>\n\t\t\t\t\t\t<\/div>\n\t\t\t\t<\/div>\n\t\t\t\t<div class=\"elementor-element elementor-element-7cf8fe9 elementor-widget elementor-widget-tm-heading\" data-id=\"7cf8fe9\" data-element_type=\"widget\" data-widget_type=\"tm-heading.default\">\n\t\t\t\t<div class=\"elementor-widget-container\">\n\t\t\t\t\t\t\t<div class=\"tm-modern-heading tm-modern-heading--style-01 tm-modern-heading--highlight-style-01\">\n\t\t\t\n\t\t\t\t\t<div class=\"heading-primary-wrap\">\n\t\t\t<h6 class=\"heading-primary elementor-heading-title\">Wilgotno\u015b\u0107 robocza<\/h6>\t\t<\/div>\n\t\t\n\t\t\t\n\t\t\t\t\t<div class=\"heading-description-wrap\">\n\t\t\t<div class=\"heading-description\">\n\t\t\t\t<p>10% ~ 90% wilgotno\u015b\u0107 wzgl\u0119dna bez kondensacji<\/p>\t\t\t<\/div>\n\t\t<\/div>\n\t\t\t\t<\/div>\n\t\t\t\t\t\t<\/div>\n\t\t\t\t<\/div>\n\t\t\t\t\t<\/div>\n\t\t<\/div>\n\t\t\t\t<div class=\"elementor-column elementor-col-33 elementor-inner-column elementor-element elementor-element-c6e3a56\" data-id=\"c6e3a56\" data-element_type=\"column\">\n\t\t\t<div class=\"elementor-widget-wrap elementor-element-populated\">\n\t\t\t\t\t\t<div class=\"elementor-element elementor-element-44fb51c6 elementor-widget elementor-widget-tm-heading\" data-id=\"44fb51c6\" data-element_type=\"widget\" data-widget_type=\"tm-heading.default\">\n\t\t\t\t<div class=\"elementor-widget-container\">\n\t\t\t\t\t\t\t<div class=\"tm-modern-heading tm-modern-heading--style-01 tm-modern-heading--highlight-style-01\">\n\t\t\t\n\t\t\t\t\t<div class=\"heading-primary-wrap\">\n\t\t\t<h6 class=\"heading-primary elementor-heading-title\">Przekazywanie pakiet\u00f3w<\/h6>\t\t<\/div>\n\t\t\n\t\t\t\n\t\t\t\t\t<div class=\"heading-description-wrap\">\n\t\t\t<div class=\"heading-description\">\n\t\t\t\t<p>630 Mpps<\/p>\t\t\t<\/div>\n\t\t<\/div>\n\t\t\t\t<\/div>\n\t\t\t\t\t\t<\/div>\n\t\t\t\t<\/div>\n\t\t\t\t<div class=\"elementor-element elementor-element-2de3256a elementor-widget elementor-widget-tm-heading\" data-id=\"2de3256a\" data-element_type=\"widget\" data-widget_type=\"tm-heading.default\">\n\t\t\t\t<div class=\"elementor-widget-container\">\n\t\t\t\t\t\t\t<div class=\"tm-modern-heading tm-modern-heading--style-01 tm-modern-heading--highlight-style-01\">\n\t\t\t\n\t\t\t\t\t<div class=\"heading-primary-wrap\">\n\t\t\t<h6 class=\"heading-primary elementor-heading-title\">Wymiary (szer. \u00d7 g\u0142. \u00d7 wys.)<\/h6>\t\t<\/div>\n\t\t\n\t\t\t\n\t\t\t\t\t<div class=\"heading-description-wrap\">\n\t\t\t<div class=\"heading-description\">\n\t\t\t\t<p>440 mm \u00d7 320 mm \u00d7 44 mm<\/p>\t\t\t<\/div>\n\t\t<\/div>\n\t\t\t\t<\/div>\n\t\t\t\t\t\t<\/div>\n\t\t\t\t<\/div>\n\t\t\t\t<div class=\"elementor-element elementor-element-453d78ca elementor-widget elementor-widget-spacer\" data-id=\"453d78ca\" data-element_type=\"widget\" data-widget_type=\"spacer.default\">\n\t\t\t\t<div class=\"elementor-widget-container\">\n\t\t\t\t\t\t\t<div class=\"elementor-spacer\">\n\t\t\t<div class=\"elementor-spacer-inner\"><\/div>\n\t\t<\/div>\n\t\t\t\t\t\t<\/div>\n\t\t\t\t<\/div>\n\t\t\t\t\t<\/div>\n\t\t<\/div>\n\t\t\t\t<div class=\"elementor-column elementor-col-33 elementor-inner-column elementor-element elementor-element-63d177a8\" data-id=\"63d177a8\" data-element_type=\"column\">\n\t\t\t<div class=\"elementor-widget-wrap elementor-element-populated\">\n\t\t\t\t\t\t<div class=\"elementor-element elementor-element-47145555 elementor-widget elementor-widget-tm-heading\" data-id=\"47145555\" data-element_type=\"widget\" data-widget_type=\"tm-heading.default\">\n\t\t\t\t<div class=\"elementor-widget-container\">\n\t\t\t\t\t\t\t<div class=\"tm-modern-heading tm-modern-heading--style-01 tm-modern-heading--highlight-style-01\">\n\t\t\t\n\t\t\t\t\t<div class=\"heading-primary-wrap\">\n\t\t\t<h6 class=\"heading-primary elementor-heading-title\">port prze\u0142\u0105cznika<\/h6>\t\t<\/div>\n\t\t\n\t\t\t\n\t\t\t\t\t<div class=\"heading-description-wrap\">\n\t\t\t<div class=\"heading-description\">\n\t\t\t\t<p>48 port\u00f3w elektrycznych RJ45 1000M\/2,5G<\/p><p>4 porty optyczne 10G SFP+<\/p><p>2 porty optyczne 40G QSFP<\/p>\t\t\t<\/div>\n\t\t<\/div>\n\t\t\t\t<\/div>\n\t\t\t\t\t\t<\/div>\n\t\t\t\t<\/div>\n\t\t\t\t\t<\/div>\n\t\t<\/div>\n\t\t\t\t\t<\/div>\n\t\t<\/section>\n\t\t\t\t\t<\/div>\n\t\t<\/div>\n\t\t\t\t\t<\/div>\n\t\t<\/section>\n\t\t<div class=\"elementor-element elementor-element-1b74d531 e-flex e-con-boxed e-con e-parent\" data-id=\"1b74d531\" data-element_type=\"container\">\n\t\t\t\t\t<div class=\"e-con-inner\">\n\t\t\t\t<div class=\"elementor-element elementor-element-aaf7427 elementor-widget elementor-widget-image\" data-id=\"aaf7427\" data-element_type=\"widget\" data-widget_type=\"image.default\">\n\t\t\t\t<div class=\"elementor-widget-container\">\n\t\t\t\t\t\t\t\t\t\t\t\t\t\t\t<img fetchpriority=\"high\" decoding=\"async\" width=\"1920\" height=\"756\" src=\"https:\/\/foredgetech.com\/wp-content\/uploads\/2024\/01\/A1-10.jpg\" class=\"attachment-full size-full wp-image-30638\" alt=\"\" srcset=\"https:\/\/foredgetech.com\/wp-content\/uploads\/2024\/01\/A1-10.jpg 1920w, https:\/\/foredgetech.com\/wp-content\/uploads\/2024\/01\/A1-10-150x59.jpg 150w, https:\/\/foredgetech.com\/wp-content\/uploads\/2024\/01\/A1-10-600x236.jpg 600w, https:\/\/foredgetech.com\/wp-content\/uploads\/2024\/01\/A1-10-300x118.jpg 300w, https:\/\/foredgetech.com\/wp-content\/uploads\/2024\/01\/A1-10-768x302.jpg 768w, https:\/\/foredgetech.com\/wp-content\/uploads\/2024\/01\/A1-10-1536x605.jpg 1536w\" sizes=\"(max-width: 1920px) 100vw, 1920px\" \/>\t\t\t\t\t\t\t\t\t\t\t\t\t\t\t<\/div>\n\t\t\t\t<\/div>\n\t\t\t\t<div class=\"elementor-element elementor-element-32289a0 elementor-widget elementor-widget-image\" data-id=\"32289a0\" data-element_type=\"widget\" data-widget_type=\"image.default\">\n\t\t\t\t<div class=\"elementor-widget-container\">\n\t\t\t\t\t\t\t\t\t\t\t\t\t\t\t<img decoding=\"async\" width=\"1920\" height=\"756\" data-src=\"https:\/\/foredgetech.com\/wp-content\/uploads\/2024\/01\/B2-\u7f51\u5427-\u7535\u7ade\u9152\u5e97-\u4f01\u4e1a\u6570\u636e\u4e2d\u5fc3.jpg\" class=\"attachment-full size-full wp-image-30639 lazyload\" alt=\"\" data-srcset=\"https:\/\/foredgetech.com\/wp-content\/uploads\/2024\/01\/B2-\u7f51\u5427-\u7535\u7ade\u9152\u5e97-\u4f01\u4e1a\u6570\u636e\u4e2d\u5fc3.jpg 1920w, https:\/\/foredgetech.com\/wp-content\/uploads\/2024\/01\/B2-\u7f51\u5427-\u7535\u7ade\u9152\u5e97-\u4f01\u4e1a\u6570\u636e\u4e2d\u5fc3-150x59.jpg 150w, https:\/\/foredgetech.com\/wp-content\/uploads\/2024\/01\/B2-\u7f51\u5427-\u7535\u7ade\u9152\u5e97-\u4f01\u4e1a\u6570\u636e\u4e2d\u5fc3-600x236.jpg 600w, https:\/\/foredgetech.com\/wp-content\/uploads\/2024\/01\/B2-\u7f51\u5427-\u7535\u7ade\u9152\u5e97-\u4f01\u4e1a\u6570\u636e\u4e2d\u5fc3-300x118.jpg 300w, https:\/\/foredgetech.com\/wp-content\/uploads\/2024\/01\/B2-\u7f51\u5427-\u7535\u7ade\u9152\u5e97-\u4f01\u4e1a\u6570\u636e\u4e2d\u5fc3-768x302.jpg 768w, https:\/\/foredgetech.com\/wp-content\/uploads\/2024\/01\/B2-\u7f51\u5427-\u7535\u7ade\u9152\u5e97-\u4f01\u4e1a\u6570\u636e\u4e2d\u5fc3-1536x605.jpg 1536w\" data-sizes=\"(max-width: 1920px) 100vw, 1920px\" src=\"data:image\/svg+xml;base64,PHN2ZyB3aWR0aD0iMSIgaGVpZ2h0PSIxIiB4bWxucz0iaHR0cDovL3d3dy53My5vcmcvMjAwMC9zdmciPjwvc3ZnPg==\" style=\"--smush-placeholder-width: 1920px; --smush-placeholder-aspect-ratio: 1920\/756;\" \/>\t\t\t\t\t\t\t\t\t\t\t\t\t\t\t<\/div>\n\t\t\t\t<\/div>\n\t\t\t\t<div class=\"elementor-element elementor-element-ca6f521 elementor-widget elementor-widget-image\" data-id=\"ca6f521\" data-element_type=\"widget\" data-widget_type=\"image.default\">\n\t\t\t\t<div class=\"elementor-widget-container\">\n\t\t\t\t\t\t\t\t\t\t\t\t\t\t\t<img decoding=\"async\" width=\"1920\" height=\"756\" data-src=\"https:\/\/foredgetech.com\/wp-content\/uploads\/2024\/01\/C3-\u5b8c\u5584\u7684\u5b89\u5168\u673a\u5236-8.jpg\" class=\"attachment-full size-full wp-image-30640 lazyload\" alt=\"\" data-srcset=\"https:\/\/foredgetech.com\/wp-content\/uploads\/2024\/01\/C3-\u5b8c\u5584\u7684\u5b89\u5168\u673a\u5236-8.jpg 1920w, https:\/\/foredgetech.com\/wp-content\/uploads\/2024\/01\/C3-\u5b8c\u5584\u7684\u5b89\u5168\u673a\u5236-8-150x59.jpg 150w, https:\/\/foredgetech.com\/wp-content\/uploads\/2024\/01\/C3-\u5b8c\u5584\u7684\u5b89\u5168\u673a\u5236-8-600x236.jpg 600w, https:\/\/foredgetech.com\/wp-content\/uploads\/2024\/01\/C3-\u5b8c\u5584\u7684\u5b89\u5168\u673a\u5236-8-300x118.jpg 300w, https:\/\/foredgetech.com\/wp-content\/uploads\/2024\/01\/C3-\u5b8c\u5584\u7684\u5b89\u5168\u673a\u5236-8-768x302.jpg 768w, https:\/\/foredgetech.com\/wp-content\/uploads\/2024\/01\/C3-\u5b8c\u5584\u7684\u5b89\u5168\u673a\u5236-8-1536x605.jpg 1536w\" data-sizes=\"(max-width: 1920px) 100vw, 1920px\" src=\"data:image\/svg+xml;base64,PHN2ZyB3aWR0aD0iMSIgaGVpZ2h0PSIxIiB4bWxucz0iaHR0cDovL3d3dy53My5vcmcvMjAwMC9zdmciPjwvc3ZnPg==\" style=\"--smush-placeholder-width: 1920px; --smush-placeholder-aspect-ratio: 1920\/756;\" \/>\t\t\t\t\t\t\t\t\t\t\t\t\t\t\t<\/div>\n\t\t\t\t<\/div>\n\t\t\t\t<div class=\"elementor-element elementor-element-d6031e9 elementor-widget elementor-widget-image\" data-id=\"d6031e9\" data-element_type=\"widget\" data-widget_type=\"image.default\">\n\t\t\t\t<div class=\"elementor-widget-container\">\n\t\t\t\t\t\t\t\t\t\t\t\t\t\t\t<img decoding=\"async\" width=\"1920\" height=\"756\" data-src=\"https:\/\/foredgetech.com\/wp-content\/uploads\/2024\/01\/C3-0-\u7aef\u53e3\u5206\u533a.jpg\" class=\"attachment-full size-full wp-image-30641 lazyload\" alt=\"\" data-srcset=\"https:\/\/foredgetech.com\/wp-content\/uploads\/2024\/01\/C3-0-\u7aef\u53e3\u5206\u533a.jpg 1920w, https:\/\/foredgetech.com\/wp-content\/uploads\/2024\/01\/C3-0-\u7aef\u53e3\u5206\u533a-150x59.jpg 150w, https:\/\/foredgetech.com\/wp-content\/uploads\/2024\/01\/C3-0-\u7aef\u53e3\u5206\u533a-600x236.jpg 600w, https:\/\/foredgetech.com\/wp-content\/uploads\/2024\/01\/C3-0-\u7aef\u53e3\u5206\u533a-300x118.jpg 300w, https:\/\/foredgetech.com\/wp-content\/uploads\/2024\/01\/C3-0-\u7aef\u53e3\u5206\u533a-768x302.jpg 768w, https:\/\/foredgetech.com\/wp-content\/uploads\/2024\/01\/C3-0-\u7aef\u53e3\u5206\u533a-1536x605.jpg 1536w\" data-sizes=\"(max-width: 1920px) 100vw, 1920px\" src=\"data:image\/svg+xml;base64,PHN2ZyB3aWR0aD0iMSIgaGVpZ2h0PSIxIiB4bWxucz0iaHR0cDovL3d3dy53My5vcmcvMjAwMC9zdmciPjwvc3ZnPg==\" style=\"--smush-placeholder-width: 1920px; --smush-placeholder-aspect-ratio: 1920\/756;\" \/>\t\t\t\t\t\t\t\t\t\t\t\t\t\t\t<\/div>\n\t\t\t\t<\/div>\n\t\t\t\t<div class=\"elementor-element elementor-element-4fa9a73 elementor-widget elementor-widget-image\" data-id=\"4fa9a73\" data-element_type=\"widget\" data-widget_type=\"image.default\">\n\t\t\t\t<div class=\"elementor-widget-container\">\n\t\t\t\t\t\t\t\t\t\t\t\t\t\t\t<img decoding=\"async\" width=\"1920\" height=\"756\" data-src=\"https:\/\/foredgetech.com\/wp-content\/uploads\/2024\/01\/D4-2-\u6570\u636e\u5305\u8f6c\u53d1-S6700-48GX-4TF-2QF.jpg\" class=\"attachment-full size-full wp-image-32899 lazyload\" alt=\"\" data-srcset=\"https:\/\/foredgetech.com\/wp-content\/uploads\/2024\/01\/D4-2-\u6570\u636e\u5305\u8f6c\u53d1-S6700-48GX-4TF-2QF.jpg 1920w, https:\/\/foredgetech.com\/wp-content\/uploads\/2024\/01\/D4-2-\u6570\u636e\u5305\u8f6c\u53d1-S6700-48GX-4TF-2QF-150x59.jpg 150w, https:\/\/foredgetech.com\/wp-content\/uploads\/2024\/01\/D4-2-\u6570\u636e\u5305\u8f6c\u53d1-S6700-48GX-4TF-2QF-600x236.jpg 600w, https:\/\/foredgetech.com\/wp-content\/uploads\/2024\/01\/D4-2-\u6570\u636e\u5305\u8f6c\u53d1-S6700-48GX-4TF-2QF-300x118.jpg 300w, https:\/\/foredgetech.com\/wp-content\/uploads\/2024\/01\/D4-2-\u6570\u636e\u5305\u8f6c\u53d1-S6700-48GX-4TF-2QF-768x302.jpg 768w, https:\/\/foredgetech.com\/wp-content\/uploads\/2024\/01\/D4-2-\u6570\u636e\u5305\u8f6c\u53d1-S6700-48GX-4TF-2QF-1536x605.jpg 1536w, https:\/\/foredgetech.com\/wp-content\/uploads\/2024\/01\/D4-2-\u6570\u636e\u5305\u8f6c\u53d1-S6700-48GX-4TF-2QF-18x7.jpg 18w\" data-sizes=\"(max-width: 1920px) 100vw, 1920px\" src=\"data:image\/svg+xml;base64,PHN2ZyB3aWR0aD0iMSIgaGVpZ2h0PSIxIiB4bWxucz0iaHR0cDovL3d3dy53My5vcmcvMjAwMC9zdmciPjwvc3ZnPg==\" style=\"--smush-placeholder-width: 1920px; --smush-placeholder-aspect-ratio: 1920\/756;\" \/>\t\t\t\t\t\t\t\t\t\t\t\t\t\t\t<\/div>\n\t\t\t\t<\/div>\n\t\t\t\t<div class=\"elementor-element elementor-element-e5b31ca elementor-widget elementor-widget-image\" data-id=\"e5b31ca\" data-element_type=\"widget\" data-widget_type=\"image.default\">\n\t\t\t\t<div class=\"elementor-widget-container\">\n\t\t\t\t\t\t\t\t\t\t\t\t\t\t\t<img decoding=\"async\" width=\"1920\" height=\"756\" data-src=\"https:\/\/foredgetech.com\/wp-content\/uploads\/2024\/01\/D4-3-\u5de5\u4f5c\u6e7f\u5ea6-13.jpg\" class=\"attachment-full size-full wp-image-30643 lazyload\" alt=\"\" data-srcset=\"https:\/\/foredgetech.com\/wp-content\/uploads\/2024\/01\/D4-3-\u5de5\u4f5c\u6e7f\u5ea6-13.jpg 1920w, https:\/\/foredgetech.com\/wp-content\/uploads\/2024\/01\/D4-3-\u5de5\u4f5c\u6e7f\u5ea6-13-150x59.jpg 150w, https:\/\/foredgetech.com\/wp-content\/uploads\/2024\/01\/D4-3-\u5de5\u4f5c\u6e7f\u5ea6-13-600x236.jpg 600w, https:\/\/foredgetech.com\/wp-content\/uploads\/2024\/01\/D4-3-\u5de5\u4f5c\u6e7f\u5ea6-13-300x118.jpg 300w, https:\/\/foredgetech.com\/wp-content\/uploads\/2024\/01\/D4-3-\u5de5\u4f5c\u6e7f\u5ea6-13-768x302.jpg 768w, https:\/\/foredgetech.com\/wp-content\/uploads\/2024\/01\/D4-3-\u5de5\u4f5c\u6e7f\u5ea6-13-1536x605.jpg 1536w\" data-sizes=\"(max-width: 1920px) 100vw, 1920px\" src=\"data:image\/svg+xml;base64,PHN2ZyB3aWR0aD0iMSIgaGVpZ2h0PSIxIiB4bWxucz0iaHR0cDovL3d3dy53My5vcmcvMjAwMC9zdmciPjwvc3ZnPg==\" style=\"--smush-placeholder-width: 1920px; --smush-placeholder-aspect-ratio: 1920\/756;\" \/>\t\t\t\t\t\t\t\t\t\t\t\t\t\t\t<\/div>\n\t\t\t\t<\/div>\n\t\t\t\t\t<\/div>\n\t\t\t\t<\/div>\n\t\t<div class=\"elementor-element elementor-element-4ce676b e-flex e-con-boxed e-con e-parent\" data-id=\"4ce676b\" data-element_type=\"container\">\n\t\t\t\t\t<div class=\"e-con-inner\">\n\t\t\t\t<div class=\"elementor-element elementor-element-142864b elementor-widget elementor-widget-heading\" data-id=\"142864b\" data-element_type=\"widget\" data-widget_type=\"heading.default\">\n\t\t\t\t<div class=\"elementor-widget-container\">\n\t\t\t\t\t<h2 class=\"elementor-heading-title elementor-size-default\">Specyfikacje<\/h2>\t\t\t\t<\/div>\n\t\t\t\t<\/div>\n\t\t\t\t<div class=\"elementor-element elementor-element-c85a48f elementor-widget elementor-widget-text-editor\" data-id=\"c85a48f\" data-element_type=\"widget\" data-widget_type=\"text-editor.default\">\n\t\t\t\t<div class=\"elementor-widget-container\">\n\t\t\t\t\t\t\t\t\t<table><tbody><tr><td colspan=\"2\"><p><strong>Specyfikacja sprz\u0119tu:<\/strong><\/p><\/td><\/tr><tr><td><p><strong>Sie\u0107<\/strong><strong>\u00a0<\/strong><strong>Interfejs<\/strong><\/p><\/td><td><p>48*1000M\/2.5Gbps port\u00f3w RJ45<\/p><p>4*10G porty SFP+<\/p><p>2*40G porty QSFP+<\/p><p>1*Port konsoli<\/p><\/td><\/tr><tr><td><p><strong>Zu\u017cycie energii<\/strong><\/p><\/td><td><p>Mniej ni\u017c 100W<\/p><\/td><\/tr><tr><td><p><strong>Wydajno\u015b\u0107<\/strong><\/p><\/td><td><p>Pasmo przenoszenia: 480 Gb\/s<\/p><p>Szybko\u015b\u0107 przekazywania pakiet\u00f3w\uff1a360Mpps<\/p><p>Rozmiar tabeli MAC\uff1a128K<\/p><p>Bufor portu\uff1a4.5MB<\/p><p>Pami\u0119\u0107 flash: 4 GB<\/p><p>DRAM\uff1a2GB<\/p><p>Typ przekierowania\uff1aprzekierowanie do pami\u0119ci masowej<\/p><\/td><\/tr><tr><td><p><strong>Jumbo<\/strong> <strong>Rama<\/strong><\/p><\/td><td><p>\u25cf 16K<\/p><\/td><\/tr><tr><td><p><strong>Dostawca energii<\/strong><\/p><\/td><td><p>Wej\u015bcie zasilania\uff1aAC 100-240V\/50-60Hz<\/p><\/td><\/tr><tr><td><p><strong>Wymiar<\/strong><\/p><\/td><td><p>WxDxH\uff1a440mmx180mmx44mm<\/p><\/td><\/tr><tr><td><p><strong>\u015arodowisko<\/strong><\/p><\/td><td><p>Temperatura pracy\uff1a0\u00b0C~50\u00b0C<\/p><p>Temperatura przechowywania\uff1a-40\u2103\u301c70\u2103<\/p><p>Wilgotno\u015b\u0107 podczas pracy:10%~ 90% RH bez kondensacji \u25cf Wilgotno\u015b\u0107 podczas przechowywania:5%\u301c90% RH bez kondensacji<\/p><\/td><\/tr><tr><td><p><strong>Bezpiecze\u0144stwo<\/strong> <strong>Przepisy<\/strong><\/p><\/td><td><p>CE\/ROHS\/FCC<\/p><\/td><\/tr><tr><td colspan=\"2\"><p><strong>Specyfikacja oprogramowania:<\/strong><\/p><\/td><\/tr><tr><td><p><strong>Multicast<\/strong><\/p><\/td><td><p>IGMP v1\/v2c\/v3<\/p><p>IGMP Snooping<\/p><p>IGMP fast leaving<\/p><p>Zasady dotycz\u0105ce grup multiemisji i limit liczby multiemisji<\/p><p>Filtrowanie multiemisji \u25cf MVR<\/p><p>IGMP snooping w okre\u015blonych portach i sieciach VLAN<\/p><p>PIM-DM\/SM\/SSM<\/p><\/td><\/tr><tr><td><p><strong>IPv4<\/strong><\/p><\/td><td><p>Routing statyczny, RIP v1\/v2, OSPF, BGP<\/p><p>Routing oparty na zasadach (PBR)<\/p><p>ECMP<\/p><p>BFD dla routingu statycznego, RIP, OSPF, BGP<\/p><\/td><\/tr><tr><td><p><strong>IPv6<\/strong><\/p><\/td><td><p>Podw\u00f3jny stos IPv4\/v6<\/p><p>ICMPv6, DHCPv6, ACLv6 i IPv6 Telnet<\/p><p>Wykrywanie s\u0105siad\u00f3w Ipv6<\/p><p>Wykrywanie MTU \u015bcie\u017cki<\/p><p>MLDV1<\/p><p>Routing statyczny IPv6, RIPng, OSPFv3, BGP4+<\/p><p>Tunel r\u0119czny, tunel ISATAP, tunel 6-4<\/p><\/td><\/tr><tr><td><p><strong>DHCP<\/strong><\/p><\/td><td><p>Serwer DHCP, klient, przeka\u017anik, snooping<\/p><\/td><\/tr><tr><td><p><strong>MPLS<\/strong><\/p><\/td><td><p>MCE<\/p><\/td><\/tr><tr><td><p><strong>QoS<\/strong><\/p><\/td><td><p>Klasyfikacja ruchu nag\u0142\u00f3wk\u00f3w port\u00f3w\/protoko\u0142\u00f3w L2~4\/VLAN\/CoS\/DSCP<\/p><p>Wiele algorytm\u00f3w kolejkowania, takich jak SP, mapowanie priorytet\u00f3w 802.1P\/DSCP i uwagi<\/p><p>Kontrola trakcji CAR<\/p><p>WRR lub SP+WRR, Tail-Drop, WRED<\/p><p>Nadz\u00f3r nad ruchem drogowym i kszta\u0142towanie ruchu drogowego<\/p><p>8 kolejek na port<\/p><\/td><\/tr><tr><td colspan=\"2\"><p><strong>Specyfikacja oprogramowania:<\/strong><\/p><\/td><\/tr><tr><td><p><strong>Bezpiecze\u0144stwo<\/strong><\/p><\/td><td><p>Zapobieganie atakom DDoS, zapobieganie atakom TCP-SYN\/UDP\/ARP Flood<\/p><p>Uwierzytelnianie IEEE 802.1x, uwierzytelnianie wielu u\u017cytkownik\u00f3w, plan go\u015bci<\/p><p>L2~L4 ACL<\/p><p>Anti-DOS\/IP spoo\ufb01ng\/TCP\/ping\/SYN\/ICMP \ufb02ood attacks \u25cf Anti-DOS\/IP spoo\ufb01ng\/TCP\/ping\/SYN\/ICMP \ufb02ood attacks<\/p><p>Broadcast\/multicast\/unknown-unicast storm-control \u25cf Broadcast\/multicast\/unknown-unicast storm-control<\/p><p>Izolacja portu<\/p><p>Bezpiecze\u0144stwo port\u00f3w, ograniczenie adres\u00f3w MAC, powi\u0105zanie IP+MAC+port<\/p><p>DHCP Snooping, DHCP Option 82<\/p><p>DAI (dynamiczna inspekcja ARP)<\/p><p>IPSG (IP Source Guard)<\/p><p>Certyfikacja IEEE 802.1x<\/p><p>AAA<\/p><p>Promie\u0144,Tacacs+<\/p><p>Uprawnienia wielu u\u017cytkownik\u00f3w<\/p><\/td><\/tr><tr><td><p><strong>Niezawodno\u015b\u0107<\/strong><\/p><\/td><td><p>Agregacja \u0142\u0105czy 802.3ad Static\/LACP,<\/p><p>EAPS<\/p><p>G.8032 ERPS<\/p><p>ISSU<\/p><p>VRRP<\/p><p>GR dla OSPF i BGP<\/p><p>BFD dla OSPF i BGP<\/p><p>Wirtualny system uk\u0142adania HVSS<\/p><\/td><\/tr><tr><td><p><strong>Zarz\u0105dzanie<\/strong><\/p><\/td><td><p>CLI: konsola, Telnet, SSHv1\/2<\/p><p>Web-GUI: HTTP, HTTPS\/SSL<\/p><p>SNMP v1\/v2c\/v3, RMON, SNMP alarm\/inform\/traps<\/p><p>Przesy\u0142anie i pobieranie plik\u00f3w FTP\/TFTP\/SFTP<\/p><p>Debugowanie<\/p><p>Syslog dla alarm\u00f3w\/powiadomie\u0144\/polece\u0144\/debugowania \u25cf NTP<\/p><p>SPAN, RSPAN (lustrzane odbicie 1:1 i N:1)<\/p><\/td><\/tr><tr><td><p><strong>Zarz\u0105dzanie<\/strong><\/p><\/td><td><p>LLDP, LLDP-MED<\/p><p>sFlow<\/p><p>ZTP (Zero Touch Provisioning)<\/p><p>Optyczny DDM<\/p><p>Diagnostyka kabla Ethernet<\/p><p>802.3ah, 802.1ag<\/p><\/td><\/tr><\/tbody><\/table>\t\t\t\t\t\t\t\t<\/div>\n\t\t\t\t<\/div>\n\t\t\t\t\t<\/div>\n\t\t\t\t<\/div>\n\t\t\t\t<\/div>","protected":false},"excerpt":{"rendered":"<ul>\n<li>48 port\u00f3w elektrycznych RJ45 1000M\/2,5G<\/li>\n<li>4 porty optyczne 10G SFP+<\/li>\n<li>2 porty optyczne 40G QSFP<\/li>\n<li>Wysokiej klasy chipy o bardziej stabilnej i wydajnej pracy<\/li>\n<li>Wysokiej klasy chipy, kt\u00f3re mog\u0105 znacznie poprawi\u0107 szybko\u015b\u0107 przetwarzania danych sieciowych<\/li>\n<li>Obs\u0142uga kompleksowego zarz\u0105dzania na platformie chmurowej Apollo<\/li>\n<li>Obs\u0142uguje platform\u0119 chmurow\u0105 do zarz\u0105dzania wizualizacj\u0105 zasob\u00f3w prze\u0142\u0105cznik\u00f3w i pod\u0142\u0105czonych urz\u0105dze\u0144 PD, upraszczaj\u0105c zarz\u0105dzanie operacjami i konserwacj\u0105.<\/li>\n<\/ul>","protected":false},"featured_media":27904,"template":"","meta":[],"product_brand":[],"product_cat":[591],"product_tag":[],"class_list":{"0":"post-27475","1":"product","2":"type-product","3":"status-publish","4":"has-post-thumbnail","6":"product_cat-sonic-2-5g-switch","7":"pa_series-2-5g-sonic-series","8":"pa_series-data-center-series","10":"first","11":"instock","12":"shipping-taxable","13":"purchasable","14":"product-type-simple"},"_links":{"self":[{"href":"https:\/\/foredgetech.com\/pl\/wp-json\/wp\/v2\/product\/27475","targetHints":{"allow":["GET"]}}],"collection":[{"href":"https:\/\/foredgetech.com\/pl\/wp-json\/wp\/v2\/product"}],"about":[{"href":"https:\/\/foredgetech.com\/pl\/wp-json\/wp\/v2\/types\/product"}],"version-history":[{"count":4,"href":"https:\/\/foredgetech.com\/pl\/wp-json\/wp\/v2\/product\/27475\/revisions"}],"predecessor-version":[{"id":33895,"href":"https:\/\/foredgetech.com\/pl\/wp-json\/wp\/v2\/product\/27475\/revisions\/33895"}],"wp:featuredmedia":[{"embeddable":true,"href":"https:\/\/foredgetech.com\/pl\/wp-json\/wp\/v2\/media\/27904"}],"wp:attachment":[{"href":"https:\/\/foredgetech.com\/pl\/wp-json\/wp\/v2\/media?parent=27475"}],"wp:term":[{"taxonomy":"product_brand","embeddable":true,"href":"https:\/\/foredgetech.com\/pl\/wp-json\/wp\/v2\/product_brand?post=27475"},{"taxonomy":"product_cat","embeddable":true,"href":"https:\/\/foredgetech.com\/pl\/wp-json\/wp\/v2\/product_cat?post=27475"},{"taxonomy":"product_tag","embeddable":true,"href":"https:\/\/foredgetech.com\/pl\/wp-json\/wp\/v2\/product_tag?post=27475"}],"curies":[{"name":"wp","href":"https:\/\/api.w.org\/{rel}","templated":true}]}}