{"id":26900,"date":"2023-12-30T08:25:09","date_gmt":"2023-12-30T08:25:09","guid":{"rendered":"https:\/\/foredgetech.com\/?post_type=product&#038;p=26900"},"modified":"2025-10-13T11:13:20","modified_gmt":"2025-10-13T11:13:20","slug":"ai106gbt","status":"publish","type":"product","link":"https:\/\/foredgetech.com\/pl\/produkt\/ai106gbt\/","title":{"rendered":"AI106GBT 6-portowy prze\u0142\u0105cznik Gigabit|BT PoE"},"content":{"rendered":"<div data-elementor-type=\"wp-post\" data-elementor-id=\"26900\" class=\"elementor elementor-26900\">\n\t\t\t\t\t\t<section class=\"elementor-section elementor-top-section elementor-element elementor-element-5058e617 elementor-section-full_width elementor-section-gap-beside-no elementor-section-height-default elementor-section-height-default elementor-section-column-vertical-align-stretch\" data-id=\"5058e617\" data-element_type=\"section\">\n\t\t\t\t\t\t<div class=\"elementor-container elementor-column-gap-extended\">\n\t\t\t\t\t<div class=\"elementor-column elementor-col-33 elementor-top-column elementor-element elementor-element-f61c77a\" data-id=\"f61c77a\" data-element_type=\"column\">\n\t\t\t<div class=\"elementor-widget-wrap elementor-element-populated\">\n\t\t\t\t\t\t<div class=\"elementor-element elementor-element-12229f05 elementor-widget elementor-widget-tm-modern-image\" data-id=\"12229f05\" data-element_type=\"widget\" data-widget_type=\"tm-modern-image.default\">\n\t\t\t\t<div class=\"elementor-widget-container\">\n\t\t\t\t\t\t\t<div class=\"tm-modern-image\">\n\t\t\t\t\t\t\t<div class=\"minimog-box\">\n\t\t\t\t\t<div class=\"minimog-image\">\t\t\t\t\t<m-image class=\"minimog-lazy-image\" style=\"--lazy-image-width: 300px;--lazy-image-height: 83.333333333333%;\" data-image-loading><img decoding=\"async\"  data-src=\"https:\/\/foredgetech.com\/wp-content\/uploads\/2023\/12\/AI106GBT-EN_-\u526f\u672c.png\" width=\"300\" height=\"250\" alt=\"AI106GBT EN_ &#8211; \u526f\u672c\" class=\"attachment-full size-full lazyload\" src=\"data:image\/svg+xml;base64,PHN2ZyB3aWR0aD0iMSIgaGVpZ2h0PSIxIiB4bWxucz0iaHR0cDovL3d3dy53My5vcmcvMjAwMC9zdmciPjwvc3ZnPg==\" style=\"--smush-placeholder-width: 300px; --smush-placeholder-aspect-ratio: 300\/250;\" \/><\/m-image>\t\t\t\t\t<\/div>\t\t\t\t<\/div>\n\t\t\t\t\t\t\t\t\t\t<\/div>\n\t\t\t\t\t\t<\/div>\n\t\t\t\t<\/div>\n\t\t\t\t\t<\/div>\n\t\t<\/div>\n\t\t\t\t<div class=\"elementor-column elementor-col-66 elementor-top-column elementor-element elementor-element-78bc78c2\" data-id=\"78bc78c2\" data-element_type=\"column\">\n\t\t\t<div class=\"elementor-widget-wrap elementor-element-populated\">\n\t\t\t\t\t\t<div class=\"elementor-element elementor-element-2052b071 elementor-widget elementor-widget-tm-heading\" data-id=\"2052b071\" data-element_type=\"widget\" data-widget_type=\"tm-heading.default\">\n\t\t\t\t<div class=\"elementor-widget-container\">\n\t\t\t\t\t\t\t<div class=\"tm-modern-heading tm-modern-heading--style-01 tm-modern-heading--highlight-style-01\">\n\t\t\t\n\t\t\t\t\t<div class=\"heading-primary-wrap\">\n\t\t\t<h4 class=\"heading-primary elementor-heading-title\">Przegl\u0105d<\/h4>\t\t<\/div>\n\t\t\n\t\t\t\n\t\t\t\t\t<\/div>\n\t\t\t\t\t\t<\/div>\n\t\t\t\t<\/div>\n\t\t\t\t<div class=\"elementor-element elementor-element-7c6ab884 elementor-widget elementor-widget-text-editor\" data-id=\"7c6ab884\" data-element_type=\"widget\" data-widget_type=\"text-editor.default\">\n\t\t\t\t<div class=\"elementor-widget-container\">\n\t\t\t\t\t\t\t\t\t<p>A 6-port 1000Mbps AI PoE switch,the product has 4 working modes, AI VLAN mode,AI Extend mode,AI PoE mode,AI QoS mode<\/p>\t\t\t\t\t\t\t\t<\/div>\n\t\t\t\t<\/div>\n\t\t\t\t<section class=\"elementor-section elementor-inner-section elementor-element elementor-element-2afe0aab elementor-section-gap-beside-no elementor-section-full_width elementor-section-height-default elementor-section-height-default elementor-section-column-vertical-align-stretch\" data-id=\"2afe0aab\" data-element_type=\"section\">\n\t\t\t\t\t\t<div class=\"elementor-container elementor-column-gap-extended\">\n\t\t\t\t\t<div class=\"elementor-column elementor-col-33 elementor-inner-column elementor-element elementor-element-7751e85f\" data-id=\"7751e85f\" data-element_type=\"column\">\n\t\t\t<div class=\"elementor-widget-wrap elementor-element-populated\">\n\t\t\t\t\t\t<div class=\"elementor-element elementor-element-d07ae98 elementor-widget elementor-widget-tm-heading\" data-id=\"d07ae98\" data-element_type=\"widget\" data-widget_type=\"tm-heading.default\">\n\t\t\t\t<div class=\"elementor-widget-container\">\n\t\t\t\t\t\t\t<div class=\"tm-modern-heading tm-modern-heading--style-01 tm-modern-heading--highlight-style-01\">\n\t\t\t\n\t\t\t\t\t<div class=\"heading-primary-wrap\">\n\t\t\t<h6 class=\"heading-primary elementor-heading-title\">Przepustowo\u015b\u0107 p\u0142yty monta\u017cowej prze\u0142\u0105cznika<\/h6>\t\t<\/div>\n\t\t\n\t\t\t\n\t\t\t\t\t<div class=\"heading-description-wrap\">\n\t\t\t<div class=\"heading-description\">\n\t\t\t\t<p>12 Gb\/s<\/p>\t\t\t<\/div>\n\t\t<\/div>\n\t\t\t\t<\/div>\n\t\t\t\t\t\t<\/div>\n\t\t\t\t<\/div>\n\t\t\t\t<div class=\"elementor-element elementor-element-7cf8fe9 elementor-widget elementor-widget-tm-heading\" data-id=\"7cf8fe9\" data-element_type=\"widget\" data-widget_type=\"tm-heading.default\">\n\t\t\t\t<div class=\"elementor-widget-container\">\n\t\t\t\t\t\t\t<div class=\"tm-modern-heading tm-modern-heading--style-01 tm-modern-heading--highlight-style-01\">\n\t\t\t\n\t\t\t\t\t<div class=\"heading-primary-wrap\">\n\t\t\t<h6 class=\"heading-primary elementor-heading-title\">Wilgotno\u015b\u0107 robocza<\/h6>\t\t<\/div>\n\t\t\n\t\t\t\n\t\t\t\t\t<div class=\"heading-description-wrap\">\n\t\t\t<div class=\"heading-description\">\n\t\t\t\t<p>10% ~ 90% wilgotno\u015b\u0107 wzgl\u0119dna bez kondensacji<\/p>\t\t\t<\/div>\n\t\t<\/div>\n\t\t\t\t<\/div>\n\t\t\t\t\t\t<\/div>\n\t\t\t\t<\/div>\n\t\t\t\t\t<\/div>\n\t\t<\/div>\n\t\t\t\t<div class=\"elementor-column elementor-col-33 elementor-inner-column elementor-element elementor-element-c6e3a56\" data-id=\"c6e3a56\" data-element_type=\"column\">\n\t\t\t<div class=\"elementor-widget-wrap elementor-element-populated\">\n\t\t\t\t\t\t<div class=\"elementor-element elementor-element-44fb51c6 elementor-widget elementor-widget-tm-heading\" data-id=\"44fb51c6\" data-element_type=\"widget\" data-widget_type=\"tm-heading.default\">\n\t\t\t\t<div class=\"elementor-widget-container\">\n\t\t\t\t\t\t\t<div class=\"tm-modern-heading tm-modern-heading--style-01 tm-modern-heading--highlight-style-01\">\n\t\t\t\n\t\t\t\t\t<div class=\"heading-primary-wrap\">\n\t\t\t<h6 class=\"heading-primary elementor-heading-title\">Przekazywanie pakiet\u00f3w<\/h6>\t\t<\/div>\n\t\t\n\t\t\t\n\t\t\t\t\t<div class=\"heading-description-wrap\">\n\t\t\t<div class=\"heading-description\">\n\t\t\t\t<p>\u00a08,9 Mpps<\/p>\t\t\t<\/div>\n\t\t<\/div>\n\t\t\t\t<\/div>\n\t\t\t\t\t\t<\/div>\n\t\t\t\t<\/div>\n\t\t\t\t<div class=\"elementor-element elementor-element-2de3256a elementor-widget elementor-widget-tm-heading\" data-id=\"2de3256a\" data-element_type=\"widget\" data-widget_type=\"tm-heading.default\">\n\t\t\t\t<div class=\"elementor-widget-container\">\n\t\t\t\t\t\t\t<div class=\"tm-modern-heading tm-modern-heading--style-01 tm-modern-heading--highlight-style-01\">\n\t\t\t\n\t\t\t\t\t<div class=\"heading-primary-wrap\">\n\t\t\t<h6 class=\"heading-primary elementor-heading-title\">Wymiary (szer. \u00d7 g\u0142. \u00d7 wys.)<\/h6>\t\t<\/div>\n\t\t\n\t\t\t\n\t\t\t\t\t<div class=\"heading-description-wrap\">\n\t\t\t<div class=\"heading-description\">\n\t\t\t\t<p>125mm*75mm*27mm<\/p>\t\t\t<\/div>\n\t\t<\/div>\n\t\t\t\t<\/div>\n\t\t\t\t\t\t<\/div>\n\t\t\t\t<\/div>\n\t\t\t\t<div class=\"elementor-element elementor-element-453d78ca elementor-widget elementor-widget-spacer\" data-id=\"453d78ca\" data-element_type=\"widget\" data-widget_type=\"spacer.default\">\n\t\t\t\t<div class=\"elementor-widget-container\">\n\t\t\t\t\t\t\t<div class=\"elementor-spacer\">\n\t\t\t<div class=\"elementor-spacer-inner\"><\/div>\n\t\t<\/div>\n\t\t\t\t\t\t<\/div>\n\t\t\t\t<\/div>\n\t\t\t\t\t<\/div>\n\t\t<\/div>\n\t\t\t\t<div class=\"elementor-column elementor-col-33 elementor-inner-column elementor-element elementor-element-63d177a8\" data-id=\"63d177a8\" data-element_type=\"column\">\n\t\t\t<div class=\"elementor-widget-wrap elementor-element-populated\">\n\t\t\t\t\t\t<div class=\"elementor-element elementor-element-47145555 elementor-widget elementor-widget-tm-heading\" data-id=\"47145555\" data-element_type=\"widget\" data-widget_type=\"tm-heading.default\">\n\t\t\t\t<div class=\"elementor-widget-container\">\n\t\t\t\t\t\t\t<div class=\"tm-modern-heading tm-modern-heading--style-01 tm-modern-heading--highlight-style-01\">\n\t\t\t\n\t\t\t\t\t<div class=\"heading-primary-wrap\">\n\t\t\t<h6 class=\"heading-primary elementor-heading-title\">port prze\u0142\u0105cznika<\/h6>\t\t<\/div>\n\t\t\n\t\t\t\n\t\t\t\t\t<div class=\"heading-description-wrap\">\n\t\t\t<div class=\"heading-description\">\n\t\t\t\t<p>4 porty RJ45 o przepustowo\u015bci 10\/100\/1000 Mb\/s\u00a0<\/p><p>2 porty RJ45 o przepustowo\u015bci 10\/100\/1000 Mb\/s\u00a0<\/p>\t\t\t<\/div>\n\t\t<\/div>\n\t\t\t\t<\/div>\n\t\t\t\t\t\t<\/div>\n\t\t\t\t<\/div>\n\t\t\t\t\t<\/div>\n\t\t<\/div>\n\t\t\t\t\t<\/div>\n\t\t<\/section>\n\t\t\t\t\t<\/div>\n\t\t<\/div>\n\t\t\t\t\t<\/div>\n\t\t<\/section>\n\t\t<div class=\"elementor-element elementor-element-1b74d531 e-flex e-con-boxed e-con e-parent\" data-id=\"1b74d531\" data-element_type=\"container\">\n\t\t\t\t\t<div class=\"e-con-inner\">\n\t\t\t\t<div class=\"elementor-element elementor-element-aaf7427 elementor-widget elementor-widget-image\" data-id=\"aaf7427\" data-element_type=\"widget\" data-widget_type=\"image.default\">\n\t\t\t\t<div class=\"elementor-widget-container\">\n\t\t\t\t\t\t\t\t\t\t\t\t\t\t\t<img fetchpriority=\"high\" decoding=\"async\" width=\"1920\" height=\"756\" src=\"https:\/\/foredgetech.com\/wp-content\/uploads\/2023\/12\/A1-14.jpg\" class=\"attachment-full size-full wp-image-30205\" alt=\"\" srcset=\"https:\/\/foredgetech.com\/wp-content\/uploads\/2023\/12\/A1-14.jpg 1920w, https:\/\/foredgetech.com\/wp-content\/uploads\/2023\/12\/A1-14-150x59.jpg 150w, https:\/\/foredgetech.com\/wp-content\/uploads\/2023\/12\/A1-14-600x236.jpg 600w, https:\/\/foredgetech.com\/wp-content\/uploads\/2023\/12\/A1-14-300x118.jpg 300w, https:\/\/foredgetech.com\/wp-content\/uploads\/2023\/12\/A1-14-768x302.jpg 768w, https:\/\/foredgetech.com\/wp-content\/uploads\/2023\/12\/A1-14-1536x605.jpg 1536w\" sizes=\"(max-width: 1920px) 100vw, 1920px\" \/>\t\t\t\t\t\t\t\t\t\t\t\t\t\t\t<\/div>\n\t\t\t\t<\/div>\n\t\t\t\t<div class=\"elementor-element elementor-element-32289a0 elementor-widget elementor-widget-image\" data-id=\"32289a0\" data-element_type=\"widget\" data-widget_type=\"image.default\">\n\t\t\t\t<div class=\"elementor-widget-container\">\n\t\t\t\t\t\t\t\t\t\t\t\t\t\t\t<img decoding=\"async\" width=\"1920\" height=\"756\" data-src=\"https:\/\/foredgetech.com\/wp-content\/uploads\/2023\/12\/B1-poe-1.jpg\" class=\"attachment-full size-full wp-image-30206 lazyload\" alt=\"\" data-srcset=\"https:\/\/foredgetech.com\/wp-content\/uploads\/2023\/12\/B1-poe-1.jpg 1920w, https:\/\/foredgetech.com\/wp-content\/uploads\/2023\/12\/B1-poe-1-150x59.jpg 150w, https:\/\/foredgetech.com\/wp-content\/uploads\/2023\/12\/B1-poe-1-600x236.jpg 600w, https:\/\/foredgetech.com\/wp-content\/uploads\/2023\/12\/B1-poe-1-300x118.jpg 300w, https:\/\/foredgetech.com\/wp-content\/uploads\/2023\/12\/B1-poe-1-768x302.jpg 768w, https:\/\/foredgetech.com\/wp-content\/uploads\/2023\/12\/B1-poe-1-1536x605.jpg 1536w\" data-sizes=\"(max-width: 1920px) 100vw, 1920px\" src=\"data:image\/svg+xml;base64,PHN2ZyB3aWR0aD0iMSIgaGVpZ2h0PSIxIiB4bWxucz0iaHR0cDovL3d3dy53My5vcmcvMjAwMC9zdmciPjwvc3ZnPg==\" style=\"--smush-placeholder-width: 1920px; --smush-placeholder-aspect-ratio: 1920\/756;\" \/>\t\t\t\t\t\t\t\t\t\t\t\t\t\t\t<\/div>\n\t\t\t\t<\/div>\n\t\t\t\t<div class=\"elementor-element elementor-element-e8ec4eb elementor-widget elementor-widget-image\" data-id=\"e8ec4eb\" data-element_type=\"widget\" data-widget_type=\"image.default\">\n\t\t\t\t<div class=\"elementor-widget-container\">\n\t\t\t\t\t\t\t\t\t\t\t\t\t\t\t<img decoding=\"async\" width=\"1920\" height=\"756\" data-src=\"https:\/\/foredgetech.com\/wp-content\/uploads\/2023\/12\/B2-\u84dd\u8272-AI-VLAN-mode-AI-Extend-mode-AI-PoE-mode-AI-QoS-mode-\u62f7\u8d1d-1.jpg\" class=\"attachment-full size-full wp-image-30207 lazyload\" alt=\"\" data-srcset=\"https:\/\/foredgetech.com\/wp-content\/uploads\/2023\/12\/B2-\u84dd\u8272-AI-VLAN-mode-AI-Extend-mode-AI-PoE-mode-AI-QoS-mode-\u62f7\u8d1d-1.jpg 1920w, https:\/\/foredgetech.com\/wp-content\/uploads\/2023\/12\/B2-\u84dd\u8272-AI-VLAN-mode-AI-Extend-mode-AI-PoE-mode-AI-QoS-mode-\u62f7\u8d1d-1-150x59.jpg 150w, https:\/\/foredgetech.com\/wp-content\/uploads\/2023\/12\/B2-\u84dd\u8272-AI-VLAN-mode-AI-Extend-mode-AI-PoE-mode-AI-QoS-mode-\u62f7\u8d1d-1-600x236.jpg 600w, https:\/\/foredgetech.com\/wp-content\/uploads\/2023\/12\/B2-\u84dd\u8272-AI-VLAN-mode-AI-Extend-mode-AI-PoE-mode-AI-QoS-mode-\u62f7\u8d1d-1-300x118.jpg 300w, https:\/\/foredgetech.com\/wp-content\/uploads\/2023\/12\/B2-\u84dd\u8272-AI-VLAN-mode-AI-Extend-mode-AI-PoE-mode-AI-QoS-mode-\u62f7\u8d1d-1-768x302.jpg 768w, https:\/\/foredgetech.com\/wp-content\/uploads\/2023\/12\/B2-\u84dd\u8272-AI-VLAN-mode-AI-Extend-mode-AI-PoE-mode-AI-QoS-mode-\u62f7\u8d1d-1-1536x605.jpg 1536w\" data-sizes=\"(max-width: 1920px) 100vw, 1920px\" src=\"data:image\/svg+xml;base64,PHN2ZyB3aWR0aD0iMSIgaGVpZ2h0PSIxIiB4bWxucz0iaHR0cDovL3d3dy53My5vcmcvMjAwMC9zdmciPjwvc3ZnPg==\" style=\"--smush-placeholder-width: 1920px; --smush-placeholder-aspect-ratio: 1920\/756;\" \/>\t\t\t\t\t\t\t\t\t\t\t\t\t\t\t<\/div>\n\t\t\t\t<\/div>\n\t\t\t\t<div class=\"elementor-element elementor-element-e200e1b elementor-widget elementor-widget-image\" data-id=\"e200e1b\" data-element_type=\"widget\" data-widget_type=\"image.default\">\n\t\t\t\t<div class=\"elementor-widget-container\">\n\t\t\t\t\t\t\t\t\t\t\t\t\t\t\t<img decoding=\"async\" width=\"1920\" height=\"756\" data-src=\"https:\/\/foredgetech.com\/wp-content\/uploads\/2023\/12\/C3-1-\u7aef\u53e3\u5206\u533a-5.jpg\" class=\"attachment-full size-full wp-image-30208 lazyload\" alt=\"\" data-srcset=\"https:\/\/foredgetech.com\/wp-content\/uploads\/2023\/12\/C3-1-\u7aef\u53e3\u5206\u533a-5.jpg 1920w, https:\/\/foredgetech.com\/wp-content\/uploads\/2023\/12\/C3-1-\u7aef\u53e3\u5206\u533a-5-150x59.jpg 150w, https:\/\/foredgetech.com\/wp-content\/uploads\/2023\/12\/C3-1-\u7aef\u53e3\u5206\u533a-5-600x236.jpg 600w, https:\/\/foredgetech.com\/wp-content\/uploads\/2023\/12\/C3-1-\u7aef\u53e3\u5206\u533a-5-300x118.jpg 300w, https:\/\/foredgetech.com\/wp-content\/uploads\/2023\/12\/C3-1-\u7aef\u53e3\u5206\u533a-5-768x302.jpg 768w, https:\/\/foredgetech.com\/wp-content\/uploads\/2023\/12\/C3-1-\u7aef\u53e3\u5206\u533a-5-1536x605.jpg 1536w\" data-sizes=\"(max-width: 1920px) 100vw, 1920px\" src=\"data:image\/svg+xml;base64,PHN2ZyB3aWR0aD0iMSIgaGVpZ2h0PSIxIiB4bWxucz0iaHR0cDovL3d3dy53My5vcmcvMjAwMC9zdmciPjwvc3ZnPg==\" style=\"--smush-placeholder-width: 1920px; --smush-placeholder-aspect-ratio: 1920\/756;\" \/>\t\t\t\t\t\t\t\t\t\t\t\t\t\t\t<\/div>\n\t\t\t\t<\/div>\n\t\t\t\t<div class=\"elementor-element elementor-element-3a1048f elementor-widget elementor-widget-image\" data-id=\"3a1048f\" data-element_type=\"widget\" data-widget_type=\"image.default\">\n\t\t\t\t<div class=\"elementor-widget-container\">\n\t\t\t\t\t\t\t\t\t\t\t\t\t\t\t<img decoding=\"async\" width=\"1920\" height=\"756\" data-src=\"https:\/\/foredgetech.com\/wp-content\/uploads\/2023\/12\/E5-\u6e29\u5dee-\u6781\u70ed\u6781\u5bd2-14.jpg\" class=\"attachment-full size-full wp-image-30209 lazyload\" alt=\"\" data-srcset=\"https:\/\/foredgetech.com\/wp-content\/uploads\/2023\/12\/E5-\u6e29\u5dee-\u6781\u70ed\u6781\u5bd2-14.jpg 1920w, https:\/\/foredgetech.com\/wp-content\/uploads\/2023\/12\/E5-\u6e29\u5dee-\u6781\u70ed\u6781\u5bd2-14-150x59.jpg 150w, https:\/\/foredgetech.com\/wp-content\/uploads\/2023\/12\/E5-\u6e29\u5dee-\u6781\u70ed\u6781\u5bd2-14-600x236.jpg 600w, https:\/\/foredgetech.com\/wp-content\/uploads\/2023\/12\/E5-\u6e29\u5dee-\u6781\u70ed\u6781\u5bd2-14-300x118.jpg 300w, https:\/\/foredgetech.com\/wp-content\/uploads\/2023\/12\/E5-\u6e29\u5dee-\u6781\u70ed\u6781\u5bd2-14-768x302.jpg 768w, https:\/\/foredgetech.com\/wp-content\/uploads\/2023\/12\/E5-\u6e29\u5dee-\u6781\u70ed\u6781\u5bd2-14-1536x605.jpg 1536w\" data-sizes=\"(max-width: 1920px) 100vw, 1920px\" src=\"data:image\/svg+xml;base64,PHN2ZyB3aWR0aD0iMSIgaGVpZ2h0PSIxIiB4bWxucz0iaHR0cDovL3d3dy53My5vcmcvMjAwMC9zdmciPjwvc3ZnPg==\" style=\"--smush-placeholder-width: 1920px; --smush-placeholder-aspect-ratio: 1920\/756;\" \/>\t\t\t\t\t\t\t\t\t\t\t\t\t\t\t<\/div>\n\t\t\t\t<\/div>\n\t\t\t\t\t<\/div>\n\t\t\t\t<\/div>\n\t\t<div class=\"elementor-element elementor-element-4ce676b e-flex e-con-boxed e-con e-parent\" data-id=\"4ce676b\" data-element_type=\"container\">\n\t\t\t\t\t<div class=\"e-con-inner\">\n\t\t\t\t<div class=\"elementor-element elementor-element-142864b elementor-widget elementor-widget-heading\" data-id=\"142864b\" data-element_type=\"widget\" data-widget_type=\"heading.default\">\n\t\t\t\t<div class=\"elementor-widget-container\">\n\t\t\t\t\t<h2 class=\"elementor-heading-title elementor-size-default\">Specyfikacje<\/h2>\t\t\t\t<\/div>\n\t\t\t\t<\/div>\n\t\t\t\t<div class=\"elementor-element elementor-element-c85a48f elementor-widget elementor-widget-text-editor\" data-id=\"c85a48f\" data-element_type=\"widget\" data-widget_type=\"text-editor.default\">\n\t\t\t\t<div class=\"elementor-widget-container\">\n\t\t\t\t\t\t\t\t\t<table width=\"525\"><tbody><tr><td width=\"125\"><p><strong>Sie\u0107<\/strong><\/p><p><strong>interfejs<\/strong><\/p><\/td><td width=\"401\"><p>\u25cf 4 x 10\/100\/1000Mbps PoE-enabled RJ45 ports (ports 1 to 4)<\/p><p>\u25cf 2 x 10\/100\/1000Mbps non-PoE function RJ45 ports (ports 5 ~ 6)<\/p><\/td><\/tr><tr><td width=\"125\"><p><strong>Sie\u0107<\/strong><\/p><p><strong>protok\u00f3\u0142<\/strong><\/p><p><strong>standardy<\/strong><\/p><\/td><td width=\"401\"><p>IEEE 802.3i\u3001 IEEE 802.3u\u3001IEEE 802.3x\u3001<\/p><p>IEEE 802.3af\u3001IEEE 802.3at\u3001IEEE 802.3bt<\/p><\/td><\/tr><tr><td width=\"125\"><p><strong>Specyfikacje wydajno\u015bci<\/strong><\/p><\/td><td width=\"401\"><p>Przepustowo\u015b\u0107 p\u0142yty monta\u017cowej: 1,2 Gb\/s (bez blokowania)<\/p><p>Szybko\u015b\u0107 przekazywania pakiet\u00f3w: 0.89Mpps<\/p><p>Tablica adres\u00f3w MAC: 2K<\/p><p>Tryb przekazywania: Store-and-forward<\/p><\/td><\/tr><tr><td width=\"125\"><p><strong>Wska\u017anik LED<\/strong><\/p><\/td><td width=\"401\"><p>Dioda LED zasilania<\/p><p>Wska\u017anik LINK\/ACT<\/p><p>Wska\u017anik PoE<\/p><p>RESV: Zarezerwowane<\/p><\/td><\/tr><tr><td width=\"125\"><p><strong>Bity PoE<\/strong><\/p><\/td><td width=\"401\"><p>\u25cf 1\/2\/4\/5( +) \uff0c3\/6\/7\/8(-)<\/p><\/td><\/tr><tr><td width=\"125\"><p><strong>Moc<\/strong><\/p><p><strong>wsparcie<\/strong><\/p><\/td><td width=\"401\"><p>Maksymalna moc wyj\u015bciowa pojedynczego portu: 90 W<\/p><p>Maksymalne zasilanie ca\u0142ego urz\u0105dzenia: 96W<\/p><\/td><\/tr><tr><td width=\"125\"><p><strong>Wymiar<\/strong><\/p><\/td><td width=\"401\"><p>Rozmiar (d\u0142ugo\u015b\u0107 x szeroko\u015b\u0107 x wysoko\u015b\u0107): 125mm*75mm*27mm<\/p><\/td><\/tr><tr><td width=\"125\"><p><strong>\u015arodowisko al<\/strong><\/p><p><strong>specyfikacje<\/strong><\/p><\/td><td width=\"401\"><p>Temperatura pracy: 0 \u00b0C ~ 40 \u00b0C<\/p><p>Temperatura przechowywania: -40 \u00b0C ~ 70 \u00b0C<\/p><p>Wilgotno\u015b\u0107 robocza: 10% ~ 90% RH nie skrapla si\u0119<\/p><p>Wilgotno\u015b\u0107 przechowywania: 5%~90% RH bez kondensacji<\/p><\/td><\/tr><tr><td width=\"125\"><p><strong>Bezpiecze\u0144stwo<\/strong><\/p><p><strong>specyfikacje<\/strong><\/p><\/td><td width=\"401\"><p>CE\/ROHS\/FCC\/CCC<\/p><\/td><\/tr><\/tbody><\/table>\t\t\t\t\t\t\t\t<\/div>\n\t\t\t\t<\/div>\n\t\t\t\t\t<\/div>\n\t\t\t\t<\/div>\n\t\t\t\t<\/div>","protected":false},"excerpt":{"rendered":"<ul>\n<li>4 RJ45 ports with 10\/100\/1000Mbps PoE function (ports 1 to 4)<\/li>\n<li>2 RJ45 ports with 10\/100\/1000Mbps non PoE functionality (ports 5 to 6)<\/li>\n<li>Maksymalna moc wyj\u015bciowa pojedynczego portu: 1-2 porty 90 W; 3-4 porty 30 W<\/li>\n<li>Maksymalne zasilanie ca\u0142ego urz\u0105dzenia: 96W<\/li>\n<li>Spersonalizowana konstrukcja o ma\u0142ej obj\u0119to\u015bci, elastyczne wdra\u017canie w ma\u0142ych przestrzeniach<\/li>\n<li>Brak wentylatora, naturalne rozpraszanie ciep\u0142a, cisza i oszcz\u0119dno\u015b\u0107 energii<\/li>\n<\/ul>","protected":false},"featured_media":26911,"template":"","meta":[],"product_brand":[],"product_cat":[581],"product_tag":[],"class_list":{"0":"post-26900","1":"product","2":"type-product","3":"status-publish","4":"has-post-thumbnail","6":"product_cat-ai-switch-series","7":"pa_series-802-3bt-switch","9":"first","10":"instock","11":"shipping-taxable","12":"product-type-simple"},"_links":{"self":[{"href":"https:\/\/foredgetech.com\/pl\/wp-json\/wp\/v2\/product\/26900","targetHints":{"allow":["GET"]}}],"collection":[{"href":"https:\/\/foredgetech.com\/pl\/wp-json\/wp\/v2\/product"}],"about":[{"href":"https:\/\/foredgetech.com\/pl\/wp-json\/wp\/v2\/types\/product"}],"version-history":[{"count":6,"href":"https:\/\/foredgetech.com\/pl\/wp-json\/wp\/v2\/product\/26900\/revisions"}],"predecessor-version":[{"id":34219,"href":"https:\/\/foredgetech.com\/pl\/wp-json\/wp\/v2\/product\/26900\/revisions\/34219"}],"wp:featuredmedia":[{"embeddable":true,"href":"https:\/\/foredgetech.com\/pl\/wp-json\/wp\/v2\/media\/26911"}],"wp:attachment":[{"href":"https:\/\/foredgetech.com\/pl\/wp-json\/wp\/v2\/media?parent=26900"}],"wp:term":[{"taxonomy":"product_brand","embeddable":true,"href":"https:\/\/foredgetech.com\/pl\/wp-json\/wp\/v2\/product_brand?post=26900"},{"taxonomy":"product_cat","embeddable":true,"href":"https:\/\/foredgetech.com\/pl\/wp-json\/wp\/v2\/product_cat?post=26900"},{"taxonomy":"product_tag","embeddable":true,"href":"https:\/\/foredgetech.com\/pl\/wp-json\/wp\/v2\/product_tag?post=26900"}],"curies":[{"name":"wp","href":"https:\/\/api.w.org\/{rel}","templated":true}]}}