{"id":26702,"date":"2023-12-30T07:25:30","date_gmt":"2023-12-30T07:25:30","guid":{"rendered":"https:\/\/foredgetech.com\/?post_type=product&#038;p=26702"},"modified":"2025-12-19T06:21:34","modified_gmt":"2025-12-19T06:21:34","slug":"ns6080l","status":"publish","type":"product","link":"https:\/\/foredgetech.com\/pl\/produkt\/ns6080l\/","title":{"rendered":"8-portowy, w pe\u0142ni gigabitowy, niezarz\u0105dzalny prze\u0142\u0105cznik sieciowy NS6080L"},"content":{"rendered":"<div data-elementor-type=\"wp-post\" data-elementor-id=\"26702\" class=\"elementor elementor-26702\">\n\t\t\t\t\t\t<section class=\"elementor-section elementor-top-section elementor-element elementor-element-5058e617 elementor-section-full_width elementor-section-gap-beside-no elementor-section-height-default elementor-section-height-default elementor-section-column-vertical-align-stretch\" data-id=\"5058e617\" data-element_type=\"section\">\n\t\t\t\t\t\t<div class=\"elementor-container elementor-column-gap-extended\">\n\t\t\t\t\t<div class=\"elementor-column elementor-col-33 elementor-top-column elementor-element elementor-element-f61c77a\" data-id=\"f61c77a\" data-element_type=\"column\">\n\t\t\t<div class=\"elementor-widget-wrap elementor-element-populated\">\n\t\t\t\t\t\t<div class=\"elementor-element elementor-element-12229f05 elementor-widget elementor-widget-tm-modern-image\" data-id=\"12229f05\" data-element_type=\"widget\" data-widget_type=\"tm-modern-image.default\">\n\t\t\t\t<div class=\"elementor-widget-container\">\n\t\t\t\t\t\t\t<div class=\"tm-modern-image\">\n\t\t\t\t\t\t\t<div class=\"minimog-box\">\n\t\t\t\t\t<div class=\"minimog-image\">\t\t\t\t\t<m-image class=\"minimog-lazy-image\" style=\"--lazy-image-width: 300px;--lazy-image-height: 83.333333333333%;\" data-image-loading><img decoding=\"async\"  data-src=\"https:\/\/foredgetech.com\/wp-content\/uploads\/2023\/12\/NS6080L-1.jpg\" width=\"300\" height=\"250\" alt=\"NS6080L\" class=\"attachment-full size-full lazyload\" src=\"data:image\/svg+xml;base64,PHN2ZyB3aWR0aD0iMSIgaGVpZ2h0PSIxIiB4bWxucz0iaHR0cDovL3d3dy53My5vcmcvMjAwMC9zdmciPjwvc3ZnPg==\" style=\"--smush-placeholder-width: 300px; --smush-placeholder-aspect-ratio: 300\/250;\" \/><\/m-image>\t\t\t\t\t<\/div>\t\t\t\t<\/div>\n\t\t\t\t\t\t\t\t\t\t<\/div>\n\t\t\t\t\t\t<\/div>\n\t\t\t\t<\/div>\n\t\t\t\t\t<\/div>\n\t\t<\/div>\n\t\t\t\t<div class=\"elementor-column elementor-col-66 elementor-top-column elementor-element elementor-element-78bc78c2\" data-id=\"78bc78c2\" data-element_type=\"column\">\n\t\t\t<div class=\"elementor-widget-wrap elementor-element-populated\">\n\t\t\t\t\t\t<div class=\"elementor-element elementor-element-2052b071 elementor-widget elementor-widget-tm-heading\" data-id=\"2052b071\" data-element_type=\"widget\" data-widget_type=\"tm-heading.default\">\n\t\t\t\t<div class=\"elementor-widget-container\">\n\t\t\t\t\t\t\t<div class=\"tm-modern-heading tm-modern-heading--style-01 tm-modern-heading--highlight-style-01\">\n\t\t\t\n\t\t\t\t\t<div class=\"heading-primary-wrap\">\n\t\t\t<h4 class=\"heading-primary elementor-heading-title\">Przegl\u0105d<\/h4>\t\t<\/div>\n\t\t\n\t\t\t\n\t\t\t\t\t<\/div>\n\t\t\t\t\t\t<\/div>\n\t\t\t\t<\/div>\n\t\t\t\t<div class=\"elementor-element elementor-element-7c6ab884 elementor-widget elementor-widget-text-editor\" data-id=\"7c6ab884\" data-element_type=\"widget\" data-widget_type=\"text-editor.default\">\n\t\t\t\t<div class=\"elementor-widget-container\">\n\t\t\t\t\t\t\t\t\t<p class=\"MsoNormal\">Provide 8 10\/ 100\/ 1000Mbps adaptive ports, all ports support full line &#8211; speed forwarding, up to 1000Mbps transmission rate<\/p>\t\t\t\t\t\t\t\t<\/div>\n\t\t\t\t<\/div>\n\t\t\t\t<section class=\"elementor-section elementor-inner-section elementor-element elementor-element-2afe0aab elementor-section-gap-beside-no elementor-section-full_width elementor-section-height-default elementor-section-height-default elementor-section-column-vertical-align-stretch\" data-id=\"2afe0aab\" data-element_type=\"section\">\n\t\t\t\t\t\t<div class=\"elementor-container elementor-column-gap-extended\">\n\t\t\t\t\t<div class=\"elementor-column elementor-col-33 elementor-inner-column elementor-element elementor-element-7751e85f\" data-id=\"7751e85f\" data-element_type=\"column\">\n\t\t\t<div class=\"elementor-widget-wrap elementor-element-populated\">\n\t\t\t\t\t\t<div class=\"elementor-element elementor-element-d07ae98 elementor-widget elementor-widget-tm-heading\" data-id=\"d07ae98\" data-element_type=\"widget\" data-widget_type=\"tm-heading.default\">\n\t\t\t\t<div class=\"elementor-widget-container\">\n\t\t\t\t\t\t\t<div class=\"tm-modern-heading tm-modern-heading--style-01 tm-modern-heading--highlight-style-01\">\n\t\t\t\n\t\t\t\t\t<div class=\"heading-primary-wrap\">\n\t\t\t<h6 class=\"heading-primary elementor-heading-title\">Przepustowo\u015b\u0107 p\u0142yty monta\u017cowej prze\u0142\u0105cznika<\/h6>\t\t<\/div>\n\t\t\n\t\t\t\n\t\t\t\t\t<div class=\"heading-description-wrap\">\n\t\t\t<div class=\"heading-description\">\n\t\t\t\t<p>16Gbps<\/p>\t\t\t<\/div>\n\t\t<\/div>\n\t\t\t\t<\/div>\n\t\t\t\t\t\t<\/div>\n\t\t\t\t<\/div>\n\t\t\t\t<div class=\"elementor-element elementor-element-7cf8fe9 elementor-widget elementor-widget-tm-heading\" data-id=\"7cf8fe9\" data-element_type=\"widget\" data-widget_type=\"tm-heading.default\">\n\t\t\t\t<div class=\"elementor-widget-container\">\n\t\t\t\t\t\t\t<div class=\"tm-modern-heading tm-modern-heading--style-01 tm-modern-heading--highlight-style-01\">\n\t\t\t\n\t\t\t\t\t<div class=\"heading-primary-wrap\">\n\t\t\t<h6 class=\"heading-primary elementor-heading-title\">Wilgotno\u015b\u0107 robocza<\/h6>\t\t<\/div>\n\t\t\n\t\t\t\n\t\t\t\t\t<div class=\"heading-description-wrap\">\n\t\t\t<div class=\"heading-description\">\n\t\t\t\t<p>10% ~ 90% wilgotno\u015b\u0107 wzgl\u0119dna bez kondensacji<\/p>\t\t\t<\/div>\n\t\t<\/div>\n\t\t\t\t<\/div>\n\t\t\t\t\t\t<\/div>\n\t\t\t\t<\/div>\n\t\t\t\t\t<\/div>\n\t\t<\/div>\n\t\t\t\t<div class=\"elementor-column elementor-col-33 elementor-inner-column elementor-element elementor-element-c6e3a56\" data-id=\"c6e3a56\" data-element_type=\"column\">\n\t\t\t<div class=\"elementor-widget-wrap elementor-element-populated\">\n\t\t\t\t\t\t<div class=\"elementor-element elementor-element-44fb51c6 elementor-widget elementor-widget-tm-heading\" data-id=\"44fb51c6\" data-element_type=\"widget\" data-widget_type=\"tm-heading.default\">\n\t\t\t\t<div class=\"elementor-widget-container\">\n\t\t\t\t\t\t\t<div class=\"tm-modern-heading tm-modern-heading--style-01 tm-modern-heading--highlight-style-01\">\n\t\t\t\n\t\t\t\t\t<div class=\"heading-primary-wrap\">\n\t\t\t<h6 class=\"heading-primary elementor-heading-title\">Przekazywanie pakiet\u00f3w<\/h6>\t\t<\/div>\n\t\t\n\t\t\t\n\t\t\t\t\t<div class=\"heading-description-wrap\">\n\t\t\t<div class=\"heading-description\">\n\t\t\t\t<p>11.904Mpps<\/p>\t\t\t<\/div>\n\t\t<\/div>\n\t\t\t\t<\/div>\n\t\t\t\t\t\t<\/div>\n\t\t\t\t<\/div>\n\t\t\t\t<div class=\"elementor-element elementor-element-2de3256a elementor-widget elementor-widget-tm-heading\" data-id=\"2de3256a\" data-element_type=\"widget\" data-widget_type=\"tm-heading.default\">\n\t\t\t\t<div class=\"elementor-widget-container\">\n\t\t\t\t\t\t\t<div class=\"tm-modern-heading tm-modern-heading--style-01 tm-modern-heading--highlight-style-01\">\n\t\t\t\n\t\t\t\t\t<div class=\"heading-primary-wrap\">\n\t\t\t<h6 class=\"heading-primary elementor-heading-title\">Wymiary (szer. \u00d7 g\u0142. \u00d7 wys.)<\/h6>\t\t<\/div>\n\t\t\n\t\t\t\n\t\t\t\t\t<div class=\"heading-description-wrap\">\n\t\t\t<div class=\"heading-description\">\n\t\t\t\t<p>125mm\u00d775mm\u00d727mm<\/p>\t\t\t<\/div>\n\t\t<\/div>\n\t\t\t\t<\/div>\n\t\t\t\t\t\t<\/div>\n\t\t\t\t<\/div>\n\t\t\t\t<div class=\"elementor-element elementor-element-453d78ca elementor-widget elementor-widget-spacer\" data-id=\"453d78ca\" data-element_type=\"widget\" data-widget_type=\"spacer.default\">\n\t\t\t\t<div class=\"elementor-widget-container\">\n\t\t\t\t\t\t\t<div class=\"elementor-spacer\">\n\t\t\t<div class=\"elementor-spacer-inner\"><\/div>\n\t\t<\/div>\n\t\t\t\t\t\t<\/div>\n\t\t\t\t<\/div>\n\t\t\t\t\t<\/div>\n\t\t<\/div>\n\t\t\t\t<div class=\"elementor-column elementor-col-33 elementor-inner-column elementor-element elementor-element-63d177a8\" data-id=\"63d177a8\" data-element_type=\"column\">\n\t\t\t<div class=\"elementor-widget-wrap elementor-element-populated\">\n\t\t\t\t\t\t<div class=\"elementor-element elementor-element-47145555 elementor-widget elementor-widget-tm-heading\" data-id=\"47145555\" data-element_type=\"widget\" data-widget_type=\"tm-heading.default\">\n\t\t\t\t<div class=\"elementor-widget-container\">\n\t\t\t\t\t\t\t<div class=\"tm-modern-heading tm-modern-heading--style-01 tm-modern-heading--highlight-style-01\">\n\t\t\t\n\t\t\t\t\t<div class=\"heading-primary-wrap\">\n\t\t\t<h6 class=\"heading-primary elementor-heading-title\">port prze\u0142\u0105cznika<\/h6>\t\t<\/div>\n\t\t\n\t\t\t\n\t\t\t\t\t<div class=\"heading-description-wrap\">\n\t\t\t<div class=\"heading-description\">\n\t\t\t\t<p>8 10\/100\/1000Mbps RJ45 ports<\/p>\t\t\t<\/div>\n\t\t<\/div>\n\t\t\t\t<\/div>\n\t\t\t\t\t\t<\/div>\n\t\t\t\t<\/div>\n\t\t\t\t\t<\/div>\n\t\t<\/div>\n\t\t\t\t\t<\/div>\n\t\t<\/section>\n\t\t\t\t\t<\/div>\n\t\t<\/div>\n\t\t\t\t\t<\/div>\n\t\t<\/section>\n\t\t<div class=\"elementor-element elementor-element-1b74d531 e-flex e-con-boxed e-con e-parent\" data-id=\"1b74d531\" data-element_type=\"container\">\n\t\t\t\t\t<div class=\"e-con-inner\">\n\t\t\t\t<div class=\"elementor-element elementor-element-aaf7427 elementor-widget elementor-widget-image\" data-id=\"aaf7427\" data-element_type=\"widget\" data-widget_type=\"image.default\">\n\t\t\t\t<div class=\"elementor-widget-container\">\n\t\t\t\t\t\t\t\t\t\t\t\t\t\t\t<img fetchpriority=\"high\" decoding=\"async\" width=\"1920\" height=\"756\" src=\"https:\/\/foredgetech.com\/wp-content\/uploads\/2023\/12\/A1-2.jpg\" class=\"attachment-full size-full wp-image-29246\" alt=\"\" srcset=\"https:\/\/foredgetech.com\/wp-content\/uploads\/2023\/12\/A1-2.jpg 1920w, https:\/\/foredgetech.com\/wp-content\/uploads\/2023\/12\/A1-2-150x59.jpg 150w, https:\/\/foredgetech.com\/wp-content\/uploads\/2023\/12\/A1-2-600x236.jpg 600w, https:\/\/foredgetech.com\/wp-content\/uploads\/2023\/12\/A1-2-300x118.jpg 300w, https:\/\/foredgetech.com\/wp-content\/uploads\/2023\/12\/A1-2-1024x403.jpg 1024w, https:\/\/foredgetech.com\/wp-content\/uploads\/2023\/12\/A1-2-768x302.jpg 768w, https:\/\/foredgetech.com\/wp-content\/uploads\/2023\/12\/A1-2-1536x605.jpg 1536w\" sizes=\"(max-width: 1920px) 100vw, 1920px\" \/>\t\t\t\t\t\t\t\t\t\t\t\t\t\t\t<\/div>\n\t\t\t\t<\/div>\n\t\t\t\t<div class=\"elementor-element elementor-element-32289a0 elementor-widget elementor-widget-image\" data-id=\"32289a0\" data-element_type=\"widget\" data-widget_type=\"image.default\">\n\t\t\t\t<div class=\"elementor-widget-container\">\n\t\t\t\t\t\t\t\t\t\t\t\t\t\t\t<img decoding=\"async\" width=\"1920\" height=\"756\" data-src=\"https:\/\/foredgetech.com\/wp-content\/uploads\/2023\/12\/B2-2.jpg\" class=\"attachment-full size-full wp-image-29247 lazyload\" alt=\"\" data-srcset=\"https:\/\/foredgetech.com\/wp-content\/uploads\/2023\/12\/B2-2.jpg 1920w, https:\/\/foredgetech.com\/wp-content\/uploads\/2023\/12\/B2-2-150x59.jpg 150w, https:\/\/foredgetech.com\/wp-content\/uploads\/2023\/12\/B2-2-600x236.jpg 600w, https:\/\/foredgetech.com\/wp-content\/uploads\/2023\/12\/B2-2-300x118.jpg 300w, https:\/\/foredgetech.com\/wp-content\/uploads\/2023\/12\/B2-2-1024x403.jpg 1024w, https:\/\/foredgetech.com\/wp-content\/uploads\/2023\/12\/B2-2-768x302.jpg 768w, https:\/\/foredgetech.com\/wp-content\/uploads\/2023\/12\/B2-2-1536x605.jpg 1536w\" data-sizes=\"(max-width: 1920px) 100vw, 1920px\" src=\"data:image\/svg+xml;base64,PHN2ZyB3aWR0aD0iMSIgaGVpZ2h0PSIxIiB4bWxucz0iaHR0cDovL3d3dy53My5vcmcvMjAwMC9zdmciPjwvc3ZnPg==\" style=\"--smush-placeholder-width: 1920px; --smush-placeholder-aspect-ratio: 1920\/756;\" \/>\t\t\t\t\t\t\t\t\t\t\t\t\t\t\t<\/div>\n\t\t\t\t<\/div>\n\t\t\t\t<div class=\"elementor-element elementor-element-57904ed elementor-widget elementor-widget-image\" data-id=\"57904ed\" data-element_type=\"widget\" data-widget_type=\"image.default\">\n\t\t\t\t<div class=\"elementor-widget-container\">\n\t\t\t\t\t\t\t\t\t\t\t\t\t\t\t<img decoding=\"async\" width=\"1920\" height=\"756\" data-src=\"https:\/\/foredgetech.com\/wp-content\/uploads\/2023\/12\/C3\u4f18\u70b9-\u767d-2.jpg\" class=\"attachment-full size-full wp-image-29248 lazyload\" alt=\"\" data-srcset=\"https:\/\/foredgetech.com\/wp-content\/uploads\/2023\/12\/C3\u4f18\u70b9-\u767d-2.jpg 1920w, https:\/\/foredgetech.com\/wp-content\/uploads\/2023\/12\/C3\u4f18\u70b9-\u767d-2-150x59.jpg 150w, https:\/\/foredgetech.com\/wp-content\/uploads\/2023\/12\/C3\u4f18\u70b9-\u767d-2-600x236.jpg 600w, https:\/\/foredgetech.com\/wp-content\/uploads\/2023\/12\/C3\u4f18\u70b9-\u767d-2-300x118.jpg 300w, https:\/\/foredgetech.com\/wp-content\/uploads\/2023\/12\/C3\u4f18\u70b9-\u767d-2-1024x403.jpg 1024w, https:\/\/foredgetech.com\/wp-content\/uploads\/2023\/12\/C3\u4f18\u70b9-\u767d-2-768x302.jpg 768w, https:\/\/foredgetech.com\/wp-content\/uploads\/2023\/12\/C3\u4f18\u70b9-\u767d-2-1536x605.jpg 1536w\" data-sizes=\"(max-width: 1920px) 100vw, 1920px\" src=\"data:image\/svg+xml;base64,PHN2ZyB3aWR0aD0iMSIgaGVpZ2h0PSIxIiB4bWxucz0iaHR0cDovL3d3dy53My5vcmcvMjAwMC9zdmciPjwvc3ZnPg==\" style=\"--smush-placeholder-width: 1920px; --smush-placeholder-aspect-ratio: 1920\/756;\" \/>\t\t\t\t\t\t\t\t\t\t\t\t\t\t\t<\/div>\n\t\t\t\t<\/div>\n\t\t\t\t<div class=\"elementor-element elementor-element-be27481 elementor-widget elementor-widget-image\" data-id=\"be27481\" data-element_type=\"widget\" data-widget_type=\"image.default\">\n\t\t\t\t<div class=\"elementor-widget-container\">\n\t\t\t\t\t\t\t\t\t\t\t\t\t\t\t<img decoding=\"async\" width=\"1920\" height=\"756\" data-src=\"https:\/\/foredgetech.com\/wp-content\/uploads\/2023\/12\/D4-\u5168\u7ebf\u901f\u8f6c\u53d1-2.jpg\" class=\"attachment-full size-full wp-image-29249 lazyload\" alt=\"\" data-srcset=\"https:\/\/foredgetech.com\/wp-content\/uploads\/2023\/12\/D4-\u5168\u7ebf\u901f\u8f6c\u53d1-2.jpg 1920w, https:\/\/foredgetech.com\/wp-content\/uploads\/2023\/12\/D4-\u5168\u7ebf\u901f\u8f6c\u53d1-2-150x59.jpg 150w, https:\/\/foredgetech.com\/wp-content\/uploads\/2023\/12\/D4-\u5168\u7ebf\u901f\u8f6c\u53d1-2-600x236.jpg 600w, https:\/\/foredgetech.com\/wp-content\/uploads\/2023\/12\/D4-\u5168\u7ebf\u901f\u8f6c\u53d1-2-300x118.jpg 300w, https:\/\/foredgetech.com\/wp-content\/uploads\/2023\/12\/D4-\u5168\u7ebf\u901f\u8f6c\u53d1-2-1024x403.jpg 1024w, https:\/\/foredgetech.com\/wp-content\/uploads\/2023\/12\/D4-\u5168\u7ebf\u901f\u8f6c\u53d1-2-768x302.jpg 768w, https:\/\/foredgetech.com\/wp-content\/uploads\/2023\/12\/D4-\u5168\u7ebf\u901f\u8f6c\u53d1-2-1536x605.jpg 1536w\" data-sizes=\"(max-width: 1920px) 100vw, 1920px\" src=\"data:image\/svg+xml;base64,PHN2ZyB3aWR0aD0iMSIgaGVpZ2h0PSIxIiB4bWxucz0iaHR0cDovL3d3dy53My5vcmcvMjAwMC9zdmciPjwvc3ZnPg==\" style=\"--smush-placeholder-width: 1920px; --smush-placeholder-aspect-ratio: 1920\/756;\" \/>\t\t\t\t\t\t\t\t\t\t\t\t\t\t\t<\/div>\n\t\t\t\t<\/div>\n\t\t\t\t<div class=\"elementor-element elementor-element-5c822c9 elementor-widget elementor-widget-image\" data-id=\"5c822c9\" data-element_type=\"widget\" data-widget_type=\"image.default\">\n\t\t\t\t<div class=\"elementor-widget-container\">\n\t\t\t\t\t\t\t\t\t\t\t\t\t\t\t<img decoding=\"async\" width=\"1920\" height=\"756\" data-src=\"https:\/\/foredgetech.com\/wp-content\/uploads\/2023\/12\/E5-\u6e29\u5dee-\u6781\u70ed\u6781\u5bd2-2.jpg\" class=\"attachment-full size-full wp-image-29250 lazyload\" alt=\"\" data-srcset=\"https:\/\/foredgetech.com\/wp-content\/uploads\/2023\/12\/E5-\u6e29\u5dee-\u6781\u70ed\u6781\u5bd2-2.jpg 1920w, https:\/\/foredgetech.com\/wp-content\/uploads\/2023\/12\/E5-\u6e29\u5dee-\u6781\u70ed\u6781\u5bd2-2-150x59.jpg 150w, https:\/\/foredgetech.com\/wp-content\/uploads\/2023\/12\/E5-\u6e29\u5dee-\u6781\u70ed\u6781\u5bd2-2-600x236.jpg 600w, https:\/\/foredgetech.com\/wp-content\/uploads\/2023\/12\/E5-\u6e29\u5dee-\u6781\u70ed\u6781\u5bd2-2-300x118.jpg 300w, https:\/\/foredgetech.com\/wp-content\/uploads\/2023\/12\/E5-\u6e29\u5dee-\u6781\u70ed\u6781\u5bd2-2-1024x403.jpg 1024w, https:\/\/foredgetech.com\/wp-content\/uploads\/2023\/12\/E5-\u6e29\u5dee-\u6781\u70ed\u6781\u5bd2-2-768x302.jpg 768w, https:\/\/foredgetech.com\/wp-content\/uploads\/2023\/12\/E5-\u6e29\u5dee-\u6781\u70ed\u6781\u5bd2-2-1536x605.jpg 1536w\" data-sizes=\"(max-width: 1920px) 100vw, 1920px\" src=\"data:image\/svg+xml;base64,PHN2ZyB3aWR0aD0iMSIgaGVpZ2h0PSIxIiB4bWxucz0iaHR0cDovL3d3dy53My5vcmcvMjAwMC9zdmciPjwvc3ZnPg==\" style=\"--smush-placeholder-width: 1920px; --smush-placeholder-aspect-ratio: 1920\/756;\" \/>\t\t\t\t\t\t\t\t\t\t\t\t\t\t\t<\/div>\n\t\t\t\t<\/div>\n\t\t\t\t\t<\/div>\n\t\t\t\t<\/div>\n\t\t<div class=\"elementor-element elementor-element-4ce676b e-flex e-con-boxed e-con e-parent\" data-id=\"4ce676b\" data-element_type=\"container\">\n\t\t\t\t\t<div class=\"e-con-inner\">\n\t\t\t\t<div class=\"elementor-element elementor-element-142864b elementor-widget elementor-widget-heading\" data-id=\"142864b\" data-element_type=\"widget\" data-widget_type=\"heading.default\">\n\t\t\t\t<div class=\"elementor-widget-container\">\n\t\t\t\t\t<h2 class=\"elementor-heading-title elementor-size-default\">Specyfikacje<\/h2>\t\t\t\t<\/div>\n\t\t\t\t<\/div>\n\t\t\t\t<div class=\"elementor-element elementor-element-c85a48f elementor-widget elementor-widget-text-editor\" data-id=\"c85a48f\" data-element_type=\"widget\" data-widget_type=\"text-editor.default\">\n\t\t\t\t<div class=\"elementor-widget-container\">\n\t\t\t\t\t\t\t\t\t<table width=\"501\"><tbody><tr><td width=\"115\"><p><strong>Sie\u0107<\/strong><\/p><p><strong>Standard<\/strong><\/p><\/td><td width=\"385\"><p>\u25cf 8 10\/100\/1000Mbps RJ45 ports (Port 1~Port 8)<\/p><\/td><\/tr><tr><td width=\"115\"><p><strong>Sie\u0107<\/strong> <strong>Protoco<\/strong><strong> Standard<\/strong><\/p><\/td><td width=\"385\"><p>IEEE 802.3i\u3001 IEEE 802.3u\u3001IEEE 802.3x\u3001 IEEE 802.3ab<\/p><\/td><\/tr><tr><td width=\"115\"><p><strong>Wydajno\u015b\u0107<\/strong><strong>\u00a0\u00a0 <\/strong><strong>Specyfikacje<\/strong><\/p><\/td><td width=\"385\"><p>\u25cf Bandwidth: 16Gbps (non-blocking)<\/p><p>\u25cf Packet forwarding rate: 11.9Mpps<\/p><p>\u25cf MAC address table: 4K<\/p><p>Tryb przekazywania: zapisz i przeka\u017c dalej<\/p><\/td><\/tr><tr><td width=\"115\"><p><strong>LED<\/strong> <strong>wska\u017anik<\/strong><strong> \u015bwiat\u0142o<\/strong><\/p><\/td><td width=\"385\"><p>Wska\u017anik zasilania: 1<\/p><p>\u25cf LINK\/ACT indicator: 8<\/p><\/td><\/tr><tr><td width=\"115\"><p><strong>Moc<\/strong><\/p><p><strong>wsparcie<\/strong><\/p><\/td><td width=\"385\"><p>\u25cf Input power\uff1aDC 12V \/ 0.5A<\/p><\/td><\/tr><tr><td width=\"115\"><p><strong>Fizyczny<\/strong><\/p><p><strong>Specyfikacje<\/strong><\/p><\/td><td width=\"385\"><p>\u25cf Dimensions (LxWxH) \uff1a125mm*75mm*27mm<\/p><\/td><\/tr><tr><td width=\"115\"><p><strong>\u015arodowisko<\/strong> <strong>Specyfikacje<\/strong><\/p><\/td><td width=\"385\"><p>Temperatura pracy: 0\u00b0C~40\u00b0C<\/p><p>Temperatura przechowywania: -40 \u2103 ~ 70 \u2103<\/p><p>Wilgotno\u015b\u0107 robocza: 10%~ 90% RH bez kondensacji<\/p><p>Wilgotno\u015b\u0107 przechowywania: 5%~90% RH bez kondensacji<\/p><\/td><\/tr><tr><td width=\"115\"><p><strong>Bezpiecze\u0144stwo<\/strong><\/p><p><strong>reuatons<\/strong><\/p><\/td><td width=\"385\"><p>CE\/ROHS\/FCC\/CCC<\/p><\/td><\/tr><\/tbody><\/table>\t\t\t\t\t\t\t\t<\/div>\n\t\t\t\t<\/div>\n\t\t\t\t\t<\/div>\n\t\t\t\t<\/div>\n\t\t\t\t<\/div>","protected":false},"excerpt":{"rendered":"<ul>\n<li>8 10\/100\/1000Mbps RJ45 ports<\/li>\n<li>Spersonalizowana konstrukcja o ma\u0142ej obj\u0119to\u015bci, elastyczne wdra\u017canie w ma\u0142ych przestrzeniach<\/li>\n<li>Brak wentylatora, naturalne rozpraszanie ciep\u0142a, cisza i oszcz\u0119dno\u015b\u0107 energii<\/li>\n<\/ul>","protected":false},"featured_media":26710,"template":"","meta":[],"product_brand":[],"product_cat":[585],"product_tag":[],"class_list":{"0":"post-26702","1":"product","2":"type-product","3":"status-publish","4":"has-post-thumbnail","6":"product_cat-cctv-product-series-enterprise-network","7":"pa_series-ethernet-series","9":"first","10":"instock","11":"shipping-taxable","12":"product-type-simple"},"_links":{"self":[{"href":"https:\/\/foredgetech.com\/pl\/wp-json\/wp\/v2\/product\/26702","targetHints":{"allow":["GET"]}}],"collection":[{"href":"https:\/\/foredgetech.com\/pl\/wp-json\/wp\/v2\/product"}],"about":[{"href":"https:\/\/foredgetech.com\/pl\/wp-json\/wp\/v2\/types\/product"}],"version-history":[{"count":3,"href":"https:\/\/foredgetech.com\/pl\/wp-json\/wp\/v2\/product\/26702\/revisions"}],"predecessor-version":[{"id":34334,"href":"https:\/\/foredgetech.com\/pl\/wp-json\/wp\/v2\/product\/26702\/revisions\/34334"}],"wp:featuredmedia":[{"embeddable":true,"href":"https:\/\/foredgetech.com\/pl\/wp-json\/wp\/v2\/media\/26710"}],"wp:attachment":[{"href":"https:\/\/foredgetech.com\/pl\/wp-json\/wp\/v2\/media?parent=26702"}],"wp:term":[{"taxonomy":"product_brand","embeddable":true,"href":"https:\/\/foredgetech.com\/pl\/wp-json\/wp\/v2\/product_brand?post=26702"},{"taxonomy":"product_cat","embeddable":true,"href":"https:\/\/foredgetech.com\/pl\/wp-json\/wp\/v2\/product_cat?post=26702"},{"taxonomy":"product_tag","embeddable":true,"href":"https:\/\/foredgetech.com\/pl\/wp-json\/wp\/v2\/product_tag?post=26702"}],"curies":[{"name":"wp","href":"https:\/\/api.w.org\/{rel}","templated":true}]}}