{"id":28543,"date":"2024-01-04T05:38:10","date_gmt":"2024-01-04T05:38:10","guid":{"rendered":"https:\/\/foredgetech.com\/?page_id=28543"},"modified":"2024-06-28T10:13:08","modified_gmt":"2024-06-28T10:13:08","slug":"data-security","status":"publish","type":"page","link":"https:\/\/foredgetech.com\/pl\/data-security\/","title":{"rendered":"bezpiecze\u0144stwo danych"},"content":{"rendered":"<div data-elementor-type=\"wp-page\" data-elementor-id=\"28543\" class=\"elementor elementor-28543\">\n\t\t\t\t<div class=\"elementor-element elementor-element-136e92b2 e-flex e-con-boxed e-con e-parent\" data-id=\"136e92b2\" data-element_type=\"container\">\n\t\t\t\t\t<div class=\"e-con-inner\">\n\t\t<div class=\"elementor-element elementor-element-d799229 e-flex e-con-boxed e-con e-child\" data-id=\"d799229\" data-element_type=\"container\">\n\t\t\t\t\t<div class=\"e-con-inner\">\n\t\t\t\t<div class=\"elementor-element elementor-element-eeb5e6a elementor-widget elementor-widget-heading\" data-id=\"eeb5e6a\" data-element_type=\"widget\" data-widget_type=\"heading.default\">\n\t\t\t\t<div class=\"elementor-widget-container\">\n\t\t\t\t\t<h2 class=\"elementor-heading-title elementor-size-default\">O\u015bwiadczenie o ochronie danych u\u017cytkownika Foredge<\/h2>\t\t\t\t<\/div>\n\t\t\t\t<\/div>\n\t\t\t\t<div class=\"elementor-element elementor-element-444ff33 elementor-widget elementor-widget-text-editor\" data-id=\"444ff33\" data-element_type=\"widget\" data-widget_type=\"text-editor.default\">\n\t\t\t\t<div class=\"elementor-widget-container\">\n\t\t\t\t\t\t\t\t\t<p>Niniejsze o\u015bwiadczenie mo\u017ce nie obejmowa\u0107 wszystkich mo\u017cliwych scenariuszy przetwarzania danych u\u017cytkownika. O\u015bwiadczenia dotycz\u0105ce przetwarzania danych u\u017cytkownika w okre\u015blonych scenariuszach mog\u0105 zosta\u0107 przedstawione przez Foredge w dodatkowym o\u015bwiadczeniu lub przed zebraniem danych u\u017cytkownika.<\/p>\t\t\t\t\t\t\t\t<\/div>\n\t\t\t\t<\/div>\n\t\t\t\t<div class=\"elementor-element elementor-element-0aaed43 elementor-widget elementor-widget-heading\" data-id=\"0aaed43\" data-element_type=\"widget\" data-widget_type=\"heading.default\">\n\t\t\t\t<div class=\"elementor-widget-container\">\n\t\t\t\t\t<h4 class=\"elementor-heading-title elementor-size-default\">Gromadzimy i wykorzystujemy dane u\u017cytkownik\u00f3w<\/h4>\t\t\t\t<\/div>\n\t\t\t\t<\/div>\n\t\t\t\t<div class=\"elementor-element elementor-element-bdfab3b elementor-widget elementor-widget-text-editor\" data-id=\"bdfab3b\" data-element_type=\"widget\" data-widget_type=\"text-editor.default\">\n\t\t\t\t<div class=\"elementor-widget-container\">\n\t\t\t\t\t\t\t\t\t<p>Dane u\u017cytkownika odnosz\u0105 si\u0119 do informacji, kt\u00f3re mog\u0105 zidentyfikowa\u0107 konkretnego u\u017cytkownika, gdy s\u0105 u\u017cywane samodzielnie lub w po\u0142\u0105czeniu z innymi informacjami. Po przeczytaniu i zaakceptowaniu niniejszego o\u015bwiadczenia dane u\u017cytkownika b\u0119d\u0105 gromadzone podczas korzystania z naszych produkt\u00f3w lub us\u0142ug w celu zapewnienia wysokiej jako\u015bci us\u0142ug. Mo\u017cemy r\u00f3wnie\u017c wykorzystywa\u0107 dane u\u017cytkownika do przeprowadzania wewn\u0119trznych audyt\u00f3w, analizy danych i bada\u0144 oraz do ulepszania naszych produkt\u00f3w i us\u0142ug.<\/p>\n<p><img fetchpriority=\"high\" decoding=\"async\" class=\"aligncenter wp-image-28549 size-full\" src=\"https:\/\/foredgetech.com\/wp-content\/uploads\/2024\/01\/\u56fe\u72471-2.png\" alt=\"\" width=\"1269\" height=\"224\" srcset=\"https:\/\/foredgetech.com\/wp-content\/uploads\/2024\/01\/\u56fe\u72471-2.png 1269w, https:\/\/foredgetech.com\/wp-content\/uploads\/2024\/01\/\u56fe\u72471-2-150x26.png 150w, https:\/\/foredgetech.com\/wp-content\/uploads\/2024\/01\/\u56fe\u72471-2-600x106.png 600w, https:\/\/foredgetech.com\/wp-content\/uploads\/2024\/01\/\u56fe\u72471-2-300x53.png 300w, https:\/\/foredgetech.com\/wp-content\/uploads\/2024\/01\/\u56fe\u72471-2-1024x181.png 1024w, https:\/\/foredgetech.com\/wp-content\/uploads\/2024\/01\/\u56fe\u72471-2-768x136.png 768w\" sizes=\"(max-width: 1269px) 100vw, 1269px\" \/><\/p>\t\t\t\t\t\t\t\t<\/div>\n\t\t\t\t<\/div>\n\t\t\t\t<div class=\"elementor-element elementor-element-a5f4563 elementor-widget elementor-widget-heading\" data-id=\"a5f4563\" data-element_type=\"widget\" data-widget_type=\"heading.default\">\n\t\t\t\t<div class=\"elementor-widget-container\">\n\t\t\t\t\t<h4 class=\"elementor-heading-title elementor-size-default\">Ochrona danych u\u017cytkownika<\/h4>\t\t\t\t<\/div>\n\t\t\t\t<\/div>\n\t\t\t\t<div class=\"elementor-element elementor-element-76cbe4f elementor-widget elementor-widget-text-editor\" data-id=\"76cbe4f\" data-element_type=\"widget\" data-widget_type=\"text-editor.default\">\n\t\t\t\t<div class=\"elementor-widget-container\">\n\t\t\t\t\t\t\t\t\t<p>Foredge nie b\u0119dzie uzyskiwa\u0107 dost\u0119pu do \u017cadnych danych u\u017cytkownika bez jego upowa\u017cnienia i zgody, a tak\u017ce podj\u0119\u0142a praktyczne techniczne \u015brodki bezpiecze\u0144stwa i organizacyjne:<br \/>U\u017cytkownicy maj\u0105 prawo do przyznawania i zamykania wra\u017cliwych informacji umo\u017cliwiaj\u0105cych identyfikacj\u0119 (takich jak adres e-mail, numer telefonu kom\u00f3rkowego itp.). Informacje te s\u0105 chronione algorytmem szyfrowania AES-256* i przechowywane w centrum danych ASW CLOUD za pomoc\u0105 wielowarstwowego mechanizmu ochrony danych w celu zapewnienia prywatno\u015bci u\u017cytkownika i bezpiecze\u0144stwa danych.<br \/>Nasze serwery identyfikuj\u0105 tylko informacje o urz\u0105dzeniu i aplikacji zwi\u0105zane z prze\u0142\u0105cznikiem podczas \u015bwiadczenia us\u0142ug. Podczas tego procesu nie uzyskujemy dost\u0119pu do \u017cadnych danych u\u017cytkownika.<br \/>*Algorytm szyfrowania AES-256 jest obecnie uznawany za najbezpieczniejszy algorytm szyfrowania symetrycznego. Jego d\u0142ugo\u015b\u0107 klucza wynosi 256 bit\u00f3w i jest szeroko stosowany do ochrony wra\u017cliwych danych, takich jak transakcje finansowe i dokumentacja medyczna.<\/p>\t\t\t\t\t\t\t\t<\/div>\n\t\t\t\t<\/div>\n\t\t\t\t<div class=\"elementor-element elementor-element-05891ae elementor-widget elementor-widget-heading\" data-id=\"05891ae\" data-element_type=\"widget\" data-widget_type=\"heading.default\">\n\t\t\t\t<div class=\"elementor-widget-container\">\n\t\t\t\t\t<h4 class=\"elementor-heading-title elementor-size-default\">Bezpiecze\u0144stwo przechowywania danych<\/h4>\t\t\t\t<\/div>\n\t\t\t\t<\/div>\n\t\t\t\t<div class=\"elementor-element elementor-element-1cad6b0 elementor-widget elementor-widget-text-editor\" data-id=\"1cad6b0\" data-element_type=\"widget\" data-widget_type=\"text-editor.default\">\n\t\t\t\t<div class=\"elementor-widget-container\">\n\t\t\t\t\t\t\t\t\t<p>Obs\u0142uguje przechowywanie hase\u0142 i szyfrowanie AES256. Gdy funkcja szyfrowania jest w\u0142\u0105czona, tylko u\u017cytkownik ma uprawnienia dost\u0119pu do danych w pami\u0119ci masowej, a Foredge nie mo\u017ce uzyska\u0107 has\u0142a.<br \/>Dane mog\u0105 zosta\u0107 usuni\u0119te na \u017c\u0105danie<br \/>Oferujemy sposoby czyszczenia danych i usuwania kont, kt\u00f3re usuwaj\u0105 wszelkie dane wygenerowane podczas korzystania z urz\u0105dzenia:<br \/>Mo\u017cesz usun\u0105\u0107 swoje konto za po\u015brednictwem aplikacji Foredge Explorer i usun\u0105\u0107 wszystkie dane powi\u0105zane z kontem, a tak\u017ce dzienniki i pami\u0119\u0107 podr\u0119czn\u0105 samej aplikacji.<br \/>Po usuni\u0119ciu konta dzienniki i inne informacje na serwerze zostan\u0105 automatycznie usuni\u0119te.<br \/>Ustawienia fabryczne urz\u0105dzenia mo\u017cna przywr\u00f3ci\u0107 w ustawieniach systemowych urz\u0105dzenia.<\/p>\t\t\t\t\t\t\t\t<\/div>\n\t\t\t\t<\/div>\n\t\t\t\t<div class=\"elementor-element elementor-element-283ced2 elementor-widget elementor-widget-heading\" data-id=\"283ced2\" data-element_type=\"widget\" data-widget_type=\"heading.default\">\n\t\t\t\t<div class=\"elementor-widget-container\">\n\t\t\t\t\t<h4 class=\"elementor-heading-title elementor-size-default\">Jak przesy\u0142a\u0107 dane u\u017cytkownik\u00f3w za granic\u0119<\/h4>\t\t\t\t<\/div>\n\t\t\t\t<\/div>\n\t\t\t\t<div class=\"elementor-element elementor-element-5defc7f elementor-widget elementor-widget-text-editor\" data-id=\"5defc7f\" data-element_type=\"widget\" data-widget_type=\"text-editor.default\">\n\t\t\t\t<div class=\"elementor-widget-container\">\n\t\t\t\t\t\t\t\t\t<p>Jako firma globalna, dane u\u017cytkownika gromadzone przez Foredge mog\u0105 by\u0107 przechowywane w kraju\/regionie, w kt\u00f3rym u\u017cytkownik korzysta z naszych produkt\u00f3w i us\u0142ug, lub w kraju\/regionie, w kt\u00f3rym Foredge lub jej podmioty stowarzyszone, podmioty zale\u017cne, us\u0142ugodawcy lub partnerzy biznesowi maj\u0105 siedzib\u0119 w celu przetwarzania lub dost\u0119pu. W jurysdykcjach tych mog\u0105 obowi\u0105zywa\u0107 r\u00f3\u017cne przepisy dotycz\u0105ce ochrony danych.<br \/>W takich przypadkach Foredge podejmie kroki w celu zapewnienia, \u017ce dane s\u0105 przetwarzane zgodnie z wymogami niniejszego O\u015bwiadczenia i obowi\u0105zuj\u0105cego prawa, w tym gdy dane u\u017cytkownika osoby, kt\u00f3rej dane dotycz\u0105, s\u0105 przekazywane z UE do kraju lub regionu, w kt\u00f3rym poziom ochrony danych nie zosta\u0142 uznany przez Komisj\u0119 Europejsk\u0105. Mo\u017cemy korzysta\u0107 z r\u00f3\u017cnych mechanizm\u00f3w prawnych, takich jak podpisywanie standardowych klauzul umownych zatwierdzonych przez Komisj\u0119 Europejsk\u0105, uzyskiwanie zgody od os\u00f3b, kt\u00f3rych dane dotycz\u0105 w UE na transfery transgraniczne, anonimizacja danych u\u017cytkownika przed transferami transgranicznymi i inne \u015brodki bezpiecze\u0144stwa.<\/p>\t\t\t\t\t\t\t\t<\/div>\n\t\t\t\t<\/div>\n\t\t\t\t<div class=\"elementor-element elementor-element-69a71ff elementor-widget elementor-widget-heading\" data-id=\"69a71ff\" data-element_type=\"widget\" data-widget_type=\"heading.default\">\n\t\t\t\t<div class=\"elementor-widget-container\">\n\t\t\t\t\t<h4 class=\"elementor-heading-title elementor-size-default\">Jak aktualizowane jest niniejsze o\u015bwiadczenie<\/h4>\t\t\t\t<\/div>\n\t\t\t\t<\/div>\n\t\t\t\t<div class=\"elementor-element elementor-element-a8e9fd8 elementor-widget elementor-widget-text-editor\" data-id=\"a8e9fd8\" data-element_type=\"widget\" data-widget_type=\"text-editor.default\">\n\t\t\t\t<div class=\"elementor-widget-container\">\n\t\t\t\t\t\t\t\t\t<p>Foredge zastrzega sobie prawo do aktualizacji lub zmiany niniejszego o\u015bwiadczenia w dowolnym momencie. W przypadku jakichkolwiek zmian opublikujemy najnowsze o\u015bwiadczenie o ochronie prywatno\u015bci na tej stronie. W przypadku powa\u017cnych zmian w niniejszym o\u015bwiadczeniu o ochronie prywatno\u015bci mo\u017cemy powiadomi\u0107 u\u017cytkownika za po\u015brednictwem r\u00f3\u017cnych kana\u0142\u00f3w.<\/p>\t\t\t\t\t\t\t\t<\/div>\n\t\t\t\t<\/div>\n\t\t\t\t\t<\/div>\n\t\t\t\t<\/div>\n\t\t\t\t\t<\/div>\n\t\t\t\t<\/div>\n\t\t\t\t<\/div>","protected":false},"excerpt":{"rendered":"<p>Foredge User Data Security Protection Statement This statement may not cover all possible user data processing scenarios. Statements involving user data processing in specific scenarios may be provided by Foredge in a supplementary statement or before collecting user data. We collect and use user data User data refers to information that can identify a specific user when used alone or in combination with other information. After reading and agreeing to this statement, user data will be collected when using our products or services to provide you with quality services. We may also use your User Data to conduct internal audits, data analysis and research, and to improve our products and services. User data protection Foredge will not access any user data without the user&#8217;s authorization and consent, and has taken practical technical security and organizational measures:Users have the right to grant and close personally identifiable sensitive information (such as email address, mobile phone number, etc.). This information is protected by the AES-256 encryption algorithm* and stored in the ASW CLOUD data center through a multi-layer data security protection mechanism to ensure user privacy and Data Security.Our servers only identify switch-related device and application information when providing services. We do not access any user data during this process.*AES-256 encryption algorithm is currently recognized as the most secure symmetric encryption algorithm. Its key length is 256 bits and is widely used to protect sensitive data such as financial transactions and medical records. Data storage security Supports storing passwords and using AES256 encryption. When the encryption function is turned on, only the user has the permission to access the onboard storage data, and Foredge cannot obtain the password.Data can be erased on requestWe offer ways to clear data and delete accounts, which will delete any data generated while using the device:You can delete your account through the Foredge Explorer application and delete all data associated with the account as well as the logs and cache of the application itself.After the account is deleted, logs and other information on the server will be automatically deleted.You can restore your device&#8217;s factory settings through the system settings on your device. How to transfer user data across borders As a global company, your user data collected by Foredge may be stored in the country\/region where you use our products and services, or where Foredge or its affiliates, subsidiaries, service providers or business partners exist. country\/region for processing or access. These jurisdictions may have different data protection laws.In such cases, Foredge will take steps to ensure that the data is processed in accordance with the requirements of this Statement and applicable law, including when the data subject&#8217;s user data is transferred from the EU to a country or region that has a level of data protection that has not been recognized by the European Commission. We may use various legal mechanisms, such as signing standard contractual clauses approved by the European Commission, obtaining consent from data subjects in the EU for cross-border transfers, anonymizing user data before cross-border transfers and other security measures. How this statement is updated Foredge reserves the right to update or change this statement at any time. If there are any changes, we will post the latest privacy statement on this page. If there are major changes to this privacy statement, we may notify you through different channels.<\/p>","protected":false},"author":1,"featured_media":0,"parent":0,"menu_order":0,"comment_status":"closed","ping_status":"closed","template":"","meta":{"footnotes":""},"class_list":["post-28543","page","type-page","status-publish","hentry","post-no-thumbnail"],"_links":{"self":[{"href":"https:\/\/foredgetech.com\/pl\/wp-json\/wp\/v2\/pages\/28543","targetHints":{"allow":["GET"]}}],"collection":[{"href":"https:\/\/foredgetech.com\/pl\/wp-json\/wp\/v2\/pages"}],"about":[{"href":"https:\/\/foredgetech.com\/pl\/wp-json\/wp\/v2\/types\/page"}],"author":[{"embeddable":true,"href":"https:\/\/foredgetech.com\/pl\/wp-json\/wp\/v2\/users\/1"}],"replies":[{"embeddable":true,"href":"https:\/\/foredgetech.com\/pl\/wp-json\/wp\/v2\/comments?post=28543"}],"version-history":[{"count":0,"href":"https:\/\/foredgetech.com\/pl\/wp-json\/wp\/v2\/pages\/28543\/revisions"}],"wp:attachment":[{"href":"https:\/\/foredgetech.com\/pl\/wp-json\/wp\/v2\/media?parent=28543"}],"curies":[{"name":"wp","href":"https:\/\/api.w.org\/{rel}","templated":true}]}}