{"id":23001,"date":"2023-12-18T10:12:28","date_gmt":"2023-12-18T10:12:28","guid":{"rendered":"https:\/\/foredgetech.com\/?page_id=23001"},"modified":"2024-01-05T05:43:40","modified_gmt":"2024-01-05T05:43:40","slug":"independent-innovation","status":"publish","type":"page","link":"https:\/\/foredgetech.com\/pl\/independent-innovation\/","title":{"rendered":"Niezale\u017cna innowacja"},"content":{"rendered":"<div data-elementor-type=\"wp-page\" data-elementor-id=\"23001\" class=\"elementor elementor-23001\">\n\t\t\t\t<div class=\"elementor-element elementor-element-642512e e-flex e-con-boxed e-con e-parent\" data-id=\"642512e\" data-element_type=\"container\">\n\t\t\t\t\t<div class=\"e-con-inner\">\n\t\t\t\t<div class=\"elementor-element elementor-element-745fe80 elementor-widget elementor-widget-heading\" data-id=\"745fe80\" data-element_type=\"widget\" data-widget_type=\"heading.default\">\n\t\t\t\t<div class=\"elementor-widget-container\">\n\t\t\t\t\t<h2 class=\"elementor-heading-title elementor-size-default\">Niezale\u017cna innowacja<\/h2>\t\t\t\t<\/div>\n\t\t\t\t<\/div>\n\t\t\t\t<div class=\"elementor-element elementor-element-76730b7 elementor-widget-divider--view-line elementor-widget elementor-widget-divider\" data-id=\"76730b7\" data-element_type=\"widget\" data-widget_type=\"divider.default\">\n\t\t\t\t<div class=\"elementor-widget-container\">\n\t\t\t\t\t\t\t<div class=\"elementor-divider\">\n\t\t\t<span class=\"elementor-divider-separator\">\n\t\t\t\t\t\t<\/span>\n\t\t<\/div>\n\t\t\t\t\t\t<\/div>\n\t\t\t\t<\/div>\n\t\t\t\t\t<\/div>\n\t\t\t\t<\/div>\n\t\t<div class=\"elementor-element elementor-element-af86367 e-flex e-con-boxed e-con e-parent\" data-id=\"af86367\" data-element_type=\"container\">\n\t\t\t\t\t<div class=\"e-con-inner\">\n\t\t\t\t<div class=\"elementor-element elementor-element-5f2ae65 elementor-widget elementor-widget-heading\" data-id=\"5f2ae65\" data-element_type=\"widget\" data-widget_type=\"heading.default\">\n\t\t\t\t<div class=\"elementor-widget-container\">\n\t\t\t\t\t<h3 class=\"elementor-heading-title elementor-size-default\">Zosta\u0144 ekspertem w dziedzinie innowacji rozwi\u0105za\u0144 na podstawie scenariuszy<\/h3>\t\t\t\t<\/div>\n\t\t\t\t<\/div>\n\t\t\t\t<div class=\"elementor-element elementor-element-7abcacc elementor-widget__width-initial elementor-widget-widescreen__width-initial elementor-icon-list--layout-traditional elementor-list-item-link-full_width elementor-widget elementor-widget-icon-list\" data-id=\"7abcacc\" data-element_type=\"widget\" data-widget_type=\"icon-list.default\">\n\t\t\t\t<div class=\"elementor-widget-container\">\n\t\t\t\t\t\t\t<ul class=\"elementor-icon-list-items\">\n\t\t\t\t\t\t\t<li class=\"elementor-icon-list-item\">\n\t\t\t\t\t\t\t\t\t\t\t<span class=\"elementor-icon-list-icon\">\n\t\t\t\t\t\t\t<svg xmlns=\"http:\/\/www.w3.org\/2000\/svg\" height=\"24\" viewbox=\"0 -960 960 960\" width=\"24\"><path d=\"M480-122.311q-24.077 0-42.577-12.692-18.499-12.692-25.884-33.308H400q-24.538 0-42.268-17.73-17.731-17.73-17.731-42.268v-131.23q-60.538-36.692-95.269-98.385Q210.001-519.616 210.001-590q0-112.922 78.538-191.461Q367.078-859.999 480-859.999q112.922 0 191.461 78.538Q749.999-702.922 749.999-590q0 71.615-34.731 132.692-34.731 61.077-95.269 97.769v131.23q0 24.538-17.731 42.268-17.73 17.73-42.268 17.73h-11.539q-7.385 20.616-25.884 33.308-18.5 12.692-42.577 12.692Zm-80-105.998h160v-37.539H400v37.539Zm0-72.923h160v-38.769H400v38.769ZM392-400h64.154v-116.462l-85.692-85.692L404-635.692l76 76 76-76 33.538 33.538-85.692 85.692V-400H568q54-26 88-76.5T690-590q0-88-61-149t-149-61q-88 0-149 61t-61 149q0 63 34 113.5t88 76.5Zm88-159.692ZM480-600Z\"><\/path><\/svg>\t\t\t\t\t\t<\/span>\n\t\t\t\t\t\t\t\t\t\t<span class=\"elementor-icon-list-text\">Innowacja jest podstawow\u0105 si\u0142\u0105 nap\u0119dow\u0105 naszego rozwoju. Innowacje s\u0105 inspirowane przez naszych u\u017cytkownik\u00f3w.<\/span>\n\t\t\t\t\t\t\t\t\t<\/li>\n\t\t\t\t\t\t\t\t<li class=\"elementor-icon-list-item\">\n\t\t\t\t\t\t\t\t\t\t\t<span class=\"elementor-icon-list-icon\">\n\t\t\t\t\t\t\t<svg xmlns=\"http:\/\/www.w3.org\/2000\/svg\" height=\"24\" viewbox=\"0 -960 960 960\" width=\"24\"><path d=\"M480-328.462 309.233-499.229l42.153-43.384 98.615 98.615v-336.001h59.998v336.001l98.615-98.615 42.153 43.384L480-328.462ZM252.309-180.001q-30.308 0-51.308-21t-21-51.308v-108.46H240v108.46q0 4.616 3.846 8.463 3.847 3.846 8.463 3.846h455.382q4.616 0 8.463-3.846 3.846-3.847 3.846-8.463v-108.46h59.999v108.46q0 30.308-21 51.308t-51.308 21H252.309Z\"><\/path><\/svg>\t\t\t\t\t\t<\/span>\n\t\t\t\t\t\t\t\t\t\t<span class=\"elementor-icon-list-text\">Nasze innowacyjne rozwi\u0105zania oparte na scenariuszach i skoncentrowane na bran\u017cy maj\u0105 na celu znalezienie problem\u00f3w u\u017cytkownik\u00f3w i pr\u00f3b\u0119 ich rozwi\u0105zania.<\/span>\n\t\t\t\t\t\t\t\t\t<\/li>\n\t\t\t\t\t\t\t\t<li class=\"elementor-icon-list-item\">\n\t\t\t\t\t\t\t\t\t\t\t<span class=\"elementor-icon-list-icon\">\n\t\t\t\t\t\t\t<svg xmlns=\"http:\/\/www.w3.org\/2000\/svg\" height=\"24\" viewbox=\"0 -960 960 960\" width=\"24\"><path d=\"M134.077-253.847 91.924-296 297-501.076q32.308-31.923 77.884-32.116 45.577-.192 77.885 32.116l46 46q15.077 15.077 35.615 14.884 20.539-.192 35.616-14.884l195.309-194.925H648.078v-59.998h219.998v219.998h-59.998v-117.232L612.153-412.308q-32.307 31.923-78.076 32.115-45.769.192-77.692-31.731l-47-47q-14.462-14.461-35.116-14.269-20.654.192-35.116 14.269L134.077-253.847Z\"><\/path><\/svg>\t\t\t\t\t\t<\/span>\n\t\t\t\t\t\t\t\t\t\t<span class=\"elementor-icon-list-text\">Aby zapewni\u0107 najlepsze wra\u017cenia z u\u017cytkowania innowacyjnych produkt\u00f3w, zawsze wchodzimy w g\u0142\u0119bok\u0105 interakcj\u0119 z u\u017cytkownikami podczas projektowania i rozwoju produktu oraz prosimy u\u017cytkownik\u00f3w o \"udzia\u0142 w produkcji naszych produkt\u00f3w\".<\/span>\n\t\t\t\t\t\t\t\t\t<\/li>\n\t\t\t\t\t\t\t\t<li class=\"elementor-icon-list-item\">\n\t\t\t\t\t\t\t\t\t\t\t<span class=\"elementor-icon-list-icon\">\n\t\t\t\t\t\t\t<svg xmlns=\"http:\/\/www.w3.org\/2000\/svg\" height=\"24\" viewbox=\"0 -960 960 960\" width=\"24\"><path d=\"M471.538-161.154q5.923 0 12.039-2.769 6.116-2.77 9.654-6.308l319.923-319.923q13.538-13.538 20.384-28.923 6.847-15.384 6.847-32.308 0-17.538-6.847-33.769-6.846-16.231-20.384-29.154l-160-159.999q-12.923-13.539-28-19.808-15.077-6.27-32.615-6.27-16.924 0-32.501 6.27-15.577 6.269-28.731 19.808l-22.923 22.923 74 74.616q13.461 12.846 19.884 29.307 6.423 16.462 6.423 34.154 0 36.615-24.461 61.076t-61.076 24.461q-17.693 0-34.269-5.846-16.577-5.846-29.423-18.692l-75.769-75.154-173.847 173.846q-4.538 4.539-6.807 10.154-2.27 5.616-2.27 11.539 0 11.077 7.539 18.924 7.538 7.846 18.616 7.846 5.923 0 12.038-2.769 6.116-2.77 9.654-6.308l131.385-131.385 42.153 42.153-130.769 131.384q-4.539 4.539-6.808 10.155-2.27 5.615-2.27 11.538 0 10.693 7.731 18.424t18.424 7.731q5.923 0 12.039-2.77 6.115-2.769 9.654-6.307l136-135.385 42.152 42.153-135.384 136q-4.154 3.538-6.616 9.654-2.461 6.115-2.461 12.039 0 10.692 7.731 18.423 7.73 7.731 18.423 7.731 5.923 0 11.539-2.269 5.615-2.27 10.154-6.808l136-135.385 42.153 42.153-136 136q-4.539 4.538-6.808 10.539-2.269 6-2.269 11.538 0 11.078 8.23 18.424 8.231 7.346 18.539 7.346Zm-.615 59.999q-33.923 0-59.154-23.539-25.23-23.538-26.384-58.615-34-2.307-56.807-24.154-22.808-21.846-24.731-57.384-35.538-2.308-57.461-24.846-21.923-22.538-23.462-56.692-35.692-2.308-58.923-25.884-23.23-23.577-23.23-59.654 0-17.692 6.73-34.653 6.731-16.962 19.577-29.808l216.615-215.999L500.845-595.23q3.539 4.154 9.27 6.616 5.731 2.461 12.423 2.461 10.923 0 18.847-7.231 7.923-7.231 7.923-18.923 0-6.693-2.462-12.424-2.461-5.73-6.615-9.269L399.923-774.307Q387-787.846 371.731-794.115q-15.27-6.27-32.808-6.27-16.923 0-32.116 6.27-15.192 6.269-28.731 19.808L146.693-642.308q-10.924 10.923-17.885 25.808-6.962 14.885-8.193 30.346-1.23 12.77 1.154 25.27 2.385 12.5 8.385 23.5l-44.153 44.153Q72.463-512.77 65.617-537 58.77-561.231 60-586.154q1.231-27.615 12.462-53.346 11.23-25.73 31.461-45.961l131-130.999q22.461-21.846 48.884-32.885 26.423-11.038 55.499-11.038 29.077 0 55.308 11.038 26.23 11.039 48.076 32.885l22.924 22.924 22.924-22.924q22.462-21.846 48.692-32.885 26.231-11.038 55.308-11.038 29.076 0 55.499 11.038 26.423 11.039 48.269 32.885l158.999 158.999q21.846 21.846 33.462 49.73 11.615 27.885 11.615 56.962 0 29.076-11.615 55.307-11.616 26.231-33.462 48.077L535.384-128.078q-13.231 13.23-29.808 20.077-16.576 6.846-34.653 6.846ZM357.306-633.461Z\"><\/path><\/svg>\t\t\t\t\t\t<\/span>\n\t\t\t\t\t\t\t\t\t\t<span class=\"elementor-icon-list-text\">\"Ostateczne do\u015bwiadczenie\" przypisuje si\u0119 ci\u0105g\u0142ym iteracjom i ulepszaniu produkt\u00f3w.<\/span>\n\t\t\t\t\t\t\t\t\t<\/li>\n\t\t\t\t\t\t\t\t<li class=\"elementor-icon-list-item\">\n\t\t\t\t\t\t\t\t\t\t\t<span class=\"elementor-icon-list-icon\">\n\t\t\t\t\t\t\t<svg xmlns=\"http:\/\/www.w3.org\/2000\/svg\" height=\"24\" viewbox=\"0 -960 960 960\" width=\"24\"><path d=\"m352.462-85.386-71.384-120.308-135.538-29.692 13.231-139.538L66.925-480l91.846-105.076-13.231-139.538 135.538-29.692 71.384-120.308L480-820.46l127.538-54.154 71.384 120.308 135.538 29.692-13.231 139.538L893.075-480l-91.846 105.076 13.231 139.538-135.538 29.692-71.384 120.307L480-139.54 352.462-85.387ZM378-162l102-43.231L583.231-162 640-258l110-25.231L740-396l74-84-74-85.231L750-678l-110-24-58-96-102 43.231L376.769-798 320-702l-110 24 10 112.769L146-480l74 84-10 114 110 24 58 96Zm102-318Zm-42 128.153L650.153-564 608-607.384l-170 170-86-84.769L309.847-480 438-351.847Z\"><\/path><\/svg>\t\t\t\t\t\t<\/span>\n\t\t\t\t\t\t\t\t\t\t<span class=\"elementor-icon-list-text\">Jest to nieunikniona \u015bcie\u017cka wszystkich naszych produkt\u00f3w i rozwi\u0105za\u0144, a tak\u017ce nasz nieustaj\u0105cy duch innowacji.<\/span>\n\t\t\t\t\t\t\t\t\t<\/li>\n\t\t\t\t\t\t<\/ul>\n\t\t\t\t\t\t<\/div>\n\t\t\t\t<\/div>\n\t\t\t\t<div class=\"elementor-element elementor-element-e3de05d elementor-widget elementor-widget-heading\" data-id=\"e3de05d\" data-element_type=\"widget\" data-widget_type=\"heading.default\">\n\t\t\t\t<div class=\"elementor-widget-container\">\n\t\t\t\t\t<h3 class=\"elementor-heading-title elementor-size-default\">Independent R&D with innovations<\/h3>\t\t\t\t<\/div>\n\t\t\t\t<\/div>\n\t\t\t\t\t<\/div>\n\t\t\t\t<\/div>\n\t\t<div class=\"elementor-element elementor-element-0ec027f e-flex e-con-boxed e-con e-parent\" data-id=\"0ec027f\" data-element_type=\"container\">\n\t\t\t\t\t<div class=\"e-con-inner\">\n\t\t<div class=\"elementor-element elementor-element-77f108c e-con-full e-flex e-con e-child\" data-id=\"77f108c\" data-element_type=\"container\">\n\t\t\t\t<div class=\"elementor-element elementor-element-b470b5d elementor-position-left elementor-widget-widescreen__width-initial elementor-view-default elementor-mobile-position-top elementor-vertical-align-top elementor-widget elementor-widget-icon-box\" data-id=\"b470b5d\" data-element_type=\"widget\" data-widget_type=\"icon-box.default\">\n\t\t\t\t<div class=\"elementor-widget-container\">\n\t\t\t\t\t\t\t<div class=\"elementor-icon-box-wrapper\">\n\n\t\t\t\t\t\t<div class=\"elementor-icon-box-icon\">\n\t\t\t\t<span  class=\"elementor-icon\">\n\t\t\t\t<svg xmlns=\"http:\/\/www.w3.org\/2000\/svg\" height=\"24\" viewbox=\"0 -960 960 960\" width=\"24\"><path d=\"M172.309-180.001q-30.308 0-51.308-21t-21-51.308v-455.382q0-30.308 21-51.308t51.308-21h615.382q30.308 0 51.308 21t21 51.308v455.382q0 30.308-21 51.308t-51.308 21H172.309Zm0-59.999h615.382q4.616 0 8.463-3.846 3.846-3.847 3.846-8.463V-640H160v387.691q0 4.616 3.846 8.463 3.847 3.846 8.463 3.846ZM300-294.232 258.232-336l103-104-104-104L300-585.768 445.768-440 300-294.232Zm190.001 4.231v-59.998h219.998v59.998H490.001Z\"><\/path><\/svg>\t\t\t\t<\/span>\n\t\t\t<\/div>\n\t\t\t\n\t\t\t\t\t\t<div class=\"elementor-icon-box-content\">\n\n\t\t\t\t\t\t\t\t\t<h3 class=\"elementor-icon-box-title\">\n\t\t\t\t\t\t<span  >\n\t\t\t\t\t\t\t15% przychod\u00f3w ze sprzeda\u017cy zainwestowanych w badania i rozw\u00f3j.40% personelu zaanga\u017cowanego w badania i rozw\u00f3j\t\t\t\t\t\t<\/span>\n\t\t\t\t\t<\/h3>\n\t\t\t\t\n\t\t\t\t\n\t\t\t<\/div>\n\t\t\t\n\t\t<\/div>\n\t\t\t\t\t\t<\/div>\n\t\t\t\t<\/div>\n\t\t\t\t<\/div>\n\t\t<div class=\"elementor-element elementor-element-38db64c e-con-full e-flex e-con e-child\" data-id=\"38db64c\" data-element_type=\"container\">\n\t\t\t\t<div class=\"elementor-element elementor-element-a92617c elementor-position-left elementor-widget-widescreen__width-initial elementor-view-default elementor-mobile-position-top elementor-vertical-align-top elementor-widget elementor-widget-icon-box\" data-id=\"a92617c\" data-element_type=\"widget\" data-widget_type=\"icon-box.default\">\n\t\t\t\t<div class=\"elementor-widget-container\">\n\t\t\t\t\t\t\t<div class=\"elementor-icon-box-wrapper\">\n\n\t\t\t\t\t\t<div class=\"elementor-icon-box-icon\">\n\t\t\t\t<span  class=\"elementor-icon\">\n\t\t\t\t<svg xmlns=\"http:\/\/www.w3.org\/2000\/svg\" height=\"24\" viewbox=\"0 -960 960 960\" width=\"24\"><path d=\"M172.309-180.001q-30.308 0-51.308-21t-21-51.308v-455.382q0-30.308 21-51.308t51.308-21h615.382q30.308 0 51.308 21t21 51.308v455.382q0 30.308-21 51.308t-51.308 21H172.309Zm0-59.999h615.382q4.616 0 8.463-3.846 3.846-3.847 3.846-8.463V-640H160v387.691q0 4.616 3.846 8.463 3.847 3.846 8.463 3.846ZM300-294.232 258.232-336l103-104-104-104L300-585.768 445.768-440 300-294.232Zm190.001 4.231v-59.998h219.998v59.998H490.001Z\"><\/path><\/svg>\t\t\t\t<\/span>\n\t\t\t<\/div>\n\t\t\t\n\t\t\t\t\t\t<div class=\"elementor-icon-box-content\">\n\n\t\t\t\t\t\t\t\t\t<h3 class=\"elementor-icon-box-title\">\n\t\t\t\t\t\t<span  >\n\t\t\t\t\t\t\tUtworzenie ponad 20 centr\u00f3w serwisowych na ca\u0142ym \u015bwiecie\t\t\t\t\t\t<\/span>\n\t\t\t\t\t<\/h3>\n\t\t\t\t\n\t\t\t\t\n\t\t\t<\/div>\n\t\t\t\n\t\t<\/div>\n\t\t\t\t\t\t<\/div>\n\t\t\t\t<\/div>\n\t\t\t\t<\/div>\n\t\t<div class=\"elementor-element elementor-element-51a1573 e-con-full e-flex e-con e-child\" data-id=\"51a1573\" data-element_type=\"container\">\n\t\t\t\t<div class=\"elementor-element elementor-element-235c6a9 elementor-position-left elementor-widget-widescreen__width-initial elementor-view-default elementor-mobile-position-top elementor-vertical-align-top elementor-widget elementor-widget-icon-box\" data-id=\"235c6a9\" data-element_type=\"widget\" data-widget_type=\"icon-box.default\">\n\t\t\t\t<div class=\"elementor-widget-container\">\n\t\t\t\t\t\t\t<div class=\"elementor-icon-box-wrapper\">\n\n\t\t\t\t\t\t<div class=\"elementor-icon-box-icon\">\n\t\t\t\t<span  class=\"elementor-icon\">\n\t\t\t\t<svg xmlns=\"http:\/\/www.w3.org\/2000\/svg\" height=\"24\" viewbox=\"0 -960 960 960\" width=\"24\"><path d=\"M172.309-180.001q-30.308 0-51.308-21t-21-51.308v-455.382q0-30.308 21-51.308t51.308-21h615.382q30.308 0 51.308 21t21 51.308v455.382q0 30.308-21 51.308t-51.308 21H172.309Zm0-59.999h615.382q4.616 0 8.463-3.846 3.846-3.847 3.846-8.463V-640H160v387.691q0 4.616 3.846 8.463 3.847 3.846 8.463 3.846ZM300-294.232 258.232-336l103-104-104-104L300-585.768 445.768-440 300-294.232Zm190.001 4.231v-59.998h219.998v59.998H490.001Z\"><\/path><\/svg>\t\t\t\t<\/span>\n\t\t\t<\/div>\n\t\t\t\n\t\t\t\t\t\t<div class=\"elementor-icon-box-content\">\n\n\t\t\t\t\t\t\t\t\t<h3 class=\"elementor-icon-box-title\">\n\t\t\t\t\t\t<span  >\n\t\t\t\t\t\t\tWiod\u0105ca w bran\u017cy wydajno\u015b\u0107 i stabilno\u015b\u0107 produktu\t\t\t\t\t\t<\/span>\n\t\t\t\t\t<\/h3>\n\t\t\t\t\n\t\t\t\t\n\t\t\t<\/div>\n\t\t\t\n\t\t<\/div>\n\t\t\t\t\t\t<\/div>\n\t\t\t\t<\/div>\n\t\t\t\t<\/div>\n\t\t<div class=\"elementor-element elementor-element-c732d87 e-con-full e-flex e-con e-child\" data-id=\"c732d87\" data-element_type=\"container\">\n\t\t\t\t<div class=\"elementor-element elementor-element-a586806 elementor-position-left elementor-widget-widescreen__width-initial elementor-view-default elementor-mobile-position-top elementor-vertical-align-top elementor-widget elementor-widget-icon-box\" data-id=\"a586806\" data-element_type=\"widget\" data-widget_type=\"icon-box.default\">\n\t\t\t\t<div class=\"elementor-widget-container\">\n\t\t\t\t\t\t\t<div class=\"elementor-icon-box-wrapper\">\n\n\t\t\t\t\t\t<div class=\"elementor-icon-box-icon\">\n\t\t\t\t<span  class=\"elementor-icon\">\n\t\t\t\t<svg xmlns=\"http:\/\/www.w3.org\/2000\/svg\" height=\"24\" viewbox=\"0 -960 960 960\" width=\"24\"><path d=\"M172.309-180.001q-30.308 0-51.308-21t-21-51.308v-455.382q0-30.308 21-51.308t51.308-21h615.382q30.308 0 51.308 21t21 51.308v455.382q0 30.308-21 51.308t-51.308 21H172.309Zm0-59.999h615.382q4.616 0 8.463-3.846 3.846-3.847 3.846-8.463V-640H160v387.691q0 4.616 3.846 8.463 3.847 3.846 8.463 3.846ZM300-294.232 258.232-336l103-104-104-104L300-585.768 445.768-440 300-294.232Zm190.001 4.231v-59.998h219.998v59.998H490.001Z\"><\/path><\/svg>\t\t\t\t<\/span>\n\t\t\t<\/div>\n\t\t\t\n\t\t\t\t\t\t<div class=\"elementor-icon-box-content\">\n\n\t\t\t\t\t\t\t\t\t<h3 class=\"elementor-icon-box-title\">\n\t\t\t\t\t\t<span  >\n\t\t\t\t\t\t\tUzyskali\u015bmy ponad 200 autoryzowanych patent\u00f3w\t\t\t\t\t\t<\/span>\n\t\t\t\t\t<\/h3>\n\t\t\t\t\n\t\t\t\t\n\t\t\t<\/div>\n\t\t\t\n\t\t<\/div>\n\t\t\t\t\t\t<\/div>\n\t\t\t\t<\/div>\n\t\t\t\t<\/div>\n\t\t\t\t\t<\/div>\n\t\t\t\t<\/div>\n\t\t<div class=\"elementor-element elementor-element-350a8bf e-flex e-con-boxed e-con e-parent\" data-id=\"350a8bf\" data-element_type=\"container\">\n\t\t\t\t\t<div class=\"e-con-inner\">\n\t\t\t\t<div class=\"elementor-element elementor-element-ed0f650 elementor-widget elementor-widget-heading\" data-id=\"ed0f650\" data-element_type=\"widget\" data-widget_type=\"heading.default\">\n\t\t\t\t<div class=\"elementor-widget-container\">\n\t\t\t\t\t<h3 class=\"elementor-heading-title elementor-size-default\">Uznana w kraju si\u0142a innowacji<\/h3>\t\t\t\t<\/div>\n\t\t\t\t<\/div>\n\t\t\t\t<div class=\"elementor-element elementor-element-3503ebf elementor-widget__width-initial elementor-widget-widescreen__width-initial elementor-icon-list--layout-traditional elementor-list-item-link-full_width elementor-widget elementor-widget-icon-list\" data-id=\"3503ebf\" data-element_type=\"widget\" data-widget_type=\"icon-list.default\">\n\t\t\t\t<div class=\"elementor-widget-container\">\n\t\t\t\t\t\t\t<ul class=\"elementor-icon-list-items\">\n\t\t\t\t\t\t\t<li class=\"elementor-icon-list-item\">\n\t\t\t\t\t\t\t\t\t\t\t<span class=\"elementor-icon-list-icon\">\n\t\t\t\t\t\t\t<svg xmlns=\"http:\/\/www.w3.org\/2000\/svg\" height=\"24\" viewbox=\"0 -960 960 960\" width=\"24\"><path d=\"M480-122.311q-24.077 0-42.577-12.692-18.499-12.692-25.884-33.308H400q-24.538 0-42.268-17.73-17.731-17.73-17.731-42.268v-131.23q-60.538-36.692-95.269-98.385Q210.001-519.616 210.001-590q0-112.922 78.538-191.461Q367.078-859.999 480-859.999q112.922 0 191.461 78.538Q749.999-702.922 749.999-590q0 71.615-34.731 132.692-34.731 61.077-95.269 97.769v131.23q0 24.538-17.731 42.268-17.73 17.73-42.268 17.73h-11.539q-7.385 20.616-25.884 33.308-18.5 12.692-42.577 12.692Zm-80-105.998h160v-37.539H400v37.539Zm0-72.923h160v-38.769H400v38.769ZM392-400h64.154v-116.462l-85.692-85.692L404-635.692l76 76 76-76 33.538 33.538-85.692 85.692V-400H568q54-26 88-76.5T690-590q0-88-61-149t-149-61q-88 0-149 61t-61 149q0 63 34 113.5t88 76.5Zm88-159.692ZM480-600Z\"><\/path><\/svg>\t\t\t\t\t\t<\/span>\n\t\t\t\t\t\t\t\t\t\t<span class=\"elementor-icon-list-text\">Krajowy \"Ma\u0142y Gigant\" (Wydane przez: Ministerstwo Przemys\u0142u i Technologii Informacyjnych)<\/span>\n\t\t\t\t\t\t\t\t\t<\/li>\n\t\t\t\t\t\t\t\t<li class=\"elementor-icon-list-item\">\n\t\t\t\t\t\t\t\t\t\t\t<span class=\"elementor-icon-list-icon\">\n\t\t\t\t\t\t\t<svg xmlns=\"http:\/\/www.w3.org\/2000\/svg\" height=\"24\" viewbox=\"0 -960 960 960\" width=\"24\"><path d=\"M480-328.462 309.233-499.229l42.153-43.384 98.615 98.615v-336.001h59.998v336.001l98.615-98.615 42.153 43.384L480-328.462ZM252.309-180.001q-30.308 0-51.308-21t-21-51.308v-108.46H240v108.46q0 4.616 3.846 8.463 3.847 3.846 8.463 3.846h455.382q4.616 0 8.463-3.846 3.846-3.847 3.846-8.463v-108.46h59.999v108.46q0 30.308-21 51.308t-51.308 21H252.309Z\"><\/path><\/svg>\t\t\t\t\t\t<\/span>\n\t\t\t\t\t\t\t\t\t\t<span class=\"elementor-icon-list-text\">\"Specjalizacja, wyrafinowanie, wyj\u0105tkowo\u015b\u0107 i nowo\u015b\u0107\" w Shenzhen (Wydane przez: Biuro Obs\u0142ugi Ma\u0142ych i \u015arednich Przedsi\u0119biorstw w Shenzhen)<\/span>\n\t\t\t\t\t\t\t\t\t<\/li>\n\t\t\t\t\t\t\t\t<li class=\"elementor-icon-list-item\">\n\t\t\t\t\t\t\t\t\t\t\t<span class=\"elementor-icon-list-icon\">\n\t\t\t\t\t\t\t<svg xmlns=\"http:\/\/www.w3.org\/2000\/svg\" height=\"24\" viewbox=\"0 -960 960 960\" width=\"24\"><path d=\"M134.077-253.847 91.924-296 297-501.076q32.308-31.923 77.884-32.116 45.577-.192 77.885 32.116l46 46q15.077 15.077 35.615 14.884 20.539-.192 35.616-14.884l195.309-194.925H648.078v-59.998h219.998v219.998h-59.998v-117.232L612.153-412.308q-32.307 31.923-78.076 32.115-45.769.192-77.692-31.731l-47-47q-14.462-14.461-35.116-14.269-20.654.192-35.116 14.269L134.077-253.847Z\"><\/path><\/svg>\t\t\t\t\t\t<\/span>\n\t\t\t\t\t\t\t\t\t\t<span class=\"elementor-icon-list-text\">100 najlepszych innowator\u00f3w w okr\u0119gu Longhua, Shenzhen (Wydane przez: Okr\u0119gowy Wydzia\u0142 Nadzoru Nauki i Technologii)<\/span>\n\t\t\t\t\t\t\t\t\t<\/li>\n\t\t\t\t\t\t<\/ul>\n\t\t\t\t\t\t<\/div>\n\t\t\t\t<\/div>\n\t\t\t\t\t<\/div>\n\t\t\t\t<\/div>\n\t\t\t\t<\/div>","protected":false},"excerpt":{"rendered":"<p>Independent Innovation Become an expert of solution innovation on the basis of scenarios Innovation is the fundamental driving force of our development. Innovation is inspired by our users. Our scenario-driven and industry-centered solution innovations aim to keenly find problems of users, and to try to solve the problems. To deliver the best application experience of innovative products, we always interact deeply with users during the product design and development, and ask users to &#8220;participate in our product production&#8221;. The &#8220;ultimate experience&#8221; is attributed to the continuous iterations and improvement of products. This is the inevitable path of all our products and solutions as well as our unremitting spirit of innovation. Independent R&#038;D with innovations 15% sales revenue invested in R&#038;D.40% personnel engaged in R&#038;D Establishing over 20 service centers worldwide Leading the industry in product performance and stability We have obtained over 200 authorized patents Nationally recognized innovative strength National &#8220;Little Giant&#8221; (Issued by: Ministry of Industry and Information Technology) Shenzhen&#8217;s &#8220;specialization, refinement, uniqueness, and novelty&#8221; (Issued by: Shenzhen Small and Medium sized Enterprise Service Bureau) Top 100 Innovators in Longhua District, Shenzhen (Issued by: District Science and Technology Supervision Department)<\/p>","protected":false},"author":1,"featured_media":0,"parent":0,"menu_order":0,"comment_status":"closed","ping_status":"closed","template":"","meta":{"footnotes":""},"class_list":["post-23001","page","type-page","status-publish","hentry","post-no-thumbnail"],"_links":{"self":[{"href":"https:\/\/foredgetech.com\/pl\/wp-json\/wp\/v2\/pages\/23001","targetHints":{"allow":["GET"]}}],"collection":[{"href":"https:\/\/foredgetech.com\/pl\/wp-json\/wp\/v2\/pages"}],"about":[{"href":"https:\/\/foredgetech.com\/pl\/wp-json\/wp\/v2\/types\/page"}],"author":[{"embeddable":true,"href":"https:\/\/foredgetech.com\/pl\/wp-json\/wp\/v2\/users\/1"}],"replies":[{"embeddable":true,"href":"https:\/\/foredgetech.com\/pl\/wp-json\/wp\/v2\/comments?post=23001"}],"version-history":[{"count":0,"href":"https:\/\/foredgetech.com\/pl\/wp-json\/wp\/v2\/pages\/23001\/revisions"}],"wp:attachment":[{"href":"https:\/\/foredgetech.com\/pl\/wp-json\/wp\/v2\/media?parent=23001"}],"curies":[{"name":"wp","href":"https:\/\/api.w.org\/{rel}","templated":true}]}}