{"id":28543,"date":"2024-01-04T05:38:10","date_gmt":"2024-01-04T05:38:10","guid":{"rendered":"https:\/\/foredgetech.com\/?page_id=28543"},"modified":"2024-06-28T10:13:08","modified_gmt":"2024-06-28T10:13:08","slug":"data-security","status":"publish","type":"page","link":"https:\/\/foredgetech.com\/it\/data-security\/","title":{"rendered":"sicurezza dei dati"},"content":{"rendered":"<div data-elementor-type=\"wp-page\" data-elementor-id=\"28543\" class=\"elementor elementor-28543\">\n\t\t\t\t<div class=\"elementor-element elementor-element-136e92b2 e-flex e-con-boxed e-con e-parent\" data-id=\"136e92b2\" data-element_type=\"container\">\n\t\t\t\t\t<div class=\"e-con-inner\">\n\t\t<div class=\"elementor-element elementor-element-d799229 e-flex e-con-boxed e-con e-child\" data-id=\"d799229\" data-element_type=\"container\">\n\t\t\t\t\t<div class=\"e-con-inner\">\n\t\t\t\t<div class=\"elementor-element elementor-element-eeb5e6a elementor-widget elementor-widget-heading\" data-id=\"eeb5e6a\" data-element_type=\"widget\" data-widget_type=\"heading.default\">\n\t\t\t\t<div class=\"elementor-widget-container\">\n\t\t\t\t\t<h2 class=\"elementor-heading-title elementor-size-default\">Dichiarazione di protezione dei dati degli utenti di Foredge<\/h2>\t\t\t\t<\/div>\n\t\t\t\t<\/div>\n\t\t\t\t<div class=\"elementor-element elementor-element-444ff33 elementor-widget elementor-widget-text-editor\" data-id=\"444ff33\" data-element_type=\"widget\" data-widget_type=\"text-editor.default\">\n\t\t\t\t<div class=\"elementor-widget-container\">\n\t\t\t\t\t\t\t\t\t<p>Questa dichiarazione potrebbe non coprire tutti i possibili scenari di trattamento dei dati dell'utente. Le dichiarazioni relative al trattamento dei dati dell'utente in scenari specifici possono essere fornite da Foredge in una dichiarazione supplementare o prima della raccolta dei dati dell'utente.<\/p>\t\t\t\t\t\t\t\t<\/div>\n\t\t\t\t<\/div>\n\t\t\t\t<div class=\"elementor-element elementor-element-0aaed43 elementor-widget elementor-widget-heading\" data-id=\"0aaed43\" data-element_type=\"widget\" data-widget_type=\"heading.default\">\n\t\t\t\t<div class=\"elementor-widget-container\">\n\t\t\t\t\t<h4 class=\"elementor-heading-title elementor-size-default\">Raccogliamo e utilizziamo i dati degli utenti<\/h4>\t\t\t\t<\/div>\n\t\t\t\t<\/div>\n\t\t\t\t<div class=\"elementor-element elementor-element-bdfab3b elementor-widget elementor-widget-text-editor\" data-id=\"bdfab3b\" data-element_type=\"widget\" data-widget_type=\"text-editor.default\">\n\t\t\t\t<div class=\"elementor-widget-container\">\n\t\t\t\t\t\t\t\t\t<p>I dati dell'utente si riferiscono a informazioni che possono identificare un utente specifico se utilizzate da sole o in combinazione con altre informazioni. Dopo aver letto e accettato questa dichiarazione, i dati dell'utente saranno raccolti quando si utilizzano i nostri prodotti o servizi per fornire all'utente servizi di qualit\u00e0. Potremmo inoltre utilizzare i Dati dell'utente per condurre verifiche interne, analisi e ricerche sui dati e per migliorare i nostri prodotti e servizi.<\/p>\n<p><img fetchpriority=\"high\" decoding=\"async\" class=\"aligncenter wp-image-28549 size-full\" src=\"https:\/\/foredgetech.com\/wp-content\/uploads\/2024\/01\/\u56fe\u72471-2.png\" alt=\"\" width=\"1269\" height=\"224\" srcset=\"https:\/\/foredgetech.com\/wp-content\/uploads\/2024\/01\/\u56fe\u72471-2.png 1269w, https:\/\/foredgetech.com\/wp-content\/uploads\/2024\/01\/\u56fe\u72471-2-150x26.png 150w, https:\/\/foredgetech.com\/wp-content\/uploads\/2024\/01\/\u56fe\u72471-2-600x106.png 600w, https:\/\/foredgetech.com\/wp-content\/uploads\/2024\/01\/\u56fe\u72471-2-300x53.png 300w, https:\/\/foredgetech.com\/wp-content\/uploads\/2024\/01\/\u56fe\u72471-2-1024x181.png 1024w, https:\/\/foredgetech.com\/wp-content\/uploads\/2024\/01\/\u56fe\u72471-2-768x136.png 768w\" sizes=\"(max-width: 1269px) 100vw, 1269px\" \/><\/p>\t\t\t\t\t\t\t\t<\/div>\n\t\t\t\t<\/div>\n\t\t\t\t<div class=\"elementor-element elementor-element-a5f4563 elementor-widget elementor-widget-heading\" data-id=\"a5f4563\" data-element_type=\"widget\" data-widget_type=\"heading.default\">\n\t\t\t\t<div class=\"elementor-widget-container\">\n\t\t\t\t\t<h4 class=\"elementor-heading-title elementor-size-default\">Protezione dei dati degli utenti<\/h4>\t\t\t\t<\/div>\n\t\t\t\t<\/div>\n\t\t\t\t<div class=\"elementor-element elementor-element-76cbe4f elementor-widget elementor-widget-text-editor\" data-id=\"76cbe4f\" data-element_type=\"widget\" data-widget_type=\"text-editor.default\">\n\t\t\t\t<div class=\"elementor-widget-container\">\n\t\t\t\t\t\t\t\t\t<p>Foredge non acceder\u00e0 ai dati dell'utente senza l'autorizzazione e il consenso di quest'ultimo e ha adottato misure tecniche di sicurezza e organizzative concrete:<br \/>Gli utenti hanno il diritto di concedere e chiudere le informazioni sensibili di identificazione personale (come l'indirizzo e-mail, il numero di cellulare, ecc.). Queste informazioni sono protette dall'algoritmo di crittografia AES-256* e memorizzate nel centro dati ASW CLOUD attraverso un meccanismo di protezione dei dati a pi\u00f9 livelli per garantire la privacy degli utenti e la sicurezza dei dati.<br \/>I nostri server identificano solo le informazioni relative al dispositivo e all'applicazione dello switch quando forniscono i servizi. Non accediamo ad alcun dato dell'utente durante questo processo.<br \/>*L'algoritmo di crittografia AES-256 \u00e8 attualmente riconosciuto come l'algoritmo di crittografia simmetrica pi\u00f9 sicuro. La lunghezza della chiave \u00e8 di 256 bit ed \u00e8 ampiamente utilizzato per proteggere dati sensibili come transazioni finanziarie e cartelle cliniche.<\/p>\t\t\t\t\t\t\t\t<\/div>\n\t\t\t\t<\/div>\n\t\t\t\t<div class=\"elementor-element elementor-element-05891ae elementor-widget elementor-widget-heading\" data-id=\"05891ae\" data-element_type=\"widget\" data-widget_type=\"heading.default\">\n\t\t\t\t<div class=\"elementor-widget-container\">\n\t\t\t\t\t<h4 class=\"elementor-heading-title elementor-size-default\">Sicurezza dell'archiviazione dei dati<\/h4>\t\t\t\t<\/div>\n\t\t\t\t<\/div>\n\t\t\t\t<div class=\"elementor-element elementor-element-1cad6b0 elementor-widget elementor-widget-text-editor\" data-id=\"1cad6b0\" data-element_type=\"widget\" data-widget_type=\"text-editor.default\">\n\t\t\t\t<div class=\"elementor-widget-container\">\n\t\t\t\t\t\t\t\t\t<p>Supporta la memorizzazione di password e l'utilizzo della crittografia AES256. Quando la funzione di crittografia \u00e8 attivata, solo l'utente ha il permesso di accedere ai dati di memorizzazione a bordo e Foredge non pu\u00f2 ottenere la password.<br \/>I dati possono essere cancellati su richiesta<br \/>Offriamo la possibilit\u00e0 di cancellare i dati e gli account, per eliminare tutti i dati generati durante l'utilizzo del dispositivo:<br \/>\u00c8 possibile eliminare il proprio account attraverso l'applicazione Foredge Explorer e cancellare tutti i dati associati all'account, nonch\u00e9 i registri e la cache dell'applicazione stessa.<br \/>Dopo la cancellazione dell'account, i registri e le altre informazioni presenti sul server verranno automaticamente cancellati.<br \/>\u00c8 possibile ripristinare le impostazioni di fabbrica del dispositivo attraverso le impostazioni di sistema del dispositivo.<\/p>\t\t\t\t\t\t\t\t<\/div>\n\t\t\t\t<\/div>\n\t\t\t\t<div class=\"elementor-element elementor-element-283ced2 elementor-widget elementor-widget-heading\" data-id=\"283ced2\" data-element_type=\"widget\" data-widget_type=\"heading.default\">\n\t\t\t\t<div class=\"elementor-widget-container\">\n\t\t\t\t\t<h4 class=\"elementor-heading-title elementor-size-default\">Come trasferire i dati degli utenti oltre confine<\/h4>\t\t\t\t<\/div>\n\t\t\t\t<\/div>\n\t\t\t\t<div class=\"elementor-element elementor-element-5defc7f elementor-widget elementor-widget-text-editor\" data-id=\"5defc7f\" data-element_type=\"widget\" data-widget_type=\"text-editor.default\">\n\t\t\t\t<div class=\"elementor-widget-container\">\n\t\t\t\t\t\t\t\t\t<p>In quanto azienda globale, i dati dell'utente raccolti da Foredge possono essere archiviati nel paese\/regione in cui l'utente utilizza i nostri prodotti e servizi, o dove Foredge o le sue affiliate, filiali, fornitori di servizi o partner commerciali esistono. paese\/regione per l'elaborazione o l'accesso. Queste giurisdizioni possono avere leggi diverse sulla protezione dei dati.<br \/>In tali casi, Foredge adotter\u00e0 misure per garantire che i dati siano trattati in conformit\u00e0 con i requisiti della presente Informativa e della legge applicabile, anche quando i dati utente dell'interessato sono trasferiti dall'UE a un paese o a una regione con un livello di protezione dei dati non riconosciuto dalla Commissione Europea. Possiamo utilizzare diversi meccanismi legali, come la sottoscrizione di clausole contrattuali standard approvate dalla Commissione Europea, l'ottenimento del consenso degli interessati nell'UE per i trasferimenti transfrontalieri, l'anonimizzazione dei dati dell'utente prima dei trasferimenti transfrontalieri e altre misure di sicurezza.<\/p>\t\t\t\t\t\t\t\t<\/div>\n\t\t\t\t<\/div>\n\t\t\t\t<div class=\"elementor-element elementor-element-69a71ff elementor-widget elementor-widget-heading\" data-id=\"69a71ff\" data-element_type=\"widget\" data-widget_type=\"heading.default\">\n\t\t\t\t<div class=\"elementor-widget-container\">\n\t\t\t\t\t<h4 class=\"elementor-heading-title elementor-size-default\">Come viene aggiornata questa dichiarazione<\/h4>\t\t\t\t<\/div>\n\t\t\t\t<\/div>\n\t\t\t\t<div class=\"elementor-element elementor-element-a8e9fd8 elementor-widget elementor-widget-text-editor\" data-id=\"a8e9fd8\" data-element_type=\"widget\" data-widget_type=\"text-editor.default\">\n\t\t\t\t<div class=\"elementor-widget-container\">\n\t\t\t\t\t\t\t\t\t<p>Foredge si riserva il diritto di aggiornare o modificare questa dichiarazione in qualsiasi momento. In caso di modifiche, pubblicheremo l'ultima informativa sulla privacy su questa pagina. In caso di modifiche sostanziali alla presente informativa sulla privacy, potremo informarvi attraverso diversi canali.<\/p>\t\t\t\t\t\t\t\t<\/div>\n\t\t\t\t<\/div>\n\t\t\t\t\t<\/div>\n\t\t\t\t<\/div>\n\t\t\t\t\t<\/div>\n\t\t\t\t<\/div>\n\t\t\t\t<\/div>","protected":false},"excerpt":{"rendered":"<p>Foredge User Data Security Protection Statement This statement may not cover all possible user data processing scenarios. Statements involving user data processing in specific scenarios may be provided by Foredge in a supplementary statement or before collecting user data. We collect and use user data User data refers to information that can identify a specific user when used alone or in combination with other information. After reading and agreeing to this statement, user data will be collected when using our products or services to provide you with quality services. We may also use your User Data to conduct internal audits, data analysis and research, and to improve our products and services. User data protection Foredge will not access any user data without the user&#8217;s authorization and consent, and has taken practical technical security and organizational measures:Users have the right to grant and close personally identifiable sensitive information (such as email address, mobile phone number, etc.). This information is protected by the AES-256 encryption algorithm* and stored in the ASW CLOUD data center through a multi-layer data security protection mechanism to ensure user privacy and Data Security.Our servers only identify switch-related device and application information when providing services. We do not access any user data during this process.*AES-256 encryption algorithm is currently recognized as the most secure symmetric encryption algorithm. Its key length is 256 bits and is widely used to protect sensitive data such as financial transactions and medical records. Data storage security Supports storing passwords and using AES256 encryption. When the encryption function is turned on, only the user has the permission to access the onboard storage data, and Foredge cannot obtain the password.Data can be erased on requestWe offer ways to clear data and delete accounts, which will delete any data generated while using the device:You can delete your account through the Foredge Explorer application and delete all data associated with the account as well as the logs and cache of the application itself.After the account is deleted, logs and other information on the server will be automatically deleted.You can restore your device&#8217;s factory settings through the system settings on your device. How to transfer user data across borders As a global company, your user data collected by Foredge may be stored in the country\/region where you use our products and services, or where Foredge or its affiliates, subsidiaries, service providers or business partners exist. country\/region for processing or access. These jurisdictions may have different data protection laws.In such cases, Foredge will take steps to ensure that the data is processed in accordance with the requirements of this Statement and applicable law, including when the data subject&#8217;s user data is transferred from the EU to a country or region that has a level of data protection that has not been recognized by the European Commission. We may use various legal mechanisms, such as signing standard contractual clauses approved by the European Commission, obtaining consent from data subjects in the EU for cross-border transfers, anonymizing user data before cross-border transfers and other security measures. How this statement is updated Foredge reserves the right to update or change this statement at any time. If there are any changes, we will post the latest privacy statement on this page. If there are major changes to this privacy statement, we may notify you through different channels.<\/p>","protected":false},"author":1,"featured_media":0,"parent":0,"menu_order":0,"comment_status":"closed","ping_status":"closed","template":"","meta":{"footnotes":""},"class_list":["post-28543","page","type-page","status-publish","hentry","post-no-thumbnail"],"_links":{"self":[{"href":"https:\/\/foredgetech.com\/it\/wp-json\/wp\/v2\/pages\/28543","targetHints":{"allow":["GET"]}}],"collection":[{"href":"https:\/\/foredgetech.com\/it\/wp-json\/wp\/v2\/pages"}],"about":[{"href":"https:\/\/foredgetech.com\/it\/wp-json\/wp\/v2\/types\/page"}],"author":[{"embeddable":true,"href":"https:\/\/foredgetech.com\/it\/wp-json\/wp\/v2\/users\/1"}],"replies":[{"embeddable":true,"href":"https:\/\/foredgetech.com\/it\/wp-json\/wp\/v2\/comments?post=28543"}],"version-history":[{"count":0,"href":"https:\/\/foredgetech.com\/it\/wp-json\/wp\/v2\/pages\/28543\/revisions"}],"wp:attachment":[{"href":"https:\/\/foredgetech.com\/it\/wp-json\/wp\/v2\/media?parent=28543"}],"curies":[{"name":"wp","href":"https:\/\/api.w.org\/{rel}","templated":true}]}}