{"id":21952,"date":"2023-12-13T03:43:33","date_gmt":"2023-12-13T03:43:33","guid":{"rendered":"https:\/\/foredgetech.com\/?page_id=21952"},"modified":"2023-12-22T09:52:28","modified_gmt":"2023-12-22T09:52:28","slug":"hpe","status":"publish","type":"page","link":"https:\/\/foredgetech.com\/it\/hpe\/","title":{"rendered":"HPE"},"content":{"rendered":"<div data-elementor-type=\"wp-page\" data-elementor-id=\"21952\" class=\"elementor elementor-21952\">\n\t\t\t\t<div class=\"elementor-element elementor-element-f5b8ba4 e-flex e-con-boxed e-con e-parent\" data-id=\"f5b8ba4\" data-element_type=\"container\">\n\t\t\t\t\t<div class=\"e-con-inner\">\n\t\t<div class=\"elementor-element elementor-element-bbb6a83 e-con-full e-flex e-con e-child\" data-id=\"bbb6a83\" data-element_type=\"container\">\n\t\t<div class=\"elementor-element elementor-element-faaf48b e-con-full e-flex e-con e-child\" data-id=\"faaf48b\" data-element_type=\"container\">\n\t\t<div class=\"elementor-element elementor-element-48cfd34 e-con-full e-flex e-con e-child\" data-id=\"48cfd34\" data-element_type=\"container\">\n\t\t\t\t<div class=\"elementor-element elementor-element-274957b elementor-widget elementor-widget-tm-button\" data-id=\"274957b\" data-element_type=\"widget\" data-widget_type=\"tm-button.default\">\n\t\t\t\t<div class=\"elementor-widget-container\">\n\t\t\t\t\t\t\t<a href=\"#\" class=\"tm-button-link tm-button style-flat tm-button-nm icon-left\" role=\"button\">\n\n\t\t\t\t\t<div class=\"button-content-wrapper\">\n\t\t\t\t\t\t\t<div class=\"button-icon\">\n\t\t\t\t\t\t\t<div class=\"minimog-icon icon minimog-solid-icon\">\n\t\t\t<svg aria-hidden=\"true\" class=\"e-font-icon-svg e-fas-video\" viewbox=\"0 0 576 512\" xmlns=\"http:\/\/www.w3.org\/2000\/svg\"><path d=\"M336.2 64H47.8C21.4 64 0 85.4 0 111.8v288.4C0 426.6 21.4 448 47.8 448h288.4c26.4 0 47.8-21.4 47.8-47.8V111.8c0-26.4-21.4-47.8-47.8-47.8zm189.4 37.7L416 177.3v157.4l109.6 75.5c21.2 14.6 50.4-.3 50.4-25.8V127.5c0-25.4-29.1-40.4-50.4-25.8z\"><\/path><\/svg>\t\t<\/div>\n\t\t\t\t\t\t<\/div>\n\t\t\t\n\t\t\t\t\t<div class=\"button-text\">\n\t\t\t\n\t\t\tGuarda il video\n\t\t\t\n\t\t\t\t\t<\/div>\n\t\t\n\t\t\t\t\t<\/div>\n\t\t\n\t\t\t\t\t<\/a>\n\t\t\t\t\t\t<\/div>\n\t\t\t\t<\/div>\n\t\t\t\t<div class=\"elementor-element elementor-element-72ccc84 elementor-widget elementor-widget-text-editor\" data-id=\"72ccc84\" data-element_type=\"widget\" data-widget_type=\"text-editor.default\">\n\t\t\t\t<div class=\"elementor-widget-container\">\n\t\t\t\t\t\t\t\t\t<p>Volete completare il vostro cloud ibrido? HPE GreenLake \u00e8 un portafoglio di soluzioni cloud e as-a-service che aiuta a semplificare e accelerare il business. Offre un'esperienza cloud ovunque vi siano applicazioni e dati: edge, data center, colos e cloud pubblici. Disponibile su un\u00a0<span class=\"hpe-note-wrapper\">a consumo,<\/span>HPE GreenLake funziona su una piattaforma edge-to-cloud aperta e pi\u00f9 sicura, con la flessibilit\u00e0 necessaria per aprire nuove opportunit\u00e0.\u00a0\u00a0<\/p><p>Volete far lavorare l'IA per voi? HPE GreenLake vi offre l'accesso al supercomputing per alimentare l'IA su scala.<\/p>\t\t\t\t\t\t\t\t<\/div>\n\t\t\t\t<\/div>\n\t\t\t\t<\/div>\n\t\t\t\t<\/div>\n\t\t<div class=\"elementor-element elementor-element-096d262 e-con-full e-flex e-con e-child\" data-id=\"096d262\" data-element_type=\"container\">\n\t\t<div class=\"elementor-element elementor-element-393f0de e-con-full e-flex e-con e-child\" data-id=\"393f0de\" data-element_type=\"container\" data-settings=\"{&quot;background_background&quot;:&quot;classic&quot;,&quot;position&quot;:&quot;absolute&quot;}\">\n\t\t<div class=\"elementor-element elementor-element-9759c23 e-flex e-con-boxed e-con e-child\" data-id=\"9759c23\" data-element_type=\"container\">\n\t\t\t\t\t<div class=\"e-con-inner\">\n\t\t\t\t<div class=\"elementor-element elementor-element-f83944e minimog-popup-video--button-effect-wave-pulse elementor-widget elementor-widget-tm-popup-video\" data-id=\"f83944e\" data-element_type=\"widget\" data-widget_type=\"tm-popup-video.default\">\n\t\t\t\t<div class=\"elementor-widget-container\">\n\t\t\t\t\t\t\t<div class=\"tm-popup-video type-poster tm-popup-video-icon-play\">\n\t\t\t<a class=\"video-link minimog-box link-secret\" href=\"https:\/\/www.youtube.com\/watch?v=jhyYKVkD1nA\">\n\t\t\t\t\t\t\t\t\t\t\t<div class=\"video-poster\">\n\t\t\t<div class=\"minimog-image\">\n\t\t\t\t<m-image class=\"minimog-lazy-image\" style=\"--lazy-image-width: 910px;--lazy-image-height: 61.538461538462%;\" data-image-loading><img decoding=\"async\"  data-src=\"https:\/\/foredgetech.com\/wp-content\/uploads\/2023\/12\/7b12cf1f18084560ada8d8fb0e503ce9.jpg\" width=\"910\" height=\"560\" alt=\"7b12cf1f18084560ada8d8fb0e503ce9\" class=\"attachment-full size-full lazyload\" src=\"data:image\/svg+xml;base64,PHN2ZyB3aWR0aD0iMSIgaGVpZ2h0PSIxIiB4bWxucz0iaHR0cDovL3d3dy53My5vcmcvMjAwMC9zdmciPjwvc3ZnPg==\" style=\"--smush-placeholder-width: 910px; --smush-placeholder-aspect-ratio: 910\/560;\" \/><\/m-image>\t\t\t<\/div>\n\n\t\t\t<div class=\"video-overlay\"><\/div>\n\n\t\t\t\t\t<div class=\"video-button\">\n\t\t\t\t\t\t\t<div class=\"video-button-play\">\n\t\t\t\t\t\t\t\t\t<div class=\"video-button-mask video-mask-wave-pulse\"><\/div>\n\t\t\t\t\t\t\t\t\t<div class=\"video-play video-play-icon\">\n\t\t\t\t\t\t<span class=\"icon\"><\/span>\n\t\t\t\t\t<\/div>\n\t\t\t\t<\/div>\n\t\t\t\n\t\t\t\t\t<\/div>\n\t\t\t\t<\/div>\n\n\t\t\t\t\t\t\t\t\t\t\t<\/a>\n\n\t\t\t\t\t<\/div>\n\t\t\t\t\t\t<\/div>\n\t\t\t\t<\/div>\n\t\t\t\t\t<\/div>\n\t\t\t\t<\/div>\n\t\t\t\t<\/div>\n\t\t\t\t<\/div>\n\t\t\t\t<\/div>\n\t\t\t\t\t<\/div>\n\t\t\t\t<\/div>\n\t\t<div class=\"elementor-element elementor-element-37c63de e-flex e-con-boxed e-con e-parent\" data-id=\"37c63de\" data-element_type=\"container\">\n\t\t\t\t\t<div class=\"e-con-inner\">\n\t\t<div class=\"elementor-element elementor-element-af6907c e-con-full e-flex e-con e-child\" data-id=\"af6907c\" data-element_type=\"container\" data-settings=\"{&quot;background_background&quot;:&quot;gradient&quot;}\">\n\t\t<div class=\"elementor-element elementor-element-d46fa18 e-con-full e-flex e-con e-child\" data-id=\"d46fa18\" data-element_type=\"container\">\n\t\t\t\t<div class=\"elementor-element elementor-element-c775a8c elementor-widget elementor-widget-image\" data-id=\"c775a8c\" data-element_type=\"widget\" data-widget_type=\"image.default\">\n\t\t\t\t<div class=\"elementor-widget-container\">\n\t\t\t\t\t\t\t\t\t\t\t\t\t\t\t<img fetchpriority=\"high\" decoding=\"async\" width=\"480\" height=\"399\" src=\"https:\/\/foredgetech.com\/wp-content\/uploads\/2023\/12\/91be76ba8db74b7094553e89a5918315-e1702029790423.png\" class=\"attachment-1536x1536 size-1536x1536 wp-image-21556\" alt=\"\" srcset=\"https:\/\/foredgetech.com\/wp-content\/uploads\/2023\/12\/91be76ba8db74b7094553e89a5918315-e1702029790423.png 480w, https:\/\/foredgetech.com\/wp-content\/uploads\/2023\/12\/91be76ba8db74b7094553e89a5918315-e1702029790423-150x125.png 150w, https:\/\/foredgetech.com\/wp-content\/uploads\/2023\/12\/91be76ba8db74b7094553e89a5918315-e1702029790423-300x249.png 300w\" sizes=\"(max-width: 480px) 100vw, 480px\" \/>\t\t\t\t\t\t\t\t\t\t\t\t\t\t\t<\/div>\n\t\t\t\t<\/div>\n\t\t\t\t<\/div>\n\t\t<div class=\"elementor-element elementor-element-de41744 e-con-full e-flex e-con e-child\" data-id=\"de41744\" data-element_type=\"container\">\n\t\t\t\t<div class=\"elementor-element elementor-element-50322ba elementor-widget elementor-widget-tm-heading\" data-id=\"50322ba\" data-element_type=\"widget\" data-widget_type=\"tm-heading.default\">\n\t\t\t\t<div class=\"elementor-widget-container\">\n\t\t\t\t\t\t\t<div class=\"tm-modern-heading tm-modern-heading--style-01 tm-modern-heading--highlight-style-01\">\n\t\t\t\n\t\t\t\t\t<div class=\"heading-primary-wrap\">\n\t\t\t<h2 class=\"heading-primary elementor-heading-title\">Rapporto di ricerca: Dal cloud ibrido per caso al cloud ibrido per progetto<\/h2>\t\t<\/div>\n\t\t\n\t\t\t\n\t\t\t\t\t<div class=\"heading-description-wrap\">\n\t\t\t<div class=\"heading-description\">\n\t\t\t\t<div class=\"typo5 text-only text-only--989584352\" data-uid=\"-989584352\"><div class=\"txto-description rich-text-container\"><p>Secondo il nostro report, 62% dei leader IT che utilizzano il cloud ibrido affermano che il loro modello sar\u00e0 diverso tra cinque anni.<br \/>\u00a0<br \/>Scoprite come sbloccare nuove opportunit\u00e0 sfruttando il cloud ibrido.<\/p><\/div><\/div><div class=\"an-cta\"><a class=\"cta typo5 btn-typo4 rounded primary green standard\" href=\"https:\/\/paths.ext.hpe.com\/r\/a50008084?cc=us&amp;utm_campaign=glk&amp;utm_medium=com-awa&amp;lang=en&amp;utm_content=market-research-reports&amp;utm_source=or&amp;lb-mode=overlay&amp;lb-height=100&amp;lb-width=100\" target=\"_self\" data-analytics-region-id=\"announcement_1|button_1_click\"><span class=\"text\">Scarica il rapporto completo<\/span><\/a><a class=\"cta typo5 btn-typo4 rounded primary grey green-icon standard\" href=\"https:\/\/paths.ext.hpe.com\/r\/a50008085?cc=us&amp;utm_campaign=glk&amp;utm_medium=com-awa&amp;lang=en&amp;utm_content=executive-brief&amp;utm_source=or&amp;lb-mode=overlay&amp;lb-height=100&amp;lb-width=100\" target=\"_self\" data-analytics-region-id=\"announcement_1|button_2_click\"><span class=\"text\">Leggi la relazione di sintesi<\/span><\/a><\/div>\t\t\t<\/div>\n\t\t<\/div>\n\t\t\t\t<\/div>\n\t\t\t\t\t\t<\/div>\n\t\t\t\t<\/div>\n\t\t\t\t<div class=\"elementor-element elementor-element-5c99f0a elementor-widget elementor-widget-tm-button\" data-id=\"5c99f0a\" data-element_type=\"widget\" data-widget_type=\"tm-button.default\">\n\t\t\t\t<div class=\"elementor-widget-container\">\n\t\t\t\t\t\t\t<a href=\"#\" class=\"tm-button-link tm-button style-flat tm-button-nm icon-left\" role=\"button\">\n\n\t\t\t\t\t<div class=\"button-content-wrapper\">\n\t\t\t\t\t\t\t<div class=\"button-icon\">\n\t\t\t\t\t\t\t<div class=\"minimog-icon icon minimog-solid-icon\">\n\t\t\t<svg aria-hidden=\"true\" class=\"e-font-icon-svg e-far-address-book\" viewbox=\"0 0 448 512\" xmlns=\"http:\/\/www.w3.org\/2000\/svg\"><path d=\"M436 160c6.6 0 12-5.4 12-12v-40c0-6.6-5.4-12-12-12h-20V48c0-26.5-21.5-48-48-48H48C21.5 0 0 21.5 0 48v416c0 26.5 21.5 48 48 48h320c26.5 0 48-21.5 48-48v-48h20c6.6 0 12-5.4 12-12v-40c0-6.6-5.4-12-12-12h-20v-64h20c6.6 0 12-5.4 12-12v-40c0-6.6-5.4-12-12-12h-20v-64h20zm-68 304H48V48h320v416zM208 256c35.3 0 64-28.7 64-64s-28.7-64-64-64-64 28.7-64 64 28.7 64 64 64zm-89.6 128h179.2c12.4 0 22.4-8.6 22.4-19.2v-19.2c0-31.8-30.1-57.6-67.2-57.6-10.8 0-18.7 8-44.8 8-26.9 0-33.4-8-44.8-8-37.1 0-67.2 25.8-67.2 57.6v19.2c0 10.6 10 19.2 22.4 19.2z\"><\/path><\/svg>\t\t<\/div>\n\t\t\t\t\t\t<\/div>\n\t\t\t\n\t\t\t\t\t<div class=\"button-text\">\n\t\t\t\n\t\t\tScarica il rapporto completo\n\t\t\t\n\t\t\t\t\t<\/div>\n\t\t\n\t\t\t\t\t<\/div>\n\t\t\n\t\t\t\t\t<\/a>\n\t\t\t\t\t\t<\/div>\n\t\t\t\t<\/div>\n\t\t\t\t<\/div>\n\t\t\t\t<\/div>\n\t\t\t\t\t<\/div>\n\t\t\t\t<\/div>\n\t\t<div class=\"elementor-element elementor-element-3457efe e-flex e-con-boxed e-con e-parent\" data-id=\"3457efe\" data-element_type=\"container\">\n\t\t\t\t\t<div class=\"e-con-inner\">\n\t\t<div class=\"elementor-element elementor-element-7874068 e-con-full e-flex e-con e-child\" data-id=\"7874068\" data-element_type=\"container\">\n\t\t\t\t<div class=\"elementor-element elementor-element-2b11b91 elementor-widget elementor-widget-tm-modern-image\" data-id=\"2b11b91\" data-element_type=\"widget\" data-widget_type=\"tm-modern-image.default\">\n\t\t\t\t<div class=\"elementor-widget-container\">\n\t\t\t\t\t\t\t<div class=\"tm-modern-image\">\n\t\t\t\t\t\t\t<div class=\"minimog-box\">\n\t\t\t\t\t<div class=\"minimog-image\">\t\t\t\t\t<m-image class=\"minimog-lazy-image\" style=\"--lazy-image-width: 640px;--lazy-image-height: 56.25%;\" data-image-loading><img decoding=\"async\"  data-src=\"https:\/\/foredgetech.com\/wp-content\/uploads\/2023\/12\/image-1024x576.webp\" width=\"640\" height=\"360\" alt=\"image\" class=\"attachment-large size-large lazyload\" src=\"data:image\/svg+xml;base64,PHN2ZyB3aWR0aD0iMSIgaGVpZ2h0PSIxIiB4bWxucz0iaHR0cDovL3d3dy53My5vcmcvMjAwMC9zdmciPjwvc3ZnPg==\" style=\"--smush-placeholder-width: 640px; --smush-placeholder-aspect-ratio: 640\/360;\" \/><\/m-image>\t\t\t\t\t<\/div>\t\t\t\t<\/div>\n\t\t\t\t\t\t\t\t\t\t<\/div>\n\t\t\t\t\t\t<\/div>\n\t\t\t\t<\/div>\n\t\t\t\t<\/div>\n\t\t<div class=\"elementor-element elementor-element-953301e e-con-full e-flex e-con e-child\" data-id=\"953301e\" data-element_type=\"container\">\n\t\t\t\t<\/div>\n\t\t<div class=\"elementor-element elementor-element-8f275a2 e-con-full e-flex e-con e-child\" data-id=\"8f275a2\" data-element_type=\"container\">\n\t\t<div class=\"elementor-element elementor-element-a137281 e-con-full e-flex e-con e-child\" data-id=\"a137281\" data-element_type=\"container\">\n\t\t\t\t<div class=\"elementor-element elementor-element-c5eed72 elementor-widget elementor-widget-text-editor\" data-id=\"c5eed72\" data-element_type=\"widget\" data-widget_type=\"text-editor.default\">\n\t\t\t\t<div class=\"elementor-widget-container\">\n\t\t\t\t\t\t\t\t\t<p>La vita ai margini produce volumi di dati sempre maggiori. Come collegare in modo sicuro i dati ovunque si trovino e trasformarli in intelligenza? \u00c8 necessario l'edge to cloud.<\/p>\t\t\t\t\t\t\t\t<\/div>\n\t\t\t\t<\/div>\n\t\t\t\t<\/div>\n\t\t\t\t<div class=\"elementor-element elementor-element-da1ab3b elementor-widget-divider--view-line elementor-widget elementor-widget-divider\" data-id=\"da1ab3b\" data-element_type=\"widget\" data-widget_type=\"divider.default\">\n\t\t\t\t<div class=\"elementor-widget-container\">\n\t\t\t\t\t\t\t<div class=\"elementor-divider\">\n\t\t\t<span class=\"elementor-divider-separator\">\n\t\t\t\t\t\t<\/span>\n\t\t<\/div>\n\t\t\t\t\t\t<\/div>\n\t\t\t\t<\/div>\n\t\t<div class=\"elementor-element elementor-element-382cc50 e-con-full e-flex e-con e-child\" data-id=\"382cc50\" data-element_type=\"container\">\n\t\t<div class=\"elementor-element elementor-element-b6fb3e8 e-con-full e-flex e-con e-child\" data-id=\"b6fb3e8\" data-element_type=\"container\">\n\t\t<div class=\"elementor-element elementor-element-c492a6b e-con-full e-flex e-con e-child\" data-id=\"c492a6b\" data-element_type=\"container\">\n\t\t<div class=\"elementor-element elementor-element-f74d39e e-con-full e-flex e-con e-child\" data-id=\"f74d39e\" data-element_type=\"container\">\n\t\t\t\t<div class=\"elementor-element elementor-element-a6ba4ae elementor-widget elementor-widget-tm-heading\" data-id=\"a6ba4ae\" data-element_type=\"widget\" data-widget_type=\"tm-heading.default\">\n\t\t\t\t<div class=\"elementor-widget-container\">\n\t\t\t\t\t\t\t<div class=\"tm-modern-heading tm-modern-heading--style-01 tm-modern-heading--highlight-style-01\">\n\t\t\t\n\t\t\t\t\t<div class=\"heading-primary-wrap\">\n\t\t\t<h2 class=\"heading-primary elementor-heading-title\">Che cos'\u00e8 l'edge to cloud?<\/h2>\t\t<\/div>\n\t\t\n\t\t\t\n\t\t\t\t\t<div class=\"heading-description-wrap\">\n\t\t\t<div class=\"heading-description\">\n\t\t\t\t<p>Cos\u00ec come lo streaming ha portato il teatro a voi e lo shopping online ha portato l'intero negozio a voi, scoprite come HPE GreenLake pu\u00f2 portare il cloud a voi.<\/p>\t\t\t<\/div>\n\t\t<\/div>\n\t\t\t\t<\/div>\n\t\t\t\t\t\t<\/div>\n\t\t\t\t<\/div>\n\t\t\t\t<\/div>\n\t\t\t\t<\/div>\n\t\t\t\t<\/div>\n\t\t<div class=\"elementor-element elementor-element-8ff45b8 e-con-full e-flex e-con e-child\" data-id=\"8ff45b8\" data-element_type=\"container\">\n\t\t<div class=\"elementor-element elementor-element-946beea e-con-full e-flex e-con e-child\" data-id=\"946beea\" data-element_type=\"container\">\n\t\t\t\t<\/div>\n\t\t\t\t<\/div>\n\t\t\t\t<\/div>\n\t\t\t\t<\/div>\n\t\t\t\t\t<\/div>\n\t\t\t\t<\/div>\n\t\t<div class=\"elementor-element elementor-element-7f7fbd7 e-flex e-con-boxed e-con e-parent\" data-id=\"7f7fbd7\" data-element_type=\"container\">\n\t\t\t\t\t<div class=\"e-con-inner\">\n\t\t<div class=\"elementor-element elementor-element-6bdcbda e-con-full e-flex e-con e-child\" data-id=\"6bdcbda\" data-element_type=\"container\">\n\t\t<div class=\"elementor-element elementor-element-956a587 e-con-full e-flex e-con e-child\" data-id=\"956a587\" data-element_type=\"container\" data-settings=\"{&quot;background_background&quot;:&quot;gradient&quot;}\">\n\t\t<div class=\"elementor-element elementor-element-61b2f22 e-con-full e-flex e-con e-child\" data-id=\"61b2f22\" data-element_type=\"container\">\n\t\t\t\t<div class=\"elementor-element elementor-element-8b7d4ca elementor-widget elementor-widget-tm-modern-image\" data-id=\"8b7d4ca\" data-element_type=\"widget\" data-widget_type=\"tm-modern-image.default\">\n\t\t\t\t<div class=\"elementor-widget-container\">\n\t\t\t\t\t\t\t<div class=\"tm-modern-image\">\n\t\t\t\t\t\t\t<div class=\"minimog-box\">\n\t\t\t\t\t<div class=\"minimog-image\">\t\t\t\t\t<m-image class=\"minimog-lazy-image\" style=\"--lazy-image-width: 640px;--lazy-image-height: 34.6875%;\" data-image-loading><img decoding=\"async\"  data-src=\"https:\/\/foredgetech.com\/wp-content\/uploads\/2023\/12\/image-1-1024x355.webp\" width=\"640\" height=\"222\" alt=\"image (1)\" class=\"attachment-large size-large lazyload\" src=\"data:image\/svg+xml;base64,PHN2ZyB3aWR0aD0iMSIgaGVpZ2h0PSIxIiB4bWxucz0iaHR0cDovL3d3dy53My5vcmcvMjAwMC9zdmciPjwvc3ZnPg==\" style=\"--smush-placeholder-width: 640px; --smush-placeholder-aspect-ratio: 640\/222;\" \/><\/m-image>\t\t\t\t\t<\/div>\t\t\t\t<\/div>\n\t\t\t\t\t\t\t\t\t\t<\/div>\n\t\t\t\t\t\t<\/div>\n\t\t\t\t<\/div>\n\t\t\t\t<\/div>\n\t\t<div class=\"elementor-element elementor-element-28c9616 e-con-full e-flex e-con e-child\" data-id=\"28c9616\" data-element_type=\"container\">\n\t\t\t\t<div class=\"elementor-element elementor-element-6a4c17a elementor-widget elementor-widget-tm-heading\" data-id=\"6a4c17a\" data-element_type=\"widget\" data-widget_type=\"tm-heading.default\">\n\t\t\t\t<div class=\"elementor-widget-container\">\n\t\t\t\t\t\t\t<div class=\"tm-modern-heading tm-modern-heading--style-01 tm-modern-heading--highlight-style-01\">\n\t\t\t\n\t\t\t\t\t<div class=\"heading-primary-wrap\">\n\t\t\t<h2 class=\"heading-primary elementor-heading-title\">Trova un partner<\/h2>\t\t<\/div>\n\t\t\n\t\t\t\n\t\t\t\t\t<div class=\"heading-description-wrap\">\n\t\t\t<div class=\"heading-description\">\n\t\t\t\t<p>Collegatevi con i partner HPE di fiducia che vendono, gestiscono, integrano<\/p>\t\t\t<\/div>\n\t\t<\/div>\n\t\t\t\t<\/div>\n\t\t\t\t\t\t<\/div>\n\t\t\t\t<\/div>\n\t\t\t\t<div class=\"elementor-element elementor-element-1ef128b elementor-widget elementor-widget-tm-button\" data-id=\"1ef128b\" data-element_type=\"widget\" data-widget_type=\"tm-button.default\">\n\t\t\t\t<div class=\"elementor-widget-container\">\n\t\t\t\t\t\t\t<a href=\"#\" class=\"tm-button-link tm-button style-flat tm-button-nm\" role=\"button\">\n\n\t\t\t\t\t<div class=\"button-content-wrapper\">\n\t\t\t\n\t\t\t\t\t<div class=\"button-text\">\n\t\t\t\n\t\t\tEsplora i partner\n\t\t\t\n\t\t\t\t\t<\/div>\n\t\t\n\t\t\t\t\t<\/div>\n\t\t\n\t\t\t\t\t<\/a>\n\t\t\t\t\t\t<\/div>\n\t\t\t\t<\/div>\n\t\t\t\t<\/div>\n\t\t\t\t<\/div>\n\t\t<div class=\"elementor-element elementor-element-65bf024 e-con-full e-flex e-con e-child\" data-id=\"65bf024\" data-element_type=\"container\" data-settings=\"{&quot;background_background&quot;:&quot;gradient&quot;}\">\n\t\t<div class=\"elementor-element elementor-element-07912dc e-con-full e-flex e-con e-child\" data-id=\"07912dc\" data-element_type=\"container\">\n\t\t\t\t<div class=\"elementor-element elementor-element-4352204 elementor-widget elementor-widget-tm-modern-image\" data-id=\"4352204\" data-element_type=\"widget\" data-widget_type=\"tm-modern-image.default\">\n\t\t\t\t<div class=\"elementor-widget-container\">\n\t\t\t\t\t\t\t<div class=\"tm-modern-image\">\n\t\t\t\t\t\t\t<div class=\"minimog-box\">\n\t\t\t\t\t<div class=\"minimog-image\">\t\t\t\t\t<m-image class=\"minimog-lazy-image\" style=\"--lazy-image-width: 640px;--lazy-image-height: 34.6875%;\" data-image-loading><img decoding=\"async\"  data-src=\"https:\/\/foredgetech.com\/wp-content\/uploads\/2023\/12\/image-1-1024x355.webp\" width=\"640\" height=\"222\" alt=\"image (1)\" class=\"attachment-large size-large lazyload\" src=\"data:image\/svg+xml;base64,PHN2ZyB3aWR0aD0iMSIgaGVpZ2h0PSIxIiB4bWxucz0iaHR0cDovL3d3dy53My5vcmcvMjAwMC9zdmciPjwvc3ZnPg==\" style=\"--smush-placeholder-width: 640px; --smush-placeholder-aspect-ratio: 640\/222;\" \/><\/m-image>\t\t\t\t\t<\/div>\t\t\t\t<\/div>\n\t\t\t\t\t\t\t\t\t\t<\/div>\n\t\t\t\t\t\t<\/div>\n\t\t\t\t<\/div>\n\t\t\t\t<\/div>\n\t\t<div class=\"elementor-element elementor-element-89e3399 e-con-full e-flex e-con e-child\" data-id=\"89e3399\" data-element_type=\"container\">\n\t\t\t\t<div class=\"elementor-element elementor-element-14705bb elementor-widget elementor-widget-tm-heading\" data-id=\"14705bb\" data-element_type=\"widget\" data-widget_type=\"tm-heading.default\">\n\t\t\t\t<div class=\"elementor-widget-container\">\n\t\t\t\t\t\t\t<div class=\"tm-modern-heading tm-modern-heading--style-01 tm-modern-heading--highlight-style-01\">\n\t\t\t\n\t\t\t\t\t<div class=\"heading-primary-wrap\">\n\t\t\t<h2 class=\"heading-primary elementor-heading-title\">Trova un partner<\/h2>\t\t<\/div>\n\t\t\n\t\t\t\n\t\t\t\t\t<div class=\"heading-description-wrap\">\n\t\t\t<div class=\"heading-description\">\n\t\t\t\t<p>Collegatevi con i partner HPE di fiducia che vendono, gestiscono, integrano<\/p>\t\t\t<\/div>\n\t\t<\/div>\n\t\t\t\t<\/div>\n\t\t\t\t\t\t<\/div>\n\t\t\t\t<\/div>\n\t\t\t\t<div class=\"elementor-element elementor-element-84726c3 elementor-widget elementor-widget-tm-button\" data-id=\"84726c3\" data-element_type=\"widget\" data-widget_type=\"tm-button.default\">\n\t\t\t\t<div class=\"elementor-widget-container\">\n\t\t\t\t\t\t\t<a href=\"#\" class=\"tm-button-link tm-button style-flat tm-button-nm\" role=\"button\">\n\n\t\t\t\t\t<div class=\"button-content-wrapper\">\n\t\t\t\n\t\t\t\t\t<div class=\"button-text\">\n\t\t\t\n\t\t\tEsplora i partner\n\t\t\t\n\t\t\t\t\t<\/div>\n\t\t\n\t\t\t\t\t<\/div>\n\t\t\n\t\t\t\t\t<\/a>\n\t\t\t\t\t\t<\/div>\n\t\t\t\t<\/div>\n\t\t\t\t<\/div>\n\t\t\t\t<\/div>\n\t\t\t\t<\/div>\n\t\t\t\t\t<\/div>\n\t\t\t\t<\/div>\n\t\t\t\t<\/div>","protected":false},"excerpt":{"rendered":"<p>Watch the video Looking to complete your hybrid cloud? HPE GreenLake is a portfolio of cloud and as-a-service solutions that helps simplify and accelerate your business. It delivers a cloud experience wherever your apps and data live \u2013 edge, data center, colos, and public clouds. Available on a\u00a0pay-as-you-go\u00a0basis,HPE GreenLake runs on an open and more secure edge-to-cloud platform with the flexibility you need to open up new opportunities.\u00a0\u00a0 Looking to make AI work for you? HPE GreenLake gives you supercomputing access to power AI at scale. Research report: From hybrid cloud by accident to hybrid cloud by design According to our report, 62% of IT leaders who are hybrid cloud users say their model will be different five years from now.\u00a0Get insights on how you can unlock new opportunities by leveraging hybrid cloud. Download the full reportRead the summary report Download the full report Life at the edge is producing ever increasing volumes of data. How do you securely connect\u00a0your data wherever it lives and turn it into intelligence? You need edge to cloud. What is edge to cloud? Just as streaming brought the theater to you, and online shopping brought the entire store to you, discover how HPE GreenLake can bring the cloud to you. Find a Partner Connect with trusted HPE partners who sell, manage, integrate Explore Partners Find a Partner Connect with trusted HPE partners who sell, manage, integrate Explore Partners<\/p>","protected":false},"author":1,"featured_media":0,"parent":0,"menu_order":0,"comment_status":"closed","ping_status":"closed","template":"","meta":{"footnotes":""},"class_list":["post-21952","page","type-page","status-publish","hentry","post-no-thumbnail"],"_links":{"self":[{"href":"https:\/\/foredgetech.com\/it\/wp-json\/wp\/v2\/pages\/21952","targetHints":{"allow":["GET"]}}],"collection":[{"href":"https:\/\/foredgetech.com\/it\/wp-json\/wp\/v2\/pages"}],"about":[{"href":"https:\/\/foredgetech.com\/it\/wp-json\/wp\/v2\/types\/page"}],"author":[{"embeddable":true,"href":"https:\/\/foredgetech.com\/it\/wp-json\/wp\/v2\/users\/1"}],"replies":[{"embeddable":true,"href":"https:\/\/foredgetech.com\/it\/wp-json\/wp\/v2\/comments?post=21952"}],"version-history":[{"count":0,"href":"https:\/\/foredgetech.com\/it\/wp-json\/wp\/v2\/pages\/21952\/revisions"}],"wp:attachment":[{"href":"https:\/\/foredgetech.com\/it\/wp-json\/wp\/v2\/media?parent=21952"}],"curies":[{"name":"wp","href":"https:\/\/api.w.org\/{rel}","templated":true}]}}