{"id":34630,"date":"2026-02-04T09:23:06","date_gmt":"2026-02-04T09:23:06","guid":{"rendered":"https:\/\/foredgetech.com\/?post_type=product&#038;p=34630"},"modified":"2026-02-04T09:25:12","modified_gmt":"2026-02-04T09:25:12","slug":"ai1016gc-16-port-gigabit-easy-smart-poe-switch","status":"publish","type":"product","link":"https:\/\/foredgetech.com\/fr\/produit\/ai1016gc-16-port-gigabit-easy-smart-poe-switch\/","title":{"rendered":"AI1016GC 16 Port Gigabit Easy Smart PoE Switch"},"content":{"rendered":"<div data-elementor-type=\"wp-post\" data-elementor-id=\"34630\" class=\"elementor elementor-34630\">\n\t\t\t\t\t\t<section class=\"elementor-section elementor-top-section elementor-element elementor-element-5058e617 elementor-section-full_width elementor-section-gap-beside-no elementor-section-height-default elementor-section-height-default elementor-section-column-vertical-align-stretch\" data-id=\"5058e617\" data-element_type=\"section\">\n\t\t\t\t\t\t<div class=\"elementor-container elementor-column-gap-extended\">\n\t\t\t\t\t<div class=\"elementor-column elementor-col-33 elementor-top-column elementor-element elementor-element-f61c77a\" data-id=\"f61c77a\" data-element_type=\"column\">\n\t\t\t<div class=\"elementor-widget-wrap elementor-element-populated\">\n\t\t\t\t\t\t<div class=\"elementor-element elementor-element-12229f05 elementor-widget elementor-widget-tm-modern-image\" data-id=\"12229f05\" data-element_type=\"widget\" data-widget_type=\"tm-modern-image.default\">\n\t\t\t\t<div class=\"elementor-widget-container\">\n\t\t\t\t\t\t\t<div class=\"tm-modern-image\">\n\t\t\t\t\t\t\t<div class=\"minimog-box\">\n\t\t\t\t\t<div class=\"minimog-image\">\t\t\t\t\t<m-image class=\"minimog-lazy-image\" style=\"--lazy-image-width: 300px;--lazy-image-height: 83.333333333333%;\" data-image-loading><img decoding=\"async\"  data-src=\"https:\/\/foredgetech.com\/wp-content\/uploads\/2024\/01\/AI1016GC.png\" width=\"300\" height=\"250\" alt=\"AI1016GC\" class=\"attachment-full size-full lazyload\" src=\"data:image\/svg+xml;base64,PHN2ZyB3aWR0aD0iMSIgaGVpZ2h0PSIxIiB4bWxucz0iaHR0cDovL3d3dy53My5vcmcvMjAwMC9zdmciPjwvc3ZnPg==\" style=\"--smush-placeholder-width: 300px; --smush-placeholder-aspect-ratio: 300\/250;\" \/><\/m-image>\t\t\t\t\t<\/div>\t\t\t\t<\/div>\n\t\t\t\t\t\t\t\t\t\t<\/div>\n\t\t\t\t\t\t<\/div>\n\t\t\t\t<\/div>\n\t\t\t\t\t<\/div>\n\t\t<\/div>\n\t\t\t\t<div class=\"elementor-column elementor-col-66 elementor-top-column elementor-element elementor-element-78bc78c2\" data-id=\"78bc78c2\" data-element_type=\"column\">\n\t\t\t<div class=\"elementor-widget-wrap elementor-element-populated\">\n\t\t\t\t\t\t<div class=\"elementor-element elementor-element-2052b071 elementor-widget elementor-widget-tm-heading\" data-id=\"2052b071\" data-element_type=\"widget\" data-widget_type=\"tm-heading.default\">\n\t\t\t\t<div class=\"elementor-widget-container\">\n\t\t\t\t\t\t\t<div class=\"tm-modern-heading tm-modern-heading--style-01 tm-modern-heading--highlight-style-01\">\n\t\t\t\n\t\t\t\t\t<div class=\"heading-primary-wrap\">\n\t\t\t<h4 class=\"heading-primary elementor-heading-title\">Vue d'ensemble<\/h4>\t\t<\/div>\n\t\t\n\t\t\t\n\t\t\t\t\t<\/div>\n\t\t\t\t\t\t<\/div>\n\t\t\t\t<\/div>\n\t\t\t\t<div class=\"elementor-element elementor-element-7c6ab884 elementor-widget elementor-widget-text-editor\" data-id=\"7c6ab884\" data-element_type=\"widget\" data-widget_type=\"text-editor.default\">\n\t\t\t\t<div class=\"elementor-widget-container\">\n\t\t\t\t\t\t\t\t\t<p>The product has 16 gigabit PoE ports and 2 gigabit SFP optical ports, which are suitable for network access and edge aggregation<\/p>\t\t\t\t\t\t\t\t<\/div>\n\t\t\t\t<\/div>\n\t\t\t\t<section class=\"elementor-section elementor-inner-section elementor-element elementor-element-2afe0aab elementor-section-gap-beside-no elementor-section-full_width elementor-section-height-default elementor-section-height-default elementor-section-column-vertical-align-stretch\" data-id=\"2afe0aab\" data-element_type=\"section\">\n\t\t\t\t\t\t<div class=\"elementor-container elementor-column-gap-extended\">\n\t\t\t\t\t<div class=\"elementor-column elementor-col-33 elementor-inner-column elementor-element elementor-element-7751e85f\" data-id=\"7751e85f\" data-element_type=\"column\">\n\t\t\t<div class=\"elementor-widget-wrap elementor-element-populated\">\n\t\t\t\t\t\t<div class=\"elementor-element elementor-element-d07ae98 elementor-widget elementor-widget-tm-heading\" data-id=\"d07ae98\" data-element_type=\"widget\" data-widget_type=\"tm-heading.default\">\n\t\t\t\t<div class=\"elementor-widget-container\">\n\t\t\t\t\t\t\t<div class=\"tm-modern-heading tm-modern-heading--style-01 tm-modern-heading--highlight-style-01\">\n\t\t\t\n\t\t\t\t\t<div class=\"heading-primary-wrap\">\n\t\t\t<h6 class=\"heading-primary elementor-heading-title\">Largeur de bande du fond de panier du commutateur<\/h6>\t\t<\/div>\n\t\t\n\t\t\t\n\t\t\t\t\t<div class=\"heading-description-wrap\">\n\t\t\t<div class=\"heading-description\">\n\t\t\t\t<p>36Gbps<\/p>\t\t\t<\/div>\n\t\t<\/div>\n\t\t\t\t<\/div>\n\t\t\t\t\t\t<\/div>\n\t\t\t\t<\/div>\n\t\t\t\t<div class=\"elementor-element elementor-element-7cf8fe9 elementor-widget elementor-widget-tm-heading\" data-id=\"7cf8fe9\" data-element_type=\"widget\" data-widget_type=\"tm-heading.default\">\n\t\t\t\t<div class=\"elementor-widget-container\">\n\t\t\t\t\t\t\t<div class=\"tm-modern-heading tm-modern-heading--style-01 tm-modern-heading--highlight-style-01\">\n\t\t\t\n\t\t\t\t\t<div class=\"heading-primary-wrap\">\n\t\t\t<h6 class=\"heading-primary elementor-heading-title\">Humidit\u00e9 de travail<\/h6>\t\t<\/div>\n\t\t\n\t\t\t\n\t\t\t\t\t<div class=\"heading-description-wrap\">\n\t\t\t<div class=\"heading-description\">\n\t\t\t\t<p>10% ~ 90% RH sans condensation<\/p>\t\t\t<\/div>\n\t\t<\/div>\n\t\t\t\t<\/div>\n\t\t\t\t\t\t<\/div>\n\t\t\t\t<\/div>\n\t\t\t\t\t<\/div>\n\t\t<\/div>\n\t\t\t\t<div class=\"elementor-column elementor-col-33 elementor-inner-column elementor-element elementor-element-c6e3a56\" data-id=\"c6e3a56\" data-element_type=\"column\">\n\t\t\t<div class=\"elementor-widget-wrap elementor-element-populated\">\n\t\t\t\t\t\t<div class=\"elementor-element elementor-element-44fb51c6 elementor-widget elementor-widget-tm-heading\" data-id=\"44fb51c6\" data-element_type=\"widget\" data-widget_type=\"tm-heading.default\">\n\t\t\t\t<div class=\"elementor-widget-container\">\n\t\t\t\t\t\t\t<div class=\"tm-modern-heading tm-modern-heading--style-01 tm-modern-heading--highlight-style-01\">\n\t\t\t\n\t\t\t\t\t<div class=\"heading-primary-wrap\">\n\t\t\t<h6 class=\"heading-primary elementor-heading-title\">Transfert de paquets<\/h6>\t\t<\/div>\n\t\t\n\t\t\t\n\t\t\t\t\t<div class=\"heading-description-wrap\">\n\t\t\t<div class=\"heading-description\">\n\t\t\t\t<p>26.8Mpps<\/p>\t\t\t<\/div>\n\t\t<\/div>\n\t\t\t\t<\/div>\n\t\t\t\t\t\t<\/div>\n\t\t\t\t<\/div>\n\t\t\t\t<div class=\"elementor-element elementor-element-2de3256a elementor-widget elementor-widget-tm-heading\" data-id=\"2de3256a\" data-element_type=\"widget\" data-widget_type=\"tm-heading.default\">\n\t\t\t\t<div class=\"elementor-widget-container\">\n\t\t\t\t\t\t\t<div class=\"tm-modern-heading tm-modern-heading--style-01 tm-modern-heading--highlight-style-01\">\n\t\t\t\n\t\t\t\t\t<div class=\"heading-primary-wrap\">\n\t\t\t<h6 class=\"heading-primary elementor-heading-title\">Dimensions (L \u00d7 P \u00d7 H)<\/h6>\t\t<\/div>\n\t\t\n\t\t\t\n\t\t\t\t\t<div class=\"heading-description-wrap\">\n\t\t\t<div class=\"heading-description\">\n\t\t\t\t<p>440mm*180mm*44mm<\/p>\t\t\t<\/div>\n\t\t<\/div>\n\t\t\t\t<\/div>\n\t\t\t\t\t\t<\/div>\n\t\t\t\t<\/div>\n\t\t\t\t<div class=\"elementor-element elementor-element-453d78ca elementor-widget elementor-widget-spacer\" data-id=\"453d78ca\" data-element_type=\"widget\" data-widget_type=\"spacer.default\">\n\t\t\t\t<div class=\"elementor-widget-container\">\n\t\t\t\t\t\t\t<div class=\"elementor-spacer\">\n\t\t\t<div class=\"elementor-spacer-inner\"><\/div>\n\t\t<\/div>\n\t\t\t\t\t\t<\/div>\n\t\t\t\t<\/div>\n\t\t\t\t\t<\/div>\n\t\t<\/div>\n\t\t\t\t<div class=\"elementor-column elementor-col-33 elementor-inner-column elementor-element elementor-element-63d177a8\" data-id=\"63d177a8\" data-element_type=\"column\">\n\t\t\t<div class=\"elementor-widget-wrap elementor-element-populated\">\n\t\t\t\t\t\t<div class=\"elementor-element elementor-element-47145555 elementor-widget elementor-widget-tm-heading\" data-id=\"47145555\" data-element_type=\"widget\" data-widget_type=\"tm-heading.default\">\n\t\t\t\t<div class=\"elementor-widget-container\">\n\t\t\t\t\t\t\t<div class=\"tm-modern-heading tm-modern-heading--style-01 tm-modern-heading--highlight-style-01\">\n\t\t\t\n\t\t\t\t\t<div class=\"heading-primary-wrap\">\n\t\t\t<h6 class=\"heading-primary elementor-heading-title\">port de commutation<\/h6>\t\t<\/div>\n\t\t\n\t\t\t\n\t\t\t\t\t<div class=\"heading-description-wrap\">\n\t\t\t<div class=\"heading-description\">\n\t\t\t\t<p>16 ports RJ45 10\/100\/1000Mbps (POE)<\/p><p>2 ports Gigabit SFP \u00e0 fibre optique<\/p>\t\t\t<\/div>\n\t\t<\/div>\n\t\t\t\t<\/div>\n\t\t\t\t\t\t<\/div>\n\t\t\t\t<\/div>\n\t\t\t\t\t<\/div>\n\t\t<\/div>\n\t\t\t\t\t<\/div>\n\t\t<\/section>\n\t\t\t\t\t<\/div>\n\t\t<\/div>\n\t\t\t\t\t<\/div>\n\t\t<\/section>\n\t\t<div class=\"elementor-element elementor-element-1b74d531 e-flex e-con-boxed e-con e-parent\" data-id=\"1b74d531\" data-element_type=\"container\">\n\t\t\t\t\t<div class=\"e-con-inner\">\n\t\t\t\t<div class=\"elementor-element elementor-element-aaf7427 elementor-widget elementor-widget-image\" data-id=\"aaf7427\" data-element_type=\"widget\" data-widget_type=\"image.default\">\n\t\t\t\t<div class=\"elementor-widget-container\">\n\t\t\t\t\t\t\t\t\t\t\t\t\t\t\t<img fetchpriority=\"high\" decoding=\"async\" width=\"1920\" height=\"756\" src=\"https:\/\/foredgetech.com\/wp-content\/uploads\/2026\/02\/A1-14.jpg\" class=\"attachment-full size-full wp-image-34632\" alt=\"\" srcset=\"https:\/\/foredgetech.com\/wp-content\/uploads\/2026\/02\/A1-14.jpg 1920w, https:\/\/foredgetech.com\/wp-content\/uploads\/2026\/02\/A1-14-300x118.jpg 300w, https:\/\/foredgetech.com\/wp-content\/uploads\/2026\/02\/A1-14-150x59.jpg 150w, https:\/\/foredgetech.com\/wp-content\/uploads\/2026\/02\/A1-14-768x302.jpg 768w, https:\/\/foredgetech.com\/wp-content\/uploads\/2026\/02\/A1-14-1536x605.jpg 1536w, https:\/\/foredgetech.com\/wp-content\/uploads\/2026\/02\/A1-14-18x7.jpg 18w, https:\/\/foredgetech.com\/wp-content\/uploads\/2026\/02\/A1-14-600x236.jpg 600w\" sizes=\"(max-width: 1920px) 100vw, 1920px\" \/>\t\t\t\t\t\t\t\t\t\t\t\t\t\t\t<\/div>\n\t\t\t\t<\/div>\n\t\t\t\t<div class=\"elementor-element elementor-element-32289a0 elementor-widget elementor-widget-image\" data-id=\"32289a0\" data-element_type=\"widget\" data-widget_type=\"image.default\">\n\t\t\t\t<div class=\"elementor-widget-container\">\n\t\t\t\t\t\t\t\t\t\t\t\t\t\t\t<img decoding=\"async\" width=\"1920\" height=\"756\" data-src=\"https:\/\/foredgetech.com\/wp-content\/uploads\/2024\/01\/B2-\u662f\u9152\u5e97\u3001\u6821\u56ed\u3001\u5de5\u5382\u5bbf\u820d\u3001\u4e2d\u5c0f\u4f01\u4e1a-4.jpg\" class=\"attachment-full size-full wp-image-30682 lazyload\" alt=\"\" data-srcset=\"https:\/\/foredgetech.com\/wp-content\/uploads\/2024\/01\/B2-\u662f\u9152\u5e97\u3001\u6821\u56ed\u3001\u5de5\u5382\u5bbf\u820d\u3001\u4e2d\u5c0f\u4f01\u4e1a-4.jpg 1920w, https:\/\/foredgetech.com\/wp-content\/uploads\/2024\/01\/B2-\u662f\u9152\u5e97\u3001\u6821\u56ed\u3001\u5de5\u5382\u5bbf\u820d\u3001\u4e2d\u5c0f\u4f01\u4e1a-4-150x59.jpg 150w, https:\/\/foredgetech.com\/wp-content\/uploads\/2024\/01\/B2-\u662f\u9152\u5e97\u3001\u6821\u56ed\u3001\u5de5\u5382\u5bbf\u820d\u3001\u4e2d\u5c0f\u4f01\u4e1a-4-600x236.jpg 600w, https:\/\/foredgetech.com\/wp-content\/uploads\/2024\/01\/B2-\u662f\u9152\u5e97\u3001\u6821\u56ed\u3001\u5de5\u5382\u5bbf\u820d\u3001\u4e2d\u5c0f\u4f01\u4e1a-4-300x118.jpg 300w, https:\/\/foredgetech.com\/wp-content\/uploads\/2024\/01\/B2-\u662f\u9152\u5e97\u3001\u6821\u56ed\u3001\u5de5\u5382\u5bbf\u820d\u3001\u4e2d\u5c0f\u4f01\u4e1a-4-768x302.jpg 768w, https:\/\/foredgetech.com\/wp-content\/uploads\/2024\/01\/B2-\u662f\u9152\u5e97\u3001\u6821\u56ed\u3001\u5de5\u5382\u5bbf\u820d\u3001\u4e2d\u5c0f\u4f01\u4e1a-4-1536x605.jpg 1536w\" data-sizes=\"(max-width: 1920px) 100vw, 1920px\" src=\"data:image\/svg+xml;base64,PHN2ZyB3aWR0aD0iMSIgaGVpZ2h0PSIxIiB4bWxucz0iaHR0cDovL3d3dy53My5vcmcvMjAwMC9zdmciPjwvc3ZnPg==\" style=\"--smush-placeholder-width: 1920px; --smush-placeholder-aspect-ratio: 1920\/756;\" \/>\t\t\t\t\t\t\t\t\t\t\t\t\t\t\t<\/div>\n\t\t\t\t<\/div>\n\t\t\t\t<div class=\"elementor-element elementor-element-126b9a3 elementor-widget elementor-widget-image\" data-id=\"126b9a3\" data-element_type=\"widget\" data-widget_type=\"image.default\">\n\t\t\t\t<div class=\"elementor-widget-container\">\n\t\t\t\t\t\t\t\t\t\t\t\t\t\t\t<img decoding=\"async\" width=\"1920\" height=\"756\" data-src=\"https:\/\/foredgetech.com\/wp-content\/uploads\/2024\/01\/C3-1-\u7aef\u53e3\u5206\u533a-4.jpg\" class=\"attachment-full size-full wp-image-30683 lazyload\" alt=\"\" data-srcset=\"https:\/\/foredgetech.com\/wp-content\/uploads\/2024\/01\/C3-1-\u7aef\u53e3\u5206\u533a-4.jpg 1920w, https:\/\/foredgetech.com\/wp-content\/uploads\/2024\/01\/C3-1-\u7aef\u53e3\u5206\u533a-4-150x59.jpg 150w, https:\/\/foredgetech.com\/wp-content\/uploads\/2024\/01\/C3-1-\u7aef\u53e3\u5206\u533a-4-600x236.jpg 600w, https:\/\/foredgetech.com\/wp-content\/uploads\/2024\/01\/C3-1-\u7aef\u53e3\u5206\u533a-4-300x118.jpg 300w, https:\/\/foredgetech.com\/wp-content\/uploads\/2024\/01\/C3-1-\u7aef\u53e3\u5206\u533a-4-768x302.jpg 768w, https:\/\/foredgetech.com\/wp-content\/uploads\/2024\/01\/C3-1-\u7aef\u53e3\u5206\u533a-4-1536x605.jpg 1536w\" data-sizes=\"(max-width: 1920px) 100vw, 1920px\" src=\"data:image\/svg+xml;base64,PHN2ZyB3aWR0aD0iMSIgaGVpZ2h0PSIxIiB4bWxucz0iaHR0cDovL3d3dy53My5vcmcvMjAwMC9zdmciPjwvc3ZnPg==\" style=\"--smush-placeholder-width: 1920px; --smush-placeholder-aspect-ratio: 1920\/756;\" \/>\t\t\t\t\t\t\t\t\t\t\t\t\t\t\t<\/div>\n\t\t\t\t<\/div>\n\t\t\t\t<div class=\"elementor-element elementor-element-cea6caf elementor-widget elementor-widget-image\" data-id=\"cea6caf\" data-element_type=\"widget\" data-widget_type=\"image.default\">\n\t\t\t\t<div class=\"elementor-widget-container\">\n\t\t\t\t\t\t\t\t\t\t\t\t\t\t\t<img decoding=\"async\" width=\"1920\" height=\"700\" data-src=\"https:\/\/foredgetech.com\/wp-content\/uploads\/2024\/01\/C3-2-Apollo\u4e91\u5e73\u53f0-8.jpg\" class=\"attachment-full size-full wp-image-30684 lazyload\" alt=\"\" data-srcset=\"https:\/\/foredgetech.com\/wp-content\/uploads\/2024\/01\/C3-2-Apollo\u4e91\u5e73\u53f0-8.jpg 1920w, https:\/\/foredgetech.com\/wp-content\/uploads\/2024\/01\/C3-2-Apollo\u4e91\u5e73\u53f0-8-150x55.jpg 150w, https:\/\/foredgetech.com\/wp-content\/uploads\/2024\/01\/C3-2-Apollo\u4e91\u5e73\u53f0-8-600x219.jpg 600w, https:\/\/foredgetech.com\/wp-content\/uploads\/2024\/01\/C3-2-Apollo\u4e91\u5e73\u53f0-8-300x109.jpg 300w, https:\/\/foredgetech.com\/wp-content\/uploads\/2024\/01\/C3-2-Apollo\u4e91\u5e73\u53f0-8-768x280.jpg 768w, https:\/\/foredgetech.com\/wp-content\/uploads\/2024\/01\/C3-2-Apollo\u4e91\u5e73\u53f0-8-1536x560.jpg 1536w\" data-sizes=\"(max-width: 1920px) 100vw, 1920px\" src=\"data:image\/svg+xml;base64,PHN2ZyB3aWR0aD0iMSIgaGVpZ2h0PSIxIiB4bWxucz0iaHR0cDovL3d3dy53My5vcmcvMjAwMC9zdmciPjwvc3ZnPg==\" style=\"--smush-placeholder-width: 1920px; --smush-placeholder-aspect-ratio: 1920\/700;\" \/>\t\t\t\t\t\t\t\t\t\t\t\t\t\t\t<\/div>\n\t\t\t\t<\/div>\n\t\t\t\t<div class=\"elementor-element elementor-element-71b6499 elementor-widget elementor-widget-image\" data-id=\"71b6499\" data-element_type=\"widget\" data-widget_type=\"image.default\">\n\t\t\t\t<div class=\"elementor-widget-container\">\n\t\t\t\t\t\t\t\t\t\t\t\t\t\t\t<img decoding=\"async\" width=\"1920\" height=\"756\" data-src=\"https:\/\/foredgetech.com\/wp-content\/uploads\/2024\/01\/D4-0-poe.jpg\" class=\"attachment-full size-full wp-image-30685 lazyload\" alt=\"\" data-srcset=\"https:\/\/foredgetech.com\/wp-content\/uploads\/2024\/01\/D4-0-poe.jpg 1920w, https:\/\/foredgetech.com\/wp-content\/uploads\/2024\/01\/D4-0-poe-150x59.jpg 150w, https:\/\/foredgetech.com\/wp-content\/uploads\/2024\/01\/D4-0-poe-600x236.jpg 600w, https:\/\/foredgetech.com\/wp-content\/uploads\/2024\/01\/D4-0-poe-300x118.jpg 300w, https:\/\/foredgetech.com\/wp-content\/uploads\/2024\/01\/D4-0-poe-768x302.jpg 768w, https:\/\/foredgetech.com\/wp-content\/uploads\/2024\/01\/D4-0-poe-1536x605.jpg 1536w\" data-sizes=\"(max-width: 1920px) 100vw, 1920px\" src=\"data:image\/svg+xml;base64,PHN2ZyB3aWR0aD0iMSIgaGVpZ2h0PSIxIiB4bWxucz0iaHR0cDovL3d3dy53My5vcmcvMjAwMC9zdmciPjwvc3ZnPg==\" style=\"--smush-placeholder-width: 1920px; --smush-placeholder-aspect-ratio: 1920\/756;\" \/>\t\t\t\t\t\t\t\t\t\t\t\t\t\t\t<\/div>\n\t\t\t\t<\/div>\n\t\t\t\t<div class=\"elementor-element elementor-element-fbf448a elementor-widget elementor-widget-image\" data-id=\"fbf448a\" data-element_type=\"widget\" data-widget_type=\"image.default\">\n\t\t\t\t<div class=\"elementor-widget-container\">\n\t\t\t\t\t\t\t\t\t\t\t\t\t\t\t<img decoding=\"async\" width=\"1920\" height=\"756\" data-src=\"https:\/\/foredgetech.com\/wp-content\/uploads\/2024\/01\/D4-1-\u6570\u636e\u5305\u8f6c\u53d1-5.jpg\" class=\"attachment-full size-full wp-image-30686 lazyload\" alt=\"\" data-srcset=\"https:\/\/foredgetech.com\/wp-content\/uploads\/2024\/01\/D4-1-\u6570\u636e\u5305\u8f6c\u53d1-5.jpg 1920w, https:\/\/foredgetech.com\/wp-content\/uploads\/2024\/01\/D4-1-\u6570\u636e\u5305\u8f6c\u53d1-5-150x59.jpg 150w, https:\/\/foredgetech.com\/wp-content\/uploads\/2024\/01\/D4-1-\u6570\u636e\u5305\u8f6c\u53d1-5-600x236.jpg 600w, https:\/\/foredgetech.com\/wp-content\/uploads\/2024\/01\/D4-1-\u6570\u636e\u5305\u8f6c\u53d1-5-300x118.jpg 300w, https:\/\/foredgetech.com\/wp-content\/uploads\/2024\/01\/D4-1-\u6570\u636e\u5305\u8f6c\u53d1-5-768x302.jpg 768w, https:\/\/foredgetech.com\/wp-content\/uploads\/2024\/01\/D4-1-\u6570\u636e\u5305\u8f6c\u53d1-5-1536x605.jpg 1536w\" data-sizes=\"(max-width: 1920px) 100vw, 1920px\" src=\"data:image\/svg+xml;base64,PHN2ZyB3aWR0aD0iMSIgaGVpZ2h0PSIxIiB4bWxucz0iaHR0cDovL3d3dy53My5vcmcvMjAwMC9zdmciPjwvc3ZnPg==\" style=\"--smush-placeholder-width: 1920px; --smush-placeholder-aspect-ratio: 1920\/756;\" \/>\t\t\t\t\t\t\t\t\t\t\t\t\t\t\t<\/div>\n\t\t\t\t<\/div>\n\t\t\t\t<div class=\"elementor-element elementor-element-5dba7b6 elementor-widget elementor-widget-image\" data-id=\"5dba7b6\" data-element_type=\"widget\" data-widget_type=\"image.default\">\n\t\t\t\t<div class=\"elementor-widget-container\">\n\t\t\t\t\t\t\t\t\t\t\t\t\t\t\t<img decoding=\"async\" width=\"1920\" height=\"756\" data-src=\"https:\/\/foredgetech.com\/wp-content\/uploads\/2024\/01\/E5-\u6e29\u5dee-\u6781\u70ed\u6781\u5bd2-3.jpg\" class=\"attachment-full size-full wp-image-30687 lazyload\" alt=\"\" data-srcset=\"https:\/\/foredgetech.com\/wp-content\/uploads\/2024\/01\/E5-\u6e29\u5dee-\u6781\u70ed\u6781\u5bd2-3.jpg 1920w, https:\/\/foredgetech.com\/wp-content\/uploads\/2024\/01\/E5-\u6e29\u5dee-\u6781\u70ed\u6781\u5bd2-3-150x59.jpg 150w, https:\/\/foredgetech.com\/wp-content\/uploads\/2024\/01\/E5-\u6e29\u5dee-\u6781\u70ed\u6781\u5bd2-3-600x236.jpg 600w, https:\/\/foredgetech.com\/wp-content\/uploads\/2024\/01\/E5-\u6e29\u5dee-\u6781\u70ed\u6781\u5bd2-3-300x118.jpg 300w, https:\/\/foredgetech.com\/wp-content\/uploads\/2024\/01\/E5-\u6e29\u5dee-\u6781\u70ed\u6781\u5bd2-3-768x302.jpg 768w, https:\/\/foredgetech.com\/wp-content\/uploads\/2024\/01\/E5-\u6e29\u5dee-\u6781\u70ed\u6781\u5bd2-3-1536x605.jpg 1536w\" data-sizes=\"(max-width: 1920px) 100vw, 1920px\" src=\"data:image\/svg+xml;base64,PHN2ZyB3aWR0aD0iMSIgaGVpZ2h0PSIxIiB4bWxucz0iaHR0cDovL3d3dy53My5vcmcvMjAwMC9zdmciPjwvc3ZnPg==\" style=\"--smush-placeholder-width: 1920px; --smush-placeholder-aspect-ratio: 1920\/756;\" \/>\t\t\t\t\t\t\t\t\t\t\t\t\t\t\t<\/div>\n\t\t\t\t<\/div>\n\t\t\t\t\t<\/div>\n\t\t\t\t<\/div>\n\t\t<div class=\"elementor-element elementor-element-4ce676b e-flex e-con-boxed e-con e-parent\" data-id=\"4ce676b\" data-element_type=\"container\">\n\t\t\t\t\t<div class=\"e-con-inner\">\n\t\t\t\t<div class=\"elementor-element elementor-element-142864b elementor-widget elementor-widget-heading\" data-id=\"142864b\" data-element_type=\"widget\" data-widget_type=\"heading.default\">\n\t\t\t\t<div class=\"elementor-widget-container\">\n\t\t\t\t\t<h2 class=\"elementor-heading-title elementor-size-default\">Sp\u00e9cifications<\/h2>\t\t\t\t<\/div>\n\t\t\t\t<\/div>\n\t\t\t\t<div class=\"elementor-element elementor-element-c85a48f elementor-widget elementor-widget-text-editor\" data-id=\"c85a48f\" data-element_type=\"widget\" data-widget_type=\"text-editor.default\">\n\t\t\t\t<div class=\"elementor-widget-container\">\n\t\t\t\t\t\t\t\t\t<table><tbody><tr><td colspan=\"2\"><p><strong>Mat\u00e9riel<\/strong><\/p><\/td><\/tr><tr><td><p><strong>R\u00e9seau<\/strong><\/p><p><strong>Interface<\/strong><\/p><\/td><td><p>\u25cf 16 * 10\/100\/1000Mbps RJ45 PoE Ports<\/p><p>\u25cf 2 * Gigabit SFP fiber ports<\/p><\/td><\/tr><tr><td><p><strong>R\u00e9seau<\/strong><\/p><p><strong>Norme de protocole<\/strong><\/p><\/td><td><p>\u25cf IEEE 802.3\u3001IEEE 802.3i\u3001IEEE 802.3u\u3001IEEE 802.3ab\u3001 IEEE 802.3z\u3001IEEE 802.3ad\u3001IEEE 802.3x\u3001IEEE 802.1p\u3001 IEEE 802.1q\u3001IEEE 802.1d\u3001IEEE 802.1s\u3001IEEE 802.1w\u3001 IEEE 802.3af\u3001IEEE 802.3at<\/p><\/td><\/tr><tr><td><p><strong>Performance<\/strong><\/p><\/td><td><p>\u25cf Switching Capacity: 36Gbps (non-blocking)<\/p><p>\u25cf Taux de transfert de paquets : 26.8Mpps<\/p><p>\u25cf Table d'adresses MAC : 8K<\/p><p>\u25cf Mode de transfert : enregistrement et transfert<\/p><\/td><\/tr><tr><td><p><strong>LED<\/strong><strong>\u00a0<\/strong><strong>Indicateur<\/strong><\/p><\/td><td><p>\u25cf Link\/Act Indicator: 16<\/p><p>\u25cf PoE Indicator: 16<\/p><p>\u25cf Indicateur SFP : 2<\/p><p>\u25cf Indicateur SYS : 1<\/p><\/td><\/tr><tr><td><p><strong>POE<\/strong> <strong>\u00c9pingle<\/strong><\/p><\/td><td><p>\u25cf 1\/2\uff08 +\uff09 \uff0c3\/6 \uff08 -\uff09<\/p><\/td><\/tr><tr><td><p>\u00a0<\/p><p><strong>Soutien \u00e0 l'alimentation<\/strong><\/p><\/td><td><p>\u25cf Entr\u00e9e\uff1aAC 100-240V\/50-60Hz<\/p><p>\u25cf Puissance de sortie maximale d'un seul port : 30W<\/p><p>\u25cf La puissance maximale de l'ensemble de la machine : 150W<\/p><\/td><\/tr><tr><td><p><strong>Sp\u00e9cifications physiques<\/strong><\/p><\/td><td><p>\u25cf Dimensions (LxLxH) : 440mm*180mm*44mm<\/p><\/td><\/tr><tr><td><p>\u00a0<\/p><p><strong>Environnement<\/strong><\/p><p><strong>Sp\u00e9cifications<\/strong><\/p><\/td><td><p>\u25cf Temp\u00e9rature de travail : 0\u00b0C~40\u00b0C<\/p><p>\u25cf Temp\u00e9rature de stockage : -40\u2103 ~ 70\u2103<\/p><p>\u25cf Humidit\u00e9 de fonctionnement : 10%~90% RH sans condensation<\/p><p>\u25cf Humidit\u00e9 de stockage : 5%~90% RH sans condensation<\/p><\/td><\/tr><tr><td><p><strong>S\u00e9curit\u00e9<\/strong> <strong>R\u00e8glements<\/strong><\/p><\/td><td><p>\u25cf CE\/ROHS\/FCC<\/p><\/td><\/tr><tr><td colspan=\"2\"><p><strong>Logiciel<\/strong><\/p><\/td><\/tr><tr><td><p><strong>AI<\/strong><strong>\u00a0<\/strong><strong>Fonction<\/strong><\/p><\/td><td><p>AI VLAN<\/p><p>AI Extend<\/p><p>AIPE<\/p><p>QoS IA<\/p><\/td><\/tr><tr><td><p><strong>Syst\u00e8me<\/strong><\/p><p><strong>Gestion<\/strong><\/p><\/td><td><p>Informations sur l'appareil<\/p><p>Configuration du r\u00e9seau<\/p><p>Gestion des comptes<\/p><p>R\u00e9initialisation du syst\u00e8me<\/p><p>Mise \u00e0 niveau du syst\u00e8me<\/p><p>R\u00e9initialisation des donn\u00e9es d'usine<\/p><\/td><\/tr><tr><td><p><strong>Contr\u00f4le<\/strong><\/p><p><strong>Gestion<\/strong><\/p><\/td><td><p>Statistiques sur les ports<\/p><\/td><\/tr><tr><td><p><strong>Port<\/strong><\/p><p><strong>Configuration<\/strong><\/p><\/td><td><p>Configuration du port<\/p><p>Isolation des ports<\/p><p>Mise en miroir des ports<\/p><\/td><\/tr><tr><td><p><strong>Qualit\u00e9 de service<\/strong><\/p><\/td><td><p>Suppression des temp\u00eates<\/p><p>Limite de d\u00e9bit du port<\/p><\/td><\/tr><tr><td><p><strong>VLAN<\/strong><\/p><\/td><td><p>Membre du VLAN<\/p><p>Configuration du VLAN<\/p><\/td><\/tr><tr><td><p><strong>PoE<\/strong><\/p><p><strong>Configuration<\/strong><\/p><\/td><td><p>Gestion des ports POE<\/p><p>Configuration de la priorit\u00e9 POE<\/p><\/td><\/tr><tr><td><p><strong>Gestion<\/strong><\/p><\/td><td><p>Prise en charge de l'interface WEB<\/p><p>Prise en charge de la gestion du nuage Apollo<\/p><\/td><\/tr><\/tbody><\/table>\t\t\t\t\t\t\t\t<\/div>\n\t\t\t\t<\/div>\n\t\t\t\t\t<\/div>\n\t\t\t\t<\/div>\n\t\t\t\t<\/div>","protected":false},"excerpt":{"rendered":"<ul>\n<li>16 ports RJ45 10\/100\/1000Mbps (POE), 2 ports Gigabit SFP en fibre optique<\/li>\n<li>Gestion du syst\u00e8me : informations sur les appareils, configuration IP, gestion des comptes, mises \u00e0 jour du syst\u00e8me, etc.<\/li>\n<li>Configuration de l'\u00e9quipement : VLAN, QoS, configuration des ports, isolation des ports, mise en miroir des ports, etc.<\/li>\n<li>Gestion des appareils : Prise en charge de l'interface Web et de la gestion du nuage Apollo<\/li>\n<li>Refroidissement par air et dissipation de la chaleur, r\u00e9gulation intelligente de la vitesse, faible bruit et \u00e9conomie d'\u00e9nergie<\/li>\n<\/ul>","protected":false},"featured_media":27929,"template":"","meta":[],"product_brand":[],"product_cat":[585],"product_tag":[],"class_list":{"0":"post-34630","1":"product","2":"type-product","3":"status-publish","4":"has-post-thumbnail","6":"product_cat-cctv-product-series-enterprise-network","7":"pa_series-cloud-switch","9":"first","10":"instock","11":"shipping-taxable","12":"product-type-simple"},"_links":{"self":[{"href":"https:\/\/foredgetech.com\/fr\/wp-json\/wp\/v2\/product\/34630","targetHints":{"allow":["GET"]}}],"collection":[{"href":"https:\/\/foredgetech.com\/fr\/wp-json\/wp\/v2\/product"}],"about":[{"href":"https:\/\/foredgetech.com\/fr\/wp-json\/wp\/v2\/types\/product"}],"version-history":[{"count":4,"href":"https:\/\/foredgetech.com\/fr\/wp-json\/wp\/v2\/product\/34630\/revisions"}],"predecessor-version":[{"id":34635,"href":"https:\/\/foredgetech.com\/fr\/wp-json\/wp\/v2\/product\/34630\/revisions\/34635"}],"wp:featuredmedia":[{"embeddable":true,"href":"https:\/\/foredgetech.com\/fr\/wp-json\/wp\/v2\/media\/27929"}],"wp:attachment":[{"href":"https:\/\/foredgetech.com\/fr\/wp-json\/wp\/v2\/media?parent=34630"}],"wp:term":[{"taxonomy":"product_brand","embeddable":true,"href":"https:\/\/foredgetech.com\/fr\/wp-json\/wp\/v2\/product_brand?post=34630"},{"taxonomy":"product_cat","embeddable":true,"href":"https:\/\/foredgetech.com\/fr\/wp-json\/wp\/v2\/product_cat?post=34630"},{"taxonomy":"product_tag","embeddable":true,"href":"https:\/\/foredgetech.com\/fr\/wp-json\/wp\/v2\/product_tag?post=34630"}],"curies":[{"name":"wp","href":"https:\/\/api.w.org\/{rel}","templated":true}]}}