{"id":32496,"date":"2024-09-06T02:50:30","date_gmt":"2024-09-06T02:50:30","guid":{"rendered":"https:\/\/foredgetech.com\/?post_type=product&#038;p=32496"},"modified":"2025-12-19T07:45:21","modified_gmt":"2025-12-19T07:45:21","slug":"fac109-poe-mr","status":"publish","type":"product","link":"https:\/\/foredgetech.com\/fr\/produit\/fac109-poe-mr\/","title":{"rendered":"FAC109-PoE-MR"},"content":{"rendered":"<div data-elementor-type=\"wp-post\" data-elementor-id=\"32496\" class=\"elementor elementor-32496\">\n\t\t\t\t\t\t<section class=\"elementor-section elementor-top-section elementor-element elementor-element-5058e617 elementor-section-full_width elementor-section-gap-beside-no elementor-section-height-default elementor-section-height-default elementor-section-column-vertical-align-stretch\" data-id=\"5058e617\" data-element_type=\"section\">\n\t\t\t\t\t\t<div class=\"elementor-container elementor-column-gap-extended\">\n\t\t\t\t\t<div class=\"elementor-column elementor-col-33 elementor-top-column elementor-element elementor-element-f61c77a\" data-id=\"f61c77a\" data-element_type=\"column\">\n\t\t\t<div class=\"elementor-widget-wrap elementor-element-populated\">\n\t\t\t\t\t\t<div class=\"elementor-element elementor-element-12229f05 elementor-widget elementor-widget-tm-modern-image\" data-id=\"12229f05\" data-element_type=\"widget\" data-widget_type=\"tm-modern-image.default\">\n\t\t\t\t<div class=\"elementor-widget-container\">\n\t\t\t\t\t\t\t<div class=\"tm-modern-image\">\n\t\t\t\t\t\t\t<div class=\"minimog-box\">\n\t\t\t\t\t<div class=\"minimog-image\">\t\t\t\t\t<m-image class=\"minimog-lazy-image\" style=\"--lazy-image-width: 300px;--lazy-image-height: 83.333333333333%;\" data-image-loading><img decoding=\"async\"  data-src=\"https:\/\/foredgetech.com\/wp-content\/uploads\/2024\/09\/FAC109-PoE-MR.jpg\" width=\"300\" height=\"250\" alt=\"FAC109-PoE-MR\" class=\"attachment-full size-full lazyload\" src=\"data:image\/svg+xml;base64,PHN2ZyB3aWR0aD0iMSIgaGVpZ2h0PSIxIiB4bWxucz0iaHR0cDovL3d3dy53My5vcmcvMjAwMC9zdmciPjwvc3ZnPg==\" style=\"--smush-placeholder-width: 300px; --smush-placeholder-aspect-ratio: 300\/250;\" \/><\/m-image>\t\t\t\t\t<\/div>\t\t\t\t<\/div>\n\t\t\t\t\t\t\t\t\t\t<\/div>\n\t\t\t\t\t\t<\/div>\n\t\t\t\t<\/div>\n\t\t\t\t\t<\/div>\n\t\t<\/div>\n\t\t\t\t<div class=\"elementor-column elementor-col-66 elementor-top-column elementor-element elementor-element-78bc78c2\" data-id=\"78bc78c2\" data-element_type=\"column\">\n\t\t\t<div class=\"elementor-widget-wrap elementor-element-populated\">\n\t\t\t\t\t\t<div class=\"elementor-element elementor-element-2052b071 elementor-widget elementor-widget-tm-heading\" data-id=\"2052b071\" data-element_type=\"widget\" data-widget_type=\"tm-heading.default\">\n\t\t\t\t<div class=\"elementor-widget-container\">\n\t\t\t\t\t\t\t<div class=\"tm-modern-heading tm-modern-heading--style-01 tm-modern-heading--highlight-style-01\">\n\t\t\t\n\t\t\t\t\t<div class=\"heading-primary-wrap\">\n\t\t\t<h4 class=\"heading-primary elementor-heading-title\">Vue d'ensemble<\/h4>\t\t<\/div>\n\t\t\n\t\t\t\n\t\t\t\t\t<\/div>\n\t\t\t\t\t\t<\/div>\n\t\t\t\t<\/div>\n\t\t\t\t<div class=\"elementor-element elementor-element-7c6ab884 elementor-widget elementor-widget-text-editor\" data-id=\"7c6ab884\" data-element_type=\"widget\" data-widget_type=\"text-editor.default\">\n\t\t\t\t<div class=\"elementor-widget-container\">\n\t\t\t\t\t\t\t\t\t<p>est une nouvelle g\u00e9n\u00e9ration de routeurs gigabit int\u00e9gr\u00e9s PoE-AC d\u00e9velopp\u00e9s par Fengrunda pour les petites et moyennes entreprises, les bureaux, les villas et autres environnements.<\/p>\t\t\t\t\t\t\t\t<\/div>\n\t\t\t\t<\/div>\n\t\t\t\t<section class=\"elementor-section elementor-inner-section elementor-element elementor-element-2afe0aab elementor-section-gap-beside-no elementor-section-full_width elementor-section-height-default elementor-section-height-default elementor-section-column-vertical-align-stretch\" data-id=\"2afe0aab\" data-element_type=\"section\">\n\t\t\t\t\t\t<div class=\"elementor-container elementor-column-gap-extended\">\n\t\t\t\t\t<div class=\"elementor-column elementor-col-33 elementor-inner-column elementor-element elementor-element-7751e85f\" data-id=\"7751e85f\" data-element_type=\"column\">\n\t\t\t<div class=\"elementor-widget-wrap elementor-element-populated\">\n\t\t\t\t\t\t<div class=\"elementor-element elementor-element-47145555 elementor-widget elementor-widget-tm-heading\" data-id=\"47145555\" data-element_type=\"widget\" data-widget_type=\"tm-heading.default\">\n\t\t\t\t<div class=\"elementor-widget-container\">\n\t\t\t\t\t\t\t<div class=\"tm-modern-heading tm-modern-heading--style-01 tm-modern-heading--highlight-style-01\">\n\t\t\t\n\t\t\t\t\t<div class=\"heading-primary-wrap\">\n\t\t\t<h6 class=\"heading-primary elementor-heading-title\">Port<\/h6>\t\t<\/div>\n\t\t\n\t\t\t\n\t\t\t\t\t<div class=\"heading-description-wrap\">\n\t\t\t<div class=\"heading-description\">\n\t\t\t\t<p>1 * Port WAN 10\/100\/1000M RJ451 * Port LAN\/WAN 10\/100\/1000M RJ45 (support PoE)7 * Ports LAN 10\/100\/1000M RJ45\uff08Support PoE\uff09<\/p>\t\t\t<\/div>\n\t\t<\/div>\n\t\t\t\t<\/div>\n\t\t\t\t\t\t<\/div>\n\t\t\t\t<\/div>\n\t\t\t\t\t<\/div>\n\t\t<\/div>\n\t\t\t\t<div class=\"elementor-column elementor-col-33 elementor-inner-column elementor-element elementor-element-c6e3a56\" data-id=\"c6e3a56\" data-element_type=\"column\">\n\t\t\t<div class=\"elementor-widget-wrap elementor-element-populated\">\n\t\t\t\t\t\t<div class=\"elementor-element elementor-element-960cbcd elementor-widget elementor-widget-tm-heading\" data-id=\"960cbcd\" data-element_type=\"widget\" data-widget_type=\"tm-heading.default\">\n\t\t\t\t<div class=\"elementor-widget-container\">\n\t\t\t\t\t\t\t<div class=\"tm-modern-heading tm-modern-heading--style-01 tm-modern-heading--highlight-style-01\">\n\t\t\t\n\t\t\t\t\t<div class=\"heading-primary-wrap\">\n\t\t\t<h6 class=\"heading-primary elementor-heading-title\">Dimensions (L \u00d7 P \u00d7 H)<\/h6>\t\t<\/div>\n\t\t\n\t\t\t\n\t\t\t\t\t<div class=\"heading-description-wrap\">\n\t\t\t<div class=\"heading-description\">\n\t\t\t\t<p>185(l)x100(p)x28(h) mm<\/p>\t\t\t<\/div>\n\t\t<\/div>\n\t\t\t\t<\/div>\n\t\t\t\t\t\t<\/div>\n\t\t\t\t<\/div>\n\t\t\t\t\t<\/div>\n\t\t<\/div>\n\t\t\t\t<div class=\"elementor-column elementor-col-33 elementor-inner-column elementor-element elementor-element-63d177a8\" data-id=\"63d177a8\" data-element_type=\"column\">\n\t\t\t<div class=\"elementor-widget-wrap elementor-element-populated\">\n\t\t\t\t\t\t<div class=\"elementor-element elementor-element-7cf8fe9 elementor-widget elementor-widget-tm-heading\" data-id=\"7cf8fe9\" data-element_type=\"widget\" data-widget_type=\"tm-heading.default\">\n\t\t\t\t<div class=\"elementor-widget-container\">\n\t\t\t\t\t\t\t<div class=\"tm-modern-heading tm-modern-heading--style-01 tm-modern-heading--highlight-style-01\">\n\t\t\t\n\t\t\t\t\t<div class=\"heading-primary-wrap\">\n\t\t\t<h6 class=\"heading-primary elementor-heading-title\">Humidit\u00e9 de travail<\/h6>\t\t<\/div>\n\t\t\n\t\t\t\n\t\t\t\t\t<div class=\"heading-description-wrap\">\n\t\t\t<div class=\"heading-description\">\n\t\t\t\t<p>10% - 90%RH sans condensation<\/p>\t\t\t<\/div>\n\t\t<\/div>\n\t\t\t\t<\/div>\n\t\t\t\t\t\t<\/div>\n\t\t\t\t<\/div>\n\t\t\t\t\t<\/div>\n\t\t<\/div>\n\t\t\t\t\t<\/div>\n\t\t<\/section>\n\t\t\t\t\t<\/div>\n\t\t<\/div>\n\t\t\t\t\t<\/div>\n\t\t<\/section>\n\t\t<div class=\"elementor-element elementor-element-1b74d531 e-flex e-con-boxed e-con e-parent\" data-id=\"1b74d531\" data-element_type=\"container\">\n\t\t\t\t\t<div class=\"e-con-inner\">\n\t\t\t\t<div class=\"elementor-element elementor-element-aaf7427 elementor-widget elementor-widget-image\" data-id=\"aaf7427\" data-element_type=\"widget\" data-widget_type=\"image.default\">\n\t\t\t\t<div class=\"elementor-widget-container\">\n\t\t\t\t\t\t\t\t\t\t\t\t\t\t\t<img fetchpriority=\"high\" decoding=\"async\" width=\"1920\" height=\"865\" src=\"https:\/\/foredgetech.com\/wp-content\/uploads\/2024\/09\/1-\u4ea7\u54c1\u7b80\u4ecb-2.jpg\" class=\"attachment-full size-full wp-image-32501\" alt=\"\" srcset=\"https:\/\/foredgetech.com\/wp-content\/uploads\/2024\/09\/1-\u4ea7\u54c1\u7b80\u4ecb-2.jpg 1920w, https:\/\/foredgetech.com\/wp-content\/uploads\/2024\/09\/1-\u4ea7\u54c1\u7b80\u4ecb-2-150x68.jpg 150w, https:\/\/foredgetech.com\/wp-content\/uploads\/2024\/09\/1-\u4ea7\u54c1\u7b80\u4ecb-2-600x270.jpg 600w, https:\/\/foredgetech.com\/wp-content\/uploads\/2024\/09\/1-\u4ea7\u54c1\u7b80\u4ecb-2-300x135.jpg 300w, https:\/\/foredgetech.com\/wp-content\/uploads\/2024\/09\/1-\u4ea7\u54c1\u7b80\u4ecb-2-768x346.jpg 768w, https:\/\/foredgetech.com\/wp-content\/uploads\/2024\/09\/1-\u4ea7\u54c1\u7b80\u4ecb-2-1536x692.jpg 1536w, https:\/\/foredgetech.com\/wp-content\/uploads\/2024\/09\/1-\u4ea7\u54c1\u7b80\u4ecb-2-18x8.jpg 18w\" sizes=\"(max-width: 1920px) 100vw, 1920px\" \/>\t\t\t\t\t\t\t\t\t\t\t\t\t\t\t<\/div>\n\t\t\t\t<\/div>\n\t\t\t\t<div class=\"elementor-element elementor-element-32289a0 elementor-widget elementor-widget-image\" data-id=\"32289a0\" data-element_type=\"widget\" data-widget_type=\"image.default\">\n\t\t\t\t<div class=\"elementor-widget-container\">\n\t\t\t\t\t\t\t\t\t\t\t\t\t\t\t<img decoding=\"async\" width=\"1920\" height=\"2644\" data-src=\"https:\/\/foredgetech.com\/wp-content\/uploads\/2024\/09\/2\u5e94\u7528\u573a\u666f.jpg\" class=\"attachment-full size-full wp-image-32502 lazyload\" alt=\"\" data-srcset=\"https:\/\/foredgetech.com\/wp-content\/uploads\/2024\/09\/2\u5e94\u7528\u573a\u666f.jpg 1920w, https:\/\/foredgetech.com\/wp-content\/uploads\/2024\/09\/2\u5e94\u7528\u573a\u666f-145x200.jpg 145w, https:\/\/foredgetech.com\/wp-content\/uploads\/2024\/09\/2\u5e94\u7528\u573a\u666f-600x826.jpg 600w, https:\/\/foredgetech.com\/wp-content\/uploads\/2024\/09\/2\u5e94\u7528\u573a\u666f-218x300.jpg 218w, https:\/\/foredgetech.com\/wp-content\/uploads\/2024\/09\/2\u5e94\u7528\u573a\u666f-1017x1400.jpg 1017w, https:\/\/foredgetech.com\/wp-content\/uploads\/2024\/09\/2\u5e94\u7528\u573a\u666f-109x150.jpg 109w, https:\/\/foredgetech.com\/wp-content\/uploads\/2024\/09\/2\u5e94\u7528\u573a\u666f-768x1058.jpg 768w, https:\/\/foredgetech.com\/wp-content\/uploads\/2024\/09\/2\u5e94\u7528\u573a\u666f-1115x1536.jpg 1115w, https:\/\/foredgetech.com\/wp-content\/uploads\/2024\/09\/2\u5e94\u7528\u573a\u666f-1487x2048.jpg 1487w, https:\/\/foredgetech.com\/wp-content\/uploads\/2024\/09\/2\u5e94\u7528\u573a\u666f-9x12.jpg 9w\" data-sizes=\"(max-width: 1920px) 100vw, 1920px\" src=\"data:image\/svg+xml;base64,PHN2ZyB3aWR0aD0iMSIgaGVpZ2h0PSIxIiB4bWxucz0iaHR0cDovL3d3dy53My5vcmcvMjAwMC9zdmciPjwvc3ZnPg==\" style=\"--smush-placeholder-width: 1920px; --smush-placeholder-aspect-ratio: 1920\/2644;\" \/>\t\t\t\t\t\t\t\t\t\t\t\t\t\t\t<\/div>\n\t\t\t\t<\/div>\n\t\t\t\t<div class=\"elementor-element elementor-element-18ad653 elementor-widget elementor-widget-image\" data-id=\"18ad653\" data-element_type=\"widget\" data-widget_type=\"image.default\">\n\t\t\t\t<div class=\"elementor-widget-container\">\n\t\t\t\t\t\t\t\t\t\t\t\t\t\t\t<img decoding=\"async\" width=\"1920\" height=\"837\" data-src=\"https:\/\/foredgetech.com\/wp-content\/uploads\/2024\/09\/3-8\u5343\u5146\u53e3-\u76f4\u8fde8\u4e2aAP.jpg\" class=\"attachment-full size-full wp-image-32503 lazyload\" alt=\"\" data-srcset=\"https:\/\/foredgetech.com\/wp-content\/uploads\/2024\/09\/3-8\u5343\u5146\u53e3-\u76f4\u8fde8\u4e2aAP.jpg 1920w, https:\/\/foredgetech.com\/wp-content\/uploads\/2024\/09\/3-8\u5343\u5146\u53e3-\u76f4\u8fde8\u4e2aAP-150x65.jpg 150w, https:\/\/foredgetech.com\/wp-content\/uploads\/2024\/09\/3-8\u5343\u5146\u53e3-\u76f4\u8fde8\u4e2aAP-600x262.jpg 600w, https:\/\/foredgetech.com\/wp-content\/uploads\/2024\/09\/3-8\u5343\u5146\u53e3-\u76f4\u8fde8\u4e2aAP-300x131.jpg 300w, https:\/\/foredgetech.com\/wp-content\/uploads\/2024\/09\/3-8\u5343\u5146\u53e3-\u76f4\u8fde8\u4e2aAP-768x335.jpg 768w, https:\/\/foredgetech.com\/wp-content\/uploads\/2024\/09\/3-8\u5343\u5146\u53e3-\u76f4\u8fde8\u4e2aAP-1536x670.jpg 1536w, https:\/\/foredgetech.com\/wp-content\/uploads\/2024\/09\/3-8\u5343\u5146\u53e3-\u76f4\u8fde8\u4e2aAP-18x8.jpg 18w\" data-sizes=\"(max-width: 1920px) 100vw, 1920px\" src=\"data:image\/svg+xml;base64,PHN2ZyB3aWR0aD0iMSIgaGVpZ2h0PSIxIiB4bWxucz0iaHR0cDovL3d3dy53My5vcmcvMjAwMC9zdmciPjwvc3ZnPg==\" style=\"--smush-placeholder-width: 1920px; --smush-placeholder-aspect-ratio: 1920\/837;\" \/>\t\t\t\t\t\t\t\t\t\t\t\t\t\t\t<\/div>\n\t\t\t\t<\/div>\n\t\t\t\t<div class=\"elementor-element elementor-element-a36b9f8 elementor-widget elementor-widget-image\" data-id=\"a36b9f8\" data-element_type=\"widget\" data-widget_type=\"image.default\">\n\t\t\t\t<div class=\"elementor-widget-container\">\n\t\t\t\t\t\t\t\t\t\t\t\t\t\t\t<img decoding=\"async\" width=\"1920\" height=\"2509\" data-src=\"https:\/\/foredgetech.com\/wp-content\/uploads\/2024\/09\/4-\u591aAP\u96c6\u4e2d\u7ba1\u7406.jpg\" class=\"attachment-full size-full wp-image-32504 lazyload\" alt=\"\" data-srcset=\"https:\/\/foredgetech.com\/wp-content\/uploads\/2024\/09\/4-\u591aAP\u96c6\u4e2d\u7ba1\u7406.jpg 1920w, https:\/\/foredgetech.com\/wp-content\/uploads\/2024\/09\/4-\u591aAP\u96c6\u4e2d\u7ba1\u7406-150x196.jpg 150w, https:\/\/foredgetech.com\/wp-content\/uploads\/2024\/09\/4-\u591aAP\u96c6\u4e2d\u7ba1\u7406-600x784.jpg 600w, https:\/\/foredgetech.com\/wp-content\/uploads\/2024\/09\/4-\u591aAP\u96c6\u4e2d\u7ba1\u7406-230x300.jpg 230w, https:\/\/foredgetech.com\/wp-content\/uploads\/2024\/09\/4-\u591aAP\u96c6\u4e2d\u7ba1\u7406-1071x1400.jpg 1071w, https:\/\/foredgetech.com\/wp-content\/uploads\/2024\/09\/4-\u591aAP\u96c6\u4e2d\u7ba1\u7406-115x150.jpg 115w, https:\/\/foredgetech.com\/wp-content\/uploads\/2024\/09\/4-\u591aAP\u96c6\u4e2d\u7ba1\u7406-768x1004.jpg 768w, https:\/\/foredgetech.com\/wp-content\/uploads\/2024\/09\/4-\u591aAP\u96c6\u4e2d\u7ba1\u7406-1175x1536.jpg 1175w, https:\/\/foredgetech.com\/wp-content\/uploads\/2024\/09\/4-\u591aAP\u96c6\u4e2d\u7ba1\u7406-1567x2048.jpg 1567w, https:\/\/foredgetech.com\/wp-content\/uploads\/2024\/09\/4-\u591aAP\u96c6\u4e2d\u7ba1\u7406-9x12.jpg 9w\" data-sizes=\"(max-width: 1920px) 100vw, 1920px\" src=\"data:image\/svg+xml;base64,PHN2ZyB3aWR0aD0iMSIgaGVpZ2h0PSIxIiB4bWxucz0iaHR0cDovL3d3dy53My5vcmcvMjAwMC9zdmciPjwvc3ZnPg==\" style=\"--smush-placeholder-width: 1920px; --smush-placeholder-aspect-ratio: 1920\/2509;\" \/>\t\t\t\t\t\t\t\t\t\t\t\t\t\t\t<\/div>\n\t\t\t\t<\/div>\n\t\t\t\t<div class=\"elementor-element elementor-element-a8e3806 elementor-widget elementor-widget-image\" data-id=\"a8e3806\" data-element_type=\"widget\" data-widget_type=\"image.default\">\n\t\t\t\t<div class=\"elementor-widget-container\">\n\t\t\t\t\t\t\t\t\t\t\t\t\t\t\t<img decoding=\"async\" width=\"1920\" height=\"700\" data-src=\"https:\/\/foredgetech.com\/wp-content\/uploads\/2024\/09\/6-Apollo\u4e91\u5e73\u53f0.jpg\" class=\"attachment-full size-full wp-image-32506 lazyload\" alt=\"\" data-srcset=\"https:\/\/foredgetech.com\/wp-content\/uploads\/2024\/09\/6-Apollo\u4e91\u5e73\u53f0.jpg 1920w, https:\/\/foredgetech.com\/wp-content\/uploads\/2024\/09\/6-Apollo\u4e91\u5e73\u53f0-150x55.jpg 150w, https:\/\/foredgetech.com\/wp-content\/uploads\/2024\/09\/6-Apollo\u4e91\u5e73\u53f0-600x219.jpg 600w, https:\/\/foredgetech.com\/wp-content\/uploads\/2024\/09\/6-Apollo\u4e91\u5e73\u53f0-300x109.jpg 300w, https:\/\/foredgetech.com\/wp-content\/uploads\/2024\/09\/6-Apollo\u4e91\u5e73\u53f0-768x280.jpg 768w, https:\/\/foredgetech.com\/wp-content\/uploads\/2024\/09\/6-Apollo\u4e91\u5e73\u53f0-1536x560.jpg 1536w, https:\/\/foredgetech.com\/wp-content\/uploads\/2024\/09\/6-Apollo\u4e91\u5e73\u53f0-18x7.jpg 18w\" data-sizes=\"(max-width: 1920px) 100vw, 1920px\" src=\"data:image\/svg+xml;base64,PHN2ZyB3aWR0aD0iMSIgaGVpZ2h0PSIxIiB4bWxucz0iaHR0cDovL3d3dy53My5vcmcvMjAwMC9zdmciPjwvc3ZnPg==\" style=\"--smush-placeholder-width: 1920px; --smush-placeholder-aspect-ratio: 1920\/700;\" \/>\t\t\t\t\t\t\t\t\t\t\t\t\t\t\t<\/div>\n\t\t\t\t<\/div>\n\t\t\t\t<div class=\"elementor-element elementor-element-c86f2b1 elementor-widget elementor-widget-image\" data-id=\"c86f2b1\" data-element_type=\"widget\" data-widget_type=\"image.default\">\n\t\t\t\t<div class=\"elementor-widget-container\">\n\t\t\t\t\t\t\t\t\t\t\t\t\t\t\t<img decoding=\"async\" width=\"1920\" height=\"756\" data-src=\"https:\/\/foredgetech.com\/wp-content\/uploads\/2024\/09\/7-\u8f7b\u76c8\u5c0f\u5de7.jpg\" class=\"attachment-full size-full wp-image-32507 lazyload\" alt=\"\" data-srcset=\"https:\/\/foredgetech.com\/wp-content\/uploads\/2024\/09\/7-\u8f7b\u76c8\u5c0f\u5de7.jpg 1920w, https:\/\/foredgetech.com\/wp-content\/uploads\/2024\/09\/7-\u8f7b\u76c8\u5c0f\u5de7-150x59.jpg 150w, https:\/\/foredgetech.com\/wp-content\/uploads\/2024\/09\/7-\u8f7b\u76c8\u5c0f\u5de7-600x236.jpg 600w, https:\/\/foredgetech.com\/wp-content\/uploads\/2024\/09\/7-\u8f7b\u76c8\u5c0f\u5de7-300x118.jpg 300w, https:\/\/foredgetech.com\/wp-content\/uploads\/2024\/09\/7-\u8f7b\u76c8\u5c0f\u5de7-768x302.jpg 768w, https:\/\/foredgetech.com\/wp-content\/uploads\/2024\/09\/7-\u8f7b\u76c8\u5c0f\u5de7-1536x605.jpg 1536w, https:\/\/foredgetech.com\/wp-content\/uploads\/2024\/09\/7-\u8f7b\u76c8\u5c0f\u5de7-18x7.jpg 18w\" data-sizes=\"(max-width: 1920px) 100vw, 1920px\" src=\"data:image\/svg+xml;base64,PHN2ZyB3aWR0aD0iMSIgaGVpZ2h0PSIxIiB4bWxucz0iaHR0cDovL3d3dy53My5vcmcvMjAwMC9zdmciPjwvc3ZnPg==\" style=\"--smush-placeholder-width: 1920px; --smush-placeholder-aspect-ratio: 1920\/756;\" \/>\t\t\t\t\t\t\t\t\t\t\t\t\t\t\t<\/div>\n\t\t\t\t<\/div>\n\t\t\t\t<div class=\"elementor-element elementor-element-7b00d67 elementor-widget elementor-widget-image\" data-id=\"7b00d67\" data-element_type=\"widget\" data-widget_type=\"image.default\">\n\t\t\t\t<div class=\"elementor-widget-container\">\n\t\t\t\t\t\t\t\t\t\t\t\t\t\t\t<img decoding=\"async\" width=\"1920\" height=\"756\" data-src=\"https:\/\/foredgetech.com\/wp-content\/uploads\/2024\/09\/8-\u5de5\u4f5c\u6e7f\u5ea6.jpg\" class=\"attachment-full size-full wp-image-32508 lazyload\" alt=\"\" data-srcset=\"https:\/\/foredgetech.com\/wp-content\/uploads\/2024\/09\/8-\u5de5\u4f5c\u6e7f\u5ea6.jpg 1920w, https:\/\/foredgetech.com\/wp-content\/uploads\/2024\/09\/8-\u5de5\u4f5c\u6e7f\u5ea6-150x59.jpg 150w, https:\/\/foredgetech.com\/wp-content\/uploads\/2024\/09\/8-\u5de5\u4f5c\u6e7f\u5ea6-600x236.jpg 600w, https:\/\/foredgetech.com\/wp-content\/uploads\/2024\/09\/8-\u5de5\u4f5c\u6e7f\u5ea6-300x118.jpg 300w, https:\/\/foredgetech.com\/wp-content\/uploads\/2024\/09\/8-\u5de5\u4f5c\u6e7f\u5ea6-768x302.jpg 768w, https:\/\/foredgetech.com\/wp-content\/uploads\/2024\/09\/8-\u5de5\u4f5c\u6e7f\u5ea6-1536x605.jpg 1536w, https:\/\/foredgetech.com\/wp-content\/uploads\/2024\/09\/8-\u5de5\u4f5c\u6e7f\u5ea6-18x7.jpg 18w\" data-sizes=\"(max-width: 1920px) 100vw, 1920px\" src=\"data:image\/svg+xml;base64,PHN2ZyB3aWR0aD0iMSIgaGVpZ2h0PSIxIiB4bWxucz0iaHR0cDovL3d3dy53My5vcmcvMjAwMC9zdmciPjwvc3ZnPg==\" style=\"--smush-placeholder-width: 1920px; --smush-placeholder-aspect-ratio: 1920\/756;\" \/>\t\t\t\t\t\t\t\t\t\t\t\t\t\t\t<\/div>\n\t\t\t\t<\/div>\n\t\t\t\t\t<\/div>\n\t\t\t\t<\/div>\n\t\t<div class=\"elementor-element elementor-element-5db430a e-flex e-con-boxed e-con e-parent\" data-id=\"5db430a\" data-element_type=\"container\">\n\t\t\t\t\t<div class=\"e-con-inner\">\n\t\t\t\t<div class=\"elementor-element elementor-element-cbf0a5c elementor-widget elementor-widget-heading\" data-id=\"cbf0a5c\" data-element_type=\"widget\" data-widget_type=\"heading.default\">\n\t\t\t\t<div class=\"elementor-widget-container\">\n\t\t\t\t\t<h2 class=\"elementor-heading-title elementor-size-default\">Sp\u00e9cifications<\/h2>\t\t\t\t<\/div>\n\t\t\t\t<\/div>\n\t\t\t\t<div class=\"elementor-element elementor-element-9772765 elementor-widget elementor-widget-text-editor\" data-id=\"9772765\" data-element_type=\"widget\" data-widget_type=\"text-editor.default\">\n\t\t\t\t<div class=\"elementor-widget-container\">\n\t\t\t\t\t\t\t\t\t<table width=\"663\"><tbody><tr><td width=\"118\"><p>Objet<\/p><\/td><td width=\"545\"><p>Description des param\u00e8tres<\/p><\/td><\/tr><tr><td width=\"118\"><p>Mod\u00e8le<\/p><\/td><td width=\"545\"><p>FAC109-PoE-MR<\/p><\/td><\/tr><tr><td width=\"118\"><p>Largeur de bande<\/p><\/td><td width=\"545\"><p>Largeur de bande maximale : 2 Gbps ; Largeur de bande recommand\u00e9e : 1 Gbps<\/p><\/td><\/tr><tr><td width=\"118\"><p>Port<\/p><\/td><td width=\"545\"><p>- 1 * Port WAN 10\/100\/1000M RJ45<br \/>- 1 * Port LAN\/WAN 10\/100\/1000M RJ45 (support PoE)<br \/>- 7 * Ports LAN 10\/100\/1000M RJ45\uff08Support PoE\uff09<\/p><\/td><\/tr><tr><td width=\"118\"><p>LED<\/p><\/td><td width=\"545\"><p>- Port RJ45\uff1aLink\/Act<br \/>- Panneau avant\uff1aSYS\u3001Power<\/p><\/td><\/tr><tr><td width=\"118\"><p>Alimentation \u00e9lectrique d'entr\u00e9e<\/p><\/td><td width=\"545\"><p>- DC52V\/2,5A<\/p><\/td><\/tr><tr><td width=\"118\"><p>PoE<\/p><\/td><td width=\"545\"><p>- Conforme aux normes IEEE 802.3af et IEEE 802.3at<\/p><p>- Port unique : puissance maximale de 30 W<\/p><p>- Puissance maximale 120W<\/p><\/td><\/tr><tr><td width=\"118\"><p>Protocole de r\u00e9seau<\/p><\/td><td width=\"545\"><p>TCP\/IP\u3001DHCP\u3001ICMP\u3001NAT\u3001PPPoE\u3001SNTP\u3001HTTP\u3001MQTT\u3001DNS\u3001DDNS<\/p><\/td><\/tr><tr><td width=\"118\"><p>\u00c9tat de fonctionnement<\/p><\/td><td width=\"545\"><p>- Informations de base sur l'appareil<\/p><p>- Informations sur l'interface (y compris l'\u00e9tat de la connexion et le d\u00e9bit)<\/p><p>- Acc\u00e9der \u00e0 l'\u00e9tat de la plate-forme en nuage<\/p><p>- Utilisation des ressources mat\u00e9rielles (CPU, m\u00e9moire, PoE)<\/p><p>- Informations sur le trafic en temps r\u00e9el<\/p><p>- Topologie du r\u00e9seau<\/p><p>- \u00c9tat du r\u00e9seau \u00e9tendu (WAN)<\/p><p>- \u00c9tat du r\u00e9seau local<\/p><\/td><\/tr><tr><td width=\"118\"><p>Configuration du r\u00e9seau<\/p><\/td><td width=\"545\"><p>- Param\u00e8tres WAN (DHCP, IP statique, PPPOE), prise en charge de la redondance du double port WAN, de la superposition de la bande passante, de l'\u00e9quilibrage de la charge de trafic.<\/p><p>- Param\u00e8tres du r\u00e9seau local<\/p><p>- Param\u00e8tres IPV6<\/p><p>- DHCP<\/p><p>- Diagnostic du r\u00e9seau<\/p><\/td><\/tr><tr><td width=\"118\"><p>Gestion centralis\u00e9e de l'AP<\/p><\/td><td width=\"545\"><p>- Gestion centralis\u00e9e des points d'acc\u00e8s : Configuration des mod\u00e8les, des listes d'acc\u00e8s aux points d'acc\u00e8s, de l'\u00e9quilibrage de la charge, de l'itin\u00e9rance intelligente, du r\u00e9glage RF, du mode r\u00e9seau sans fil et de la gestion des mises \u00e0 jour.<\/p><p>\u2022 AP Settings, unified management of 50 Foredge AP products;<\/p><p>- Plug and play (pr\u00eat \u00e0 l'emploi) ;<\/p><\/td><\/tr><tr><td width=\"118\"><p>Gestion des terminaux<\/p><\/td><td width=\"545\"><p>Masque et limite de d\u00e9bit pour les terminaux qui acc\u00e8dent \u00e0 l'aps<\/p><\/td><\/tr><tr><td width=\"118\"><p>Chargement typique de la bande<\/p><\/td><td width=\"545\"><p>100 unit\u00e9s<\/p><\/td><\/tr><tr><td width=\"118\"><p>Gestion de la s\u00e9curit\u00e9<\/p><\/td><td width=\"545\"><p>- Prise en charge du filtrage Internet (filtrage IP, filtrage MAC, filtrage des ports, filtrage des noms de domaine)<\/p><p>- Prise en charge du filtrage des groupes d'applications (achats, vid\u00e9o, jeux)<\/p><p>- Prise en charge de la redondance de sauvegarde pour les ports WAN doubles<\/p><p><span style=\"font-family: var(--minimog-typography-body-font-family); font-size: var(--minimog-typography-body-font-size); font-weight: var(--minimog-typography-body-font-weight);\">. Access Control Lists (ACLs)<\/span><\/p><\/td><\/tr><tr><td width=\"118\"><p>Secure Methods<\/p><\/td><td width=\"545\"><p>\u2022 Supports PPTP and L2TP\u00a0<\/p><\/td><\/tr><tr><td width=\"118\"><p>Gestion de l'authentification<\/p><\/td><td width=\"545\"><p>- L'authentification Web, l'acc\u00e8s \u00e0 l'Internet en un seul clic, peut fournir une publicit\u00e9 commerciale par le biais de la page du portail ;<\/p><p>- l'authentification par SMS, qui r\u00e9pond aux exigences de l'authentification par nom r\u00e9el et permet de mener des actions de marketing secondaire sur la base du num\u00e9ro de t\u00e9l\u00e9phone mobile ;<\/p><\/td><\/tr><tr><td width=\"118\"><p>Fonction avanc\u00e9e<\/p><\/td><td width=\"545\"><p>- Qualit\u00e9 de service<br \/>- DDNS<\/p><\/td><\/tr><tr><td width=\"118\"><p>Outil syst\u00e8me<\/p><\/td><td width=\"545\"><p>- Temps du syst\u00e8me<\/p><p>- Gestion des utilisateurs<\/p><p>- Journaux du syst\u00e8me<\/p><p>- Sauvegarde\/restauration<\/p><p>- Mise \u00e0 niveau du syst\u00e8me<\/p><p>- Red\u00e9marrer le syst\u00e8me<\/p><\/td><\/tr><tr><td width=\"118\"><p>Mode de dissipation de la chaleur<\/p><\/td><td width=\"545\"><p>- Dissipation naturelle de la chaleur<\/p><\/td><\/tr><tr><td width=\"118\"><p>Utiliser l'environnement<\/p><\/td><td width=\"545\"><p>- Temp\u00e9rature de fonctionnement : -20\u2103- 50\u2103,<\/p><p>- Humidit\u00e9 de fonctionnement : 10% - 90%RH sans condensation<\/p><p>- Temp\u00e9rature de stockage : -40\u2103-70\u2103,<\/p><p>- Humidit\u00e9 de stockage : 5%-90%RH sans condensation<\/p><\/td><\/tr><tr><td width=\"118\"><p>Dimension globale<\/p><\/td><td width=\"545\"><p>185(l)x100(p)x28(h) mm<\/p><\/td><\/tr><\/tbody><\/table>\t\t\t\t\t\t\t\t<\/div>\n\t\t\t\t<\/div>\n\t\t\t\t\t<\/div>\n\t\t\t\t<\/div>\n\t\t\t\t<\/div>","protected":false},"excerpt":{"rendered":"<p>\u25cf Fonctions de routage, fonctions de gestion du courant alternatif, fonctions PoE en un, prise en charge de la gestion centralis\u00e9e des AP.<br \/>\n\u25cf Prise en charge de la redondance de sauvegarde des ports WAN doubles, de la superposition de la bande passante et de l'\u00e9quilibrage de la charge de trafic.<br \/>\n\u25cf Prise en charge de diverses m\u00e9thodes d'authentification, contr\u00f4le des droits d'acc\u00e8s \u00e0 l'internet, marketing publicitaire.<br \/>\n\u25cf Efficient ACL to ensure internal and external network security<br \/>\n\u25cf Prise en charge de la gestion \u00e0 distance des plateformes cloud et des app.<\/p>","protected":false},"featured_media":32498,"template":"","meta":[],"product_brand":[],"product_cat":[623,586],"product_tag":[],"class_list":{"0":"post-32496","1":"product","2":"type-product","3":"status-publish","4":"has-post-thumbnail","6":"product_cat-wireless-ac","7":"product_cat-apac","8":"pa_series-ac","10":"first","11":"instock","12":"shipping-taxable","13":"product-type-simple"},"_links":{"self":[{"href":"https:\/\/foredgetech.com\/fr\/wp-json\/wp\/v2\/product\/32496","targetHints":{"allow":["GET"]}}],"collection":[{"href":"https:\/\/foredgetech.com\/fr\/wp-json\/wp\/v2\/product"}],"about":[{"href":"https:\/\/foredgetech.com\/fr\/wp-json\/wp\/v2\/types\/product"}],"version-history":[{"count":1,"href":"https:\/\/foredgetech.com\/fr\/wp-json\/wp\/v2\/product\/32496\/revisions"}],"predecessor-version":[{"id":33796,"href":"https:\/\/foredgetech.com\/fr\/wp-json\/wp\/v2\/product\/32496\/revisions\/33796"}],"wp:featuredmedia":[{"embeddable":true,"href":"https:\/\/foredgetech.com\/fr\/wp-json\/wp\/v2\/media\/32498"}],"wp:attachment":[{"href":"https:\/\/foredgetech.com\/fr\/wp-json\/wp\/v2\/media?parent=32496"}],"wp:term":[{"taxonomy":"product_brand","embeddable":true,"href":"https:\/\/foredgetech.com\/fr\/wp-json\/wp\/v2\/product_brand?post=32496"},{"taxonomy":"product_cat","embeddable":true,"href":"https:\/\/foredgetech.com\/fr\/wp-json\/wp\/v2\/product_cat?post=32496"},{"taxonomy":"product_tag","embeddable":true,"href":"https:\/\/foredgetech.com\/fr\/wp-json\/wp\/v2\/product_tag?post=32496"}],"curies":[{"name":"wp","href":"https:\/\/api.w.org\/{rel}","templated":true}]}}