{"id":31501,"date":"2024-01-18T06:35:50","date_gmt":"2024-01-18T06:35:50","guid":{"rendered":"https:\/\/foredgetech.com\/?post_type=product&#038;p=31501"},"modified":"2025-12-18T10:32:17","modified_gmt":"2025-12-18T10:32:17","slug":"is104gp-2f","status":"publish","type":"product","link":"https:\/\/foredgetech.com\/fr\/produit\/is104gp-2f\/","title":{"rendered":"IS104GP-2F Commutateur POE industriel Gigabit 6 ports"},"content":{"rendered":"<div data-elementor-type=\"wp-post\" data-elementor-id=\"31501\" class=\"elementor elementor-31501\">\n\t\t\t\t\t\t<section class=\"elementor-section elementor-top-section elementor-element elementor-element-5058e617 elementor-section-full_width elementor-section-gap-beside-no elementor-section-height-default elementor-section-height-default elementor-section-column-vertical-align-stretch\" data-id=\"5058e617\" data-element_type=\"section\">\n\t\t\t\t\t\t<div class=\"elementor-container elementor-column-gap-extended\">\n\t\t\t\t\t<div class=\"elementor-column elementor-col-33 elementor-top-column elementor-element elementor-element-f61c77a\" data-id=\"f61c77a\" data-element_type=\"column\">\n\t\t\t<div class=\"elementor-widget-wrap elementor-element-populated\">\n\t\t\t\t\t\t<div class=\"elementor-element elementor-element-12229f05 elementor-widget elementor-widget-tm-modern-image\" data-id=\"12229f05\" data-element_type=\"widget\" data-widget_type=\"tm-modern-image.default\">\n\t\t\t\t<div class=\"elementor-widget-container\">\n\t\t\t\t\t\t\t<div class=\"tm-modern-image\">\n\t\t\t\t\t\t\t<div class=\"minimog-box\">\n\t\t\t\t\t<div class=\"minimog-image\">\t\t\t\t\t<m-image class=\"minimog-lazy-image\" style=\"--lazy-image-width: 300px;--lazy-image-height: 83.333333333333%;\" data-image-loading><img decoding=\"async\"  data-src=\"https:\/\/foredgetech.com\/wp-content\/uploads\/2024\/01\/IS104GP-2F_-2.png\" width=\"300\" height=\"250\" alt=\"IS104GP-2F_\" class=\"attachment-full size-full lazyload\" src=\"data:image\/svg+xml;base64,PHN2ZyB3aWR0aD0iMSIgaGVpZ2h0PSIxIiB4bWxucz0iaHR0cDovL3d3dy53My5vcmcvMjAwMC9zdmciPjwvc3ZnPg==\" style=\"--smush-placeholder-width: 300px; --smush-placeholder-aspect-ratio: 300\/250;\" \/><\/m-image>\t\t\t\t\t<\/div>\t\t\t\t<\/div>\n\t\t\t\t\t\t\t\t\t\t<\/div>\n\t\t\t\t\t\t<\/div>\n\t\t\t\t<\/div>\n\t\t\t\t\t<\/div>\n\t\t<\/div>\n\t\t\t\t<div class=\"elementor-column elementor-col-66 elementor-top-column elementor-element elementor-element-78bc78c2\" data-id=\"78bc78c2\" data-element_type=\"column\">\n\t\t\t<div class=\"elementor-widget-wrap elementor-element-populated\">\n\t\t\t\t\t\t<div class=\"elementor-element elementor-element-2052b071 elementor-widget elementor-widget-tm-heading\" data-id=\"2052b071\" data-element_type=\"widget\" data-widget_type=\"tm-heading.default\">\n\t\t\t\t<div class=\"elementor-widget-container\">\n\t\t\t\t\t\t\t<div class=\"tm-modern-heading tm-modern-heading--style-01 tm-modern-heading--highlight-style-01\">\n\t\t\t\n\t\t\t\t\t<div class=\"heading-primary-wrap\">\n\t\t\t<h4 class=\"heading-primary elementor-heading-title\">Vue d'ensemble<\/h4>\t\t<\/div>\n\t\t\n\t\t\t\n\t\t\t\t\t<\/div>\n\t\t\t\t\t\t<\/div>\n\t\t\t\t<\/div>\n\t\t\t\t<div class=\"elementor-element elementor-element-7c6ab884 elementor-widget elementor-widget-text-editor\" data-id=\"7c6ab884\" data-element_type=\"widget\" data-widget_type=\"text-editor.default\">\n\t\t\t\t<div class=\"elementor-widget-container\">\n\t\t\t\t\t\t\t\t\t<p>Il s'agit d'un commutateur industriel POE Gigabit \u00e0 6 ports. Il offre 4 ports PoE Gigabit et 2 ports optiques Gigabit.<\/p>\t\t\t\t\t\t\t\t<\/div>\n\t\t\t\t<\/div>\n\t\t\t\t<section class=\"elementor-section elementor-inner-section elementor-element elementor-element-2afe0aab elementor-section-gap-beside-no elementor-section-full_width elementor-section-height-default elementor-section-height-default elementor-section-column-vertical-align-stretch\" data-id=\"2afe0aab\" data-element_type=\"section\">\n\t\t\t\t\t\t<div class=\"elementor-container elementor-column-gap-extended\">\n\t\t\t\t\t<div class=\"elementor-column elementor-col-33 elementor-inner-column elementor-element elementor-element-7751e85f\" data-id=\"7751e85f\" data-element_type=\"column\">\n\t\t\t<div class=\"elementor-widget-wrap elementor-element-populated\">\n\t\t\t\t\t\t<div class=\"elementor-element elementor-element-d07ae98 elementor-widget elementor-widget-tm-heading\" data-id=\"d07ae98\" data-element_type=\"widget\" data-widget_type=\"tm-heading.default\">\n\t\t\t\t<div class=\"elementor-widget-container\">\n\t\t\t\t\t\t\t<div class=\"tm-modern-heading tm-modern-heading--style-01 tm-modern-heading--highlight-style-01\">\n\t\t\t\n\t\t\t\t\t<div class=\"heading-primary-wrap\">\n\t\t\t<h6 class=\"heading-primary elementor-heading-title\">Largeur de bande du fond de panier du commutateur<\/h6>\t\t<\/div>\n\t\t\n\t\t\t\n\t\t\t\t\t<div class=\"heading-description-wrap\">\n\t\t\t<div class=\"heading-description\">\n\t\t\t\t<p>12Gbps<\/p>\t\t\t<\/div>\n\t\t<\/div>\n\t\t\t\t<\/div>\n\t\t\t\t\t\t<\/div>\n\t\t\t\t<\/div>\n\t\t\t\t<div class=\"elementor-element elementor-element-7cf8fe9 elementor-widget elementor-widget-tm-heading\" data-id=\"7cf8fe9\" data-element_type=\"widget\" data-widget_type=\"tm-heading.default\">\n\t\t\t\t<div class=\"elementor-widget-container\">\n\t\t\t\t\t\t\t<div class=\"tm-modern-heading tm-modern-heading--style-01 tm-modern-heading--highlight-style-01\">\n\t\t\t\n\t\t\t\t\t<div class=\"heading-primary-wrap\">\n\t\t\t<h6 class=\"heading-primary elementor-heading-title\">Humidit\u00e9 de travail<\/h6>\t\t<\/div>\n\t\t\n\t\t\t\n\t\t\t\t\t<div class=\"heading-description-wrap\">\n\t\t\t<div class=\"heading-description\">\n\t\t\t\t<p>5%~95% RH sans condensation<\/p>\t\t\t<\/div>\n\t\t<\/div>\n\t\t\t\t<\/div>\n\t\t\t\t\t\t<\/div>\n\t\t\t\t<\/div>\n\t\t\t\t\t<\/div>\n\t\t<\/div>\n\t\t\t\t<div class=\"elementor-column elementor-col-33 elementor-inner-column elementor-element elementor-element-c6e3a56\" data-id=\"c6e3a56\" data-element_type=\"column\">\n\t\t\t<div class=\"elementor-widget-wrap elementor-element-populated\">\n\t\t\t\t\t\t<div class=\"elementor-element elementor-element-44fb51c6 elementor-widget elementor-widget-tm-heading\" data-id=\"44fb51c6\" data-element_type=\"widget\" data-widget_type=\"tm-heading.default\">\n\t\t\t\t<div class=\"elementor-widget-container\">\n\t\t\t\t\t\t\t<div class=\"tm-modern-heading tm-modern-heading--style-01 tm-modern-heading--highlight-style-01\">\n\t\t\t\n\t\t\t\t\t<div class=\"heading-primary-wrap\">\n\t\t\t<h6 class=\"heading-primary elementor-heading-title\">Transfert de paquets<\/h6>\t\t<\/div>\n\t\t\n\t\t\t\n\t\t\t\t\t<div class=\"heading-description-wrap\">\n\t\t\t<div class=\"heading-description\">\n\t\t\t\t<p>8 .9Mpps<\/p>\t\t\t<\/div>\n\t\t<\/div>\n\t\t\t\t<\/div>\n\t\t\t\t\t\t<\/div>\n\t\t\t\t<\/div>\n\t\t\t\t<div class=\"elementor-element elementor-element-2de3256a elementor-widget elementor-widget-tm-heading\" data-id=\"2de3256a\" data-element_type=\"widget\" data-widget_type=\"tm-heading.default\">\n\t\t\t\t<div class=\"elementor-widget-container\">\n\t\t\t\t\t\t\t<div class=\"tm-modern-heading tm-modern-heading--style-01 tm-modern-heading--highlight-style-01\">\n\t\t\t\n\t\t\t\t\t<div class=\"heading-primary-wrap\">\n\t\t\t<h6 class=\"heading-primary elementor-heading-title\">Dimensions (L \u00d7 P \u00d7 H)<\/h6>\t\t<\/div>\n\t\t\n\t\t\t\n\t\t\t\t\t<div class=\"heading-description-wrap\">\n\t\t\t<div class=\"heading-description\">\n\t\t\t\t<p>150mm\u00d7127mm\u00d740mm<\/p>\t\t\t<\/div>\n\t\t<\/div>\n\t\t\t\t<\/div>\n\t\t\t\t\t\t<\/div>\n\t\t\t\t<\/div>\n\t\t\t\t<div class=\"elementor-element elementor-element-453d78ca elementor-widget elementor-widget-spacer\" data-id=\"453d78ca\" data-element_type=\"widget\" data-widget_type=\"spacer.default\">\n\t\t\t\t<div class=\"elementor-widget-container\">\n\t\t\t\t\t\t\t<div class=\"elementor-spacer\">\n\t\t\t<div class=\"elementor-spacer-inner\"><\/div>\n\t\t<\/div>\n\t\t\t\t\t\t<\/div>\n\t\t\t\t<\/div>\n\t\t\t\t\t<\/div>\n\t\t<\/div>\n\t\t\t\t<div class=\"elementor-column elementor-col-33 elementor-inner-column elementor-element elementor-element-63d177a8\" data-id=\"63d177a8\" data-element_type=\"column\">\n\t\t\t<div class=\"elementor-widget-wrap elementor-element-populated\">\n\t\t\t\t\t\t<div class=\"elementor-element elementor-element-47145555 elementor-widget elementor-widget-tm-heading\" data-id=\"47145555\" data-element_type=\"widget\" data-widget_type=\"tm-heading.default\">\n\t\t\t\t<div class=\"elementor-widget-container\">\n\t\t\t\t\t\t\t<div class=\"tm-modern-heading tm-modern-heading--style-01 tm-modern-heading--highlight-style-01\">\n\t\t\t\n\t\t\t\t\t<div class=\"heading-primary-wrap\">\n\t\t\t<h6 class=\"heading-primary elementor-heading-title\">port de commutation<\/h6>\t\t<\/div>\n\t\t\n\t\t\t\n\t\t\t\t\t<div class=\"heading-description-wrap\">\n\t\t\t<div class=\"heading-description\">\n\t\t\t\t<p>4 * 10\/ 100\/ 1000Mbps RJ45 port<\/p><p>2 * Port SFP<\/p>\t\t\t<\/div>\n\t\t<\/div>\n\t\t\t\t<\/div>\n\t\t\t\t\t\t<\/div>\n\t\t\t\t<\/div>\n\t\t\t\t\t<\/div>\n\t\t<\/div>\n\t\t\t\t\t<\/div>\n\t\t<\/section>\n\t\t\t\t\t<\/div>\n\t\t<\/div>\n\t\t\t\t\t<\/div>\n\t\t<\/section>\n\t\t<div class=\"elementor-element elementor-element-1b74d531 e-flex e-con-boxed e-con e-parent\" data-id=\"1b74d531\" data-element_type=\"container\">\n\t\t\t\t\t<div class=\"e-con-inner\">\n\t\t\t\t<div class=\"elementor-element elementor-element-aaf7427 elementor-widget elementor-widget-image\" data-id=\"aaf7427\" data-element_type=\"widget\" data-widget_type=\"image.default\">\n\t\t\t\t<div class=\"elementor-widget-container\">\n\t\t\t\t\t\t\t\t\t\t\t\t\t\t\t<img fetchpriority=\"high\" decoding=\"async\" width=\"1920\" height=\"1207\" src=\"https:\/\/foredgetech.com\/wp-content\/uploads\/2024\/01\/A1-\u4ea7\u54c1\u56fe-9.jpg\" class=\"attachment-full size-full wp-image-31506\" alt=\"\" srcset=\"https:\/\/foredgetech.com\/wp-content\/uploads\/2024\/01\/A1-\u4ea7\u54c1\u56fe-9.jpg 1920w, https:\/\/foredgetech.com\/wp-content\/uploads\/2024\/01\/A1-\u4ea7\u54c1\u56fe-9-150x94.jpg 150w, https:\/\/foredgetech.com\/wp-content\/uploads\/2024\/01\/A1-\u4ea7\u54c1\u56fe-9-600x377.jpg 600w, https:\/\/foredgetech.com\/wp-content\/uploads\/2024\/01\/A1-\u4ea7\u54c1\u56fe-9-300x189.jpg 300w, https:\/\/foredgetech.com\/wp-content\/uploads\/2024\/01\/A1-\u4ea7\u54c1\u56fe-9-768x483.jpg 768w, https:\/\/foredgetech.com\/wp-content\/uploads\/2024\/01\/A1-\u4ea7\u54c1\u56fe-9-1536x966.jpg 1536w, https:\/\/foredgetech.com\/wp-content\/uploads\/2024\/01\/A1-\u4ea7\u54c1\u56fe-9-18x12.jpg 18w\" sizes=\"(max-width: 1920px) 100vw, 1920px\" \/>\t\t\t\t\t\t\t\t\t\t\t\t\t\t\t<\/div>\n\t\t\t\t<\/div>\n\t\t\t\t<div class=\"elementor-element elementor-element-32289a0 elementor-widget elementor-widget-image\" data-id=\"32289a0\" data-element_type=\"widget\" data-widget_type=\"image.default\">\n\t\t\t\t<div class=\"elementor-widget-container\">\n\t\t\t\t\t\t\t\t\t\t\t\t\t\t\t<img decoding=\"async\" width=\"1920\" height=\"756\" data-src=\"https:\/\/foredgetech.com\/wp-content\/uploads\/2024\/01\/B2-\u667a\u80fd\u4ea4\u901a\u3001\u80fd\u6e90\u3001\u7535\u529b\u3001\u89c6\u9891\u76d1\u63a7-5.jpg\" class=\"attachment-full size-full wp-image-31507 lazyload\" alt=\"\" data-srcset=\"https:\/\/foredgetech.com\/wp-content\/uploads\/2024\/01\/B2-\u667a\u80fd\u4ea4\u901a\u3001\u80fd\u6e90\u3001\u7535\u529b\u3001\u89c6\u9891\u76d1\u63a7-5.jpg 1920w, https:\/\/foredgetech.com\/wp-content\/uploads\/2024\/01\/B2-\u667a\u80fd\u4ea4\u901a\u3001\u80fd\u6e90\u3001\u7535\u529b\u3001\u89c6\u9891\u76d1\u63a7-5-150x59.jpg 150w, https:\/\/foredgetech.com\/wp-content\/uploads\/2024\/01\/B2-\u667a\u80fd\u4ea4\u901a\u3001\u80fd\u6e90\u3001\u7535\u529b\u3001\u89c6\u9891\u76d1\u63a7-5-600x236.jpg 600w, https:\/\/foredgetech.com\/wp-content\/uploads\/2024\/01\/B2-\u667a\u80fd\u4ea4\u901a\u3001\u80fd\u6e90\u3001\u7535\u529b\u3001\u89c6\u9891\u76d1\u63a7-5-300x118.jpg 300w, https:\/\/foredgetech.com\/wp-content\/uploads\/2024\/01\/B2-\u667a\u80fd\u4ea4\u901a\u3001\u80fd\u6e90\u3001\u7535\u529b\u3001\u89c6\u9891\u76d1\u63a7-5-768x302.jpg 768w, https:\/\/foredgetech.com\/wp-content\/uploads\/2024\/01\/B2-\u667a\u80fd\u4ea4\u901a\u3001\u80fd\u6e90\u3001\u7535\u529b\u3001\u89c6\u9891\u76d1\u63a7-5-1536x605.jpg 1536w, https:\/\/foredgetech.com\/wp-content\/uploads\/2024\/01\/B2-\u667a\u80fd\u4ea4\u901a\u3001\u80fd\u6e90\u3001\u7535\u529b\u3001\u89c6\u9891\u76d1\u63a7-5-18x7.jpg 18w\" data-sizes=\"(max-width: 1920px) 100vw, 1920px\" src=\"data:image\/svg+xml;base64,PHN2ZyB3aWR0aD0iMSIgaGVpZ2h0PSIxIiB4bWxucz0iaHR0cDovL3d3dy53My5vcmcvMjAwMC9zdmciPjwvc3ZnPg==\" style=\"--smush-placeholder-width: 1920px; --smush-placeholder-aspect-ratio: 1920\/756;\" \/>\t\t\t\t\t\t\t\t\t\t\t\t\t\t\t<\/div>\n\t\t\t\t<\/div>\n\t\t\t\t<div class=\"elementor-element elementor-element-a24cb53 elementor-widget elementor-widget-image\" data-id=\"a24cb53\" data-element_type=\"widget\" data-widget_type=\"image.default\">\n\t\t\t\t<div class=\"elementor-widget-container\">\n\t\t\t\t\t\t\t\t\t\t\t\t\t\t\t<img decoding=\"async\" width=\"1920\" height=\"756\" data-src=\"https:\/\/foredgetech.com\/wp-content\/uploads\/2024\/01\/C3-\u5b8c\u5584\u7684\u5b89\u5168\u673a\u5236-14.jpg\" class=\"attachment-full size-full wp-image-31508 lazyload\" alt=\"\" data-srcset=\"https:\/\/foredgetech.com\/wp-content\/uploads\/2024\/01\/C3-\u5b8c\u5584\u7684\u5b89\u5168\u673a\u5236-14.jpg 1920w, https:\/\/foredgetech.com\/wp-content\/uploads\/2024\/01\/C3-\u5b8c\u5584\u7684\u5b89\u5168\u673a\u5236-14-150x59.jpg 150w, https:\/\/foredgetech.com\/wp-content\/uploads\/2024\/01\/C3-\u5b8c\u5584\u7684\u5b89\u5168\u673a\u5236-14-600x236.jpg 600w, https:\/\/foredgetech.com\/wp-content\/uploads\/2024\/01\/C3-\u5b8c\u5584\u7684\u5b89\u5168\u673a\u5236-14-300x118.jpg 300w, https:\/\/foredgetech.com\/wp-content\/uploads\/2024\/01\/C3-\u5b8c\u5584\u7684\u5b89\u5168\u673a\u5236-14-768x302.jpg 768w, https:\/\/foredgetech.com\/wp-content\/uploads\/2024\/01\/C3-\u5b8c\u5584\u7684\u5b89\u5168\u673a\u5236-14-1536x605.jpg 1536w, https:\/\/foredgetech.com\/wp-content\/uploads\/2024\/01\/C3-\u5b8c\u5584\u7684\u5b89\u5168\u673a\u5236-14-18x7.jpg 18w\" data-sizes=\"(max-width: 1920px) 100vw, 1920px\" src=\"data:image\/svg+xml;base64,PHN2ZyB3aWR0aD0iMSIgaGVpZ2h0PSIxIiB4bWxucz0iaHR0cDovL3d3dy53My5vcmcvMjAwMC9zdmciPjwvc3ZnPg==\" style=\"--smush-placeholder-width: 1920px; --smush-placeholder-aspect-ratio: 1920\/756;\" \/>\t\t\t\t\t\t\t\t\t\t\t\t\t\t\t<\/div>\n\t\t\t\t<\/div>\n\t\t\t\t<div class=\"elementor-element elementor-element-5379a16 elementor-widget elementor-widget-image\" data-id=\"5379a16\" data-element_type=\"widget\" data-widget_type=\"image.default\">\n\t\t\t\t<div class=\"elementor-widget-container\">\n\t\t\t\t\t\t\t\t\t\t\t\t\t\t\t<img decoding=\"async\" width=\"1920\" height=\"756\" data-src=\"https:\/\/foredgetech.com\/wp-content\/uploads\/2024\/01\/D4-1-\u7aef\u53e3\u5206\u533a-10.jpg\" class=\"attachment-full size-full wp-image-31509 lazyload\" alt=\"\" data-srcset=\"https:\/\/foredgetech.com\/wp-content\/uploads\/2024\/01\/D4-1-\u7aef\u53e3\u5206\u533a-10.jpg 1920w, https:\/\/foredgetech.com\/wp-content\/uploads\/2024\/01\/D4-1-\u7aef\u53e3\u5206\u533a-10-150x59.jpg 150w, https:\/\/foredgetech.com\/wp-content\/uploads\/2024\/01\/D4-1-\u7aef\u53e3\u5206\u533a-10-600x236.jpg 600w, https:\/\/foredgetech.com\/wp-content\/uploads\/2024\/01\/D4-1-\u7aef\u53e3\u5206\u533a-10-300x118.jpg 300w, https:\/\/foredgetech.com\/wp-content\/uploads\/2024\/01\/D4-1-\u7aef\u53e3\u5206\u533a-10-768x302.jpg 768w, https:\/\/foredgetech.com\/wp-content\/uploads\/2024\/01\/D4-1-\u7aef\u53e3\u5206\u533a-10-1536x605.jpg 1536w, https:\/\/foredgetech.com\/wp-content\/uploads\/2024\/01\/D4-1-\u7aef\u53e3\u5206\u533a-10-18x7.jpg 18w\" data-sizes=\"(max-width: 1920px) 100vw, 1920px\" src=\"data:image\/svg+xml;base64,PHN2ZyB3aWR0aD0iMSIgaGVpZ2h0PSIxIiB4bWxucz0iaHR0cDovL3d3dy53My5vcmcvMjAwMC9zdmciPjwvc3ZnPg==\" style=\"--smush-placeholder-width: 1920px; --smush-placeholder-aspect-ratio: 1920\/756;\" \/>\t\t\t\t\t\t\t\t\t\t\t\t\t\t\t<\/div>\n\t\t\t\t<\/div>\n\t\t\t\t<div class=\"elementor-element elementor-element-0cdffed elementor-widget elementor-widget-image\" data-id=\"0cdffed\" data-element_type=\"widget\" data-widget_type=\"image.default\">\n\t\t\t\t<div class=\"elementor-widget-container\">\n\t\t\t\t\t\t\t\t\t\t\t\t\t\t\t<img decoding=\"async\" width=\"1920\" height=\"756\" data-src=\"https:\/\/foredgetech.com\/wp-content\/uploads\/2024\/01\/D4-2-\u6570\u636e\u5305\u8f6c\u53d1-24.jpg\" class=\"attachment-full size-full wp-image-31511 lazyload\" alt=\"\" data-srcset=\"https:\/\/foredgetech.com\/wp-content\/uploads\/2024\/01\/D4-2-\u6570\u636e\u5305\u8f6c\u53d1-24.jpg 1920w, https:\/\/foredgetech.com\/wp-content\/uploads\/2024\/01\/D4-2-\u6570\u636e\u5305\u8f6c\u53d1-24-150x59.jpg 150w, https:\/\/foredgetech.com\/wp-content\/uploads\/2024\/01\/D4-2-\u6570\u636e\u5305\u8f6c\u53d1-24-600x236.jpg 600w, https:\/\/foredgetech.com\/wp-content\/uploads\/2024\/01\/D4-2-\u6570\u636e\u5305\u8f6c\u53d1-24-300x118.jpg 300w, https:\/\/foredgetech.com\/wp-content\/uploads\/2024\/01\/D4-2-\u6570\u636e\u5305\u8f6c\u53d1-24-768x302.jpg 768w, https:\/\/foredgetech.com\/wp-content\/uploads\/2024\/01\/D4-2-\u6570\u636e\u5305\u8f6c\u53d1-24-1536x605.jpg 1536w, https:\/\/foredgetech.com\/wp-content\/uploads\/2024\/01\/D4-2-\u6570\u636e\u5305\u8f6c\u53d1-24-18x7.jpg 18w\" data-sizes=\"(max-width: 1920px) 100vw, 1920px\" src=\"data:image\/svg+xml;base64,PHN2ZyB3aWR0aD0iMSIgaGVpZ2h0PSIxIiB4bWxucz0iaHR0cDovL3d3dy53My5vcmcvMjAwMC9zdmciPjwvc3ZnPg==\" style=\"--smush-placeholder-width: 1920px; --smush-placeholder-aspect-ratio: 1920\/756;\" \/>\t\t\t\t\t\t\t\t\t\t\t\t\t\t\t<\/div>\n\t\t\t\t<\/div>\n\t\t\t\t<div class=\"elementor-element elementor-element-6c8fb10 elementor-widget elementor-widget-image\" data-id=\"6c8fb10\" data-element_type=\"widget\" data-widget_type=\"image.default\">\n\t\t\t\t<div class=\"elementor-widget-container\">\n\t\t\t\t\t\t\t\t\t\t\t\t\t\t\t<img decoding=\"async\" width=\"1920\" height=\"756\" data-src=\"https:\/\/foredgetech.com\/wp-content\/uploads\/2024\/01\/D4-3-\u5de5\u4f5c\u6e7f\u5ea6-29.jpg\" class=\"attachment-full size-full wp-image-31512 lazyload\" alt=\"\" data-srcset=\"https:\/\/foredgetech.com\/wp-content\/uploads\/2024\/01\/D4-3-\u5de5\u4f5c\u6e7f\u5ea6-29.jpg 1920w, https:\/\/foredgetech.com\/wp-content\/uploads\/2024\/01\/D4-3-\u5de5\u4f5c\u6e7f\u5ea6-29-150x59.jpg 150w, https:\/\/foredgetech.com\/wp-content\/uploads\/2024\/01\/D4-3-\u5de5\u4f5c\u6e7f\u5ea6-29-600x236.jpg 600w, https:\/\/foredgetech.com\/wp-content\/uploads\/2024\/01\/D4-3-\u5de5\u4f5c\u6e7f\u5ea6-29-300x118.jpg 300w, https:\/\/foredgetech.com\/wp-content\/uploads\/2024\/01\/D4-3-\u5de5\u4f5c\u6e7f\u5ea6-29-768x302.jpg 768w, https:\/\/foredgetech.com\/wp-content\/uploads\/2024\/01\/D4-3-\u5de5\u4f5c\u6e7f\u5ea6-29-1536x605.jpg 1536w, https:\/\/foredgetech.com\/wp-content\/uploads\/2024\/01\/D4-3-\u5de5\u4f5c\u6e7f\u5ea6-29-18x7.jpg 18w\" data-sizes=\"(max-width: 1920px) 100vw, 1920px\" src=\"data:image\/svg+xml;base64,PHN2ZyB3aWR0aD0iMSIgaGVpZ2h0PSIxIiB4bWxucz0iaHR0cDovL3d3dy53My5vcmcvMjAwMC9zdmciPjwvc3ZnPg==\" style=\"--smush-placeholder-width: 1920px; --smush-placeholder-aspect-ratio: 1920\/756;\" \/>\t\t\t\t\t\t\t\t\t\t\t\t\t\t\t<\/div>\n\t\t\t\t<\/div>\n\t\t\t\t\t<\/div>\n\t\t\t\t<\/div>\n\t\t<div class=\"elementor-element elementor-element-4ce676b e-flex e-con-boxed e-con e-parent\" data-id=\"4ce676b\" data-element_type=\"container\">\n\t\t\t\t\t<div class=\"e-con-inner\">\n\t\t\t\t<div class=\"elementor-element elementor-element-142864b elementor-widget elementor-widget-heading\" data-id=\"142864b\" data-element_type=\"widget\" data-widget_type=\"heading.default\">\n\t\t\t\t<div class=\"elementor-widget-container\">\n\t\t\t\t\t<h2 class=\"elementor-heading-title elementor-size-default\">Sp\u00e9cifications<\/h2>\t\t\t\t<\/div>\n\t\t\t\t<\/div>\n\t\t\t\t<div class=\"elementor-element elementor-element-c85a48f elementor-widget elementor-widget-text-editor\" data-id=\"c85a48f\" data-element_type=\"widget\" data-widget_type=\"text-editor.default\">\n\t\t\t\t<div class=\"elementor-widget-container\">\n\t\t\t\t\t\t\t\t\t<table><tbody><tr><td colspan=\"2\"><p><strong>Sp\u00e9cifications du mat\u00e9riel<\/strong><\/p><\/td><\/tr><tr><td><p><strong>Interface r\u00e9seau<\/strong><\/p><\/td><td><p>\u25cf 4 * 10\/ 100\/ 1000Mbps\u00a0 RJ45 port<\/p><p>\u25cf 2 * Port SFP<\/p><\/td><\/tr><tr><td><p><strong>Protocole de r\u00e9seau<\/strong><\/p><p><strong>standard<\/strong><\/p><\/td><td><p>\u25cf IEEE802 .3 \u3001 IEEE802 .3i \u3001 IEEE802 .3u\u3001<\/p><p>IEEE802 . 3ab\u3001 IEEE802 . 3z\u3001<\/p><p>IEEE802 . 3af\/ at<\/p><\/td><\/tr><tr><td><p><strong>Performance<\/strong><\/p><p><strong>Sp\u00e9cifications<\/strong><\/p><\/td><td><p>\u25cf Backplane bandwidth:\u00a0 12Gbps (non-blocking)<\/p><p>\u25cf Packet forwarding rate: 8 .9Mpps<\/p><p>\u25cf MAC address table: 4 K<\/p><p>\u25cf Mode de transfert : enregistrement et transfert<\/p><\/td><\/tr><tr><td><p><strong>Indicateur LED<\/strong><\/p><\/td><td><p>\u25cf Indicateur d'alimentation :  P 1 , P 2<\/p><p>\u25cf Ethernet port indicator: Link&amp;Act\u00a0 1~4 , PoE\u00a0 1~4<\/p><p>\u25cf Indicateur de port optique : Link&amp;Act F1~ F2<\/p><\/td><\/tr><tr><td><p><strong>Broche POE<\/strong><\/p><\/td><td><p>\u25cf 1\/2\uff08 + \uff09\uff0c3\/6\/(-) \uff1b<\/p><\/td><\/tr><tr><td><p><strong>Soutien \u00e0 l'alimentation<\/strong><\/p><\/td><td><p>\u25cf Tension d'entr\u00e9e : 48-56V DC<\/p><p>\u25cf M\u00e9thode d'entr\u00e9e : bornier enfichable \u00e0 4 fils de 5,08 mm (prise en charge d'une double alimentation de secours en courant continu, int\u00e9gr\u00e9e).<\/p><p>protection contre les surtensions ,<\/p><p>supportent la connexion anti-retour)<\/p><p>No- load power:\u00a0 5 W@ 5 2 V DCoutput)<\/p><p>\u25cf\u00a0Full load power: 1 2 5 W @ 5 2 V DC ( POE full load\uff09<\/p><p>\u25cf Puissance de sortie maximale du PoE \u00e0 port unique : 30W<\/p><\/td><\/tr><tr><td><p><strong>Sp\u00e9cifications physiques<\/strong><\/p><\/td><td><p>\u25cf Coque : Protection de grade IP40 , coque m\u00e9tallique ondul\u00e9e \u00e0 haute r\u00e9sistance.<\/p><p>\u25cf Installation : Installation sur rail DIN<\/p><p>\u25cf Dimensions ( LxWxH) :\u00a0 150mm\u00d7127mm\u00d740mm<\/p><\/td><\/tr><tr><td><p><strong>Environnement<\/strong><\/p><p><strong>Sp\u00e9cifications<\/strong><\/p><\/td><td><p>\u25cf Temp\u00e9rature de fonctionnement : -40~75 \u00b0 C<\/p><p>\u25cf Temp\u00e9rature de stockage : -40~75\u2103<\/p><p>\u25cf Humidit\u00e9 de fonctionnement : 5%~95% RH sans condensation<\/p><p>\u25cf Humidit\u00e9 de stockage : 5%~95% RH sans condensation<\/p><\/td><\/tr><tr><td><p><strong>R\u00e8gles de s\u00e9curit\u00e9<\/strong><\/p><\/td><td><p>\u25cf CE\/ ROHS\/ FCC<\/p><\/td><\/tr><\/tbody><\/table>\t\t\t\t\t\t\t\t<\/div>\n\t\t\t\t<\/div>\n\t\t\t\t\t<\/div>\n\t\t\t\t<\/div>\n\t\t\t\t<\/div>","protected":false},"excerpt":{"rendered":"<p id=\"the-pasted-async\">\u25cf 4 * 10\/ 100\/ 1000Mbps RJ45 port,2 * SFP port<br \/>\n\u25cf Conception personnalis\u00e9e \u00e0 faible volume, d\u00e9ploiement flexible dans les petits espaces.<br \/>\n\u25cf Diverses strat\u00e9gies de protection de la s\u00e9curit\u00e9 garantissent un fonctionnement stable et tr\u00e8s fiable de l'\u00e9quipement.<br \/>\n\u25cf Conception mat\u00e9rielle de haute qualit\u00e9 et performances stables de l'appareil.<br \/>\n\u25cf Fonctions de r\u00e9seau et de s\u00e9curit\u00e9 riches.<br \/>\n\u25cf Mise en r\u00e9seau flexible et gestion facile<\/p>","protected":false},"featured_media":31503,"template":"","meta":[],"product_brand":[],"product_cat":[584],"product_tag":[],"class_list":{"0":"post-31501","1":"product","2":"type-product","3":"status-publish","4":"has-post-thumbnail","6":"product_cat-industrial-switch","7":"pa_series-industrial-poe-series","9":"first","10":"instock","11":"shipping-taxable","12":"product-type-simple"},"_links":{"self":[{"href":"https:\/\/foredgetech.com\/fr\/wp-json\/wp\/v2\/product\/31501","targetHints":{"allow":["GET"]}}],"collection":[{"href":"https:\/\/foredgetech.com\/fr\/wp-json\/wp\/v2\/product"}],"about":[{"href":"https:\/\/foredgetech.com\/fr\/wp-json\/wp\/v2\/types\/product"}],"version-history":[{"count":2,"href":"https:\/\/foredgetech.com\/fr\/wp-json\/wp\/v2\/product\/31501\/revisions"}],"predecessor-version":[{"id":34162,"href":"https:\/\/foredgetech.com\/fr\/wp-json\/wp\/v2\/product\/31501\/revisions\/34162"}],"wp:featuredmedia":[{"embeddable":true,"href":"https:\/\/foredgetech.com\/fr\/wp-json\/wp\/v2\/media\/31503"}],"wp:attachment":[{"href":"https:\/\/foredgetech.com\/fr\/wp-json\/wp\/v2\/media?parent=31501"}],"wp:term":[{"taxonomy":"product_brand","embeddable":true,"href":"https:\/\/foredgetech.com\/fr\/wp-json\/wp\/v2\/product_brand?post=31501"},{"taxonomy":"product_cat","embeddable":true,"href":"https:\/\/foredgetech.com\/fr\/wp-json\/wp\/v2\/product_cat?post=31501"},{"taxonomy":"product_tag","embeddable":true,"href":"https:\/\/foredgetech.com\/fr\/wp-json\/wp\/v2\/product_tag?post=31501"}],"curies":[{"name":"wp","href":"https:\/\/api.w.org\/{rel}","templated":true}]}}