{"id":27475,"date":"2024-01-02T07:51:56","date_gmt":"2024-01-02T07:51:56","guid":{"rendered":"https:\/\/foredgetech.com\/?post_type=product&#038;p=27475"},"modified":"2025-08-22T08:08:12","modified_gmt":"2025-08-22T08:08:12","slug":"s6700-48gx-4tf-2qf-plus","status":"publish","type":"product","link":"https:\/\/foredgetech.com\/fr\/produit\/s6700-48gx-4tf-2qf-plus\/","title":{"rendered":"S6700-48GX-4TF-2QF 100G Uplink 48-Port 2.5G L3 Managed Switch(Based on SONIC)"},"content":{"rendered":"<div data-elementor-type=\"wp-post\" data-elementor-id=\"27475\" class=\"elementor elementor-27475\">\n\t\t\t\t\t\t<section class=\"elementor-section elementor-top-section elementor-element elementor-element-5058e617 elementor-section-full_width elementor-section-gap-beside-no elementor-section-height-default elementor-section-height-default elementor-section-column-vertical-align-stretch\" data-id=\"5058e617\" data-element_type=\"section\">\n\t\t\t\t\t\t<div class=\"elementor-container elementor-column-gap-extended\">\n\t\t\t\t\t<div class=\"elementor-column elementor-col-33 elementor-top-column elementor-element elementor-element-f61c77a\" data-id=\"f61c77a\" data-element_type=\"column\">\n\t\t\t<div class=\"elementor-widget-wrap elementor-element-populated\">\n\t\t\t\t\t\t<div class=\"elementor-element elementor-element-12229f05 elementor-widget elementor-widget-tm-modern-image\" data-id=\"12229f05\" data-element_type=\"widget\" data-widget_type=\"tm-modern-image.default\">\n\t\t\t\t<div class=\"elementor-widget-container\">\n\t\t\t\t\t\t\t<div class=\"tm-modern-image\">\n\t\t\t\t\t\t\t<div class=\"minimog-box\">\n\t\t\t\t\t<div class=\"minimog-image\">\t\t\t\t\t<m-image class=\"minimog-lazy-image\" style=\"--lazy-image-width: 300px;--lazy-image-height: 83.333333333333%;\" data-image-loading><img decoding=\"async\"  data-src=\"https:\/\/foredgetech.com\/wp-content\/uploads\/2024\/01\/S6700-48GX-4TF-2QF\uff082\uff09.png\" width=\"300\" height=\"250\" alt=\"S6700-48GX-4TF-2QF+\uff082\uff09\" class=\"attachment-full size-full lazyload\" src=\"data:image\/svg+xml;base64,PHN2ZyB3aWR0aD0iMSIgaGVpZ2h0PSIxIiB4bWxucz0iaHR0cDovL3d3dy53My5vcmcvMjAwMC9zdmciPjwvc3ZnPg==\" style=\"--smush-placeholder-width: 300px; --smush-placeholder-aspect-ratio: 300\/250;\" \/><\/m-image>\t\t\t\t\t<\/div>\t\t\t\t<\/div>\n\t\t\t\t\t\t\t\t\t\t<\/div>\n\t\t\t\t\t\t<\/div>\n\t\t\t\t<\/div>\n\t\t\t\t\t<\/div>\n\t\t<\/div>\n\t\t\t\t<div class=\"elementor-column elementor-col-66 elementor-top-column elementor-element elementor-element-78bc78c2\" data-id=\"78bc78c2\" data-element_type=\"column\">\n\t\t\t<div class=\"elementor-widget-wrap elementor-element-populated\">\n\t\t\t\t\t\t<div class=\"elementor-element elementor-element-2052b071 elementor-widget elementor-widget-tm-heading\" data-id=\"2052b071\" data-element_type=\"widget\" data-widget_type=\"tm-heading.default\">\n\t\t\t\t<div class=\"elementor-widget-container\">\n\t\t\t\t\t\t\t<div class=\"tm-modern-heading tm-modern-heading--style-01 tm-modern-heading--highlight-style-01\">\n\t\t\t\n\t\t\t\t\t<div class=\"heading-primary-wrap\">\n\t\t\t<h4 class=\"heading-primary elementor-heading-title\">Vue d'ensemble<\/h4>\t\t<\/div>\n\t\t\n\t\t\t\n\t\t\t\t\t<\/div>\n\t\t\t\t\t\t<\/div>\n\t\t\t\t<\/div>\n\t\t\t\t<div class=\"elementor-element elementor-element-7c6ab884 elementor-widget elementor-widget-text-editor\" data-id=\"7c6ab884\" data-element_type=\"widget\" data-widget_type=\"text-editor.default\">\n\t\t\t\t<div class=\"elementor-widget-container\">\n\t\t\t\t\t\t\t\t\t<p>Prise en charge de 48 ports d'acc\u00e8s 2,5G et de ports de liaison montante \u00e0 grande vitesse 10G\/40G<\/p>\t\t\t\t\t\t\t\t<\/div>\n\t\t\t\t<\/div>\n\t\t\t\t<section class=\"elementor-section elementor-inner-section elementor-element elementor-element-2afe0aab elementor-section-gap-beside-no elementor-section-full_width elementor-section-height-default elementor-section-height-default elementor-section-column-vertical-align-stretch\" data-id=\"2afe0aab\" data-element_type=\"section\">\n\t\t\t\t\t\t<div class=\"elementor-container elementor-column-gap-extended\">\n\t\t\t\t\t<div class=\"elementor-column elementor-col-33 elementor-inner-column elementor-element elementor-element-7751e85f\" data-id=\"7751e85f\" data-element_type=\"column\">\n\t\t\t<div class=\"elementor-widget-wrap elementor-element-populated\">\n\t\t\t\t\t\t<div class=\"elementor-element elementor-element-d07ae98 elementor-widget elementor-widget-tm-heading\" data-id=\"d07ae98\" data-element_type=\"widget\" data-widget_type=\"tm-heading.default\">\n\t\t\t\t<div class=\"elementor-widget-container\">\n\t\t\t\t\t\t\t<div class=\"tm-modern-heading tm-modern-heading--style-01 tm-modern-heading--highlight-style-01\">\n\t\t\t\n\t\t\t\t\t<div class=\"heading-primary-wrap\">\n\t\t\t<h6 class=\"heading-primary elementor-heading-title\">Largeur de bande du fond de panier du commutateur<\/h6>\t\t<\/div>\n\t\t\n\t\t\t\n\t\t\t\t\t<div class=\"heading-description-wrap\">\n\t\t\t<div class=\"heading-description\">\n\t\t\t\t<p>1280Gbps<\/p>\t\t\t<\/div>\n\t\t<\/div>\n\t\t\t\t<\/div>\n\t\t\t\t\t\t<\/div>\n\t\t\t\t<\/div>\n\t\t\t\t<div class=\"elementor-element elementor-element-7cf8fe9 elementor-widget elementor-widget-tm-heading\" data-id=\"7cf8fe9\" data-element_type=\"widget\" data-widget_type=\"tm-heading.default\">\n\t\t\t\t<div class=\"elementor-widget-container\">\n\t\t\t\t\t\t\t<div class=\"tm-modern-heading tm-modern-heading--style-01 tm-modern-heading--highlight-style-01\">\n\t\t\t\n\t\t\t\t\t<div class=\"heading-primary-wrap\">\n\t\t\t<h6 class=\"heading-primary elementor-heading-title\">Humidit\u00e9 de travail<\/h6>\t\t<\/div>\n\t\t\n\t\t\t\n\t\t\t\t\t<div class=\"heading-description-wrap\">\n\t\t\t<div class=\"heading-description\">\n\t\t\t\t<p>10% ~ 90% RH sans condensation<\/p>\t\t\t<\/div>\n\t\t<\/div>\n\t\t\t\t<\/div>\n\t\t\t\t\t\t<\/div>\n\t\t\t\t<\/div>\n\t\t\t\t\t<\/div>\n\t\t<\/div>\n\t\t\t\t<div class=\"elementor-column elementor-col-33 elementor-inner-column elementor-element elementor-element-c6e3a56\" data-id=\"c6e3a56\" data-element_type=\"column\">\n\t\t\t<div class=\"elementor-widget-wrap elementor-element-populated\">\n\t\t\t\t\t\t<div class=\"elementor-element elementor-element-44fb51c6 elementor-widget elementor-widget-tm-heading\" data-id=\"44fb51c6\" data-element_type=\"widget\" data-widget_type=\"tm-heading.default\">\n\t\t\t\t<div class=\"elementor-widget-container\">\n\t\t\t\t\t\t\t<div class=\"tm-modern-heading tm-modern-heading--style-01 tm-modern-heading--highlight-style-01\">\n\t\t\t\n\t\t\t\t\t<div class=\"heading-primary-wrap\">\n\t\t\t<h6 class=\"heading-primary elementor-heading-title\">Transfert de paquets<\/h6>\t\t<\/div>\n\t\t\n\t\t\t\n\t\t\t\t\t<div class=\"heading-description-wrap\">\n\t\t\t<div class=\"heading-description\">\n\t\t\t\t<p>630Mpps<\/p>\t\t\t<\/div>\n\t\t<\/div>\n\t\t\t\t<\/div>\n\t\t\t\t\t\t<\/div>\n\t\t\t\t<\/div>\n\t\t\t\t<div class=\"elementor-element elementor-element-2de3256a elementor-widget elementor-widget-tm-heading\" data-id=\"2de3256a\" data-element_type=\"widget\" data-widget_type=\"tm-heading.default\">\n\t\t\t\t<div class=\"elementor-widget-container\">\n\t\t\t\t\t\t\t<div class=\"tm-modern-heading tm-modern-heading--style-01 tm-modern-heading--highlight-style-01\">\n\t\t\t\n\t\t\t\t\t<div class=\"heading-primary-wrap\">\n\t\t\t<h6 class=\"heading-primary elementor-heading-title\">Dimensions (L \u00d7 P \u00d7 H)<\/h6>\t\t<\/div>\n\t\t\n\t\t\t\n\t\t\t\t\t<div class=\"heading-description-wrap\">\n\t\t\t<div class=\"heading-description\">\n\t\t\t\t<p>440mm \u00d7 320mm \u00d7 44mm<\/p>\t\t\t<\/div>\n\t\t<\/div>\n\t\t\t\t<\/div>\n\t\t\t\t\t\t<\/div>\n\t\t\t\t<\/div>\n\t\t\t\t<div class=\"elementor-element elementor-element-453d78ca elementor-widget elementor-widget-spacer\" data-id=\"453d78ca\" data-element_type=\"widget\" data-widget_type=\"spacer.default\">\n\t\t\t\t<div class=\"elementor-widget-container\">\n\t\t\t\t\t\t\t<div class=\"elementor-spacer\">\n\t\t\t<div class=\"elementor-spacer-inner\"><\/div>\n\t\t<\/div>\n\t\t\t\t\t\t<\/div>\n\t\t\t\t<\/div>\n\t\t\t\t\t<\/div>\n\t\t<\/div>\n\t\t\t\t<div class=\"elementor-column elementor-col-33 elementor-inner-column elementor-element elementor-element-63d177a8\" data-id=\"63d177a8\" data-element_type=\"column\">\n\t\t\t<div class=\"elementor-widget-wrap elementor-element-populated\">\n\t\t\t\t\t\t<div class=\"elementor-element elementor-element-47145555 elementor-widget elementor-widget-tm-heading\" data-id=\"47145555\" data-element_type=\"widget\" data-widget_type=\"tm-heading.default\">\n\t\t\t\t<div class=\"elementor-widget-container\">\n\t\t\t\t\t\t\t<div class=\"tm-modern-heading tm-modern-heading--style-01 tm-modern-heading--highlight-style-01\">\n\t\t\t\n\t\t\t\t\t<div class=\"heading-primary-wrap\">\n\t\t\t<h6 class=\"heading-primary elementor-heading-title\">port de commutation<\/h6>\t\t<\/div>\n\t\t\n\t\t\t\n\t\t\t\t\t<div class=\"heading-description-wrap\">\n\t\t\t<div class=\"heading-description\">\n\t\t\t\t<p>48 ports \u00e9lectriques 1000M\/2.5G RJ45<\/p><p>4 ports optiques 10G SFP<\/p><p>2 ports optiques 40G QSFP<\/p>\t\t\t<\/div>\n\t\t<\/div>\n\t\t\t\t<\/div>\n\t\t\t\t\t\t<\/div>\n\t\t\t\t<\/div>\n\t\t\t\t\t<\/div>\n\t\t<\/div>\n\t\t\t\t\t<\/div>\n\t\t<\/section>\n\t\t\t\t\t<\/div>\n\t\t<\/div>\n\t\t\t\t\t<\/div>\n\t\t<\/section>\n\t\t<div class=\"elementor-element elementor-element-1b74d531 e-flex e-con-boxed e-con e-parent\" data-id=\"1b74d531\" data-element_type=\"container\">\n\t\t\t\t\t<div class=\"e-con-inner\">\n\t\t\t\t<div class=\"elementor-element elementor-element-aaf7427 elementor-widget elementor-widget-image\" data-id=\"aaf7427\" data-element_type=\"widget\" data-widget_type=\"image.default\">\n\t\t\t\t<div class=\"elementor-widget-container\">\n\t\t\t\t\t\t\t\t\t\t\t\t\t\t\t<img fetchpriority=\"high\" decoding=\"async\" width=\"1920\" height=\"756\" src=\"https:\/\/foredgetech.com\/wp-content\/uploads\/2024\/01\/A1-10.jpg\" class=\"attachment-full size-full wp-image-30638\" alt=\"\" srcset=\"https:\/\/foredgetech.com\/wp-content\/uploads\/2024\/01\/A1-10.jpg 1920w, https:\/\/foredgetech.com\/wp-content\/uploads\/2024\/01\/A1-10-150x59.jpg 150w, https:\/\/foredgetech.com\/wp-content\/uploads\/2024\/01\/A1-10-600x236.jpg 600w, https:\/\/foredgetech.com\/wp-content\/uploads\/2024\/01\/A1-10-300x118.jpg 300w, https:\/\/foredgetech.com\/wp-content\/uploads\/2024\/01\/A1-10-768x302.jpg 768w, https:\/\/foredgetech.com\/wp-content\/uploads\/2024\/01\/A1-10-1536x605.jpg 1536w\" sizes=\"(max-width: 1920px) 100vw, 1920px\" \/>\t\t\t\t\t\t\t\t\t\t\t\t\t\t\t<\/div>\n\t\t\t\t<\/div>\n\t\t\t\t<div class=\"elementor-element elementor-element-32289a0 elementor-widget elementor-widget-image\" data-id=\"32289a0\" data-element_type=\"widget\" data-widget_type=\"image.default\">\n\t\t\t\t<div class=\"elementor-widget-container\">\n\t\t\t\t\t\t\t\t\t\t\t\t\t\t\t<img decoding=\"async\" width=\"1920\" height=\"756\" data-src=\"https:\/\/foredgetech.com\/wp-content\/uploads\/2024\/01\/B2-\u7f51\u5427-\u7535\u7ade\u9152\u5e97-\u4f01\u4e1a\u6570\u636e\u4e2d\u5fc3.jpg\" class=\"attachment-full size-full wp-image-30639 lazyload\" alt=\"\" data-srcset=\"https:\/\/foredgetech.com\/wp-content\/uploads\/2024\/01\/B2-\u7f51\u5427-\u7535\u7ade\u9152\u5e97-\u4f01\u4e1a\u6570\u636e\u4e2d\u5fc3.jpg 1920w, https:\/\/foredgetech.com\/wp-content\/uploads\/2024\/01\/B2-\u7f51\u5427-\u7535\u7ade\u9152\u5e97-\u4f01\u4e1a\u6570\u636e\u4e2d\u5fc3-150x59.jpg 150w, https:\/\/foredgetech.com\/wp-content\/uploads\/2024\/01\/B2-\u7f51\u5427-\u7535\u7ade\u9152\u5e97-\u4f01\u4e1a\u6570\u636e\u4e2d\u5fc3-600x236.jpg 600w, https:\/\/foredgetech.com\/wp-content\/uploads\/2024\/01\/B2-\u7f51\u5427-\u7535\u7ade\u9152\u5e97-\u4f01\u4e1a\u6570\u636e\u4e2d\u5fc3-300x118.jpg 300w, https:\/\/foredgetech.com\/wp-content\/uploads\/2024\/01\/B2-\u7f51\u5427-\u7535\u7ade\u9152\u5e97-\u4f01\u4e1a\u6570\u636e\u4e2d\u5fc3-768x302.jpg 768w, https:\/\/foredgetech.com\/wp-content\/uploads\/2024\/01\/B2-\u7f51\u5427-\u7535\u7ade\u9152\u5e97-\u4f01\u4e1a\u6570\u636e\u4e2d\u5fc3-1536x605.jpg 1536w\" data-sizes=\"(max-width: 1920px) 100vw, 1920px\" src=\"data:image\/svg+xml;base64,PHN2ZyB3aWR0aD0iMSIgaGVpZ2h0PSIxIiB4bWxucz0iaHR0cDovL3d3dy53My5vcmcvMjAwMC9zdmciPjwvc3ZnPg==\" style=\"--smush-placeholder-width: 1920px; --smush-placeholder-aspect-ratio: 1920\/756;\" \/>\t\t\t\t\t\t\t\t\t\t\t\t\t\t\t<\/div>\n\t\t\t\t<\/div>\n\t\t\t\t<div class=\"elementor-element elementor-element-ca6f521 elementor-widget elementor-widget-image\" data-id=\"ca6f521\" data-element_type=\"widget\" data-widget_type=\"image.default\">\n\t\t\t\t<div class=\"elementor-widget-container\">\n\t\t\t\t\t\t\t\t\t\t\t\t\t\t\t<img decoding=\"async\" width=\"1920\" height=\"756\" data-src=\"https:\/\/foredgetech.com\/wp-content\/uploads\/2024\/01\/C3-\u5b8c\u5584\u7684\u5b89\u5168\u673a\u5236-8.jpg\" class=\"attachment-full size-full wp-image-30640 lazyload\" alt=\"\" data-srcset=\"https:\/\/foredgetech.com\/wp-content\/uploads\/2024\/01\/C3-\u5b8c\u5584\u7684\u5b89\u5168\u673a\u5236-8.jpg 1920w, https:\/\/foredgetech.com\/wp-content\/uploads\/2024\/01\/C3-\u5b8c\u5584\u7684\u5b89\u5168\u673a\u5236-8-150x59.jpg 150w, https:\/\/foredgetech.com\/wp-content\/uploads\/2024\/01\/C3-\u5b8c\u5584\u7684\u5b89\u5168\u673a\u5236-8-600x236.jpg 600w, https:\/\/foredgetech.com\/wp-content\/uploads\/2024\/01\/C3-\u5b8c\u5584\u7684\u5b89\u5168\u673a\u5236-8-300x118.jpg 300w, https:\/\/foredgetech.com\/wp-content\/uploads\/2024\/01\/C3-\u5b8c\u5584\u7684\u5b89\u5168\u673a\u5236-8-768x302.jpg 768w, https:\/\/foredgetech.com\/wp-content\/uploads\/2024\/01\/C3-\u5b8c\u5584\u7684\u5b89\u5168\u673a\u5236-8-1536x605.jpg 1536w\" data-sizes=\"(max-width: 1920px) 100vw, 1920px\" src=\"data:image\/svg+xml;base64,PHN2ZyB3aWR0aD0iMSIgaGVpZ2h0PSIxIiB4bWxucz0iaHR0cDovL3d3dy53My5vcmcvMjAwMC9zdmciPjwvc3ZnPg==\" style=\"--smush-placeholder-width: 1920px; --smush-placeholder-aspect-ratio: 1920\/756;\" \/>\t\t\t\t\t\t\t\t\t\t\t\t\t\t\t<\/div>\n\t\t\t\t<\/div>\n\t\t\t\t<div class=\"elementor-element elementor-element-d6031e9 elementor-widget elementor-widget-image\" data-id=\"d6031e9\" data-element_type=\"widget\" data-widget_type=\"image.default\">\n\t\t\t\t<div class=\"elementor-widget-container\">\n\t\t\t\t\t\t\t\t\t\t\t\t\t\t\t<img decoding=\"async\" width=\"1920\" height=\"756\" data-src=\"https:\/\/foredgetech.com\/wp-content\/uploads\/2024\/01\/C3-0-\u7aef\u53e3\u5206\u533a.jpg\" class=\"attachment-full size-full wp-image-30641 lazyload\" alt=\"\" data-srcset=\"https:\/\/foredgetech.com\/wp-content\/uploads\/2024\/01\/C3-0-\u7aef\u53e3\u5206\u533a.jpg 1920w, https:\/\/foredgetech.com\/wp-content\/uploads\/2024\/01\/C3-0-\u7aef\u53e3\u5206\u533a-150x59.jpg 150w, https:\/\/foredgetech.com\/wp-content\/uploads\/2024\/01\/C3-0-\u7aef\u53e3\u5206\u533a-600x236.jpg 600w, https:\/\/foredgetech.com\/wp-content\/uploads\/2024\/01\/C3-0-\u7aef\u53e3\u5206\u533a-300x118.jpg 300w, https:\/\/foredgetech.com\/wp-content\/uploads\/2024\/01\/C3-0-\u7aef\u53e3\u5206\u533a-768x302.jpg 768w, https:\/\/foredgetech.com\/wp-content\/uploads\/2024\/01\/C3-0-\u7aef\u53e3\u5206\u533a-1536x605.jpg 1536w\" data-sizes=\"(max-width: 1920px) 100vw, 1920px\" src=\"data:image\/svg+xml;base64,PHN2ZyB3aWR0aD0iMSIgaGVpZ2h0PSIxIiB4bWxucz0iaHR0cDovL3d3dy53My5vcmcvMjAwMC9zdmciPjwvc3ZnPg==\" style=\"--smush-placeholder-width: 1920px; --smush-placeholder-aspect-ratio: 1920\/756;\" \/>\t\t\t\t\t\t\t\t\t\t\t\t\t\t\t<\/div>\n\t\t\t\t<\/div>\n\t\t\t\t<div class=\"elementor-element elementor-element-4fa9a73 elementor-widget elementor-widget-image\" data-id=\"4fa9a73\" data-element_type=\"widget\" data-widget_type=\"image.default\">\n\t\t\t\t<div class=\"elementor-widget-container\">\n\t\t\t\t\t\t\t\t\t\t\t\t\t\t\t<img decoding=\"async\" width=\"1920\" height=\"756\" data-src=\"https:\/\/foredgetech.com\/wp-content\/uploads\/2024\/01\/D4-2-\u6570\u636e\u5305\u8f6c\u53d1-S6700-48GX-4TF-2QF.jpg\" class=\"attachment-full size-full wp-image-32899 lazyload\" alt=\"\" data-srcset=\"https:\/\/foredgetech.com\/wp-content\/uploads\/2024\/01\/D4-2-\u6570\u636e\u5305\u8f6c\u53d1-S6700-48GX-4TF-2QF.jpg 1920w, https:\/\/foredgetech.com\/wp-content\/uploads\/2024\/01\/D4-2-\u6570\u636e\u5305\u8f6c\u53d1-S6700-48GX-4TF-2QF-150x59.jpg 150w, https:\/\/foredgetech.com\/wp-content\/uploads\/2024\/01\/D4-2-\u6570\u636e\u5305\u8f6c\u53d1-S6700-48GX-4TF-2QF-600x236.jpg 600w, https:\/\/foredgetech.com\/wp-content\/uploads\/2024\/01\/D4-2-\u6570\u636e\u5305\u8f6c\u53d1-S6700-48GX-4TF-2QF-300x118.jpg 300w, https:\/\/foredgetech.com\/wp-content\/uploads\/2024\/01\/D4-2-\u6570\u636e\u5305\u8f6c\u53d1-S6700-48GX-4TF-2QF-768x302.jpg 768w, https:\/\/foredgetech.com\/wp-content\/uploads\/2024\/01\/D4-2-\u6570\u636e\u5305\u8f6c\u53d1-S6700-48GX-4TF-2QF-1536x605.jpg 1536w, https:\/\/foredgetech.com\/wp-content\/uploads\/2024\/01\/D4-2-\u6570\u636e\u5305\u8f6c\u53d1-S6700-48GX-4TF-2QF-18x7.jpg 18w\" data-sizes=\"(max-width: 1920px) 100vw, 1920px\" src=\"data:image\/svg+xml;base64,PHN2ZyB3aWR0aD0iMSIgaGVpZ2h0PSIxIiB4bWxucz0iaHR0cDovL3d3dy53My5vcmcvMjAwMC9zdmciPjwvc3ZnPg==\" style=\"--smush-placeholder-width: 1920px; --smush-placeholder-aspect-ratio: 1920\/756;\" \/>\t\t\t\t\t\t\t\t\t\t\t\t\t\t\t<\/div>\n\t\t\t\t<\/div>\n\t\t\t\t<div class=\"elementor-element elementor-element-e5b31ca elementor-widget elementor-widget-image\" data-id=\"e5b31ca\" data-element_type=\"widget\" data-widget_type=\"image.default\">\n\t\t\t\t<div class=\"elementor-widget-container\">\n\t\t\t\t\t\t\t\t\t\t\t\t\t\t\t<img decoding=\"async\" width=\"1920\" height=\"756\" data-src=\"https:\/\/foredgetech.com\/wp-content\/uploads\/2024\/01\/D4-3-\u5de5\u4f5c\u6e7f\u5ea6-13.jpg\" class=\"attachment-full size-full wp-image-30643 lazyload\" alt=\"\" data-srcset=\"https:\/\/foredgetech.com\/wp-content\/uploads\/2024\/01\/D4-3-\u5de5\u4f5c\u6e7f\u5ea6-13.jpg 1920w, https:\/\/foredgetech.com\/wp-content\/uploads\/2024\/01\/D4-3-\u5de5\u4f5c\u6e7f\u5ea6-13-150x59.jpg 150w, https:\/\/foredgetech.com\/wp-content\/uploads\/2024\/01\/D4-3-\u5de5\u4f5c\u6e7f\u5ea6-13-600x236.jpg 600w, https:\/\/foredgetech.com\/wp-content\/uploads\/2024\/01\/D4-3-\u5de5\u4f5c\u6e7f\u5ea6-13-300x118.jpg 300w, https:\/\/foredgetech.com\/wp-content\/uploads\/2024\/01\/D4-3-\u5de5\u4f5c\u6e7f\u5ea6-13-768x302.jpg 768w, https:\/\/foredgetech.com\/wp-content\/uploads\/2024\/01\/D4-3-\u5de5\u4f5c\u6e7f\u5ea6-13-1536x605.jpg 1536w\" data-sizes=\"(max-width: 1920px) 100vw, 1920px\" src=\"data:image\/svg+xml;base64,PHN2ZyB3aWR0aD0iMSIgaGVpZ2h0PSIxIiB4bWxucz0iaHR0cDovL3d3dy53My5vcmcvMjAwMC9zdmciPjwvc3ZnPg==\" style=\"--smush-placeholder-width: 1920px; --smush-placeholder-aspect-ratio: 1920\/756;\" \/>\t\t\t\t\t\t\t\t\t\t\t\t\t\t\t<\/div>\n\t\t\t\t<\/div>\n\t\t\t\t\t<\/div>\n\t\t\t\t<\/div>\n\t\t<div class=\"elementor-element elementor-element-4ce676b e-flex e-con-boxed e-con e-parent\" data-id=\"4ce676b\" data-element_type=\"container\">\n\t\t\t\t\t<div class=\"e-con-inner\">\n\t\t\t\t<div class=\"elementor-element elementor-element-142864b elementor-widget elementor-widget-heading\" data-id=\"142864b\" data-element_type=\"widget\" data-widget_type=\"heading.default\">\n\t\t\t\t<div class=\"elementor-widget-container\">\n\t\t\t\t\t<h2 class=\"elementor-heading-title elementor-size-default\">Sp\u00e9cifications<\/h2>\t\t\t\t<\/div>\n\t\t\t\t<\/div>\n\t\t\t\t<div class=\"elementor-element elementor-element-c85a48f elementor-widget elementor-widget-text-editor\" data-id=\"c85a48f\" data-element_type=\"widget\" data-widget_type=\"text-editor.default\">\n\t\t\t\t<div class=\"elementor-widget-container\">\n\t\t\t\t\t\t\t\t\t<table><tbody><tr><td colspan=\"2\"><p><strong>Sp\u00e9cification du mat\u00e9riel :<\/strong><\/p><\/td><\/tr><tr><td><p><strong>R\u00e9seau<\/strong><strong>\u00a0<\/strong><strong>Interface<\/strong><\/p><\/td><td><p>\u25cf 48*1000M\/2.5Gbps RJ45 ports<\/p><p>\u25cf 4*10G SFP+ ports<\/p><p>\u25cf 2*40G QSFP+ ports<\/p><p>\u25cf 1*Port console<\/p><\/td><\/tr><tr><td><p><strong>Consommation \u00e9lectrique<\/strong><\/p><\/td><td><p>\u25cf Moins de 100W<\/p><\/td><\/tr><tr><td><p><strong>Performance<\/strong><\/p><\/td><td><p>\u25cf Bandwith\uff1a480Gbps<\/p><p>\u25cf Taux de transfert de paquets\uff1a360Mpps<\/p><p>\u25cf Taille de la table MAC\uff1a128K<\/p><p>\u25cf Port buffer\uff1a4.5MB<\/p><p>\u25cf Flash\uff1a4GB<\/p><p>\u25cf DRAM\uff1a2GB<\/p><p>\u25cf Type de transfert\uff1astorage forwarding<\/p><\/td><\/tr><tr><td><p><strong>Jumbo<\/strong> <strong>Cadre<\/strong><\/p><\/td><td><p>\u25cf 16K<\/p><\/td><\/tr><tr><td><p><strong>Fournisseur d'\u00e9lectricit\u00e9<\/strong><\/p><\/td><td><p>\u25cf Alimentation\uff1aAC 100-240V\/50-60Hz<\/p><\/td><\/tr><tr><td><p><strong>Dimension<\/strong><\/p><\/td><td><p>\u25cf LxPxH\uff1a440mmx180mmx44mm<\/p><\/td><\/tr><tr><td><p><strong>Environnement<\/strong><\/p><\/td><td><p>\u25cf Temp\u00e9rature de fonctionnement\uff1a0\u00b0C~50\u00b0C<\/p><p>\u25cf Temp\u00e9rature de stockage\uff1a-40\u2103\u301c70\u2103<\/p><p>\u25cf Humidit\u00e9 de fonctionnement\uff1a10%~ 90% RH sans condensation \u25cfHumidit\u00e9 de stockage\uff1a5%\u301c90% RH sans condensation<\/p><\/td><\/tr><tr><td><p><strong>S\u00e9curit\u00e9<\/strong> <strong>R\u00e8glements<\/strong><\/p><\/td><td><p>\u25cf CE\/ROHS\/FCC<\/p><\/td><\/tr><tr><td colspan=\"2\"><p><strong>Sp\u00e9cifications du logiciel :<\/strong><\/p><\/td><\/tr><tr><td><p><strong>Multidiffusion<\/strong><\/p><\/td><td><p>\u25cf IGMP v1\/v2c\/v3<\/p><p>\u25cf IGMP Snooping<\/p><p>\u25cf D\u00e9part rapide IGMP<\/p><p>\u25cf Politique de groupes de multidiffusion et limite du nombre de multidiffusions.<\/p><p>\u25cf Filtrage de la multidiffusion \u25cf MVR<\/p><p>\u25cf IGMP snooping dans certains ports et VLAN<\/p><p>\u25cf PIM-DM\/SM\/SSM<\/p><\/td><\/tr><tr><td><p><strong>IPv4<\/strong><\/p><\/td><td><p>\u25cf Routage statique, RIP v1\/v2, OSPF, BGP<\/p><p>\u25cf Routage bas\u00e9 sur la politique (PBR)<\/p><p>\u25cf ECMP<\/p><p>\u25cf BFD pour le routage statique, RIP, OSPF, BGP<\/p><\/td><\/tr><tr><td><p><strong>IPv6<\/strong><\/p><\/td><td><p>\u25cf Double pile IPv4\/v6<\/p><p>\u25cf ICMPv6, DHCPv6, ACLv6 et Telnet IPv6<\/p><p>\u25cf D\u00e9couverte des voisins Ipv6<\/p><p>\u25cf D\u00e9couverte du MTU du chemin<\/p><p>\u25cf MLDV1<\/p><p>\u25cf Routage statique IPv6, RIPng, OSPFv3, BGP4+.<\/p><p>\u25cf Tunnel manuel, tunnel ISATAP, tunnel 6 \u00e0 4<\/p><\/td><\/tr><tr><td><p><strong>DHCP<\/strong><\/p><\/td><td><p>\u25cf Serveur DHCP, client, relais, snooping<\/p><\/td><\/tr><tr><td><p><strong>MPLS<\/strong><\/p><\/td><td><p>\u25cf MCE<\/p><\/td><\/tr><tr><td><p><strong>Qualit\u00e9 de service<\/strong><\/p><\/td><td><p>\u25cf Tra\ufb03c classi\ufb01cation des en-t\u00eates de protocole port\/L2~4\/VLAN\/CoS\/DSCP<\/p><p>\u25cf Plusieurs algorithmes de mise en file d'attente, tels que SP, 802.1P\/DSCP, le mappage des priorit\u00e9s et les remarques.<\/p><p>\u25cf Contr\u00f4le du tra\ufb03c CAR<\/p><p>\u25cf WRR ou SP+WRR, Tail-Drop, WRED<\/p><p>\u25cf Supervision du tra\ufb03c et mise en forme du tra\ufb03c<\/p><p>\u25cf 8 files d'attente par port<\/p><\/td><\/tr><tr><td colspan=\"2\"><p><strong>Sp\u00e9cifications du logiciel :<\/strong><\/p><\/td><\/tr><tr><td><p><strong>S\u00e9curit\u00e9<\/strong><\/p><\/td><td><p>\u25cf Pr\u00e9vention des attaques DDoS, pr\u00e9vention des attaques par inondation TCP-SYN\/UDP\/ARP<\/p><p>\u25cf Authentification IEEE 802.1x, authentification multi-utilisateurs, vlan invit\u00e9.<\/p><p>\u25cf L2~L4 ACL<\/p><p>\u25cf Attaques anti-DOS\/IP spoo\ufb01ng\/TCP\/ping\/SYN\/ICMP \ufb02ood<\/p><p>\u25cf Contr\u00f4le de la diffusion\/multicast\/unknown-unicast storm-control<\/p><p>\u25cf Isolation des ports<\/p><p>\u25cf S\u00e9curit\u00e9 des ports, limitation des adresses MAC, liaison IP+MAC+port<\/p><p>\u25cf DHCP Snooping, DHCP Option 82<\/p><p>\u25cf DAI (inspection ARP dynamique)<\/p><p>\u25cf IPSG (IP Source Guard)<\/p><p>\u25cf Certi\ufb01cation IEEE 802.1x<\/p><p>\u25cf AAA<\/p><p>\u25cf Rayon, Tacacs+<\/p><p>\u25cf Privil\u00e8ges d'utilisateurs multiples<\/p><\/td><\/tr><tr><td><p><strong>Fiabilit\u00e9<\/strong><\/p><\/td><td><p>\u25cf 802.3ad Agr\u00e9gation de liens statique\/LACP,<\/p><p>\u25cf EAPS<\/p><p>\u25cf G.8032 ERPS<\/p><p>\u25cf ISSU<\/p><p>\u25cf VRRP<\/p><p>\u25cf GR pour OSPF et BGP<\/p><p>\u25cf BFD pour OSPF et BGP<\/p><p>\u25cf Syst\u00e8me d'empilage virtuel HVSS<\/p><\/td><\/tr><tr><td><p><strong>Gestion<\/strong><\/p><\/td><td><p>\u25cf CLI : Console, Telnet, SSHv1\/2<\/p><p>\u25cf Web-GUI : HTTP, HTTPS\/SSL<\/p><p>\u25cf SNMP v1\/v2c\/v3, RMON, SNMP alarm\/inform\/traps<\/p><p>\u25cf Chargement et t\u00e9l\u00e9chargement de fichiers FTP\/TFTP\/SFTP<\/p><p>\u25cf D\u00e9bogage<\/p><p>\u25cf Syslog pour l'alarme\/noti\ufb01cation\/commande\/d\u00e9bogage \u25cf NTP<\/p><p>\u25cf SPAN, RSPAN (miroir 1:1 et N:1)<\/p><\/td><\/tr><tr><td><p><strong>Gestion<\/strong><\/p><\/td><td><p>\u25cf LLDP, LLDP-MED<\/p><p>\u25cf sFlow<\/p><p>\u25cf ZTP (Zero Touch Provisioning)<\/p><p>\u25cf DDM optique<\/p><p>\u25cf Diagnostic du c\u00e2ble Ethernet<\/p><p>\u25cf 802.3ah, 802.1ag<\/p><\/td><\/tr><\/tbody><\/table>\t\t\t\t\t\t\t\t<\/div>\n\t\t\t\t<\/div>\n\t\t\t\t\t<\/div>\n\t\t\t\t<\/div>\n\t\t\t\t<\/div>","protected":false},"excerpt":{"rendered":"<ul>\n<li>48 ports \u00e9lectriques 1000M\/2.5G RJ45<\/li>\n<li>4 ports optiques 10G SFP<\/li>\n<li>2 ports optiques 40G QSFP<\/li>\n<li>Puces haut de gamme aux performances plus stables et plus puissantes<\/li>\n<li>Puces haut de gamme permettant d'am\u00e9liorer consid\u00e9rablement la vitesse de traitement des donn\u00e9es du r\u00e9seau<\/li>\n<li>Prise en charge d'une gestion unique sur la plateforme Apollo en nuage<\/li>\n<li>Prise en charge de la plateforme cloud pour la gestion de la visualisation des ressources des commutateurs et des dispositifs PD connect\u00e9s, ce qui simplifie la gestion de l'exploitation et de la maintenance.<\/li>\n<\/ul>","protected":false},"featured_media":27904,"template":"","meta":[],"product_brand":[],"product_cat":[591],"product_tag":[],"class_list":{"0":"post-27475","1":"product","2":"type-product","3":"status-publish","4":"has-post-thumbnail","6":"product_cat-sonic-2-5g-switch","7":"pa_series-2-5g-sonic-series","8":"pa_series-data-center-series","10":"first","11":"instock","12":"shipping-taxable","13":"purchasable","14":"product-type-simple"},"_links":{"self":[{"href":"https:\/\/foredgetech.com\/fr\/wp-json\/wp\/v2\/product\/27475","targetHints":{"allow":["GET"]}}],"collection":[{"href":"https:\/\/foredgetech.com\/fr\/wp-json\/wp\/v2\/product"}],"about":[{"href":"https:\/\/foredgetech.com\/fr\/wp-json\/wp\/v2\/types\/product"}],"version-history":[{"count":4,"href":"https:\/\/foredgetech.com\/fr\/wp-json\/wp\/v2\/product\/27475\/revisions"}],"predecessor-version":[{"id":33895,"href":"https:\/\/foredgetech.com\/fr\/wp-json\/wp\/v2\/product\/27475\/revisions\/33895"}],"wp:featuredmedia":[{"embeddable":true,"href":"https:\/\/foredgetech.com\/fr\/wp-json\/wp\/v2\/media\/27904"}],"wp:attachment":[{"href":"https:\/\/foredgetech.com\/fr\/wp-json\/wp\/v2\/media?parent=27475"}],"wp:term":[{"taxonomy":"product_brand","embeddable":true,"href":"https:\/\/foredgetech.com\/fr\/wp-json\/wp\/v2\/product_brand?post=27475"},{"taxonomy":"product_cat","embeddable":true,"href":"https:\/\/foredgetech.com\/fr\/wp-json\/wp\/v2\/product_cat?post=27475"},{"taxonomy":"product_tag","embeddable":true,"href":"https:\/\/foredgetech.com\/fr\/wp-json\/wp\/v2\/product_tag?post=27475"}],"curies":[{"name":"wp","href":"https:\/\/api.w.org\/{rel}","templated":true}]}}