{"id":28543,"date":"2024-01-04T05:38:10","date_gmt":"2024-01-04T05:38:10","guid":{"rendered":"https:\/\/foredgetech.com\/?page_id=28543"},"modified":"2024-06-28T10:13:08","modified_gmt":"2024-06-28T10:13:08","slug":"data-security","status":"publish","type":"page","link":"https:\/\/foredgetech.com\/fr\/data-security\/","title":{"rendered":"s\u00e9curit\u00e9 des donn\u00e9es"},"content":{"rendered":"<div data-elementor-type=\"wp-page\" data-elementor-id=\"28543\" class=\"elementor elementor-28543\">\n\t\t\t\t<div class=\"elementor-element elementor-element-136e92b2 e-flex e-con-boxed e-con e-parent\" data-id=\"136e92b2\" data-element_type=\"container\">\n\t\t\t\t\t<div class=\"e-con-inner\">\n\t\t<div class=\"elementor-element elementor-element-d799229 e-flex e-con-boxed e-con e-child\" data-id=\"d799229\" data-element_type=\"container\">\n\t\t\t\t\t<div class=\"e-con-inner\">\n\t\t\t\t<div class=\"elementor-element elementor-element-eeb5e6a elementor-widget elementor-widget-heading\" data-id=\"eeb5e6a\" data-element_type=\"widget\" data-widget_type=\"heading.default\">\n\t\t\t\t<div class=\"elementor-widget-container\">\n\t\t\t\t\t<h2 class=\"elementor-heading-title elementor-size-default\">D\u00e9claration de protection de la s\u00e9curit\u00e9 des donn\u00e9es des utilisateurs de Foredge<\/h2>\t\t\t\t<\/div>\n\t\t\t\t<\/div>\n\t\t\t\t<div class=\"elementor-element elementor-element-444ff33 elementor-widget elementor-widget-text-editor\" data-id=\"444ff33\" data-element_type=\"widget\" data-widget_type=\"text-editor.default\">\n\t\t\t\t<div class=\"elementor-widget-container\">\n\t\t\t\t\t\t\t\t\t<p>Cette d\u00e9claration peut ne pas couvrir tous les sc\u00e9narios possibles de traitement des donn\u00e9es des utilisateurs. Les d\u00e9clarations concernant le traitement des donn\u00e9es des utilisateurs dans des sc\u00e9narios sp\u00e9cifiques peuvent \u00eatre fournies par Foredge dans une d\u00e9claration compl\u00e9mentaire ou avant la collecte des donn\u00e9es des utilisateurs.<\/p>\t\t\t\t\t\t\t\t<\/div>\n\t\t\t\t<\/div>\n\t\t\t\t<div class=\"elementor-element elementor-element-0aaed43 elementor-widget elementor-widget-heading\" data-id=\"0aaed43\" data-element_type=\"widget\" data-widget_type=\"heading.default\">\n\t\t\t\t<div class=\"elementor-widget-container\">\n\t\t\t\t\t<h4 class=\"elementor-heading-title elementor-size-default\">Nous collectons et utilisons les donn\u00e9es des utilisateurs<\/h4>\t\t\t\t<\/div>\n\t\t\t\t<\/div>\n\t\t\t\t<div class=\"elementor-element elementor-element-bdfab3b elementor-widget elementor-widget-text-editor\" data-id=\"bdfab3b\" data-element_type=\"widget\" data-widget_type=\"text-editor.default\">\n\t\t\t\t<div class=\"elementor-widget-container\">\n\t\t\t\t\t\t\t\t\t<p>Les donn\u00e9es relatives \u00e0 l'utilisateur sont des informations qui permettent d'identifier un utilisateur sp\u00e9cifique lorsqu'elles sont utilis\u00e9es seules ou en combinaison avec d'autres informations. Apr\u00e8s avoir lu et accept\u00e9 la pr\u00e9sente d\u00e9claration, des donn\u00e9es utilisateur seront collect\u00e9es lors de l'utilisation de nos produits ou services afin de vous fournir des services de qualit\u00e9. Nous pouvons \u00e9galement utiliser vos donn\u00e9es d'utilisateur pour effectuer des audits internes, des analyses de donn\u00e9es et des recherches, ainsi que pour am\u00e9liorer nos produits et services.<\/p>\n<p><img fetchpriority=\"high\" decoding=\"async\" class=\"aligncenter wp-image-28549 size-full\" src=\"https:\/\/foredgetech.com\/wp-content\/uploads\/2024\/01\/\u56fe\u72471-2.png\" alt=\"\" width=\"1269\" height=\"224\" srcset=\"https:\/\/foredgetech.com\/wp-content\/uploads\/2024\/01\/\u56fe\u72471-2.png 1269w, https:\/\/foredgetech.com\/wp-content\/uploads\/2024\/01\/\u56fe\u72471-2-150x26.png 150w, https:\/\/foredgetech.com\/wp-content\/uploads\/2024\/01\/\u56fe\u72471-2-600x106.png 600w, https:\/\/foredgetech.com\/wp-content\/uploads\/2024\/01\/\u56fe\u72471-2-300x53.png 300w, https:\/\/foredgetech.com\/wp-content\/uploads\/2024\/01\/\u56fe\u72471-2-1024x181.png 1024w, https:\/\/foredgetech.com\/wp-content\/uploads\/2024\/01\/\u56fe\u72471-2-768x136.png 768w\" sizes=\"(max-width: 1269px) 100vw, 1269px\" \/><\/p>\t\t\t\t\t\t\t\t<\/div>\n\t\t\t\t<\/div>\n\t\t\t\t<div class=\"elementor-element elementor-element-a5f4563 elementor-widget elementor-widget-heading\" data-id=\"a5f4563\" data-element_type=\"widget\" data-widget_type=\"heading.default\">\n\t\t\t\t<div class=\"elementor-widget-container\">\n\t\t\t\t\t<h4 class=\"elementor-heading-title elementor-size-default\">Protection des donn\u00e9es des utilisateurs<\/h4>\t\t\t\t<\/div>\n\t\t\t\t<\/div>\n\t\t\t\t<div class=\"elementor-element elementor-element-76cbe4f elementor-widget elementor-widget-text-editor\" data-id=\"76cbe4f\" data-element_type=\"widget\" data-widget_type=\"text-editor.default\">\n\t\t\t\t<div class=\"elementor-widget-container\">\n\t\t\t\t\t\t\t\t\t<p>Foredge n'acc\u00e8de \u00e0 aucune donn\u00e9e de l'utilisateur sans son autorisation et son consentement et a pris des mesures techniques et organisationnelles pratiques en mati\u00e8re de s\u00e9curit\u00e9 :<br \/>Les utilisateurs ont le droit d'accorder et de fermer des informations sensibles personnellement identifiables (telles que l'adresse \u00e9lectronique, le num\u00e9ro de t\u00e9l\u00e9phone portable, etc.) Ces informations sont prot\u00e9g\u00e9es par l'algorithme de cryptage AES-256* et stock\u00e9es dans le centre de donn\u00e9es ASW CLOUD par le biais d'un m\u00e9canisme de protection de la s\u00e9curit\u00e9 des donn\u00e9es \u00e0 plusieurs niveaux afin de garantir la confidentialit\u00e9 des utilisateurs et la s\u00e9curit\u00e9 des donn\u00e9es.<br \/>Nos serveurs n'identifient que les informations relatives \u00e0 l'appareil et \u00e0 l'application li\u00e9es au commutateur lorsqu'ils fournissent des services. Nous n'acc\u00e9dons \u00e0 aucune donn\u00e9e utilisateur au cours de ce processus.<br \/>*L'algorithme de cryptage AES-256 est actuellement reconnu comme l'algorithme de cryptage sym\u00e9trique le plus s\u00fbr. Sa longueur de cl\u00e9 est de 256 bits et il est largement utilis\u00e9 pour prot\u00e9ger les donn\u00e9es sensibles telles que les transactions financi\u00e8res et les dossiers m\u00e9dicaux.<\/p>\t\t\t\t\t\t\t\t<\/div>\n\t\t\t\t<\/div>\n\t\t\t\t<div class=\"elementor-element elementor-element-05891ae elementor-widget elementor-widget-heading\" data-id=\"05891ae\" data-element_type=\"widget\" data-widget_type=\"heading.default\">\n\t\t\t\t<div class=\"elementor-widget-container\">\n\t\t\t\t\t<h4 class=\"elementor-heading-title elementor-size-default\">S\u00e9curit\u00e9 du stockage des donn\u00e9es<\/h4>\t\t\t\t<\/div>\n\t\t\t\t<\/div>\n\t\t\t\t<div class=\"elementor-element elementor-element-1cad6b0 elementor-widget elementor-widget-text-editor\" data-id=\"1cad6b0\" data-element_type=\"widget\" data-widget_type=\"text-editor.default\">\n\t\t\t\t<div class=\"elementor-widget-container\">\n\t\t\t\t\t\t\t\t\t<p>Prend en charge le stockage des mots de passe et l'utilisation du cryptage AES256. Lorsque la fonction de cryptage est activ\u00e9e, seul l'utilisateur est autoris\u00e9 \u00e0 acc\u00e9der aux donn\u00e9es de stockage embarqu\u00e9es, et Foredge ne peut pas obtenir le mot de passe.<br \/>Les donn\u00e9es peuvent \u00eatre effac\u00e9es sur demande<br \/>Nous proposons des moyens d'effacer les donn\u00e9es et de supprimer les comptes, ce qui supprimera toutes les donn\u00e9es g\u00e9n\u00e9r\u00e9es lors de l'utilisation de l'appareil :<br \/>Vous pouvez supprimer votre compte via l'application Foredge Explorer et supprimer toutes les donn\u00e9es associ\u00e9es au compte ainsi que les journaux et le cache de l'application elle-m\u00eame.<br \/>Apr\u00e8s la suppression du compte, les journaux et autres informations sur le serveur seront automatiquement supprim\u00e9s.<br \/>Vous pouvez restaurer les param\u00e8tres d'usine de votre appareil via les param\u00e8tres syst\u00e8me de votre appareil.<\/p>\t\t\t\t\t\t\t\t<\/div>\n\t\t\t\t<\/div>\n\t\t\t\t<div class=\"elementor-element elementor-element-283ced2 elementor-widget elementor-widget-heading\" data-id=\"283ced2\" data-element_type=\"widget\" data-widget_type=\"heading.default\">\n\t\t\t\t<div class=\"elementor-widget-container\">\n\t\t\t\t\t<h4 class=\"elementor-heading-title elementor-size-default\">Comment transf\u00e9rer les donn\u00e9es des utilisateurs au-del\u00e0 des fronti\u00e8res ?<\/h4>\t\t\t\t<\/div>\n\t\t\t\t<\/div>\n\t\t\t\t<div class=\"elementor-element elementor-element-5defc7f elementor-widget elementor-widget-text-editor\" data-id=\"5defc7f\" data-element_type=\"widget\" data-widget_type=\"text-editor.default\">\n\t\t\t\t<div class=\"elementor-widget-container\">\n\t\t\t\t\t\t\t\t\t<p>En tant qu'entreprise internationale, vos donn\u00e9es d'utilisateur collect\u00e9es par Foredge peuvent \u00eatre stock\u00e9es dans le pays\/la r\u00e9gion o\u00f9 vous utilisez nos produits et services, ou dans le pays\/la r\u00e9gion o\u00f9 Foredge ou ses soci\u00e9t\u00e9s affili\u00e9es, filiales, fournisseurs de services ou partenaires commerciaux sont pr\u00e9sents pour le traitement ou l'acc\u00e8s. Ces juridictions peuvent avoir des lois diff\u00e9rentes en mati\u00e8re de protection des donn\u00e9es.<br \/>Dans de tels cas, Foredge prendra des mesures pour s'assurer que les donn\u00e9es sont trait\u00e9es conform\u00e9ment aux exigences de la pr\u00e9sente D\u00e9claration et de la l\u00e9gislation applicable, y compris lorsque les donn\u00e9es d'utilisateur de la personne concern\u00e9e sont transf\u00e9r\u00e9es de l'UE vers un pays ou une r\u00e9gion dont le niveau de protection des donn\u00e9es n'a pas \u00e9t\u00e9 reconnu par la Commission europ\u00e9enne. Nous pouvons utiliser divers m\u00e9canismes juridiques, tels que la signature de clauses contractuelles types approuv\u00e9es par la Commission europ\u00e9enne, l'obtention du consentement des personnes concern\u00e9es dans l'UE pour les transferts transfrontaliers, l'anonymisation des donn\u00e9es des utilisateurs avant les transferts transfrontaliers et d'autres mesures de s\u00e9curit\u00e9.<\/p>\t\t\t\t\t\t\t\t<\/div>\n\t\t\t\t<\/div>\n\t\t\t\t<div class=\"elementor-element elementor-element-69a71ff elementor-widget elementor-widget-heading\" data-id=\"69a71ff\" data-element_type=\"widget\" data-widget_type=\"heading.default\">\n\t\t\t\t<div class=\"elementor-widget-container\">\n\t\t\t\t\t<h4 class=\"elementor-heading-title elementor-size-default\">Comment cette d\u00e9claration est-elle mise \u00e0 jour ?<\/h4>\t\t\t\t<\/div>\n\t\t\t\t<\/div>\n\t\t\t\t<div class=\"elementor-element elementor-element-a8e9fd8 elementor-widget elementor-widget-text-editor\" data-id=\"a8e9fd8\" data-element_type=\"widget\" data-widget_type=\"text-editor.default\">\n\t\t\t\t<div class=\"elementor-widget-container\">\n\t\t\t\t\t\t\t\t\t<p>Foredge se r\u00e9serve le droit de mettre \u00e0 jour ou de modifier la pr\u00e9sente d\u00e9claration \u00e0 tout moment. En cas de modification, nous publierons la derni\u00e8re d\u00e9claration de confidentialit\u00e9 sur cette page. Si des modifications importantes sont apport\u00e9es \u00e0 la pr\u00e9sente d\u00e9claration de confidentialit\u00e9, nous pourrons vous en informer par diff\u00e9rents canaux.<\/p>\t\t\t\t\t\t\t\t<\/div>\n\t\t\t\t<\/div>\n\t\t\t\t\t<\/div>\n\t\t\t\t<\/div>\n\t\t\t\t\t<\/div>\n\t\t\t\t<\/div>\n\t\t\t\t<\/div>","protected":false},"excerpt":{"rendered":"<p>Foredge User Data Security Protection Statement This statement may not cover all possible user data processing scenarios. Statements involving user data processing in specific scenarios may be provided by Foredge in a supplementary statement or before collecting user data. We collect and use user data User data refers to information that can identify a specific user when used alone or in combination with other information. After reading and agreeing to this statement, user data will be collected when using our products or services to provide you with quality services. We may also use your User Data to conduct internal audits, data analysis and research, and to improve our products and services. User data protection Foredge will not access any user data without the user&#8217;s authorization and consent, and has taken practical technical security and organizational measures:Users have the right to grant and close personally identifiable sensitive information (such as email address, mobile phone number, etc.). This information is protected by the AES-256 encryption algorithm* and stored in the ASW CLOUD data center through a multi-layer data security protection mechanism to ensure user privacy and Data Security.Our servers only identify switch-related device and application information when providing services. We do not access any user data during this process.*AES-256 encryption algorithm is currently recognized as the most secure symmetric encryption algorithm. Its key length is 256 bits and is widely used to protect sensitive data such as financial transactions and medical records. Data storage security Supports storing passwords and using AES256 encryption. When the encryption function is turned on, only the user has the permission to access the onboard storage data, and Foredge cannot obtain the password.Data can be erased on requestWe offer ways to clear data and delete accounts, which will delete any data generated while using the device:You can delete your account through the Foredge Explorer application and delete all data associated with the account as well as the logs and cache of the application itself.After the account is deleted, logs and other information on the server will be automatically deleted.You can restore your device&#8217;s factory settings through the system settings on your device. How to transfer user data across borders As a global company, your user data collected by Foredge may be stored in the country\/region where you use our products and services, or where Foredge or its affiliates, subsidiaries, service providers or business partners exist. country\/region for processing or access. These jurisdictions may have different data protection laws.In such cases, Foredge will take steps to ensure that the data is processed in accordance with the requirements of this Statement and applicable law, including when the data subject&#8217;s user data is transferred from the EU to a country or region that has a level of data protection that has not been recognized by the European Commission. We may use various legal mechanisms, such as signing standard contractual clauses approved by the European Commission, obtaining consent from data subjects in the EU for cross-border transfers, anonymizing user data before cross-border transfers and other security measures. How this statement is updated Foredge reserves the right to update or change this statement at any time. If there are any changes, we will post the latest privacy statement on this page. If there are major changes to this privacy statement, we may notify you through different channels.<\/p>","protected":false},"author":1,"featured_media":0,"parent":0,"menu_order":0,"comment_status":"closed","ping_status":"closed","template":"","meta":{"footnotes":""},"class_list":["post-28543","page","type-page","status-publish","hentry","post-no-thumbnail"],"_links":{"self":[{"href":"https:\/\/foredgetech.com\/fr\/wp-json\/wp\/v2\/pages\/28543","targetHints":{"allow":["GET"]}}],"collection":[{"href":"https:\/\/foredgetech.com\/fr\/wp-json\/wp\/v2\/pages"}],"about":[{"href":"https:\/\/foredgetech.com\/fr\/wp-json\/wp\/v2\/types\/page"}],"author":[{"embeddable":true,"href":"https:\/\/foredgetech.com\/fr\/wp-json\/wp\/v2\/users\/1"}],"replies":[{"embeddable":true,"href":"https:\/\/foredgetech.com\/fr\/wp-json\/wp\/v2\/comments?post=28543"}],"version-history":[{"count":0,"href":"https:\/\/foredgetech.com\/fr\/wp-json\/wp\/v2\/pages\/28543\/revisions"}],"wp:attachment":[{"href":"https:\/\/foredgetech.com\/fr\/wp-json\/wp\/v2\/media?parent=28543"}],"curies":[{"name":"wp","href":"https:\/\/api.w.org\/{rel}","templated":true}]}}