{"id":24266,"date":"2023-12-26T08:27:02","date_gmt":"2023-12-26T08:27:02","guid":{"rendered":"https:\/\/foredgetech.com\/?page_id=24266"},"modified":"2024-01-05T03:06:27","modified_gmt":"2024-01-05T03:06:27","slug":"trademarks","status":"publish","type":"page","link":"https:\/\/foredgetech.com\/fr\/about\/trademarks\/","title":{"rendered":"marques"},"content":{"rendered":"<div data-elementor-type=\"wp-page\" data-elementor-id=\"24266\" class=\"elementor elementor-24266\">\n\t\t\t\t<div class=\"elementor-element elementor-element-410926c e-flex e-con-boxed e-con e-parent\" data-id=\"410926c\" data-element_type=\"container\">\n\t\t\t\t\t<div class=\"e-con-inner\">\n\t\t\t\t<div class=\"elementor-element elementor-element-b7714cb elementor-widget elementor-widget-tm-heading\" data-id=\"b7714cb\" data-element_type=\"widget\" data-widget_type=\"tm-heading.default\">\n\t\t\t\t<div class=\"elementor-widget-container\">\n\t\t\t\t\t\t\t<div class=\"tm-modern-heading tm-modern-heading--style-02 tm-modern-heading--highlight-style-01\">\n\t\t\t\n\t\t\t\t\t<div class=\"heading-primary-wrap\">\n\t\t\t<h2 class=\"heading-primary elementor-heading-title\">Marques d\u00e9pos\u00e9es<\/h2>\t\t<\/div>\n\t\t\n\t\t\t\n\t\t\t\t\t<\/div>\n\t\t\t\t\t\t<\/div>\n\t\t\t\t<\/div>\n\t\t\t\t\t<\/div>\n\t\t\t\t<\/div>\n\t\t<div class=\"elementor-element elementor-element-f2a2294 e-flex e-con-boxed e-con e-parent\" data-id=\"f2a2294\" data-element_type=\"container\">\n\t\t\t\t\t<div class=\"e-con-inner\">\n\t\t\t\t<div class=\"elementor-element elementor-element-326de0f elementor-widget elementor-widget-text-editor\" data-id=\"326de0f\" data-element_type=\"widget\" data-widget_type=\"text-editor.default\">\n\t\t\t\t<div class=\"elementor-widget-container\">\n\t\t\t\t\t\t\t\t\t<p>Foredge et Foredge Technology sont des marques commerciales de Shenzhen Foredge Technology Co, Ltd. (ci-apr\u00e8s d\u00e9nomm\u00e9e Foredge). Le logo de Foredge est une marque d\u00e9pos\u00e9e de Foredge. Sans l'accord \u00e9crit pr\u00e9alable de Foredge, tout contenu mentionn\u00e9 sur le site Web de Foredge n'est pas r\u00e9put\u00e9 accorder une licence ou un droit d'utilisation des marques et noms commerciaux susmentionn\u00e9s, que ce soit de mani\u00e8re implicite, sans objection ou de toute autre mani\u00e8re. Sans l'accord \u00e9crit pr\u00e9alable de Foredge, il est interdit d'utiliser le nom commercial, la marque ou le logo de Foredge de quelque mani\u00e8re que ce soit.<br \/>Foredge n'assume aucune responsabilit\u00e9 pour les inexactitudes ou les erreurs qui peuvent se produire sur ce site Web. Foredge se r\u00e9serve le droit de modifier, transf\u00e9rer ou r\u00e9viser de quelque mani\u00e8re que ce soit la pr\u00e9sente publication.<\/p>\t\t\t\t\t\t\t\t<\/div>\n\t\t\t\t<\/div>\n\t\t\t\t<div class=\"elementor-element elementor-element-42501d0 elementor-widget elementor-widget-image\" data-id=\"42501d0\" data-element_type=\"widget\" data-widget_type=\"image.default\">\n\t\t\t\t<div class=\"elementor-widget-container\">\n\t\t\t\t\t\t\t\t\t\t\t\t\t\t\t<img decoding=\"async\" width=\"400\" height=\"120\" data-src=\"https:\/\/foredgetech.com\/wp-content\/uploads\/2023\/12\/\u4e30\u6da6\u8fbe\u82f1\u6587logo-FOREDGE-\u84dd\u9ed1-400x120-1.webp\" class=\"attachment-full size-full wp-image-26757 lazyload\" alt=\"\" data-srcset=\"https:\/\/foredgetech.com\/wp-content\/uploads\/2023\/12\/\u4e30\u6da6\u8fbe\u82f1\u6587logo-FOREDGE-\u84dd\u9ed1-400x120-1.webp 400w, https:\/\/foredgetech.com\/wp-content\/uploads\/2023\/12\/\u4e30\u6da6\u8fbe\u82f1\u6587logo-FOREDGE-\u84dd\u9ed1-400x120-1-150x45.webp 150w, https:\/\/foredgetech.com\/wp-content\/uploads\/2023\/12\/\u4e30\u6da6\u8fbe\u82f1\u6587logo-FOREDGE-\u84dd\u9ed1-400x120-1-300x90.webp 300w\" data-sizes=\"(max-width: 400px) 100vw, 400px\" src=\"data:image\/svg+xml;base64,PHN2ZyB3aWR0aD0iMSIgaGVpZ2h0PSIxIiB4bWxucz0iaHR0cDovL3d3dy53My5vcmcvMjAwMC9zdmciPjwvc3ZnPg==\" style=\"--smush-placeholder-width: 400px; --smush-placeholder-aspect-ratio: 400\/120;\" \/>\t\t\t\t\t\t\t\t\t\t\t\t\t\t\t<\/div>\n\t\t\t\t<\/div>\n\t\t\t\t\t<\/div>\n\t\t\t\t<\/div>\n\t\t\t\t<\/div>","protected":false},"excerpt":{"rendered":"<p>Trademarks Foredge and Foredge Technology are trademarks of Shenzhen Foredge Technology Co., Ltd. (hereinafter referred to as Foredge). The logo of Foredge is a registered trademark of Foredge. Without the prior written consent of Foredge, any content mentioned on the Foredge website shall not be deemed to grant any license or right to use any of the aforementioned trademarks and trade names by implication, without objection, or in any other way. Without the prior written consent of Foredge, no one shall use Foredge&#8217;s trade name, trademark, or logo in any way.Foredge assumes no responsibility for any inaccuracies or errors that may occur on this website. Foredge reserves the right to modify, modify, transfer or otherwise revise this publication.<\/p>","protected":false},"author":1,"featured_media":0,"parent":24281,"menu_order":0,"comment_status":"closed","ping_status":"closed","template":"","meta":{"footnotes":""},"class_list":["post-24266","page","type-page","status-publish","hentry","post-no-thumbnail"],"_links":{"self":[{"href":"https:\/\/foredgetech.com\/fr\/wp-json\/wp\/v2\/pages\/24266","targetHints":{"allow":["GET"]}}],"collection":[{"href":"https:\/\/foredgetech.com\/fr\/wp-json\/wp\/v2\/pages"}],"about":[{"href":"https:\/\/foredgetech.com\/fr\/wp-json\/wp\/v2\/types\/page"}],"author":[{"embeddable":true,"href":"https:\/\/foredgetech.com\/fr\/wp-json\/wp\/v2\/users\/1"}],"replies":[{"embeddable":true,"href":"https:\/\/foredgetech.com\/fr\/wp-json\/wp\/v2\/comments?post=24266"}],"version-history":[{"count":0,"href":"https:\/\/foredgetech.com\/fr\/wp-json\/wp\/v2\/pages\/24266\/revisions"}],"up":[{"embeddable":true,"href":"https:\/\/foredgetech.com\/fr\/wp-json\/wp\/v2\/pages\/24281"}],"wp:attachment":[{"href":"https:\/\/foredgetech.com\/fr\/wp-json\/wp\/v2\/media?parent=24266"}],"curies":[{"name":"wp","href":"https:\/\/api.w.org\/{rel}","templated":true}]}}