{"id":23049,"date":"2023-12-19T07:31:38","date_gmt":"2023-12-19T07:31:38","guid":{"rendered":"https:\/\/foredgetech.com\/?page_id=23049"},"modified":"2024-01-11T09:44:21","modified_gmt":"2024-01-11T09:44:21","slug":"corporate-culture","status":"publish","type":"page","link":"https:\/\/foredgetech.com\/fr\/corporate-culture\/","title":{"rendered":"Culture d'entreprise"},"content":{"rendered":"<div data-elementor-type=\"wp-page\" data-elementor-id=\"23049\" class=\"elementor elementor-23049\">\n\t\t\t\t<div class=\"elementor-element elementor-element-9b598b4 e-flex e-con-boxed e-con e-parent\" data-id=\"9b598b4\" data-element_type=\"container\">\n\t\t\t\t\t<div class=\"e-con-inner\">\n\t\t<div class=\"elementor-element elementor-element-166056f e-con-full e-flex e-con e-child\" data-id=\"166056f\" data-element_type=\"container\">\n\t\t\t\t<div class=\"elementor-element elementor-element-b8622ae elementor-widget elementor-widget-tm-modern-image\" data-id=\"b8622ae\" data-element_type=\"widget\" data-widget_type=\"tm-modern-image.default\">\n\t\t\t\t<div class=\"elementor-widget-container\">\n\t\t\t\t\t\t\t<div class=\"tm-modern-image\">\n\t\t\t\t\t\t\t<div class=\"minimog-box\">\n\t\t\t\t\t<div class=\"minimog-image\">\t\t\t\t\t<m-image class=\"minimog-lazy-image\" style=\"--lazy-image-width: 1024px;--lazy-image-height: 42.87109375%;\" data-image-loading><img decoding=\"async\"  data-src=\"https:\/\/foredgetech.com\/wp-content\/uploads\/2024\/01\/3-\u5229\u76ca-A-1.png\" width=\"1024\" height=\"439\" alt=\"3 \u5229\u76ca A\" class=\"attachment-full size-full lazyload\" src=\"data:image\/svg+xml;base64,PHN2ZyB3aWR0aD0iMSIgaGVpZ2h0PSIxIiB4bWxucz0iaHR0cDovL3d3dy53My5vcmcvMjAwMC9zdmciPjwvc3ZnPg==\" style=\"--smush-placeholder-width: 1024px; --smush-placeholder-aspect-ratio: 1024\/439;\" \/><\/m-image>\t\t\t\t\t<\/div>\t\t\t\t<\/div>\n\t\t\t\t\t\t\t\t\t\t<\/div>\n\t\t\t\t\t\t<\/div>\n\t\t\t\t<\/div>\n\t\t\t\t<\/div>\n\t\t<div class=\"elementor-element elementor-element-6c0aa5c e-con-full e-flex e-con e-child\" data-id=\"6c0aa5c\" data-element_type=\"container\">\n\t\t\t\t<div class=\"elementor-element elementor-element-22f5a7b elementor-widget-widescreen__width-initial elementor-widget elementor-widget-tm-heading\" data-id=\"22f5a7b\" data-element_type=\"widget\" data-widget_type=\"tm-heading.default\">\n\t\t\t\t<div class=\"elementor-widget-container\">\n\t\t\t\t\t\t\t<div class=\"tm-modern-heading tm-modern-heading--style-01 tm-modern-heading--highlight-style-01\">\n\t\t\t\n\t\t\t\t\t<div class=\"heading-primary-wrap\">\n\t\t\t<h2 class=\"heading-primary elementor-heading-title\">Vision<\/h2>\t\t<\/div>\n\t\t\n\t\t\t\n\t\t\t\t\t<div class=\"heading-description-wrap\">\n\t\t\t<div class=\"heading-description\">\n\t\t\t\t<p>Devenir un fournisseur de classe mondiale d'\u00e9quipements de r\u00e9seau de base pour les TIC<\/p>\t\t\t<\/div>\n\t\t<\/div>\n\t\t\t\t<\/div>\n\t\t\t\t\t\t<\/div>\n\t\t\t\t<\/div>\n\t\t\t\t<\/div>\n\t\t\t\t\t<\/div>\n\t\t\t\t<\/div>\n\t\t<div class=\"elementor-element elementor-element-d939694 e-flex e-con-boxed e-con e-parent\" data-id=\"d939694\" data-element_type=\"container\">\n\t\t\t\t\t<div class=\"e-con-inner\">\n\t\t<div class=\"elementor-element elementor-element-9fed0d6 e-con-full e-flex e-con e-child\" data-id=\"9fed0d6\" data-element_type=\"container\">\n\t\t<div class=\"elementor-element elementor-element-46ab16f e-con-full e-flex e-con e-child\" data-id=\"46ab16f\" data-element_type=\"container\">\n\t\t\t\t<div class=\"elementor-element elementor-element-5ad7f83 elementor-widget-widescreen__width-initial elementor-widget elementor-widget-tm-heading\" data-id=\"5ad7f83\" data-element_type=\"widget\" data-widget_type=\"tm-heading.default\">\n\t\t\t\t<div class=\"elementor-widget-container\">\n\t\t\t\t\t\t\t<div class=\"tm-modern-heading tm-modern-heading--style-01 tm-modern-heading--highlight-style-01\">\n\t\t\t\n\t\t\t\t\t<div class=\"heading-primary-wrap\">\n\t\t\t<h2 class=\"heading-primary elementor-heading-title\">La mission<\/h2>\t\t<\/div>\n\t\t\n\t\t\t\n\t\t\t\t\t<div class=\"heading-description-wrap\">\n\t\t\t<div class=\"heading-description\">\n\t\t\t\t<p>Se concentrer sur les besoins et les d\u00e9fis des clients, fournir trois solutions d'int\u00e9gration de r\u00e9seau comp\u00e9titives<\/p>\t\t\t<\/div>\n\t\t<\/div>\n\t\t\t\t<\/div>\n\t\t\t\t\t\t<\/div>\n\t\t\t\t<\/div>\n\t\t\t\t<\/div>\n\t\t\t\t<\/div>\n\t\t<div class=\"elementor-element elementor-element-f7229a5 e-con-full e-flex e-con e-child\" data-id=\"f7229a5\" data-element_type=\"container\">\n\t\t\t\t<div class=\"elementor-element elementor-element-132059a elementor-widget elementor-widget-tm-modern-image\" data-id=\"132059a\" data-element_type=\"widget\" data-widget_type=\"tm-modern-image.default\">\n\t\t\t\t<div class=\"elementor-widget-container\">\n\t\t\t\t\t\t\t<div class=\"tm-modern-image\">\n\t\t\t\t\t\t\t<div class=\"minimog-box\">\n\t\t\t\t\t<div class=\"minimog-image\">\t\t\t\t\t<m-image class=\"minimog-lazy-image\" style=\"--lazy-image-width: 1024px;--lazy-image-height: 42.87109375%;\" data-image-loading><img decoding=\"async\"  data-src=\"https:\/\/foredgetech.com\/wp-content\/uploads\/2024\/01\/3-\u5229\u76ca-2.png\" width=\"1024\" height=\"439\" alt=\"3 \u5229\u76ca\" class=\"attachment-full size-full lazyload\" src=\"data:image\/svg+xml;base64,PHN2ZyB3aWR0aD0iMSIgaGVpZ2h0PSIxIiB4bWxucz0iaHR0cDovL3d3dy53My5vcmcvMjAwMC9zdmciPjwvc3ZnPg==\" style=\"--smush-placeholder-width: 1024px; --smush-placeholder-aspect-ratio: 1024\/439;\" \/><\/m-image>\t\t\t\t\t<\/div>\t\t\t\t<\/div>\n\t\t\t\t\t\t\t\t\t\t<\/div>\n\t\t\t\t\t\t<\/div>\n\t\t\t\t<\/div>\n\t\t\t\t<\/div>\n\t\t\t\t\t<\/div>\n\t\t\t\t<\/div>\n\t\t<div class=\"elementor-element elementor-element-6af4a84 e-flex e-con-boxed e-con e-parent\" data-id=\"6af4a84\" data-element_type=\"container\">\n\t\t\t\t\t<div class=\"e-con-inner\">\n\t\t\t\t<div class=\"elementor-element elementor-element-de16451 elementor-widget elementor-widget-heading\" data-id=\"de16451\" data-element_type=\"widget\" data-widget_type=\"heading.default\">\n\t\t\t\t<div class=\"elementor-widget-container\">\n\t\t\t\t\t<h2 class=\"elementor-heading-title elementor-size-default\">Vaules de base<\/h2>\t\t\t\t<\/div>\n\t\t\t\t<\/div>\n\t\t\t\t\t<\/div>\n\t\t\t\t<\/div>\n\t\t<div class=\"elementor-element elementor-element-328a1a6 e-flex e-con-boxed e-con e-parent\" data-id=\"328a1a6\" data-element_type=\"container\">\n\t\t\t\t\t<div class=\"e-con-inner\">\n\t\t<div class=\"elementor-element elementor-element-2a49a34 e-con-full e-flex e-con e-child\" data-id=\"2a49a34\" data-element_type=\"container\">\n\t\t\t\t<div class=\"elementor-element elementor-element-d73a3d9 elementor-align-left elementor-icon-list--layout-traditional elementor-list-item-link-full_width elementor-widget elementor-widget-icon-list\" data-id=\"d73a3d9\" data-element_type=\"widget\" data-widget_type=\"icon-list.default\">\n\t\t\t\t<div class=\"elementor-widget-container\">\n\t\t\t\t\t\t\t<ul class=\"elementor-icon-list-items\">\n\t\t\t\t\t\t\t<li class=\"elementor-icon-list-item\">\n\t\t\t\t\t\t\t\t\t\t\t<span class=\"elementor-icon-list-icon\">\n\t\t\t\t\t\t\t<svg xmlns=\"http:\/\/www.w3.org\/2000\/svg\" height=\"24\" viewbox=\"0 -960 960 960\" width=\"24\"><path d=\"M240.924-268.307q51-37.846 111.115-59.769Q412.154-349.999 480-349.999t127.961 21.923q60.115 21.923 111.115 59.769 37.308-41 59.116-94.923Q800-417.154 800-480q0-133-93.5-226.5T480-800q-133 0-226.5 93.5T160-480q0 62.846 21.808 116.77 21.808 53.923 59.116 94.923Zm239.088-181.694q-54.781 0-92.396-37.603-37.615-37.604-37.615-92.384 0-54.781 37.603-92.396 37.604-37.615 92.384-37.615 54.781 0 92.396 37.603 37.615 37.604 37.615 92.384 0 54.781-37.603 92.396-37.604 37.615-92.384 37.615Zm-.012 350q-79.154 0-148.499-29.77-69.346-29.769-120.654-81.076-51.307-51.308-81.076-120.654-29.77-69.345-29.77-148.499t29.77-148.499q29.769-69.346 81.076-120.654 51.308-51.307 120.654-81.076 69.345-29.77 148.499-29.77t148.499 29.77q69.346 29.769 120.654 81.076 51.307 51.308 81.076 120.654 29.77 69.345 29.77 148.499t-29.77 148.499q-29.769 69.346-81.076 120.654-51.308 51.307-120.654 81.076-69.345 29.77-148.499 29.77ZM480-160q54.154 0 104.423-17.423 50.27-17.423 89.27-48.731-39-30.154-88.116-47Q536.462-290.001 480-290.001q-56.462 0-105.77 16.654-49.308 16.654-87.923 47.193 39 31.308 89.27 48.731Q425.846-160 480-160Zm0-349.999q29.846 0 49.924-20.077 20.077-20.078 20.077-49.924t-20.077-49.924Q509.846-650.001 480-650.001t-49.924 20.077Q409.999-609.846 409.999-580t20.077 49.924q20.078 20.077 49.924 20.077ZM480-580Zm0 355Z\"><\/path><\/svg>\t\t\t\t\t\t<\/span>\n\t\t\t\t\t\t\t\t\t\t<span class=\"elementor-icon-list-text\">Respecter les performances et valoriser la valeur<\/span>\n\t\t\t\t\t\t\t\t\t<\/li>\n\t\t\t\t\t\t\t\t<li class=\"elementor-icon-list-item\">\n\t\t\t\t\t\t\t\t\t\t\t<span class=\"elementor-icon-list-icon\">\n\t\t\t\t\t\t\t<svg xmlns=\"http:\/\/www.w3.org\/2000\/svg\" height=\"24\" viewbox=\"0 -960 960 960\" width=\"24\"><path d=\"M480-122.311q-24.077 0-42.577-12.692-18.499-12.692-25.884-33.308H400q-24.538 0-42.268-17.73-17.731-17.73-17.731-42.268v-131.23q-60.538-36.692-95.269-98.385Q210.001-519.616 210.001-590q0-112.922 78.538-191.461Q367.078-859.999 480-859.999q112.922 0 191.461 78.538Q749.999-702.922 749.999-590q0 71.615-34.731 132.692-34.731 61.077-95.269 97.769v131.23q0 24.538-17.731 42.268-17.73 17.73-42.268 17.73h-11.539q-7.385 20.616-25.884 33.308-18.5 12.692-42.577 12.692Zm-80-105.998h160v-37.539H400v37.539Zm0-72.923h160v-38.769H400v38.769ZM392-400h64.154v-116.462l-85.692-85.692L404-635.692l76 76 76-76 33.538 33.538-85.692 85.692V-400H568q54-26 88-76.5T690-590q0-88-61-149t-149-61q-88 0-149 61t-61 149q0 63 34 113.5t88 76.5Zm88-159.692ZM480-600Z\"><\/path><\/svg>\t\t\t\t\t\t<\/span>\n\t\t\t\t\t\t\t\t\t\t<span class=\"elementor-icon-list-text\">Priorit\u00e9 aux personnes, les personnes aptes montent dans le v\u00e9hicule, les personnes inaptes en descendent.<\/span>\n\t\t\t\t\t\t\t\t\t<\/li>\n\t\t\t\t\t\t\t\t<li class=\"elementor-icon-list-item\">\n\t\t\t\t\t\t\t\t\t\t\t<span class=\"elementor-icon-list-icon\">\n\t\t\t\t\t\t\t<svg xmlns=\"http:\/\/www.w3.org\/2000\/svg\" height=\"24\" viewbox=\"0 -960 960 960\" width=\"24\"><path d=\"M440-501Zm0 354.075-86.612-77.844Q271.771-299 215.656-354.616q-56.116-55.615-90.77-101.577-34.654-45.962-49.77-86.423Q60.003-583.078 60.003-626q0-85.154 57.422-142.269Q174.847-825.384 260-825.384q52.385 0 99 24.501 46.615 24.5 81 70.269 34.385-45.769 81-70.269 46.615-24.501 99-24.501 75.23 0 126.961 44.347 51.73 44.346 67.115 111.038H751Q737.231-714.615 700.693-740 664.154-765.385 620-765.385q-49.846 0-88.192 27.5-38.347 27.5-72.27 77.885h-39.076q-33.693-50.77-73.385-78.077-39.692-27.308-87.077-27.308-57.769 0-98.885 39.692Q120-686 120-626q0 33.384 14 67.769 14 34.385 50 79.269 36 44.885 98 105.154T440-228q28.308-25.308 60.615-53.769 32.308-28.462 54.462-49.616l6.692 6.692 14.692 14.692 14.692 14.692 6.692 6.693q-22.769 21.153-54.269 48.923-31.5 27.769-59.423 53.077L440-146.925Zm274.615-143.076v-120h-120v-59.998h120v-120h59.999v120h120v59.998h-120v120h-59.999Z\"><\/path><\/svg>\t\t\t\t\t\t<\/span>\n\t\t\t\t\t\t\t\t\t\t<span class=\"elementor-icon-list-text\">Une pens\u00e9e de combat bien entra\u00een\u00e9e et un comportement de combat bien entra\u00een\u00e9<\/span>\n\t\t\t\t\t\t\t\t\t<\/li>\n\t\t\t\t\t\t<\/ul>\n\t\t\t\t\t\t<\/div>\n\t\t\t\t<\/div>\n\t\t\t\t<\/div>\n\t\t<div class=\"elementor-element elementor-element-ee03f68 e-con-full e-flex e-con e-child\" data-id=\"ee03f68\" data-element_type=\"container\">\n\t\t\t\t<div class=\"elementor-element elementor-element-ea63814 elementor-widget elementor-widget-tm-modern-image\" data-id=\"ea63814\" data-element_type=\"widget\" data-widget_type=\"tm-modern-image.default\">\n\t\t\t\t<div class=\"elementor-widget-container\">\n\t\t\t\t\t\t\t<div class=\"tm-modern-image\">\n\t\t\t\t\t\t\t<div class=\"minimog-box\">\n\t\t\t\t\t<div class=\"minimog-image\">\t\t\t\t\t<m-image class=\"minimog-lazy-image\" style=\"--lazy-image-width: 359px;--lazy-image-height: 83.565459610028%;\" data-image-loading><img decoding=\"async\"  data-src=\"https:\/\/foredgetech.com\/wp-content\/uploads\/2023\/12\/blue.png\" width=\"359\" height=\"300\" alt=\"blue\" class=\"attachment-large size-large lazyload\" src=\"data:image\/svg+xml;base64,PHN2ZyB3aWR0aD0iMSIgaGVpZ2h0PSIxIiB4bWxucz0iaHR0cDovL3d3dy53My5vcmcvMjAwMC9zdmciPjwvc3ZnPg==\" style=\"--smush-placeholder-width: 359px; --smush-placeholder-aspect-ratio: 359\/300;\" \/><\/m-image>\t\t\t\t\t<\/div>\t\t\t\t<\/div>\n\t\t\t\t\t\t\t\t\t\t<\/div>\n\t\t\t\t\t\t<\/div>\n\t\t\t\t<\/div>\n\t\t\t\t<\/div>\n\t\t<div class=\"elementor-element elementor-element-3cee430 e-con-full e-flex e-con e-child\" data-id=\"3cee430\" data-element_type=\"container\">\n\t\t\t\t<div class=\"elementor-element elementor-element-e5699db elementor-align-left elementor-icon-list--layout-traditional elementor-list-item-link-full_width elementor-widget elementor-widget-icon-list\" data-id=\"e5699db\" data-element_type=\"widget\" data-widget_type=\"icon-list.default\">\n\t\t\t\t<div class=\"elementor-widget-container\">\n\t\t\t\t\t\t\t<ul class=\"elementor-icon-list-items\">\n\t\t\t\t\t\t\t<li class=\"elementor-icon-list-item\">\n\t\t\t\t\t\t\t\t\t\t\t<span class=\"elementor-icon-list-icon\">\n\t\t\t\t\t\t\t<svg xmlns=\"http:\/\/www.w3.org\/2000\/svg\" height=\"24\" viewbox=\"0 -960 960 960\" width=\"24\"><path d=\"M480-135.77 91.924-601.539l114.23-228.46h547.692l114.23 228.46L480-135.77ZM368.845-629.999h222.31l-70.001-140.002h-82.308l-70.001 140.002Zm81.156 364.693v-304.695H196.845l253.156 304.695Zm59.998 0 253.156-304.695H509.999v304.695Zm147.847-364.693h128.309l-70.001-140.002H587.845l70.001 140.002Zm-484.001 0h128.309l70.001-140.002H243.846l-70.001 140.002Z\"><\/path><\/svg>\t\t\t\t\t\t<\/span>\n\t\t\t\t\t\t\t\t\t\t<span class=\"elementor-icon-list-text\">Cultiver l'esprit et voir la nature, la combustion spontan\u00e9e et l'explosion, l'unit\u00e9 de la connaissance et de l'action<\/span>\n\t\t\t\t\t\t\t\t\t<\/li>\n\t\t\t\t\t\t\t\t<li class=\"elementor-icon-list-item\">\n\t\t\t\t\t\t\t\t\t\t\t<span class=\"elementor-icon-list-icon\">\n\t\t\t\t\t\t\t<svg xmlns=\"http:\/\/www.w3.org\/2000\/svg\" height=\"24\" viewbox=\"0 -960 960 960\" width=\"24\"><path d=\"M140.001-520v-299.999H440V-520H140.001Zm0 379.999V-440H440v299.999H140.001ZM520-520v-299.999h299.999V-520H520Zm0 379.999V-440h299.999v299.999H520ZM200-579.999h180.001V-760H200v180.001Zm379.999 0H760V-760H579.999v180.001Zm0 379.999H760v-180.001H579.999V-200ZM200-200h180.001v-180.001H200V-200Zm379.999-379.999Zm0 199.998Zm-199.998 0Zm0-199.998Z\"><\/path><\/svg>\t\t\t\t\t\t<\/span>\n\t\t\t\t\t\t\t\t\t\t<span class=\"elementor-icon-list-text\">La culture conduit la strat\u00e9gie, la strat\u00e9gie est l'ex\u00e9cution, l'ex\u00e9cution surpasse tout.<\/span>\n\t\t\t\t\t\t\t\t\t<\/li>\n\t\t\t\t\t\t\t\t<li class=\"elementor-icon-list-item\">\n\t\t\t\t\t\t\t\t\t\t\t<span class=\"elementor-icon-list-icon\">\n\t\t\t\t\t\t\t<svg xmlns=\"http:\/\/www.w3.org\/2000\/svg\" height=\"24\" viewbox=\"0 -960 960 960\" width=\"24\"><path d=\"M358.462-77.617q-46 0-81.538-25.923-35.539-25.923-52.077-68.692-14.077 20.615-37.038 31.731-22.961 11.115-47.808 11.115-46.384 0-78.191-32.083-31.808-32.083-31.808-77.916 0-39.923 26.846-72.308 26.846-32.384 67.923-35.076Q107.694-366 98.078-390.231 88.463-414.462 88.463-441q0-36.643 18.384-68.706 18.385-32.063 51.538-52.524 3.864 13.423 10.432 28.711 6.568 15.288 14.491 26.826-16.308 12.538-25.077 30.026-8.77 17.487-8.77 36.667 0 59.077 46 74.577t90.847 24.269l13.999 23.923q-11 32-18.423 54.308-7.423 22.307-7.423 40.692 0 33.693 24.294 58.962Q323.049-138 358.078-138q40.307 0 66.461-33.038 26.154-33.038 42.924-78.077 16.769-45.038 25.846-91.846 9.077-46.808 14.846-74.115l58.768 15.999q-8.616 42.308-20.846 97.615-12.231 55.308-34.577 105.115-22.346 49.808-58.807 84.269-36.461 34.462-94.231 34.462ZM140.001-189.385q20.847 0 35.424-14.577 14.577-14.577 14.577-35.423 0-20.847-14.577-35.424-14.577-14.577-35.424-14.577-20.846 0-35.423 14.577-14.577 14.577-14.577 35.424 0 20.846 14.577 35.423 14.577 14.577 35.423 14.577Zm263.614-161.461q-43.307-38.693-78.884-72.269-35.577-33.577-61.325-65.539-25.749-31.961-39.577-63.922-13.828-31.962-13.828-66.423 0-60.779 41.61-102.389 41.61-41.611 102.389-41.611 7.462 0 13.347.885 5.884.885 11.808 2.039-4.385-9.616-6.77-19.492-2.384-9.876-2.384-20.739 0-45.833 32.07-77.916t77.884-32.083q45.814 0 77.929 32.083t32.115 77.916q0 11-2.384 20.5-2.385 9.5-6.77 19.115 5.924-1.154 11.808-1.731 5.885-.577 13.347-.577 52.692 0 90.653 32.154 37.961 32.153 48.269 80.691-13.714-2.231-30.856-2.231-17.143 0-31.527 1.616-8.923-23-29.154-37.616Q633.154-703 606.17-703q-36.324 0-57.17 19.923-20.846 19.923-55.616 60.077h-27.768q-35.77-41.769-56.616-60.885Q388.154-703 354-703q-36.325 0-60.163 23.838-23.838 23.838-23.838 60.163 0 23.123 12.423 47.754 12.423 24.63 35.289 52.13 22.866 27.5 55.461 58.5 32.596 31 73.212 67l-42.769 42.769ZM480-750.305q20.846 0 35.424-14.577 14.577-14.578 14.577-35.424t-14.577-35.424Q500.846-850.307 480-850.307t-35.424 14.577q-14.577 14.578-14.577 35.424t14.577 35.424q14.578 14.577 35.424 14.577ZM599.769-77.232q-18.118 0-35.823-4.523-17.706-4.523-34.176-14.323 8.28-10.594 16.56-24.973t15.054-26.487q9.943 5.343 19.885 7.633 9.942 2.29 19.884 2.29 35.462 0 60.039-25.233 24.577-25.233 24.577-59.998 0-18.884-7.423-40.75t-18.423-53.866l14.384-23.922q45.847-8.77 91.347-24.462 45.5-15.693 45.5-74.77 0-44.231-31.808-64.923-31.808-20.693-70.654-20.693-41.161 0-96.042 14.846t-127.573 39.077l-16-58.768q73.384-23.461 131.401-39.692Q658.494-587 706.999-587q64.769 0 114.461 38.308 49.692 38.307 49.692 108.076 0 26.374-9.423 50.11-9.423 23.737-26.5 43.737 41.077 3.076 67.923 35.076 26.846 32 26.846 72.308 0 45.384-31.808 77.691-31.807 32.308-78.191 32.308-24.847 0-47.808-11.115-22.961-11.116-37.038-31.731-16.538 42.769-52.461 68.885-35.923 26.115-82.923 26.115Zm221.23-112.153q20.846 0 34.923-14.577 14.077-14.577 14.077-35.423 0-20.847-14.577-35.924-14.577-15.077-35.423-15.077-20.847 0-35.424 14.577-14.577 14.577-14.577 35.424 0 20.846 15.077 35.923 15.077 15.077 35.924 15.077Zm-680.998-50ZM480-800.306Zm339.999 559.921Z\"><\/path><\/svg>\t\t\t\t\t\t<\/span>\n\t\t\t\t\t\t\t\t\t\t<span class=\"elementor-icon-list-text\">N'oubliez pas votre vision, n'oubliez jamais votre mission, continuez \u00e0 apprendre, \u00e0 innover et \u00e0 rechercher l'excellence.<\/span>\n\t\t\t\t\t\t\t\t\t<\/li>\n\t\t\t\t\t\t<\/ul>\n\t\t\t\t\t\t<\/div>\n\t\t\t\t<\/div>\n\t\t\t\t<\/div>\n\t\t\t\t\t<\/div>\n\t\t\t\t<\/div>\n\t\t\t\t<\/div>","protected":false},"excerpt":{"rendered":"<p>Vision Becoming a world-class supplier of ICT basic network equipment Mission Focusing on customer needs and challenges, providing competitive three network integration solutions Core Vaules Respecting performance and valuing value Putting people first, suitable people get on the car, unsuitable people get off the car Well-trained combat thinking and well-trained combat behavior Cultivate the mind and see nature, spontaneous combustion and explosion, and unity of knowledge and action Culture leads strategy, strategy is execution, execution surpasses everything Remember your vision, never forget your mission, continue to learn, innovate, and pursue excellence<\/p>","protected":false},"author":1,"featured_media":0,"parent":0,"menu_order":0,"comment_status":"closed","ping_status":"closed","template":"","meta":{"footnotes":""},"class_list":["post-23049","page","type-page","status-publish","hentry","post-no-thumbnail"],"_links":{"self":[{"href":"https:\/\/foredgetech.com\/fr\/wp-json\/wp\/v2\/pages\/23049","targetHints":{"allow":["GET"]}}],"collection":[{"href":"https:\/\/foredgetech.com\/fr\/wp-json\/wp\/v2\/pages"}],"about":[{"href":"https:\/\/foredgetech.com\/fr\/wp-json\/wp\/v2\/types\/page"}],"author":[{"embeddable":true,"href":"https:\/\/foredgetech.com\/fr\/wp-json\/wp\/v2\/users\/1"}],"replies":[{"embeddable":true,"href":"https:\/\/foredgetech.com\/fr\/wp-json\/wp\/v2\/comments?post=23049"}],"version-history":[{"count":0,"href":"https:\/\/foredgetech.com\/fr\/wp-json\/wp\/v2\/pages\/23049\/revisions"}],"wp:attachment":[{"href":"https:\/\/foredgetech.com\/fr\/wp-json\/wp\/v2\/media?parent=23049"}],"curies":[{"name":"wp","href":"https:\/\/api.w.org\/{rel}","templated":true}]}}