{"id":32496,"date":"2024-09-06T02:50:30","date_gmt":"2024-09-06T02:50:30","guid":{"rendered":"https:\/\/foredgetech.com\/?post_type=product&#038;p=32496"},"modified":"2025-12-19T07:45:21","modified_gmt":"2025-12-19T07:45:21","slug":"fac109-poe-mr","status":"publish","type":"product","link":"https:\/\/foredgetech.com\/es\/producto\/fac109-poe-mr\/","title":{"rendered":"FAC109-PoE-MR"},"content":{"rendered":"<div data-elementor-type=\"wp-post\" data-elementor-id=\"32496\" class=\"elementor elementor-32496\">\n\t\t\t\t\t\t<section class=\"elementor-section elementor-top-section elementor-element elementor-element-5058e617 elementor-section-full_width elementor-section-gap-beside-no elementor-section-height-default elementor-section-height-default elementor-section-column-vertical-align-stretch\" data-id=\"5058e617\" data-element_type=\"section\">\n\t\t\t\t\t\t<div class=\"elementor-container elementor-column-gap-extended\">\n\t\t\t\t\t<div class=\"elementor-column elementor-col-33 elementor-top-column elementor-element elementor-element-f61c77a\" data-id=\"f61c77a\" data-element_type=\"column\">\n\t\t\t<div class=\"elementor-widget-wrap elementor-element-populated\">\n\t\t\t\t\t\t<div class=\"elementor-element elementor-element-12229f05 elementor-widget elementor-widget-tm-modern-image\" data-id=\"12229f05\" data-element_type=\"widget\" data-widget_type=\"tm-modern-image.default\">\n\t\t\t\t<div class=\"elementor-widget-container\">\n\t\t\t\t\t\t\t<div class=\"tm-modern-image\">\n\t\t\t\t\t\t\t<div class=\"minimog-box\">\n\t\t\t\t\t<div class=\"minimog-image\">\t\t\t\t\t<m-image class=\"minimog-lazy-image\" style=\"--lazy-image-width: 300px;--lazy-image-height: 83.333333333333%;\" data-image-loading><img decoding=\"async\"  data-src=\"https:\/\/foredgetech.com\/wp-content\/uploads\/2024\/09\/FAC109-PoE-MR.jpg\" width=\"300\" height=\"250\" alt=\"FAC109-PoE-MR\" class=\"attachment-full size-full lazyload\" src=\"data:image\/svg+xml;base64,PHN2ZyB3aWR0aD0iMSIgaGVpZ2h0PSIxIiB4bWxucz0iaHR0cDovL3d3dy53My5vcmcvMjAwMC9zdmciPjwvc3ZnPg==\" style=\"--smush-placeholder-width: 300px; --smush-placeholder-aspect-ratio: 300\/250;\" \/><\/m-image>\t\t\t\t\t<\/div>\t\t\t\t<\/div>\n\t\t\t\t\t\t\t\t\t\t<\/div>\n\t\t\t\t\t\t<\/div>\n\t\t\t\t<\/div>\n\t\t\t\t\t<\/div>\n\t\t<\/div>\n\t\t\t\t<div class=\"elementor-column elementor-col-66 elementor-top-column elementor-element elementor-element-78bc78c2\" data-id=\"78bc78c2\" data-element_type=\"column\">\n\t\t\t<div class=\"elementor-widget-wrap elementor-element-populated\">\n\t\t\t\t\t\t<div class=\"elementor-element elementor-element-2052b071 elementor-widget elementor-widget-tm-heading\" data-id=\"2052b071\" data-element_type=\"widget\" data-widget_type=\"tm-heading.default\">\n\t\t\t\t<div class=\"elementor-widget-container\">\n\t\t\t\t\t\t\t<div class=\"tm-modern-heading tm-modern-heading--style-01 tm-modern-heading--highlight-style-01\">\n\t\t\t\n\t\t\t\t\t<div class=\"heading-primary-wrap\">\n\t\t\t<h4 class=\"heading-primary elementor-heading-title\">Visi\u00f3n general<\/h4>\t\t<\/div>\n\t\t\n\t\t\t\n\t\t\t\t\t<\/div>\n\t\t\t\t\t\t<\/div>\n\t\t\t\t<\/div>\n\t\t\t\t<div class=\"elementor-element elementor-element-7c6ab884 elementor-widget elementor-widget-text-editor\" data-id=\"7c6ab884\" data-element_type=\"widget\" data-widget_type=\"text-editor.default\">\n\t\t\t\t<div class=\"elementor-widget-container\">\n\t\t\t\t\t\t\t\t\t<p>es una nueva generaci\u00f3n de router gigabit integrado PoE-AC desarrollado por Fengrunda para peque\u00f1as y medianas empresas, oficinas, chalets y otros entornos.<\/p>\t\t\t\t\t\t\t\t<\/div>\n\t\t\t\t<\/div>\n\t\t\t\t<section class=\"elementor-section elementor-inner-section elementor-element elementor-element-2afe0aab elementor-section-gap-beside-no elementor-section-full_width elementor-section-height-default elementor-section-height-default elementor-section-column-vertical-align-stretch\" data-id=\"2afe0aab\" data-element_type=\"section\">\n\t\t\t\t\t\t<div class=\"elementor-container elementor-column-gap-extended\">\n\t\t\t\t\t<div class=\"elementor-column elementor-col-33 elementor-inner-column elementor-element elementor-element-7751e85f\" data-id=\"7751e85f\" data-element_type=\"column\">\n\t\t\t<div class=\"elementor-widget-wrap elementor-element-populated\">\n\t\t\t\t\t\t<div class=\"elementor-element elementor-element-47145555 elementor-widget elementor-widget-tm-heading\" data-id=\"47145555\" data-element_type=\"widget\" data-widget_type=\"tm-heading.default\">\n\t\t\t\t<div class=\"elementor-widget-container\">\n\t\t\t\t\t\t\t<div class=\"tm-modern-heading tm-modern-heading--style-01 tm-modern-heading--highlight-style-01\">\n\t\t\t\n\t\t\t\t\t<div class=\"heading-primary-wrap\">\n\t\t\t<h6 class=\"heading-primary elementor-heading-title\">Puerto<\/h6>\t\t<\/div>\n\t\t\n\t\t\t\n\t\t\t\t\t<div class=\"heading-description-wrap\">\n\t\t\t<div class=\"heading-description\">\n\t\t\t\t<p>1 * 10\/100\/1000M RJ45 Puerto WAN1 * 10\/100\/1000M RJ45 Puerto LAN\/Puerto WAN(Soporta PoE)7 * 10\/100\/1000M RJ45 Puertos LAN\uff08Soporta PoE\uff09<\/p>\t\t\t<\/div>\n\t\t<\/div>\n\t\t\t\t<\/div>\n\t\t\t\t\t\t<\/div>\n\t\t\t\t<\/div>\n\t\t\t\t\t<\/div>\n\t\t<\/div>\n\t\t\t\t<div class=\"elementor-column elementor-col-33 elementor-inner-column elementor-element elementor-element-c6e3a56\" data-id=\"c6e3a56\" data-element_type=\"column\">\n\t\t\t<div class=\"elementor-widget-wrap elementor-element-populated\">\n\t\t\t\t\t\t<div class=\"elementor-element elementor-element-960cbcd elementor-widget elementor-widget-tm-heading\" data-id=\"960cbcd\" data-element_type=\"widget\" data-widget_type=\"tm-heading.default\">\n\t\t\t\t<div class=\"elementor-widget-container\">\n\t\t\t\t\t\t\t<div class=\"tm-modern-heading tm-modern-heading--style-01 tm-modern-heading--highlight-style-01\">\n\t\t\t\n\t\t\t\t\t<div class=\"heading-primary-wrap\">\n\t\t\t<h6 class=\"heading-primary elementor-heading-title\">Dimensiones (An \u00d7 Pr \u00d7 Al)<\/h6>\t\t<\/div>\n\t\t\n\t\t\t\n\t\t\t\t\t<div class=\"heading-description-wrap\">\n\t\t\t<div class=\"heading-description\">\n\t\t\t\t<p>185(ancho)x100(fondo)x28(alto) mm<\/p>\t\t\t<\/div>\n\t\t<\/div>\n\t\t\t\t<\/div>\n\t\t\t\t\t\t<\/div>\n\t\t\t\t<\/div>\n\t\t\t\t\t<\/div>\n\t\t<\/div>\n\t\t\t\t<div class=\"elementor-column elementor-col-33 elementor-inner-column elementor-element elementor-element-63d177a8\" data-id=\"63d177a8\" data-element_type=\"column\">\n\t\t\t<div class=\"elementor-widget-wrap elementor-element-populated\">\n\t\t\t\t\t\t<div class=\"elementor-element elementor-element-7cf8fe9 elementor-widget elementor-widget-tm-heading\" data-id=\"7cf8fe9\" data-element_type=\"widget\" data-widget_type=\"tm-heading.default\">\n\t\t\t\t<div class=\"elementor-widget-container\">\n\t\t\t\t\t\t\t<div class=\"tm-modern-heading tm-modern-heading--style-01 tm-modern-heading--highlight-style-01\">\n\t\t\t\n\t\t\t\t\t<div class=\"heading-primary-wrap\">\n\t\t\t<h6 class=\"heading-primary elementor-heading-title\">Humedad de trabajo<\/h6>\t\t<\/div>\n\t\t\n\t\t\t\n\t\t\t\t\t<div class=\"heading-description-wrap\">\n\t\t\t<div class=\"heading-description\">\n\t\t\t\t<p>10% - 90%RH sin condensaci\u00f3n<\/p>\t\t\t<\/div>\n\t\t<\/div>\n\t\t\t\t<\/div>\n\t\t\t\t\t\t<\/div>\n\t\t\t\t<\/div>\n\t\t\t\t\t<\/div>\n\t\t<\/div>\n\t\t\t\t\t<\/div>\n\t\t<\/section>\n\t\t\t\t\t<\/div>\n\t\t<\/div>\n\t\t\t\t\t<\/div>\n\t\t<\/section>\n\t\t<div class=\"elementor-element elementor-element-1b74d531 e-flex e-con-boxed e-con e-parent\" data-id=\"1b74d531\" data-element_type=\"container\">\n\t\t\t\t\t<div class=\"e-con-inner\">\n\t\t\t\t<div class=\"elementor-element elementor-element-aaf7427 elementor-widget elementor-widget-image\" data-id=\"aaf7427\" data-element_type=\"widget\" data-widget_type=\"image.default\">\n\t\t\t\t<div class=\"elementor-widget-container\">\n\t\t\t\t\t\t\t\t\t\t\t\t\t\t\t<img fetchpriority=\"high\" decoding=\"async\" width=\"1920\" height=\"865\" src=\"https:\/\/foredgetech.com\/wp-content\/uploads\/2024\/09\/1-\u4ea7\u54c1\u7b80\u4ecb-2.jpg\" class=\"attachment-full size-full wp-image-32501\" alt=\"\" srcset=\"https:\/\/foredgetech.com\/wp-content\/uploads\/2024\/09\/1-\u4ea7\u54c1\u7b80\u4ecb-2.jpg 1920w, https:\/\/foredgetech.com\/wp-content\/uploads\/2024\/09\/1-\u4ea7\u54c1\u7b80\u4ecb-2-150x68.jpg 150w, https:\/\/foredgetech.com\/wp-content\/uploads\/2024\/09\/1-\u4ea7\u54c1\u7b80\u4ecb-2-600x270.jpg 600w, https:\/\/foredgetech.com\/wp-content\/uploads\/2024\/09\/1-\u4ea7\u54c1\u7b80\u4ecb-2-300x135.jpg 300w, https:\/\/foredgetech.com\/wp-content\/uploads\/2024\/09\/1-\u4ea7\u54c1\u7b80\u4ecb-2-768x346.jpg 768w, https:\/\/foredgetech.com\/wp-content\/uploads\/2024\/09\/1-\u4ea7\u54c1\u7b80\u4ecb-2-1536x692.jpg 1536w, https:\/\/foredgetech.com\/wp-content\/uploads\/2024\/09\/1-\u4ea7\u54c1\u7b80\u4ecb-2-18x8.jpg 18w\" sizes=\"(max-width: 1920px) 100vw, 1920px\" \/>\t\t\t\t\t\t\t\t\t\t\t\t\t\t\t<\/div>\n\t\t\t\t<\/div>\n\t\t\t\t<div class=\"elementor-element elementor-element-32289a0 elementor-widget elementor-widget-image\" data-id=\"32289a0\" data-element_type=\"widget\" data-widget_type=\"image.default\">\n\t\t\t\t<div class=\"elementor-widget-container\">\n\t\t\t\t\t\t\t\t\t\t\t\t\t\t\t<img decoding=\"async\" width=\"1920\" height=\"2644\" data-src=\"https:\/\/foredgetech.com\/wp-content\/uploads\/2024\/09\/2\u5e94\u7528\u573a\u666f.jpg\" class=\"attachment-full size-full wp-image-32502 lazyload\" alt=\"\" data-srcset=\"https:\/\/foredgetech.com\/wp-content\/uploads\/2024\/09\/2\u5e94\u7528\u573a\u666f.jpg 1920w, https:\/\/foredgetech.com\/wp-content\/uploads\/2024\/09\/2\u5e94\u7528\u573a\u666f-145x200.jpg 145w, https:\/\/foredgetech.com\/wp-content\/uploads\/2024\/09\/2\u5e94\u7528\u573a\u666f-600x826.jpg 600w, https:\/\/foredgetech.com\/wp-content\/uploads\/2024\/09\/2\u5e94\u7528\u573a\u666f-218x300.jpg 218w, https:\/\/foredgetech.com\/wp-content\/uploads\/2024\/09\/2\u5e94\u7528\u573a\u666f-1017x1400.jpg 1017w, https:\/\/foredgetech.com\/wp-content\/uploads\/2024\/09\/2\u5e94\u7528\u573a\u666f-109x150.jpg 109w, https:\/\/foredgetech.com\/wp-content\/uploads\/2024\/09\/2\u5e94\u7528\u573a\u666f-768x1058.jpg 768w, https:\/\/foredgetech.com\/wp-content\/uploads\/2024\/09\/2\u5e94\u7528\u573a\u666f-1115x1536.jpg 1115w, https:\/\/foredgetech.com\/wp-content\/uploads\/2024\/09\/2\u5e94\u7528\u573a\u666f-1487x2048.jpg 1487w, https:\/\/foredgetech.com\/wp-content\/uploads\/2024\/09\/2\u5e94\u7528\u573a\u666f-9x12.jpg 9w\" data-sizes=\"(max-width: 1920px) 100vw, 1920px\" src=\"data:image\/svg+xml;base64,PHN2ZyB3aWR0aD0iMSIgaGVpZ2h0PSIxIiB4bWxucz0iaHR0cDovL3d3dy53My5vcmcvMjAwMC9zdmciPjwvc3ZnPg==\" style=\"--smush-placeholder-width: 1920px; --smush-placeholder-aspect-ratio: 1920\/2644;\" \/>\t\t\t\t\t\t\t\t\t\t\t\t\t\t\t<\/div>\n\t\t\t\t<\/div>\n\t\t\t\t<div class=\"elementor-element elementor-element-18ad653 elementor-widget elementor-widget-image\" data-id=\"18ad653\" data-element_type=\"widget\" data-widget_type=\"image.default\">\n\t\t\t\t<div class=\"elementor-widget-container\">\n\t\t\t\t\t\t\t\t\t\t\t\t\t\t\t<img decoding=\"async\" width=\"1920\" height=\"837\" data-src=\"https:\/\/foredgetech.com\/wp-content\/uploads\/2024\/09\/3-8\u5343\u5146\u53e3-\u76f4\u8fde8\u4e2aAP.jpg\" class=\"attachment-full size-full wp-image-32503 lazyload\" alt=\"\" data-srcset=\"https:\/\/foredgetech.com\/wp-content\/uploads\/2024\/09\/3-8\u5343\u5146\u53e3-\u76f4\u8fde8\u4e2aAP.jpg 1920w, https:\/\/foredgetech.com\/wp-content\/uploads\/2024\/09\/3-8\u5343\u5146\u53e3-\u76f4\u8fde8\u4e2aAP-150x65.jpg 150w, https:\/\/foredgetech.com\/wp-content\/uploads\/2024\/09\/3-8\u5343\u5146\u53e3-\u76f4\u8fde8\u4e2aAP-600x262.jpg 600w, https:\/\/foredgetech.com\/wp-content\/uploads\/2024\/09\/3-8\u5343\u5146\u53e3-\u76f4\u8fde8\u4e2aAP-300x131.jpg 300w, https:\/\/foredgetech.com\/wp-content\/uploads\/2024\/09\/3-8\u5343\u5146\u53e3-\u76f4\u8fde8\u4e2aAP-768x335.jpg 768w, https:\/\/foredgetech.com\/wp-content\/uploads\/2024\/09\/3-8\u5343\u5146\u53e3-\u76f4\u8fde8\u4e2aAP-1536x670.jpg 1536w, https:\/\/foredgetech.com\/wp-content\/uploads\/2024\/09\/3-8\u5343\u5146\u53e3-\u76f4\u8fde8\u4e2aAP-18x8.jpg 18w\" data-sizes=\"(max-width: 1920px) 100vw, 1920px\" src=\"data:image\/svg+xml;base64,PHN2ZyB3aWR0aD0iMSIgaGVpZ2h0PSIxIiB4bWxucz0iaHR0cDovL3d3dy53My5vcmcvMjAwMC9zdmciPjwvc3ZnPg==\" style=\"--smush-placeholder-width: 1920px; --smush-placeholder-aspect-ratio: 1920\/837;\" \/>\t\t\t\t\t\t\t\t\t\t\t\t\t\t\t<\/div>\n\t\t\t\t<\/div>\n\t\t\t\t<div class=\"elementor-element elementor-element-a36b9f8 elementor-widget elementor-widget-image\" data-id=\"a36b9f8\" data-element_type=\"widget\" data-widget_type=\"image.default\">\n\t\t\t\t<div class=\"elementor-widget-container\">\n\t\t\t\t\t\t\t\t\t\t\t\t\t\t\t<img decoding=\"async\" width=\"1920\" height=\"2509\" data-src=\"https:\/\/foredgetech.com\/wp-content\/uploads\/2024\/09\/4-\u591aAP\u96c6\u4e2d\u7ba1\u7406.jpg\" class=\"attachment-full size-full wp-image-32504 lazyload\" alt=\"\" data-srcset=\"https:\/\/foredgetech.com\/wp-content\/uploads\/2024\/09\/4-\u591aAP\u96c6\u4e2d\u7ba1\u7406.jpg 1920w, https:\/\/foredgetech.com\/wp-content\/uploads\/2024\/09\/4-\u591aAP\u96c6\u4e2d\u7ba1\u7406-150x196.jpg 150w, https:\/\/foredgetech.com\/wp-content\/uploads\/2024\/09\/4-\u591aAP\u96c6\u4e2d\u7ba1\u7406-600x784.jpg 600w, https:\/\/foredgetech.com\/wp-content\/uploads\/2024\/09\/4-\u591aAP\u96c6\u4e2d\u7ba1\u7406-230x300.jpg 230w, https:\/\/foredgetech.com\/wp-content\/uploads\/2024\/09\/4-\u591aAP\u96c6\u4e2d\u7ba1\u7406-1071x1400.jpg 1071w, https:\/\/foredgetech.com\/wp-content\/uploads\/2024\/09\/4-\u591aAP\u96c6\u4e2d\u7ba1\u7406-115x150.jpg 115w, https:\/\/foredgetech.com\/wp-content\/uploads\/2024\/09\/4-\u591aAP\u96c6\u4e2d\u7ba1\u7406-768x1004.jpg 768w, https:\/\/foredgetech.com\/wp-content\/uploads\/2024\/09\/4-\u591aAP\u96c6\u4e2d\u7ba1\u7406-1175x1536.jpg 1175w, https:\/\/foredgetech.com\/wp-content\/uploads\/2024\/09\/4-\u591aAP\u96c6\u4e2d\u7ba1\u7406-1567x2048.jpg 1567w, https:\/\/foredgetech.com\/wp-content\/uploads\/2024\/09\/4-\u591aAP\u96c6\u4e2d\u7ba1\u7406-9x12.jpg 9w\" data-sizes=\"(max-width: 1920px) 100vw, 1920px\" src=\"data:image\/svg+xml;base64,PHN2ZyB3aWR0aD0iMSIgaGVpZ2h0PSIxIiB4bWxucz0iaHR0cDovL3d3dy53My5vcmcvMjAwMC9zdmciPjwvc3ZnPg==\" style=\"--smush-placeholder-width: 1920px; --smush-placeholder-aspect-ratio: 1920\/2509;\" \/>\t\t\t\t\t\t\t\t\t\t\t\t\t\t\t<\/div>\n\t\t\t\t<\/div>\n\t\t\t\t<div class=\"elementor-element elementor-element-a8e3806 elementor-widget elementor-widget-image\" data-id=\"a8e3806\" data-element_type=\"widget\" data-widget_type=\"image.default\">\n\t\t\t\t<div class=\"elementor-widget-container\">\n\t\t\t\t\t\t\t\t\t\t\t\t\t\t\t<img decoding=\"async\" width=\"1920\" height=\"700\" data-src=\"https:\/\/foredgetech.com\/wp-content\/uploads\/2024\/09\/6-Apollo\u4e91\u5e73\u53f0.jpg\" class=\"attachment-full size-full wp-image-32506 lazyload\" alt=\"\" data-srcset=\"https:\/\/foredgetech.com\/wp-content\/uploads\/2024\/09\/6-Apollo\u4e91\u5e73\u53f0.jpg 1920w, https:\/\/foredgetech.com\/wp-content\/uploads\/2024\/09\/6-Apollo\u4e91\u5e73\u53f0-150x55.jpg 150w, https:\/\/foredgetech.com\/wp-content\/uploads\/2024\/09\/6-Apollo\u4e91\u5e73\u53f0-600x219.jpg 600w, https:\/\/foredgetech.com\/wp-content\/uploads\/2024\/09\/6-Apollo\u4e91\u5e73\u53f0-300x109.jpg 300w, https:\/\/foredgetech.com\/wp-content\/uploads\/2024\/09\/6-Apollo\u4e91\u5e73\u53f0-768x280.jpg 768w, https:\/\/foredgetech.com\/wp-content\/uploads\/2024\/09\/6-Apollo\u4e91\u5e73\u53f0-1536x560.jpg 1536w, https:\/\/foredgetech.com\/wp-content\/uploads\/2024\/09\/6-Apollo\u4e91\u5e73\u53f0-18x7.jpg 18w\" data-sizes=\"(max-width: 1920px) 100vw, 1920px\" src=\"data:image\/svg+xml;base64,PHN2ZyB3aWR0aD0iMSIgaGVpZ2h0PSIxIiB4bWxucz0iaHR0cDovL3d3dy53My5vcmcvMjAwMC9zdmciPjwvc3ZnPg==\" style=\"--smush-placeholder-width: 1920px; --smush-placeholder-aspect-ratio: 1920\/700;\" \/>\t\t\t\t\t\t\t\t\t\t\t\t\t\t\t<\/div>\n\t\t\t\t<\/div>\n\t\t\t\t<div class=\"elementor-element elementor-element-c86f2b1 elementor-widget elementor-widget-image\" data-id=\"c86f2b1\" data-element_type=\"widget\" data-widget_type=\"image.default\">\n\t\t\t\t<div class=\"elementor-widget-container\">\n\t\t\t\t\t\t\t\t\t\t\t\t\t\t\t<img decoding=\"async\" width=\"1920\" height=\"756\" data-src=\"https:\/\/foredgetech.com\/wp-content\/uploads\/2024\/09\/7-\u8f7b\u76c8\u5c0f\u5de7.jpg\" class=\"attachment-full size-full wp-image-32507 lazyload\" alt=\"\" data-srcset=\"https:\/\/foredgetech.com\/wp-content\/uploads\/2024\/09\/7-\u8f7b\u76c8\u5c0f\u5de7.jpg 1920w, https:\/\/foredgetech.com\/wp-content\/uploads\/2024\/09\/7-\u8f7b\u76c8\u5c0f\u5de7-150x59.jpg 150w, https:\/\/foredgetech.com\/wp-content\/uploads\/2024\/09\/7-\u8f7b\u76c8\u5c0f\u5de7-600x236.jpg 600w, https:\/\/foredgetech.com\/wp-content\/uploads\/2024\/09\/7-\u8f7b\u76c8\u5c0f\u5de7-300x118.jpg 300w, https:\/\/foredgetech.com\/wp-content\/uploads\/2024\/09\/7-\u8f7b\u76c8\u5c0f\u5de7-768x302.jpg 768w, https:\/\/foredgetech.com\/wp-content\/uploads\/2024\/09\/7-\u8f7b\u76c8\u5c0f\u5de7-1536x605.jpg 1536w, https:\/\/foredgetech.com\/wp-content\/uploads\/2024\/09\/7-\u8f7b\u76c8\u5c0f\u5de7-18x7.jpg 18w\" data-sizes=\"(max-width: 1920px) 100vw, 1920px\" src=\"data:image\/svg+xml;base64,PHN2ZyB3aWR0aD0iMSIgaGVpZ2h0PSIxIiB4bWxucz0iaHR0cDovL3d3dy53My5vcmcvMjAwMC9zdmciPjwvc3ZnPg==\" style=\"--smush-placeholder-width: 1920px; --smush-placeholder-aspect-ratio: 1920\/756;\" \/>\t\t\t\t\t\t\t\t\t\t\t\t\t\t\t<\/div>\n\t\t\t\t<\/div>\n\t\t\t\t<div class=\"elementor-element elementor-element-7b00d67 elementor-widget elementor-widget-image\" data-id=\"7b00d67\" data-element_type=\"widget\" data-widget_type=\"image.default\">\n\t\t\t\t<div class=\"elementor-widget-container\">\n\t\t\t\t\t\t\t\t\t\t\t\t\t\t\t<img decoding=\"async\" width=\"1920\" height=\"756\" data-src=\"https:\/\/foredgetech.com\/wp-content\/uploads\/2024\/09\/8-\u5de5\u4f5c\u6e7f\u5ea6.jpg\" class=\"attachment-full size-full wp-image-32508 lazyload\" alt=\"\" data-srcset=\"https:\/\/foredgetech.com\/wp-content\/uploads\/2024\/09\/8-\u5de5\u4f5c\u6e7f\u5ea6.jpg 1920w, https:\/\/foredgetech.com\/wp-content\/uploads\/2024\/09\/8-\u5de5\u4f5c\u6e7f\u5ea6-150x59.jpg 150w, https:\/\/foredgetech.com\/wp-content\/uploads\/2024\/09\/8-\u5de5\u4f5c\u6e7f\u5ea6-600x236.jpg 600w, https:\/\/foredgetech.com\/wp-content\/uploads\/2024\/09\/8-\u5de5\u4f5c\u6e7f\u5ea6-300x118.jpg 300w, https:\/\/foredgetech.com\/wp-content\/uploads\/2024\/09\/8-\u5de5\u4f5c\u6e7f\u5ea6-768x302.jpg 768w, https:\/\/foredgetech.com\/wp-content\/uploads\/2024\/09\/8-\u5de5\u4f5c\u6e7f\u5ea6-1536x605.jpg 1536w, https:\/\/foredgetech.com\/wp-content\/uploads\/2024\/09\/8-\u5de5\u4f5c\u6e7f\u5ea6-18x7.jpg 18w\" data-sizes=\"(max-width: 1920px) 100vw, 1920px\" src=\"data:image\/svg+xml;base64,PHN2ZyB3aWR0aD0iMSIgaGVpZ2h0PSIxIiB4bWxucz0iaHR0cDovL3d3dy53My5vcmcvMjAwMC9zdmciPjwvc3ZnPg==\" style=\"--smush-placeholder-width: 1920px; --smush-placeholder-aspect-ratio: 1920\/756;\" \/>\t\t\t\t\t\t\t\t\t\t\t\t\t\t\t<\/div>\n\t\t\t\t<\/div>\n\t\t\t\t\t<\/div>\n\t\t\t\t<\/div>\n\t\t<div class=\"elementor-element elementor-element-5db430a e-flex e-con-boxed e-con e-parent\" data-id=\"5db430a\" data-element_type=\"container\">\n\t\t\t\t\t<div class=\"e-con-inner\">\n\t\t\t\t<div class=\"elementor-element elementor-element-cbf0a5c elementor-widget elementor-widget-heading\" data-id=\"cbf0a5c\" data-element_type=\"widget\" data-widget_type=\"heading.default\">\n\t\t\t\t<div class=\"elementor-widget-container\">\n\t\t\t\t\t<h2 class=\"elementor-heading-title elementor-size-default\">Especificaciones<\/h2>\t\t\t\t<\/div>\n\t\t\t\t<\/div>\n\t\t\t\t<div class=\"elementor-element elementor-element-9772765 elementor-widget elementor-widget-text-editor\" data-id=\"9772765\" data-element_type=\"widget\" data-widget_type=\"text-editor.default\">\n\t\t\t\t<div class=\"elementor-widget-container\">\n\t\t\t\t\t\t\t\t\t<table width=\"663\"><tbody><tr><td width=\"118\"><p>Art\u00edculo<\/p><\/td><td width=\"545\"><p>Descripci\u00f3n de los par\u00e1metros<\/p><\/td><\/tr><tr><td width=\"118\"><p>Modelo<\/p><\/td><td width=\"545\"><p>FAC109-PoE-MR<\/p><\/td><\/tr><tr><td width=\"118\"><p>Ancho de banda<\/p><\/td><td width=\"545\"><p>Ancho de banda m\u00e1ximo: 2 Gbps; Ancho de banda recomendado: 1 Gbps<\/p><\/td><\/tr><tr><td width=\"118\"><p>Puerto<\/p><\/td><td width=\"545\"><p>- 1 * 10\/100\/1000M RJ45 Puerto WAN<br \/>- 1 * 10\/100\/1000M RJ45 Puerto LAN\/Puerto WAN (soporta PoE)<br \/>- 7 puertos LAN 10\/100\/1000M RJ45\uff08Soporta PoE\uff09<\/p><\/td><\/tr><tr><td width=\"118\"><p>LED<\/p><\/td><td width=\"545\"><p>- Puerto RJ45\uff1aLink\/Act<br \/>- Panel frontal\uff1aSYS\u3001Power<\/p><\/td><\/tr><tr><td width=\"118\"><p>Alimentaci\u00f3n de entrada<\/p><\/td><td width=\"545\"><p>- DC52V\/2,5A<\/p><\/td><\/tr><tr><td width=\"118\"><p>PoE<\/p><\/td><td width=\"545\"><p>- Cumple las normas IEEE 802.3af e IEEE 802.3at<\/p><p>- Salida m\u00e1xima de 30 W en un solo puerto<\/p><p>- Potencia m\u00e1xima 120 W<\/p><\/td><\/tr><tr><td width=\"118\"><p>Protocolo de red<\/p><\/td><td width=\"545\"><p>TCP\/IP\u3001DHCP\u3001ICMP\u3001NAT\u3001PPPoE\u3001SNTP\u3001HTTP\u3001MQTT\u3001DNS\u3001DDNS<\/p><\/td><\/tr><tr><td width=\"118\"><p>Estado de funcionamiento<\/p><\/td><td width=\"545\"><p>- Informaci\u00f3n b\u00e1sica del dispositivo<\/p><p>- Informaci\u00f3n sobre la interfaz (incluido el estado de la conexi\u00f3n y el caudal)<\/p><p>- Acceder al estado de la plataforma en nube<\/p><p>- Utilizaci\u00f3n de recursos de hardware (CPU, memoria, PoE)<\/p><p>- Informaci\u00f3n de tr\u00e1fico en tiempo real<\/p><p>- Topolog\u00eda de la red<\/p><p>- Estado de la WAN<\/p><p>- Estado de la LAN<\/p><\/td><\/tr><tr><td width=\"118\"><p>Configuraci\u00f3n de la red<\/p><\/td><td width=\"545\"><p>- Configuraci\u00f3n WAN (DHCP, IP est\u00e1tica, PPPOE), soporte de redundancia de respaldo de doble puerto WAN, superposici\u00f3n de ancho de banda, equilibrio de carga de tr\u00e1fico.<\/p><p>- Configuraci\u00f3n LAN<\/p><p>- Configuraci\u00f3n IPV6<\/p><p>- DHCP<\/p><p>- Diagn\u00f3stico de redes<\/p><\/td><\/tr><tr><td width=\"118\"><p>Gesti\u00f3n centralizada AP<\/p><\/td><td width=\"545\"><p>- Gesti\u00f3n centralizada de AP: Configuraci\u00f3n de plantillas, listas de acceso de AP, equilibrio de carga, itinerancia inteligente, ajuste de RF, modo de red inal\u00e1mbrica y gesti\u00f3n de actualizaciones.<\/p><p>\u2022 AP Settings, unified management of 50 Foredge AP products;<\/p><p>- Plug and play;<\/p><\/td><\/tr><tr><td width=\"118\"><p>Gesti\u00f3n de terminales<\/p><\/td><td width=\"545\"><p>Enmascarar y limitar la velocidad de los dispositivos terminales que acceden a los aps<\/p><\/td><\/tr><tr><td width=\"118\"><p>Carga de cinta t\u00edpica<\/p><\/td><td width=\"545\"><p>100 unidades<\/p><\/td><\/tr><tr><td width=\"118\"><p>Gesti\u00f3n de la seguridad<\/p><\/td><td width=\"545\"><p>- Soporta filtrado de Internet (filtrado IP, filtrado MAC, filtrado de puertos, filtrado de nombres de dominio)<\/p><p>- Filtrado por grupos de aplicaciones (compras, v\u00eddeo, juegos)<\/p><p>- Admite redundancia de copia de seguridad para puertos WAN duales<\/p><p><span style=\"font-family: var(--minimog-typography-body-font-family); font-size: var(--minimog-typography-body-font-size); font-weight: var(--minimog-typography-body-font-weight);\">. Access Control Lists (ACLs)<\/span><\/p><\/td><\/tr><tr><td width=\"118\"><p>Secure Methods<\/p><\/td><td width=\"545\"><p>\u2022 Supports PPTP and L2TP\u00a0<\/p><\/td><\/tr><tr><td width=\"118\"><p>Gesti\u00f3n de la autenticaci\u00f3n<\/p><\/td><td width=\"545\"><p>- La autenticaci\u00f3n web, el acceso a Internet con un solo clic, puede proporcionar marketing publicitario comercial a trav\u00e9s de la p\u00e1gina del Portal;<\/p><p>- Autenticaci\u00f3n por SMS, que cumple los requisitos de la autenticaci\u00f3n por nombre real y puede realizar marketing secundario basado en el n\u00famero de tel\u00e9fono m\u00f3vil;<\/p><\/td><\/tr><tr><td width=\"118\"><p>Funci\u00f3n avanzada<\/p><\/td><td width=\"545\"><p>- Calidad de servicio<br \/>- DDNS<\/p><\/td><\/tr><tr><td width=\"118\"><p>Herramienta del sistema<\/p><\/td><td width=\"545\"><p>- Hora del sistema<\/p><p>- Gesti\u00f3n de usuarios<\/p><p>- Registros del sistema<\/p><p>- Copia de seguridad\/restauraci\u00f3n<\/p><p>- Actualizaci\u00f3n del sistema<\/p><p>- Reiniciar el sistema<\/p><\/td><\/tr><tr><td width=\"118\"><p>Modo de disipaci\u00f3n del calor<\/p><\/td><td width=\"545\"><p>- Disipaci\u00f3n natural del calor<\/p><\/td><\/tr><tr><td width=\"118\"><p>Utilizar el entorno<\/p><\/td><td width=\"545\"><p>- Temperatura de funcionamiento: -20\u2103- 50\u2103,<\/p><p>- Humedad de funcionamiento: 10% - 90%RH sin condensaci\u00f3n<\/p><p>- Temperatura de almacenamiento: -40\u2103-70\u2103,<\/p><p>- Humedad de almacenamiento: 5%-90%RH sin condensaci\u00f3n<\/p><\/td><\/tr><tr><td width=\"118\"><p>Dimensiones generales<\/p><\/td><td width=\"545\"><p>185(ancho)x100(fondo)x28(alto) mm<\/p><\/td><\/tr><\/tbody><\/table>\t\t\t\t\t\t\t\t<\/div>\n\t\t\t\t<\/div>\n\t\t\t\t\t<\/div>\n\t\t\t\t<\/div>\n\t\t\t\t<\/div>","protected":false},"excerpt":{"rendered":"<p>\u25cf Funciones de enrutamiento, funciones de gesti\u00f3n de CA, funciones PoE en una, admiten la gesti\u00f3n centralizada de AP.<br \/>\n\u25cf Admite redundancia de copia de seguridad de doble puerto WAN, superposici\u00f3n de ancho de banda y equilibrio de carga de tr\u00e1fico.<br \/>\n\u25cf Soportar una variedad de m\u00e9todos de autenticaci\u00f3n, controlar los derechos de acceso a Internet, marketing publicitario.<br \/>\n\u25cf Efficient ACL to ensure internal and external network security<br \/>\n\u25cf Admite la gesti\u00f3n remota de plataformas en la nube y app<\/p>","protected":false},"featured_media":32498,"template":"","meta":[],"product_brand":[],"product_cat":[623,586],"product_tag":[],"class_list":{"0":"post-32496","1":"product","2":"type-product","3":"status-publish","4":"has-post-thumbnail","6":"product_cat-wireless-ac","7":"product_cat-apac","8":"pa_series-ac","10":"first","11":"instock","12":"shipping-taxable","13":"product-type-simple"},"_links":{"self":[{"href":"https:\/\/foredgetech.com\/es\/wp-json\/wp\/v2\/product\/32496","targetHints":{"allow":["GET"]}}],"collection":[{"href":"https:\/\/foredgetech.com\/es\/wp-json\/wp\/v2\/product"}],"about":[{"href":"https:\/\/foredgetech.com\/es\/wp-json\/wp\/v2\/types\/product"}],"version-history":[{"count":1,"href":"https:\/\/foredgetech.com\/es\/wp-json\/wp\/v2\/product\/32496\/revisions"}],"predecessor-version":[{"id":33796,"href":"https:\/\/foredgetech.com\/es\/wp-json\/wp\/v2\/product\/32496\/revisions\/33796"}],"wp:featuredmedia":[{"embeddable":true,"href":"https:\/\/foredgetech.com\/es\/wp-json\/wp\/v2\/media\/32498"}],"wp:attachment":[{"href":"https:\/\/foredgetech.com\/es\/wp-json\/wp\/v2\/media?parent=32496"}],"wp:term":[{"taxonomy":"product_brand","embeddable":true,"href":"https:\/\/foredgetech.com\/es\/wp-json\/wp\/v2\/product_brand?post=32496"},{"taxonomy":"product_cat","embeddable":true,"href":"https:\/\/foredgetech.com\/es\/wp-json\/wp\/v2\/product_cat?post=32496"},{"taxonomy":"product_tag","embeddable":true,"href":"https:\/\/foredgetech.com\/es\/wp-json\/wp\/v2\/product_tag?post=32496"}],"curies":[{"name":"wp","href":"https:\/\/api.w.org\/{rel}","templated":true}]}}