{"id":31756,"date":"2024-04-11T08:45:50","date_gmt":"2024-04-11T08:45:50","guid":{"rendered":"https:\/\/foredgetech.com\/?post_type=product&#038;p=31756"},"modified":"2025-10-13T10:17:18","modified_gmt":"2025-10-13T10:17:18","slug":"fmr-ax3000-sa","status":"publish","type":"product","link":"https:\/\/foredgetech.com\/es\/producto\/fmr-ax3000-sa\/","title":{"rendered":"FMR-AX3000-SA 4G CPE Router"},"content":{"rendered":"<div data-elementor-type=\"wp-post\" data-elementor-id=\"31756\" class=\"elementor elementor-31756\">\n\t\t\t\t\t\t<section class=\"elementor-section elementor-top-section elementor-element elementor-element-5058e617 elementor-section-full_width elementor-section-gap-beside-no elementor-section-height-default elementor-section-height-default elementor-section-column-vertical-align-stretch\" data-id=\"5058e617\" data-element_type=\"section\">\n\t\t\t\t\t\t<div class=\"elementor-container elementor-column-gap-extended\">\n\t\t\t\t\t<div class=\"elementor-column elementor-col-33 elementor-top-column elementor-element elementor-element-f61c77a\" data-id=\"f61c77a\" data-element_type=\"column\">\n\t\t\t<div class=\"elementor-widget-wrap elementor-element-populated\">\n\t\t\t\t\t\t<div class=\"elementor-element elementor-element-12229f05 elementor-widget elementor-widget-tm-modern-image\" data-id=\"12229f05\" data-element_type=\"widget\" data-widget_type=\"tm-modern-image.default\">\n\t\t\t\t<div class=\"elementor-widget-container\">\n\t\t\t\t\t\t\t<div class=\"tm-modern-image\">\n\t\t\t\t\t\t\t<div class=\"minimog-box\">\n\t\t\t\t\t<div class=\"minimog-image\">\t\t\t\t\t<m-image class=\"minimog-lazy-image\" style=\"--lazy-image-width: 1000px;--lazy-image-height: 100%;\" data-image-loading><img decoding=\"async\"  data-src=\"https:\/\/foredgetech.com\/wp-content\/uploads\/2024\/04\/1000\u5927\u56fe_.jpg\" width=\"1000\" height=\"1000\" alt=\"1000\u5927\u56fe_\" class=\"attachment-full size-full lazyload\" src=\"data:image\/svg+xml;base64,PHN2ZyB3aWR0aD0iMSIgaGVpZ2h0PSIxIiB4bWxucz0iaHR0cDovL3d3dy53My5vcmcvMjAwMC9zdmciPjwvc3ZnPg==\" style=\"--smush-placeholder-width: 1000px; --smush-placeholder-aspect-ratio: 1000\/1000;\" \/><\/m-image>\t\t\t\t\t<\/div>\t\t\t\t<\/div>\n\t\t\t\t\t\t\t\t\t\t<\/div>\n\t\t\t\t\t\t<\/div>\n\t\t\t\t<\/div>\n\t\t\t\t\t<\/div>\n\t\t<\/div>\n\t\t\t\t<div class=\"elementor-column elementor-col-66 elementor-top-column elementor-element elementor-element-78bc78c2\" data-id=\"78bc78c2\" data-element_type=\"column\">\n\t\t\t<div class=\"elementor-widget-wrap elementor-element-populated\">\n\t\t\t\t\t\t<div class=\"elementor-element elementor-element-2052b071 elementor-widget elementor-widget-tm-heading\" data-id=\"2052b071\" data-element_type=\"widget\" data-widget_type=\"tm-heading.default\">\n\t\t\t\t<div class=\"elementor-widget-container\">\n\t\t\t\t\t\t\t<div class=\"tm-modern-heading tm-modern-heading--style-01 tm-modern-heading--highlight-style-01\">\n\t\t\t\n\t\t\t\t\t<div class=\"heading-primary-wrap\">\n\t\t\t<h4 class=\"heading-primary elementor-heading-title\">Visi\u00f3n general<\/h4>\t\t<\/div>\n\t\t\n\t\t\t\n\t\t\t\t\t<\/div>\n\t\t\t\t\t\t<\/div>\n\t\t\t\t<\/div>\n\t\t\t\t<div class=\"elementor-element elementor-element-7c6ab884 elementor-widget elementor-widget-text-editor\" data-id=\"7c6ab884\" data-element_type=\"widget\" data-widget_type=\"text-editor.default\">\n\t\t\t\t<div class=\"elementor-widget-container\">\n\t\t\t\t\t\t\t\t\t<p>es una pasarela inal\u00e1mbrica que integra LTE y acceso de enlace ascendente Ethernet de alta velocidad<\/p>\t\t\t\t\t\t\t\t<\/div>\n\t\t\t\t<\/div>\n\t\t\t\t<section class=\"elementor-section elementor-inner-section elementor-element elementor-element-2afe0aab elementor-section-gap-beside-no elementor-section-full_width elementor-section-height-default elementor-section-height-default elementor-section-column-vertical-align-stretch\" data-id=\"2afe0aab\" data-element_type=\"section\">\n\t\t\t\t\t\t<div class=\"elementor-container elementor-column-gap-extended\">\n\t\t\t\t\t<div class=\"elementor-column elementor-col-33 elementor-inner-column elementor-element elementor-element-7751e85f\" data-id=\"7751e85f\" data-element_type=\"column\">\n\t\t\t<div class=\"elementor-widget-wrap elementor-element-populated\">\n\t\t\t\t\t\t<div class=\"elementor-element elementor-element-47145555 elementor-widget elementor-widget-tm-heading\" data-id=\"47145555\" data-element_type=\"widget\" data-widget_type=\"tm-heading.default\">\n\t\t\t\t<div class=\"elementor-widget-container\">\n\t\t\t\t\t\t\t<div class=\"tm-modern-heading tm-modern-heading--style-01 tm-modern-heading--highlight-style-01\">\n\t\t\t\n\t\t\t\t\t<div class=\"heading-primary-wrap\">\n\t\t\t<h6 class=\"heading-primary elementor-heading-title\">Puerto<\/h6>\t\t<\/div>\n\t\t\n\t\t\t\n\t\t\t\t\t<div class=\"heading-description-wrap\">\n\t\t\t<div class=\"heading-description\">\n\t\t\t\t<p>1*WAN+3*LAN, 10BaseT\/100Base\/1000Base puerto adaptativo autom\u00e1tico<\/p>\t\t\t<\/div>\n\t\t<\/div>\n\t\t\t\t<\/div>\n\t\t\t\t\t\t<\/div>\n\t\t\t\t<\/div>\n\t\t\t\t\t<\/div>\n\t\t<\/div>\n\t\t\t\t<div class=\"elementor-column elementor-col-33 elementor-inner-column elementor-element elementor-element-c6e3a56\" data-id=\"c6e3a56\" data-element_type=\"column\">\n\t\t\t<div class=\"elementor-widget-wrap elementor-element-populated\">\n\t\t\t\t\t\t<div class=\"elementor-element elementor-element-7cf8fe9 elementor-widget elementor-widget-tm-heading\" data-id=\"7cf8fe9\" data-element_type=\"widget\" data-widget_type=\"tm-heading.default\">\n\t\t\t\t<div class=\"elementor-widget-container\">\n\t\t\t\t\t\t\t<div class=\"tm-modern-heading tm-modern-heading--style-01 tm-modern-heading--highlight-style-01\">\n\t\t\t\n\t\t\t\t\t<div class=\"heading-primary-wrap\">\n\t\t\t<h6 class=\"heading-primary elementor-heading-title\">Humedad de trabajo<\/h6>\t\t<\/div>\n\t\t\n\t\t\t\n\t\t\t\t\t<div class=\"heading-description-wrap\">\n\t\t\t<div class=\"heading-description\">\n\t\t\t\t<p>5%RH~95%RH No Condense<\/p>\t\t\t<\/div>\n\t\t<\/div>\n\t\t\t\t<\/div>\n\t\t\t\t\t\t<\/div>\n\t\t\t\t<\/div>\n\t\t\t\t\t<\/div>\n\t\t<\/div>\n\t\t\t\t<div class=\"elementor-column elementor-col-33 elementor-inner-column elementor-element elementor-element-63d177a8\" data-id=\"63d177a8\" data-element_type=\"column\">\n\t\t\t<div class=\"elementor-widget-wrap elementor-element-populated\">\n\t\t\t\t\t\t<div class=\"elementor-element elementor-element-688f42d elementor-widget elementor-widget-tm-heading\" data-id=\"688f42d\" data-element_type=\"widget\" data-widget_type=\"tm-heading.default\">\n\t\t\t\t<div class=\"elementor-widget-container\">\n\t\t\t\t\t\t\t<div class=\"tm-modern-heading tm-modern-heading--style-01 tm-modern-heading--highlight-style-01\">\n\t\t\t\n\t\t\t\t\t<div class=\"heading-primary-wrap\">\n\t\t\t<h6 class=\"heading-primary elementor-heading-title\">Dimensiones (An \u00d7 Pr \u00d7 Al)<\/h6>\t\t<\/div>\n\t\t\n\t\t\t\n\t\t\t\t\t<div class=\"heading-description-wrap\">\n\t\t\t<div class=\"heading-description\">\n\t\t\t\t<p>218mm\u00d7153mm\u00d740mm<\/p>\t\t\t<\/div>\n\t\t<\/div>\n\t\t\t\t<\/div>\n\t\t\t\t\t\t<\/div>\n\t\t\t\t<\/div>\n\t\t\t\t\t<\/div>\n\t\t<\/div>\n\t\t\t\t\t<\/div>\n\t\t<\/section>\n\t\t\t\t\t<\/div>\n\t\t<\/div>\n\t\t\t\t\t<\/div>\n\t\t<\/section>\n\t\t<div class=\"elementor-element elementor-element-1b74d531 e-flex e-con-boxed e-con e-parent\" data-id=\"1b74d531\" data-element_type=\"container\">\n\t\t\t\t\t<div class=\"e-con-inner\">\n\t\t\t\t<div class=\"elementor-element elementor-element-aaf7427 elementor-widget elementor-widget-image\" data-id=\"aaf7427\" data-element_type=\"widget\" data-widget_type=\"image.default\">\n\t\t\t\t<div class=\"elementor-widget-container\">\n\t\t\t\t\t\t\t\t\t\t\t\t\t\t\t<img fetchpriority=\"high\" decoding=\"async\" width=\"1920\" height=\"737\" src=\"https:\/\/foredgetech.com\/wp-content\/uploads\/2024\/04\/A0-\u4ea7\u54c1\u7b80\u4ecb-FMR-AX3000-SA-4G-CPE-Router.jpg\" class=\"attachment-full size-full wp-image-33921\" alt=\"\" srcset=\"https:\/\/foredgetech.com\/wp-content\/uploads\/2024\/04\/A0-\u4ea7\u54c1\u7b80\u4ecb-FMR-AX3000-SA-4G-CPE-Router.jpg 1920w, https:\/\/foredgetech.com\/wp-content\/uploads\/2024\/04\/A0-\u4ea7\u54c1\u7b80\u4ecb-FMR-AX3000-SA-4G-CPE-Router-300x115.jpg 300w, https:\/\/foredgetech.com\/wp-content\/uploads\/2024\/04\/A0-\u4ea7\u54c1\u7b80\u4ecb-FMR-AX3000-SA-4G-CPE-Router-150x58.jpg 150w, https:\/\/foredgetech.com\/wp-content\/uploads\/2024\/04\/A0-\u4ea7\u54c1\u7b80\u4ecb-FMR-AX3000-SA-4G-CPE-Router-768x295.jpg 768w, https:\/\/foredgetech.com\/wp-content\/uploads\/2024\/04\/A0-\u4ea7\u54c1\u7b80\u4ecb-FMR-AX3000-SA-4G-CPE-Router-1536x590.jpg 1536w, https:\/\/foredgetech.com\/wp-content\/uploads\/2024\/04\/A0-\u4ea7\u54c1\u7b80\u4ecb-FMR-AX3000-SA-4G-CPE-Router-18x7.jpg 18w, https:\/\/foredgetech.com\/wp-content\/uploads\/2024\/04\/A0-\u4ea7\u54c1\u7b80\u4ecb-FMR-AX3000-SA-4G-CPE-Router-600x230.jpg 600w\" sizes=\"(max-width: 1920px) 100vw, 1920px\" \/>\t\t\t\t\t\t\t\t\t\t\t\t\t\t\t<\/div>\n\t\t\t\t<\/div>\n\t\t\t\t<div class=\"elementor-element elementor-element-32289a0 elementor-widget elementor-widget-image\" data-id=\"32289a0\" data-element_type=\"widget\" data-widget_type=\"image.default\">\n\t\t\t\t<div class=\"elementor-widget-container\">\n\t\t\t\t\t\t\t\t\t\t\t\t\t\t\t<img decoding=\"async\" width=\"1920\" height=\"756\" data-src=\"https:\/\/foredgetech.com\/wp-content\/uploads\/2024\/04\/B1-\u53cc\u9891\u6bb5-\u901f\u7387-Ultra-Fast-Wi-Fi-6-AX3000_-1.jpg\" class=\"attachment-full size-full wp-image-33906 lazyload\" alt=\"\" data-srcset=\"https:\/\/foredgetech.com\/wp-content\/uploads\/2024\/04\/B1-\u53cc\u9891\u6bb5-\u901f\u7387-Ultra-Fast-Wi-Fi-6-AX3000_-1.jpg 1920w, https:\/\/foredgetech.com\/wp-content\/uploads\/2024\/04\/B1-\u53cc\u9891\u6bb5-\u901f\u7387-Ultra-Fast-Wi-Fi-6-AX3000_-1-300x118.jpg 300w, https:\/\/foredgetech.com\/wp-content\/uploads\/2024\/04\/B1-\u53cc\u9891\u6bb5-\u901f\u7387-Ultra-Fast-Wi-Fi-6-AX3000_-1-150x59.jpg 150w, https:\/\/foredgetech.com\/wp-content\/uploads\/2024\/04\/B1-\u53cc\u9891\u6bb5-\u901f\u7387-Ultra-Fast-Wi-Fi-6-AX3000_-1-768x302.jpg 768w, https:\/\/foredgetech.com\/wp-content\/uploads\/2024\/04\/B1-\u53cc\u9891\u6bb5-\u901f\u7387-Ultra-Fast-Wi-Fi-6-AX3000_-1-1536x605.jpg 1536w, https:\/\/foredgetech.com\/wp-content\/uploads\/2024\/04\/B1-\u53cc\u9891\u6bb5-\u901f\u7387-Ultra-Fast-Wi-Fi-6-AX3000_-1-18x7.jpg 18w, https:\/\/foredgetech.com\/wp-content\/uploads\/2024\/04\/B1-\u53cc\u9891\u6bb5-\u901f\u7387-Ultra-Fast-Wi-Fi-6-AX3000_-1-600x236.jpg 600w\" data-sizes=\"(max-width: 1920px) 100vw, 1920px\" src=\"data:image\/svg+xml;base64,PHN2ZyB3aWR0aD0iMSIgaGVpZ2h0PSIxIiB4bWxucz0iaHR0cDovL3d3dy53My5vcmcvMjAwMC9zdmciPjwvc3ZnPg==\" style=\"--smush-placeholder-width: 1920px; --smush-placeholder-aspect-ratio: 1920\/756;\" \/>\t\t\t\t\t\t\t\t\t\t\t\t\t\t\t<\/div>\n\t\t\t\t<\/div>\n\t\t\t\t<div class=\"elementor-element elementor-element-18ad653 elementor-widget elementor-widget-image\" data-id=\"18ad653\" data-element_type=\"widget\" data-widget_type=\"image.default\">\n\t\t\t\t<div class=\"elementor-widget-container\">\n\t\t\t\t\t\t\t\t\t\t\t\t\t\t\t<img decoding=\"async\" width=\"1920\" height=\"727\" data-src=\"https:\/\/foredgetech.com\/wp-content\/uploads\/2024\/04\/B2-5\u5929\u7ebf-5-High-Gain-Antennas-1.jpg\" class=\"attachment-full size-full wp-image-33907 lazyload\" alt=\"\" data-srcset=\"https:\/\/foredgetech.com\/wp-content\/uploads\/2024\/04\/B2-5\u5929\u7ebf-5-High-Gain-Antennas-1.jpg 1920w, https:\/\/foredgetech.com\/wp-content\/uploads\/2024\/04\/B2-5\u5929\u7ebf-5-High-Gain-Antennas-1-300x114.jpg 300w, https:\/\/foredgetech.com\/wp-content\/uploads\/2024\/04\/B2-5\u5929\u7ebf-5-High-Gain-Antennas-1-150x57.jpg 150w, https:\/\/foredgetech.com\/wp-content\/uploads\/2024\/04\/B2-5\u5929\u7ebf-5-High-Gain-Antennas-1-768x291.jpg 768w, https:\/\/foredgetech.com\/wp-content\/uploads\/2024\/04\/B2-5\u5929\u7ebf-5-High-Gain-Antennas-1-1536x582.jpg 1536w, https:\/\/foredgetech.com\/wp-content\/uploads\/2024\/04\/B2-5\u5929\u7ebf-5-High-Gain-Antennas-1-18x7.jpg 18w, https:\/\/foredgetech.com\/wp-content\/uploads\/2024\/04\/B2-5\u5929\u7ebf-5-High-Gain-Antennas-1-600x227.jpg 600w\" data-sizes=\"(max-width: 1920px) 100vw, 1920px\" src=\"data:image\/svg+xml;base64,PHN2ZyB3aWR0aD0iMSIgaGVpZ2h0PSIxIiB4bWxucz0iaHR0cDovL3d3dy53My5vcmcvMjAwMC9zdmciPjwvc3ZnPg==\" style=\"--smush-placeholder-width: 1920px; --smush-placeholder-aspect-ratio: 1920\/727;\" \/>\t\t\t\t\t\t\t\t\t\t\t\t\t\t\t<\/div>\n\t\t\t\t<\/div>\n\t\t\t\t<div class=\"elementor-element elementor-element-a36b9f8 elementor-widget elementor-widget-image\" data-id=\"a36b9f8\" data-element_type=\"widget\" data-widget_type=\"image.default\">\n\t\t\t\t<div class=\"elementor-widget-container\">\n\t\t\t\t\t\t\t\t\t\t\t\t\t\t\t<img decoding=\"async\" width=\"1920\" height=\"730\" data-src=\"https:\/\/foredgetech.com\/wp-content\/uploads\/2024\/04\/B4-\u5b89\u5168-Advanced-Security_.jpg\" class=\"attachment-full size-full wp-image-33488 lazyload\" alt=\"\" data-srcset=\"https:\/\/foredgetech.com\/wp-content\/uploads\/2024\/04\/B4-\u5b89\u5168-Advanced-Security_.jpg 1920w, https:\/\/foredgetech.com\/wp-content\/uploads\/2024\/04\/B4-\u5b89\u5168-Advanced-Security_-150x57.jpg 150w, https:\/\/foredgetech.com\/wp-content\/uploads\/2024\/04\/B4-\u5b89\u5168-Advanced-Security_-600x228.jpg 600w, https:\/\/foredgetech.com\/wp-content\/uploads\/2024\/04\/B4-\u5b89\u5168-Advanced-Security_-300x114.jpg 300w, https:\/\/foredgetech.com\/wp-content\/uploads\/2024\/04\/B4-\u5b89\u5168-Advanced-Security_-768x292.jpg 768w, https:\/\/foredgetech.com\/wp-content\/uploads\/2024\/04\/B4-\u5b89\u5168-Advanced-Security_-1536x584.jpg 1536w, https:\/\/foredgetech.com\/wp-content\/uploads\/2024\/04\/B4-\u5b89\u5168-Advanced-Security_-18x7.jpg 18w\" data-sizes=\"(max-width: 1920px) 100vw, 1920px\" src=\"data:image\/svg+xml;base64,PHN2ZyB3aWR0aD0iMSIgaGVpZ2h0PSIxIiB4bWxucz0iaHR0cDovL3d3dy53My5vcmcvMjAwMC9zdmciPjwvc3ZnPg==\" style=\"--smush-placeholder-width: 1920px; --smush-placeholder-aspect-ratio: 1920\/730;\" \/>\t\t\t\t\t\t\t\t\t\t\t\t\t\t\t<\/div>\n\t\t\t\t<\/div>\n\t\t\t\t\t<\/div>\n\t\t\t\t<\/div>\n\t\t<div class=\"elementor-element elementor-element-12f2975 e-flex e-con-boxed e-con e-parent\" data-id=\"12f2975\" data-element_type=\"container\">\n\t\t\t\t\t<div class=\"e-con-inner\">\n\t\t\t\t<div class=\"elementor-element elementor-element-67c8777 elementor-widget elementor-widget-image\" data-id=\"67c8777\" data-element_type=\"widget\" data-widget_type=\"image.default\">\n\t\t\t\t<div class=\"elementor-widget-container\">\n\t\t\t\t\t\t\t\t\t\t\t\t\t\t\t<img decoding=\"async\" width=\"1920\" height=\"1377\" data-src=\"https:\/\/foredgetech.com\/wp-content\/uploads\/2024\/04\/B6-\u8986\u76d6-Mesh-Networking-2.jpg\" class=\"attachment-full size-full wp-image-33923 lazyload\" alt=\"\" data-srcset=\"https:\/\/foredgetech.com\/wp-content\/uploads\/2024\/04\/B6-\u8986\u76d6-Mesh-Networking-2.jpg 1920w, https:\/\/foredgetech.com\/wp-content\/uploads\/2024\/04\/B6-\u8986\u76d6-Mesh-Networking-2-300x215.jpg 300w, https:\/\/foredgetech.com\/wp-content\/uploads\/2024\/04\/B6-\u8986\u76d6-Mesh-Networking-2-150x108.jpg 150w, https:\/\/foredgetech.com\/wp-content\/uploads\/2024\/04\/B6-\u8986\u76d6-Mesh-Networking-2-768x551.jpg 768w, https:\/\/foredgetech.com\/wp-content\/uploads\/2024\/04\/B6-\u8986\u76d6-Mesh-Networking-2-1536x1102.jpg 1536w, https:\/\/foredgetech.com\/wp-content\/uploads\/2024\/04\/B6-\u8986\u76d6-Mesh-Networking-2-18x12.jpg 18w, https:\/\/foredgetech.com\/wp-content\/uploads\/2024\/04\/B6-\u8986\u76d6-Mesh-Networking-2-600x430.jpg 600w\" data-sizes=\"(max-width: 1920px) 100vw, 1920px\" src=\"data:image\/svg+xml;base64,PHN2ZyB3aWR0aD0iMSIgaGVpZ2h0PSIxIiB4bWxucz0iaHR0cDovL3d3dy53My5vcmcvMjAwMC9zdmciPjwvc3ZnPg==\" style=\"--smush-placeholder-width: 1920px; --smush-placeholder-aspect-ratio: 1920\/1377;\" \/>\t\t\t\t\t\t\t\t\t\t\t\t\t\t\t<\/div>\n\t\t\t\t<\/div>\n\t\t\t\t\t<\/div>\n\t\t\t\t<\/div>\n\t\t<div class=\"elementor-element elementor-element-932bb82 e-flex e-con-boxed e-con e-parent\" data-id=\"932bb82\" data-element_type=\"container\">\n\t\t\t\t\t<div class=\"e-con-inner\">\n\t\t\t\t<div class=\"elementor-element elementor-element-40174b9 elementor-widget elementor-widget-image\" data-id=\"40174b9\" data-element_type=\"widget\" data-widget_type=\"image.default\">\n\t\t\t\t<div class=\"elementor-widget-container\">\n\t\t\t\t\t\t\t\t\t\t\t\t\t\t\t<img decoding=\"async\" width=\"1920\" height=\"1523\" data-src=\"https:\/\/foredgetech.com\/wp-content\/uploads\/2024\/04\/B7-\u5e26\u5bbd-VPN-QoS-Support-1.jpg\" class=\"attachment-full size-full wp-image-33910 lazyload\" alt=\"\" data-srcset=\"https:\/\/foredgetech.com\/wp-content\/uploads\/2024\/04\/B7-\u5e26\u5bbd-VPN-QoS-Support-1.jpg 1920w, https:\/\/foredgetech.com\/wp-content\/uploads\/2024\/04\/B7-\u5e26\u5bbd-VPN-QoS-Support-1-300x238.jpg 300w, https:\/\/foredgetech.com\/wp-content\/uploads\/2024\/04\/B7-\u5e26\u5bbd-VPN-QoS-Support-1-1765x1400.jpg 1765w, https:\/\/foredgetech.com\/wp-content\/uploads\/2024\/04\/B7-\u5e26\u5bbd-VPN-QoS-Support-1-150x119.jpg 150w, https:\/\/foredgetech.com\/wp-content\/uploads\/2024\/04\/B7-\u5e26\u5bbd-VPN-QoS-Support-1-768x609.jpg 768w, https:\/\/foredgetech.com\/wp-content\/uploads\/2024\/04\/B7-\u5e26\u5bbd-VPN-QoS-Support-1-1536x1218.jpg 1536w, https:\/\/foredgetech.com\/wp-content\/uploads\/2024\/04\/B7-\u5e26\u5bbd-VPN-QoS-Support-1-15x12.jpg 15w, https:\/\/foredgetech.com\/wp-content\/uploads\/2024\/04\/B7-\u5e26\u5bbd-VPN-QoS-Support-1-600x476.jpg 600w\" data-sizes=\"(max-width: 1920px) 100vw, 1920px\" src=\"data:image\/svg+xml;base64,PHN2ZyB3aWR0aD0iMSIgaGVpZ2h0PSIxIiB4bWxucz0iaHR0cDovL3d3dy53My5vcmcvMjAwMC9zdmciPjwvc3ZnPg==\" style=\"--smush-placeholder-width: 1920px; --smush-placeholder-aspect-ratio: 1920\/1523;\" \/>\t\t\t\t\t\t\t\t\t\t\t\t\t\t\t<\/div>\n\t\t\t\t<\/div>\n\t\t\t\t\t<\/div>\n\t\t\t\t<\/div>\n\t\t<div class=\"elementor-element elementor-element-72eb527 e-flex e-con-boxed e-con e-parent\" data-id=\"72eb527\" data-element_type=\"container\">\n\t\t\t\t\t<div class=\"e-con-inner\">\n\t\t\t\t<div class=\"elementor-element elementor-element-40aff48 elementor-widget elementor-widget-image\" data-id=\"40aff48\" data-element_type=\"widget\" data-widget_type=\"image.default\">\n\t\t\t\t<div class=\"elementor-widget-container\">\n\t\t\t\t\t\t\t\t\t\t\t\t\t\t\t<img decoding=\"async\" width=\"1920\" height=\"700\" data-src=\"https:\/\/foredgetech.com\/wp-content\/uploads\/2024\/04\/B8-\u6613\u4e8e\u7ba1\u7406-Easy-Management.jpg\" class=\"attachment-full size-full wp-image-33491 lazyload\" alt=\"\" data-srcset=\"https:\/\/foredgetech.com\/wp-content\/uploads\/2024\/04\/B8-\u6613\u4e8e\u7ba1\u7406-Easy-Management.jpg 1920w, https:\/\/foredgetech.com\/wp-content\/uploads\/2024\/04\/B8-\u6613\u4e8e\u7ba1\u7406-Easy-Management-150x55.jpg 150w, https:\/\/foredgetech.com\/wp-content\/uploads\/2024\/04\/B8-\u6613\u4e8e\u7ba1\u7406-Easy-Management-600x219.jpg 600w, https:\/\/foredgetech.com\/wp-content\/uploads\/2024\/04\/B8-\u6613\u4e8e\u7ba1\u7406-Easy-Management-300x109.jpg 300w, https:\/\/foredgetech.com\/wp-content\/uploads\/2024\/04\/B8-\u6613\u4e8e\u7ba1\u7406-Easy-Management-768x280.jpg 768w, https:\/\/foredgetech.com\/wp-content\/uploads\/2024\/04\/B8-\u6613\u4e8e\u7ba1\u7406-Easy-Management-1536x560.jpg 1536w, https:\/\/foredgetech.com\/wp-content\/uploads\/2024\/04\/B8-\u6613\u4e8e\u7ba1\u7406-Easy-Management-18x7.jpg 18w\" data-sizes=\"(max-width: 1920px) 100vw, 1920px\" src=\"data:image\/svg+xml;base64,PHN2ZyB3aWR0aD0iMSIgaGVpZ2h0PSIxIiB4bWxucz0iaHR0cDovL3d3dy53My5vcmcvMjAwMC9zdmciPjwvc3ZnPg==\" style=\"--smush-placeholder-width: 1920px; --smush-placeholder-aspect-ratio: 1920\/700;\" \/>\t\t\t\t\t\t\t\t\t\t\t\t\t\t\t<\/div>\n\t\t\t\t<\/div>\n\t\t\t\t\t<\/div>\n\t\t\t\t<\/div>\n\t\t<div class=\"elementor-element elementor-element-5db430a e-flex e-con-boxed e-con e-parent\" data-id=\"5db430a\" data-element_type=\"container\">\n\t\t\t\t\t<div class=\"e-con-inner\">\n\t\t\t\t<div class=\"elementor-element elementor-element-cbf0a5c elementor-widget elementor-widget-heading\" data-id=\"cbf0a5c\" data-element_type=\"widget\" data-widget_type=\"heading.default\">\n\t\t\t\t<div class=\"elementor-widget-container\">\n\t\t\t\t\t<h2 class=\"elementor-heading-title elementor-size-default\">Especificaciones<\/h2>\t\t\t\t<\/div>\n\t\t\t\t<\/div>\n\t\t\t\t<div class=\"elementor-element elementor-element-9772765 elementor-widget elementor-widget-text-editor\" data-id=\"9772765\" data-element_type=\"widget\" data-widget_type=\"text-editor.default\">\n\t\t\t\t<div class=\"elementor-widget-container\">\n\t\t\t\t\t\t\t\t\t<table><tbody><tr><td colspan=\"2\" width=\"651\"><p>Par\u00e1metro de especificaci\u00f3n<\/p><\/td><\/tr><tr><td width=\"169\"><p>Par\u00e1metro<\/p><\/td><td width=\"481\"><p>Descripci\u00f3n<\/p><\/td><\/tr><tr><td width=\"169\"><p>Modelo<\/p><\/td><td width=\"481\"><p>FMR-AX3000-SA<\/p><\/td><\/tr><tr><td width=\"169\"><p>Norma t\u00e9cnica<\/p><\/td><td width=\"481\"><p>Compatible with GSM, GPRS, EDGE, FDD-LTE, TDD-LTE, WCDMA<\/p><p>Default IEEE802.11 a\/b\/g\/n\/ac\/ax<\/p><\/td><\/tr><tr><td width=\"169\"><p>M\u00e1ximo caudal de datos<\/p><\/td><td width=\"481\"><p>2.4G\uff1a574Mbps<\/p><p>5G\uff1a2402Mbps<\/p><\/td><\/tr><tr><td width=\"169\"><p>SIM<\/p><\/td><td width=\"481\"><p>1\u00d7Nano-SIM Port<\/p><\/td><\/tr><tr><td width=\"169\"><p>Frecuencia de funcionamiento<\/p><\/td><td width=\"481\"><p>La banda de frecuencias de trabajo para Europa, Sudeste Asi\u00e1tico, \u00c1frica, Sudam\u00e9rica y otras regiones es opcional.<\/p><\/td><\/tr><tr><td width=\"169\"><p>Ethernet<\/p><\/td><td width=\"481\"><p>1*WAN+3*LAN, 10BaseT\/100Base\/1000Base adaptable autom\u00e1ticamente por<\/p><\/td><\/tr><tr><td width=\"169\"><p>Antena<\/p><\/td><td width=\"481\"><p>2\u00d75dbi external (non-detachable)<\/p><p>3\u00d75dbi built-in (non-detachable)<\/p><\/td><\/tr><tr><td width=\"169\"><p>Protocolo Wi-Fi<\/p><\/td><td width=\"481\"><p>2,4G&amp;5GHz, Wi-Fi 2*2 MIMO, DBDC<\/p><p>IEEE802.11 a\/b\/g\/n\/ac\/ax<\/p><\/td><\/tr><tr><td width=\"169\"><p>Recibir diversidad<\/p><\/td><td width=\"481\"><p>Apoyo Recibir Diversidad<\/p><\/td><\/tr><tr><td width=\"169\"><p>Botones<\/p><\/td><td width=\"481\"><p>WPS\/MESH button<\/p><p>Reboot\/Reset button<\/p><\/td><\/tr><tr><td width=\"169\"><p>LED<\/p><\/td><td width=\"481\"><p>5\u00d7Green Led<\/p><\/td><\/tr><tr><td width=\"169\"><p>Actualizaci\u00f3n de SW<\/p><\/td><td width=\"481\"><p>TR069 &amp; FOTA &amp; Local<\/p><\/td><\/tr><tr><td width=\"169\"><p>Voz<\/p><\/td><td width=\"481\"><p>Opcional VoLTE &amp; VOIP &amp; CS es compatible<\/p><\/td><\/tr><tr><td width=\"169\"><p>IPv4\/IPv6<\/p><\/td><td width=\"481\"><p>Ayuda<\/p><\/td><\/tr><tr><td width=\"169\"><p>Restablecer<\/p><\/td><td width=\"481\"><p>Estenopeica<\/p><\/td><\/tr><tr><td width=\"169\"><p>VPN Pass Through<\/p><\/td><td width=\"481\"><p>PP2P\/L2TP\/IPSec<\/p><\/td><\/tr><tr><td width=\"169\"><p>Tensi\u00f3n de alimentaci\u00f3n<\/p><\/td><td width=\"481\"><p>DC12V\/1A<\/p><\/td><\/tr><tr><td width=\"169\"><p>Consumo de energ\u00eda<\/p><\/td><td width=\"481\"><p>Consumo m\u00e1ximo de energ\u00eda: &lt; 13W<\/p><p>Consumo de energ\u00eda t\u00edpico: &lt; 8W<\/p><\/td><\/tr><tr><td width=\"169\"><p>ESD<\/p><\/td><td width=\"481\"><p>Circuito de protecci\u00f3n ESD; Contacto\u00b16KV, Aire\u00b18KV<\/p><\/td><\/tr><tr><td width=\"169\"><p>Temperatura de funcionamiento<\/p><\/td><td width=\"481\"><p>Normal: 0\u2103 a +45\u2103<\/p><\/td><\/tr><tr><td width=\"169\"><p>Temperatura de almacenamiento<\/p><\/td><td width=\"481\"><p>\u00a0-20\u2103 a +70\u2103<\/p><\/td><\/tr><tr><td width=\"169\"><p>Humedad<\/p><\/td><td width=\"481\"><p>5% ~ 95%<\/p><\/td><\/tr><tr><td width=\"169\"><p>Dimensi\u00f3n<\/p><\/td><td width=\"481\"><p>175,3*167*51,9 mm<\/p><\/td><\/tr><tr><td width=\"169\"><p>Peso<\/p><\/td><td width=\"481\"><p>Aproximadamente 0,95 kg (adaptadores y soportes no incluidos)<\/p><\/td><\/tr><\/tbody><\/table>\t\t\t\t\t\t\t\t<\/div>\n\t\t\t\t<\/div>\n\t\t\t\t\t<\/div>\n\t\t\t\t<\/div>\n\t\t\t\t<\/div>","protected":false},"excerpt":{"rendered":"<ul>\n<li>Dual-band Wi-Fi with speeds up to\u00a03000Mbps(574Mbps on 2.4GHz + 2402Mbps on 5GHz).<\/li>\n<li>Optimized for strong and stable wireless performance (2\u00d7 external 2.4GHz, 2\u00d7 external 5GHz, 1\u00d7 internal 5GHz).<\/li>\n<li>1\u00d7\u00a04G SIM slot, 1\u00d7 Gigabit WAN, and 3\u00d7 Gigabit LAN ports for wired connections.<\/li>\n<li>Supports\u00a0WPA3 encryption, Anti-DDoS, and multiple filtering options(IP\/MAC\/Port\/URL)<\/li>\n<li>Works as a\u00a0router or access point (AP)for flexible deployment.<\/li>\n<li>Enables seamless whole-home coverage with compatible devices.<\/li>\n<li>Includes\u00a0PPTP\/L2TP VPNand\u00a0Quality of Service (QoS)\u00a0for optimized bandwidth management.<\/li>\n<li>Web-based configuration, backup\/restore, and firmware upgrade support.<\/li>\n<\/ul>","protected":false},"featured_media":33903,"template":"","meta":[],"product_brand":[],"product_cat":[578],"product_tag":[],"class_list":{"0":"post-31756","1":"product","2":"type-product","3":"status-publish","4":"has-post-thumbnail","6":"product_cat-4g-5g-cpe-operator-network","7":"pa_series-cpe","9":"first","10":"instock","11":"shipping-taxable","12":"product-type-simple"},"_links":{"self":[{"href":"https:\/\/foredgetech.com\/es\/wp-json\/wp\/v2\/product\/31756","targetHints":{"allow":["GET"]}}],"collection":[{"href":"https:\/\/foredgetech.com\/es\/wp-json\/wp\/v2\/product"}],"about":[{"href":"https:\/\/foredgetech.com\/es\/wp-json\/wp\/v2\/types\/product"}],"version-history":[{"count":6,"href":"https:\/\/foredgetech.com\/es\/wp-json\/wp\/v2\/product\/31756\/revisions"}],"predecessor-version":[{"id":34154,"href":"https:\/\/foredgetech.com\/es\/wp-json\/wp\/v2\/product\/31756\/revisions\/34154"}],"wp:featuredmedia":[{"embeddable":true,"href":"https:\/\/foredgetech.com\/es\/wp-json\/wp\/v2\/media\/33903"}],"wp:attachment":[{"href":"https:\/\/foredgetech.com\/es\/wp-json\/wp\/v2\/media?parent=31756"}],"wp:term":[{"taxonomy":"product_brand","embeddable":true,"href":"https:\/\/foredgetech.com\/es\/wp-json\/wp\/v2\/product_brand?post=31756"},{"taxonomy":"product_cat","embeddable":true,"href":"https:\/\/foredgetech.com\/es\/wp-json\/wp\/v2\/product_cat?post=31756"},{"taxonomy":"product_tag","embeddable":true,"href":"https:\/\/foredgetech.com\/es\/wp-json\/wp\/v2\/product_tag?post=31756"}],"curies":[{"name":"wp","href":"https:\/\/api.w.org\/{rel}","templated":true}]}}