{"id":28726,"date":"2024-01-04T07:02:45","date_gmt":"2024-01-04T07:02:45","guid":{"rendered":"https:\/\/foredgetech.com\/?post_type=product&#038;p=28726"},"modified":"2025-10-13T10:30:28","modified_gmt":"2025-10-13T10:30:28","slug":"is1016gps-4f","status":"publish","type":"product","link":"https:\/\/foredgetech.com\/es\/producto\/is1016gps-4f\/","title":{"rendered":"IS1016GPS-4F Conmutador PoE industrial gestionado Gigabit de 20 puertos"},"content":{"rendered":"<div data-elementor-type=\"wp-post\" data-elementor-id=\"28726\" class=\"elementor elementor-28726\">\n\t\t\t\t\t\t<section class=\"elementor-section elementor-top-section elementor-element elementor-element-5058e617 elementor-section-full_width elementor-section-gap-beside-no elementor-section-height-default elementor-section-height-default elementor-section-column-vertical-align-stretch\" data-id=\"5058e617\" data-element_type=\"section\">\n\t\t\t\t\t\t<div class=\"elementor-container elementor-column-gap-extended\">\n\t\t\t\t\t<div class=\"elementor-column elementor-col-33 elementor-top-column elementor-element elementor-element-f61c77a\" data-id=\"f61c77a\" data-element_type=\"column\">\n\t\t\t<div class=\"elementor-widget-wrap elementor-element-populated\">\n\t\t\t\t\t\t<div class=\"elementor-element elementor-element-12229f05 elementor-widget elementor-widget-tm-modern-image\" data-id=\"12229f05\" data-element_type=\"widget\" data-widget_type=\"tm-modern-image.default\">\n\t\t\t\t<div class=\"elementor-widget-container\">\n\t\t\t\t\t\t\t<div class=\"tm-modern-image\">\n\t\t\t\t\t\t\t<div class=\"minimog-box\">\n\t\t\t\t\t<div class=\"minimog-image\">\t\t\t\t\t<m-image class=\"minimog-lazy-image\" style=\"--lazy-image-width: 300px;--lazy-image-height: 83.333333333333%;\" data-image-loading><img decoding=\"async\"  data-src=\"https:\/\/foredgetech.com\/wp-content\/uploads\/2024\/01\/IS1016GS-4F.png\" width=\"300\" height=\"250\" alt=\"IS1016GS-4F\" class=\"attachment-full size-full lazyload\" src=\"data:image\/svg+xml;base64,PHN2ZyB3aWR0aD0iMSIgaGVpZ2h0PSIxIiB4bWxucz0iaHR0cDovL3d3dy53My5vcmcvMjAwMC9zdmciPjwvc3ZnPg==\" style=\"--smush-placeholder-width: 300px; --smush-placeholder-aspect-ratio: 300\/250;\" \/><\/m-image>\t\t\t\t\t<\/div>\t\t\t\t<\/div>\n\t\t\t\t\t\t\t\t\t\t<\/div>\n\t\t\t\t\t\t<\/div>\n\t\t\t\t<\/div>\n\t\t\t\t\t<\/div>\n\t\t<\/div>\n\t\t\t\t<div class=\"elementor-column elementor-col-66 elementor-top-column elementor-element elementor-element-78bc78c2\" data-id=\"78bc78c2\" data-element_type=\"column\">\n\t\t\t<div class=\"elementor-widget-wrap elementor-element-populated\">\n\t\t\t\t\t\t<div class=\"elementor-element elementor-element-2052b071 elementor-widget elementor-widget-tm-heading\" data-id=\"2052b071\" data-element_type=\"widget\" data-widget_type=\"tm-heading.default\">\n\t\t\t\t<div class=\"elementor-widget-container\">\n\t\t\t\t\t\t\t<div class=\"tm-modern-heading tm-modern-heading--style-01 tm-modern-heading--highlight-style-01\">\n\t\t\t\n\t\t\t\t\t<div class=\"heading-primary-wrap\">\n\t\t\t<h4 class=\"heading-primary elementor-heading-title\">Visi\u00f3n general<\/h4>\t\t<\/div>\n\t\t\n\t\t\t\n\t\t\t\t\t<\/div>\n\t\t\t\t\t\t<\/div>\n\t\t\t\t<\/div>\n\t\t\t\t<div class=\"elementor-element elementor-element-7c6ab884 elementor-widget elementor-widget-text-editor\" data-id=\"7c6ab884\" data-element_type=\"widget\" data-widget_type=\"text-editor.default\">\n\t\t\t\t<div class=\"elementor-widget-container\">\n\t\t\t\t\t\t\t\t\t<p>Es un conmutador Ethernet industrial gestionado gigabit de 20 puertos con 16 puertos PoE RJ45 gigabit y 4 puertos SFP \u00f3pticos gigabit<\/p>\t\t\t\t\t\t\t\t<\/div>\n\t\t\t\t<\/div>\n\t\t\t\t<section class=\"elementor-section elementor-inner-section elementor-element elementor-element-2afe0aab elementor-section-gap-beside-no elementor-section-full_width elementor-section-height-default elementor-section-height-default elementor-section-column-vertical-align-stretch\" data-id=\"2afe0aab\" data-element_type=\"section\">\n\t\t\t\t\t\t<div class=\"elementor-container elementor-column-gap-extended\">\n\t\t\t\t\t<div class=\"elementor-column elementor-col-33 elementor-inner-column elementor-element elementor-element-7751e85f\" data-id=\"7751e85f\" data-element_type=\"column\">\n\t\t\t<div class=\"elementor-widget-wrap elementor-element-populated\">\n\t\t\t\t\t\t<div class=\"elementor-element elementor-element-d07ae98 elementor-widget elementor-widget-tm-heading\" data-id=\"d07ae98\" data-element_type=\"widget\" data-widget_type=\"tm-heading.default\">\n\t\t\t\t<div class=\"elementor-widget-container\">\n\t\t\t\t\t\t\t<div class=\"tm-modern-heading tm-modern-heading--style-01 tm-modern-heading--highlight-style-01\">\n\t\t\t\n\t\t\t\t\t<div class=\"heading-primary-wrap\">\n\t\t\t<h6 class=\"heading-primary elementor-heading-title\">Ancho de banda del backplane del conmutador<\/h6>\t\t<\/div>\n\t\t\n\t\t\t\n\t\t\t\t\t<div class=\"heading-description-wrap\">\n\t\t\t<div class=\"heading-description\">\n\t\t\t\t<p>40 Gbps<\/p>\t\t\t<\/div>\n\t\t<\/div>\n\t\t\t\t<\/div>\n\t\t\t\t\t\t<\/div>\n\t\t\t\t<\/div>\n\t\t\t\t<div class=\"elementor-element elementor-element-7cf8fe9 elementor-widget elementor-widget-tm-heading\" data-id=\"7cf8fe9\" data-element_type=\"widget\" data-widget_type=\"tm-heading.default\">\n\t\t\t\t<div class=\"elementor-widget-container\">\n\t\t\t\t\t\t\t<div class=\"tm-modern-heading tm-modern-heading--style-01 tm-modern-heading--highlight-style-01\">\n\t\t\t\n\t\t\t\t\t<div class=\"heading-primary-wrap\">\n\t\t\t<h6 class=\"heading-primary elementor-heading-title\">Humedad de trabajo<\/h6>\t\t<\/div>\n\t\t\n\t\t\t\n\t\t\t\t\t<div class=\"heading-description-wrap\">\n\t\t\t<div class=\"heading-description\">\n\t\t\t\t<p>5%~95% HR sin condensaci\u00f3n<\/p>\t\t\t<\/div>\n\t\t<\/div>\n\t\t\t\t<\/div>\n\t\t\t\t\t\t<\/div>\n\t\t\t\t<\/div>\n\t\t\t\t\t<\/div>\n\t\t<\/div>\n\t\t\t\t<div class=\"elementor-column elementor-col-33 elementor-inner-column elementor-element elementor-element-c6e3a56\" data-id=\"c6e3a56\" data-element_type=\"column\">\n\t\t\t<div class=\"elementor-widget-wrap elementor-element-populated\">\n\t\t\t\t\t\t<div class=\"elementor-element elementor-element-44fb51c6 elementor-widget elementor-widget-tm-heading\" data-id=\"44fb51c6\" data-element_type=\"widget\" data-widget_type=\"tm-heading.default\">\n\t\t\t\t<div class=\"elementor-widget-container\">\n\t\t\t\t\t\t\t<div class=\"tm-modern-heading tm-modern-heading--style-01 tm-modern-heading--highlight-style-01\">\n\t\t\t\n\t\t\t\t\t<div class=\"heading-primary-wrap\">\n\t\t\t<h6 class=\"heading-primary elementor-heading-title\">Reenv\u00edo de paquetes<\/h6>\t\t<\/div>\n\t\t\n\t\t\t\n\t\t\t\t\t<div class=\"heading-description-wrap\">\n\t\t\t<div class=\"heading-description\">\n\t\t\t\t<p>108Mpps<\/p>\t\t\t<\/div>\n\t\t<\/div>\n\t\t\t\t<\/div>\n\t\t\t\t\t\t<\/div>\n\t\t\t\t<\/div>\n\t\t\t\t<div class=\"elementor-element elementor-element-2de3256a elementor-widget elementor-widget-tm-heading\" data-id=\"2de3256a\" data-element_type=\"widget\" data-widget_type=\"tm-heading.default\">\n\t\t\t\t<div class=\"elementor-widget-container\">\n\t\t\t\t\t\t\t<div class=\"tm-modern-heading tm-modern-heading--style-01 tm-modern-heading--highlight-style-01\">\n\t\t\t\n\t\t\t\t\t<div class=\"heading-primary-wrap\">\n\t\t\t<h6 class=\"heading-primary elementor-heading-title\">Dimensiones (An \u00d7 Pr \u00d7 Al)<\/h6>\t\t<\/div>\n\t\t\n\t\t\t\n\t\t\t\t\t<div class=\"heading-description-wrap\">\n\t\t\t<div class=\"heading-description\">\n\t\t\t\t<p>164mm\u00d7130mm\u00d778,8mm<\/p>\t\t\t<\/div>\n\t\t<\/div>\n\t\t\t\t<\/div>\n\t\t\t\t\t\t<\/div>\n\t\t\t\t<\/div>\n\t\t\t\t<div class=\"elementor-element elementor-element-453d78ca elementor-widget elementor-widget-spacer\" data-id=\"453d78ca\" data-element_type=\"widget\" data-widget_type=\"spacer.default\">\n\t\t\t\t<div class=\"elementor-widget-container\">\n\t\t\t\t\t\t\t<div class=\"elementor-spacer\">\n\t\t\t<div class=\"elementor-spacer-inner\"><\/div>\n\t\t<\/div>\n\t\t\t\t\t\t<\/div>\n\t\t\t\t<\/div>\n\t\t\t\t\t<\/div>\n\t\t<\/div>\n\t\t\t\t<div class=\"elementor-column elementor-col-33 elementor-inner-column elementor-element elementor-element-63d177a8\" data-id=\"63d177a8\" data-element_type=\"column\">\n\t\t\t<div class=\"elementor-widget-wrap elementor-element-populated\">\n\t\t\t\t\t\t<div class=\"elementor-element elementor-element-47145555 elementor-widget elementor-widget-tm-heading\" data-id=\"47145555\" data-element_type=\"widget\" data-widget_type=\"tm-heading.default\">\n\t\t\t\t<div class=\"elementor-widget-container\">\n\t\t\t\t\t\t\t<div class=\"tm-modern-heading tm-modern-heading--style-01 tm-modern-heading--highlight-style-01\">\n\t\t\t\n\t\t\t\t\t<div class=\"heading-primary-wrap\">\n\t\t\t<h6 class=\"heading-primary elementor-heading-title\">puerto de conmutador<\/h6>\t\t<\/div>\n\t\t\n\t\t\t\n\t\t\t\t\t<div class=\"heading-description-wrap\">\n\t\t\t<div class=\"heading-description\">\n\t\t\t\t<p>16 puertos RJ45 a 10\/100\/1000 Mbps (POE)<\/p><p>4 puertos de fibra \u00f3ptica Gigabit SFP<\/p>\t\t\t<\/div>\n\t\t<\/div>\n\t\t\t\t<\/div>\n\t\t\t\t\t\t<\/div>\n\t\t\t\t<\/div>\n\t\t\t\t\t<\/div>\n\t\t<\/div>\n\t\t\t\t\t<\/div>\n\t\t<\/section>\n\t\t\t\t\t<\/div>\n\t\t<\/div>\n\t\t\t\t\t<\/div>\n\t\t<\/section>\n\t\t<div class=\"elementor-element elementor-element-1b74d531 e-flex e-con-boxed e-con e-parent\" data-id=\"1b74d531\" data-element_type=\"container\">\n\t\t\t\t\t<div class=\"e-con-inner\">\n\t\t\t\t<div class=\"elementor-element elementor-element-aaf7427 elementor-widget elementor-widget-image\" data-id=\"aaf7427\" data-element_type=\"widget\" data-widget_type=\"image.default\">\n\t\t\t\t<div class=\"elementor-widget-container\">\n\t\t\t\t\t\t\t\t\t\t\t\t\t\t\t<img fetchpriority=\"high\" decoding=\"async\" width=\"1920\" height=\"1207\" src=\"https:\/\/foredgetech.com\/wp-content\/uploads\/2024\/01\/A1-\u4ea7\u54c1\u56fe-5.jpg\" class=\"attachment-full size-full wp-image-30604\" alt=\"\" srcset=\"https:\/\/foredgetech.com\/wp-content\/uploads\/2024\/01\/A1-\u4ea7\u54c1\u56fe-5.jpg 1920w, https:\/\/foredgetech.com\/wp-content\/uploads\/2024\/01\/A1-\u4ea7\u54c1\u56fe-5-150x94.jpg 150w, https:\/\/foredgetech.com\/wp-content\/uploads\/2024\/01\/A1-\u4ea7\u54c1\u56fe-5-600x377.jpg 600w, https:\/\/foredgetech.com\/wp-content\/uploads\/2024\/01\/A1-\u4ea7\u54c1\u56fe-5-300x189.jpg 300w, https:\/\/foredgetech.com\/wp-content\/uploads\/2024\/01\/A1-\u4ea7\u54c1\u56fe-5-768x483.jpg 768w, https:\/\/foredgetech.com\/wp-content\/uploads\/2024\/01\/A1-\u4ea7\u54c1\u56fe-5-1536x966.jpg 1536w\" sizes=\"(max-width: 1920px) 100vw, 1920px\" \/>\t\t\t\t\t\t\t\t\t\t\t\t\t\t\t<\/div>\n\t\t\t\t<\/div>\n\t\t\t\t<div class=\"elementor-element elementor-element-32289a0 elementor-widget elementor-widget-image\" data-id=\"32289a0\" data-element_type=\"widget\" data-widget_type=\"image.default\">\n\t\t\t\t<div class=\"elementor-widget-container\">\n\t\t\t\t\t\t\t\t\t\t\t\t\t\t\t<img decoding=\"async\" width=\"1920\" height=\"756\" data-src=\"https:\/\/foredgetech.com\/wp-content\/uploads\/2024\/01\/B2-\u5e94\u7528\u573a\u666f-\u6076\u52a3\u73af\u5883-3.jpg\" class=\"attachment-full size-full wp-image-30605 lazyload\" alt=\"\" data-srcset=\"https:\/\/foredgetech.com\/wp-content\/uploads\/2024\/01\/B2-\u5e94\u7528\u573a\u666f-\u6076\u52a3\u73af\u5883-3.jpg 1920w, https:\/\/foredgetech.com\/wp-content\/uploads\/2024\/01\/B2-\u5e94\u7528\u573a\u666f-\u6076\u52a3\u73af\u5883-3-150x59.jpg 150w, https:\/\/foredgetech.com\/wp-content\/uploads\/2024\/01\/B2-\u5e94\u7528\u573a\u666f-\u6076\u52a3\u73af\u5883-3-600x236.jpg 600w, https:\/\/foredgetech.com\/wp-content\/uploads\/2024\/01\/B2-\u5e94\u7528\u573a\u666f-\u6076\u52a3\u73af\u5883-3-300x118.jpg 300w, https:\/\/foredgetech.com\/wp-content\/uploads\/2024\/01\/B2-\u5e94\u7528\u573a\u666f-\u6076\u52a3\u73af\u5883-3-768x302.jpg 768w, https:\/\/foredgetech.com\/wp-content\/uploads\/2024\/01\/B2-\u5e94\u7528\u573a\u666f-\u6076\u52a3\u73af\u5883-3-1536x605.jpg 1536w\" data-sizes=\"(max-width: 1920px) 100vw, 1920px\" src=\"data:image\/svg+xml;base64,PHN2ZyB3aWR0aD0iMSIgaGVpZ2h0PSIxIiB4bWxucz0iaHR0cDovL3d3dy53My5vcmcvMjAwMC9zdmciPjwvc3ZnPg==\" style=\"--smush-placeholder-width: 1920px; --smush-placeholder-aspect-ratio: 1920\/756;\" \/>\t\t\t\t\t\t\t\t\t\t\t\t\t\t\t<\/div>\n\t\t\t\t<\/div>\n\t\t\t\t<div class=\"elementor-element elementor-element-469a6a5 elementor-widget elementor-widget-image\" data-id=\"469a6a5\" data-element_type=\"widget\" data-widget_type=\"image.default\">\n\t\t\t\t<div class=\"elementor-widget-container\">\n\t\t\t\t\t\t\t\t\t\t\t\t\t\t\t<img decoding=\"async\" width=\"1920\" height=\"756\" data-src=\"https:\/\/foredgetech.com\/wp-content\/uploads\/2024\/01\/C3-\u5b8c\u5584\u7684\u5b89\u5168\u673a\u5236-6.jpg\" class=\"attachment-full size-full wp-image-30606 lazyload\" alt=\"\" data-srcset=\"https:\/\/foredgetech.com\/wp-content\/uploads\/2024\/01\/C3-\u5b8c\u5584\u7684\u5b89\u5168\u673a\u5236-6.jpg 1920w, https:\/\/foredgetech.com\/wp-content\/uploads\/2024\/01\/C3-\u5b8c\u5584\u7684\u5b89\u5168\u673a\u5236-6-150x59.jpg 150w, https:\/\/foredgetech.com\/wp-content\/uploads\/2024\/01\/C3-\u5b8c\u5584\u7684\u5b89\u5168\u673a\u5236-6-600x236.jpg 600w, https:\/\/foredgetech.com\/wp-content\/uploads\/2024\/01\/C3-\u5b8c\u5584\u7684\u5b89\u5168\u673a\u5236-6-300x118.jpg 300w, https:\/\/foredgetech.com\/wp-content\/uploads\/2024\/01\/C3-\u5b8c\u5584\u7684\u5b89\u5168\u673a\u5236-6-768x302.jpg 768w, https:\/\/foredgetech.com\/wp-content\/uploads\/2024\/01\/C3-\u5b8c\u5584\u7684\u5b89\u5168\u673a\u5236-6-1536x605.jpg 1536w\" data-sizes=\"(max-width: 1920px) 100vw, 1920px\" src=\"data:image\/svg+xml;base64,PHN2ZyB3aWR0aD0iMSIgaGVpZ2h0PSIxIiB4bWxucz0iaHR0cDovL3d3dy53My5vcmcvMjAwMC9zdmciPjwvc3ZnPg==\" style=\"--smush-placeholder-width: 1920px; --smush-placeholder-aspect-ratio: 1920\/756;\" \/>\t\t\t\t\t\t\t\t\t\t\t\t\t\t\t<\/div>\n\t\t\t\t<\/div>\n\t\t\t\t<div class=\"elementor-element elementor-element-78d2623 elementor-widget elementor-widget-image\" data-id=\"78d2623\" data-element_type=\"widget\" data-widget_type=\"image.default\">\n\t\t\t\t<div class=\"elementor-widget-container\">\n\t\t\t\t\t\t\t\t\t\t\t\t\t\t\t<img decoding=\"async\" width=\"1920\" height=\"756\" data-src=\"https:\/\/foredgetech.com\/wp-content\/uploads\/2024\/01\/D4-1-\u7aef\u53e3\u5206\u533a-6.jpg\" class=\"attachment-full size-full wp-image-30610 lazyload\" alt=\"\" data-srcset=\"https:\/\/foredgetech.com\/wp-content\/uploads\/2024\/01\/D4-1-\u7aef\u53e3\u5206\u533a-6.jpg 1920w, https:\/\/foredgetech.com\/wp-content\/uploads\/2024\/01\/D4-1-\u7aef\u53e3\u5206\u533a-6-150x59.jpg 150w, https:\/\/foredgetech.com\/wp-content\/uploads\/2024\/01\/D4-1-\u7aef\u53e3\u5206\u533a-6-600x236.jpg 600w, https:\/\/foredgetech.com\/wp-content\/uploads\/2024\/01\/D4-1-\u7aef\u53e3\u5206\u533a-6-300x118.jpg 300w, https:\/\/foredgetech.com\/wp-content\/uploads\/2024\/01\/D4-1-\u7aef\u53e3\u5206\u533a-6-768x302.jpg 768w, https:\/\/foredgetech.com\/wp-content\/uploads\/2024\/01\/D4-1-\u7aef\u53e3\u5206\u533a-6-1536x605.jpg 1536w\" data-sizes=\"(max-width: 1920px) 100vw, 1920px\" src=\"data:image\/svg+xml;base64,PHN2ZyB3aWR0aD0iMSIgaGVpZ2h0PSIxIiB4bWxucz0iaHR0cDovL3d3dy53My5vcmcvMjAwMC9zdmciPjwvc3ZnPg==\" style=\"--smush-placeholder-width: 1920px; --smush-placeholder-aspect-ratio: 1920\/756;\" \/>\t\t\t\t\t\t\t\t\t\t\t\t\t\t\t<\/div>\n\t\t\t\t<\/div>\n\t\t\t\t<div class=\"elementor-element elementor-element-50ec8a2 elementor-widget elementor-widget-image\" data-id=\"50ec8a2\" data-element_type=\"widget\" data-widget_type=\"image.default\">\n\t\t\t\t<div class=\"elementor-widget-container\">\n\t\t\t\t\t\t\t\t\t\t\t\t\t\t\t<img decoding=\"async\" width=\"1920\" height=\"756\" data-src=\"https:\/\/foredgetech.com\/wp-content\/uploads\/2024\/01\/D4-3-\u5de5\u4f5c\u6e7f\u5ea6-11.jpg\" class=\"attachment-full size-full wp-image-30612 lazyload\" alt=\"\" data-srcset=\"https:\/\/foredgetech.com\/wp-content\/uploads\/2024\/01\/D4-3-\u5de5\u4f5c\u6e7f\u5ea6-11.jpg 1920w, https:\/\/foredgetech.com\/wp-content\/uploads\/2024\/01\/D4-3-\u5de5\u4f5c\u6e7f\u5ea6-11-150x59.jpg 150w, https:\/\/foredgetech.com\/wp-content\/uploads\/2024\/01\/D4-3-\u5de5\u4f5c\u6e7f\u5ea6-11-600x236.jpg 600w, https:\/\/foredgetech.com\/wp-content\/uploads\/2024\/01\/D4-3-\u5de5\u4f5c\u6e7f\u5ea6-11-300x118.jpg 300w, https:\/\/foredgetech.com\/wp-content\/uploads\/2024\/01\/D4-3-\u5de5\u4f5c\u6e7f\u5ea6-11-768x302.jpg 768w, https:\/\/foredgetech.com\/wp-content\/uploads\/2024\/01\/D4-3-\u5de5\u4f5c\u6e7f\u5ea6-11-1536x605.jpg 1536w\" data-sizes=\"(max-width: 1920px) 100vw, 1920px\" src=\"data:image\/svg+xml;base64,PHN2ZyB3aWR0aD0iMSIgaGVpZ2h0PSIxIiB4bWxucz0iaHR0cDovL3d3dy53My5vcmcvMjAwMC9zdmciPjwvc3ZnPg==\" style=\"--smush-placeholder-width: 1920px; --smush-placeholder-aspect-ratio: 1920\/756;\" \/>\t\t\t\t\t\t\t\t\t\t\t\t\t\t\t<\/div>\n\t\t\t\t<\/div>\n\t\t\t\t\t<\/div>\n\t\t\t\t<\/div>\n\t\t<div class=\"elementor-element elementor-element-4ce676b e-flex e-con-boxed e-con e-parent\" data-id=\"4ce676b\" data-element_type=\"container\">\n\t\t\t\t\t<div class=\"e-con-inner\">\n\t\t\t\t<div class=\"elementor-element elementor-element-142864b elementor-widget elementor-widget-heading\" data-id=\"142864b\" data-element_type=\"widget\" data-widget_type=\"heading.default\">\n\t\t\t\t<div class=\"elementor-widget-container\">\n\t\t\t\t\t<h2 class=\"elementor-heading-title elementor-size-default\">Especificaciones<\/h2>\t\t\t\t<\/div>\n\t\t\t\t<\/div>\n\t\t\t\t<div class=\"elementor-element elementor-element-c85a48f elementor-widget elementor-widget-text-editor\" data-id=\"c85a48f\" data-element_type=\"widget\" data-widget_type=\"text-editor.default\">\n\t\t\t\t<div class=\"elementor-widget-container\">\n\t\t\t\t\t\t\t\t\t<table><tbody><tr><td colspan=\"2\"><p><strong>Hardware<\/strong><\/p><\/td><\/tr><tr><td><p><strong>Interfaz de red<\/strong><\/p><\/td><td><p>16 puertos 10\/100\/1000Mbps RJ45<\/p><p>M\u00f3dulo SFP de 4 puertos 10\/100\/1000 Mbps<\/p><p>\u25cf Puertos de consola x1<\/p><\/td><\/tr><tr><td><p><strong>Protocolo de red<\/strong><\/p><\/td><td><p>\u25cf IEEE802.3\u3001IEEE802.3i\u3001IEEE802.3u\u3001IEEE802.3ab\u3001<\/p><p>IEEE802.3z\u3001IEEE802.3ad\u3001IEEE802.3x\u3001IEEE802.3af\/at\u3001 IEEE802.1p\u3001IEEE802.1q\u3001IEEE802.1w\u3001IEEE802.1d\u3001<\/p><p>IEEE802.1s<\/p><\/td><\/tr><tr><td><p><strong>Rendimiento<\/strong><\/p><\/td><td><p>\u25cf Capacidad de conmutaci\u00f3n:40Gbps (Non-Block \uff09<\/p><p>Ratio de reenv\u00edo: 29,8 Mbps.<\/p><p>\u25cf B\u00fafer de paquetes\uff1a4,1Mb<\/p><p>\u25cf Modelo de reenv\u00edo: Almacenar y reenviar<\/p><\/td><\/tr><tr><td><p><strong>Indicador LED<\/strong><\/p><\/td><td><p>\u25cf Indicador de encendido\uff1aP1,P2<\/p><p>\u25cf Indicador del sistema\uff1aSYS<\/p><p>\u25cf Indicador de alarma\uff1aALM<\/p><p>\u25cf Indicador de puerto SFP\uff1aLink&amp;Act F1~F2<\/p><p>\u25cf Indicador de puerto RJ45\uff1aPOE&amp;Link&amp;Act 1~8<\/p><\/td><\/tr><tr><td><p><strong>Clavija POE<\/strong><\/p><\/td><td><p>\u25cf 1\/2\uff08 + \uff09\uff0c3\/6\/(-) \uff1b<\/p><\/td><\/tr><tr><td><p><strong>Fuente de alimentaci\u00f3n<\/strong><\/p><\/td><td><p>\u25cf Tensi\u00f3n de entrada: 48-56 V CC.<\/p><p>\u25cf Puerto de entrada: Bloque de terminales de 5 pines enchufable, 5,08 mm.<\/p><p>paso (admite doble fuente de alimentaci\u00f3n de CC de reserva, incorporada<\/p><p>protecci\u00f3n contra sobrecorriente, admite conexi\u00f3n antirretorno)<\/p><p>\u25cf Potencia en vac\u00edo: 6W@52V CC<\/p><p>\u25cf Potencia a plena carga: 486W@52V CC (salida POE a plena carga).<\/p><p>\u25cf Potencia m\u00e1xima para un solo puerto: 30W<\/p><\/td><\/tr><tr><td><p><strong>Par\u00e1metro f\u00edsico<\/strong><\/p><\/td><td><p>\u25cf Carcasa\uff1aCarcasa de metal corrugado de alta resistencia, IP40.<\/p><p>\u25cf Instalaci\u00f3n\uff1aDIN-Rail<\/p><p>\u25cf Dimensi\u00f3n\uff08 LxAxH \uff09\uff1a164mm\u00d7130mm\u00d778.8mm<\/p><\/td><\/tr><tr><td><p><strong>Medio ambiente<\/strong><\/p><p><strong>Condici\u00f3n<\/strong><\/p><\/td><td><p>\u25cf Temperatura de funcionamiento\uff1a-40\u301c 75\u00b0C<\/p><p>\u25cf Temperatura de almacenamiento\uff1a-40\u301c 85\u2103<\/p><p>\u25cf Humedad de funcionamiento\uff1a5%\u301c95% HR (sin condensaci\u00f3n).<\/p><p>\u25cf Humedad de almacenamiento\uff1a0%\u301c95% HR (sin condensaci\u00f3n).<\/p><\/td><\/tr><tr><td><p><strong>Certificaci\u00f3n<\/strong><\/p><\/td><td><p>\u25cf CE\/ROHS\/FCC<\/p><\/td><\/tr><tr><td colspan=\"2\"><p><strong>Software<\/strong><\/p><\/td><\/tr><tr><td><p><strong>Protocolo<\/strong><\/p><\/td><td><p>IEEE 802.3: Protocolo de control de acceso al medio (MAC) Ethernet IEEE 802.3i: Ethernet 10BASE-T<\/p><p>IEEE 802.3u: Ethernet r\u00e1pida 100BASE-TX<\/p><p>IEEE 802.3ab: Ethernet Gigabit 1000BASE-T<\/p><p>IEEE 802.3z: 1000BASE-X gigabit Ethernet(fibra)<\/p><p>IEEE 802.3ad: Cumple la norma de agregaci\u00f3n de enlaces<\/p><p>IEEE 802.3x: Control de flujo<\/p><p>IEEE 802.1p: Sobre la prioridad de tr\u00e1fico de la segunda capa del protocolo Qos \/ Cos (filtrado multicast).<\/p><p>IEEE 802.1q: funcionamiento del puente VLAN<\/p><p>IEEE 802.1d: \u00c1rbol de expansi\u00f3n STP<\/p><p>IEEE 802.1s: \u00c1rbol de expansi\u00f3n MSTP<\/p><p>IEEE 802.1w: \u00c1rbol de expansi\u00f3n RSTP<\/p><p>IEEE 802.3af<\/p><p>IEEE 802.3at<\/p><\/td><\/tr><tr><td><p><strong>Bot\u00f3n AI<\/strong><\/p><\/td><td><p>AI Loop Protect<\/p><p>AI PoE<\/p><p>AI VLAN<\/p><p>AI Ampliar<\/p><\/td><\/tr><tr><td><p><strong>DHCP<\/strong><\/p><\/td><td><p>Snooping DHCP<\/p><\/td><\/tr><tr><td><p><strong>VLAN<\/strong><\/p><\/td><td><p>4K VLAN<\/p><p>802.1Q VLAN\u3001MAC VLAN ,IP VLAN<\/p><p>VLAN de voz<\/p><\/td><\/tr><tr><td><p><strong>Tabla MAC<\/strong><\/p><\/td><td><p>IEEE 802.1d<\/p><p>Admite el aprendizaje y envejecimiento autom\u00e1ticos de direcciones MAC<\/p><p>Admite tablas de direcciones est\u00e1ticas, din\u00e1micas y de filtrado<\/p><\/td><\/tr><tr><td><p><strong>Seguridad<\/strong><\/p><\/td><td><p>Protecci\u00f3n por contrase\u00f1a<\/p><p>Rechazar el acceso de usuarios por n\u00famero de puerto, direcci\u00f3n IP y direcci\u00f3n MAC HTTPS\u3001SSL V3\u3001TLS V1\u3001SSH V1\/V2<\/p><p>Soporta enlace ternario IP-MAC-PORT<\/p><p>ARP Protection\u3001IP source Protection\u3001DoS Protection Soporte DHCP Snooping y protecci\u00f3n contra ataques DHCP<\/p><p>Soporta autenticaci\u00f3n 802.1X, AAA<\/p><p>Seguridad y aislamiento de puertos<\/p><p>Protecci\u00f3n de la CPU<\/p><\/td><\/tr><tr><td colspan=\"2\"><p><strong>Software<\/strong><\/p><\/td><\/tr><tr><td><p><strong>PoE<\/strong> <strong>Gesti\u00f3n<\/strong><\/p><\/td><td><p>Soporta l\u00edmite de potencia total PoE<\/p><p>Soporta vista de estado de chip PoE<\/p><p>Soporta configuraci\u00f3n de prioridad de puerto PoE<\/p><p>Admite la configuraci\u00f3n del periodo de tiempo de alimentaci\u00f3n PoE<\/p><\/td><\/tr><tr><td><p><strong>ACL<\/strong><\/p><\/td><td><p>Soporta funci\u00f3n de filtrado de paquetes L2 (Capa 2) ~ L4 (Capa 4) Soporta duplicaci\u00f3n de puertos, redirecci\u00f3n de puertos, l\u00edmite de caudal, remarcado QoS<\/p><\/td><\/tr><tr><td><p><strong>QoS<\/strong><\/p><\/td><td><p>Admite colas de 16 puertos<\/p><p>Soporta prioridad de puerto, prioridad 802.1P, prioridad DSCP<\/p><p>Soporta SP, RR, WRR, algoritmo de programaci\u00f3n prioritaria<\/p><\/td><\/tr><tr><td><p>\u00a0<\/p><p><strong>\u00c1rbol de expansi\u00f3n<\/strong><\/p><\/td><td><p>Soporta STP(IEEE 802.1d) \uff0cRSTP(IEEE 802.1w) y MSTP(IEEE 802.1s)<\/p><p>Soporta protecci\u00f3n de bucle, protecci\u00f3n de puente ra\u00edz, protecci\u00f3n TC, protecci\u00f3n BPDU, filtrado BPDU<\/p><\/td><\/tr><tr><td><p><strong>Multidifusi\u00f3n<\/strong><\/p><\/td><td><p>Soporta IGMP v1\/v2 Snooping<\/p><p>Admite VLAN multidifusi\u00f3n<\/p><p>Admite filtrado multicast, estad\u00edsticas de paquetes y descartes multicast desconocidos<\/p><\/td><\/tr><tr><td><p><strong>Supresi\u00f3n de tormentas<\/strong><\/p><\/td><td><p>Supresi\u00f3n de multidifusi\u00f3n<\/p><p>Supresi\u00f3n de emisiones<\/p><p>Supresi\u00f3n de unidifusi\u00f3n desconocida<\/p><\/td><\/tr><tr><td><p><strong>Agregaci\u00f3n de enlaces<\/strong><\/p><\/td><td><p>Agregaci\u00f3n est\u00e1tica<\/p><p>Agregaci\u00f3n din\u00e1mica<\/p><p>Admite los modos de equilibrio de carga IP, MAC e h\u00edbrido<\/p><p>Hasta 32 grupos de agregaci\u00f3n<\/p><\/td><\/tr><tr><td><p><strong>IPv6<\/strong><\/p><\/td><td><p>IPv6 Ping\u3001IPv6 Tracert\u3001IPv6 Telnet<\/p><p>IPv6 SSH \u3001IPv6 SSL<\/p><\/td><\/tr><tr><td><p><strong>Gesti\u00f3n y<\/strong> <strong>Mantenimiento<\/strong><\/p><\/td><td><p>Gesti\u00f3n WEB\uff08 HTTP\u3001HTTPS\u3001SSL V3 \uff09<\/p><p>CLI\uff08 Telnet, SSH V1\/V2, Puerto serie local\uff09<\/p><p>SNMP V1\/V2\/V3<\/p><p>LLDP\u3001RMON<\/p><p>Protecci\u00f3n ARP, protecci\u00f3n de la fuente IP, protecci\u00f3n DoS<\/p><p>Supervisi\u00f3n de la CPU, supervisi\u00f3n de la memoria<\/p><p>Registro del sistema, aviso de clasificaci\u00f3n<\/p><p>Soporta Ping, detecci\u00f3n Tracert, detecci\u00f3n de cables<\/p><\/td><\/tr><\/tbody><\/table>\t\t\t\t\t\t\t\t<\/div>\n\t\t\t\t<\/div>\n\t\t\t\t\t<\/div>\n\t\t\t\t<\/div>\n\t\t\t\t<\/div>","protected":false},"excerpt":{"rendered":"<ul>\n<li>16 puertos RJ45 a 10\/100\/1000 Mbps (POE), 4 puertos de fibra \u00f3ptica Gigabit SFP<\/li>\n<li>Dise\u00f1o personalizado de peque\u00f1o volumen, despliegue flexible en espacios reducidos<\/li>\n<li>Sin ventilador, disipaci\u00f3n natural del calor, silencioso y de bajo consumo<\/li>\n<li>Diversas estrategias de protecci\u00f3n de la seguridad garantizan un funcionamiento estable y altamente fiable de los equipos<\/li>\n<li>Numerosas funciones de red y seguridad<\/li>\n<li>Conexi\u00f3n en red flexible y gesti\u00f3n sencilla<\/li>\n<\/ul>","protected":false},"featured_media":28874,"template":"","meta":[],"product_brand":[],"product_cat":[584],"product_tag":[],"class_list":{"0":"post-28726","1":"product","2":"type-product","3":"status-publish","4":"has-post-thumbnail","6":"product_cat-industrial-switch","7":"pa_series-industrial-poe-series","9":"first","10":"instock","11":"shipping-taxable","12":"product-type-simple"},"_links":{"self":[{"href":"https:\/\/foredgetech.com\/es\/wp-json\/wp\/v2\/product\/28726","targetHints":{"allow":["GET"]}}],"collection":[{"href":"https:\/\/foredgetech.com\/es\/wp-json\/wp\/v2\/product"}],"about":[{"href":"https:\/\/foredgetech.com\/es\/wp-json\/wp\/v2\/types\/product"}],"version-history":[{"count":2,"href":"https:\/\/foredgetech.com\/es\/wp-json\/wp\/v2\/product\/28726\/revisions"}],"predecessor-version":[{"id":34167,"href":"https:\/\/foredgetech.com\/es\/wp-json\/wp\/v2\/product\/28726\/revisions\/34167"}],"wp:featuredmedia":[{"embeddable":true,"href":"https:\/\/foredgetech.com\/es\/wp-json\/wp\/v2\/media\/28874"}],"wp:attachment":[{"href":"https:\/\/foredgetech.com\/es\/wp-json\/wp\/v2\/media?parent=28726"}],"wp:term":[{"taxonomy":"product_brand","embeddable":true,"href":"https:\/\/foredgetech.com\/es\/wp-json\/wp\/v2\/product_brand?post=28726"},{"taxonomy":"product_cat","embeddable":true,"href":"https:\/\/foredgetech.com\/es\/wp-json\/wp\/v2\/product_cat?post=28726"},{"taxonomy":"product_tag","embeddable":true,"href":"https:\/\/foredgetech.com\/es\/wp-json\/wp\/v2\/product_tag?post=28726"}],"curies":[{"name":"wp","href":"https:\/\/api.w.org\/{rel}","templated":true}]}}