{"id":27700,"date":"2024-01-02T09:15:11","date_gmt":"2024-01-02T09:15:11","guid":{"rendered":"https:\/\/foredgetech.com\/?post_type=product&#038;p=27700"},"modified":"2025-10-13T11:06:28","modified_gmt":"2025-10-13T11:06:28","slug":"ai6024","status":"publish","type":"product","link":"https:\/\/foredgetech.com\/es\/producto\/ai6024\/","title":{"rendered":"AI6024 Conmutador PoE AI de 24 puertos 100M bps"},"content":{"rendered":"<div data-elementor-type=\"wp-post\" data-elementor-id=\"27700\" class=\"elementor elementor-27700\">\n\t\t\t\t\t\t<section class=\"elementor-section elementor-top-section elementor-element elementor-element-5058e617 elementor-section-full_width elementor-section-gap-beside-no elementor-section-height-default elementor-section-height-default elementor-section-column-vertical-align-stretch\" data-id=\"5058e617\" data-element_type=\"section\">\n\t\t\t\t\t\t<div class=\"elementor-container elementor-column-gap-extended\">\n\t\t\t\t\t<div class=\"elementor-column elementor-col-33 elementor-top-column elementor-element elementor-element-f61c77a\" data-id=\"f61c77a\" data-element_type=\"column\">\n\t\t\t<div class=\"elementor-widget-wrap elementor-element-populated\">\n\t\t\t\t\t\t<div class=\"elementor-element elementor-element-12229f05 elementor-widget elementor-widget-tm-modern-image\" data-id=\"12229f05\" data-element_type=\"widget\" data-widget_type=\"tm-modern-image.default\">\n\t\t\t\t<div class=\"elementor-widget-container\">\n\t\t\t\t\t\t\t<div class=\"tm-modern-image\">\n\t\t\t\t\t\t\t<div class=\"minimog-box\">\n\t\t\t\t\t<div class=\"minimog-image\">\t\t\t\t\t<m-image class=\"minimog-lazy-image\" style=\"--lazy-image-width: 300px;--lazy-image-height: 83.333333333333%;\" data-image-loading><img decoding=\"async\"  data-src=\"https:\/\/foredgetech.com\/wp-content\/uploads\/2024\/01\/AI6024P250-EN_.png\" width=\"300\" height=\"250\" alt=\"AI6024P250 EN_\" class=\"attachment-full size-full lazyload\" src=\"data:image\/svg+xml;base64,PHN2ZyB3aWR0aD0iMSIgaGVpZ2h0PSIxIiB4bWxucz0iaHR0cDovL3d3dy53My5vcmcvMjAwMC9zdmciPjwvc3ZnPg==\" style=\"--smush-placeholder-width: 300px; --smush-placeholder-aspect-ratio: 300\/250;\" \/><\/m-image>\t\t\t\t\t<\/div>\t\t\t\t<\/div>\n\t\t\t\t\t\t\t\t\t\t<\/div>\n\t\t\t\t\t\t<\/div>\n\t\t\t\t<\/div>\n\t\t\t\t\t<\/div>\n\t\t<\/div>\n\t\t\t\t<div class=\"elementor-column elementor-col-66 elementor-top-column elementor-element elementor-element-78bc78c2\" data-id=\"78bc78c2\" data-element_type=\"column\">\n\t\t\t<div class=\"elementor-widget-wrap elementor-element-populated\">\n\t\t\t\t\t\t<div class=\"elementor-element elementor-element-2052b071 elementor-widget elementor-widget-tm-heading\" data-id=\"2052b071\" data-element_type=\"widget\" data-widget_type=\"tm-heading.default\">\n\t\t\t\t<div class=\"elementor-widget-container\">\n\t\t\t\t\t\t\t<div class=\"tm-modern-heading tm-modern-heading--style-01 tm-modern-heading--highlight-style-01\">\n\t\t\t\n\t\t\t\t\t<div class=\"heading-primary-wrap\">\n\t\t\t<h4 class=\"heading-primary elementor-heading-title\">Visi\u00f3n general<\/h4>\t\t<\/div>\n\t\t\n\t\t\t\n\t\t\t\t\t<\/div>\n\t\t\t\t\t\t<\/div>\n\t\t\t\t<\/div>\n\t\t\t\t<div class=\"elementor-element elementor-element-7c6ab884 elementor-widget elementor-widget-text-editor\" data-id=\"7c6ab884\" data-element_type=\"widget\" data-widget_type=\"text-editor.default\">\n\t\t\t\t<div class=\"elementor-widget-container\">\n\t\t\t\t\t\t\t\t\t<p>El producto tiene 24 puertos PoE 100M, 2 puertos gigabit RJ45 y 1 puerto gigabit SFP (25 puertos son gigabit combo)<\/p>\t\t\t\t\t\t\t\t<\/div>\n\t\t\t\t<\/div>\n\t\t\t\t<section class=\"elementor-section elementor-inner-section elementor-element elementor-element-2afe0aab elementor-section-gap-beside-no elementor-section-full_width elementor-section-height-default elementor-section-height-default elementor-section-column-vertical-align-stretch\" data-id=\"2afe0aab\" data-element_type=\"section\">\n\t\t\t\t\t\t<div class=\"elementor-container elementor-column-gap-extended\">\n\t\t\t\t\t<div class=\"elementor-column elementor-col-33 elementor-inner-column elementor-element elementor-element-7751e85f\" data-id=\"7751e85f\" data-element_type=\"column\">\n\t\t\t<div class=\"elementor-widget-wrap elementor-element-populated\">\n\t\t\t\t\t\t<div class=\"elementor-element elementor-element-d07ae98 elementor-widget elementor-widget-tm-heading\" data-id=\"d07ae98\" data-element_type=\"widget\" data-widget_type=\"tm-heading.default\">\n\t\t\t\t<div class=\"elementor-widget-container\">\n\t\t\t\t\t\t\t<div class=\"tm-modern-heading tm-modern-heading--style-01 tm-modern-heading--highlight-style-01\">\n\t\t\t\n\t\t\t\t\t<div class=\"heading-primary-wrap\">\n\t\t\t<h6 class=\"heading-primary elementor-heading-title\">Ancho de banda del backplane del conmutador<\/h6>\t\t<\/div>\n\t\t\n\t\t\t\n\t\t\t\t\t<div class=\"heading-description-wrap\">\n\t\t\t<div class=\"heading-description\">\n\t\t\t\t<p>8,8 Gbps<\/p>\t\t\t<\/div>\n\t\t<\/div>\n\t\t\t\t<\/div>\n\t\t\t\t\t\t<\/div>\n\t\t\t\t<\/div>\n\t\t\t\t<div class=\"elementor-element elementor-element-7cf8fe9 elementor-widget elementor-widget-tm-heading\" data-id=\"7cf8fe9\" data-element_type=\"widget\" data-widget_type=\"tm-heading.default\">\n\t\t\t\t<div class=\"elementor-widget-container\">\n\t\t\t\t\t\t\t<div class=\"tm-modern-heading tm-modern-heading--style-01 tm-modern-heading--highlight-style-01\">\n\t\t\t\n\t\t\t\t\t<div class=\"heading-primary-wrap\">\n\t\t\t<h6 class=\"heading-primary elementor-heading-title\">Humedad de trabajo<\/h6>\t\t<\/div>\n\t\t\n\t\t\t\n\t\t\t\t\t<div class=\"heading-description-wrap\">\n\t\t\t<div class=\"heading-description\">\n\t\t\t\t<p>10% ~ 90% HR sin condensaci\u00f3n<\/p>\t\t\t<\/div>\n\t\t<\/div>\n\t\t\t\t<\/div>\n\t\t\t\t\t\t<\/div>\n\t\t\t\t<\/div>\n\t\t\t\t\t<\/div>\n\t\t<\/div>\n\t\t\t\t<div class=\"elementor-column elementor-col-33 elementor-inner-column elementor-element elementor-element-c6e3a56\" data-id=\"c6e3a56\" data-element_type=\"column\">\n\t\t\t<div class=\"elementor-widget-wrap elementor-element-populated\">\n\t\t\t\t\t\t<div class=\"elementor-element elementor-element-44fb51c6 elementor-widget elementor-widget-tm-heading\" data-id=\"44fb51c6\" data-element_type=\"widget\" data-widget_type=\"tm-heading.default\">\n\t\t\t\t<div class=\"elementor-widget-container\">\n\t\t\t\t\t\t\t<div class=\"tm-modern-heading tm-modern-heading--style-01 tm-modern-heading--highlight-style-01\">\n\t\t\t\n\t\t\t\t\t<div class=\"heading-primary-wrap\">\n\t\t\t<h6 class=\"heading-primary elementor-heading-title\">Reenv\u00edo de paquetes<\/h6>\t\t<\/div>\n\t\t\n\t\t\t\n\t\t\t\t\t<div class=\"heading-description-wrap\">\n\t\t\t<div class=\"heading-description\">\n\t\t\t\t<p>6,55Mpps<\/p>\t\t\t<\/div>\n\t\t<\/div>\n\t\t\t\t<\/div>\n\t\t\t\t\t\t<\/div>\n\t\t\t\t<\/div>\n\t\t\t\t<div class=\"elementor-element elementor-element-2de3256a elementor-widget elementor-widget-tm-heading\" data-id=\"2de3256a\" data-element_type=\"widget\" data-widget_type=\"tm-heading.default\">\n\t\t\t\t<div class=\"elementor-widget-container\">\n\t\t\t\t\t\t\t<div class=\"tm-modern-heading tm-modern-heading--style-01 tm-modern-heading--highlight-style-01\">\n\t\t\t\n\t\t\t\t\t<div class=\"heading-primary-wrap\">\n\t\t\t<h6 class=\"heading-primary elementor-heading-title\">Dimensiones (An \u00d7 Pr \u00d7 Al)<\/h6>\t\t<\/div>\n\t\t\n\t\t\t\n\t\t\t\t\t<div class=\"heading-description-wrap\">\n\t\t\t<div class=\"heading-description\">\n\t\t\t\t<p>440mm*180mm*44mm<\/p>\t\t\t<\/div>\n\t\t<\/div>\n\t\t\t\t<\/div>\n\t\t\t\t\t\t<\/div>\n\t\t\t\t<\/div>\n\t\t\t\t<div class=\"elementor-element elementor-element-453d78ca elementor-widget elementor-widget-spacer\" data-id=\"453d78ca\" data-element_type=\"widget\" data-widget_type=\"spacer.default\">\n\t\t\t\t<div class=\"elementor-widget-container\">\n\t\t\t\t\t\t\t<div class=\"elementor-spacer\">\n\t\t\t<div class=\"elementor-spacer-inner\"><\/div>\n\t\t<\/div>\n\t\t\t\t\t\t<\/div>\n\t\t\t\t<\/div>\n\t\t\t\t\t<\/div>\n\t\t<\/div>\n\t\t\t\t<div class=\"elementor-column elementor-col-33 elementor-inner-column elementor-element elementor-element-63d177a8\" data-id=\"63d177a8\" data-element_type=\"column\">\n\t\t\t<div class=\"elementor-widget-wrap elementor-element-populated\">\n\t\t\t\t\t\t<div class=\"elementor-element elementor-element-47145555 elementor-widget elementor-widget-tm-heading\" data-id=\"47145555\" data-element_type=\"widget\" data-widget_type=\"tm-heading.default\">\n\t\t\t\t<div class=\"elementor-widget-container\">\n\t\t\t\t\t\t\t<div class=\"tm-modern-heading tm-modern-heading--style-01 tm-modern-heading--highlight-style-01\">\n\t\t\t\n\t\t\t\t\t<div class=\"heading-primary-wrap\">\n\t\t\t<h6 class=\"heading-primary elementor-heading-title\">puerto de conmutador<\/h6>\t\t<\/div>\n\t\t\n\t\t\t\n\t\t\t\t\t<div class=\"heading-description-wrap\">\n\t\t\t<div class=\"heading-description\">\n\t\t\t\t<p>24 puertos RJ45 con 10\/100 Mbps<\/p><p>2 puertos RJ45 con 10\/100\/1000Mbps<\/p><p>1 puerto de fibra \u00f3ptica Gigabit SFP (multiplexaci\u00f3n)<\/p>\t\t\t<\/div>\n\t\t<\/div>\n\t\t\t\t<\/div>\n\t\t\t\t\t\t<\/div>\n\t\t\t\t<\/div>\n\t\t\t\t\t<\/div>\n\t\t<\/div>\n\t\t\t\t\t<\/div>\n\t\t<\/section>\n\t\t\t\t\t<\/div>\n\t\t<\/div>\n\t\t\t\t\t<\/div>\n\t\t<\/section>\n\t\t<div class=\"elementor-element elementor-element-1b74d531 e-flex e-con-boxed e-con e-parent\" data-id=\"1b74d531\" data-element_type=\"container\">\n\t\t\t\t\t<div class=\"e-con-inner\">\n\t\t\t\t<div class=\"elementor-element elementor-element-aaf7427 elementor-widget elementor-widget-image\" data-id=\"aaf7427\" data-element_type=\"widget\" data-widget_type=\"image.default\">\n\t\t\t\t<div class=\"elementor-widget-container\">\n\t\t\t\t\t\t\t\t\t\t\t\t\t\t\t<img fetchpriority=\"high\" decoding=\"async\" width=\"1920\" height=\"756\" src=\"https:\/\/foredgetech.com\/wp-content\/uploads\/2024\/01\/A1-17.jpg\" class=\"attachment-full size-full wp-image-30879\" alt=\"\" srcset=\"https:\/\/foredgetech.com\/wp-content\/uploads\/2024\/01\/A1-17.jpg 1920w, https:\/\/foredgetech.com\/wp-content\/uploads\/2024\/01\/A1-17-150x59.jpg 150w, https:\/\/foredgetech.com\/wp-content\/uploads\/2024\/01\/A1-17-600x236.jpg 600w, https:\/\/foredgetech.com\/wp-content\/uploads\/2024\/01\/A1-17-300x118.jpg 300w, https:\/\/foredgetech.com\/wp-content\/uploads\/2024\/01\/A1-17-768x302.jpg 768w, https:\/\/foredgetech.com\/wp-content\/uploads\/2024\/01\/A1-17-1536x605.jpg 1536w\" sizes=\"(max-width: 1920px) 100vw, 1920px\" \/>\t\t\t\t\t\t\t\t\t\t\t\t\t\t\t<\/div>\n\t\t\t\t<\/div>\n\t\t\t\t<div class=\"elementor-element elementor-element-32289a0 elementor-widget elementor-widget-image\" data-id=\"32289a0\" data-element_type=\"widget\" data-widget_type=\"image.default\">\n\t\t\t\t<div class=\"elementor-widget-container\">\n\t\t\t\t\t\t\t\t\t\t\t\t\t\t\t<img decoding=\"async\" width=\"1920\" height=\"756\" data-src=\"https:\/\/foredgetech.com\/wp-content\/uploads\/2024\/01\/B2-\u662f\u9152\u5e97\u3001\u6821\u56ed\u3001\u5de5\u5382\u5bbf\u820d\u3001\u4e2d\u5c0f\u4f01\u4e1a-7.jpg\" class=\"attachment-full size-full wp-image-30880 lazyload\" alt=\"\" data-srcset=\"https:\/\/foredgetech.com\/wp-content\/uploads\/2024\/01\/B2-\u662f\u9152\u5e97\u3001\u6821\u56ed\u3001\u5de5\u5382\u5bbf\u820d\u3001\u4e2d\u5c0f\u4f01\u4e1a-7.jpg 1920w, https:\/\/foredgetech.com\/wp-content\/uploads\/2024\/01\/B2-\u662f\u9152\u5e97\u3001\u6821\u56ed\u3001\u5de5\u5382\u5bbf\u820d\u3001\u4e2d\u5c0f\u4f01\u4e1a-7-150x59.jpg 150w, https:\/\/foredgetech.com\/wp-content\/uploads\/2024\/01\/B2-\u662f\u9152\u5e97\u3001\u6821\u56ed\u3001\u5de5\u5382\u5bbf\u820d\u3001\u4e2d\u5c0f\u4f01\u4e1a-7-600x236.jpg 600w, https:\/\/foredgetech.com\/wp-content\/uploads\/2024\/01\/B2-\u662f\u9152\u5e97\u3001\u6821\u56ed\u3001\u5de5\u5382\u5bbf\u820d\u3001\u4e2d\u5c0f\u4f01\u4e1a-7-300x118.jpg 300w, https:\/\/foredgetech.com\/wp-content\/uploads\/2024\/01\/B2-\u662f\u9152\u5e97\u3001\u6821\u56ed\u3001\u5de5\u5382\u5bbf\u820d\u3001\u4e2d\u5c0f\u4f01\u4e1a-7-768x302.jpg 768w, https:\/\/foredgetech.com\/wp-content\/uploads\/2024\/01\/B2-\u662f\u9152\u5e97\u3001\u6821\u56ed\u3001\u5de5\u5382\u5bbf\u820d\u3001\u4e2d\u5c0f\u4f01\u4e1a-7-1536x605.jpg 1536w\" data-sizes=\"(max-width: 1920px) 100vw, 1920px\" src=\"data:image\/svg+xml;base64,PHN2ZyB3aWR0aD0iMSIgaGVpZ2h0PSIxIiB4bWxucz0iaHR0cDovL3d3dy53My5vcmcvMjAwMC9zdmciPjwvc3ZnPg==\" style=\"--smush-placeholder-width: 1920px; --smush-placeholder-aspect-ratio: 1920\/756;\" \/>\t\t\t\t\t\t\t\t\t\t\t\t\t\t\t<\/div>\n\t\t\t\t<\/div>\n\t\t\t\t<div class=\"elementor-element elementor-element-1e4f010 elementor-widget elementor-widget-image\" data-id=\"1e4f010\" data-element_type=\"widget\" data-widget_type=\"image.default\">\n\t\t\t\t<div class=\"elementor-widget-container\">\n\t\t\t\t\t\t\t\t\t\t\t\t\t\t\t<img decoding=\"async\" width=\"1920\" height=\"756\" data-src=\"https:\/\/foredgetech.com\/wp-content\/uploads\/2024\/01\/C3-1-\u7aef\u53e3\u5206\u533a-7.jpg\" class=\"attachment-full size-full wp-image-30881 lazyload\" alt=\"\" data-srcset=\"https:\/\/foredgetech.com\/wp-content\/uploads\/2024\/01\/C3-1-\u7aef\u53e3\u5206\u533a-7.jpg 1920w, https:\/\/foredgetech.com\/wp-content\/uploads\/2024\/01\/C3-1-\u7aef\u53e3\u5206\u533a-7-150x59.jpg 150w, https:\/\/foredgetech.com\/wp-content\/uploads\/2024\/01\/C3-1-\u7aef\u53e3\u5206\u533a-7-600x236.jpg 600w, https:\/\/foredgetech.com\/wp-content\/uploads\/2024\/01\/C3-1-\u7aef\u53e3\u5206\u533a-7-300x118.jpg 300w, https:\/\/foredgetech.com\/wp-content\/uploads\/2024\/01\/C3-1-\u7aef\u53e3\u5206\u533a-7-768x302.jpg 768w, https:\/\/foredgetech.com\/wp-content\/uploads\/2024\/01\/C3-1-\u7aef\u53e3\u5206\u533a-7-1536x605.jpg 1536w\" data-sizes=\"(max-width: 1920px) 100vw, 1920px\" src=\"data:image\/svg+xml;base64,PHN2ZyB3aWR0aD0iMSIgaGVpZ2h0PSIxIiB4bWxucz0iaHR0cDovL3d3dy53My5vcmcvMjAwMC9zdmciPjwvc3ZnPg==\" style=\"--smush-placeholder-width: 1920px; --smush-placeholder-aspect-ratio: 1920\/756;\" \/>\t\t\t\t\t\t\t\t\t\t\t\t\t\t\t<\/div>\n\t\t\t\t<\/div>\n\t\t\t\t<div class=\"elementor-element elementor-element-be80322 elementor-widget elementor-widget-image\" data-id=\"be80322\" data-element_type=\"widget\" data-widget_type=\"image.default\">\n\t\t\t\t<div class=\"elementor-widget-container\">\n\t\t\t\t\t\t\t\t\t\t\t\t\t\t\t<img decoding=\"async\" width=\"1920\" height=\"756\" data-src=\"https:\/\/foredgetech.com\/wp-content\/uploads\/2024\/01\/D4-1-\u5b8c\u5584\u7684\u5b89\u5168\u673a\u5236-9.jpg\" class=\"attachment-full size-full wp-image-30882 lazyload\" alt=\"\" data-srcset=\"https:\/\/foredgetech.com\/wp-content\/uploads\/2024\/01\/D4-1-\u5b8c\u5584\u7684\u5b89\u5168\u673a\u5236-9.jpg 1920w, https:\/\/foredgetech.com\/wp-content\/uploads\/2024\/01\/D4-1-\u5b8c\u5584\u7684\u5b89\u5168\u673a\u5236-9-150x59.jpg 150w, https:\/\/foredgetech.com\/wp-content\/uploads\/2024\/01\/D4-1-\u5b8c\u5584\u7684\u5b89\u5168\u673a\u5236-9-600x236.jpg 600w, https:\/\/foredgetech.com\/wp-content\/uploads\/2024\/01\/D4-1-\u5b8c\u5584\u7684\u5b89\u5168\u673a\u5236-9-300x118.jpg 300w, https:\/\/foredgetech.com\/wp-content\/uploads\/2024\/01\/D4-1-\u5b8c\u5584\u7684\u5b89\u5168\u673a\u5236-9-768x302.jpg 768w, https:\/\/foredgetech.com\/wp-content\/uploads\/2024\/01\/D4-1-\u5b8c\u5584\u7684\u5b89\u5168\u673a\u5236-9-1536x605.jpg 1536w\" data-sizes=\"(max-width: 1920px) 100vw, 1920px\" src=\"data:image\/svg+xml;base64,PHN2ZyB3aWR0aD0iMSIgaGVpZ2h0PSIxIiB4bWxucz0iaHR0cDovL3d3dy53My5vcmcvMjAwMC9zdmciPjwvc3ZnPg==\" style=\"--smush-placeholder-width: 1920px; --smush-placeholder-aspect-ratio: 1920\/756;\" \/>\t\t\t\t\t\t\t\t\t\t\t\t\t\t\t<\/div>\n\t\t\t\t<\/div>\n\t\t\t\t<div class=\"elementor-element elementor-element-2efe33c elementor-widget elementor-widget-image\" data-id=\"2efe33c\" data-element_type=\"widget\" data-widget_type=\"image.default\">\n\t\t\t\t<div class=\"elementor-widget-container\">\n\t\t\t\t\t\t\t\t\t\t\t\t\t\t\t<img decoding=\"async\" width=\"1920\" height=\"756\" data-src=\"https:\/\/foredgetech.com\/wp-content\/uploads\/2024\/01\/D4-poe-5.jpg\" class=\"attachment-full size-full wp-image-30883 lazyload\" alt=\"\" data-srcset=\"https:\/\/foredgetech.com\/wp-content\/uploads\/2024\/01\/D4-poe-5.jpg 1920w, https:\/\/foredgetech.com\/wp-content\/uploads\/2024\/01\/D4-poe-5-150x59.jpg 150w, https:\/\/foredgetech.com\/wp-content\/uploads\/2024\/01\/D4-poe-5-600x236.jpg 600w, https:\/\/foredgetech.com\/wp-content\/uploads\/2024\/01\/D4-poe-5-300x118.jpg 300w, https:\/\/foredgetech.com\/wp-content\/uploads\/2024\/01\/D4-poe-5-768x302.jpg 768w, https:\/\/foredgetech.com\/wp-content\/uploads\/2024\/01\/D4-poe-5-1536x605.jpg 1536w\" data-sizes=\"(max-width: 1920px) 100vw, 1920px\" src=\"data:image\/svg+xml;base64,PHN2ZyB3aWR0aD0iMSIgaGVpZ2h0PSIxIiB4bWxucz0iaHR0cDovL3d3dy53My5vcmcvMjAwMC9zdmciPjwvc3ZnPg==\" style=\"--smush-placeholder-width: 1920px; --smush-placeholder-aspect-ratio: 1920\/756;\" \/>\t\t\t\t\t\t\t\t\t\t\t\t\t\t\t<\/div>\n\t\t\t\t<\/div>\n\t\t\t\t<div class=\"elementor-element elementor-element-e25c6be elementor-widget elementor-widget-image\" data-id=\"e25c6be\" data-element_type=\"widget\" data-widget_type=\"image.default\">\n\t\t\t\t<div class=\"elementor-widget-container\">\n\t\t\t\t\t\t\t\t\t\t\t\t\t\t\t<img decoding=\"async\" width=\"1920\" height=\"756\" data-src=\"https:\/\/foredgetech.com\/wp-content\/uploads\/2024\/01\/E5-\u6e29\u5dee-\u6781\u70ed\u6781\u5bd2-5.jpg\" class=\"attachment-full size-full wp-image-30884 lazyload\" alt=\"\" data-srcset=\"https:\/\/foredgetech.com\/wp-content\/uploads\/2024\/01\/E5-\u6e29\u5dee-\u6781\u70ed\u6781\u5bd2-5.jpg 1920w, https:\/\/foredgetech.com\/wp-content\/uploads\/2024\/01\/E5-\u6e29\u5dee-\u6781\u70ed\u6781\u5bd2-5-150x59.jpg 150w, https:\/\/foredgetech.com\/wp-content\/uploads\/2024\/01\/E5-\u6e29\u5dee-\u6781\u70ed\u6781\u5bd2-5-600x236.jpg 600w, https:\/\/foredgetech.com\/wp-content\/uploads\/2024\/01\/E5-\u6e29\u5dee-\u6781\u70ed\u6781\u5bd2-5-300x118.jpg 300w, https:\/\/foredgetech.com\/wp-content\/uploads\/2024\/01\/E5-\u6e29\u5dee-\u6781\u70ed\u6781\u5bd2-5-768x302.jpg 768w, https:\/\/foredgetech.com\/wp-content\/uploads\/2024\/01\/E5-\u6e29\u5dee-\u6781\u70ed\u6781\u5bd2-5-1536x605.jpg 1536w\" data-sizes=\"(max-width: 1920px) 100vw, 1920px\" src=\"data:image\/svg+xml;base64,PHN2ZyB3aWR0aD0iMSIgaGVpZ2h0PSIxIiB4bWxucz0iaHR0cDovL3d3dy53My5vcmcvMjAwMC9zdmciPjwvc3ZnPg==\" style=\"--smush-placeholder-width: 1920px; --smush-placeholder-aspect-ratio: 1920\/756;\" \/>\t\t\t\t\t\t\t\t\t\t\t\t\t\t\t<\/div>\n\t\t\t\t<\/div>\n\t\t\t\t\t<\/div>\n\t\t\t\t<\/div>\n\t\t<div class=\"elementor-element elementor-element-4ce676b e-flex e-con-boxed e-con e-parent\" data-id=\"4ce676b\" data-element_type=\"container\">\n\t\t\t\t\t<div class=\"e-con-inner\">\n\t\t\t\t<div class=\"elementor-element elementor-element-142864b elementor-widget elementor-widget-heading\" data-id=\"142864b\" data-element_type=\"widget\" data-widget_type=\"heading.default\">\n\t\t\t\t<div class=\"elementor-widget-container\">\n\t\t\t\t\t<h2 class=\"elementor-heading-title elementor-size-default\">Especificaciones<\/h2>\t\t\t\t<\/div>\n\t\t\t\t<\/div>\n\t\t\t\t<div class=\"elementor-element elementor-element-c85a48f elementor-widget elementor-widget-text-editor\" data-id=\"c85a48f\" data-element_type=\"widget\" data-widget_type=\"text-editor.default\">\n\t\t\t\t<div class=\"elementor-widget-container\">\n\t\t\t\t\t\t\t\t\t<table><tbody><tr><td><p><strong>Red<\/strong><\/p><p><strong>interfaz<\/strong><\/p><\/td><td><p>\u25cf 24 10\/100Mbps RJ45 puertos PoE, de los cuales 17-24 puertos pueden soportar 100M ultra larga distancia, 500 metros de distancia de transmisi\u00f3n (utilizado con divisor de larga distancia).<\/p><p>\u25cf 2 puertos RJ45 10\/100\/1000Mbps<\/p><p>\u25cf 1 puerto Gigabit SFP Combo<\/p><\/td><\/tr><tr><td><p><strong>protocolo<\/strong><\/p><\/td><td><p>\u25cf IEEE 802.3i\u3001 IEEE 802.3u\u3001IEEE 802.3x\u3001IEEE 802.3z\u3001 IEEE 802.3ab\u3001IEEE 802.3af\u3001IEEE 802.3at<\/p><\/td><\/tr><tr><td><p><strong>Rendimiento<\/strong><strong>\u00a0\u00a0 Especificaciones<\/strong><\/p><\/td><td><p>\u25cf Ancho de banda de backplane: 8,8 Gbps (sin bloqueo).<\/p><p>\u25cf Velocidad de reenv\u00edo de paquetes: 6,5Mpps<\/p><p>\u25cf Tabla de direcciones MAC: 8K<\/p><p>\u25cf Modo de reenv\u00edo: almacenar y reenviar.<\/p><\/td><\/tr><tr><td><p><strong>LED<\/strong><\/p><p><strong>indicador<\/strong><\/p><\/td><td><p>\u25cf 26 Indicadores Link\/Act.<\/p><p>\u25cf 24 indicadores PoE<\/p><p>\u25cf 1 Luz de encendido<\/p><\/td><\/tr><tr><td><p><strong>PoE<\/strong><strong>\u00a0<\/strong><strong>Pin<\/strong><\/p><\/td><td><p>\u25cf 1\/2( +) \uff0c3\/6(-)<\/p><\/td><\/tr><tr><td><p><strong>Potencia<\/strong><\/p><p><strong>Suministro<\/strong><\/p><\/td><td><p>\u25cf Potencia m\u00e1xima de salida de un solo puerto: 30 W.<\/p><p>\u25cf La potencia m\u00e1xima de toda la m\u00e1quina: 250W.<\/p><\/td><\/tr><tr><td><p><strong>Talla<\/strong><\/p><\/td><td><p>LxAnxAl \u25cf\uff08\uff09\uff1a440mm*180mm*44mm<\/p><\/td><\/tr><tr><td><p><strong>Medio ambiente<\/strong> <strong>Especificaciones<\/strong><\/p><\/td><td><p>\u25cf Temperatura de trabajo: 0\u00b0C~40\u00b0C<\/p><p>\u25cf Temperatura de almacenamiento: -40\u2103 ~ 70\u2103<\/p><p>\u25cf Humedad de trabajo: 10%~ 90% HR sin condensaci\u00f3n.<\/p><p>\u25cf Humedad de almacenamiento: 5%~90% HR sin condensaci\u00f3n.<\/p><\/td><\/tr><tr><td><p><strong>seguridad<\/strong><\/p><p><strong>est\u00e1ndar<\/strong><\/p><\/td><td><p>\u25cf CE\/ROHS\/FCC\/CCC<\/p><\/td><\/tr><\/tbody><\/table>\t\t\t\t\t\t\t\t<\/div>\n\t\t\t\t<\/div>\n\t\t\t\t\t<\/div>\n\t\t\t\t<\/div>\n\t\t\t\t<\/div>","protected":false},"excerpt":{"rendered":"<ul>\n<li>24 puertos RJ45 con funci\u00f3n PoE a 10\/100 Mbps (puertos 1 a 24)<\/li>\n<li>2 puertos RJ45 con funcionalidad 10\/100\/1000Mbps sin PoE (puertos 25 a 26)<\/li>\n<li>1 puerto de fibra \u00f3ptica Gigabit SFP (multiplexaci\u00f3n)<\/li>\n<li>Funcionamiento estable y altamente fiable de los equipos<\/li>\n<li>Refrigeraci\u00f3n por aire y disipaci\u00f3n del calor, regulaci\u00f3n inteligente de la velocidad, bajo nivel de ruido y ahorro de energ\u00eda<\/li>\n<\/ul>","protected":false},"featured_media":27792,"template":"","meta":[],"product_brand":[],"product_cat":[581],"product_tag":[],"class_list":{"0":"post-27700","1":"product","2":"type-product","3":"status-publish","4":"has-post-thumbnail","6":"product_cat-ai-switch-series","7":"pa_series-ai-access-switch","9":"first","10":"instock","11":"shipping-taxable","12":"product-type-simple"},"_links":{"self":[{"href":"https:\/\/foredgetech.com\/es\/wp-json\/wp\/v2\/product\/27700","targetHints":{"allow":["GET"]}}],"collection":[{"href":"https:\/\/foredgetech.com\/es\/wp-json\/wp\/v2\/product"}],"about":[{"href":"https:\/\/foredgetech.com\/es\/wp-json\/wp\/v2\/types\/product"}],"version-history":[{"count":3,"href":"https:\/\/foredgetech.com\/es\/wp-json\/wp\/v2\/product\/27700\/revisions"}],"predecessor-version":[{"id":34180,"href":"https:\/\/foredgetech.com\/es\/wp-json\/wp\/v2\/product\/27700\/revisions\/34180"}],"wp:featuredmedia":[{"embeddable":true,"href":"https:\/\/foredgetech.com\/es\/wp-json\/wp\/v2\/media\/27792"}],"wp:attachment":[{"href":"https:\/\/foredgetech.com\/es\/wp-json\/wp\/v2\/media?parent=27700"}],"wp:term":[{"taxonomy":"product_brand","embeddable":true,"href":"https:\/\/foredgetech.com\/es\/wp-json\/wp\/v2\/product_brand?post=27700"},{"taxonomy":"product_cat","embeddable":true,"href":"https:\/\/foredgetech.com\/es\/wp-json\/wp\/v2\/product_cat?post=27700"},{"taxonomy":"product_tag","embeddable":true,"href":"https:\/\/foredgetech.com\/es\/wp-json\/wp\/v2\/product_tag?post=27700"}],"curies":[{"name":"wp","href":"https:\/\/api.w.org\/{rel}","templated":true}]}}