{"id":27475,"date":"2024-01-02T07:51:56","date_gmt":"2024-01-02T07:51:56","guid":{"rendered":"https:\/\/foredgetech.com\/?post_type=product&#038;p=27475"},"modified":"2025-08-22T08:08:12","modified_gmt":"2025-08-22T08:08:12","slug":"s6700-48gx-4tf-2qf-plus","status":"publish","type":"product","link":"https:\/\/foredgetech.com\/es\/producto\/s6700-48gx-4tf-2qf-plus\/","title":{"rendered":"S6700-48GX-4TF-2QF 100G Uplink 48-Port 2.5G L3 Managed Switch(Based on SONIC)"},"content":{"rendered":"<div data-elementor-type=\"wp-post\" data-elementor-id=\"27475\" class=\"elementor elementor-27475\">\n\t\t\t\t\t\t<section class=\"elementor-section elementor-top-section elementor-element elementor-element-5058e617 elementor-section-full_width elementor-section-gap-beside-no elementor-section-height-default elementor-section-height-default elementor-section-column-vertical-align-stretch\" data-id=\"5058e617\" data-element_type=\"section\">\n\t\t\t\t\t\t<div class=\"elementor-container elementor-column-gap-extended\">\n\t\t\t\t\t<div class=\"elementor-column elementor-col-33 elementor-top-column elementor-element elementor-element-f61c77a\" data-id=\"f61c77a\" data-element_type=\"column\">\n\t\t\t<div class=\"elementor-widget-wrap elementor-element-populated\">\n\t\t\t\t\t\t<div class=\"elementor-element elementor-element-12229f05 elementor-widget elementor-widget-tm-modern-image\" data-id=\"12229f05\" data-element_type=\"widget\" data-widget_type=\"tm-modern-image.default\">\n\t\t\t\t<div class=\"elementor-widget-container\">\n\t\t\t\t\t\t\t<div class=\"tm-modern-image\">\n\t\t\t\t\t\t\t<div class=\"minimog-box\">\n\t\t\t\t\t<div class=\"minimog-image\">\t\t\t\t\t<m-image class=\"minimog-lazy-image\" style=\"--lazy-image-width: 300px;--lazy-image-height: 83.333333333333%;\" data-image-loading><img decoding=\"async\"  data-src=\"https:\/\/foredgetech.com\/wp-content\/uploads\/2024\/01\/S6700-48GX-4TF-2QF\uff082\uff09.png\" width=\"300\" height=\"250\" alt=\"S6700-48GX-4TF-2QF+\uff082\uff09\" class=\"attachment-full size-full lazyload\" src=\"data:image\/svg+xml;base64,PHN2ZyB3aWR0aD0iMSIgaGVpZ2h0PSIxIiB4bWxucz0iaHR0cDovL3d3dy53My5vcmcvMjAwMC9zdmciPjwvc3ZnPg==\" style=\"--smush-placeholder-width: 300px; --smush-placeholder-aspect-ratio: 300\/250;\" \/><\/m-image>\t\t\t\t\t<\/div>\t\t\t\t<\/div>\n\t\t\t\t\t\t\t\t\t\t<\/div>\n\t\t\t\t\t\t<\/div>\n\t\t\t\t<\/div>\n\t\t\t\t\t<\/div>\n\t\t<\/div>\n\t\t\t\t<div class=\"elementor-column elementor-col-66 elementor-top-column elementor-element elementor-element-78bc78c2\" data-id=\"78bc78c2\" data-element_type=\"column\">\n\t\t\t<div class=\"elementor-widget-wrap elementor-element-populated\">\n\t\t\t\t\t\t<div class=\"elementor-element elementor-element-2052b071 elementor-widget elementor-widget-tm-heading\" data-id=\"2052b071\" data-element_type=\"widget\" data-widget_type=\"tm-heading.default\">\n\t\t\t\t<div class=\"elementor-widget-container\">\n\t\t\t\t\t\t\t<div class=\"tm-modern-heading tm-modern-heading--style-01 tm-modern-heading--highlight-style-01\">\n\t\t\t\n\t\t\t\t\t<div class=\"heading-primary-wrap\">\n\t\t\t<h4 class=\"heading-primary elementor-heading-title\">Visi\u00f3n general<\/h4>\t\t<\/div>\n\t\t\n\t\t\t\n\t\t\t\t\t<\/div>\n\t\t\t\t\t\t<\/div>\n\t\t\t\t<\/div>\n\t\t\t\t<div class=\"elementor-element elementor-element-7c6ab884 elementor-widget elementor-widget-text-editor\" data-id=\"7c6ab884\" data-element_type=\"widget\" data-widget_type=\"text-editor.default\">\n\t\t\t\t<div class=\"elementor-widget-container\">\n\t\t\t\t\t\t\t\t\t<p>Admite 48 puertos de acceso 2,5G y enlaces ascendentes de alta velocidad 10G\/40G<\/p>\t\t\t\t\t\t\t\t<\/div>\n\t\t\t\t<\/div>\n\t\t\t\t<section class=\"elementor-section elementor-inner-section elementor-element elementor-element-2afe0aab elementor-section-gap-beside-no elementor-section-full_width elementor-section-height-default elementor-section-height-default elementor-section-column-vertical-align-stretch\" data-id=\"2afe0aab\" data-element_type=\"section\">\n\t\t\t\t\t\t<div class=\"elementor-container elementor-column-gap-extended\">\n\t\t\t\t\t<div class=\"elementor-column elementor-col-33 elementor-inner-column elementor-element elementor-element-7751e85f\" data-id=\"7751e85f\" data-element_type=\"column\">\n\t\t\t<div class=\"elementor-widget-wrap elementor-element-populated\">\n\t\t\t\t\t\t<div class=\"elementor-element elementor-element-d07ae98 elementor-widget elementor-widget-tm-heading\" data-id=\"d07ae98\" data-element_type=\"widget\" data-widget_type=\"tm-heading.default\">\n\t\t\t\t<div class=\"elementor-widget-container\">\n\t\t\t\t\t\t\t<div class=\"tm-modern-heading tm-modern-heading--style-01 tm-modern-heading--highlight-style-01\">\n\t\t\t\n\t\t\t\t\t<div class=\"heading-primary-wrap\">\n\t\t\t<h6 class=\"heading-primary elementor-heading-title\">Ancho de banda del backplane del conmutador<\/h6>\t\t<\/div>\n\t\t\n\t\t\t\n\t\t\t\t\t<div class=\"heading-description-wrap\">\n\t\t\t<div class=\"heading-description\">\n\t\t\t\t<p>1280 Gbps<\/p>\t\t\t<\/div>\n\t\t<\/div>\n\t\t\t\t<\/div>\n\t\t\t\t\t\t<\/div>\n\t\t\t\t<\/div>\n\t\t\t\t<div class=\"elementor-element elementor-element-7cf8fe9 elementor-widget elementor-widget-tm-heading\" data-id=\"7cf8fe9\" data-element_type=\"widget\" data-widget_type=\"tm-heading.default\">\n\t\t\t\t<div class=\"elementor-widget-container\">\n\t\t\t\t\t\t\t<div class=\"tm-modern-heading tm-modern-heading--style-01 tm-modern-heading--highlight-style-01\">\n\t\t\t\n\t\t\t\t\t<div class=\"heading-primary-wrap\">\n\t\t\t<h6 class=\"heading-primary elementor-heading-title\">Humedad de trabajo<\/h6>\t\t<\/div>\n\t\t\n\t\t\t\n\t\t\t\t\t<div class=\"heading-description-wrap\">\n\t\t\t<div class=\"heading-description\">\n\t\t\t\t<p>10% ~ 90% HR sin condensaci\u00f3n<\/p>\t\t\t<\/div>\n\t\t<\/div>\n\t\t\t\t<\/div>\n\t\t\t\t\t\t<\/div>\n\t\t\t\t<\/div>\n\t\t\t\t\t<\/div>\n\t\t<\/div>\n\t\t\t\t<div class=\"elementor-column elementor-col-33 elementor-inner-column elementor-element elementor-element-c6e3a56\" data-id=\"c6e3a56\" data-element_type=\"column\">\n\t\t\t<div class=\"elementor-widget-wrap elementor-element-populated\">\n\t\t\t\t\t\t<div class=\"elementor-element elementor-element-44fb51c6 elementor-widget elementor-widget-tm-heading\" data-id=\"44fb51c6\" data-element_type=\"widget\" data-widget_type=\"tm-heading.default\">\n\t\t\t\t<div class=\"elementor-widget-container\">\n\t\t\t\t\t\t\t<div class=\"tm-modern-heading tm-modern-heading--style-01 tm-modern-heading--highlight-style-01\">\n\t\t\t\n\t\t\t\t\t<div class=\"heading-primary-wrap\">\n\t\t\t<h6 class=\"heading-primary elementor-heading-title\">Reenv\u00edo de paquetes<\/h6>\t\t<\/div>\n\t\t\n\t\t\t\n\t\t\t\t\t<div class=\"heading-description-wrap\">\n\t\t\t<div class=\"heading-description\">\n\t\t\t\t<p>630Mpps<\/p>\t\t\t<\/div>\n\t\t<\/div>\n\t\t\t\t<\/div>\n\t\t\t\t\t\t<\/div>\n\t\t\t\t<\/div>\n\t\t\t\t<div class=\"elementor-element elementor-element-2de3256a elementor-widget elementor-widget-tm-heading\" data-id=\"2de3256a\" data-element_type=\"widget\" data-widget_type=\"tm-heading.default\">\n\t\t\t\t<div class=\"elementor-widget-container\">\n\t\t\t\t\t\t\t<div class=\"tm-modern-heading tm-modern-heading--style-01 tm-modern-heading--highlight-style-01\">\n\t\t\t\n\t\t\t\t\t<div class=\"heading-primary-wrap\">\n\t\t\t<h6 class=\"heading-primary elementor-heading-title\">Dimensiones (An \u00d7 Pr \u00d7 Al)<\/h6>\t\t<\/div>\n\t\t\n\t\t\t\n\t\t\t\t\t<div class=\"heading-description-wrap\">\n\t\t\t<div class=\"heading-description\">\n\t\t\t\t<p>440 mm \u00d7 320 mm \u00d7 44 mm<\/p>\t\t\t<\/div>\n\t\t<\/div>\n\t\t\t\t<\/div>\n\t\t\t\t\t\t<\/div>\n\t\t\t\t<\/div>\n\t\t\t\t<div class=\"elementor-element elementor-element-453d78ca elementor-widget elementor-widget-spacer\" data-id=\"453d78ca\" data-element_type=\"widget\" data-widget_type=\"spacer.default\">\n\t\t\t\t<div class=\"elementor-widget-container\">\n\t\t\t\t\t\t\t<div class=\"elementor-spacer\">\n\t\t\t<div class=\"elementor-spacer-inner\"><\/div>\n\t\t<\/div>\n\t\t\t\t\t\t<\/div>\n\t\t\t\t<\/div>\n\t\t\t\t\t<\/div>\n\t\t<\/div>\n\t\t\t\t<div class=\"elementor-column elementor-col-33 elementor-inner-column elementor-element elementor-element-63d177a8\" data-id=\"63d177a8\" data-element_type=\"column\">\n\t\t\t<div class=\"elementor-widget-wrap elementor-element-populated\">\n\t\t\t\t\t\t<div class=\"elementor-element elementor-element-47145555 elementor-widget elementor-widget-tm-heading\" data-id=\"47145555\" data-element_type=\"widget\" data-widget_type=\"tm-heading.default\">\n\t\t\t\t<div class=\"elementor-widget-container\">\n\t\t\t\t\t\t\t<div class=\"tm-modern-heading tm-modern-heading--style-01 tm-modern-heading--highlight-style-01\">\n\t\t\t\n\t\t\t\t\t<div class=\"heading-primary-wrap\">\n\t\t\t<h6 class=\"heading-primary elementor-heading-title\">puerto de conmutador<\/h6>\t\t<\/div>\n\t\t\n\t\t\t\n\t\t\t\t\t<div class=\"heading-description-wrap\">\n\t\t\t<div class=\"heading-description\">\n\t\t\t\t<p>48 puertos el\u00e9ctricos RJ45 1000M\/2,5G<\/p><p>4 puertos \u00f3pticos 10G SFP<\/p><p>2 puertos \u00f3pticos 40G QSFP<\/p>\t\t\t<\/div>\n\t\t<\/div>\n\t\t\t\t<\/div>\n\t\t\t\t\t\t<\/div>\n\t\t\t\t<\/div>\n\t\t\t\t\t<\/div>\n\t\t<\/div>\n\t\t\t\t\t<\/div>\n\t\t<\/section>\n\t\t\t\t\t<\/div>\n\t\t<\/div>\n\t\t\t\t\t<\/div>\n\t\t<\/section>\n\t\t<div class=\"elementor-element elementor-element-1b74d531 e-flex e-con-boxed e-con e-parent\" data-id=\"1b74d531\" data-element_type=\"container\">\n\t\t\t\t\t<div class=\"e-con-inner\">\n\t\t\t\t<div class=\"elementor-element elementor-element-aaf7427 elementor-widget elementor-widget-image\" data-id=\"aaf7427\" data-element_type=\"widget\" data-widget_type=\"image.default\">\n\t\t\t\t<div class=\"elementor-widget-container\">\n\t\t\t\t\t\t\t\t\t\t\t\t\t\t\t<img fetchpriority=\"high\" decoding=\"async\" width=\"1920\" height=\"756\" src=\"https:\/\/foredgetech.com\/wp-content\/uploads\/2024\/01\/A1-10.jpg\" class=\"attachment-full size-full wp-image-30638\" alt=\"\" srcset=\"https:\/\/foredgetech.com\/wp-content\/uploads\/2024\/01\/A1-10.jpg 1920w, https:\/\/foredgetech.com\/wp-content\/uploads\/2024\/01\/A1-10-150x59.jpg 150w, https:\/\/foredgetech.com\/wp-content\/uploads\/2024\/01\/A1-10-600x236.jpg 600w, https:\/\/foredgetech.com\/wp-content\/uploads\/2024\/01\/A1-10-300x118.jpg 300w, https:\/\/foredgetech.com\/wp-content\/uploads\/2024\/01\/A1-10-768x302.jpg 768w, https:\/\/foredgetech.com\/wp-content\/uploads\/2024\/01\/A1-10-1536x605.jpg 1536w\" sizes=\"(max-width: 1920px) 100vw, 1920px\" \/>\t\t\t\t\t\t\t\t\t\t\t\t\t\t\t<\/div>\n\t\t\t\t<\/div>\n\t\t\t\t<div class=\"elementor-element elementor-element-32289a0 elementor-widget elementor-widget-image\" data-id=\"32289a0\" data-element_type=\"widget\" data-widget_type=\"image.default\">\n\t\t\t\t<div class=\"elementor-widget-container\">\n\t\t\t\t\t\t\t\t\t\t\t\t\t\t\t<img decoding=\"async\" width=\"1920\" height=\"756\" data-src=\"https:\/\/foredgetech.com\/wp-content\/uploads\/2024\/01\/B2-\u7f51\u5427-\u7535\u7ade\u9152\u5e97-\u4f01\u4e1a\u6570\u636e\u4e2d\u5fc3.jpg\" class=\"attachment-full size-full wp-image-30639 lazyload\" alt=\"\" data-srcset=\"https:\/\/foredgetech.com\/wp-content\/uploads\/2024\/01\/B2-\u7f51\u5427-\u7535\u7ade\u9152\u5e97-\u4f01\u4e1a\u6570\u636e\u4e2d\u5fc3.jpg 1920w, https:\/\/foredgetech.com\/wp-content\/uploads\/2024\/01\/B2-\u7f51\u5427-\u7535\u7ade\u9152\u5e97-\u4f01\u4e1a\u6570\u636e\u4e2d\u5fc3-150x59.jpg 150w, https:\/\/foredgetech.com\/wp-content\/uploads\/2024\/01\/B2-\u7f51\u5427-\u7535\u7ade\u9152\u5e97-\u4f01\u4e1a\u6570\u636e\u4e2d\u5fc3-600x236.jpg 600w, https:\/\/foredgetech.com\/wp-content\/uploads\/2024\/01\/B2-\u7f51\u5427-\u7535\u7ade\u9152\u5e97-\u4f01\u4e1a\u6570\u636e\u4e2d\u5fc3-300x118.jpg 300w, https:\/\/foredgetech.com\/wp-content\/uploads\/2024\/01\/B2-\u7f51\u5427-\u7535\u7ade\u9152\u5e97-\u4f01\u4e1a\u6570\u636e\u4e2d\u5fc3-768x302.jpg 768w, https:\/\/foredgetech.com\/wp-content\/uploads\/2024\/01\/B2-\u7f51\u5427-\u7535\u7ade\u9152\u5e97-\u4f01\u4e1a\u6570\u636e\u4e2d\u5fc3-1536x605.jpg 1536w\" data-sizes=\"(max-width: 1920px) 100vw, 1920px\" src=\"data:image\/svg+xml;base64,PHN2ZyB3aWR0aD0iMSIgaGVpZ2h0PSIxIiB4bWxucz0iaHR0cDovL3d3dy53My5vcmcvMjAwMC9zdmciPjwvc3ZnPg==\" style=\"--smush-placeholder-width: 1920px; --smush-placeholder-aspect-ratio: 1920\/756;\" \/>\t\t\t\t\t\t\t\t\t\t\t\t\t\t\t<\/div>\n\t\t\t\t<\/div>\n\t\t\t\t<div class=\"elementor-element elementor-element-ca6f521 elementor-widget elementor-widget-image\" data-id=\"ca6f521\" data-element_type=\"widget\" data-widget_type=\"image.default\">\n\t\t\t\t<div class=\"elementor-widget-container\">\n\t\t\t\t\t\t\t\t\t\t\t\t\t\t\t<img decoding=\"async\" width=\"1920\" height=\"756\" data-src=\"https:\/\/foredgetech.com\/wp-content\/uploads\/2024\/01\/C3-\u5b8c\u5584\u7684\u5b89\u5168\u673a\u5236-8.jpg\" class=\"attachment-full size-full wp-image-30640 lazyload\" alt=\"\" data-srcset=\"https:\/\/foredgetech.com\/wp-content\/uploads\/2024\/01\/C3-\u5b8c\u5584\u7684\u5b89\u5168\u673a\u5236-8.jpg 1920w, https:\/\/foredgetech.com\/wp-content\/uploads\/2024\/01\/C3-\u5b8c\u5584\u7684\u5b89\u5168\u673a\u5236-8-150x59.jpg 150w, https:\/\/foredgetech.com\/wp-content\/uploads\/2024\/01\/C3-\u5b8c\u5584\u7684\u5b89\u5168\u673a\u5236-8-600x236.jpg 600w, https:\/\/foredgetech.com\/wp-content\/uploads\/2024\/01\/C3-\u5b8c\u5584\u7684\u5b89\u5168\u673a\u5236-8-300x118.jpg 300w, https:\/\/foredgetech.com\/wp-content\/uploads\/2024\/01\/C3-\u5b8c\u5584\u7684\u5b89\u5168\u673a\u5236-8-768x302.jpg 768w, https:\/\/foredgetech.com\/wp-content\/uploads\/2024\/01\/C3-\u5b8c\u5584\u7684\u5b89\u5168\u673a\u5236-8-1536x605.jpg 1536w\" data-sizes=\"(max-width: 1920px) 100vw, 1920px\" src=\"data:image\/svg+xml;base64,PHN2ZyB3aWR0aD0iMSIgaGVpZ2h0PSIxIiB4bWxucz0iaHR0cDovL3d3dy53My5vcmcvMjAwMC9zdmciPjwvc3ZnPg==\" style=\"--smush-placeholder-width: 1920px; --smush-placeholder-aspect-ratio: 1920\/756;\" \/>\t\t\t\t\t\t\t\t\t\t\t\t\t\t\t<\/div>\n\t\t\t\t<\/div>\n\t\t\t\t<div class=\"elementor-element elementor-element-d6031e9 elementor-widget elementor-widget-image\" data-id=\"d6031e9\" data-element_type=\"widget\" data-widget_type=\"image.default\">\n\t\t\t\t<div class=\"elementor-widget-container\">\n\t\t\t\t\t\t\t\t\t\t\t\t\t\t\t<img decoding=\"async\" width=\"1920\" height=\"756\" data-src=\"https:\/\/foredgetech.com\/wp-content\/uploads\/2024\/01\/C3-0-\u7aef\u53e3\u5206\u533a.jpg\" class=\"attachment-full size-full wp-image-30641 lazyload\" alt=\"\" data-srcset=\"https:\/\/foredgetech.com\/wp-content\/uploads\/2024\/01\/C3-0-\u7aef\u53e3\u5206\u533a.jpg 1920w, https:\/\/foredgetech.com\/wp-content\/uploads\/2024\/01\/C3-0-\u7aef\u53e3\u5206\u533a-150x59.jpg 150w, https:\/\/foredgetech.com\/wp-content\/uploads\/2024\/01\/C3-0-\u7aef\u53e3\u5206\u533a-600x236.jpg 600w, https:\/\/foredgetech.com\/wp-content\/uploads\/2024\/01\/C3-0-\u7aef\u53e3\u5206\u533a-300x118.jpg 300w, https:\/\/foredgetech.com\/wp-content\/uploads\/2024\/01\/C3-0-\u7aef\u53e3\u5206\u533a-768x302.jpg 768w, https:\/\/foredgetech.com\/wp-content\/uploads\/2024\/01\/C3-0-\u7aef\u53e3\u5206\u533a-1536x605.jpg 1536w\" data-sizes=\"(max-width: 1920px) 100vw, 1920px\" src=\"data:image\/svg+xml;base64,PHN2ZyB3aWR0aD0iMSIgaGVpZ2h0PSIxIiB4bWxucz0iaHR0cDovL3d3dy53My5vcmcvMjAwMC9zdmciPjwvc3ZnPg==\" style=\"--smush-placeholder-width: 1920px; --smush-placeholder-aspect-ratio: 1920\/756;\" \/>\t\t\t\t\t\t\t\t\t\t\t\t\t\t\t<\/div>\n\t\t\t\t<\/div>\n\t\t\t\t<div class=\"elementor-element elementor-element-4fa9a73 elementor-widget elementor-widget-image\" data-id=\"4fa9a73\" data-element_type=\"widget\" data-widget_type=\"image.default\">\n\t\t\t\t<div class=\"elementor-widget-container\">\n\t\t\t\t\t\t\t\t\t\t\t\t\t\t\t<img decoding=\"async\" width=\"1920\" height=\"756\" data-src=\"https:\/\/foredgetech.com\/wp-content\/uploads\/2024\/01\/D4-2-\u6570\u636e\u5305\u8f6c\u53d1-S6700-48GX-4TF-2QF.jpg\" class=\"attachment-full size-full wp-image-32899 lazyload\" alt=\"\" data-srcset=\"https:\/\/foredgetech.com\/wp-content\/uploads\/2024\/01\/D4-2-\u6570\u636e\u5305\u8f6c\u53d1-S6700-48GX-4TF-2QF.jpg 1920w, https:\/\/foredgetech.com\/wp-content\/uploads\/2024\/01\/D4-2-\u6570\u636e\u5305\u8f6c\u53d1-S6700-48GX-4TF-2QF-150x59.jpg 150w, https:\/\/foredgetech.com\/wp-content\/uploads\/2024\/01\/D4-2-\u6570\u636e\u5305\u8f6c\u53d1-S6700-48GX-4TF-2QF-600x236.jpg 600w, https:\/\/foredgetech.com\/wp-content\/uploads\/2024\/01\/D4-2-\u6570\u636e\u5305\u8f6c\u53d1-S6700-48GX-4TF-2QF-300x118.jpg 300w, https:\/\/foredgetech.com\/wp-content\/uploads\/2024\/01\/D4-2-\u6570\u636e\u5305\u8f6c\u53d1-S6700-48GX-4TF-2QF-768x302.jpg 768w, https:\/\/foredgetech.com\/wp-content\/uploads\/2024\/01\/D4-2-\u6570\u636e\u5305\u8f6c\u53d1-S6700-48GX-4TF-2QF-1536x605.jpg 1536w, https:\/\/foredgetech.com\/wp-content\/uploads\/2024\/01\/D4-2-\u6570\u636e\u5305\u8f6c\u53d1-S6700-48GX-4TF-2QF-18x7.jpg 18w\" data-sizes=\"(max-width: 1920px) 100vw, 1920px\" src=\"data:image\/svg+xml;base64,PHN2ZyB3aWR0aD0iMSIgaGVpZ2h0PSIxIiB4bWxucz0iaHR0cDovL3d3dy53My5vcmcvMjAwMC9zdmciPjwvc3ZnPg==\" style=\"--smush-placeholder-width: 1920px; --smush-placeholder-aspect-ratio: 1920\/756;\" \/>\t\t\t\t\t\t\t\t\t\t\t\t\t\t\t<\/div>\n\t\t\t\t<\/div>\n\t\t\t\t<div class=\"elementor-element elementor-element-e5b31ca elementor-widget elementor-widget-image\" data-id=\"e5b31ca\" data-element_type=\"widget\" data-widget_type=\"image.default\">\n\t\t\t\t<div class=\"elementor-widget-container\">\n\t\t\t\t\t\t\t\t\t\t\t\t\t\t\t<img decoding=\"async\" width=\"1920\" height=\"756\" data-src=\"https:\/\/foredgetech.com\/wp-content\/uploads\/2024\/01\/D4-3-\u5de5\u4f5c\u6e7f\u5ea6-13.jpg\" class=\"attachment-full size-full wp-image-30643 lazyload\" alt=\"\" data-srcset=\"https:\/\/foredgetech.com\/wp-content\/uploads\/2024\/01\/D4-3-\u5de5\u4f5c\u6e7f\u5ea6-13.jpg 1920w, https:\/\/foredgetech.com\/wp-content\/uploads\/2024\/01\/D4-3-\u5de5\u4f5c\u6e7f\u5ea6-13-150x59.jpg 150w, https:\/\/foredgetech.com\/wp-content\/uploads\/2024\/01\/D4-3-\u5de5\u4f5c\u6e7f\u5ea6-13-600x236.jpg 600w, https:\/\/foredgetech.com\/wp-content\/uploads\/2024\/01\/D4-3-\u5de5\u4f5c\u6e7f\u5ea6-13-300x118.jpg 300w, https:\/\/foredgetech.com\/wp-content\/uploads\/2024\/01\/D4-3-\u5de5\u4f5c\u6e7f\u5ea6-13-768x302.jpg 768w, https:\/\/foredgetech.com\/wp-content\/uploads\/2024\/01\/D4-3-\u5de5\u4f5c\u6e7f\u5ea6-13-1536x605.jpg 1536w\" data-sizes=\"(max-width: 1920px) 100vw, 1920px\" src=\"data:image\/svg+xml;base64,PHN2ZyB3aWR0aD0iMSIgaGVpZ2h0PSIxIiB4bWxucz0iaHR0cDovL3d3dy53My5vcmcvMjAwMC9zdmciPjwvc3ZnPg==\" style=\"--smush-placeholder-width: 1920px; --smush-placeholder-aspect-ratio: 1920\/756;\" \/>\t\t\t\t\t\t\t\t\t\t\t\t\t\t\t<\/div>\n\t\t\t\t<\/div>\n\t\t\t\t\t<\/div>\n\t\t\t\t<\/div>\n\t\t<div class=\"elementor-element elementor-element-4ce676b e-flex e-con-boxed e-con e-parent\" data-id=\"4ce676b\" data-element_type=\"container\">\n\t\t\t\t\t<div class=\"e-con-inner\">\n\t\t\t\t<div class=\"elementor-element elementor-element-142864b elementor-widget elementor-widget-heading\" data-id=\"142864b\" data-element_type=\"widget\" data-widget_type=\"heading.default\">\n\t\t\t\t<div class=\"elementor-widget-container\">\n\t\t\t\t\t<h2 class=\"elementor-heading-title elementor-size-default\">Especificaciones<\/h2>\t\t\t\t<\/div>\n\t\t\t\t<\/div>\n\t\t\t\t<div class=\"elementor-element elementor-element-c85a48f elementor-widget elementor-widget-text-editor\" data-id=\"c85a48f\" data-element_type=\"widget\" data-widget_type=\"text-editor.default\">\n\t\t\t\t<div class=\"elementor-widget-container\">\n\t\t\t\t\t\t\t\t\t<table><tbody><tr><td colspan=\"2\"><p><strong>Especificaci\u00f3n de hardware:<\/strong><\/p><\/td><\/tr><tr><td><p><strong>Red<\/strong><strong>\u00a0<\/strong><strong>Interfaz<\/strong><\/p><\/td><td><p>\u25cf 48*1000M\/2,5Gbps puertos RJ45<\/p><p>\u25cf 4*10G puertos SFP+<\/p><p>\u25cf 2*40G puertos QSFP+<\/p><p>\u25cf 1*Puerto de la consola<\/p><\/td><\/tr><tr><td><p><strong>Consumo de energ\u00eda<\/strong><\/p><\/td><td><p>\u25cf Menos de 100 W<\/p><\/td><\/tr><tr><td><p><strong>Rendimiento<\/strong><\/p><\/td><td><p>\u25cf Banda con\uff1a480Gbps<\/p><p>\u25cf Tasa de reenv\u00edo de paquetes\uff1a360Mpps.<\/p><p>\u25cf Tama\u00f1o de la tabla MAC\uff1a128K<\/p><p>\u25cf B\u00fafer de puerto\uff1a4,5MB<\/p><p>\u25cf Flash\uff1a4GB<\/p><p>\u25cf DRAM\uff1a2GB<\/p><p>\u25cf Tipo de reenv\u00edo\uff1areenv\u00edo de almacenamiento.<\/p><\/td><\/tr><tr><td><p><strong>Jumbo<\/strong> <strong>Marco<\/strong><\/p><\/td><td><p>\u25cf 16K<\/p><\/td><\/tr><tr><td><p><strong>Proveedor de energ\u00eda<\/strong><\/p><\/td><td><p>\u25cf Entrada de alimentaci\u00f3n\uff1aAC 100-240V\/50-60Hz<\/p><\/td><\/tr><tr><td><p><strong>Dimensi\u00f3n<\/strong><\/p><\/td><td><p>\u25cf AnxPxAl\uff1a440mmx180mmx44mm<\/p><\/td><\/tr><tr><td><p><strong>Medio ambiente<\/strong><\/p><\/td><td><p>\u25cf Temperatura de funcionamiento\uff1a0\u00b0C~50\u00b0C<\/p><p>\u25cf Temperatura de almacenamiento\uff1a-40\u2103\u301c70\u2103<\/p><p>\u25cfHumedad de funcionamiento\uff1a10%~ 90% HR sin condensaci\u00f3n \u25cfHumedad de almacenamiento\uff1a5%\u301c90% HR sin condensaci\u00f3n.<\/p><\/td><\/tr><tr><td><p><strong>Seguridad<\/strong> <strong>Normativa<\/strong><\/p><\/td><td><p>\u25cf CE\/ROHS\/FCC<\/p><\/td><\/tr><tr><td colspan=\"2\"><p><strong>Especificaciones del software:<\/strong><\/p><\/td><\/tr><tr><td><p><strong>Multidifusi\u00f3n<\/strong><\/p><\/td><td><p>\u25cf IGMP v1\/v2c\/v3<\/p><p>\u25cf IGMP Snooping<\/p><p>\u25cf Salida r\u00e1pida IGMP<\/p><p>\u25cf Pol\u00edtica de grupos de multidifusi\u00f3n y l\u00edmite de n\u00famero de multidifusi\u00f3n<\/p><p>\u25cf Filtrado multidifusi\u00f3n \u25cf MVR<\/p><p>\u25cf IGMP snooping en determinado puerto y VLAN.<\/p><p>\u25cf PIM-DM\/SM\/SSM<\/p><\/td><\/tr><tr><td><p><strong>IPv4<\/strong><\/p><\/td><td><p>\u25cf Enrutamiento est\u00e1tico, RIP v1\/v2, OSPF, BGP.<\/p><p>Enrutamiento basado en pol\u00edticas (PBR)<\/p><p>\u25cf ECMP<\/p><p>\u25cf BFD para enrutamiento est\u00e1tico, RIP, OSPF, BGP.<\/p><\/td><\/tr><tr><td><p><strong>IPv6<\/strong><\/p><\/td><td><p>\u25cf Doble pila IPv4\/v6<\/p><p>\u25cf ICMPv6, DHCPv6, ACLv6 y Telnet IPv6.<\/p><p>\u25cf Descubrimiento de vecinos ipv6<\/p><p>\u25cf Descubrimiento de MTU de ruta<\/p><p>\u25cf MLDV1<\/p><p>\u25cf Enrutamiento est\u00e1tico IPv6, RIPng, OSPFv3, BGP4+.<\/p><p>\u25cf T\u00fanel manual, t\u00fanel ISATAP, t\u00fanel 6 a 4.<\/p><\/td><\/tr><tr><td><p><strong>DHCP<\/strong><\/p><\/td><td><p>\u25cf Servidor DHCP, cliente, rel\u00e9, snooping.<\/p><\/td><\/tr><tr><td><p><strong>MPLS<\/strong><\/p><\/td><td><p>\u25cf MCE<\/p><\/td><\/tr><tr><td><p><strong>QoS<\/strong><\/p><\/td><td><p>\u25cf Tra\ufb03c classi\ufb01cation of port\/L2~4 protocol headers\/VLAN\/CoS\/DSCP.<\/p><p>\u25cf M\u00faltiples algoritmos de colas como SP,802.1P\/DSCP asignaci\u00f3n de prioridad y observaci\u00f3n.<\/p><p>\u25cf CAR tra\ufb03c control<\/p><p>\u25cf WRR o SP+WRR,Tail-Drop, WRED<\/p><p>\u25cf Supervisi\u00f3n del tra\ufb03c y conformaci\u00f3n del tra\ufb03c.<\/p><p>\u25cf 8 colas por puerto<\/p><\/td><\/tr><tr><td colspan=\"2\"><p><strong>Especificaciones del software:<\/strong><\/p><\/td><\/tr><tr><td><p><strong>Seguridad<\/strong><\/p><\/td><td><p>\u25cf Prevenci\u00f3n de ataques DDoS, prevenci\u00f3n de ataques TCP-SYN\/UDP\/ARP Flood.<\/p><p>\u25cf Autenticaci\u00f3n IEEE 802.1x, autenticaci\u00f3n de m\u00faltiples usuarios, vlan de invitados.<\/p><p>\u25cf L2~L4 ACL<\/p><p>\u25cf Ataques anti-DOS\/IP spoo\ufb01ng\/TCP\/ping\/SYN\/ICMP \ufb02ood.<\/p><p>\u25cf Control de tormentas de difusi\u00f3n\/multidifusi\u00f3n\/desconocimiento-unidifusi\u00f3n.<\/p><p>\u25cf Aislamiento de puertos<\/p><p>\u25cf Seguridad de puertos, limitaci\u00f3n de direcciones MAC,vinculaci\u00f3n IP+MAC+puerto.<\/p><p>\u25cf DHCP Snooping, DHCP Opci\u00f3n 82<\/p><p>\u25cf DAI(Inspecci\u00f3n din\u00e1mica de ARP)<\/p><p>\u25cf IPSG(IP Source Guard)<\/p><p>\u25cf Certi\ufb01caci\u00f3n IEEE 802.1x<\/p><p>\u25cf AAA<\/p><p>\u25cf Radio,Tacacs+<\/p><p>\u25cf M\u00faltiples privilegios de usuario<\/p><\/td><\/tr><tr><td><p><strong>Fiabilidad<\/strong><\/p><\/td><td><p>\u25cf 802.3ad Agregaci\u00f3n de enlaces est\u00e1tica\/LACP,<\/p><p>\u25cf EAPS<\/p><p>\u25cf G.8032 ERPS<\/p><p>\u25cf ISSU<\/p><p>\u25cf VRRP<\/p><p>\u25cf GR para OSPF y BGP<\/p><p>\u25cf BFD para OSPF y BGP<\/p><p>\u25cf Sistema de apilamiento virtual HVSS<\/p><\/td><\/tr><tr><td><p><strong>Gesti\u00f3n<\/strong><\/p><\/td><td><p>\u25cf CLI: Consola, Telnet, SSHv1\/2<\/p><p>\u25cf Web-GUI: HTTP, HTTPS\/SSL<\/p><p>SNMP v1\/v2c\/v3, RMON, SNMP alarm\/inform\/traps<\/p><p>Carga y descarga de archivos FTP\/TFTP\/SFTP<\/p><p>\u25cf Depuraci\u00f3n<\/p><p>\u25cf Syslog para alarma\/noti\ufb01caci\u00f3n\/comando\/debug \u25cf NTP<\/p><p>\u25cf SPAN, RSPAN (espejo 1:1 y N:1)<\/p><\/td><\/tr><tr><td><p><strong>Gesti\u00f3n<\/strong><\/p><\/td><td><p>\u25cf LLDP, LLDP-MED<\/p><p>\u25cf sFlow<\/p><p>\u25cf ZTP(Zero Touch Provisioning)<\/p><p>\u25cf DDM \u00f3ptico<\/p><p>\u25cf Diagn\u00f3stico del cable Ethernet<\/p><p>\u25cf 802.3ah, 802.1ag<\/p><\/td><\/tr><\/tbody><\/table>\t\t\t\t\t\t\t\t<\/div>\n\t\t\t\t<\/div>\n\t\t\t\t\t<\/div>\n\t\t\t\t<\/div>\n\t\t\t\t<\/div>","protected":false},"excerpt":{"rendered":"<ul>\n<li>48 puertos el\u00e9ctricos RJ45 1000M\/2,5G<\/li>\n<li>4 puertos \u00f3pticos 10G SFP<\/li>\n<li>2 puertos \u00f3pticos 40G QSFP<\/li>\n<li>Chips de gama alta con un rendimiento m\u00e1s estable y potente<\/li>\n<li>Chips de gama alta que pueden mejorar significativamente la velocidad de procesamiento de datos en red<\/li>\n<li>Admite la gesti\u00f3n \u00fanica en la plataforma en la nube Apollo<\/li>\n<li>Admite plataforma en la nube para la gesti\u00f3n de visualizaci\u00f3n de recursos de conmutadores y dispositivos PD conectados, lo que simplifica la gesti\u00f3n de la operaci\u00f3n y el mantenimiento.<\/li>\n<\/ul>","protected":false},"featured_media":27904,"template":"","meta":[],"product_brand":[],"product_cat":[591],"product_tag":[],"class_list":{"0":"post-27475","1":"product","2":"type-product","3":"status-publish","4":"has-post-thumbnail","6":"product_cat-sonic-2-5g-switch","7":"pa_series-2-5g-sonic-series","8":"pa_series-data-center-series","10":"first","11":"instock","12":"shipping-taxable","13":"purchasable","14":"product-type-simple"},"_links":{"self":[{"href":"https:\/\/foredgetech.com\/es\/wp-json\/wp\/v2\/product\/27475","targetHints":{"allow":["GET"]}}],"collection":[{"href":"https:\/\/foredgetech.com\/es\/wp-json\/wp\/v2\/product"}],"about":[{"href":"https:\/\/foredgetech.com\/es\/wp-json\/wp\/v2\/types\/product"}],"version-history":[{"count":4,"href":"https:\/\/foredgetech.com\/es\/wp-json\/wp\/v2\/product\/27475\/revisions"}],"predecessor-version":[{"id":33895,"href":"https:\/\/foredgetech.com\/es\/wp-json\/wp\/v2\/product\/27475\/revisions\/33895"}],"wp:featuredmedia":[{"embeddable":true,"href":"https:\/\/foredgetech.com\/es\/wp-json\/wp\/v2\/media\/27904"}],"wp:attachment":[{"href":"https:\/\/foredgetech.com\/es\/wp-json\/wp\/v2\/media?parent=27475"}],"wp:term":[{"taxonomy":"product_brand","embeddable":true,"href":"https:\/\/foredgetech.com\/es\/wp-json\/wp\/v2\/product_brand?post=27475"},{"taxonomy":"product_cat","embeddable":true,"href":"https:\/\/foredgetech.com\/es\/wp-json\/wp\/v2\/product_cat?post=27475"},{"taxonomy":"product_tag","embeddable":true,"href":"https:\/\/foredgetech.com\/es\/wp-json\/wp\/v2\/product_tag?post=27475"}],"curies":[{"name":"wp","href":"https:\/\/api.w.org\/{rel}","templated":true}]}}