{"id":26870,"date":"2023-12-30T08:16:01","date_gmt":"2023-12-30T08:16:01","guid":{"rendered":"https:\/\/foredgetech.com\/?post_type=product&#038;p=26870"},"modified":"2025-10-13T11:13:52","modified_gmt":"2025-10-13T11:13:52","slug":"ai1024g","status":"publish","type":"product","link":"https:\/\/foredgetech.com\/es\/producto\/ai1024g\/","title":{"rendered":"AI1024G Conmutador PoE Gigabit AI de 24 puertos"},"content":{"rendered":"<div data-elementor-type=\"wp-post\" data-elementor-id=\"26870\" class=\"elementor elementor-26870\">\n\t\t\t\t\t\t<section class=\"elementor-section elementor-top-section elementor-element elementor-element-5058e617 elementor-section-full_width elementor-section-gap-beside-no elementor-section-height-default elementor-section-height-default elementor-section-column-vertical-align-stretch\" data-id=\"5058e617\" data-element_type=\"section\">\n\t\t\t\t\t\t<div class=\"elementor-container elementor-column-gap-extended\">\n\t\t\t\t\t<div class=\"elementor-column elementor-col-33 elementor-top-column elementor-element elementor-element-f61c77a\" data-id=\"f61c77a\" data-element_type=\"column\">\n\t\t\t<div class=\"elementor-widget-wrap elementor-element-populated\">\n\t\t\t\t\t\t<div class=\"elementor-element elementor-element-12229f05 elementor-widget elementor-widget-tm-modern-image\" data-id=\"12229f05\" data-element_type=\"widget\" data-widget_type=\"tm-modern-image.default\">\n\t\t\t\t<div class=\"elementor-widget-container\">\n\t\t\t\t\t\t\t<div class=\"tm-modern-image\">\n\t\t\t\t\t\t\t<div class=\"minimog-box\">\n\t\t\t\t\t<div class=\"minimog-image\">\t\t\t\t\t<m-image class=\"minimog-lazy-image\" style=\"--lazy-image-width: 300px;--lazy-image-height: 83.333333333333%;\" data-image-loading><img decoding=\"async\"  data-src=\"https:\/\/foredgetech.com\/wp-content\/uploads\/2023\/12\/AI1024GP250-EN_.png\" width=\"300\" height=\"250\" alt=\"AI1024GP250 EN_\" class=\"attachment-full size-full lazyload\" src=\"data:image\/svg+xml;base64,PHN2ZyB3aWR0aD0iMSIgaGVpZ2h0PSIxIiB4bWxucz0iaHR0cDovL3d3dy53My5vcmcvMjAwMC9zdmciPjwvc3ZnPg==\" style=\"--smush-placeholder-width: 300px; --smush-placeholder-aspect-ratio: 300\/250;\" \/><\/m-image>\t\t\t\t\t<\/div>\t\t\t\t<\/div>\n\t\t\t\t\t\t\t\t\t\t<\/div>\n\t\t\t\t\t\t<\/div>\n\t\t\t\t<\/div>\n\t\t\t\t\t<\/div>\n\t\t<\/div>\n\t\t\t\t<div class=\"elementor-column elementor-col-66 elementor-top-column elementor-element elementor-element-78bc78c2\" data-id=\"78bc78c2\" data-element_type=\"column\">\n\t\t\t<div class=\"elementor-widget-wrap elementor-element-populated\">\n\t\t\t\t\t\t<div class=\"elementor-element elementor-element-2052b071 elementor-widget elementor-widget-tm-heading\" data-id=\"2052b071\" data-element_type=\"widget\" data-widget_type=\"tm-heading.default\">\n\t\t\t\t<div class=\"elementor-widget-container\">\n\t\t\t\t\t\t\t<div class=\"tm-modern-heading tm-modern-heading--style-01 tm-modern-heading--highlight-style-01\">\n\t\t\t\n\t\t\t\t\t<div class=\"heading-primary-wrap\">\n\t\t\t<h4 class=\"heading-primary elementor-heading-title\">Visi\u00f3n general<\/h4>\t\t<\/div>\n\t\t\n\t\t\t\n\t\t\t\t\t<\/div>\n\t\t\t\t\t\t<\/div>\n\t\t\t\t<\/div>\n\t\t\t\t<div class=\"elementor-element elementor-element-7c6ab884 elementor-widget elementor-widget-text-editor\" data-id=\"7c6ab884\" data-element_type=\"widget\" data-widget_type=\"text-editor.default\">\n\t\t\t\t<div class=\"elementor-widget-container\">\n\t\t\t\t\t\t\t\t\t<p>AI1024G es un conmutador PoE AI dise\u00f1ado espec\u00edficamente para la transmisi\u00f3n de seguridad y la cobertura WIFI, que puede satisfacer las necesidades de alimentaci\u00f3n PoE de varios tipos de dispositivos tales como WIFI AP, c\u00e1mara IP, puente WIFI, tel\u00e9fono IP<\/p>\t\t\t\t\t\t\t\t<\/div>\n\t\t\t\t<\/div>\n\t\t\t\t<section class=\"elementor-section elementor-inner-section elementor-element elementor-element-2afe0aab elementor-section-gap-beside-no elementor-section-full_width elementor-section-height-default elementor-section-height-default elementor-section-column-vertical-align-stretch\" data-id=\"2afe0aab\" data-element_type=\"section\">\n\t\t\t\t\t\t<div class=\"elementor-container elementor-column-gap-extended\">\n\t\t\t\t\t<div class=\"elementor-column elementor-col-33 elementor-inner-column elementor-element elementor-element-7751e85f\" data-id=\"7751e85f\" data-element_type=\"column\">\n\t\t\t<div class=\"elementor-widget-wrap elementor-element-populated\">\n\t\t\t\t\t\t<div class=\"elementor-element elementor-element-d07ae98 elementor-widget elementor-widget-tm-heading\" data-id=\"d07ae98\" data-element_type=\"widget\" data-widget_type=\"tm-heading.default\">\n\t\t\t\t<div class=\"elementor-widget-container\">\n\t\t\t\t\t\t\t<div class=\"tm-modern-heading tm-modern-heading--style-01 tm-modern-heading--highlight-style-01\">\n\t\t\t\n\t\t\t\t\t<div class=\"heading-primary-wrap\">\n\t\t\t<h6 class=\"heading-primary elementor-heading-title\">Ancho de banda del backplane del conmutador<\/h6>\t\t<\/div>\n\t\t\n\t\t\t\n\t\t\t\t\t<div class=\"heading-description-wrap\">\n\t\t\t<div class=\"heading-description\">\n\t\t\t\t<p>\u00a052 Gbps (sin bloqueo)<\/p>\t\t\t<\/div>\n\t\t<\/div>\n\t\t\t\t<\/div>\n\t\t\t\t\t\t<\/div>\n\t\t\t\t<\/div>\n\t\t\t\t<div class=\"elementor-element elementor-element-7cf8fe9 elementor-widget elementor-widget-tm-heading\" data-id=\"7cf8fe9\" data-element_type=\"widget\" data-widget_type=\"tm-heading.default\">\n\t\t\t\t<div class=\"elementor-widget-container\">\n\t\t\t\t\t\t\t<div class=\"tm-modern-heading tm-modern-heading--style-01 tm-modern-heading--highlight-style-01\">\n\t\t\t\n\t\t\t\t\t<div class=\"heading-primary-wrap\">\n\t\t\t<h6 class=\"heading-primary elementor-heading-title\">Humedad de trabajo<\/h6>\t\t<\/div>\n\t\t\n\t\t\t\n\t\t\t\t\t<div class=\"heading-description-wrap\">\n\t\t\t<div class=\"heading-description\">\n\t\t\t\t<p>10% ~ 90% HR sin condensaci\u00f3n<\/p>\t\t\t<\/div>\n\t\t<\/div>\n\t\t\t\t<\/div>\n\t\t\t\t\t\t<\/div>\n\t\t\t\t<\/div>\n\t\t\t\t\t<\/div>\n\t\t<\/div>\n\t\t\t\t<div class=\"elementor-column elementor-col-33 elementor-inner-column elementor-element elementor-element-c6e3a56\" data-id=\"c6e3a56\" data-element_type=\"column\">\n\t\t\t<div class=\"elementor-widget-wrap elementor-element-populated\">\n\t\t\t\t\t\t<div class=\"elementor-element elementor-element-44fb51c6 elementor-widget elementor-widget-tm-heading\" data-id=\"44fb51c6\" data-element_type=\"widget\" data-widget_type=\"tm-heading.default\">\n\t\t\t\t<div class=\"elementor-widget-container\">\n\t\t\t\t\t\t\t<div class=\"tm-modern-heading tm-modern-heading--style-01 tm-modern-heading--highlight-style-01\">\n\t\t\t\n\t\t\t\t\t<div class=\"heading-primary-wrap\">\n\t\t\t<h6 class=\"heading-primary elementor-heading-title\">Reenv\u00edo de paquetes<\/h6>\t\t<\/div>\n\t\t\n\t\t\t\n\t\t\t\t\t<div class=\"heading-description-wrap\">\n\t\t\t<div class=\"heading-description\">\n\t\t\t\t<p>38,7Mpps<\/p>\t\t\t<\/div>\n\t\t<\/div>\n\t\t\t\t<\/div>\n\t\t\t\t\t\t<\/div>\n\t\t\t\t<\/div>\n\t\t\t\t<div class=\"elementor-element elementor-element-2de3256a elementor-widget elementor-widget-tm-heading\" data-id=\"2de3256a\" data-element_type=\"widget\" data-widget_type=\"tm-heading.default\">\n\t\t\t\t<div class=\"elementor-widget-container\">\n\t\t\t\t\t\t\t<div class=\"tm-modern-heading tm-modern-heading--style-01 tm-modern-heading--highlight-style-01\">\n\t\t\t\n\t\t\t\t\t<div class=\"heading-primary-wrap\">\n\t\t\t<h6 class=\"heading-primary elementor-heading-title\">Dimensiones (An \u00d7 Pr \u00d7 Al)<\/h6>\t\t<\/div>\n\t\t\n\t\t\t\n\t\t\t\t\t<div class=\"heading-description-wrap\">\n\t\t\t<div class=\"heading-description\">\n\t\t\t\t<p>440mm*180mm*44mm<\/p>\t\t\t<\/div>\n\t\t<\/div>\n\t\t\t\t<\/div>\n\t\t\t\t\t\t<\/div>\n\t\t\t\t<\/div>\n\t\t\t\t<div class=\"elementor-element elementor-element-453d78ca elementor-widget elementor-widget-spacer\" data-id=\"453d78ca\" data-element_type=\"widget\" data-widget_type=\"spacer.default\">\n\t\t\t\t<div class=\"elementor-widget-container\">\n\t\t\t\t\t\t\t<div class=\"elementor-spacer\">\n\t\t\t<div class=\"elementor-spacer-inner\"><\/div>\n\t\t<\/div>\n\t\t\t\t\t\t<\/div>\n\t\t\t\t<\/div>\n\t\t\t\t\t<\/div>\n\t\t<\/div>\n\t\t\t\t<div class=\"elementor-column elementor-col-33 elementor-inner-column elementor-element elementor-element-63d177a8\" data-id=\"63d177a8\" data-element_type=\"column\">\n\t\t\t<div class=\"elementor-widget-wrap elementor-element-populated\">\n\t\t\t\t\t\t<div class=\"elementor-element elementor-element-47145555 elementor-widget elementor-widget-tm-heading\" data-id=\"47145555\" data-element_type=\"widget\" data-widget_type=\"tm-heading.default\">\n\t\t\t\t<div class=\"elementor-widget-container\">\n\t\t\t\t\t\t\t<div class=\"tm-modern-heading tm-modern-heading--style-01 tm-modern-heading--highlight-style-01\">\n\t\t\t\n\t\t\t\t\t<div class=\"heading-primary-wrap\">\n\t\t\t<h6 class=\"heading-primary elementor-heading-title\">puerto de conmutador<\/h6>\t\t<\/div>\n\t\t\n\t\t\t\n\t\t\t\t\t<div class=\"heading-description-wrap\">\n\t\t\t<div class=\"heading-description\">\n\t\t\t\t<p>24 puertos RJ45 con 10\/100\/1000Mbps<\/p><p>2 puertos de fibra \u00f3ptica Gigabit SFP (puertos 25 a 26)<\/p>\t\t\t<\/div>\n\t\t<\/div>\n\t\t\t\t<\/div>\n\t\t\t\t\t\t<\/div>\n\t\t\t\t<\/div>\n\t\t\t\t\t<\/div>\n\t\t<\/div>\n\t\t\t\t\t<\/div>\n\t\t<\/section>\n\t\t\t\t\t<\/div>\n\t\t<\/div>\n\t\t\t\t\t<\/div>\n\t\t<\/section>\n\t\t<div class=\"elementor-element elementor-element-1b74d531 e-flex e-con-boxed e-con e-parent\" data-id=\"1b74d531\" data-element_type=\"container\">\n\t\t\t\t\t<div class=\"e-con-inner\">\n\t\t\t\t<div class=\"elementor-element elementor-element-aaf7427 elementor-widget elementor-widget-image\" data-id=\"aaf7427\" data-element_type=\"widget\" data-widget_type=\"image.default\">\n\t\t\t\t<div class=\"elementor-widget-container\">\n\t\t\t\t\t\t\t\t\t\t\t\t\t\t\t<img fetchpriority=\"high\" decoding=\"async\" width=\"1920\" height=\"756\" src=\"https:\/\/foredgetech.com\/wp-content\/uploads\/2023\/12\/A1-12.jpg\" class=\"attachment-full size-full wp-image-30188\" alt=\"\" srcset=\"https:\/\/foredgetech.com\/wp-content\/uploads\/2023\/12\/A1-12.jpg 1920w, https:\/\/foredgetech.com\/wp-content\/uploads\/2023\/12\/A1-12-150x59.jpg 150w, https:\/\/foredgetech.com\/wp-content\/uploads\/2023\/12\/A1-12-600x236.jpg 600w, https:\/\/foredgetech.com\/wp-content\/uploads\/2023\/12\/A1-12-300x118.jpg 300w, https:\/\/foredgetech.com\/wp-content\/uploads\/2023\/12\/A1-12-768x302.jpg 768w, https:\/\/foredgetech.com\/wp-content\/uploads\/2023\/12\/A1-12-1536x605.jpg 1536w\" sizes=\"(max-width: 1920px) 100vw, 1920px\" \/>\t\t\t\t\t\t\t\t\t\t\t\t\t\t\t<\/div>\n\t\t\t\t<\/div>\n\t\t\t\t<div class=\"elementor-element elementor-element-32289a0 elementor-widget elementor-widget-image\" data-id=\"32289a0\" data-element_type=\"widget\" data-widget_type=\"image.default\">\n\t\t\t\t<div class=\"elementor-widget-container\">\n\t\t\t\t\t\t\t\t\t\t\t\t\t\t\t<img decoding=\"async\" width=\"1920\" height=\"756\" data-src=\"https:\/\/foredgetech.com\/wp-content\/uploads\/2023\/12\/B2-\u662f\u9152\u5e97\u3001\u6821\u56ed\u3001\u5de5\u5382\u5bbf\u820d\u3001\u4e2d\u5c0f\u4f01\u4e1a-9.jpg\" class=\"attachment-full size-full wp-image-30189 lazyload\" alt=\"\" data-srcset=\"https:\/\/foredgetech.com\/wp-content\/uploads\/2023\/12\/B2-\u662f\u9152\u5e97\u3001\u6821\u56ed\u3001\u5de5\u5382\u5bbf\u820d\u3001\u4e2d\u5c0f\u4f01\u4e1a-9.jpg 1920w, https:\/\/foredgetech.com\/wp-content\/uploads\/2023\/12\/B2-\u662f\u9152\u5e97\u3001\u6821\u56ed\u3001\u5de5\u5382\u5bbf\u820d\u3001\u4e2d\u5c0f\u4f01\u4e1a-9-150x59.jpg 150w, https:\/\/foredgetech.com\/wp-content\/uploads\/2023\/12\/B2-\u662f\u9152\u5e97\u3001\u6821\u56ed\u3001\u5de5\u5382\u5bbf\u820d\u3001\u4e2d\u5c0f\u4f01\u4e1a-9-600x236.jpg 600w, https:\/\/foredgetech.com\/wp-content\/uploads\/2023\/12\/B2-\u662f\u9152\u5e97\u3001\u6821\u56ed\u3001\u5de5\u5382\u5bbf\u820d\u3001\u4e2d\u5c0f\u4f01\u4e1a-9-300x118.jpg 300w, https:\/\/foredgetech.com\/wp-content\/uploads\/2023\/12\/B2-\u662f\u9152\u5e97\u3001\u6821\u56ed\u3001\u5de5\u5382\u5bbf\u820d\u3001\u4e2d\u5c0f\u4f01\u4e1a-9-768x302.jpg 768w, https:\/\/foredgetech.com\/wp-content\/uploads\/2023\/12\/B2-\u662f\u9152\u5e97\u3001\u6821\u56ed\u3001\u5de5\u5382\u5bbf\u820d\u3001\u4e2d\u5c0f\u4f01\u4e1a-9-1536x605.jpg 1536w\" data-sizes=\"(max-width: 1920px) 100vw, 1920px\" src=\"data:image\/svg+xml;base64,PHN2ZyB3aWR0aD0iMSIgaGVpZ2h0PSIxIiB4bWxucz0iaHR0cDovL3d3dy53My5vcmcvMjAwMC9zdmciPjwvc3ZnPg==\" style=\"--smush-placeholder-width: 1920px; --smush-placeholder-aspect-ratio: 1920\/756;\" \/>\t\t\t\t\t\t\t\t\t\t\t\t\t\t\t<\/div>\n\t\t\t\t<\/div>\n\t\t\t\t<div class=\"elementor-element elementor-element-00805a5 elementor-widget elementor-widget-image\" data-id=\"00805a5\" data-element_type=\"widget\" data-widget_type=\"image.default\">\n\t\t\t\t<div class=\"elementor-widget-container\">\n\t\t\t\t\t\t\t\t\t\t\t\t\t\t\t<img decoding=\"async\" width=\"1920\" height=\"756\" data-src=\"https:\/\/foredgetech.com\/wp-content\/uploads\/2023\/12\/C3-1-\u7aef\u53e3\u5206\u533a-3.jpg\" class=\"attachment-full size-full wp-image-30190 lazyload\" alt=\"\" data-srcset=\"https:\/\/foredgetech.com\/wp-content\/uploads\/2023\/12\/C3-1-\u7aef\u53e3\u5206\u533a-3.jpg 1920w, https:\/\/foredgetech.com\/wp-content\/uploads\/2023\/12\/C3-1-\u7aef\u53e3\u5206\u533a-3-150x59.jpg 150w, https:\/\/foredgetech.com\/wp-content\/uploads\/2023\/12\/C3-1-\u7aef\u53e3\u5206\u533a-3-600x236.jpg 600w, https:\/\/foredgetech.com\/wp-content\/uploads\/2023\/12\/C3-1-\u7aef\u53e3\u5206\u533a-3-300x118.jpg 300w, https:\/\/foredgetech.com\/wp-content\/uploads\/2023\/12\/C3-1-\u7aef\u53e3\u5206\u533a-3-768x302.jpg 768w, https:\/\/foredgetech.com\/wp-content\/uploads\/2023\/12\/C3-1-\u7aef\u53e3\u5206\u533a-3-1536x605.jpg 1536w\" data-sizes=\"(max-width: 1920px) 100vw, 1920px\" src=\"data:image\/svg+xml;base64,PHN2ZyB3aWR0aD0iMSIgaGVpZ2h0PSIxIiB4bWxucz0iaHR0cDovL3d3dy53My5vcmcvMjAwMC9zdmciPjwvc3ZnPg==\" style=\"--smush-placeholder-width: 1920px; --smush-placeholder-aspect-ratio: 1920\/756;\" \/>\t\t\t\t\t\t\t\t\t\t\t\t\t\t\t<\/div>\n\t\t\t\t<\/div>\n\t\t\t\t<div class=\"elementor-element elementor-element-5cc51bf elementor-widget elementor-widget-image\" data-id=\"5cc51bf\" data-element_type=\"widget\" data-widget_type=\"image.default\">\n\t\t\t\t<div class=\"elementor-widget-container\">\n\t\t\t\t\t\t\t\t\t\t\t\t\t\t\t<img decoding=\"async\" width=\"1920\" height=\"756\" data-src=\"https:\/\/foredgetech.com\/wp-content\/uploads\/2023\/12\/C3-2-6KV\u9632\u96f7-\u6237\u5916-5.jpg\" class=\"attachment-full size-full wp-image-30191 lazyload\" alt=\"\" data-srcset=\"https:\/\/foredgetech.com\/wp-content\/uploads\/2023\/12\/C3-2-6KV\u9632\u96f7-\u6237\u5916-5.jpg 1920w, https:\/\/foredgetech.com\/wp-content\/uploads\/2023\/12\/C3-2-6KV\u9632\u96f7-\u6237\u5916-5-150x59.jpg 150w, https:\/\/foredgetech.com\/wp-content\/uploads\/2023\/12\/C3-2-6KV\u9632\u96f7-\u6237\u5916-5-600x236.jpg 600w, https:\/\/foredgetech.com\/wp-content\/uploads\/2023\/12\/C3-2-6KV\u9632\u96f7-\u6237\u5916-5-300x118.jpg 300w, https:\/\/foredgetech.com\/wp-content\/uploads\/2023\/12\/C3-2-6KV\u9632\u96f7-\u6237\u5916-5-768x302.jpg 768w, https:\/\/foredgetech.com\/wp-content\/uploads\/2023\/12\/C3-2-6KV\u9632\u96f7-\u6237\u5916-5-1536x605.jpg 1536w\" data-sizes=\"(max-width: 1920px) 100vw, 1920px\" src=\"data:image\/svg+xml;base64,PHN2ZyB3aWR0aD0iMSIgaGVpZ2h0PSIxIiB4bWxucz0iaHR0cDovL3d3dy53My5vcmcvMjAwMC9zdmciPjwvc3ZnPg==\" style=\"--smush-placeholder-width: 1920px; --smush-placeholder-aspect-ratio: 1920\/756;\" \/>\t\t\t\t\t\t\t\t\t\t\t\t\t\t\t<\/div>\n\t\t\t\t<\/div>\n\t\t\t\t<div class=\"elementor-element elementor-element-c47220d elementor-widget elementor-widget-image\" data-id=\"c47220d\" data-element_type=\"widget\" data-widget_type=\"image.default\">\n\t\t\t\t<div class=\"elementor-widget-container\">\n\t\t\t\t\t\t\t\t\t\t\t\t\t\t\t<img decoding=\"async\" width=\"1920\" height=\"756\" data-src=\"https:\/\/foredgetech.com\/wp-content\/uploads\/2023\/12\/D4-poe-9.jpg\" class=\"attachment-full size-full wp-image-30192 lazyload\" alt=\"\" data-srcset=\"https:\/\/foredgetech.com\/wp-content\/uploads\/2023\/12\/D4-poe-9.jpg 1920w, https:\/\/foredgetech.com\/wp-content\/uploads\/2023\/12\/D4-poe-9-150x59.jpg 150w, https:\/\/foredgetech.com\/wp-content\/uploads\/2023\/12\/D4-poe-9-600x236.jpg 600w, https:\/\/foredgetech.com\/wp-content\/uploads\/2023\/12\/D4-poe-9-300x118.jpg 300w, https:\/\/foredgetech.com\/wp-content\/uploads\/2023\/12\/D4-poe-9-768x302.jpg 768w, https:\/\/foredgetech.com\/wp-content\/uploads\/2023\/12\/D4-poe-9-1536x605.jpg 1536w\" data-sizes=\"(max-width: 1920px) 100vw, 1920px\" src=\"data:image\/svg+xml;base64,PHN2ZyB3aWR0aD0iMSIgaGVpZ2h0PSIxIiB4bWxucz0iaHR0cDovL3d3dy53My5vcmcvMjAwMC9zdmciPjwvc3ZnPg==\" style=\"--smush-placeholder-width: 1920px; --smush-placeholder-aspect-ratio: 1920\/756;\" \/>\t\t\t\t\t\t\t\t\t\t\t\t\t\t\t<\/div>\n\t\t\t\t<\/div>\n\t\t\t\t<div class=\"elementor-element elementor-element-e4cac20 elementor-widget elementor-widget-image\" data-id=\"e4cac20\" data-element_type=\"widget\" data-widget_type=\"image.default\">\n\t\t\t\t<div class=\"elementor-widget-container\">\n\t\t\t\t\t\t\t\t\t\t\t\t\t\t\t<img decoding=\"async\" width=\"1920\" height=\"756\" data-src=\"https:\/\/foredgetech.com\/wp-content\/uploads\/2023\/12\/E5-\u6e29\u5dee-\u6781\u70ed\u6781\u5bd2-12.jpg\" class=\"attachment-full size-full wp-image-30193 lazyload\" alt=\"\" data-srcset=\"https:\/\/foredgetech.com\/wp-content\/uploads\/2023\/12\/E5-\u6e29\u5dee-\u6781\u70ed\u6781\u5bd2-12.jpg 1920w, https:\/\/foredgetech.com\/wp-content\/uploads\/2023\/12\/E5-\u6e29\u5dee-\u6781\u70ed\u6781\u5bd2-12-150x59.jpg 150w, https:\/\/foredgetech.com\/wp-content\/uploads\/2023\/12\/E5-\u6e29\u5dee-\u6781\u70ed\u6781\u5bd2-12-600x236.jpg 600w, https:\/\/foredgetech.com\/wp-content\/uploads\/2023\/12\/E5-\u6e29\u5dee-\u6781\u70ed\u6781\u5bd2-12-300x118.jpg 300w, https:\/\/foredgetech.com\/wp-content\/uploads\/2023\/12\/E5-\u6e29\u5dee-\u6781\u70ed\u6781\u5bd2-12-768x302.jpg 768w, https:\/\/foredgetech.com\/wp-content\/uploads\/2023\/12\/E5-\u6e29\u5dee-\u6781\u70ed\u6781\u5bd2-12-1536x605.jpg 1536w\" data-sizes=\"(max-width: 1920px) 100vw, 1920px\" src=\"data:image\/svg+xml;base64,PHN2ZyB3aWR0aD0iMSIgaGVpZ2h0PSIxIiB4bWxucz0iaHR0cDovL3d3dy53My5vcmcvMjAwMC9zdmciPjwvc3ZnPg==\" style=\"--smush-placeholder-width: 1920px; --smush-placeholder-aspect-ratio: 1920\/756;\" \/>\t\t\t\t\t\t\t\t\t\t\t\t\t\t\t<\/div>\n\t\t\t\t<\/div>\n\t\t\t\t\t<\/div>\n\t\t\t\t<\/div>\n\t\t<div class=\"elementor-element elementor-element-4ce676b e-flex e-con-boxed e-con e-parent\" data-id=\"4ce676b\" data-element_type=\"container\">\n\t\t\t\t\t<div class=\"e-con-inner\">\n\t\t\t\t<div class=\"elementor-element elementor-element-142864b elementor-widget elementor-widget-heading\" data-id=\"142864b\" data-element_type=\"widget\" data-widget_type=\"heading.default\">\n\t\t\t\t<div class=\"elementor-widget-container\">\n\t\t\t\t\t<h2 class=\"elementor-heading-title elementor-size-default\">Especificaciones<\/h2>\t\t\t\t<\/div>\n\t\t\t\t<\/div>\n\t\t\t\t<div class=\"elementor-element elementor-element-c85a48f elementor-widget elementor-widget-text-editor\" data-id=\"c85a48f\" data-element_type=\"widget\" data-widget_type=\"text-editor.default\">\n\t\t\t\t<div class=\"elementor-widget-container\">\n\t\t\t\t\t\t\t\t\t<table width=\"503\"><tbody><tr><td width=\"130\"><p><strong>Interfaz de red<\/strong><\/p><\/td><td width=\"374\"><p>\u25cf24 * 10\/100\/1000M RJ45 puertos PoE (Puerto 1~Puerto 24)<\/p><p>\u25cf2 * puertos SFP (puerto 25~puerto 26)<\/p><\/td><\/tr><tr><td width=\"130\"><p><strong>Protocolo de red<\/strong><\/p><p><strong>Est\u00e1ndar<\/strong><\/p><\/td><td width=\"374\"><p>\u25cf IEEE 802.3i, IEEE 802.3u,IEEE 802.3x,IEEE 802.3ab,IEEE<\/p><p>802.3af,IEEE 802.3at<\/p><\/td><\/tr><tr><td width=\"130\"><p><strong>Rendimiento<\/strong><\/p><p><strong>Especificaciones<\/strong><\/p><\/td><td width=\"374\"><p>\u25cfAncho de banda de backplane: 52 Gbps (sin bloqueo).<\/p><p>\u25cfTasa de reenv\u00edo de paquetes: 38,7Mpps<\/p><p>\u25cfTabla de direcciones MAC: 8K<\/p><p>\u25cfModo de reenv\u00edo: Almacenar y reenviar<\/p><\/td><\/tr><tr><td width=\"130\"><p><strong>Indicador LED<\/strong><\/p><\/td><td width=\"374\"><p>\u25cf 1 Indicador de encendido<\/p><p>\u25cf 24 Indicador LINK\/ACT<\/p><p>\u25cf 24 Indicador PoE<\/p><p>\u25cf 2 Indicador SFP<\/p><\/td><\/tr><tr><td width=\"130\"><p><strong>Clavija POE<\/strong><\/p><\/td><td width=\"374\"><p>\u25cf1\/2(+) \uff0c3\/6(-) \uff1b<\/p><\/td><\/tr><tr><td width=\"130\"><p><strong>Soporte el\u00e9ctrico<\/strong><\/p><\/td><td width=\"374\"><p>La potencia m\u00e1xima de salida de un solo puerto es de 30 W.<\/p><p>\u25cfFuente de alimentaci\u00f3n m\u00e1xima: 250W;<\/p><\/td><\/tr><tr><td width=\"130\"><p><strong>F\u00edsico<\/strong><\/p><p><strong>Especificaciones<\/strong><\/p><\/td><td width=\"374\"><p>\u25cfDimensiones (LxAnxAl): 440mm\u00d7180mm\u00d744mm<\/p><\/td><\/tr><tr><td width=\"130\"><p><strong>Medio ambiente<\/strong><\/p><p><strong>Especificaciones<\/strong><\/p><\/td><td width=\"374\"><p>\u25cf Temperatura de trabajo: 0\u00b0C~40\u00b0C<\/p><p>\u25cf Temperatura de almacenamiento: -40\u2103 ~ 70\u2103<\/p><p>\u25cf Humedad de trabajo: 10%~ 90% HR sin condensaci\u00f3n.<\/p><p>\u25cf Humedad de almacenamiento: 5%~90% HR sin condensaci\u00f3n.<\/p><\/td><\/tr><tr><td width=\"130\"><p><strong>Normas de seguridad<\/strong><\/p><\/td><td width=\"374\"><p>\u25cfCE\/ROHS\/FCC<\/p><\/td><\/tr><\/tbody><\/table>\t\t\t\t\t\t\t\t<\/div>\n\t\t\t\t<\/div>\n\t\t\t\t\t<\/div>\n\t\t\t\t<\/div>\n\t\t\t\t<\/div>","protected":false},"excerpt":{"rendered":"<ul>\n<li>24 puertos RJ45 con funcionalidad PoE 10\/100\/1000Mbps (puertos 1 a 24)<\/li>\n<li>2 puertos de fibra \u00f3ptica Gigabit SFP (puertos 25 a 26)<\/li>\n<li>Funcionamiento estable y altamente fiable de los equipos<\/li>\n<li>Refrigeraci\u00f3n por aire y disipaci\u00f3n del calor, regulaci\u00f3n inteligente de la velocidad, bajo nivel de ruido y ahorro de energ\u00eda<\/li>\n<li>Todos los puertos admiten protecci\u00f3n contra rayos de 6KV<\/li>\n<\/ul>","protected":false},"featured_media":26872,"template":"","meta":[],"product_brand":[],"product_cat":[581],"product_tag":[],"class_list":{"0":"post-26870","1":"product","2":"type-product","3":"status-publish","4":"has-post-thumbnail","6":"product_cat-ai-switch-series","7":"pa_series-ai-access-switch","8":"pa_series-gigabit-poe-series","10":"first","11":"instock","12":"shipping-taxable","13":"product-type-simple"},"_links":{"self":[{"href":"https:\/\/foredgetech.com\/es\/wp-json\/wp\/v2\/product\/26870","targetHints":{"allow":["GET"]}}],"collection":[{"href":"https:\/\/foredgetech.com\/es\/wp-json\/wp\/v2\/product"}],"about":[{"href":"https:\/\/foredgetech.com\/es\/wp-json\/wp\/v2\/types\/product"}],"version-history":[{"count":2,"href":"https:\/\/foredgetech.com\/es\/wp-json\/wp\/v2\/product\/26870\/revisions"}],"predecessor-version":[{"id":34221,"href":"https:\/\/foredgetech.com\/es\/wp-json\/wp\/v2\/product\/26870\/revisions\/34221"}],"wp:featuredmedia":[{"embeddable":true,"href":"https:\/\/foredgetech.com\/es\/wp-json\/wp\/v2\/media\/26872"}],"wp:attachment":[{"href":"https:\/\/foredgetech.com\/es\/wp-json\/wp\/v2\/media?parent=26870"}],"wp:term":[{"taxonomy":"product_brand","embeddable":true,"href":"https:\/\/foredgetech.com\/es\/wp-json\/wp\/v2\/product_brand?post=26870"},{"taxonomy":"product_cat","embeddable":true,"href":"https:\/\/foredgetech.com\/es\/wp-json\/wp\/v2\/product_cat?post=26870"},{"taxonomy":"product_tag","embeddable":true,"href":"https:\/\/foredgetech.com\/es\/wp-json\/wp\/v2\/product_tag?post=26870"}],"curies":[{"name":"wp","href":"https:\/\/api.w.org\/{rel}","templated":true}]}}