{"id":23906,"date":"2023-12-25T09:16:08","date_gmt":"2023-12-25T09:16:08","guid":{"rendered":"https:\/\/foredgetech.com\/?page_id=23906"},"modified":"2024-01-02T07:38:57","modified_gmt":"2024-01-02T07:38:57","slug":"news","status":"publish","type":"page","link":"https:\/\/foredgetech.com\/es\/news\/","title":{"rendered":"noticias"},"content":{"rendered":"<div data-elementor-type=\"wp-page\" data-elementor-id=\"23906\" class=\"elementor elementor-23906\">\n\t\t\t\t<div class=\"elementor-element elementor-element-795fee4 e-flex e-con-boxed e-con e-parent\" data-id=\"795fee4\" data-element_type=\"container\">\n\t\t\t\t\t<div class=\"e-con-inner\">\n\t\t\t\t<div class=\"elementor-element elementor-element-71a76b9 elementor-widget elementor-widget-heading\" data-id=\"71a76b9\" data-element_type=\"widget\" data-widget_type=\"heading.default\">\n\t\t\t\t<div class=\"elementor-widget-container\">\n\t\t\t\t\t<h2 class=\"elementor-heading-title elementor-size-default\">Noticias<\/h2>\t\t\t\t<\/div>\n\t\t\t\t<\/div>\n\t\t\t\t<div class=\"elementor-element elementor-element-3cfaacb minimog-animation-zoom-in elementor-widget elementor-widget-tm-blog\" data-id=\"3cfaacb\" data-element_type=\"widget\" data-widget_type=\"tm-blog.default\">\n\t\t\t\t<div class=\"elementor-widget-container\">\n\t\t\t\t\t\t\t<div class=\"minimog-grid-wrapper minimog-blog minimog-blog-grid minimog-blog-caption-style-02\" data-grid=\"{&quot;type&quot;:&quot;grid&quot;,&quot;columns&quot;:3,&quot;gutter&quot;:30}\" style=\"--grid-columns-desktop: 3;--grid-gutter-desktop: 30;\" data-pagination=\"numbers\">\n\t\t\t\t\t\t\t\t\t\t\t<input type=\"hidden\"\n\t\t\t\t       class=\"minimog-query-input\" value=\"{&quot;source&quot;:&quot;custom_query&quot;,&quot;action&quot;:&quot;post_infinite_load&quot;,&quot;max_num_pages&quot;:6,&quot;found_posts&quot;:36,&quot;count&quot;:6,&quot;query_vars&quot;:{&quot;post_type&quot;:[&quot;post&quot;],&quot;posts_per_page&quot;:6,&quot;orderby&quot;:&quot;date&quot;,&quot;order&quot;:&quot;DESC&quot;,&quot;post_status&quot;:&quot;publish&quot;,&quot;tax_query&quot;:[{&quot;taxonomy&quot;:&quot;category&quot;,&quot;field&quot;:&quot;slug&quot;,&quot;terms&quot;:[&quot;news&quot;]}],&quot;paged&quot;:1},&quot;settings&quot;:{&quot;layout&quot;:&quot;grid&quot;,&quot;show_caption&quot;:&quot;yes&quot;,&quot;show_excerpt&quot;:&quot;&quot;,&quot;caption_style&quot;:&quot;02&quot;,&quot;thumbnail_size&quot;:&quot;custom&quot;,&quot;thumbnail_custom_dimension&quot;:{&quot;width&quot;:&quot;400&quot;,&quot;height&quot;:&quot;275&quot;},&quot;thumbnail_default_size&quot;:&quot;&quot;}}\"\/>\n\n\t\t\t\t<div class=\"minimog-grid  lazy-grid\">\n\t\t\t\t\t<div class=\"grid-item post-item post-30398 post type-post status-publish format-standard has-post-thumbnail hentry category-news\">\n\t<div class=\"post-wrapper minimog-box\">\n\n\t\t\t\t\t<div class=\"post-thumbnail-wrapper\">\n\t\t\t\t<div class=\"post-feature post-thumbnail minimog-image\">\n\t\t\t\t\t<a href=\"https:\/\/foredgetech.com\/es\/shenzhen-fengrunda-technology-co-ltd-successfully-held-the-third-quarter-investment-conference-of-the-global-channel-ark-plan\/\">\n\t\t\t\t\t\t<m-image class=\"minimog-lazy-image\" style=\"--lazy-image-width: 400px;--lazy-image-height: 68.75%;\" data-image-loading><img decoding=\"async\"  data-src=\"https:\/\/foredgetech.com\/wp-content\/uploads\/2024\/01\/640-14-2-400x275.png\" width=\"400\" height=\"275\" alt=\"640 (14)\" class=\"attachment-400x275 size-400x275 lazyload\" src=\"data:image\/svg+xml;base64,PHN2ZyB3aWR0aD0iMSIgaGVpZ2h0PSIxIiB4bWxucz0iaHR0cDovL3d3dy53My5vcmcvMjAwMC9zdmciPjwvc3ZnPg==\" style=\"--smush-placeholder-width: 400px; --smush-placeholder-aspect-ratio: 400\/275;\" \/><\/m-image>\t\t\t\t\t<\/a>\n\t\t\t\t<\/div>\n\t\t\t<\/div>\n\t\t\n\t\t\t\t\t<div class=\"post-caption\">\n\t\t\t\t<div class=\"entry-post-meta post-meta\">\n\t\t\t\t\t<div class=\"entry-post-meta__inner inner\">\n\t\t\t\t\t\t\t\t\t<div class=\"post-date\">\n\t\t\t\tabril 16, 2025\t\t\t<\/div>\n\t\t\t\t\t\t\t\t<\/div>\n\t\t\t\t<\/div>\n\n\t\t\t\t<h3 class=\"post-title post-title-2-rows\">\n\t<a href=\"https:\/\/foredgetech.com\/es\/shenzhen-fengrunda-technology-co-ltd-successfully-held-the-third-quarter-investment-conference-of-the-global-channel-ark-plan\/\">Shenzhen Fengrunda Technology Co., Ltd. celebr\u00f3 con \u00e9xito la conferencia de inversi\u00f3n del tercer trimestre del Plan Arca del Canal Global<\/a>\n<\/h3>\n\n\t\t\t\t\t\t\t<\/div>\n\t\t\t<\/div>\n<\/div>\n<div class=\"grid-item post-item post-32113 post type-post status-publish format-standard has-post-thumbnail hentry category-news\">\n\t<div class=\"post-wrapper minimog-box\">\n\n\t\t\t\t\t<div class=\"post-thumbnail-wrapper\">\n\t\t\t\t<div class=\"post-feature post-thumbnail minimog-image\">\n\t\t\t\t\t<a href=\"https:\/\/foredgetech.com\/es\/fengrun-da-2024-global-channel-plan-shining-appearance-at-xiangyang-security-association\/\">\n\t\t\t\t\t\t<m-image class=\"minimog-lazy-image\" style=\"--lazy-image-width: 400px;--lazy-image-height: 68.75%;\" data-image-loading><img decoding=\"async\"  data-src=\"https:\/\/foredgetech.com\/wp-content\/uploads\/2024\/05\/11-17-400x275.jpg\" width=\"400\" height=\"275\" alt=\"11\" class=\"attachment-400x275 size-400x275 lazyload\" src=\"data:image\/svg+xml;base64,PHN2ZyB3aWR0aD0iMSIgaGVpZ2h0PSIxIiB4bWxucz0iaHR0cDovL3d3dy53My5vcmcvMjAwMC9zdmciPjwvc3ZnPg==\" style=\"--smush-placeholder-width: 400px; --smush-placeholder-aspect-ratio: 400\/275;\" \/><\/m-image>\t\t\t\t\t<\/a>\n\t\t\t\t<\/div>\n\t\t\t<\/div>\n\t\t\n\t\t\t\t\t<div class=\"post-caption\">\n\t\t\t\t<div class=\"entry-post-meta post-meta\">\n\t\t\t\t\t<div class=\"entry-post-meta__inner inner\">\n\t\t\t\t\t\t\t\t\t<div class=\"post-date\">\n\t\t\t\tabril 16, 2025\t\t\t<\/div>\n\t\t\t\t\t\t\t\t<\/div>\n\t\t\t\t<\/div>\n\n\t\t\t\t<h3 class=\"post-title post-title-2-rows\">\n\t<a href=\"https:\/\/foredgetech.com\/es\/fengrun-da-2024-global-channel-plan-shining-appearance-at-xiangyang-security-association\/\">Fengrun Da 2024 Global Channel Plan - Brillante aparici\u00f3n en la Asociaci\u00f3n de Seguridad de Xiangyang<\/a>\n<\/h3>\n\n\t\t\t\t\t\t\t<\/div>\n\t\t\t<\/div>\n<\/div>\n<div class=\"grid-item post-item post-32719 post type-post status-publish format-standard hentry category-event post-no-thumbnail\">\n\t<div class=\"post-wrapper minimog-box\">\n\n\t\t\n\t\t\t\t\t<div class=\"post-caption\">\n\t\t\t\t<div class=\"entry-post-meta post-meta\">\n\t\t\t\t\t<div class=\"entry-post-meta__inner inner\">\n\t\t\t\t\t\t\t\t\t<div class=\"post-date\">\n\t\t\t\tabril 16, 2025\t\t\t<\/div>\n\t\t\t\t\t\t\t\t<\/div>\n\t\t\t\t<\/div>\n\n\t\t\t\t<h3 class=\"post-title post-title-2-rows\">\n\t<a href=\"https:\/\/foredgetech.com\/es\/__trashed\/\">Elementor #32719<\/a>\n<\/h3>\n\n\t\t\t\t\t\t\t<\/div>\n\t\t\t<\/div>\n<\/div>\n<div class=\"grid-item post-item post-31994 post type-post status-publish format-standard has-post-thumbnail hentry category-news\">\n\t<div class=\"post-wrapper minimog-box\">\n\n\t\t\t\t\t<div class=\"post-thumbnail-wrapper\">\n\t\t\t\t<div class=\"post-feature post-thumbnail minimog-image\">\n\t\t\t\t\t<a href=\"https:\/\/foredgetech.com\/es\/fengrunda-technology-shines-at-the-2024-huijie-group-core-strategic-customer-conference-joining-hands-to-win-the-future\/\">\n\t\t\t\t\t\t<m-image class=\"minimog-lazy-image\" style=\"--lazy-image-width: 400px;--lazy-image-height: 68.75%;\" data-image-loading><img decoding=\"async\"  data-src=\"https:\/\/foredgetech.com\/wp-content\/uploads\/2024\/05\/11-1-400x275.jpg\" width=\"400\" height=\"275\" alt=\"11\" class=\"attachment-400x275 size-400x275 lazyload\" src=\"data:image\/svg+xml;base64,PHN2ZyB3aWR0aD0iMSIgaGVpZ2h0PSIxIiB4bWxucz0iaHR0cDovL3d3dy53My5vcmcvMjAwMC9zdmciPjwvc3ZnPg==\" style=\"--smush-placeholder-width: 400px; --smush-placeholder-aspect-ratio: 400\/275;\" \/><\/m-image>\t\t\t\t\t<\/a>\n\t\t\t\t<\/div>\n\t\t\t<\/div>\n\t\t\n\t\t\t\t\t<div class=\"post-caption\">\n\t\t\t\t<div class=\"entry-post-meta post-meta\">\n\t\t\t\t\t<div class=\"entry-post-meta__inner inner\">\n\t\t\t\t\t\t\t\t\t<div class=\"post-date\">\n\t\t\t\tabril 16, 2025\t\t\t<\/div>\n\t\t\t\t\t\t\t\t<\/div>\n\t\t\t\t<\/div>\n\n\t\t\t\t<h3 class=\"post-title post-title-2-rows\">\n\t<a href=\"https:\/\/foredgetech.com\/es\/fengrunda-technology-shines-at-the-2024-huijie-group-core-strategic-customer-conference-joining-hands-to-win-the-future\/\">Fengrunda Technology brilla en la Conferencia de Clientes Estrat\u00e9gicos del Grupo Huijie 2024: Unir las manos para ganar el futuro<\/a>\n<\/h3>\n\n\t\t\t\t\t\t\t<\/div>\n\t\t\t<\/div>\n<\/div>\n<div class=\"grid-item post-item post-32119 post type-post status-publish format-standard has-post-thumbnail hentry category-news\">\n\t<div class=\"post-wrapper minimog-box\">\n\n\t\t\t\t\t<div class=\"post-thumbnail-wrapper\">\n\t\t\t\t<div class=\"post-feature post-thumbnail minimog-image\">\n\t\t\t\t\t<a href=\"https:\/\/foredgetech.com\/es\/fengrun-da-2024-channel-ark-offline-exchange-conference-successfully-held-at-shenyang-station\/\">\n\t\t\t\t\t\t<m-image class=\"minimog-lazy-image\" style=\"--lazy-image-width: 400px;--lazy-image-height: 68.75%;\" data-image-loading><img decoding=\"async\"  data-src=\"https:\/\/foredgetech.com\/wp-content\/uploads\/2024\/05\/11-18-400x275.jpg\" width=\"400\" height=\"275\" alt=\"11\" class=\"attachment-400x275 size-400x275 lazyload\" src=\"data:image\/svg+xml;base64,PHN2ZyB3aWR0aD0iMSIgaGVpZ2h0PSIxIiB4bWxucz0iaHR0cDovL3d3dy53My5vcmcvMjAwMC9zdmciPjwvc3ZnPg==\" style=\"--smush-placeholder-width: 400px; --smush-placeholder-aspect-ratio: 400\/275;\" \/><\/m-image>\t\t\t\t\t<\/a>\n\t\t\t\t<\/div>\n\t\t\t<\/div>\n\t\t\n\t\t\t\t\t<div class=\"post-caption\">\n\t\t\t\t<div class=\"entry-post-meta post-meta\">\n\t\t\t\t\t<div class=\"entry-post-meta__inner inner\">\n\t\t\t\t\t\t\t\t\t<div class=\"post-date\">\n\t\t\t\tabril 16, 2025\t\t\t<\/div>\n\t\t\t\t\t\t\t\t<\/div>\n\t\t\t\t<\/div>\n\n\t\t\t\t<h3 class=\"post-title post-title-2-rows\">\n\t<a href=\"https:\/\/foredgetech.com\/es\/fengrun-da-2024-channel-ark-offline-exchange-conference-successfully-held-at-shenyang-station\/\">Fengrun Da 2024 Channel Ark Offline Exchange Conference - Celebrada con \u00e9xito en la estaci\u00f3n de Shenyang<\/a>\n<\/h3>\n\n\t\t\t\t\t\t\t<\/div>\n\t\t\t<\/div>\n<\/div>\n<div class=\"grid-item post-item post-32721 post type-post status-publish format-standard has-post-thumbnail hentry category-event\">\n\t<div class=\"post-wrapper minimog-box\">\n\n\t\t\t\t\t<div class=\"post-thumbnail-wrapper\">\n\t\t\t\t<div class=\"post-feature post-thumbnail minimog-image\">\n\t\t\t\t\t<a href=\"https:\/\/foredgetech.com\/es\/successful-foredge-technology-philippines-ict-infrastructure-equipment-industry-forum\/\">\n\t\t\t\t\t\t<m-image class=\"minimog-lazy-image\" style=\"--lazy-image-width: 400px;--lazy-image-height: 68.75%;\" data-image-loading><img decoding=\"async\"  data-src=\"https:\/\/foredgetech.com\/wp-content\/uploads\/2024\/11\/e53a3e2a-0e0e-4e94-a597-91d44c902f8e-1-400x275.jpg\" width=\"400\" height=\"275\" alt=\"e53a3e2a-0e0e-4e94-a597-91d44c902f8e\" class=\"attachment-400x275 size-400x275 lazyload\" src=\"data:image\/svg+xml;base64,PHN2ZyB3aWR0aD0iMSIgaGVpZ2h0PSIxIiB4bWxucz0iaHR0cDovL3d3dy53My5vcmcvMjAwMC9zdmciPjwvc3ZnPg==\" style=\"--smush-placeholder-width: 400px; --smush-placeholder-aspect-ratio: 400\/275;\" \/><\/m-image>\t\t\t\t\t<\/a>\n\t\t\t\t<\/div>\n\t\t\t<\/div>\n\t\t\n\t\t\t\t\t<div class=\"post-caption\">\n\t\t\t\t<div class=\"entry-post-meta post-meta\">\n\t\t\t\t\t<div class=\"entry-post-meta__inner inner\">\n\t\t\t\t\t\t\t\t\t<div class=\"post-date\">\n\t\t\t\tabril 16, 2025\t\t\t<\/div>\n\t\t\t\t\t\t\t\t<\/div>\n\t\t\t\t<\/div>\n\n\t\t\t\t<h3 class=\"post-title post-title-2-rows\">\n\t<a href=\"https:\/\/foredgetech.com\/es\/successful-foredge-technology-philippines-ict-infrastructure-equipment-industry-forum\/\">\u00a1\u00c9xito del Foro de la Industria de Equipamiento de Infraestructuras TIC de Foredge Technology Filipinas!<\/a>\n<\/h3>\n\n\t\t\t\t\t\t\t<\/div>\n\t\t\t<\/div>\n<\/div>\n\t\t\t\t<\/div>\n\n\t\t\t\t\t\t\t<div class=\"minimog-grid-pagination\">\n\t\t\t\t<div class=\"pagination-wrapper\">\n\n\t\t\t\t\t\t\t\t\t\t\t<ul class=\"page-pagination\"><li><span aria-current=\"page\" class=\"page-numbers current\">1<\/span><\/li><li><a class=\"page-numbers\" href=\"https:\/\/foredgetech.com\/es\/wp-json\/wp\/v2\/pages\/23906\/page\/2\/\">2<\/a><\/li><li><span class=\"page-numbers dots\">&hellip;<\/span><\/li><li><a class=\"page-numbers\" href=\"https:\/\/foredgetech.com\/es\/wp-json\/wp\/v2\/pages\/23906\/page\/6\/\">6<\/a><\/li><li><a class=\"next page-numbers\" href=\"https:\/\/foredgetech.com\/es\/wp-json\/wp\/v2\/pages\/23906\/page\/2\/\"><span class=\"far fa-angle-double-right\"><\/span><\/a><\/li><\/ul>\t\t\t\t\t\n\t\t\t\t<\/div>\n\t\t\t\t<div class=\"minimog-grid-messages\" style=\"display: none;\">\n\t\t\t\t\tTodos los elementos que se muestran.\t\t\t\t<\/div>\n\t\t\t<\/div>\n\t\t\t\n\t\t\t\t\t\t\t\t\t<\/div>\n\t\t\t\t\t\t<\/div>\n\t\t\t\t<\/div>\n\t\t\t\t\t<\/div>\n\t\t\t\t<\/div>\n\t\t\t\t<\/div>","protected":false},"excerpt":{"rendered":"<p>News 12\u6708 30, 2023 Good News | Fengrunda Technology was selected as the fourth batch of national-level specialized and special new &#8220;little giant&#8221; enterprises list 12\u6708 30, 2023 APOLLO Platform won &#8220;Innovation Product Award of COVID-19 War&#8221; 12\u6708 30, 2023 More good news | Fengrunda Technology won the Technology Innovation Award of China Security Industry Empowerment Conference 12\u6708 30, 2023 Smart hotel solutions in the new era, Bill Gates&#8217; divine prediction 12\u6708 30, 2023 Achieve 95% revenue growth of smart hotel with 5% cost budget<\/p>","protected":false},"author":1,"featured_media":0,"parent":0,"menu_order":0,"comment_status":"closed","ping_status":"closed","template":"","meta":{"footnotes":""},"class_list":["post-23906","page","type-page","status-publish","hentry"],"_links":{"self":[{"href":"https:\/\/foredgetech.com\/es\/wp-json\/wp\/v2\/pages\/23906","targetHints":{"allow":["GET"]}}],"collection":[{"href":"https:\/\/foredgetech.com\/es\/wp-json\/wp\/v2\/pages"}],"about":[{"href":"https:\/\/foredgetech.com\/es\/wp-json\/wp\/v2\/types\/page"}],"author":[{"embeddable":true,"href":"https:\/\/foredgetech.com\/es\/wp-json\/wp\/v2\/users\/1"}],"replies":[{"embeddable":true,"href":"https:\/\/foredgetech.com\/es\/wp-json\/wp\/v2\/comments?post=23906"}],"version-history":[{"count":0,"href":"https:\/\/foredgetech.com\/es\/wp-json\/wp\/v2\/pages\/23906\/revisions"}],"wp:attachment":[{"href":"https:\/\/foredgetech.com\/es\/wp-json\/wp\/v2\/media?parent=23906"}],"curies":[{"name":"wp","href":"https:\/\/api.w.org\/{rel}","templated":true}]}}