{"id":28726,"date":"2024-01-04T07:02:45","date_gmt":"2024-01-04T07:02:45","guid":{"rendered":"https:\/\/foredgetech.com\/?post_type=product&#038;p=28726"},"modified":"2025-10-13T10:30:28","modified_gmt":"2025-10-13T10:30:28","slug":"is1016gps-4f","status":"publish","type":"product","link":"https:\/\/foredgetech.com\/de\/produkt\/is1016gps-4f\/","title":{"rendered":"IS1016GPS-4F 20 Ports Gigabit Managed Industrial PoE Switch"},"content":{"rendered":"<div data-elementor-type=\"wp-post\" data-elementor-id=\"28726\" class=\"elementor elementor-28726\">\n\t\t\t\t\t\t<section class=\"elementor-section elementor-top-section elementor-element elementor-element-5058e617 elementor-section-full_width elementor-section-gap-beside-no elementor-section-height-default elementor-section-height-default elementor-section-column-vertical-align-stretch\" data-id=\"5058e617\" data-element_type=\"section\">\n\t\t\t\t\t\t<div class=\"elementor-container elementor-column-gap-extended\">\n\t\t\t\t\t<div class=\"elementor-column elementor-col-33 elementor-top-column elementor-element elementor-element-f61c77a\" data-id=\"f61c77a\" data-element_type=\"column\">\n\t\t\t<div class=\"elementor-widget-wrap elementor-element-populated\">\n\t\t\t\t\t\t<div class=\"elementor-element elementor-element-12229f05 elementor-widget elementor-widget-tm-modern-image\" data-id=\"12229f05\" data-element_type=\"widget\" data-widget_type=\"tm-modern-image.default\">\n\t\t\t\t<div class=\"elementor-widget-container\">\n\t\t\t\t\t\t\t<div class=\"tm-modern-image\">\n\t\t\t\t\t\t\t<div class=\"minimog-box\">\n\t\t\t\t\t<div class=\"minimog-image\">\t\t\t\t\t<m-image class=\"minimog-lazy-image\" style=\"--lazy-image-width: 300px;--lazy-image-height: 83.333333333333%;\" data-image-loading><img decoding=\"async\"  data-src=\"https:\/\/foredgetech.com\/wp-content\/uploads\/2024\/01\/IS1016GS-4F.png\" width=\"300\" height=\"250\" alt=\"IS1016GS-4F\" class=\"attachment-full size-full lazyload\" src=\"data:image\/svg+xml;base64,PHN2ZyB3aWR0aD0iMSIgaGVpZ2h0PSIxIiB4bWxucz0iaHR0cDovL3d3dy53My5vcmcvMjAwMC9zdmciPjwvc3ZnPg==\" style=\"--smush-placeholder-width: 300px; --smush-placeholder-aspect-ratio: 300\/250;\" \/><\/m-image>\t\t\t\t\t<\/div>\t\t\t\t<\/div>\n\t\t\t\t\t\t\t\t\t\t<\/div>\n\t\t\t\t\t\t<\/div>\n\t\t\t\t<\/div>\n\t\t\t\t\t<\/div>\n\t\t<\/div>\n\t\t\t\t<div class=\"elementor-column elementor-col-66 elementor-top-column elementor-element elementor-element-78bc78c2\" data-id=\"78bc78c2\" data-element_type=\"column\">\n\t\t\t<div class=\"elementor-widget-wrap elementor-element-populated\">\n\t\t\t\t\t\t<div class=\"elementor-element elementor-element-2052b071 elementor-widget elementor-widget-tm-heading\" data-id=\"2052b071\" data-element_type=\"widget\" data-widget_type=\"tm-heading.default\">\n\t\t\t\t<div class=\"elementor-widget-container\">\n\t\t\t\t\t\t\t<div class=\"tm-modern-heading tm-modern-heading--style-01 tm-modern-heading--highlight-style-01\">\n\t\t\t\n\t\t\t\t\t<div class=\"heading-primary-wrap\">\n\t\t\t<h4 class=\"heading-primary elementor-heading-title\">\u00dcbersicht<\/h4>\t\t<\/div>\n\t\t\n\t\t\t\n\t\t\t\t\t<\/div>\n\t\t\t\t\t\t<\/div>\n\t\t\t\t<\/div>\n\t\t\t\t<div class=\"elementor-element elementor-element-7c6ab884 elementor-widget elementor-widget-text-editor\" data-id=\"7c6ab884\" data-element_type=\"widget\" data-widget_type=\"text-editor.default\">\n\t\t\t\t<div class=\"elementor-widget-container\">\n\t\t\t\t\t\t\t\t\t<p>Is a 20-port gigabit managed industrial Ethernet switch with\u00a0 16 gigabit PoE RJ45 ports and 4 gigabit optical SFP ports<\/p>\t\t\t\t\t\t\t\t<\/div>\n\t\t\t\t<\/div>\n\t\t\t\t<section class=\"elementor-section elementor-inner-section elementor-element elementor-element-2afe0aab elementor-section-gap-beside-no elementor-section-full_width elementor-section-height-default elementor-section-height-default elementor-section-column-vertical-align-stretch\" data-id=\"2afe0aab\" data-element_type=\"section\">\n\t\t\t\t\t\t<div class=\"elementor-container elementor-column-gap-extended\">\n\t\t\t\t\t<div class=\"elementor-column elementor-col-33 elementor-inner-column elementor-element elementor-element-7751e85f\" data-id=\"7751e85f\" data-element_type=\"column\">\n\t\t\t<div class=\"elementor-widget-wrap elementor-element-populated\">\n\t\t\t\t\t\t<div class=\"elementor-element elementor-element-d07ae98 elementor-widget elementor-widget-tm-heading\" data-id=\"d07ae98\" data-element_type=\"widget\" data-widget_type=\"tm-heading.default\">\n\t\t\t\t<div class=\"elementor-widget-container\">\n\t\t\t\t\t\t\t<div class=\"tm-modern-heading tm-modern-heading--style-01 tm-modern-heading--highlight-style-01\">\n\t\t\t\n\t\t\t\t\t<div class=\"heading-primary-wrap\">\n\t\t\t<h6 class=\"heading-primary elementor-heading-title\">Bandbreite der Switch-Backplane<\/h6>\t\t<\/div>\n\t\t\n\t\t\t\n\t\t\t\t\t<div class=\"heading-description-wrap\">\n\t\t\t<div class=\"heading-description\">\n\t\t\t\t<p>40Gbps<\/p>\t\t\t<\/div>\n\t\t<\/div>\n\t\t\t\t<\/div>\n\t\t\t\t\t\t<\/div>\n\t\t\t\t<\/div>\n\t\t\t\t<div class=\"elementor-element elementor-element-7cf8fe9 elementor-widget elementor-widget-tm-heading\" data-id=\"7cf8fe9\" data-element_type=\"widget\" data-widget_type=\"tm-heading.default\">\n\t\t\t\t<div class=\"elementor-widget-container\">\n\t\t\t\t\t\t\t<div class=\"tm-modern-heading tm-modern-heading--style-01 tm-modern-heading--highlight-style-01\">\n\t\t\t\n\t\t\t\t\t<div class=\"heading-primary-wrap\">\n\t\t\t<h6 class=\"heading-primary elementor-heading-title\">Luftfeuchtigkeit bei der Arbeit<\/h6>\t\t<\/div>\n\t\t\n\t\t\t\n\t\t\t\t\t<div class=\"heading-description-wrap\">\n\t\t\t<div class=\"heading-description\">\n\t\t\t\t<p>5%~95% RH ohne Kondensation<\/p>\t\t\t<\/div>\n\t\t<\/div>\n\t\t\t\t<\/div>\n\t\t\t\t\t\t<\/div>\n\t\t\t\t<\/div>\n\t\t\t\t\t<\/div>\n\t\t<\/div>\n\t\t\t\t<div class=\"elementor-column elementor-col-33 elementor-inner-column elementor-element elementor-element-c6e3a56\" data-id=\"c6e3a56\" data-element_type=\"column\">\n\t\t\t<div class=\"elementor-widget-wrap elementor-element-populated\">\n\t\t\t\t\t\t<div class=\"elementor-element elementor-element-44fb51c6 elementor-widget elementor-widget-tm-heading\" data-id=\"44fb51c6\" data-element_type=\"widget\" data-widget_type=\"tm-heading.default\">\n\t\t\t\t<div class=\"elementor-widget-container\">\n\t\t\t\t\t\t\t<div class=\"tm-modern-heading tm-modern-heading--style-01 tm-modern-heading--highlight-style-01\">\n\t\t\t\n\t\t\t\t\t<div class=\"heading-primary-wrap\">\n\t\t\t<h6 class=\"heading-primary elementor-heading-title\">Weiterleitung von Paketen<\/h6>\t\t<\/div>\n\t\t\n\t\t\t\n\t\t\t\t\t<div class=\"heading-description-wrap\">\n\t\t\t<div class=\"heading-description\">\n\t\t\t\t<p>108Mpps<\/p>\t\t\t<\/div>\n\t\t<\/div>\n\t\t\t\t<\/div>\n\t\t\t\t\t\t<\/div>\n\t\t\t\t<\/div>\n\t\t\t\t<div class=\"elementor-element elementor-element-2de3256a elementor-widget elementor-widget-tm-heading\" data-id=\"2de3256a\" data-element_type=\"widget\" data-widget_type=\"tm-heading.default\">\n\t\t\t\t<div class=\"elementor-widget-container\">\n\t\t\t\t\t\t\t<div class=\"tm-modern-heading tm-modern-heading--style-01 tm-modern-heading--highlight-style-01\">\n\t\t\t\n\t\t\t\t\t<div class=\"heading-primary-wrap\">\n\t\t\t<h6 class=\"heading-primary elementor-heading-title\">Abmessungen (B \u00d7 T \u00d7 H)<\/h6>\t\t<\/div>\n\t\t\n\t\t\t\n\t\t\t\t\t<div class=\"heading-description-wrap\">\n\t\t\t<div class=\"heading-description\">\n\t\t\t\t<p>164mm\u00d7130mm\u00d778.8mm<\/p>\t\t\t<\/div>\n\t\t<\/div>\n\t\t\t\t<\/div>\n\t\t\t\t\t\t<\/div>\n\t\t\t\t<\/div>\n\t\t\t\t<div class=\"elementor-element elementor-element-453d78ca elementor-widget elementor-widget-spacer\" data-id=\"453d78ca\" data-element_type=\"widget\" data-widget_type=\"spacer.default\">\n\t\t\t\t<div class=\"elementor-widget-container\">\n\t\t\t\t\t\t\t<div class=\"elementor-spacer\">\n\t\t\t<div class=\"elementor-spacer-inner\"><\/div>\n\t\t<\/div>\n\t\t\t\t\t\t<\/div>\n\t\t\t\t<\/div>\n\t\t\t\t\t<\/div>\n\t\t<\/div>\n\t\t\t\t<div class=\"elementor-column elementor-col-33 elementor-inner-column elementor-element elementor-element-63d177a8\" data-id=\"63d177a8\" data-element_type=\"column\">\n\t\t\t<div class=\"elementor-widget-wrap elementor-element-populated\">\n\t\t\t\t\t\t<div class=\"elementor-element elementor-element-47145555 elementor-widget elementor-widget-tm-heading\" data-id=\"47145555\" data-element_type=\"widget\" data-widget_type=\"tm-heading.default\">\n\t\t\t\t<div class=\"elementor-widget-container\">\n\t\t\t\t\t\t\t<div class=\"tm-modern-heading tm-modern-heading--style-01 tm-modern-heading--highlight-style-01\">\n\t\t\t\n\t\t\t\t\t<div class=\"heading-primary-wrap\">\n\t\t\t<h6 class=\"heading-primary elementor-heading-title\">Switchport<\/h6>\t\t<\/div>\n\t\t\n\t\t\t\n\t\t\t\t\t<div class=\"heading-description-wrap\">\n\t\t\t<div class=\"heading-description\">\n\t\t\t\t<p>16 10\/100\/1000Mbps RJ45-Anschl\u00fcsse (POE)<\/p><p>4 Gigabit SFP-Glasfaseranschl\u00fcsse<\/p>\t\t\t<\/div>\n\t\t<\/div>\n\t\t\t\t<\/div>\n\t\t\t\t\t\t<\/div>\n\t\t\t\t<\/div>\n\t\t\t\t\t<\/div>\n\t\t<\/div>\n\t\t\t\t\t<\/div>\n\t\t<\/section>\n\t\t\t\t\t<\/div>\n\t\t<\/div>\n\t\t\t\t\t<\/div>\n\t\t<\/section>\n\t\t<div class=\"elementor-element elementor-element-1b74d531 e-flex e-con-boxed e-con e-parent\" data-id=\"1b74d531\" data-element_type=\"container\">\n\t\t\t\t\t<div class=\"e-con-inner\">\n\t\t\t\t<div class=\"elementor-element elementor-element-aaf7427 elementor-widget elementor-widget-image\" data-id=\"aaf7427\" data-element_type=\"widget\" data-widget_type=\"image.default\">\n\t\t\t\t<div class=\"elementor-widget-container\">\n\t\t\t\t\t\t\t\t\t\t\t\t\t\t\t<img fetchpriority=\"high\" decoding=\"async\" width=\"1920\" height=\"1207\" src=\"https:\/\/foredgetech.com\/wp-content\/uploads\/2024\/01\/A1-\u4ea7\u54c1\u56fe-5.jpg\" class=\"attachment-full size-full wp-image-30604\" alt=\"\" srcset=\"https:\/\/foredgetech.com\/wp-content\/uploads\/2024\/01\/A1-\u4ea7\u54c1\u56fe-5.jpg 1920w, https:\/\/foredgetech.com\/wp-content\/uploads\/2024\/01\/A1-\u4ea7\u54c1\u56fe-5-150x94.jpg 150w, https:\/\/foredgetech.com\/wp-content\/uploads\/2024\/01\/A1-\u4ea7\u54c1\u56fe-5-600x377.jpg 600w, https:\/\/foredgetech.com\/wp-content\/uploads\/2024\/01\/A1-\u4ea7\u54c1\u56fe-5-300x189.jpg 300w, https:\/\/foredgetech.com\/wp-content\/uploads\/2024\/01\/A1-\u4ea7\u54c1\u56fe-5-768x483.jpg 768w, https:\/\/foredgetech.com\/wp-content\/uploads\/2024\/01\/A1-\u4ea7\u54c1\u56fe-5-1536x966.jpg 1536w\" sizes=\"(max-width: 1920px) 100vw, 1920px\" \/>\t\t\t\t\t\t\t\t\t\t\t\t\t\t\t<\/div>\n\t\t\t\t<\/div>\n\t\t\t\t<div class=\"elementor-element elementor-element-32289a0 elementor-widget elementor-widget-image\" data-id=\"32289a0\" data-element_type=\"widget\" data-widget_type=\"image.default\">\n\t\t\t\t<div class=\"elementor-widget-container\">\n\t\t\t\t\t\t\t\t\t\t\t\t\t\t\t<img decoding=\"async\" width=\"1920\" height=\"756\" data-src=\"https:\/\/foredgetech.com\/wp-content\/uploads\/2024\/01\/B2-\u5e94\u7528\u573a\u666f-\u6076\u52a3\u73af\u5883-3.jpg\" class=\"attachment-full size-full wp-image-30605 lazyload\" alt=\"\" data-srcset=\"https:\/\/foredgetech.com\/wp-content\/uploads\/2024\/01\/B2-\u5e94\u7528\u573a\u666f-\u6076\u52a3\u73af\u5883-3.jpg 1920w, https:\/\/foredgetech.com\/wp-content\/uploads\/2024\/01\/B2-\u5e94\u7528\u573a\u666f-\u6076\u52a3\u73af\u5883-3-150x59.jpg 150w, https:\/\/foredgetech.com\/wp-content\/uploads\/2024\/01\/B2-\u5e94\u7528\u573a\u666f-\u6076\u52a3\u73af\u5883-3-600x236.jpg 600w, https:\/\/foredgetech.com\/wp-content\/uploads\/2024\/01\/B2-\u5e94\u7528\u573a\u666f-\u6076\u52a3\u73af\u5883-3-300x118.jpg 300w, https:\/\/foredgetech.com\/wp-content\/uploads\/2024\/01\/B2-\u5e94\u7528\u573a\u666f-\u6076\u52a3\u73af\u5883-3-768x302.jpg 768w, https:\/\/foredgetech.com\/wp-content\/uploads\/2024\/01\/B2-\u5e94\u7528\u573a\u666f-\u6076\u52a3\u73af\u5883-3-1536x605.jpg 1536w\" data-sizes=\"(max-width: 1920px) 100vw, 1920px\" src=\"data:image\/svg+xml;base64,PHN2ZyB3aWR0aD0iMSIgaGVpZ2h0PSIxIiB4bWxucz0iaHR0cDovL3d3dy53My5vcmcvMjAwMC9zdmciPjwvc3ZnPg==\" style=\"--smush-placeholder-width: 1920px; --smush-placeholder-aspect-ratio: 1920\/756;\" \/>\t\t\t\t\t\t\t\t\t\t\t\t\t\t\t<\/div>\n\t\t\t\t<\/div>\n\t\t\t\t<div class=\"elementor-element elementor-element-469a6a5 elementor-widget elementor-widget-image\" data-id=\"469a6a5\" data-element_type=\"widget\" data-widget_type=\"image.default\">\n\t\t\t\t<div class=\"elementor-widget-container\">\n\t\t\t\t\t\t\t\t\t\t\t\t\t\t\t<img decoding=\"async\" width=\"1920\" height=\"756\" data-src=\"https:\/\/foredgetech.com\/wp-content\/uploads\/2024\/01\/C3-\u5b8c\u5584\u7684\u5b89\u5168\u673a\u5236-6.jpg\" class=\"attachment-full size-full wp-image-30606 lazyload\" alt=\"\" data-srcset=\"https:\/\/foredgetech.com\/wp-content\/uploads\/2024\/01\/C3-\u5b8c\u5584\u7684\u5b89\u5168\u673a\u5236-6.jpg 1920w, https:\/\/foredgetech.com\/wp-content\/uploads\/2024\/01\/C3-\u5b8c\u5584\u7684\u5b89\u5168\u673a\u5236-6-150x59.jpg 150w, https:\/\/foredgetech.com\/wp-content\/uploads\/2024\/01\/C3-\u5b8c\u5584\u7684\u5b89\u5168\u673a\u5236-6-600x236.jpg 600w, https:\/\/foredgetech.com\/wp-content\/uploads\/2024\/01\/C3-\u5b8c\u5584\u7684\u5b89\u5168\u673a\u5236-6-300x118.jpg 300w, https:\/\/foredgetech.com\/wp-content\/uploads\/2024\/01\/C3-\u5b8c\u5584\u7684\u5b89\u5168\u673a\u5236-6-768x302.jpg 768w, https:\/\/foredgetech.com\/wp-content\/uploads\/2024\/01\/C3-\u5b8c\u5584\u7684\u5b89\u5168\u673a\u5236-6-1536x605.jpg 1536w\" data-sizes=\"(max-width: 1920px) 100vw, 1920px\" src=\"data:image\/svg+xml;base64,PHN2ZyB3aWR0aD0iMSIgaGVpZ2h0PSIxIiB4bWxucz0iaHR0cDovL3d3dy53My5vcmcvMjAwMC9zdmciPjwvc3ZnPg==\" style=\"--smush-placeholder-width: 1920px; --smush-placeholder-aspect-ratio: 1920\/756;\" \/>\t\t\t\t\t\t\t\t\t\t\t\t\t\t\t<\/div>\n\t\t\t\t<\/div>\n\t\t\t\t<div class=\"elementor-element elementor-element-78d2623 elementor-widget elementor-widget-image\" data-id=\"78d2623\" data-element_type=\"widget\" data-widget_type=\"image.default\">\n\t\t\t\t<div class=\"elementor-widget-container\">\n\t\t\t\t\t\t\t\t\t\t\t\t\t\t\t<img decoding=\"async\" width=\"1920\" height=\"756\" data-src=\"https:\/\/foredgetech.com\/wp-content\/uploads\/2024\/01\/D4-1-\u7aef\u53e3\u5206\u533a-6.jpg\" class=\"attachment-full size-full wp-image-30610 lazyload\" alt=\"\" data-srcset=\"https:\/\/foredgetech.com\/wp-content\/uploads\/2024\/01\/D4-1-\u7aef\u53e3\u5206\u533a-6.jpg 1920w, https:\/\/foredgetech.com\/wp-content\/uploads\/2024\/01\/D4-1-\u7aef\u53e3\u5206\u533a-6-150x59.jpg 150w, https:\/\/foredgetech.com\/wp-content\/uploads\/2024\/01\/D4-1-\u7aef\u53e3\u5206\u533a-6-600x236.jpg 600w, https:\/\/foredgetech.com\/wp-content\/uploads\/2024\/01\/D4-1-\u7aef\u53e3\u5206\u533a-6-300x118.jpg 300w, https:\/\/foredgetech.com\/wp-content\/uploads\/2024\/01\/D4-1-\u7aef\u53e3\u5206\u533a-6-768x302.jpg 768w, https:\/\/foredgetech.com\/wp-content\/uploads\/2024\/01\/D4-1-\u7aef\u53e3\u5206\u533a-6-1536x605.jpg 1536w\" data-sizes=\"(max-width: 1920px) 100vw, 1920px\" src=\"data:image\/svg+xml;base64,PHN2ZyB3aWR0aD0iMSIgaGVpZ2h0PSIxIiB4bWxucz0iaHR0cDovL3d3dy53My5vcmcvMjAwMC9zdmciPjwvc3ZnPg==\" style=\"--smush-placeholder-width: 1920px; --smush-placeholder-aspect-ratio: 1920\/756;\" \/>\t\t\t\t\t\t\t\t\t\t\t\t\t\t\t<\/div>\n\t\t\t\t<\/div>\n\t\t\t\t<div class=\"elementor-element elementor-element-50ec8a2 elementor-widget elementor-widget-image\" data-id=\"50ec8a2\" data-element_type=\"widget\" data-widget_type=\"image.default\">\n\t\t\t\t<div class=\"elementor-widget-container\">\n\t\t\t\t\t\t\t\t\t\t\t\t\t\t\t<img decoding=\"async\" width=\"1920\" height=\"756\" data-src=\"https:\/\/foredgetech.com\/wp-content\/uploads\/2024\/01\/D4-3-\u5de5\u4f5c\u6e7f\u5ea6-11.jpg\" class=\"attachment-full size-full wp-image-30612 lazyload\" alt=\"\" data-srcset=\"https:\/\/foredgetech.com\/wp-content\/uploads\/2024\/01\/D4-3-\u5de5\u4f5c\u6e7f\u5ea6-11.jpg 1920w, https:\/\/foredgetech.com\/wp-content\/uploads\/2024\/01\/D4-3-\u5de5\u4f5c\u6e7f\u5ea6-11-150x59.jpg 150w, https:\/\/foredgetech.com\/wp-content\/uploads\/2024\/01\/D4-3-\u5de5\u4f5c\u6e7f\u5ea6-11-600x236.jpg 600w, https:\/\/foredgetech.com\/wp-content\/uploads\/2024\/01\/D4-3-\u5de5\u4f5c\u6e7f\u5ea6-11-300x118.jpg 300w, https:\/\/foredgetech.com\/wp-content\/uploads\/2024\/01\/D4-3-\u5de5\u4f5c\u6e7f\u5ea6-11-768x302.jpg 768w, https:\/\/foredgetech.com\/wp-content\/uploads\/2024\/01\/D4-3-\u5de5\u4f5c\u6e7f\u5ea6-11-1536x605.jpg 1536w\" data-sizes=\"(max-width: 1920px) 100vw, 1920px\" src=\"data:image\/svg+xml;base64,PHN2ZyB3aWR0aD0iMSIgaGVpZ2h0PSIxIiB4bWxucz0iaHR0cDovL3d3dy53My5vcmcvMjAwMC9zdmciPjwvc3ZnPg==\" style=\"--smush-placeholder-width: 1920px; --smush-placeholder-aspect-ratio: 1920\/756;\" \/>\t\t\t\t\t\t\t\t\t\t\t\t\t\t\t<\/div>\n\t\t\t\t<\/div>\n\t\t\t\t\t<\/div>\n\t\t\t\t<\/div>\n\t\t<div class=\"elementor-element elementor-element-4ce676b e-flex e-con-boxed e-con e-parent\" data-id=\"4ce676b\" data-element_type=\"container\">\n\t\t\t\t\t<div class=\"e-con-inner\">\n\t\t\t\t<div class=\"elementor-element elementor-element-142864b elementor-widget elementor-widget-heading\" data-id=\"142864b\" data-element_type=\"widget\" data-widget_type=\"heading.default\">\n\t\t\t\t<div class=\"elementor-widget-container\">\n\t\t\t\t\t<h2 class=\"elementor-heading-title elementor-size-default\">Spezifikationen<\/h2>\t\t\t\t<\/div>\n\t\t\t\t<\/div>\n\t\t\t\t<div class=\"elementor-element elementor-element-c85a48f elementor-widget elementor-widget-text-editor\" data-id=\"c85a48f\" data-element_type=\"widget\" data-widget_type=\"text-editor.default\">\n\t\t\t\t<div class=\"elementor-widget-container\">\n\t\t\t\t\t\t\t\t\t<table><tbody><tr><td colspan=\"2\"><p><strong>Hardware<\/strong><\/p><\/td><\/tr><tr><td><p><strong>Netzwerk-Schnittstelle<\/strong><\/p><\/td><td><p>\u25cf16-Port 10\/100\/1000Mbps RJ45<\/p><p>\u25cf 4-Port 10\/100\/1000Mbps SFP-Modul<\/p><p>\u25cf Konsolenanschl\u00fcsse x1<\/p><\/td><\/tr><tr><td><p><strong>Netzwerk-Protokoll<\/strong><\/p><\/td><td><p>\u25cf IEEE802.3\u3001IEEE802.3i\u3001IEEE802.3u\u3001IEEE802.3ab\u3001<\/p><p>IEEE802.3z\u3001IEEE802.3ad\u3001IEEE802.3x\u3001IEEE802.3af\/at\u3001 IEEE802.1p\u3001IEEE802.1q\u3001IEEE802.1w\u3001IEEE802.1d\u3001<\/p><p>IEEE802.1s<\/p><\/td><\/tr><tr><td><p><strong>Leistung<\/strong><\/p><\/td><td><p>\u25cf Switching capacity:40Gbps (Non-Block \uff09<\/p><p>\u25cf Weiterleitungsrate\uff1a29,8Mpps<\/p><p>\u25cf Paketpuffer\uff1a4.1Mb<\/p><p>\u25cf Weiterleitungsmodell: Speichern und weiterleiten<\/p><\/td><\/tr><tr><td><p><strong>LED-Anzeige<\/strong><\/p><\/td><td><p>\u25cf Stromanzeige\uff1aP1,P2<\/p><p>\u25cf System-Anzeige\uff1aSYS<\/p><p>\u25cf Alarm-Anzeige\uff1aALM<\/p><p>\u25cf SFP-Port-Anzeige\uff1aLink&amp;Act F1~F2<\/p><p>\u25cf RJ45-Port-Anzeige\uff1aPOE&amp;Link&amp;Act 1~8<\/p><\/td><\/tr><tr><td><p><strong>POE-Stift<\/strong><\/p><\/td><td><p>\u25cf 1\/2\uff08 + \uff09\uff0c3\/6\/(-) \uff1b<\/p><\/td><\/tr><tr><td><p><strong>Stromversorgung<\/strong><\/p><\/td><td><p>\u25cf Eingangsspannung: 48-56V DC<\/p><p>\u25cf Eingangsanschluss: Steckbarer 5-poliger Klemmenblock, 5,08 mm<\/p><p>Pitch (unterst\u00fctzt zwei DC-Stromquellen, integrierte<\/p><p>\u00dcberstromschutz, Unterst\u00fctzung von Anti-Reverse-Verbindungen)<\/p><p>\u25cf Leerlaufleistung: 6W@52V DC<\/p><p>\u25cf Full load power: 486W@52V DC (POE full load output)<\/p><p>\u25cf Max. Leistung f\u00fcr Einzelanschluss: 30W<\/p><\/td><\/tr><tr><td><p><strong>Physikalische Parameter<\/strong><\/p><\/td><td><p>\u25cf Geh\u00e4use\uff1aGewelltes hochfestes Metallgeh\u00e4use, IP40<\/p><p>\u25cf Einbau\uff1aDIN-Rail<\/p><p>\u25cf Abmessungen\uff08 LxBxH \uff09\uff1a164mm\u00d7130mm\u00d778.8mm<\/p><\/td><\/tr><tr><td><p><strong>Umwelt<\/strong><\/p><p><strong>Zustand<\/strong><\/p><\/td><td><p>\u25cf Betriebstemperatur\uff1a-40\u301c 75\u00b0C<\/p><p>\u25cf Lagertemperatur\uff1a-40\u301c 85\u2103<\/p><p>\u25cf Betriebsluftfeuchtigkeit\uff1a5%\u301c95% RH (nicht kondensierend)<\/p><p>\u25cf Luftfeuchtigkeit bei Lagerung\uff1a0%\u301c95% RH (nicht kondensierend)<\/p><\/td><\/tr><tr><td><p><strong>Zertifizierung<\/strong><\/p><\/td><td><p>\u25cf CE\/ROHS\/FCC<\/p><\/td><\/tr><tr><td colspan=\"2\"><p><strong>Software<\/strong><\/p><\/td><\/tr><tr><td><p><strong>Protokoll<\/strong><\/p><\/td><td><p>IEEE 802.3: Ethernet Media Access Control (MAC) Protokoll IEEE 802.3i: 10BASE-T Ethernet<\/p><p>IEEE 802.3u: 100BASE-TX schnelles Ethernet<\/p><p>IEEE 802.3ab: 1000BASE-T Gigabit-Ethernet<\/p><p>IEEE 802.3z: 1000BASE-X Gigabit Ethernet (Glasfaser)<\/p><p>IEEE 802.3ad: Kompatibler Link-Aggregations-Standard<\/p><p>IEEE 802.3x: Flusskontrolle<\/p><p>IEEE 802.1p: \u00dcber die Verkehrspriorit\u00e4t der zweiten Schicht des Qos\/Cos-Protokolls (Multicast-Filterung)<\/p><p>IEEE 802.1q: VLAN-Br\u00fcckenbetrieb<\/p><p>IEEE 802.1d: STP Spanning Tree<\/p><p>IEEE 802.1s: MSTP-Spannbaum<\/p><p>IEEE 802.1w: RSTP-Spannbaum<\/p><p>IEEE 802.3af<\/p><p>IEEE 802.3at<\/p><\/td><\/tr><tr><td><p><strong>AI-Taste<\/strong><\/p><\/td><td><p>AI-Schleifenschutz<\/p><p>AI PoE<\/p><p>AI VLAN<\/p><p>AI Erweitern<\/p><\/td><\/tr><tr><td><p><strong>DHCP<\/strong><\/p><\/td><td><p>DHCP-Snooping<\/p><\/td><\/tr><tr><td><p><strong>VLAN<\/strong><\/p><\/td><td><p>4K VLAN<\/p><p>802.1Q VLAN\u3001MAC VLAN ,IP VLAN<\/p><p>Sprach-VLAN<\/p><\/td><\/tr><tr><td><p><strong>MAC-Tabelle<\/strong><\/p><\/td><td><p>IEEE 802.1d<\/p><p>Unterst\u00fctzung von automatischem Lernen und Altern der MAC-Adresse<\/p><p>Unterst\u00fctzung statischer, dynamischer und filternder Adresstabellen<\/p><\/td><\/tr><tr><td><p><strong>Sicherheit<\/strong><\/p><\/td><td><p>Passwortschutz<\/p><p>Benutzerzugriff nach Portnummer, IP-Adresse und MAC-Adresse ablehnen HTTPS\u3001SSL V3\u3001TLS V1\u3001SSH V1\/V2<\/p><p>Unterst\u00fctzung der tern\u00e4ren IP-MAC-PORT-Bindung<\/p><p>ARP-Schutz\u3001IP-Quellenschutz\u3001DoS-Schutz Unterst\u00fctzung von DHCP Snooping und Schutz vor DHCP-Angriffen<\/p><p>Unterst\u00fctzung von 802.1X-Authentifizierung, AAA<\/p><p>Unterst\u00fctzung von Portsicherheit und Portisolierung<\/p><p>Unterst\u00fctzung des CPU-Schutzes<\/p><\/td><\/tr><tr><td colspan=\"2\"><p><strong>Software<\/strong><\/p><\/td><\/tr><tr><td><p><strong>PoE<\/strong> <strong>Verwaltung<\/strong><\/p><\/td><td><p>Support\u00a0PoE total\u00a0power limit<\/p><p>Support\u00a0PoE chip status view<\/p><p>Support\u00a0PoE\u00a0port\u00a0priority setting<\/p><p>Support\u00a0PoE\u00a0power time\u00a0period setting<\/p><\/td><\/tr><tr><td><p><strong>ACL<\/strong><\/p><\/td><td><p>Unterst\u00fctzt L2 (Layer 2) ~ L4 (Layer 4) Paketfilterungsfunktion Unterst\u00fctzt Port Mirroring, Port Redirection, Flow Rate Limit, QoS Remarking<\/p><\/td><\/tr><tr><td><p><strong>QoS<\/strong><\/p><\/td><td><p>Unterst\u00fctzung von 16 Port-Warteschlangen<\/p><p>Unterst\u00fctzung von Port-Priorit\u00e4t, 802.1P-Priorit\u00e4t, DSCP-Priorit\u00e4t<\/p><p>Unterst\u00fctzung von SP, RR, WRR, Priorit\u00e4tsplanungsalgorithmus<\/p><\/td><\/tr><tr><td><p>\u00a0<\/p><p><strong>Spanning Tree<\/strong><\/p><\/td><td><p>Unterst\u00fctzt STP (IEEE 802.1d), RSTP (IEEE 802.1w) und MSTP (IEEE 802.1s)<\/p><p>Unterst\u00fctzt Loop-Schutz, Root-Bridge-Schutz, TC-Schutz, BPDU-Schutz, BPDU-Filterung<\/p><\/td><\/tr><tr><td><p><strong>Multicast<\/strong><\/p><\/td><td><p>Unterst\u00fctzung von IGMP v1\/v2 Snooping<\/p><p>Unterst\u00fctzung von Multicast-VLAN<\/p><p>Unterst\u00fctzt Multicast-Filterung, Paketstatistiken und unbekannte Multicast-Verwerfungen<\/p><\/td><\/tr><tr><td><p><strong>Sturmunterdr\u00fcckung<\/strong><\/p><\/td><td><p>Multicast-Unterdr\u00fcckung<\/p><p>Rundfunkunterdr\u00fcckung<\/p><p>Unbekannte Unicast-Unterdr\u00fcckung<\/p><\/td><\/tr><tr><td><p><strong>Link-Aggregation<\/strong><\/p><\/td><td><p>Statische Aggregation<\/p><p>Dynamische Aggregation<\/p><p>Unterst\u00fctzung von IP-, MAC- und hybriden Lastausgleichsmodi<\/p><p>Bis zu 32 Aggregationsgruppen<\/p><\/td><\/tr><tr><td><p><strong>IPv6<\/strong><\/p><\/td><td><p>IPv6-Ping\u3001IPv6-Tracert\u3001IPv6-Telnet<\/p><p>IPv6 SSH \u3001IPv6 SSL<\/p><\/td><\/tr><tr><td><p><strong>Management und<\/strong> <strong>Wartung<\/strong><\/p><\/td><td><p>WEB-Management\uff08 HTTP\u3001HTTPS\u3001SSL V3 \uff09<\/p><p>CLI\uff08 Telnet, SSH V1\/V2, lokale serielle Schnittstelle\uff09<\/p><p>SNMP V1\/V2\/V3<\/p><p>LLDP\u3001RMON<\/p><p>ARP-Schutz, IP-Quellenschutz, DoS-Schutz<\/p><p>CPU-\u00dcberwachung, Speicher\u00fcberwachung<\/p><p>Systemprotokoll, Einstufungswarnung<\/p><p>Unterst\u00fctzung von Ping, Tracert-Erkennung, Kabelerkennung<\/p><\/td><\/tr><\/tbody><\/table>\t\t\t\t\t\t\t\t<\/div>\n\t\t\t\t<\/div>\n\t\t\t\t\t<\/div>\n\t\t\t\t<\/div>\n\t\t\t\t<\/div>","protected":false},"excerpt":{"rendered":"<ul>\n<li>16 10\/100\/1000Mbps RJ45 ports (POE), 4 Gigabit SFP fiber optic ports<\/li>\n<li>Personalisiertes Design mit geringem Volumen, flexibler Einsatz auf kleinem Raum<\/li>\n<li>Kein L\u00fcfter, nat\u00fcrliche W\u00e4rmeableitung, leise und energiesparend<\/li>\n<li>Vielf\u00e4ltige Sicherheitsstrategien gew\u00e4hrleisten einen stabilen und \u00e4u\u00dferst zuverl\u00e4ssigen Betrieb der Ger\u00e4te<\/li>\n<li>Umfangreiche Netzwerkfunktionen und Sicherheitsmerkmale<\/li>\n<li>Flexible Vernetzung und einfache Verwaltung<\/li>\n<\/ul>","protected":false},"featured_media":28874,"template":"","meta":[],"product_brand":[],"product_cat":[584],"product_tag":[],"class_list":{"0":"post-28726","1":"product","2":"type-product","3":"status-publish","4":"has-post-thumbnail","6":"product_cat-industrial-switch","7":"pa_series-industrial-poe-series","9":"first","10":"instock","11":"shipping-taxable","12":"product-type-simple"},"_links":{"self":[{"href":"https:\/\/foredgetech.com\/de\/wp-json\/wp\/v2\/product\/28726","targetHints":{"allow":["GET"]}}],"collection":[{"href":"https:\/\/foredgetech.com\/de\/wp-json\/wp\/v2\/product"}],"about":[{"href":"https:\/\/foredgetech.com\/de\/wp-json\/wp\/v2\/types\/product"}],"version-history":[{"count":2,"href":"https:\/\/foredgetech.com\/de\/wp-json\/wp\/v2\/product\/28726\/revisions"}],"predecessor-version":[{"id":34167,"href":"https:\/\/foredgetech.com\/de\/wp-json\/wp\/v2\/product\/28726\/revisions\/34167"}],"wp:featuredmedia":[{"embeddable":true,"href":"https:\/\/foredgetech.com\/de\/wp-json\/wp\/v2\/media\/28874"}],"wp:attachment":[{"href":"https:\/\/foredgetech.com\/de\/wp-json\/wp\/v2\/media?parent=28726"}],"wp:term":[{"taxonomy":"product_brand","embeddable":true,"href":"https:\/\/foredgetech.com\/de\/wp-json\/wp\/v2\/product_brand?post=28726"},{"taxonomy":"product_cat","embeddable":true,"href":"https:\/\/foredgetech.com\/de\/wp-json\/wp\/v2\/product_cat?post=28726"},{"taxonomy":"product_tag","embeddable":true,"href":"https:\/\/foredgetech.com\/de\/wp-json\/wp\/v2\/product_tag?post=28726"}],"curies":[{"name":"wp","href":"https:\/\/api.w.org\/{rel}","templated":true}]}}