{"id":27475,"date":"2024-01-02T07:51:56","date_gmt":"2024-01-02T07:51:56","guid":{"rendered":"https:\/\/foredgetech.com\/?post_type=product&#038;p=27475"},"modified":"2025-08-22T08:08:12","modified_gmt":"2025-08-22T08:08:12","slug":"s6700-48gx-4tf-2qf-plus","status":"publish","type":"product","link":"https:\/\/foredgetech.com\/de\/produkt\/s6700-48gx-4tf-2qf-plus\/","title":{"rendered":"S6700-48GX-4TF-2QF 100G Uplink 48-Port 2.5G L3 Managed Switch(Based on SONIC)"},"content":{"rendered":"<div data-elementor-type=\"wp-post\" data-elementor-id=\"27475\" class=\"elementor elementor-27475\">\n\t\t\t\t\t\t<section class=\"elementor-section elementor-top-section elementor-element elementor-element-5058e617 elementor-section-full_width elementor-section-gap-beside-no elementor-section-height-default elementor-section-height-default elementor-section-column-vertical-align-stretch\" data-id=\"5058e617\" data-element_type=\"section\">\n\t\t\t\t\t\t<div class=\"elementor-container elementor-column-gap-extended\">\n\t\t\t\t\t<div class=\"elementor-column elementor-col-33 elementor-top-column elementor-element elementor-element-f61c77a\" data-id=\"f61c77a\" data-element_type=\"column\">\n\t\t\t<div class=\"elementor-widget-wrap elementor-element-populated\">\n\t\t\t\t\t\t<div class=\"elementor-element elementor-element-12229f05 elementor-widget elementor-widget-tm-modern-image\" data-id=\"12229f05\" data-element_type=\"widget\" data-widget_type=\"tm-modern-image.default\">\n\t\t\t\t<div class=\"elementor-widget-container\">\n\t\t\t\t\t\t\t<div class=\"tm-modern-image\">\n\t\t\t\t\t\t\t<div class=\"minimog-box\">\n\t\t\t\t\t<div class=\"minimog-image\">\t\t\t\t\t<m-image class=\"minimog-lazy-image\" style=\"--lazy-image-width: 300px;--lazy-image-height: 83.333333333333%;\" data-image-loading><img decoding=\"async\"  data-src=\"https:\/\/foredgetech.com\/wp-content\/uploads\/2024\/01\/S6700-48GX-4TF-2QF\uff082\uff09.png\" width=\"300\" height=\"250\" alt=\"S6700-48GX-4TF-2QF+\uff082\uff09\" class=\"attachment-full size-full lazyload\" src=\"data:image\/svg+xml;base64,PHN2ZyB3aWR0aD0iMSIgaGVpZ2h0PSIxIiB4bWxucz0iaHR0cDovL3d3dy53My5vcmcvMjAwMC9zdmciPjwvc3ZnPg==\" style=\"--smush-placeholder-width: 300px; --smush-placeholder-aspect-ratio: 300\/250;\" \/><\/m-image>\t\t\t\t\t<\/div>\t\t\t\t<\/div>\n\t\t\t\t\t\t\t\t\t\t<\/div>\n\t\t\t\t\t\t<\/div>\n\t\t\t\t<\/div>\n\t\t\t\t\t<\/div>\n\t\t<\/div>\n\t\t\t\t<div class=\"elementor-column elementor-col-66 elementor-top-column elementor-element elementor-element-78bc78c2\" data-id=\"78bc78c2\" data-element_type=\"column\">\n\t\t\t<div class=\"elementor-widget-wrap elementor-element-populated\">\n\t\t\t\t\t\t<div class=\"elementor-element elementor-element-2052b071 elementor-widget elementor-widget-tm-heading\" data-id=\"2052b071\" data-element_type=\"widget\" data-widget_type=\"tm-heading.default\">\n\t\t\t\t<div class=\"elementor-widget-container\">\n\t\t\t\t\t\t\t<div class=\"tm-modern-heading tm-modern-heading--style-01 tm-modern-heading--highlight-style-01\">\n\t\t\t\n\t\t\t\t\t<div class=\"heading-primary-wrap\">\n\t\t\t<h4 class=\"heading-primary elementor-heading-title\">\u00dcbersicht<\/h4>\t\t<\/div>\n\t\t\n\t\t\t\n\t\t\t\t\t<\/div>\n\t\t\t\t\t\t<\/div>\n\t\t\t\t<\/div>\n\t\t\t\t<div class=\"elementor-element elementor-element-7c6ab884 elementor-widget elementor-widget-text-editor\" data-id=\"7c6ab884\" data-element_type=\"widget\" data-widget_type=\"text-editor.default\">\n\t\t\t\t<div class=\"elementor-widget-container\">\n\t\t\t\t\t\t\t\t\t<p>Unterst\u00fctzung von 48 2,5G-Zugangs- und 10G\/40G-Hochgeschwindigkeits-Uplink-Ports<\/p>\t\t\t\t\t\t\t\t<\/div>\n\t\t\t\t<\/div>\n\t\t\t\t<section class=\"elementor-section elementor-inner-section elementor-element elementor-element-2afe0aab elementor-section-gap-beside-no elementor-section-full_width elementor-section-height-default elementor-section-height-default elementor-section-column-vertical-align-stretch\" data-id=\"2afe0aab\" data-element_type=\"section\">\n\t\t\t\t\t\t<div class=\"elementor-container elementor-column-gap-extended\">\n\t\t\t\t\t<div class=\"elementor-column elementor-col-33 elementor-inner-column elementor-element elementor-element-7751e85f\" data-id=\"7751e85f\" data-element_type=\"column\">\n\t\t\t<div class=\"elementor-widget-wrap elementor-element-populated\">\n\t\t\t\t\t\t<div class=\"elementor-element elementor-element-d07ae98 elementor-widget elementor-widget-tm-heading\" data-id=\"d07ae98\" data-element_type=\"widget\" data-widget_type=\"tm-heading.default\">\n\t\t\t\t<div class=\"elementor-widget-container\">\n\t\t\t\t\t\t\t<div class=\"tm-modern-heading tm-modern-heading--style-01 tm-modern-heading--highlight-style-01\">\n\t\t\t\n\t\t\t\t\t<div class=\"heading-primary-wrap\">\n\t\t\t<h6 class=\"heading-primary elementor-heading-title\">Bandbreite der Switch-Backplane<\/h6>\t\t<\/div>\n\t\t\n\t\t\t\n\t\t\t\t\t<div class=\"heading-description-wrap\">\n\t\t\t<div class=\"heading-description\">\n\t\t\t\t<p>1280Gbps<\/p>\t\t\t<\/div>\n\t\t<\/div>\n\t\t\t\t<\/div>\n\t\t\t\t\t\t<\/div>\n\t\t\t\t<\/div>\n\t\t\t\t<div class=\"elementor-element elementor-element-7cf8fe9 elementor-widget elementor-widget-tm-heading\" data-id=\"7cf8fe9\" data-element_type=\"widget\" data-widget_type=\"tm-heading.default\">\n\t\t\t\t<div class=\"elementor-widget-container\">\n\t\t\t\t\t\t\t<div class=\"tm-modern-heading tm-modern-heading--style-01 tm-modern-heading--highlight-style-01\">\n\t\t\t\n\t\t\t\t\t<div class=\"heading-primary-wrap\">\n\t\t\t<h6 class=\"heading-primary elementor-heading-title\">Luftfeuchtigkeit bei der Arbeit<\/h6>\t\t<\/div>\n\t\t\n\t\t\t\n\t\t\t\t\t<div class=\"heading-description-wrap\">\n\t\t\t<div class=\"heading-description\">\n\t\t\t\t<p>10% ~ 90% RH nun-kondensierend<\/p>\t\t\t<\/div>\n\t\t<\/div>\n\t\t\t\t<\/div>\n\t\t\t\t\t\t<\/div>\n\t\t\t\t<\/div>\n\t\t\t\t\t<\/div>\n\t\t<\/div>\n\t\t\t\t<div class=\"elementor-column elementor-col-33 elementor-inner-column elementor-element elementor-element-c6e3a56\" data-id=\"c6e3a56\" data-element_type=\"column\">\n\t\t\t<div class=\"elementor-widget-wrap elementor-element-populated\">\n\t\t\t\t\t\t<div class=\"elementor-element elementor-element-44fb51c6 elementor-widget elementor-widget-tm-heading\" data-id=\"44fb51c6\" data-element_type=\"widget\" data-widget_type=\"tm-heading.default\">\n\t\t\t\t<div class=\"elementor-widget-container\">\n\t\t\t\t\t\t\t<div class=\"tm-modern-heading tm-modern-heading--style-01 tm-modern-heading--highlight-style-01\">\n\t\t\t\n\t\t\t\t\t<div class=\"heading-primary-wrap\">\n\t\t\t<h6 class=\"heading-primary elementor-heading-title\">Weiterleitung von Paketen<\/h6>\t\t<\/div>\n\t\t\n\t\t\t\n\t\t\t\t\t<div class=\"heading-description-wrap\">\n\t\t\t<div class=\"heading-description\">\n\t\t\t\t<p>630Mpps<\/p>\t\t\t<\/div>\n\t\t<\/div>\n\t\t\t\t<\/div>\n\t\t\t\t\t\t<\/div>\n\t\t\t\t<\/div>\n\t\t\t\t<div class=\"elementor-element elementor-element-2de3256a elementor-widget elementor-widget-tm-heading\" data-id=\"2de3256a\" data-element_type=\"widget\" data-widget_type=\"tm-heading.default\">\n\t\t\t\t<div class=\"elementor-widget-container\">\n\t\t\t\t\t\t\t<div class=\"tm-modern-heading tm-modern-heading--style-01 tm-modern-heading--highlight-style-01\">\n\t\t\t\n\t\t\t\t\t<div class=\"heading-primary-wrap\">\n\t\t\t<h6 class=\"heading-primary elementor-heading-title\">Abmessungen (B \u00d7 T \u00d7 H)<\/h6>\t\t<\/div>\n\t\t\n\t\t\t\n\t\t\t\t\t<div class=\"heading-description-wrap\">\n\t\t\t<div class=\"heading-description\">\n\t\t\t\t<p>440mm \u00d7 320mm \u00d7 44mm<\/p>\t\t\t<\/div>\n\t\t<\/div>\n\t\t\t\t<\/div>\n\t\t\t\t\t\t<\/div>\n\t\t\t\t<\/div>\n\t\t\t\t<div class=\"elementor-element elementor-element-453d78ca elementor-widget elementor-widget-spacer\" data-id=\"453d78ca\" data-element_type=\"widget\" data-widget_type=\"spacer.default\">\n\t\t\t\t<div class=\"elementor-widget-container\">\n\t\t\t\t\t\t\t<div class=\"elementor-spacer\">\n\t\t\t<div class=\"elementor-spacer-inner\"><\/div>\n\t\t<\/div>\n\t\t\t\t\t\t<\/div>\n\t\t\t\t<\/div>\n\t\t\t\t\t<\/div>\n\t\t<\/div>\n\t\t\t\t<div class=\"elementor-column elementor-col-33 elementor-inner-column elementor-element elementor-element-63d177a8\" data-id=\"63d177a8\" data-element_type=\"column\">\n\t\t\t<div class=\"elementor-widget-wrap elementor-element-populated\">\n\t\t\t\t\t\t<div class=\"elementor-element elementor-element-47145555 elementor-widget elementor-widget-tm-heading\" data-id=\"47145555\" data-element_type=\"widget\" data-widget_type=\"tm-heading.default\">\n\t\t\t\t<div class=\"elementor-widget-container\">\n\t\t\t\t\t\t\t<div class=\"tm-modern-heading tm-modern-heading--style-01 tm-modern-heading--highlight-style-01\">\n\t\t\t\n\t\t\t\t\t<div class=\"heading-primary-wrap\">\n\t\t\t<h6 class=\"heading-primary elementor-heading-title\">Switchport<\/h6>\t\t<\/div>\n\t\t\n\t\t\t\n\t\t\t\t\t<div class=\"heading-description-wrap\">\n\t\t\t<div class=\"heading-description\">\n\t\t\t\t<p>48 elektrische 1000M\/2.5G RJ45-Anschl\u00fcsse<\/p><p>4 optische 10G SFP+-Anschl\u00fcsse<\/p><p>2 optische 40G QSFP-Anschl\u00fcsse<\/p>\t\t\t<\/div>\n\t\t<\/div>\n\t\t\t\t<\/div>\n\t\t\t\t\t\t<\/div>\n\t\t\t\t<\/div>\n\t\t\t\t\t<\/div>\n\t\t<\/div>\n\t\t\t\t\t<\/div>\n\t\t<\/section>\n\t\t\t\t\t<\/div>\n\t\t<\/div>\n\t\t\t\t\t<\/div>\n\t\t<\/section>\n\t\t<div class=\"elementor-element elementor-element-1b74d531 e-flex e-con-boxed e-con e-parent\" data-id=\"1b74d531\" data-element_type=\"container\">\n\t\t\t\t\t<div class=\"e-con-inner\">\n\t\t\t\t<div class=\"elementor-element elementor-element-aaf7427 elementor-widget elementor-widget-image\" data-id=\"aaf7427\" data-element_type=\"widget\" data-widget_type=\"image.default\">\n\t\t\t\t<div class=\"elementor-widget-container\">\n\t\t\t\t\t\t\t\t\t\t\t\t\t\t\t<img fetchpriority=\"high\" decoding=\"async\" width=\"1920\" height=\"756\" src=\"https:\/\/foredgetech.com\/wp-content\/uploads\/2024\/01\/A1-10.jpg\" class=\"attachment-full size-full wp-image-30638\" alt=\"\" srcset=\"https:\/\/foredgetech.com\/wp-content\/uploads\/2024\/01\/A1-10.jpg 1920w, https:\/\/foredgetech.com\/wp-content\/uploads\/2024\/01\/A1-10-150x59.jpg 150w, https:\/\/foredgetech.com\/wp-content\/uploads\/2024\/01\/A1-10-600x236.jpg 600w, https:\/\/foredgetech.com\/wp-content\/uploads\/2024\/01\/A1-10-300x118.jpg 300w, https:\/\/foredgetech.com\/wp-content\/uploads\/2024\/01\/A1-10-768x302.jpg 768w, https:\/\/foredgetech.com\/wp-content\/uploads\/2024\/01\/A1-10-1536x605.jpg 1536w\" sizes=\"(max-width: 1920px) 100vw, 1920px\" \/>\t\t\t\t\t\t\t\t\t\t\t\t\t\t\t<\/div>\n\t\t\t\t<\/div>\n\t\t\t\t<div class=\"elementor-element elementor-element-32289a0 elementor-widget elementor-widget-image\" data-id=\"32289a0\" data-element_type=\"widget\" data-widget_type=\"image.default\">\n\t\t\t\t<div class=\"elementor-widget-container\">\n\t\t\t\t\t\t\t\t\t\t\t\t\t\t\t<img decoding=\"async\" width=\"1920\" height=\"756\" data-src=\"https:\/\/foredgetech.com\/wp-content\/uploads\/2024\/01\/B2-\u7f51\u5427-\u7535\u7ade\u9152\u5e97-\u4f01\u4e1a\u6570\u636e\u4e2d\u5fc3.jpg\" class=\"attachment-full size-full wp-image-30639 lazyload\" alt=\"\" data-srcset=\"https:\/\/foredgetech.com\/wp-content\/uploads\/2024\/01\/B2-\u7f51\u5427-\u7535\u7ade\u9152\u5e97-\u4f01\u4e1a\u6570\u636e\u4e2d\u5fc3.jpg 1920w, https:\/\/foredgetech.com\/wp-content\/uploads\/2024\/01\/B2-\u7f51\u5427-\u7535\u7ade\u9152\u5e97-\u4f01\u4e1a\u6570\u636e\u4e2d\u5fc3-150x59.jpg 150w, https:\/\/foredgetech.com\/wp-content\/uploads\/2024\/01\/B2-\u7f51\u5427-\u7535\u7ade\u9152\u5e97-\u4f01\u4e1a\u6570\u636e\u4e2d\u5fc3-600x236.jpg 600w, https:\/\/foredgetech.com\/wp-content\/uploads\/2024\/01\/B2-\u7f51\u5427-\u7535\u7ade\u9152\u5e97-\u4f01\u4e1a\u6570\u636e\u4e2d\u5fc3-300x118.jpg 300w, https:\/\/foredgetech.com\/wp-content\/uploads\/2024\/01\/B2-\u7f51\u5427-\u7535\u7ade\u9152\u5e97-\u4f01\u4e1a\u6570\u636e\u4e2d\u5fc3-768x302.jpg 768w, https:\/\/foredgetech.com\/wp-content\/uploads\/2024\/01\/B2-\u7f51\u5427-\u7535\u7ade\u9152\u5e97-\u4f01\u4e1a\u6570\u636e\u4e2d\u5fc3-1536x605.jpg 1536w\" data-sizes=\"(max-width: 1920px) 100vw, 1920px\" src=\"data:image\/svg+xml;base64,PHN2ZyB3aWR0aD0iMSIgaGVpZ2h0PSIxIiB4bWxucz0iaHR0cDovL3d3dy53My5vcmcvMjAwMC9zdmciPjwvc3ZnPg==\" style=\"--smush-placeholder-width: 1920px; --smush-placeholder-aspect-ratio: 1920\/756;\" \/>\t\t\t\t\t\t\t\t\t\t\t\t\t\t\t<\/div>\n\t\t\t\t<\/div>\n\t\t\t\t<div class=\"elementor-element elementor-element-ca6f521 elementor-widget elementor-widget-image\" data-id=\"ca6f521\" data-element_type=\"widget\" data-widget_type=\"image.default\">\n\t\t\t\t<div class=\"elementor-widget-container\">\n\t\t\t\t\t\t\t\t\t\t\t\t\t\t\t<img decoding=\"async\" width=\"1920\" height=\"756\" data-src=\"https:\/\/foredgetech.com\/wp-content\/uploads\/2024\/01\/C3-\u5b8c\u5584\u7684\u5b89\u5168\u673a\u5236-8.jpg\" class=\"attachment-full size-full wp-image-30640 lazyload\" alt=\"\" data-srcset=\"https:\/\/foredgetech.com\/wp-content\/uploads\/2024\/01\/C3-\u5b8c\u5584\u7684\u5b89\u5168\u673a\u5236-8.jpg 1920w, https:\/\/foredgetech.com\/wp-content\/uploads\/2024\/01\/C3-\u5b8c\u5584\u7684\u5b89\u5168\u673a\u5236-8-150x59.jpg 150w, https:\/\/foredgetech.com\/wp-content\/uploads\/2024\/01\/C3-\u5b8c\u5584\u7684\u5b89\u5168\u673a\u5236-8-600x236.jpg 600w, https:\/\/foredgetech.com\/wp-content\/uploads\/2024\/01\/C3-\u5b8c\u5584\u7684\u5b89\u5168\u673a\u5236-8-300x118.jpg 300w, https:\/\/foredgetech.com\/wp-content\/uploads\/2024\/01\/C3-\u5b8c\u5584\u7684\u5b89\u5168\u673a\u5236-8-768x302.jpg 768w, https:\/\/foredgetech.com\/wp-content\/uploads\/2024\/01\/C3-\u5b8c\u5584\u7684\u5b89\u5168\u673a\u5236-8-1536x605.jpg 1536w\" data-sizes=\"(max-width: 1920px) 100vw, 1920px\" src=\"data:image\/svg+xml;base64,PHN2ZyB3aWR0aD0iMSIgaGVpZ2h0PSIxIiB4bWxucz0iaHR0cDovL3d3dy53My5vcmcvMjAwMC9zdmciPjwvc3ZnPg==\" style=\"--smush-placeholder-width: 1920px; --smush-placeholder-aspect-ratio: 1920\/756;\" \/>\t\t\t\t\t\t\t\t\t\t\t\t\t\t\t<\/div>\n\t\t\t\t<\/div>\n\t\t\t\t<div class=\"elementor-element elementor-element-d6031e9 elementor-widget elementor-widget-image\" data-id=\"d6031e9\" data-element_type=\"widget\" data-widget_type=\"image.default\">\n\t\t\t\t<div class=\"elementor-widget-container\">\n\t\t\t\t\t\t\t\t\t\t\t\t\t\t\t<img decoding=\"async\" width=\"1920\" height=\"756\" data-src=\"https:\/\/foredgetech.com\/wp-content\/uploads\/2024\/01\/C3-0-\u7aef\u53e3\u5206\u533a.jpg\" class=\"attachment-full size-full wp-image-30641 lazyload\" alt=\"\" data-srcset=\"https:\/\/foredgetech.com\/wp-content\/uploads\/2024\/01\/C3-0-\u7aef\u53e3\u5206\u533a.jpg 1920w, https:\/\/foredgetech.com\/wp-content\/uploads\/2024\/01\/C3-0-\u7aef\u53e3\u5206\u533a-150x59.jpg 150w, https:\/\/foredgetech.com\/wp-content\/uploads\/2024\/01\/C3-0-\u7aef\u53e3\u5206\u533a-600x236.jpg 600w, https:\/\/foredgetech.com\/wp-content\/uploads\/2024\/01\/C3-0-\u7aef\u53e3\u5206\u533a-300x118.jpg 300w, https:\/\/foredgetech.com\/wp-content\/uploads\/2024\/01\/C3-0-\u7aef\u53e3\u5206\u533a-768x302.jpg 768w, https:\/\/foredgetech.com\/wp-content\/uploads\/2024\/01\/C3-0-\u7aef\u53e3\u5206\u533a-1536x605.jpg 1536w\" data-sizes=\"(max-width: 1920px) 100vw, 1920px\" src=\"data:image\/svg+xml;base64,PHN2ZyB3aWR0aD0iMSIgaGVpZ2h0PSIxIiB4bWxucz0iaHR0cDovL3d3dy53My5vcmcvMjAwMC9zdmciPjwvc3ZnPg==\" style=\"--smush-placeholder-width: 1920px; --smush-placeholder-aspect-ratio: 1920\/756;\" \/>\t\t\t\t\t\t\t\t\t\t\t\t\t\t\t<\/div>\n\t\t\t\t<\/div>\n\t\t\t\t<div class=\"elementor-element elementor-element-4fa9a73 elementor-widget elementor-widget-image\" data-id=\"4fa9a73\" data-element_type=\"widget\" data-widget_type=\"image.default\">\n\t\t\t\t<div class=\"elementor-widget-container\">\n\t\t\t\t\t\t\t\t\t\t\t\t\t\t\t<img decoding=\"async\" width=\"1920\" height=\"756\" data-src=\"https:\/\/foredgetech.com\/wp-content\/uploads\/2024\/01\/D4-2-\u6570\u636e\u5305\u8f6c\u53d1-S6700-48GX-4TF-2QF.jpg\" class=\"attachment-full size-full wp-image-32899 lazyload\" alt=\"\" data-srcset=\"https:\/\/foredgetech.com\/wp-content\/uploads\/2024\/01\/D4-2-\u6570\u636e\u5305\u8f6c\u53d1-S6700-48GX-4TF-2QF.jpg 1920w, https:\/\/foredgetech.com\/wp-content\/uploads\/2024\/01\/D4-2-\u6570\u636e\u5305\u8f6c\u53d1-S6700-48GX-4TF-2QF-150x59.jpg 150w, https:\/\/foredgetech.com\/wp-content\/uploads\/2024\/01\/D4-2-\u6570\u636e\u5305\u8f6c\u53d1-S6700-48GX-4TF-2QF-600x236.jpg 600w, https:\/\/foredgetech.com\/wp-content\/uploads\/2024\/01\/D4-2-\u6570\u636e\u5305\u8f6c\u53d1-S6700-48GX-4TF-2QF-300x118.jpg 300w, https:\/\/foredgetech.com\/wp-content\/uploads\/2024\/01\/D4-2-\u6570\u636e\u5305\u8f6c\u53d1-S6700-48GX-4TF-2QF-768x302.jpg 768w, https:\/\/foredgetech.com\/wp-content\/uploads\/2024\/01\/D4-2-\u6570\u636e\u5305\u8f6c\u53d1-S6700-48GX-4TF-2QF-1536x605.jpg 1536w, https:\/\/foredgetech.com\/wp-content\/uploads\/2024\/01\/D4-2-\u6570\u636e\u5305\u8f6c\u53d1-S6700-48GX-4TF-2QF-18x7.jpg 18w\" data-sizes=\"(max-width: 1920px) 100vw, 1920px\" src=\"data:image\/svg+xml;base64,PHN2ZyB3aWR0aD0iMSIgaGVpZ2h0PSIxIiB4bWxucz0iaHR0cDovL3d3dy53My5vcmcvMjAwMC9zdmciPjwvc3ZnPg==\" style=\"--smush-placeholder-width: 1920px; --smush-placeholder-aspect-ratio: 1920\/756;\" \/>\t\t\t\t\t\t\t\t\t\t\t\t\t\t\t<\/div>\n\t\t\t\t<\/div>\n\t\t\t\t<div class=\"elementor-element elementor-element-e5b31ca elementor-widget elementor-widget-image\" data-id=\"e5b31ca\" data-element_type=\"widget\" data-widget_type=\"image.default\">\n\t\t\t\t<div class=\"elementor-widget-container\">\n\t\t\t\t\t\t\t\t\t\t\t\t\t\t\t<img decoding=\"async\" width=\"1920\" height=\"756\" data-src=\"https:\/\/foredgetech.com\/wp-content\/uploads\/2024\/01\/D4-3-\u5de5\u4f5c\u6e7f\u5ea6-13.jpg\" class=\"attachment-full size-full wp-image-30643 lazyload\" alt=\"\" data-srcset=\"https:\/\/foredgetech.com\/wp-content\/uploads\/2024\/01\/D4-3-\u5de5\u4f5c\u6e7f\u5ea6-13.jpg 1920w, https:\/\/foredgetech.com\/wp-content\/uploads\/2024\/01\/D4-3-\u5de5\u4f5c\u6e7f\u5ea6-13-150x59.jpg 150w, https:\/\/foredgetech.com\/wp-content\/uploads\/2024\/01\/D4-3-\u5de5\u4f5c\u6e7f\u5ea6-13-600x236.jpg 600w, https:\/\/foredgetech.com\/wp-content\/uploads\/2024\/01\/D4-3-\u5de5\u4f5c\u6e7f\u5ea6-13-300x118.jpg 300w, https:\/\/foredgetech.com\/wp-content\/uploads\/2024\/01\/D4-3-\u5de5\u4f5c\u6e7f\u5ea6-13-768x302.jpg 768w, https:\/\/foredgetech.com\/wp-content\/uploads\/2024\/01\/D4-3-\u5de5\u4f5c\u6e7f\u5ea6-13-1536x605.jpg 1536w\" data-sizes=\"(max-width: 1920px) 100vw, 1920px\" src=\"data:image\/svg+xml;base64,PHN2ZyB3aWR0aD0iMSIgaGVpZ2h0PSIxIiB4bWxucz0iaHR0cDovL3d3dy53My5vcmcvMjAwMC9zdmciPjwvc3ZnPg==\" style=\"--smush-placeholder-width: 1920px; --smush-placeholder-aspect-ratio: 1920\/756;\" \/>\t\t\t\t\t\t\t\t\t\t\t\t\t\t\t<\/div>\n\t\t\t\t<\/div>\n\t\t\t\t\t<\/div>\n\t\t\t\t<\/div>\n\t\t<div class=\"elementor-element elementor-element-4ce676b e-flex e-con-boxed e-con e-parent\" data-id=\"4ce676b\" data-element_type=\"container\">\n\t\t\t\t\t<div class=\"e-con-inner\">\n\t\t\t\t<div class=\"elementor-element elementor-element-142864b elementor-widget elementor-widget-heading\" data-id=\"142864b\" data-element_type=\"widget\" data-widget_type=\"heading.default\">\n\t\t\t\t<div class=\"elementor-widget-container\">\n\t\t\t\t\t<h2 class=\"elementor-heading-title elementor-size-default\">Spezifikationen<\/h2>\t\t\t\t<\/div>\n\t\t\t\t<\/div>\n\t\t\t\t<div class=\"elementor-element elementor-element-c85a48f elementor-widget elementor-widget-text-editor\" data-id=\"c85a48f\" data-element_type=\"widget\" data-widget_type=\"text-editor.default\">\n\t\t\t\t<div class=\"elementor-widget-container\">\n\t\t\t\t\t\t\t\t\t<table><tbody><tr><td colspan=\"2\"><p><strong>Hardware-Spezifikation:<\/strong><\/p><\/td><\/tr><tr><td><p><strong>Netzwerk<\/strong><strong>\u00a0<\/strong><strong>Schnittstelle<\/strong><\/p><\/td><td><p>\u25cf 48*1000M\/2.5Gbps RJ45-Anschl\u00fcsse<\/p><p>\u25cf 4*10G SFP+ Anschl\u00fcsse<\/p><p>\u25cf 2*40G QSFP+ Anschl\u00fcsse<\/p><p>\u25cf 1*Konsolenanschluss<\/p><\/td><\/tr><tr><td><p><strong>Stromverbrauch<\/strong><\/p><\/td><td><p>\u25cf Weniger als 100 W<\/p><\/td><\/tr><tr><td><p><strong>Leistung<\/strong><\/p><\/td><td><p>\u25cf Band mit\uff1a480Gbps<\/p><p>\u25cf Paketweiterleitungsrate\uff1a360Mpps<\/p><p>\u25cf Gr\u00f6\u00dfe der MAC-Tabelle\uff1a128K<\/p><p>Anschlusspuffer\uff1a4.5MB<\/p><p>\u25cf Blitzlicht\uff1a4GB<\/p><p>\u25cf DRAM\uff1a2GB<\/p><p>\u25cf Weiterleitungstyp\uff1aSpeicherweiterleitung<\/p><\/td><\/tr><tr><td><p><strong>Jumbo<\/strong> <strong>Rahmen<\/strong><\/p><\/td><td><p>\u25cf 16K<\/p><\/td><\/tr><tr><td><p><strong>Stromversorger<\/strong><\/p><\/td><td><p>\u25cf Leistungsaufnahme\uff1aAC 100-240V\/50-60Hz<\/p><\/td><\/tr><tr><td><p><strong>Dimension<\/strong><\/p><\/td><td><p>\u25cf BxTxH\uff1a440mmx180mmx44mm<\/p><\/td><\/tr><tr><td><p><strong>Umwelt<\/strong><\/p><\/td><td><p>\u25cf Betriebstemperatur\uff1a0\u00b0C~50\u00b0C<\/p><p>\u25cf Lagertemperatur\uff1a-40\u2103\u301c70\u2103<\/p><p>\u25cf Luftfeuchtigkeit bei Betrieb\uff1a10%~ 90% RH nicht kondensierend \u25cf Luftfeuchtigkeit bei Lagerung\uff1a5%\u301c90% RH nicht kondensierend<\/p><\/td><\/tr><tr><td><p><strong>Safty<\/strong> <strong>Verordnungen<\/strong><\/p><\/td><td><p>\u25cf CE\/ROHS\/FCC<\/p><\/td><\/tr><tr><td colspan=\"2\"><p><strong>Software-Spezifikationen:<\/strong><\/p><\/td><\/tr><tr><td><p><strong>Multicast<\/strong><\/p><\/td><td><p>\u25cf IGMP v1\/v2c\/v3<\/p><p>\u25cf IGMP-Snooping<\/p><p>\u25cf IGMP schnelles Verlassen<\/p><p>\u25cf Multicast-Gruppenrichtlinie und Multicast-Anzahlbegrenzung<\/p><p>\u25cf Multicast-Filterung \u25cf MVR<\/p><p>\u25cf IGMP-Snooping in bestimmten Ports und VLANs<\/p><p>\u25cf PIM-DM\/SM\/SSM<\/p><\/td><\/tr><tr><td><p><strong>IPv4<\/strong><\/p><\/td><td><p>\u25cf Statisches Routing, RIP v1\/v2, OSPF, BGP<\/p><p>\u25cf Richtlinienbasiertes Routing (PBR)<\/p><p>\u25cf ECMP<\/p><p>BFD f\u00fcr statisches Routing, RIP, OSPF, BGP<\/p><\/td><\/tr><tr><td><p><strong>IPv6<\/strong><\/p><\/td><td><p>\u25cf IPv4\/v6-Dual-Stack<\/p><p>\u25cf ICMPv6, DHCPv6, ACLv6 und IPv6 Telnet<\/p><p>\u25cf Ipv6-Nachbarschaftserkennung<\/p><p>\u25cf Erkennung der MTU der Trasse<\/p><p>\u25cf MLDV1<\/p><p>\u25cf IPv6 Statisches Routing, RIPng, OSPFv3, BGP4+<\/p><p>\u25cf Manueller Tunnel, ISATAP-Tunnel, 6-zu-4-Tunnel<\/p><\/td><\/tr><tr><td><p><strong>DHCP<\/strong><\/p><\/td><td><p>\u25cf DHCP-Server, -Client, -Relay, -Snooping<\/p><\/td><\/tr><tr><td><p><strong>MPLS<\/strong><\/p><\/td><td><p>\u25cf MCE<\/p><\/td><\/tr><tr><td><p><strong>QoS<\/strong><\/p><\/td><td><p>\u25cf Tra\ufb03c-Klassifizierung von Port\/L2~4-Protokoll-Headern\/VLAN\/CoS\/DSCP<\/p><p>\u25cf Mehrere Warteschlangenalgorithmen wie SP, 802.1P\/DSCP Priorit\u00e4tszuordnung und Bemerkung<\/p><p>\u25cf CAR tra\ufb03c Kontrolle<\/p><p>\u25cf WRR oder SP+WRR,Tail-Drop, WRED<\/p><p>\u25cf Tra\ufb03c-\u00dcberwachung und Tra\ufb03c-Gestaltung<\/p><p>\u25cf 8 Warteschlangen pro Anschluss<\/p><\/td><\/tr><tr><td colspan=\"2\"><p><strong>Software-Spezifikationen:<\/strong><\/p><\/td><\/tr><tr><td><p><strong>Sicherheit<\/strong><\/p><\/td><td><p>\u25cf Schutz vor DDoS-Angriffen, Schutz vor TCP-SYN\/UDP\/ARP-Flood-Angriffen<\/p><p>\u25cf IEEE 802.1x-Authentifizierung, Mehrbenutzer-Authentifizierung, Gast-Vlan<\/p><p>\u25cf L2~L4 ACL<\/p><p>\u25cf Schutz vor DOS\/IP-Spoo\ufb01ng\/TCP\/ping\/SYN\/ICMP-\ufb02ood-Angriffen<\/p><p>\u25cf Broadcast\/Multicast\/Unknown-Unicast-Sturm-Kontrolle<\/p><p>\u25cf Hafenisolierung<\/p><p>\u25cf Port-Sicherheit, MAC-Adressen-Beschr\u00e4nkung, IP+MAC+Port-Bindung<\/p><p>\u25cf DHCP Snooping, DHCP Option 82<\/p><p>\u25cf DAI (Dynamische ARP-\u00dcberpr\u00fcfung)<\/p><p>\u25cf IPSG(IP Source Guard)<\/p><p>\u25cf IEEE 802.1x-Zerti\ufb01zierung<\/p><p>\u25cf AAA<\/p><p>\u25cf Radius,Tacacs+<\/p><p>\u25cf Mehrere Benutzerprivilegien<\/p><\/td><\/tr><tr><td><p><strong>Verl\u00e4sslichkeit<\/strong><\/p><\/td><td><p>\u25cf 802.3ad Statische\/LACP-Verbindungsaggregation,<\/p><p>\u25cf EAPS<\/p><p>\u25cf G.8032 ERPS<\/p><p>\u25cf ISSU<\/p><p>\u25cf VRRP<\/p><p>\u25cf GR f\u00fcr OSPF und BGP<\/p><p>\u25cf BFD f\u00fcr OSPF und BGP<\/p><p>\u25cf Virtuelles Stapelsystem HVSS<\/p><\/td><\/tr><tr><td><p><strong>Verwaltung<\/strong><\/p><\/td><td><p>\u25cf CLI: Konsole, Telnet, SSHv1\/2<\/p><p>\u25cf Web-GUI: HTTP, HTTPS\/SSL<\/p><p>\u25cf SNMP v1\/v2c\/v3, RMON, SNMP-Alarm\/Information\/Fallen<\/p><p>\u25cf Hoch- und Herunterladen von FTP\/TFTP\/SFTP \ufb01les<\/p><p>Fehlersuche<\/p><p>Syslog f\u00fcr Alarm\/Noti\ufb01zierung\/Befehl\/Debug \u25cf NTP<\/p><p>\u25cf SPAN, RSPAN (1:1 und N:1 Spiegel)<\/p><\/td><\/tr><tr><td><p><strong>Verwaltung<\/strong><\/p><\/td><td><p>\u25cf LLDP, LLDP-MED<\/p><p>\u25cf sFlow<\/p><p>\u25cf ZTP(Zero Touch Provisioning)<\/p><p>\u25cf Optisches DDM<\/p><p>\u25cf Diagnose des Ethernet-Kabels<\/p><p>\u25cf 802.3ah, 802.1ag<\/p><\/td><\/tr><\/tbody><\/table>\t\t\t\t\t\t\t\t<\/div>\n\t\t\t\t<\/div>\n\t\t\t\t\t<\/div>\n\t\t\t\t<\/div>\n\t\t\t\t<\/div>","protected":false},"excerpt":{"rendered":"<ul>\n<li>48 elektrische 1000M\/2.5G RJ45-Anschl\u00fcsse<\/li>\n<li>4 optische 10G SFP+-Anschl\u00fcsse<\/li>\n<li>2 optische 40G QSFP-Anschl\u00fcsse<\/li>\n<li>High-End-Chips mit stabiler und leistungsstarker Performance<\/li>\n<li>High-End-Chips, die die Geschwindigkeit der Datenverarbeitung im Netz erheblich verbessern k\u00f6nnen<\/li>\n<li>Unterst\u00fctzt die Verwaltung aus einer Hand auf der Apollo-Cloud-Plattform<\/li>\n<li>Unterst\u00fctzung der Cloud-Plattform f\u00fcr die Verwaltung der Ressourcenvisualisierung von Switches und angeschlossenen PD-Ger\u00e4ten, was die Verwaltung von Betrieb und Wartung vereinfacht<\/li>\n<\/ul>","protected":false},"featured_media":27904,"template":"","meta":[],"product_brand":[],"product_cat":[591],"product_tag":[],"class_list":{"0":"post-27475","1":"product","2":"type-product","3":"status-publish","4":"has-post-thumbnail","6":"product_cat-sonic-2-5g-switch","7":"pa_series-2-5g-sonic-series","8":"pa_series-data-center-series","10":"first","11":"instock","12":"shipping-taxable","13":"purchasable","14":"product-type-simple"},"_links":{"self":[{"href":"https:\/\/foredgetech.com\/de\/wp-json\/wp\/v2\/product\/27475","targetHints":{"allow":["GET"]}}],"collection":[{"href":"https:\/\/foredgetech.com\/de\/wp-json\/wp\/v2\/product"}],"about":[{"href":"https:\/\/foredgetech.com\/de\/wp-json\/wp\/v2\/types\/product"}],"version-history":[{"count":4,"href":"https:\/\/foredgetech.com\/de\/wp-json\/wp\/v2\/product\/27475\/revisions"}],"predecessor-version":[{"id":33895,"href":"https:\/\/foredgetech.com\/de\/wp-json\/wp\/v2\/product\/27475\/revisions\/33895"}],"wp:featuredmedia":[{"embeddable":true,"href":"https:\/\/foredgetech.com\/de\/wp-json\/wp\/v2\/media\/27904"}],"wp:attachment":[{"href":"https:\/\/foredgetech.com\/de\/wp-json\/wp\/v2\/media?parent=27475"}],"wp:term":[{"taxonomy":"product_brand","embeddable":true,"href":"https:\/\/foredgetech.com\/de\/wp-json\/wp\/v2\/product_brand?post=27475"},{"taxonomy":"product_cat","embeddable":true,"href":"https:\/\/foredgetech.com\/de\/wp-json\/wp\/v2\/product_cat?post=27475"},{"taxonomy":"product_tag","embeddable":true,"href":"https:\/\/foredgetech.com\/de\/wp-json\/wp\/v2\/product_tag?post=27475"}],"curies":[{"name":"wp","href":"https:\/\/api.w.org\/{rel}","templated":true}]}}