{"id":26935,"date":"2023-12-30T08:31:29","date_gmt":"2023-12-30T08:31:29","guid":{"rendered":"https:\/\/foredgetech.com\/?post_type=product&#038;p=26935"},"modified":"2025-10-13T11:13:13","modified_gmt":"2025-10-13T11:13:13","slug":"ai1010gbt","status":"publish","type":"product","link":"https:\/\/foredgetech.com\/de\/produkt\/ai1010gbt\/","title":{"rendered":"AI1010GBT 10 Ports Gigabit BT PoE Switch"},"content":{"rendered":"<div data-elementor-type=\"wp-post\" data-elementor-id=\"26935\" class=\"elementor elementor-26935\">\n\t\t\t\t\t\t<section class=\"elementor-section elementor-top-section elementor-element elementor-element-5058e617 elementor-section-full_width elementor-section-gap-beside-no elementor-section-height-default elementor-section-height-default elementor-section-column-vertical-align-stretch\" data-id=\"5058e617\" data-element_type=\"section\">\n\t\t\t\t\t\t<div class=\"elementor-container elementor-column-gap-extended\">\n\t\t\t\t\t<div class=\"elementor-column elementor-col-33 elementor-top-column elementor-element elementor-element-f61c77a\" data-id=\"f61c77a\" data-element_type=\"column\">\n\t\t\t<div class=\"elementor-widget-wrap elementor-element-populated\">\n\t\t\t\t\t\t<div class=\"elementor-element elementor-element-12229f05 elementor-widget elementor-widget-tm-modern-image\" data-id=\"12229f05\" data-element_type=\"widget\" data-widget_type=\"tm-modern-image.default\">\n\t\t\t\t<div class=\"elementor-widget-container\">\n\t\t\t\t\t\t\t<div class=\"tm-modern-image\">\n\t\t\t\t\t\t\t<div class=\"minimog-box\">\n\t\t\t\t\t<div class=\"minimog-image\">\t\t\t\t\t<m-image class=\"minimog-lazy-image\" style=\"--lazy-image-width: 300px;--lazy-image-height: 83.333333333333%;\" data-image-loading><img decoding=\"async\"  data-src=\"https:\/\/foredgetech.com\/wp-content\/uploads\/2023\/12\/AI1010GBT-2023\u65b0\u7248-EN_.png\" width=\"300\" height=\"250\" alt=\"AI1010GBT 2023\u65b0\u7248 EN_\" class=\"attachment-full size-full lazyload\" src=\"data:image\/svg+xml;base64,PHN2ZyB3aWR0aD0iMSIgaGVpZ2h0PSIxIiB4bWxucz0iaHR0cDovL3d3dy53My5vcmcvMjAwMC9zdmciPjwvc3ZnPg==\" style=\"--smush-placeholder-width: 300px; --smush-placeholder-aspect-ratio: 300\/250;\" \/><\/m-image>\t\t\t\t\t<\/div>\t\t\t\t<\/div>\n\t\t\t\t\t\t\t\t\t\t<\/div>\n\t\t\t\t\t\t<\/div>\n\t\t\t\t<\/div>\n\t\t\t\t\t<\/div>\n\t\t<\/div>\n\t\t\t\t<div class=\"elementor-column elementor-col-66 elementor-top-column elementor-element elementor-element-78bc78c2\" data-id=\"78bc78c2\" data-element_type=\"column\">\n\t\t\t<div class=\"elementor-widget-wrap elementor-element-populated\">\n\t\t\t\t\t\t<div class=\"elementor-element elementor-element-2052b071 elementor-widget elementor-widget-tm-heading\" data-id=\"2052b071\" data-element_type=\"widget\" data-widget_type=\"tm-heading.default\">\n\t\t\t\t<div class=\"elementor-widget-container\">\n\t\t\t\t\t\t\t<div class=\"tm-modern-heading tm-modern-heading--style-01 tm-modern-heading--highlight-style-01\">\n\t\t\t\n\t\t\t\t\t<div class=\"heading-primary-wrap\">\n\t\t\t<h4 class=\"heading-primary elementor-heading-title\">\u00dcbersicht<\/h4>\t\t<\/div>\n\t\t\n\t\t\t\n\t\t\t\t\t<\/div>\n\t\t\t\t\t\t<\/div>\n\t\t\t\t<\/div>\n\t\t\t\t<div class=\"elementor-element elementor-element-7c6ab884 elementor-widget elementor-widget-text-editor\" data-id=\"7c6ab884\" data-element_type=\"widget\" data-widget_type=\"text-editor.default\">\n\t\t\t\t<div class=\"elementor-widget-container\">\n\t\t\t\t\t\t\t\t\t<p>Ist ein 10 Gigabit AI PoE Switch, das Produkt hat 4 Arbeitsmodi, AI VLAN Modus, AI Extend Modus, AI PoE Modus, AI QoS Modus<\/p>\t\t\t\t\t\t\t\t<\/div>\n\t\t\t\t<\/div>\n\t\t\t\t<section class=\"elementor-section elementor-inner-section elementor-element elementor-element-2afe0aab elementor-section-gap-beside-no elementor-section-full_width elementor-section-height-default elementor-section-height-default elementor-section-column-vertical-align-stretch\" data-id=\"2afe0aab\" data-element_type=\"section\">\n\t\t\t\t\t\t<div class=\"elementor-container elementor-column-gap-extended\">\n\t\t\t\t\t<div class=\"elementor-column elementor-col-33 elementor-inner-column elementor-element elementor-element-7751e85f\" data-id=\"7751e85f\" data-element_type=\"column\">\n\t\t\t<div class=\"elementor-widget-wrap elementor-element-populated\">\n\t\t\t\t\t\t<div class=\"elementor-element elementor-element-d07ae98 elementor-widget elementor-widget-tm-heading\" data-id=\"d07ae98\" data-element_type=\"widget\" data-widget_type=\"tm-heading.default\">\n\t\t\t\t<div class=\"elementor-widget-container\">\n\t\t\t\t\t\t\t<div class=\"tm-modern-heading tm-modern-heading--style-01 tm-modern-heading--highlight-style-01\">\n\t\t\t\n\t\t\t\t\t<div class=\"heading-primary-wrap\">\n\t\t\t<h6 class=\"heading-primary elementor-heading-title\">Bandbreite der Switch-Backplane<\/h6>\t\t<\/div>\n\t\t\n\t\t\t\n\t\t\t\t\t<div class=\"heading-description-wrap\">\n\t\t\t<div class=\"heading-description\">\n\t\t\t\t<p>20Gbps<\/p>\t\t\t<\/div>\n\t\t<\/div>\n\t\t\t\t<\/div>\n\t\t\t\t\t\t<\/div>\n\t\t\t\t<\/div>\n\t\t\t\t<div class=\"elementor-element elementor-element-7cf8fe9 elementor-widget elementor-widget-tm-heading\" data-id=\"7cf8fe9\" data-element_type=\"widget\" data-widget_type=\"tm-heading.default\">\n\t\t\t\t<div class=\"elementor-widget-container\">\n\t\t\t\t\t\t\t<div class=\"tm-modern-heading tm-modern-heading--style-01 tm-modern-heading--highlight-style-01\">\n\t\t\t\n\t\t\t\t\t<div class=\"heading-primary-wrap\">\n\t\t\t<h6 class=\"heading-primary elementor-heading-title\">Luftfeuchtigkeit bei der Arbeit<\/h6>\t\t<\/div>\n\t\t\n\t\t\t\n\t\t\t\t\t<div class=\"heading-description-wrap\">\n\t\t\t<div class=\"heading-description\">\n\t\t\t\t<p>10% ~ 90% RH nun-kondensierend<\/p>\t\t\t<\/div>\n\t\t<\/div>\n\t\t\t\t<\/div>\n\t\t\t\t\t\t<\/div>\n\t\t\t\t<\/div>\n\t\t\t\t\t<\/div>\n\t\t<\/div>\n\t\t\t\t<div class=\"elementor-column elementor-col-33 elementor-inner-column elementor-element elementor-element-c6e3a56\" data-id=\"c6e3a56\" data-element_type=\"column\">\n\t\t\t<div class=\"elementor-widget-wrap elementor-element-populated\">\n\t\t\t\t\t\t<div class=\"elementor-element elementor-element-44fb51c6 elementor-widget elementor-widget-tm-heading\" data-id=\"44fb51c6\" data-element_type=\"widget\" data-widget_type=\"tm-heading.default\">\n\t\t\t\t<div class=\"elementor-widget-container\">\n\t\t\t\t\t\t\t<div class=\"tm-modern-heading tm-modern-heading--style-01 tm-modern-heading--highlight-style-01\">\n\t\t\t\n\t\t\t\t\t<div class=\"heading-primary-wrap\">\n\t\t\t<h6 class=\"heading-primary elementor-heading-title\">Weiterleitung von Paketen<\/h6>\t\t<\/div>\n\t\t\n\t\t\t\n\t\t\t\t\t<div class=\"heading-description-wrap\">\n\t\t\t<div class=\"heading-description\">\n\t\t\t\t<p>14.88Mpps<\/p>\t\t\t<\/div>\n\t\t<\/div>\n\t\t\t\t<\/div>\n\t\t\t\t\t\t<\/div>\n\t\t\t\t<\/div>\n\t\t\t\t<div class=\"elementor-element elementor-element-2de3256a elementor-widget elementor-widget-tm-heading\" data-id=\"2de3256a\" data-element_type=\"widget\" data-widget_type=\"tm-heading.default\">\n\t\t\t\t<div class=\"elementor-widget-container\">\n\t\t\t\t\t\t\t<div class=\"tm-modern-heading tm-modern-heading--style-01 tm-modern-heading--highlight-style-01\">\n\t\t\t\n\t\t\t\t\t<div class=\"heading-primary-wrap\">\n\t\t\t<h6 class=\"heading-primary elementor-heading-title\">Abmessungen (B \u00d7 T \u00d7 H)<\/h6>\t\t<\/div>\n\t\t\n\t\t\t\n\t\t\t\t\t<div class=\"heading-description-wrap\">\n\t\t\t<div class=\"heading-description\">\n\t\t\t\t<p>184mm*94mm*27mm<\/p>\t\t\t<\/div>\n\t\t<\/div>\n\t\t\t\t<\/div>\n\t\t\t\t\t\t<\/div>\n\t\t\t\t<\/div>\n\t\t\t\t<div class=\"elementor-element elementor-element-453d78ca elementor-widget elementor-widget-spacer\" data-id=\"453d78ca\" data-element_type=\"widget\" data-widget_type=\"spacer.default\">\n\t\t\t\t<div class=\"elementor-widget-container\">\n\t\t\t\t\t\t\t<div class=\"elementor-spacer\">\n\t\t\t<div class=\"elementor-spacer-inner\"><\/div>\n\t\t<\/div>\n\t\t\t\t\t\t<\/div>\n\t\t\t\t<\/div>\n\t\t\t\t\t<\/div>\n\t\t<\/div>\n\t\t\t\t<div class=\"elementor-column elementor-col-33 elementor-inner-column elementor-element elementor-element-63d177a8\" data-id=\"63d177a8\" data-element_type=\"column\">\n\t\t\t<div class=\"elementor-widget-wrap elementor-element-populated\">\n\t\t\t\t\t\t<div class=\"elementor-element elementor-element-47145555 elementor-widget elementor-widget-tm-heading\" data-id=\"47145555\" data-element_type=\"widget\" data-widget_type=\"tm-heading.default\">\n\t\t\t\t<div class=\"elementor-widget-container\">\n\t\t\t\t\t\t\t<div class=\"tm-modern-heading tm-modern-heading--style-01 tm-modern-heading--highlight-style-01\">\n\t\t\t\n\t\t\t\t\t<div class=\"heading-primary-wrap\">\n\t\t\t<h6 class=\"heading-primary elementor-heading-title\">Switchport<\/h6>\t\t<\/div>\n\t\t\n\t\t\t\n\t\t\t\t\t<div class=\"heading-description-wrap\">\n\t\t\t<div class=\"heading-description\">\n\t\t\t\t<p>8 RJ45-Anschl\u00fcsse mit 10\/100\/1000Mbps<\/p><p>2 RJ45-Anschl\u00fcsse mit 10\/100\/1000Mbps<\/p>\t\t\t<\/div>\n\t\t<\/div>\n\t\t\t\t<\/div>\n\t\t\t\t\t\t<\/div>\n\t\t\t\t<\/div>\n\t\t\t\t\t<\/div>\n\t\t<\/div>\n\t\t\t\t\t<\/div>\n\t\t<\/section>\n\t\t\t\t\t<\/div>\n\t\t<\/div>\n\t\t\t\t\t<\/div>\n\t\t<\/section>\n\t\t<div class=\"elementor-element elementor-element-1b74d531 e-flex e-con-boxed e-con e-parent\" data-id=\"1b74d531\" data-element_type=\"container\">\n\t\t\t\t\t<div class=\"e-con-inner\">\n\t\t\t\t<div class=\"elementor-element elementor-element-aaf7427 elementor-widget elementor-widget-image\" data-id=\"aaf7427\" data-element_type=\"widget\" data-widget_type=\"image.default\">\n\t\t\t\t<div class=\"elementor-widget-container\">\n\t\t\t\t\t\t\t\t\t\t\t\t\t\t\t<img fetchpriority=\"high\" decoding=\"async\" width=\"1920\" height=\"756\" src=\"https:\/\/foredgetech.com\/wp-content\/uploads\/2023\/12\/A1-16.jpg\" class=\"attachment-full size-full wp-image-30221\" alt=\"\" srcset=\"https:\/\/foredgetech.com\/wp-content\/uploads\/2023\/12\/A1-16.jpg 1920w, https:\/\/foredgetech.com\/wp-content\/uploads\/2023\/12\/A1-16-150x59.jpg 150w, https:\/\/foredgetech.com\/wp-content\/uploads\/2023\/12\/A1-16-600x236.jpg 600w, https:\/\/foredgetech.com\/wp-content\/uploads\/2023\/12\/A1-16-300x118.jpg 300w, https:\/\/foredgetech.com\/wp-content\/uploads\/2023\/12\/A1-16-768x302.jpg 768w, https:\/\/foredgetech.com\/wp-content\/uploads\/2023\/12\/A1-16-1536x605.jpg 1536w\" sizes=\"(max-width: 1920px) 100vw, 1920px\" \/>\t\t\t\t\t\t\t\t\t\t\t\t\t\t\t<\/div>\n\t\t\t\t<\/div>\n\t\t\t\t<div class=\"elementor-element elementor-element-32289a0 elementor-widget elementor-widget-image\" data-id=\"32289a0\" data-element_type=\"widget\" data-widget_type=\"image.default\">\n\t\t\t\t<div class=\"elementor-widget-container\">\n\t\t\t\t\t\t\t\t\t\t\t\t\t\t\t<img decoding=\"async\" width=\"1920\" height=\"756\" data-src=\"https:\/\/foredgetech.com\/wp-content\/uploads\/2023\/12\/B1-poe-3.jpg\" class=\"attachment-full size-full wp-image-30222 lazyload\" alt=\"\" data-srcset=\"https:\/\/foredgetech.com\/wp-content\/uploads\/2023\/12\/B1-poe-3.jpg 1920w, https:\/\/foredgetech.com\/wp-content\/uploads\/2023\/12\/B1-poe-3-150x59.jpg 150w, https:\/\/foredgetech.com\/wp-content\/uploads\/2023\/12\/B1-poe-3-600x236.jpg 600w, https:\/\/foredgetech.com\/wp-content\/uploads\/2023\/12\/B1-poe-3-300x118.jpg 300w, https:\/\/foredgetech.com\/wp-content\/uploads\/2023\/12\/B1-poe-3-768x302.jpg 768w, https:\/\/foredgetech.com\/wp-content\/uploads\/2023\/12\/B1-poe-3-1536x605.jpg 1536w\" data-sizes=\"(max-width: 1920px) 100vw, 1920px\" src=\"data:image\/svg+xml;base64,PHN2ZyB3aWR0aD0iMSIgaGVpZ2h0PSIxIiB4bWxucz0iaHR0cDovL3d3dy53My5vcmcvMjAwMC9zdmciPjwvc3ZnPg==\" style=\"--smush-placeholder-width: 1920px; --smush-placeholder-aspect-ratio: 1920\/756;\" \/>\t\t\t\t\t\t\t\t\t\t\t\t\t\t\t<\/div>\n\t\t\t\t<\/div>\n\t\t\t\t<div class=\"elementor-element elementor-element-466626c elementor-widget elementor-widget-image\" data-id=\"466626c\" data-element_type=\"widget\" data-widget_type=\"image.default\">\n\t\t\t\t<div class=\"elementor-widget-container\">\n\t\t\t\t\t\t\t\t\t\t\t\t\t\t\t<img decoding=\"async\" width=\"1920\" height=\"756\" data-src=\"https:\/\/foredgetech.com\/wp-content\/uploads\/2023\/12\/B2-\u84dd\u8272-AI-VLAN-mode-AI-Extend-mode-AI-PoE-mode-AI-QoS-mode-\u62f7\u8d1d-3.jpg\" class=\"attachment-full size-full wp-image-30223 lazyload\" alt=\"\" data-srcset=\"https:\/\/foredgetech.com\/wp-content\/uploads\/2023\/12\/B2-\u84dd\u8272-AI-VLAN-mode-AI-Extend-mode-AI-PoE-mode-AI-QoS-mode-\u62f7\u8d1d-3.jpg 1920w, https:\/\/foredgetech.com\/wp-content\/uploads\/2023\/12\/B2-\u84dd\u8272-AI-VLAN-mode-AI-Extend-mode-AI-PoE-mode-AI-QoS-mode-\u62f7\u8d1d-3-150x59.jpg 150w, https:\/\/foredgetech.com\/wp-content\/uploads\/2023\/12\/B2-\u84dd\u8272-AI-VLAN-mode-AI-Extend-mode-AI-PoE-mode-AI-QoS-mode-\u62f7\u8d1d-3-600x236.jpg 600w, https:\/\/foredgetech.com\/wp-content\/uploads\/2023\/12\/B2-\u84dd\u8272-AI-VLAN-mode-AI-Extend-mode-AI-PoE-mode-AI-QoS-mode-\u62f7\u8d1d-3-300x118.jpg 300w, https:\/\/foredgetech.com\/wp-content\/uploads\/2023\/12\/B2-\u84dd\u8272-AI-VLAN-mode-AI-Extend-mode-AI-PoE-mode-AI-QoS-mode-\u62f7\u8d1d-3-768x302.jpg 768w, https:\/\/foredgetech.com\/wp-content\/uploads\/2023\/12\/B2-\u84dd\u8272-AI-VLAN-mode-AI-Extend-mode-AI-PoE-mode-AI-QoS-mode-\u62f7\u8d1d-3-1536x605.jpg 1536w\" data-sizes=\"(max-width: 1920px) 100vw, 1920px\" src=\"data:image\/svg+xml;base64,PHN2ZyB3aWR0aD0iMSIgaGVpZ2h0PSIxIiB4bWxucz0iaHR0cDovL3d3dy53My5vcmcvMjAwMC9zdmciPjwvc3ZnPg==\" style=\"--smush-placeholder-width: 1920px; --smush-placeholder-aspect-ratio: 1920\/756;\" \/>\t\t\t\t\t\t\t\t\t\t\t\t\t\t\t<\/div>\n\t\t\t\t<\/div>\n\t\t\t\t<div class=\"elementor-element elementor-element-24012e7 elementor-widget elementor-widget-image\" data-id=\"24012e7\" data-element_type=\"widget\" data-widget_type=\"image.default\">\n\t\t\t\t<div class=\"elementor-widget-container\">\n\t\t\t\t\t\t\t\t\t\t\t\t\t\t\t<img decoding=\"async\" width=\"1920\" height=\"756\" data-src=\"https:\/\/foredgetech.com\/wp-content\/uploads\/2023\/12\/C3-1-\u7aef\u53e3\u5206\u533a-7.jpg\" class=\"attachment-full size-full wp-image-30224 lazyload\" alt=\"\" data-srcset=\"https:\/\/foredgetech.com\/wp-content\/uploads\/2023\/12\/C3-1-\u7aef\u53e3\u5206\u533a-7.jpg 1920w, https:\/\/foredgetech.com\/wp-content\/uploads\/2023\/12\/C3-1-\u7aef\u53e3\u5206\u533a-7-150x59.jpg 150w, https:\/\/foredgetech.com\/wp-content\/uploads\/2023\/12\/C3-1-\u7aef\u53e3\u5206\u533a-7-600x236.jpg 600w, https:\/\/foredgetech.com\/wp-content\/uploads\/2023\/12\/C3-1-\u7aef\u53e3\u5206\u533a-7-300x118.jpg 300w, https:\/\/foredgetech.com\/wp-content\/uploads\/2023\/12\/C3-1-\u7aef\u53e3\u5206\u533a-7-768x302.jpg 768w, https:\/\/foredgetech.com\/wp-content\/uploads\/2023\/12\/C3-1-\u7aef\u53e3\u5206\u533a-7-1536x605.jpg 1536w\" data-sizes=\"(max-width: 1920px) 100vw, 1920px\" src=\"data:image\/svg+xml;base64,PHN2ZyB3aWR0aD0iMSIgaGVpZ2h0PSIxIiB4bWxucz0iaHR0cDovL3d3dy53My5vcmcvMjAwMC9zdmciPjwvc3ZnPg==\" style=\"--smush-placeholder-width: 1920px; --smush-placeholder-aspect-ratio: 1920\/756;\" \/>\t\t\t\t\t\t\t\t\t\t\t\t\t\t\t<\/div>\n\t\t\t\t<\/div>\n\t\t\t\t<div class=\"elementor-element elementor-element-6d8bb3a elementor-widget elementor-widget-image\" data-id=\"6d8bb3a\" data-element_type=\"widget\" data-widget_type=\"image.default\">\n\t\t\t\t<div class=\"elementor-widget-container\">\n\t\t\t\t\t\t\t\t\t\t\t\t\t\t\t<img decoding=\"async\" width=\"1920\" height=\"756\" data-src=\"https:\/\/foredgetech.com\/wp-content\/uploads\/2023\/12\/E5-\u6e29\u5dee-\u6781\u70ed\u6781\u5bd2-16.jpg\" class=\"attachment-full size-full wp-image-30225 lazyload\" alt=\"\" data-srcset=\"https:\/\/foredgetech.com\/wp-content\/uploads\/2023\/12\/E5-\u6e29\u5dee-\u6781\u70ed\u6781\u5bd2-16.jpg 1920w, https:\/\/foredgetech.com\/wp-content\/uploads\/2023\/12\/E5-\u6e29\u5dee-\u6781\u70ed\u6781\u5bd2-16-150x59.jpg 150w, https:\/\/foredgetech.com\/wp-content\/uploads\/2023\/12\/E5-\u6e29\u5dee-\u6781\u70ed\u6781\u5bd2-16-600x236.jpg 600w, https:\/\/foredgetech.com\/wp-content\/uploads\/2023\/12\/E5-\u6e29\u5dee-\u6781\u70ed\u6781\u5bd2-16-300x118.jpg 300w, https:\/\/foredgetech.com\/wp-content\/uploads\/2023\/12\/E5-\u6e29\u5dee-\u6781\u70ed\u6781\u5bd2-16-768x302.jpg 768w, https:\/\/foredgetech.com\/wp-content\/uploads\/2023\/12\/E5-\u6e29\u5dee-\u6781\u70ed\u6781\u5bd2-16-1536x605.jpg 1536w\" data-sizes=\"(max-width: 1920px) 100vw, 1920px\" src=\"data:image\/svg+xml;base64,PHN2ZyB3aWR0aD0iMSIgaGVpZ2h0PSIxIiB4bWxucz0iaHR0cDovL3d3dy53My5vcmcvMjAwMC9zdmciPjwvc3ZnPg==\" style=\"--smush-placeholder-width: 1920px; --smush-placeholder-aspect-ratio: 1920\/756;\" \/>\t\t\t\t\t\t\t\t\t\t\t\t\t\t\t<\/div>\n\t\t\t\t<\/div>\n\t\t\t\t\t<\/div>\n\t\t\t\t<\/div>\n\t\t<div class=\"elementor-element elementor-element-4ce676b e-flex e-con-boxed e-con e-parent\" data-id=\"4ce676b\" data-element_type=\"container\">\n\t\t\t\t\t<div class=\"e-con-inner\">\n\t\t\t\t<div class=\"elementor-element elementor-element-142864b elementor-widget elementor-widget-heading\" data-id=\"142864b\" data-element_type=\"widget\" data-widget_type=\"heading.default\">\n\t\t\t\t<div class=\"elementor-widget-container\">\n\t\t\t\t\t<h2 class=\"elementor-heading-title elementor-size-default\">Spezifikationen<\/h2>\t\t\t\t<\/div>\n\t\t\t\t<\/div>\n\t\t\t\t<div class=\"elementor-element elementor-element-c85a48f elementor-widget elementor-widget-text-editor\" data-id=\"c85a48f\" data-element_type=\"widget\" data-widget_type=\"text-editor.default\">\n\t\t\t\t<div class=\"elementor-widget-container\">\n\t\t\t\t\t\t\t\t\t<table width=\"534\"><tbody><tr><td width=\"133\"><p><strong>Netzwerk<\/strong><\/p><p><strong>Schnittstelle<\/strong><\/p><\/td><td width=\"401\"><p>\u25cf 8 RJ45-Ports mit 10\/100\/1000Mbps PoE-Funktion (Port 1~Port 8)<\/p><p>\u25cf Zwei 10\/100\/1000Mbps RJ45-Ports ohne PoE-Funktion (Port 9~Port 10)<\/p><\/td><\/tr><tr><td width=\"133\"><p><strong>Netzwerk<\/strong><\/p><p><strong>Protokoll<\/strong><\/p><p><strong>Standard<\/strong><\/p><\/td><td width=\"401\"><p>\u25cf IEEE 802.3i\u3001 IEEE 802.3u\u3001IEEE 802.3x\u3001IEEE 802.3ab\u3001 IEEE 802.3af\u3001IEEE 802.3at\u3001IEEE 802.3bt<\/p><\/td><\/tr><tr><td width=\"133\"><p><strong>Leistung<\/strong><strong>\u00a0\u00a0 Spezifikationen<\/strong><\/p><\/td><td width=\"401\"><p>\u25cf Backplane-Bandbreite: 20Gbps (nicht blockierend)<\/p><p>\u25cf Paketweiterleitungsrate: 14.88Mpps<\/p><p>\u25cf MAC-Adresstabelle: 2K<\/p><p>\u25cf Weiterleitungsmodus: Speichern und weiterleiten<\/p><\/td><\/tr><tr><td width=\"133\"><p><strong>LED-Anzeige<\/strong><\/p><\/td><td width=\"401\"><p>\u25cf Betriebsanzeige: gelb<\/p><p>\u25cf PoE-Anzeige: gelb<\/p><p>\u25cf LINK\/ACT-Anzeige: gr\u00fcn<\/p><\/td><\/tr><tr><td width=\"133\"><p><strong>PoE<\/strong><strong>\u00a0<\/strong><strong>Stift<\/strong><\/p><\/td><td width=\"401\"><p>\u25cf1-2ports\uff1a1\/2\/4\/5( +) \uff0c3\/6\/7\/8(-)<\/p><p>\u25cf3-8ports\uff1a1\/2( +) \uff0c3\/6(-)<\/p><\/td><\/tr><tr><td width=\"133\"><p><strong>Strom<\/strong><\/p><p><strong>Unterst\u00fctzung<\/strong><\/p><\/td><td width=\"401\"><p>\u25cf Maximale Ausgangsleistung eines einzelnen Anschlusses: 90 W f\u00fcr 1-2 Anschl\u00fcsse; 30 W f\u00fcr 3-8 Anschl\u00fcsse<\/p><p>\u25cf Die maximale Leistung der gesamten Maschine: 120W<\/p><\/td><\/tr><tr><td width=\"133\"><p><strong>Physikalisch<\/strong><\/p><p><strong>Spezifikationen<\/strong><\/p><\/td><td width=\"401\"><p>\u25cf Abmessungen (LxBxH): 184mm*94mm*27mm<\/p><\/td><\/tr><tr><td width=\"133\"><p><strong>Umwelt<\/strong> <strong>Spezifikationen<\/strong><\/p><\/td><td width=\"401\"><p>\u25cf Arbeitstemperatur: 0\u00b0C~40\u00b0C<\/p><p>\u25cf Luftfeuchtigkeit bei der Arbeit: 10%~ 90% RH ohne Kondensation<\/p><p>\u25cf Luftfeuchtigkeit bei Lagerung: 5%~90% RH ohne Kondensation<\/p><\/td><\/tr><tr><td width=\"133\"><p><strong>Sicherheit<\/strong><\/p><p><strong>Verordnungen<\/strong><\/p><\/td><td width=\"401\"><p>\u25cf CE\/ROHS\/FCC\/CCC<\/p><\/td><\/tr><\/tbody><\/table>\t\t\t\t\t\t\t\t<\/div>\n\t\t\t\t<\/div>\n\t\t\t\t\t<\/div>\n\t\t\t\t<\/div>\n\t\t\t\t<\/div>","protected":false},"excerpt":{"rendered":"<ul>\n<li>8 RJ45 ports with 10\/1000Mbps PoE function (ports 1 to 8)<\/li>\n<li>2 RJ45 ports with 10\/1000Mbps non PoE functionality (ports 9 to 10)<\/li>\n<li>Maximale Ausgangsleistung an einem Anschluss: 1-2 Anschl\u00fcsse 90 W; 3-8 Anschl\u00fcsse 30 W<\/li>\n<li>Maximum power supply of the entire machine: 120W<\/li>\n<li>Personalisiertes Design mit geringem Volumen, flexibler Einsatz auf kleinem Raum<\/li>\n<li>Kein L\u00fcfter, nat\u00fcrliche W\u00e4rmeableitung, leise und energiesparend<\/li>\n<\/ul>","protected":false},"featured_media":26937,"template":"","meta":[],"product_brand":[],"product_cat":[581],"product_tag":[],"class_list":{"0":"post-26935","1":"product","2":"type-product","3":"status-publish","4":"has-post-thumbnail","6":"product_cat-ai-switch-series","7":"pa_series-802-3bt-switch","9":"first","10":"instock","11":"shipping-taxable","12":"product-type-simple"},"_links":{"self":[{"href":"https:\/\/foredgetech.com\/de\/wp-json\/wp\/v2\/product\/26935","targetHints":{"allow":["GET"]}}],"collection":[{"href":"https:\/\/foredgetech.com\/de\/wp-json\/wp\/v2\/product"}],"about":[{"href":"https:\/\/foredgetech.com\/de\/wp-json\/wp\/v2\/types\/product"}],"version-history":[{"count":2,"href":"https:\/\/foredgetech.com\/de\/wp-json\/wp\/v2\/product\/26935\/revisions"}],"predecessor-version":[{"id":34217,"href":"https:\/\/foredgetech.com\/de\/wp-json\/wp\/v2\/product\/26935\/revisions\/34217"}],"wp:featuredmedia":[{"embeddable":true,"href":"https:\/\/foredgetech.com\/de\/wp-json\/wp\/v2\/media\/26937"}],"wp:attachment":[{"href":"https:\/\/foredgetech.com\/de\/wp-json\/wp\/v2\/media?parent=26935"}],"wp:term":[{"taxonomy":"product_brand","embeddable":true,"href":"https:\/\/foredgetech.com\/de\/wp-json\/wp\/v2\/product_brand?post=26935"},{"taxonomy":"product_cat","embeddable":true,"href":"https:\/\/foredgetech.com\/de\/wp-json\/wp\/v2\/product_cat?post=26935"},{"taxonomy":"product_tag","embeddable":true,"href":"https:\/\/foredgetech.com\/de\/wp-json\/wp\/v2\/product_tag?post=26935"}],"curies":[{"name":"wp","href":"https:\/\/api.w.org\/{rel}","templated":true}]}}