{"id":26740,"date":"2023-12-30T07:34:17","date_gmt":"2023-12-30T07:34:17","guid":{"rendered":"https:\/\/foredgetech.com\/?post_type=product&#038;p=26740"},"modified":"2025-12-19T06:21:23","modified_gmt":"2025-12-19T06:21:23","slug":"ns6016g","status":"publish","type":"product","link":"https:\/\/foredgetech.com\/de\/produkt\/ns6016g\/","title":{"rendered":"NS6016G 16-Port-Gigaibit-Ethernet-Switch"},"content":{"rendered":"<div data-elementor-type=\"wp-post\" data-elementor-id=\"26740\" class=\"elementor elementor-26740\">\n\t\t\t\t\t\t<section class=\"elementor-section elementor-top-section elementor-element elementor-element-5058e617 elementor-section-full_width elementor-section-gap-beside-no elementor-section-height-default elementor-section-height-default elementor-section-column-vertical-align-stretch\" data-id=\"5058e617\" data-element_type=\"section\">\n\t\t\t\t\t\t<div class=\"elementor-container elementor-column-gap-extended\">\n\t\t\t\t\t<div class=\"elementor-column elementor-col-33 elementor-top-column elementor-element elementor-element-f61c77a\" data-id=\"f61c77a\" data-element_type=\"column\">\n\t\t\t<div class=\"elementor-widget-wrap elementor-element-populated\">\n\t\t\t\t\t\t<div class=\"elementor-element elementor-element-12229f05 elementor-widget elementor-widget-tm-modern-image\" data-id=\"12229f05\" data-element_type=\"widget\" data-widget_type=\"tm-modern-image.default\">\n\t\t\t\t<div class=\"elementor-widget-container\">\n\t\t\t\t\t\t\t<div class=\"tm-modern-image\">\n\t\t\t\t\t\t\t<div class=\"minimog-box\">\n\t\t\t\t\t<div class=\"minimog-image\">\t\t\t\t\t<m-image class=\"minimog-lazy-image\" style=\"--lazy-image-width: 300px;--lazy-image-height: 83.333333333333%;\" data-image-loading><img decoding=\"async\"  data-src=\"https:\/\/foredgetech.com\/wp-content\/uploads\/2023\/12\/NS6016G-EN-1.jpg\" width=\"300\" height=\"250\" alt=\"NS6016G&#8211;EN\" class=\"attachment-full size-full lazyload\" src=\"data:image\/svg+xml;base64,PHN2ZyB3aWR0aD0iMSIgaGVpZ2h0PSIxIiB4bWxucz0iaHR0cDovL3d3dy53My5vcmcvMjAwMC9zdmciPjwvc3ZnPg==\" style=\"--smush-placeholder-width: 300px; --smush-placeholder-aspect-ratio: 300\/250;\" \/><\/m-image>\t\t\t\t\t<\/div>\t\t\t\t<\/div>\n\t\t\t\t\t\t\t\t\t\t<\/div>\n\t\t\t\t\t\t<\/div>\n\t\t\t\t<\/div>\n\t\t\t\t\t<\/div>\n\t\t<\/div>\n\t\t\t\t<div class=\"elementor-column elementor-col-66 elementor-top-column elementor-element elementor-element-78bc78c2\" data-id=\"78bc78c2\" data-element_type=\"column\">\n\t\t\t<div class=\"elementor-widget-wrap elementor-element-populated\">\n\t\t\t\t\t\t<div class=\"elementor-element elementor-element-2052b071 elementor-widget elementor-widget-tm-heading\" data-id=\"2052b071\" data-element_type=\"widget\" data-widget_type=\"tm-heading.default\">\n\t\t\t\t<div class=\"elementor-widget-container\">\n\t\t\t\t\t\t\t<div class=\"tm-modern-heading tm-modern-heading--style-01 tm-modern-heading--highlight-style-01\">\n\t\t\t\n\t\t\t\t\t<div class=\"heading-primary-wrap\">\n\t\t\t<h4 class=\"heading-primary elementor-heading-title\">\u00dcbersicht<\/h4>\t\t<\/div>\n\t\t\n\t\t\t\n\t\t\t\t\t<\/div>\n\t\t\t\t\t\t<\/div>\n\t\t\t\t<\/div>\n\t\t\t\t<div class=\"elementor-element elementor-element-7c6ab884 elementor-widget elementor-widget-text-editor\" data-id=\"7c6ab884\" data-element_type=\"widget\" data-widget_type=\"text-editor.default\">\n\t\t\t\t<div class=\"elementor-widget-container\">\n\t\t\t\t\t\t\t\t\t<p class=\"MsoNormal\">16 adaptive 10\/100\/1000M-Ports, die alle die Weiterleitung mit voller Leitungsgeschwindigkeit und das automatische Umschalten zwischen MDI und MDIX unterst\u00fctzen<\/p>\t\t\t\t\t\t\t\t<\/div>\n\t\t\t\t<\/div>\n\t\t\t\t<section class=\"elementor-section elementor-inner-section elementor-element elementor-element-2afe0aab elementor-section-gap-beside-no elementor-section-full_width elementor-section-height-default elementor-section-height-default elementor-section-column-vertical-align-stretch\" data-id=\"2afe0aab\" data-element_type=\"section\">\n\t\t\t\t\t\t<div class=\"elementor-container elementor-column-gap-extended\">\n\t\t\t\t\t<div class=\"elementor-column elementor-col-33 elementor-inner-column elementor-element elementor-element-7751e85f\" data-id=\"7751e85f\" data-element_type=\"column\">\n\t\t\t<div class=\"elementor-widget-wrap elementor-element-populated\">\n\t\t\t\t\t\t<div class=\"elementor-element elementor-element-d07ae98 elementor-widget elementor-widget-tm-heading\" data-id=\"d07ae98\" data-element_type=\"widget\" data-widget_type=\"tm-heading.default\">\n\t\t\t\t<div class=\"elementor-widget-container\">\n\t\t\t\t\t\t\t<div class=\"tm-modern-heading tm-modern-heading--style-01 tm-modern-heading--highlight-style-01\">\n\t\t\t\n\t\t\t\t\t<div class=\"heading-primary-wrap\">\n\t\t\t<h6 class=\"heading-primary elementor-heading-title\">Bandbreite der Switch-Backplane<\/h6>\t\t<\/div>\n\t\t\n\t\t\t\n\t\t\t\t\t<div class=\"heading-description-wrap\">\n\t\t\t<div class=\"heading-description\">\n\t\t\t\t<p>32Gbps<\/p>\t\t\t<\/div>\n\t\t<\/div>\n\t\t\t\t<\/div>\n\t\t\t\t\t\t<\/div>\n\t\t\t\t<\/div>\n\t\t\t\t<div class=\"elementor-element elementor-element-7cf8fe9 elementor-widget elementor-widget-tm-heading\" data-id=\"7cf8fe9\" data-element_type=\"widget\" data-widget_type=\"tm-heading.default\">\n\t\t\t\t<div class=\"elementor-widget-container\">\n\t\t\t\t\t\t\t<div class=\"tm-modern-heading tm-modern-heading--style-01 tm-modern-heading--highlight-style-01\">\n\t\t\t\n\t\t\t\t\t<div class=\"heading-primary-wrap\">\n\t\t\t<h6 class=\"heading-primary elementor-heading-title\">Luftfeuchtigkeit bei der Arbeit<\/h6>\t\t<\/div>\n\t\t\n\t\t\t\n\t\t\t\t\t<div class=\"heading-description-wrap\">\n\t\t\t<div class=\"heading-description\">\n\t\t\t\t<p>10% ~ 90% RH nun-kondensierend<\/p>\t\t\t<\/div>\n\t\t<\/div>\n\t\t\t\t<\/div>\n\t\t\t\t\t\t<\/div>\n\t\t\t\t<\/div>\n\t\t\t\t\t<\/div>\n\t\t<\/div>\n\t\t\t\t<div class=\"elementor-column elementor-col-33 elementor-inner-column elementor-element elementor-element-c6e3a56\" data-id=\"c6e3a56\" data-element_type=\"column\">\n\t\t\t<div class=\"elementor-widget-wrap elementor-element-populated\">\n\t\t\t\t\t\t<div class=\"elementor-element elementor-element-44fb51c6 elementor-widget elementor-widget-tm-heading\" data-id=\"44fb51c6\" data-element_type=\"widget\" data-widget_type=\"tm-heading.default\">\n\t\t\t\t<div class=\"elementor-widget-container\">\n\t\t\t\t\t\t\t<div class=\"tm-modern-heading tm-modern-heading--style-01 tm-modern-heading--highlight-style-01\">\n\t\t\t\n\t\t\t\t\t<div class=\"heading-primary-wrap\">\n\t\t\t<h6 class=\"heading-primary elementor-heading-title\">Weiterleitung von Paketen<\/h6>\t\t<\/div>\n\t\t\n\t\t\t\n\t\t\t\t\t<div class=\"heading-description-wrap\">\n\t\t\t<div class=\"heading-description\">\n\t\t\t\t<p>\u00a023.808Mpps<\/p>\t\t\t<\/div>\n\t\t<\/div>\n\t\t\t\t<\/div>\n\t\t\t\t\t\t<\/div>\n\t\t\t\t<\/div>\n\t\t\t\t<div class=\"elementor-element elementor-element-2de3256a elementor-widget elementor-widget-tm-heading\" data-id=\"2de3256a\" data-element_type=\"widget\" data-widget_type=\"tm-heading.default\">\n\t\t\t\t<div class=\"elementor-widget-container\">\n\t\t\t\t\t\t\t<div class=\"tm-modern-heading tm-modern-heading--style-01 tm-modern-heading--highlight-style-01\">\n\t\t\t\n\t\t\t\t\t<div class=\"heading-primary-wrap\">\n\t\t\t<h6 class=\"heading-primary elementor-heading-title\">Abmessungen (B \u00d7 T \u00d7 H)<\/h6>\t\t<\/div>\n\t\t\n\t\t\t\n\t\t\t\t\t<div class=\"heading-description-wrap\">\n\t\t\t<div class=\"heading-description\">\n\t\t\t\t<p>284mm*180mm*44mm<\/p>\t\t\t<\/div>\n\t\t<\/div>\n\t\t\t\t<\/div>\n\t\t\t\t\t\t<\/div>\n\t\t\t\t<\/div>\n\t\t\t\t<div class=\"elementor-element elementor-element-453d78ca elementor-widget elementor-widget-spacer\" data-id=\"453d78ca\" data-element_type=\"widget\" data-widget_type=\"spacer.default\">\n\t\t\t\t<div class=\"elementor-widget-container\">\n\t\t\t\t\t\t\t<div class=\"elementor-spacer\">\n\t\t\t<div class=\"elementor-spacer-inner\"><\/div>\n\t\t<\/div>\n\t\t\t\t\t\t<\/div>\n\t\t\t\t<\/div>\n\t\t\t\t\t<\/div>\n\t\t<\/div>\n\t\t\t\t<div class=\"elementor-column elementor-col-33 elementor-inner-column elementor-element elementor-element-63d177a8\" data-id=\"63d177a8\" data-element_type=\"column\">\n\t\t\t<div class=\"elementor-widget-wrap elementor-element-populated\">\n\t\t\t\t\t\t<div class=\"elementor-element elementor-element-47145555 elementor-widget elementor-widget-tm-heading\" data-id=\"47145555\" data-element_type=\"widget\" data-widget_type=\"tm-heading.default\">\n\t\t\t\t<div class=\"elementor-widget-container\">\n\t\t\t\t\t\t\t<div class=\"tm-modern-heading tm-modern-heading--style-01 tm-modern-heading--highlight-style-01\">\n\t\t\t\n\t\t\t\t\t<div class=\"heading-primary-wrap\">\n\t\t\t<h6 class=\"heading-primary elementor-heading-title\">Switchport<\/h6>\t\t<\/div>\n\t\t\n\t\t\t\n\t\t\t\t\t<div class=\"heading-description-wrap\">\n\t\t\t<div class=\"heading-description\">\n\t\t\t\t<p>16 10\/100\/1000Mbps RJ45-Anschl\u00fcsse<\/p>\t\t\t<\/div>\n\t\t<\/div>\n\t\t\t\t<\/div>\n\t\t\t\t\t\t<\/div>\n\t\t\t\t<\/div>\n\t\t\t\t\t<\/div>\n\t\t<\/div>\n\t\t\t\t\t<\/div>\n\t\t<\/section>\n\t\t\t\t\t<\/div>\n\t\t<\/div>\n\t\t\t\t\t<\/div>\n\t\t<\/section>\n\t\t<div class=\"elementor-element elementor-element-1b74d531 e-flex e-con-boxed e-con e-parent\" data-id=\"1b74d531\" data-element_type=\"container\">\n\t\t\t\t\t<div class=\"e-con-inner\">\n\t\t\t\t<div class=\"elementor-element elementor-element-aaf7427 elementor-widget elementor-widget-image\" data-id=\"aaf7427\" data-element_type=\"widget\" data-widget_type=\"image.default\">\n\t\t\t\t<div class=\"elementor-widget-container\">\n\t\t\t\t\t\t\t\t\t\t\t\t\t\t\t<img fetchpriority=\"high\" decoding=\"async\" width=\"1920\" height=\"756\" src=\"https:\/\/foredgetech.com\/wp-content\/uploads\/2023\/12\/A1.jpg\" class=\"attachment-full size-full wp-image-29224\" alt=\"\" srcset=\"https:\/\/foredgetech.com\/wp-content\/uploads\/2023\/12\/A1.jpg 1920w, https:\/\/foredgetech.com\/wp-content\/uploads\/2023\/12\/A1-150x59.jpg 150w, https:\/\/foredgetech.com\/wp-content\/uploads\/2023\/12\/A1-600x236.jpg 600w, https:\/\/foredgetech.com\/wp-content\/uploads\/2023\/12\/A1-300x118.jpg 300w, https:\/\/foredgetech.com\/wp-content\/uploads\/2023\/12\/A1-1024x403.jpg 1024w, https:\/\/foredgetech.com\/wp-content\/uploads\/2023\/12\/A1-768x302.jpg 768w, https:\/\/foredgetech.com\/wp-content\/uploads\/2023\/12\/A1-1536x605.jpg 1536w\" sizes=\"(max-width: 1920px) 100vw, 1920px\" \/>\t\t\t\t\t\t\t\t\t\t\t\t\t\t\t<\/div>\n\t\t\t\t<\/div>\n\t\t\t\t<div class=\"elementor-element elementor-element-32289a0 elementor-widget elementor-widget-image\" data-id=\"32289a0\" data-element_type=\"widget\" data-widget_type=\"image.default\">\n\t\t\t\t<div class=\"elementor-widget-container\">\n\t\t\t\t\t\t\t\t\t\t\t\t\t\t\t<img decoding=\"async\" width=\"1920\" height=\"756\" data-src=\"https:\/\/foredgetech.com\/wp-content\/uploads\/2023\/12\/B2.jpg\" class=\"attachment-full size-full wp-image-29225 lazyload\" alt=\"\" data-srcset=\"https:\/\/foredgetech.com\/wp-content\/uploads\/2023\/12\/B2.jpg 1920w, https:\/\/foredgetech.com\/wp-content\/uploads\/2023\/12\/B2-150x59.jpg 150w, https:\/\/foredgetech.com\/wp-content\/uploads\/2023\/12\/B2-600x236.jpg 600w, https:\/\/foredgetech.com\/wp-content\/uploads\/2023\/12\/B2-300x118.jpg 300w, https:\/\/foredgetech.com\/wp-content\/uploads\/2023\/12\/B2-1024x403.jpg 1024w, https:\/\/foredgetech.com\/wp-content\/uploads\/2023\/12\/B2-768x302.jpg 768w, https:\/\/foredgetech.com\/wp-content\/uploads\/2023\/12\/B2-1536x605.jpg 1536w\" data-sizes=\"(max-width: 1920px) 100vw, 1920px\" src=\"data:image\/svg+xml;base64,PHN2ZyB3aWR0aD0iMSIgaGVpZ2h0PSIxIiB4bWxucz0iaHR0cDovL3d3dy53My5vcmcvMjAwMC9zdmciPjwvc3ZnPg==\" style=\"--smush-placeholder-width: 1920px; --smush-placeholder-aspect-ratio: 1920\/756;\" \/>\t\t\t\t\t\t\t\t\t\t\t\t\t\t\t<\/div>\n\t\t\t\t<\/div>\n\t\t\t\t<div class=\"elementor-element elementor-element-49e5032 elementor-widget elementor-widget-image\" data-id=\"49e5032\" data-element_type=\"widget\" data-widget_type=\"image.default\">\n\t\t\t\t<div class=\"elementor-widget-container\">\n\t\t\t\t\t\t\t\t\t\t\t\t\t\t\t<img decoding=\"async\" width=\"1920\" height=\"756\" data-src=\"https:\/\/foredgetech.com\/wp-content\/uploads\/2023\/12\/C3\u4f18\u70b9-\u767d.jpg\" class=\"attachment-full size-full wp-image-29226 lazyload\" alt=\"\" data-srcset=\"https:\/\/foredgetech.com\/wp-content\/uploads\/2023\/12\/C3\u4f18\u70b9-\u767d.jpg 1920w, https:\/\/foredgetech.com\/wp-content\/uploads\/2023\/12\/C3\u4f18\u70b9-\u767d-150x59.jpg 150w, https:\/\/foredgetech.com\/wp-content\/uploads\/2023\/12\/C3\u4f18\u70b9-\u767d-600x236.jpg 600w, https:\/\/foredgetech.com\/wp-content\/uploads\/2023\/12\/C3\u4f18\u70b9-\u767d-300x118.jpg 300w, https:\/\/foredgetech.com\/wp-content\/uploads\/2023\/12\/C3\u4f18\u70b9-\u767d-1024x403.jpg 1024w, https:\/\/foredgetech.com\/wp-content\/uploads\/2023\/12\/C3\u4f18\u70b9-\u767d-768x302.jpg 768w, https:\/\/foredgetech.com\/wp-content\/uploads\/2023\/12\/C3\u4f18\u70b9-\u767d-1536x605.jpg 1536w\" data-sizes=\"(max-width: 1920px) 100vw, 1920px\" src=\"data:image\/svg+xml;base64,PHN2ZyB3aWR0aD0iMSIgaGVpZ2h0PSIxIiB4bWxucz0iaHR0cDovL3d3dy53My5vcmcvMjAwMC9zdmciPjwvc3ZnPg==\" style=\"--smush-placeholder-width: 1920px; --smush-placeholder-aspect-ratio: 1920\/756;\" \/>\t\t\t\t\t\t\t\t\t\t\t\t\t\t\t<\/div>\n\t\t\t\t<\/div>\n\t\t\t\t<div class=\"elementor-element elementor-element-31953a9 elementor-widget elementor-widget-image\" data-id=\"31953a9\" data-element_type=\"widget\" data-widget_type=\"image.default\">\n\t\t\t\t<div class=\"elementor-widget-container\">\n\t\t\t\t\t\t\t\t\t\t\t\t\t\t\t<img decoding=\"async\" width=\"1920\" height=\"756\" data-src=\"https:\/\/foredgetech.com\/wp-content\/uploads\/2023\/12\/D4-\u5168\u7ebf\u901f\u8f6c\u53d1.jpg\" class=\"attachment-full size-full wp-image-29228 lazyload\" alt=\"\" data-srcset=\"https:\/\/foredgetech.com\/wp-content\/uploads\/2023\/12\/D4-\u5168\u7ebf\u901f\u8f6c\u53d1.jpg 1920w, https:\/\/foredgetech.com\/wp-content\/uploads\/2023\/12\/D4-\u5168\u7ebf\u901f\u8f6c\u53d1-150x59.jpg 150w, https:\/\/foredgetech.com\/wp-content\/uploads\/2023\/12\/D4-\u5168\u7ebf\u901f\u8f6c\u53d1-600x236.jpg 600w, https:\/\/foredgetech.com\/wp-content\/uploads\/2023\/12\/D4-\u5168\u7ebf\u901f\u8f6c\u53d1-300x118.jpg 300w, https:\/\/foredgetech.com\/wp-content\/uploads\/2023\/12\/D4-\u5168\u7ebf\u901f\u8f6c\u53d1-1024x403.jpg 1024w, https:\/\/foredgetech.com\/wp-content\/uploads\/2023\/12\/D4-\u5168\u7ebf\u901f\u8f6c\u53d1-768x302.jpg 768w, https:\/\/foredgetech.com\/wp-content\/uploads\/2023\/12\/D4-\u5168\u7ebf\u901f\u8f6c\u53d1-1536x605.jpg 1536w\" data-sizes=\"(max-width: 1920px) 100vw, 1920px\" src=\"data:image\/svg+xml;base64,PHN2ZyB3aWR0aD0iMSIgaGVpZ2h0PSIxIiB4bWxucz0iaHR0cDovL3d3dy53My5vcmcvMjAwMC9zdmciPjwvc3ZnPg==\" style=\"--smush-placeholder-width: 1920px; --smush-placeholder-aspect-ratio: 1920\/756;\" \/>\t\t\t\t\t\t\t\t\t\t\t\t\t\t\t<\/div>\n\t\t\t\t<\/div>\n\t\t\t\t<div class=\"elementor-element elementor-element-510f0b3 elementor-widget elementor-widget-image\" data-id=\"510f0b3\" data-element_type=\"widget\" data-widget_type=\"image.default\">\n\t\t\t\t<div class=\"elementor-widget-container\">\n\t\t\t\t\t\t\t\t\t\t\t\t\t\t\t<img decoding=\"async\" width=\"1920\" height=\"756\" data-src=\"https:\/\/foredgetech.com\/wp-content\/uploads\/2023\/12\/E5-\u6e29\u5dee-\u6781\u70ed\u6781\u5bd2.jpg\" class=\"attachment-full size-full wp-image-29229 lazyload\" alt=\"\" data-srcset=\"https:\/\/foredgetech.com\/wp-content\/uploads\/2023\/12\/E5-\u6e29\u5dee-\u6781\u70ed\u6781\u5bd2.jpg 1920w, https:\/\/foredgetech.com\/wp-content\/uploads\/2023\/12\/E5-\u6e29\u5dee-\u6781\u70ed\u6781\u5bd2-150x59.jpg 150w, https:\/\/foredgetech.com\/wp-content\/uploads\/2023\/12\/E5-\u6e29\u5dee-\u6781\u70ed\u6781\u5bd2-600x236.jpg 600w, https:\/\/foredgetech.com\/wp-content\/uploads\/2023\/12\/E5-\u6e29\u5dee-\u6781\u70ed\u6781\u5bd2-300x118.jpg 300w, https:\/\/foredgetech.com\/wp-content\/uploads\/2023\/12\/E5-\u6e29\u5dee-\u6781\u70ed\u6781\u5bd2-1024x403.jpg 1024w, https:\/\/foredgetech.com\/wp-content\/uploads\/2023\/12\/E5-\u6e29\u5dee-\u6781\u70ed\u6781\u5bd2-768x302.jpg 768w, https:\/\/foredgetech.com\/wp-content\/uploads\/2023\/12\/E5-\u6e29\u5dee-\u6781\u70ed\u6781\u5bd2-1536x605.jpg 1536w\" data-sizes=\"(max-width: 1920px) 100vw, 1920px\" src=\"data:image\/svg+xml;base64,PHN2ZyB3aWR0aD0iMSIgaGVpZ2h0PSIxIiB4bWxucz0iaHR0cDovL3d3dy53My5vcmcvMjAwMC9zdmciPjwvc3ZnPg==\" style=\"--smush-placeholder-width: 1920px; --smush-placeholder-aspect-ratio: 1920\/756;\" \/>\t\t\t\t\t\t\t\t\t\t\t\t\t\t\t<\/div>\n\t\t\t\t<\/div>\n\t\t\t\t\t<\/div>\n\t\t\t\t<\/div>\n\t\t<div class=\"elementor-element elementor-element-4ce676b e-flex e-con-boxed e-con e-parent\" data-id=\"4ce676b\" data-element_type=\"container\">\n\t\t\t\t\t<div class=\"e-con-inner\">\n\t\t\t\t<div class=\"elementor-element elementor-element-142864b elementor-widget elementor-widget-heading\" data-id=\"142864b\" data-element_type=\"widget\" data-widget_type=\"heading.default\">\n\t\t\t\t<div class=\"elementor-widget-container\">\n\t\t\t\t\t<h2 class=\"elementor-heading-title elementor-size-default\">Spezifikationen<\/h2>\t\t\t\t<\/div>\n\t\t\t\t<\/div>\n\t\t\t\t<div class=\"elementor-element elementor-element-c85a48f elementor-widget elementor-widget-text-editor\" data-id=\"c85a48f\" data-element_type=\"widget\" data-widget_type=\"text-editor.default\">\n\t\t\t\t<div class=\"elementor-widget-container\">\n\t\t\t\t\t\t\t\t\t<table width=\"503\"><tbody><tr><td width=\"130\"><p><strong>Netzwerk<\/strong> <strong>Schnittstelle<\/strong><\/p><\/td><td width=\"374\"><p>\u25cf16 * 10\/100\/1000M RJ45-Anschl\u00fcsse (Anschluss 1~Anschluss 16)<\/p><\/td><\/tr><tr><td width=\"130\"><p><strong>Netzwerk<\/strong><strong>\u00a0<\/strong><strong>Protokoll<\/strong><\/p><p><strong>Standard<\/strong><\/p><\/td><td width=\"374\"><p>\u25cf IEEE 802.3i\u3001 IEEE 802.3u\u3001IEEE 802.3x\u3001 IEEE 802.3ab<\/p><\/td><\/tr><tr><td width=\"130\"><p><strong>Leistung<\/strong><\/p><p><strong>Spezifikationen<\/strong><\/p><\/td><td width=\"374\"><p>\u25cfBackplane-Bandbreite: 32Gbps (nicht blockierend)<\/p><p>\u25cfPaketweiterleitungsrate: 23,8 Mpps<\/p><p>\u25cfMAC-Adresstabelle: 8K<\/p><p>\u25cfWeiterleitungsmodus: Speichern und Weiterleiten<\/p><\/td><\/tr><tr><td width=\"130\"><p><strong>LED<\/strong> <strong>Indikator<\/strong><\/p><\/td><td width=\"374\"><p>\u25cf 1 Betriebsanzeige<\/p><p>\u25cf 16 LINK\/ACT-Anzeige<\/p><\/td><\/tr><tr><td width=\"130\"><p><strong>Stromunterst\u00fctzung<\/strong><\/p><\/td><td width=\"374\"><p>\u25cf AC 100-240V\/50-60Hz<\/p><\/td><\/tr><tr><td width=\"130\"><p><strong>Physikalisch<\/strong><\/p><p><strong>Spezifikationen<\/strong><\/p><\/td><td width=\"374\"><p>\u25cf Abmessungen (LxBxH): 284mm*180mm*44mm<\/p><\/td><\/tr><tr><td width=\"130\"><p><strong>Umwelt<\/strong><\/p><p><strong>Spezifikationen<\/strong><\/p><\/td><td width=\"374\"><p>\u25cf Arbeitstemperatur: 0\u00b0C~40\u00b0C<\/p><p>\u25cf Lagertemperatur: -40\u2103 ~ 70\u2103<\/p><p>\u25cf Luftfeuchtigkeit bei der Arbeit: 10%~ 90% RH ohne Kondensation<\/p><p>\u25cf Luftfeuchtigkeit bei Lagerung: 5%~90% RH ohne Kondensation<\/p><\/td><\/tr><tr><td width=\"130\"><p><strong>Sicherheit<\/strong> <strong>Verordnungen<\/strong><\/p><\/td><td width=\"374\"><p>\u25cfCE\/ROHS\/FCC<\/p><\/td><\/tr><\/tbody><\/table>\t\t\t\t\t\t\t\t<\/div>\n\t\t\t\t<\/div>\n\t\t\t\t\t<\/div>\n\t\t\t\t<\/div>\n\t\t\t\t<\/div>","protected":false},"excerpt":{"rendered":"<ul>\n<li>16 10\/100\/1000Mbps RJ45-Anschl\u00fcsse<\/li>\n<li>Personalisiertes Design mit geringem Volumen, flexibler Einsatz auf kleinem Raum<\/li>\n<li>Kein L\u00fcfter, nat\u00fcrliche W\u00e4rmeableitung, leise und energiesparend<\/li>\n<\/ul>","protected":false},"featured_media":26742,"template":"","meta":[],"product_brand":[],"product_cat":[585],"product_tag":[],"class_list":{"0":"post-26740","1":"product","2":"type-product","3":"status-publish","4":"has-post-thumbnail","6":"product_cat-cctv-product-series-enterprise-network","7":"pa_series-cloud-switch","8":"pa_series-ethernet-series","10":"first","11":"instock","12":"shipping-taxable","13":"product-type-simple"},"_links":{"self":[{"href":"https:\/\/foredgetech.com\/de\/wp-json\/wp\/v2\/product\/26740","targetHints":{"allow":["GET"]}}],"collection":[{"href":"https:\/\/foredgetech.com\/de\/wp-json\/wp\/v2\/product"}],"about":[{"href":"https:\/\/foredgetech.com\/de\/wp-json\/wp\/v2\/types\/product"}],"version-history":[{"count":3,"href":"https:\/\/foredgetech.com\/de\/wp-json\/wp\/v2\/product\/26740\/revisions"}],"predecessor-version":[{"id":34333,"href":"https:\/\/foredgetech.com\/de\/wp-json\/wp\/v2\/product\/26740\/revisions\/34333"}],"wp:featuredmedia":[{"embeddable":true,"href":"https:\/\/foredgetech.com\/de\/wp-json\/wp\/v2\/media\/26742"}],"wp:attachment":[{"href":"https:\/\/foredgetech.com\/de\/wp-json\/wp\/v2\/media?parent=26740"}],"wp:term":[{"taxonomy":"product_brand","embeddable":true,"href":"https:\/\/foredgetech.com\/de\/wp-json\/wp\/v2\/product_brand?post=26740"},{"taxonomy":"product_cat","embeddable":true,"href":"https:\/\/foredgetech.com\/de\/wp-json\/wp\/v2\/product_cat?post=26740"},{"taxonomy":"product_tag","embeddable":true,"href":"https:\/\/foredgetech.com\/de\/wp-json\/wp\/v2\/product_tag?post=26740"}],"curies":[{"name":"wp","href":"https:\/\/api.w.org\/{rel}","templated":true}]}}