{"id":28543,"date":"2024-01-04T05:38:10","date_gmt":"2024-01-04T05:38:10","guid":{"rendered":"https:\/\/foredgetech.com\/?page_id=28543"},"modified":"2024-06-28T10:13:08","modified_gmt":"2024-06-28T10:13:08","slug":"data-security","status":"publish","type":"page","link":"https:\/\/foredgetech.com\/de\/data-security\/","title":{"rendered":"Datensicherheit"},"content":{"rendered":"<div data-elementor-type=\"wp-page\" data-elementor-id=\"28543\" class=\"elementor elementor-28543\">\n\t\t\t\t<div class=\"elementor-element elementor-element-136e92b2 e-flex e-con-boxed e-con e-parent\" data-id=\"136e92b2\" data-element_type=\"container\">\n\t\t\t\t\t<div class=\"e-con-inner\">\n\t\t<div class=\"elementor-element elementor-element-d799229 e-flex e-con-boxed e-con e-child\" data-id=\"d799229\" data-element_type=\"container\">\n\t\t\t\t\t<div class=\"e-con-inner\">\n\t\t\t\t<div class=\"elementor-element elementor-element-eeb5e6a elementor-widget elementor-widget-heading\" data-id=\"eeb5e6a\" data-element_type=\"widget\" data-widget_type=\"heading.default\">\n\t\t\t\t<div class=\"elementor-widget-container\">\n\t\t\t\t\t<h2 class=\"elementor-heading-title elementor-size-default\">Foredge Erkl\u00e4rung zum Schutz der Benutzerdaten<\/h2>\t\t\t\t<\/div>\n\t\t\t\t<\/div>\n\t\t\t\t<div class=\"elementor-element elementor-element-444ff33 elementor-widget elementor-widget-text-editor\" data-id=\"444ff33\" data-element_type=\"widget\" data-widget_type=\"text-editor.default\">\n\t\t\t\t<div class=\"elementor-widget-container\">\n\t\t\t\t\t\t\t\t\t<p>Diese Erkl\u00e4rung deckt m\u00f6glicherweise nicht alle m\u00f6glichen Szenarien der Nutzerdatenverarbeitung ab. Erkl\u00e4rungen zur Verarbeitung von Nutzerdaten in bestimmten Szenarien k\u00f6nnen von Foredge in einer erg\u00e4nzenden Erkl\u00e4rung oder vor der Erhebung von Nutzerdaten abgegeben werden.<\/p>\t\t\t\t\t\t\t\t<\/div>\n\t\t\t\t<\/div>\n\t\t\t\t<div class=\"elementor-element elementor-element-0aaed43 elementor-widget elementor-widget-heading\" data-id=\"0aaed43\" data-element_type=\"widget\" data-widget_type=\"heading.default\">\n\t\t\t\t<div class=\"elementor-widget-container\">\n\t\t\t\t\t<h4 class=\"elementor-heading-title elementor-size-default\">Wir sammeln und verwenden Nutzerdaten<\/h4>\t\t\t\t<\/div>\n\t\t\t\t<\/div>\n\t\t\t\t<div class=\"elementor-element elementor-element-bdfab3b elementor-widget elementor-widget-text-editor\" data-id=\"bdfab3b\" data-element_type=\"widget\" data-widget_type=\"text-editor.default\">\n\t\t\t\t<div class=\"elementor-widget-container\">\n\t\t\t\t\t\t\t\t\t<p>Unter Benutzerdaten versteht man Informationen, die allein oder in Kombination mit anderen Informationen zur Identifizierung eines bestimmten Benutzers verwendet werden k\u00f6nnen. Nachdem Sie diese Erkl\u00e4rung gelesen und ihr zugestimmt haben, werden bei der Nutzung unserer Produkte und Dienstleistungen Benutzerdaten erfasst, um Ihnen hochwertige Dienstleistungen zu bieten. Wir k\u00f6nnen Ihre Benutzerdaten auch zur Durchf\u00fchrung interner Audits, Datenanalysen und Forschungen sowie zur Verbesserung unserer Produkte und Dienstleistungen verwenden.<\/p>\n<p><img fetchpriority=\"high\" decoding=\"async\" class=\"aligncenter wp-image-28549 size-full\" src=\"https:\/\/foredgetech.com\/wp-content\/uploads\/2024\/01\/\u56fe\u72471-2.png\" alt=\"\" width=\"1269\" height=\"224\" srcset=\"https:\/\/foredgetech.com\/wp-content\/uploads\/2024\/01\/\u56fe\u72471-2.png 1269w, https:\/\/foredgetech.com\/wp-content\/uploads\/2024\/01\/\u56fe\u72471-2-150x26.png 150w, https:\/\/foredgetech.com\/wp-content\/uploads\/2024\/01\/\u56fe\u72471-2-600x106.png 600w, https:\/\/foredgetech.com\/wp-content\/uploads\/2024\/01\/\u56fe\u72471-2-300x53.png 300w, https:\/\/foredgetech.com\/wp-content\/uploads\/2024\/01\/\u56fe\u72471-2-1024x181.png 1024w, https:\/\/foredgetech.com\/wp-content\/uploads\/2024\/01\/\u56fe\u72471-2-768x136.png 768w\" sizes=\"(max-width: 1269px) 100vw, 1269px\" \/><\/p>\t\t\t\t\t\t\t\t<\/div>\n\t\t\t\t<\/div>\n\t\t\t\t<div class=\"elementor-element elementor-element-a5f4563 elementor-widget elementor-widget-heading\" data-id=\"a5f4563\" data-element_type=\"widget\" data-widget_type=\"heading.default\">\n\t\t\t\t<div class=\"elementor-widget-container\">\n\t\t\t\t\t<h4 class=\"elementor-heading-title elementor-size-default\">Schutz der Benutzerdaten<\/h4>\t\t\t\t<\/div>\n\t\t\t\t<\/div>\n\t\t\t\t<div class=\"elementor-element elementor-element-76cbe4f elementor-widget elementor-widget-text-editor\" data-id=\"76cbe4f\" data-element_type=\"widget\" data-widget_type=\"text-editor.default\">\n\t\t\t\t<div class=\"elementor-widget-container\">\n\t\t\t\t\t\t\t\t\t<p>Foredge greift nicht auf Benutzerdaten zu, ohne dass der Benutzer dies genehmigt und zugestimmt hat, und hat praktische technische und organisatorische Sicherheitsma\u00dfnahmen getroffen:<br \/>Die Nutzer haben das Recht, pers\u00f6nlich identifizierbare sensible Informationen (wie E-Mail-Adresse, Handynummer usw.) zu gew\u00e4hren und zu schlie\u00dfen. Diese Informationen werden durch den AES-256-Verschl\u00fcsselungsalgorithmus* gesch\u00fctzt und im ASW CLOUD-Rechenzentrum durch einen mehrschichtigen Datensicherheitsmechanismus gespeichert, um die Privatsph\u00e4re der Nutzer und die Datensicherheit zu gew\u00e4hrleisten.<br \/>Unsere Server ermitteln nur die Ger\u00e4te- und Anwendungsdaten des Schalters, wenn sie ihre Dienste anbieten. Wir greifen dabei nicht auf Nutzerdaten zu.<br \/>*Der Verschl\u00fcsselungsalgorithmus AES-256 gilt derzeit als der sicherste symmetrische Verschl\u00fcsselungsalgorithmus. Seine Schl\u00fcssell\u00e4nge betr\u00e4gt 256 Bit und wird h\u00e4ufig zum Schutz sensibler Daten wie Finanztransaktionen und medizinischer Daten verwendet.<\/p>\t\t\t\t\t\t\t\t<\/div>\n\t\t\t\t<\/div>\n\t\t\t\t<div class=\"elementor-element elementor-element-05891ae elementor-widget elementor-widget-heading\" data-id=\"05891ae\" data-element_type=\"widget\" data-widget_type=\"heading.default\">\n\t\t\t\t<div class=\"elementor-widget-container\">\n\t\t\t\t\t<h4 class=\"elementor-heading-title elementor-size-default\">Sicherheit der Datenspeicherung<\/h4>\t\t\t\t<\/div>\n\t\t\t\t<\/div>\n\t\t\t\t<div class=\"elementor-element elementor-element-1cad6b0 elementor-widget elementor-widget-text-editor\" data-id=\"1cad6b0\" data-element_type=\"widget\" data-widget_type=\"text-editor.default\">\n\t\t\t\t<div class=\"elementor-widget-container\">\n\t\t\t\t\t\t\t\t\t<p>Unterst\u00fctzt die Speicherung von Kennw\u00f6rtern und die Verwendung von AES256-Verschl\u00fcsselung. Wenn die Verschl\u00fcsselungsfunktion aktiviert ist, hat nur der Benutzer die Berechtigung, auf die Onboard-Speicherdaten zuzugreifen, und Foredge kann das Passwort nicht erhalten.<br \/>Daten k\u00f6nnen auf Wunsch gel\u00f6scht werden<br \/>Wir bieten die M\u00f6glichkeit, Daten zu l\u00f6schen und Konten zu l\u00f6schen, wodurch alle w\u00e4hrend der Nutzung des Ger\u00e4ts erzeugten Daten gel\u00f6scht werden:<br \/>Sie k\u00f6nnen Ihr Konto \u00fcber die Anwendung Foredge Explorer l\u00f6schen und alle mit dem Konto verbundenen Daten sowie die Protokolle und den Cache der Anwendung selbst l\u00f6schen.<br \/>Nach dem L\u00f6schen des Kontos werden die Protokolle und andere Informationen auf dem Server automatisch gel\u00f6scht.<br \/>Sie k\u00f6nnen die Werkseinstellungen Ihres Ger\u00e4ts \u00fcber die Systemeinstellungen Ihres Ger\u00e4ts wiederherstellen.<\/p>\t\t\t\t\t\t\t\t<\/div>\n\t\t\t\t<\/div>\n\t\t\t\t<div class=\"elementor-element elementor-element-283ced2 elementor-widget elementor-widget-heading\" data-id=\"283ced2\" data-element_type=\"widget\" data-widget_type=\"heading.default\">\n\t\t\t\t<div class=\"elementor-widget-container\">\n\t\t\t\t\t<h4 class=\"elementor-heading-title elementor-size-default\">Wie man Nutzerdaten grenz\u00fcberschreitend \u00fcbertr\u00e4gt<\/h4>\t\t\t\t<\/div>\n\t\t\t\t<\/div>\n\t\t\t\t<div class=\"elementor-element elementor-element-5defc7f elementor-widget elementor-widget-text-editor\" data-id=\"5defc7f\" data-element_type=\"widget\" data-widget_type=\"text-editor.default\">\n\t\t\t\t<div class=\"elementor-widget-container\">\n\t\t\t\t\t\t\t\t\t<p>Als globales Unternehmen k\u00f6nnen Ihre von Foredge erfassten Benutzerdaten in dem Land\/der Region gespeichert werden, in dem\/der Sie unsere Produkte und Dienstleistungen nutzen, oder in dem\/der Foredge oder seine verbundenen Unternehmen, Tochtergesellschaften, Dienstleister oder Gesch\u00e4ftspartner ans\u00e4ssig sind, um sie zu verarbeiten oder darauf zuzugreifen. In diesen L\u00e4ndern gelten m\u00f6glicherweise unterschiedliche Datenschutzgesetze.<br \/>In solchen F\u00e4llen ergreift Foredge Ma\u00dfnahmen, um sicherzustellen, dass die Daten in \u00dcbereinstimmung mit den Anforderungen dieser Erkl\u00e4rung und dem geltenden Recht verarbeitet werden. Dies gilt auch, wenn die Benutzerdaten der betroffenen Person aus der EU in ein Land oder eine Region \u00fcbertragen werden, in dem\/der ein von der Europ\u00e4ischen Kommission nicht anerkanntes Datenschutzniveau herrscht. Wir k\u00f6nnen verschiedene rechtliche Mechanismen anwenden, wie z. B. die Unterzeichnung von Standardvertragsklauseln, die von der Europ\u00e4ischen Kommission genehmigt wurden, die Einholung der Zustimmung der betroffenen Personen in der EU f\u00fcr grenz\u00fcberschreitende \u00dcbermittlungen, die Anonymisierung von Nutzerdaten vor grenz\u00fcberschreitenden \u00dcbermittlungen und andere Sicherheitsma\u00dfnahmen.<\/p>\t\t\t\t\t\t\t\t<\/div>\n\t\t\t\t<\/div>\n\t\t\t\t<div class=\"elementor-element elementor-element-69a71ff elementor-widget elementor-widget-heading\" data-id=\"69a71ff\" data-element_type=\"widget\" data-widget_type=\"heading.default\">\n\t\t\t\t<div class=\"elementor-widget-container\">\n\t\t\t\t\t<h4 class=\"elementor-heading-title elementor-size-default\">Wie diese Erkl\u00e4rung aktualisiert wird<\/h4>\t\t\t\t<\/div>\n\t\t\t\t<\/div>\n\t\t\t\t<div class=\"elementor-element elementor-element-a8e9fd8 elementor-widget elementor-widget-text-editor\" data-id=\"a8e9fd8\" data-element_type=\"widget\" data-widget_type=\"text-editor.default\">\n\t\t\t\t<div class=\"elementor-widget-container\">\n\t\t\t\t\t\t\t\t\t<p>Foredge beh\u00e4lt sich das Recht vor, diese Erkl\u00e4rung jederzeit zu aktualisieren oder zu \u00e4ndern. Wenn es \u00c4nderungen gibt, werden wir die neueste Datenschutzerkl\u00e4rung auf dieser Seite ver\u00f6ffentlichen. Bei gr\u00f6\u00dferen \u00c4nderungen dieser Datenschutzerkl\u00e4rung werden wir Sie m\u00f6glicherweise \u00fcber verschiedene Kan\u00e4le informieren.<\/p>\t\t\t\t\t\t\t\t<\/div>\n\t\t\t\t<\/div>\n\t\t\t\t\t<\/div>\n\t\t\t\t<\/div>\n\t\t\t\t\t<\/div>\n\t\t\t\t<\/div>\n\t\t\t\t<\/div>","protected":false},"excerpt":{"rendered":"<p>Foredge User Data Security Protection Statement This statement may not cover all possible user data processing scenarios. Statements involving user data processing in specific scenarios may be provided by Foredge in a supplementary statement or before collecting user data. We collect and use user data User data refers to information that can identify a specific user when used alone or in combination with other information. After reading and agreeing to this statement, user data will be collected when using our products or services to provide you with quality services. We may also use your User Data to conduct internal audits, data analysis and research, and to improve our products and services. User data protection Foredge will not access any user data without the user&#8217;s authorization and consent, and has taken practical technical security and organizational measures:Users have the right to grant and close personally identifiable sensitive information (such as email address, mobile phone number, etc.). This information is protected by the AES-256 encryption algorithm* and stored in the ASW CLOUD data center through a multi-layer data security protection mechanism to ensure user privacy and Data Security.Our servers only identify switch-related device and application information when providing services. We do not access any user data during this process.*AES-256 encryption algorithm is currently recognized as the most secure symmetric encryption algorithm. Its key length is 256 bits and is widely used to protect sensitive data such as financial transactions and medical records. Data storage security Supports storing passwords and using AES256 encryption. When the encryption function is turned on, only the user has the permission to access the onboard storage data, and Foredge cannot obtain the password.Data can be erased on requestWe offer ways to clear data and delete accounts, which will delete any data generated while using the device:You can delete your account through the Foredge Explorer application and delete all data associated with the account as well as the logs and cache of the application itself.After the account is deleted, logs and other information on the server will be automatically deleted.You can restore your device&#8217;s factory settings through the system settings on your device. How to transfer user data across borders As a global company, your user data collected by Foredge may be stored in the country\/region where you use our products and services, or where Foredge or its affiliates, subsidiaries, service providers or business partners exist. country\/region for processing or access. These jurisdictions may have different data protection laws.In such cases, Foredge will take steps to ensure that the data is processed in accordance with the requirements of this Statement and applicable law, including when the data subject&#8217;s user data is transferred from the EU to a country or region that has a level of data protection that has not been recognized by the European Commission. We may use various legal mechanisms, such as signing standard contractual clauses approved by the European Commission, obtaining consent from data subjects in the EU for cross-border transfers, anonymizing user data before cross-border transfers and other security measures. How this statement is updated Foredge reserves the right to update or change this statement at any time. If there are any changes, we will post the latest privacy statement on this page. If there are major changes to this privacy statement, we may notify you through different channels.<\/p>","protected":false},"author":1,"featured_media":0,"parent":0,"menu_order":0,"comment_status":"closed","ping_status":"closed","template":"","meta":{"footnotes":""},"class_list":["post-28543","page","type-page","status-publish","hentry","post-no-thumbnail"],"_links":{"self":[{"href":"https:\/\/foredgetech.com\/de\/wp-json\/wp\/v2\/pages\/28543","targetHints":{"allow":["GET"]}}],"collection":[{"href":"https:\/\/foredgetech.com\/de\/wp-json\/wp\/v2\/pages"}],"about":[{"href":"https:\/\/foredgetech.com\/de\/wp-json\/wp\/v2\/types\/page"}],"author":[{"embeddable":true,"href":"https:\/\/foredgetech.com\/de\/wp-json\/wp\/v2\/users\/1"}],"replies":[{"embeddable":true,"href":"https:\/\/foredgetech.com\/de\/wp-json\/wp\/v2\/comments?post=28543"}],"version-history":[{"count":0,"href":"https:\/\/foredgetech.com\/de\/wp-json\/wp\/v2\/pages\/28543\/revisions"}],"wp:attachment":[{"href":"https:\/\/foredgetech.com\/de\/wp-json\/wp\/v2\/media?parent=28543"}],"curies":[{"name":"wp","href":"https:\/\/api.w.org\/{rel}","templated":true}]}}