{"id":24266,"date":"2023-12-26T08:27:02","date_gmt":"2023-12-26T08:27:02","guid":{"rendered":"https:\/\/foredgetech.com\/?page_id=24266"},"modified":"2024-01-05T03:06:27","modified_gmt":"2024-01-05T03:06:27","slug":"trademarks","status":"publish","type":"page","link":"https:\/\/foredgetech.com\/de\/about\/trademarks\/","title":{"rendered":"Markenzeichen"},"content":{"rendered":"<div data-elementor-type=\"wp-page\" data-elementor-id=\"24266\" class=\"elementor elementor-24266\">\n\t\t\t\t<div class=\"elementor-element elementor-element-410926c e-flex e-con-boxed e-con e-parent\" data-id=\"410926c\" data-element_type=\"container\">\n\t\t\t\t\t<div class=\"e-con-inner\">\n\t\t\t\t<div class=\"elementor-element elementor-element-b7714cb elementor-widget elementor-widget-tm-heading\" data-id=\"b7714cb\" data-element_type=\"widget\" data-widget_type=\"tm-heading.default\">\n\t\t\t\t<div class=\"elementor-widget-container\">\n\t\t\t\t\t\t\t<div class=\"tm-modern-heading tm-modern-heading--style-02 tm-modern-heading--highlight-style-01\">\n\t\t\t\n\t\t\t\t\t<div class=\"heading-primary-wrap\">\n\t\t\t<h2 class=\"heading-primary elementor-heading-title\">Markenzeichen<\/h2>\t\t<\/div>\n\t\t\n\t\t\t\n\t\t\t\t\t<\/div>\n\t\t\t\t\t\t<\/div>\n\t\t\t\t<\/div>\n\t\t\t\t\t<\/div>\n\t\t\t\t<\/div>\n\t\t<div class=\"elementor-element elementor-element-f2a2294 e-flex e-con-boxed e-con e-parent\" data-id=\"f2a2294\" data-element_type=\"container\">\n\t\t\t\t\t<div class=\"e-con-inner\">\n\t\t\t\t<div class=\"elementor-element elementor-element-326de0f elementor-widget elementor-widget-text-editor\" data-id=\"326de0f\" data-element_type=\"widget\" data-widget_type=\"text-editor.default\">\n\t\t\t\t<div class=\"elementor-widget-container\">\n\t\t\t\t\t\t\t\t\t<p>Foredge und Foredge Technology sind Marken von Shenzhen Foredge Technology Co., Ltd. (im Folgenden als Foredge bezeichnet). Das Logo von Foredge ist eine eingetragene Marke von Foredge. Ohne die vorherige schriftliche Zustimmung von Foredge ist kein auf der Foredge-Website genannter Inhalt so zu verstehen, dass dadurch stillschweigend, unwidersprochen oder in sonstiger Weise eine Lizenz oder ein Recht zur Nutzung einer der vorgenannten Marken und Handelsnamen einger\u00e4umt wird. Ohne die vorherige schriftliche Zustimmung von Foredge darf niemand den Handelsnamen, die Marke oder das Logo von Foredge in irgendeiner Weise verwenden.<br \/>Foredge \u00fcbernimmt keine Verantwortung f\u00fcr etwaige Ungenauigkeiten oder Fehler, die auf dieser Website auftreten k\u00f6nnen. Foredge beh\u00e4lt sich das Recht vor, diese Ver\u00f6ffentlichung zu \u00e4ndern, zu modifizieren, zu \u00fcbertragen oder anderweitig zu \u00fcberarbeiten.<\/p>\t\t\t\t\t\t\t\t<\/div>\n\t\t\t\t<\/div>\n\t\t\t\t<div class=\"elementor-element elementor-element-42501d0 elementor-widget elementor-widget-image\" data-id=\"42501d0\" data-element_type=\"widget\" data-widget_type=\"image.default\">\n\t\t\t\t<div class=\"elementor-widget-container\">\n\t\t\t\t\t\t\t\t\t\t\t\t\t\t\t<img decoding=\"async\" width=\"400\" height=\"120\" data-src=\"https:\/\/foredgetech.com\/wp-content\/uploads\/2023\/12\/\u4e30\u6da6\u8fbe\u82f1\u6587logo-FOREDGE-\u84dd\u9ed1-400x120-1.webp\" class=\"attachment-full size-full wp-image-26757 lazyload\" alt=\"\" data-srcset=\"https:\/\/foredgetech.com\/wp-content\/uploads\/2023\/12\/\u4e30\u6da6\u8fbe\u82f1\u6587logo-FOREDGE-\u84dd\u9ed1-400x120-1.webp 400w, https:\/\/foredgetech.com\/wp-content\/uploads\/2023\/12\/\u4e30\u6da6\u8fbe\u82f1\u6587logo-FOREDGE-\u84dd\u9ed1-400x120-1-150x45.webp 150w, https:\/\/foredgetech.com\/wp-content\/uploads\/2023\/12\/\u4e30\u6da6\u8fbe\u82f1\u6587logo-FOREDGE-\u84dd\u9ed1-400x120-1-300x90.webp 300w\" data-sizes=\"(max-width: 400px) 100vw, 400px\" src=\"data:image\/svg+xml;base64,PHN2ZyB3aWR0aD0iMSIgaGVpZ2h0PSIxIiB4bWxucz0iaHR0cDovL3d3dy53My5vcmcvMjAwMC9zdmciPjwvc3ZnPg==\" style=\"--smush-placeholder-width: 400px; --smush-placeholder-aspect-ratio: 400\/120;\" \/>\t\t\t\t\t\t\t\t\t\t\t\t\t\t\t<\/div>\n\t\t\t\t<\/div>\n\t\t\t\t\t<\/div>\n\t\t\t\t<\/div>\n\t\t\t\t<\/div>","protected":false},"excerpt":{"rendered":"<p>Trademarks Foredge and Foredge Technology are trademarks of Shenzhen Foredge Technology Co., Ltd. (hereinafter referred to as Foredge). The logo of Foredge is a registered trademark of Foredge. Without the prior written consent of Foredge, any content mentioned on the Foredge website shall not be deemed to grant any license or right to use any of the aforementioned trademarks and trade names by implication, without objection, or in any other way. Without the prior written consent of Foredge, no one shall use Foredge&#8217;s trade name, trademark, or logo in any way.Foredge assumes no responsibility for any inaccuracies or errors that may occur on this website. Foredge reserves the right to modify, modify, transfer or otherwise revise this publication.<\/p>","protected":false},"author":1,"featured_media":0,"parent":24281,"menu_order":0,"comment_status":"closed","ping_status":"closed","template":"","meta":{"footnotes":""},"class_list":["post-24266","page","type-page","status-publish","hentry","post-no-thumbnail"],"_links":{"self":[{"href":"https:\/\/foredgetech.com\/de\/wp-json\/wp\/v2\/pages\/24266","targetHints":{"allow":["GET"]}}],"collection":[{"href":"https:\/\/foredgetech.com\/de\/wp-json\/wp\/v2\/pages"}],"about":[{"href":"https:\/\/foredgetech.com\/de\/wp-json\/wp\/v2\/types\/page"}],"author":[{"embeddable":true,"href":"https:\/\/foredgetech.com\/de\/wp-json\/wp\/v2\/users\/1"}],"replies":[{"embeddable":true,"href":"https:\/\/foredgetech.com\/de\/wp-json\/wp\/v2\/comments?post=24266"}],"version-history":[{"count":0,"href":"https:\/\/foredgetech.com\/de\/wp-json\/wp\/v2\/pages\/24266\/revisions"}],"up":[{"embeddable":true,"href":"https:\/\/foredgetech.com\/de\/wp-json\/wp\/v2\/pages\/24281"}],"wp:attachment":[{"href":"https:\/\/foredgetech.com\/de\/wp-json\/wp\/v2\/media?parent=24266"}],"curies":[{"name":"wp","href":"https:\/\/api.w.org\/{rel}","templated":true}]}}