{"id":24140,"date":"2023-12-26T06:49:25","date_gmt":"2023-12-26T06:49:25","guid":{"rendered":"https:\/\/foredgetech.com\/?page_id=24140"},"modified":"2024-01-11T06:27:12","modified_gmt":"2024-01-11T06:27:12","slug":"warrantycheck","status":"publish","type":"page","link":"https:\/\/foredgetech.com\/de\/support\/warrantycheck\/","title":{"rendered":"Garantiecheck"},"content":{"rendered":"<div data-elementor-type=\"wp-page\" data-elementor-id=\"24140\" class=\"elementor elementor-24140\">\n\t\t\t\t<div class=\"elementor-element elementor-element-21ab8b8 e-flex e-con-boxed e-con e-parent\" data-id=\"21ab8b8\" data-element_type=\"container\">\n\t\t\t\t\t<div class=\"e-con-inner\">\n\t\t\t\t<div class=\"elementor-element elementor-element-16f83df elementor-widget elementor-widget-heading\" data-id=\"16f83df\" data-element_type=\"widget\" data-widget_type=\"heading.default\">\n\t\t\t\t<div class=\"elementor-widget-container\">\n\t\t\t\t\t<h2 class=\"elementor-heading-title elementor-size-default\">Produktgarantieservice und Garantiezeit Abfrage<\/h2>\t\t\t\t<\/div>\n\t\t\t\t<\/div>\n\t\t<div class=\"elementor-element elementor-element-a79fb97 e-flex e-con-boxed e-con e-child\" data-id=\"a79fb97\" data-element_type=\"container\">\n\t\t\t\t\t<div class=\"e-con-inner\">\n\t\t\t\t<div class=\"elementor-element elementor-element-b956d81 elementor-widget elementor-widget-text-editor\" data-id=\"b956d81\" data-element_type=\"widget\" data-widget_type=\"text-editor.default\">\n\t\t\t\t<div class=\"elementor-widget-container\">\n\t\t\t\t\t\t\t\t\t<ul><li>Wo k\u00f6nnen Sie die Hardware SN finden?<\/li><\/ul>\t\t\t\t\t\t\t\t<\/div>\n\t\t\t\t<\/div>\n\t\t\t\t<div class=\"elementor-element elementor-element-080d3d0 elementor-widget elementor-widget-text-editor\" data-id=\"080d3d0\" data-element_type=\"widget\" data-widget_type=\"text-editor.default\">\n\t\t\t\t<div class=\"elementor-widget-container\">\n\t\t\t\t\t\t\t\t\t<div class=\"chaxun2-center\"><div class=\"chaxun2-center2\"><div class=\"chaxun2-center2-center\">\u00dcberpr\u00fcfen Sie bitte den Barcode auf der Au\u00dfenverpackung oder auf der Ger\u00e4tefront.<\/div><\/div><\/div>\t\t\t\t\t\t\t\t<\/div>\n\t\t\t\t<\/div>\n\t\t\t\t<div class=\"elementor-element elementor-element-9d53d61 elementor-widget elementor-widget-image\" data-id=\"9d53d61\" data-element_type=\"widget\" data-widget_type=\"image.default\">\n\t\t\t\t<div class=\"elementor-widget-container\">\n\t\t\t\t\t\t\t\t\t\t\t\t\t\t\t<img fetchpriority=\"high\" decoding=\"async\" width=\"596\" height=\"214\" src=\"https:\/\/foredgetech.com\/wp-content\/uploads\/2023\/12\/Snipaste_2023-12-29_17-26-27.png\" class=\"attachment-full size-full wp-image-26202\" alt=\"\" srcset=\"https:\/\/foredgetech.com\/wp-content\/uploads\/2023\/12\/Snipaste_2023-12-29_17-26-27.png 596w, https:\/\/foredgetech.com\/wp-content\/uploads\/2023\/12\/Snipaste_2023-12-29_17-26-27-150x54.png 150w, https:\/\/foredgetech.com\/wp-content\/uploads\/2023\/12\/Snipaste_2023-12-29_17-26-27-300x108.png 300w\" sizes=\"(max-width: 596px) 100vw, 596px\" \/>\t\t\t\t\t\t\t\t\t\t\t\t\t\t\t<\/div>\n\t\t\t\t<\/div>\n\t\t\t\t\t<\/div>\n\t\t\t\t<\/div>\n\t\t\t\t\t<\/div>\n\t\t\t\t<\/div>\n\t\t\t\t<\/div>","protected":false},"excerpt":{"rendered":"<p>Product Warranty Service and Warranty Period Query Where can you find the hardware SN? Please check the barcode on the outer packaging or device panel.<\/p>","protected":false},"author":1,"featured_media":0,"parent":23235,"menu_order":0,"comment_status":"closed","ping_status":"closed","template":"","meta":{"footnotes":""},"class_list":["post-24140","page","type-page","status-publish","hentry","post-no-thumbnail"],"_links":{"self":[{"href":"https:\/\/foredgetech.com\/de\/wp-json\/wp\/v2\/pages\/24140","targetHints":{"allow":["GET"]}}],"collection":[{"href":"https:\/\/foredgetech.com\/de\/wp-json\/wp\/v2\/pages"}],"about":[{"href":"https:\/\/foredgetech.com\/de\/wp-json\/wp\/v2\/types\/page"}],"author":[{"embeddable":true,"href":"https:\/\/foredgetech.com\/de\/wp-json\/wp\/v2\/users\/1"}],"replies":[{"embeddable":true,"href":"https:\/\/foredgetech.com\/de\/wp-json\/wp\/v2\/comments?post=24140"}],"version-history":[{"count":0,"href":"https:\/\/foredgetech.com\/de\/wp-json\/wp\/v2\/pages\/24140\/revisions"}],"up":[{"embeddable":true,"href":"https:\/\/foredgetech.com\/de\/wp-json\/wp\/v2\/pages\/23235"}],"wp:attachment":[{"href":"https:\/\/foredgetech.com\/de\/wp-json\/wp\/v2\/media?parent=24140"}],"curies":[{"name":"wp","href":"https:\/\/api.w.org\/{rel}","templated":true}]}}