{"id":23235,"date":"2023-12-21T01:48:20","date_gmt":"2023-12-21T01:48:20","guid":{"rendered":"https:\/\/foredgetech.com\/?page_id=23235"},"modified":"2024-01-29T01:56:28","modified_gmt":"2024-01-29T01:56:28","slug":"support","status":"publish","type":"page","link":"https:\/\/foredgetech.com\/de\/support\/","title":{"rendered":"Unterst\u00fctzung"},"content":{"rendered":"<div data-elementor-type=\"wp-page\" data-elementor-id=\"23235\" class=\"elementor elementor-23235\">\n\t\t\t\t<div class=\"elementor-element elementor-element-fdafb35 e-con-full e-flex e-con e-parent\" data-id=\"fdafb35\" data-element_type=\"container\">\n\t\t\t\t<div class=\"elementor-element elementor-element-7aef06f elementor-widget elementor-widget-shortcode\" data-id=\"7aef06f\" data-element_type=\"widget\" data-widget_type=\"shortcode.default\">\n\t\t\t\t<div class=\"elementor-widget-container\">\n\t\t\t\t\t\t\t<div class=\"elementor-shortcode\"><div class=\"p-cont-item p-page1\">\n\t<div class=\"p-content\">\n\t\t<div class=\"page1-cont\">\n\t\t\t<div class=\"page1-name\">\n\t\t\t\tSupport-Center\n\t\t\t<\/div>\n\t\t\t<!-- \u641c\u7d22\u6846\u53ca\u641c\u7d22\u7ed3\u679c -->\n\t\t\t<div class=\"search-results\">\n\t\t\t\t<!-- \u641c\u7d22\u6846 -->\n\t\t\t\t<div class=\"search-cont\">\n\t\t\t\t\t<input type=\"text\" name=\"seach\" class=\"search-cont-input\" placeholder=\"Unterst\u00fctzung bei der Suche\" id=\"page-search\">\n\t\t\t\t\t<div class=\"page-clear-btn\" id=\"page-clear-btn\" style=\"display: none;\">\n\t\t\t\t\t\t<!--\u6e05\u7a7a\u6309\u94ae-->\n\t\t\t\t\t\t<img decoding=\"async\" data-src=\"\/wp-content\/uploads\/2024\/01\/clear-input_1.png\" src=\"data:image\/svg+xml;base64,PHN2ZyB3aWR0aD0iMSIgaGVpZ2h0PSIxIiB4bWxucz0iaHR0cDovL3d3dy53My5vcmcvMjAwMC9zdmciPjwvc3ZnPg==\" class=\"lazyload\" style=\"--smush-placeholder-width: 28px; --smush-placeholder-aspect-ratio: 28\/28;\">\n\t\t\t\t\t<\/div>\n\t\t\t\t\t<div class=\"page-search-btn\" id=\"page-search-btn\">\n\t\t\t\t\t\t<!--\u641c\u7d22\u6309\u94ae-->\n\t\t\t\t\t\t<svg focusable=\"false\"  xmlns=\"http:\/\/www.w3.org\/2000\/svg\" viewbox=\"0 0 24 24\" width=\"24px\"><path d=\"M15.5 14h-.79l-.28-.27C15.41 12.59 16 11.11 16 9.5 16 5.91 13.09 3 9.5 3S3 5.91 3 9.5 5.91 16 9.5 16c1.61 0 3.09-.59 4.23-1.57l.27.28v.79l5 4.99L20.49 19l-4.99-5zm-6 0C7.01 14 5 11.99 5 9.5S7.01 5 9.5 5 14 7.01 14 9.5 11.99 14 9.5 14z\"><\/path><\/svg>\n\t\t\t\t\t<\/div>\n\t\t\t\t<\/div>\n\t\t\t\t<!-- \u641c\u7d22\u7ed3\u679c -->\n\n\t\t\t<\/div>\n\t\t\t<div class=\"icon-list\">\n\t\t\t\t<div class=\"icon-item\">\n\t\t\t\t\t<a href=\"\/de\/support\/document\/\" target=\"_blank\">\n\t\t\t\t\t\t\t<svg style=\"width: 50px;height: 50px;\" xmlns=\"http:\/\/www.w3.org\/2000\/svg\" viewbox=\"0 0 65.63 62.17\"><defs><style>.cls-1{fill:#003894;}<\/style><\/defs><g id=\"\u56fe\u5c42_2\" data-name=\"\u56fe\u5c42 2\"><g id=\"\u56fe\u5c42_2-2\" data-name=\"\u56fe\u5c42 2\"><path class=\"cls-1\" d=\"M56.13,62.17H9.5A9.52,9.52,0,0,1,0,52.67V9.5A9.52,9.52,0,0,1,9.5,0H56.13a9.51,9.51,0,0,1,9.49,9.5V52.67a9.51,9.51,0,0,1-9.49,9.5ZM9.5,5.18A4.34,4.34,0,0,0,5.18,9.5V52.67A4.32,4.32,0,0,0,9.5,57H56.13a4.3,4.3,0,0,0,4.31-4.32V9.5a4.32,4.32,0,0,0-4.31-4.32Z\"><\/path><path class=\"cls-1\" d=\"M32.81,45.19a2.58,2.58,0,0,1-2.59-2.59V25.33a2.59,2.59,0,0,1,5.18,0V42.6a2.58,2.58,0,0,1-2.59,2.59Z\"><\/path><path class=\"cls-1\" d=\"M32.66,46.63a2.63,2.63,0,0,1-1.87-.78l-7.54-7.8A2.59,2.59,0,1,1,27,34.54l5.65,5.84,5.5-6a2.59,2.59,0,1,1,3.8,3.45l-7.37,8a2.6,2.6,0,0,1-1.87.83ZM63.21,16.87H36.54a8,8,0,0,1-6.91-3.71L23.28,2.68,27.72,0l6.37,10.48a2.88,2.88,0,0,0,2.45,1.23H63.21Z\"><\/path><\/g><\/g><\/svg>\n\t\t\t\t\t\t<div class=\"item-name\">Dokumentation<\/div>\n\t\t\t\t\t<\/a>\n\t\t\t\t<\/div>\n\t\t\t\t<div class=\"icon-item\">\n\t\t\t\t\t<a href=\"\/de\/support\/caseportal\/\" target=\"_blank\">\n\t\t\t\t\t\t<svg style=\"width: 50px;height: 50px;\" xmlns=\"http:\/\/www.w3.org\/2000\/svg\" viewbox=\"0 0 61.22 67.5\"><defs><style>.cls-1{fill:#003894;}<\/style><\/defs><g id=\"\u56fe\u5c42_2\" data-name=\"\u56fe\u5c42 2\"><g id=\"\u56fe\u5c42_2-2\" data-name=\"\u56fe\u5c42 2\"><path class=\"cls-1\" d=\"M51.41,67.5a10,10,0,0,0,9.81-10.24V4.54H55.85V57.26a4.46,4.46,0,1,1-8.88,0V24.69H41.61V57.26a10,10,0,0,0,9.8,10.24Z\"><\/path><path class=\"cls-1\" d=\"M6,67.5H51.81V62.14H6a.64.64,0,0,1-.63-.63v-36A.63.63,0,0,1,6,24.92H41a.63.63,0,0,1,.63.63v32H47v-32a6,6,0,0,0-6-6H6a6,6,0,0,0-6,6v36a6,6,0,0,0,6,6Z\"><\/path><path class=\"cls-1\" d=\"M8.29,24.87h5.36V14.94H28.59a4.36,4.36,0,0,0,4.34-4.34V5.14H27.56V9.58H12.64a4.35,4.35,0,0,0-4.35,4.35Z\"><\/path><path class=\"cls-1\" d=\"M55.85,14.92h5.37V4.05a4,4,0,0,0-4-4H31.68a4.15,4.15,0,0,0-4.12,4.16v6.28h5.37V5.36H55.85Z\"><\/path><path class=\"cls-1\" d=\"M14.68,40.86a.85.85,0,0,1,.67-.57l5.13-.74,2.29-4.65a.83.83,0,0,1,.74-.46.81.81,0,0,1,.74.46l2.3,4.65,5.13.75a.82.82,0,0,1,.67.56.86.86,0,0,1-.21.85l-3.72,3.62.88,5.11a.82.82,0,0,1-.33.8.81.81,0,0,1-.87.06l-4.59-2.41L18.92,51.3a.81.81,0,0,1-.87-.06.84.84,0,0,1-.33-.81l.88-5.11-3.71-3.61a.82.82,0,0,1-.21-.85Z\"><\/path><\/g><\/g><\/svg>\n\t\t\t\t\t\t<div class=\"item-name\">Fallzentrum<\/div>\n\t\t\t\t\t<\/a>\n\t\t\t\t<\/div>\n\t\t\t\t<div class=\"icon-item\">\n\t\t\t\t\t<a href=\"\/de\/support\/hotline\/\" target=\"_blank\">\n\t\t\t\t\t\t<svg style=\"width: 50px;height: 50px;\" xmlns=\"http:\/\/www.w3.org\/2000\/svg\" viewbox=\"0 0 72.58 67.5\"><defs><style>.cls-1{fill:#003894;}<\/style><\/defs><g id=\"\u56fe\u5c42_2\" data-name=\"\u56fe\u5c42 2\"><g id=\"\u56fe\u5c42_2-2\" data-name=\"\u56fe\u5c42 2\"><path class=\"cls-1\" d=\"M28.31,30.85a4.72,4.72,0,1,0-4.72,4.71,4.81,4.81,0,0,0,4.72-4.71\"><\/path><path class=\"cls-1\" d=\"M49,26.13a4.72,4.72,0,1,0,4.72,4.72A4.81,4.81,0,0,0,49,26.13\"><\/path><path class=\"cls-1\" d=\"M67.86,21.41C63.51,8.71,50.81,0,37,0S9.8,8.71,5.08,21.41C2.9,22.14,0,23.59,0,25.77V39.19c0,2.18,2.9,4,5.08,4.36A33.83,33.83,0,0,0,29,63.87a5.11,5.11,0,0,0,4.72,3.63h5.81c2.17,0,4.35-3.27,4.35-5.44s-1.81-5.45-4.35-5.45H33.75c-1.09,0-1.81,1.45-2.9,2.18-9.44-1.81-17.79-8-21-17.06a2.2,2.2,0,0,0,1.09-2.17V25.77A3.56,3.56,0,0,0,9.44,22.5,29.16,29.16,0,0,1,36.29,4,28.3,28.3,0,0,1,63.15,22.5a4.45,4.45,0,0,0-1.46,3.27V39.19c0,2.54,2.91,4.72,5.45,4.72s5.44-2.18,5.44-4.72V25.77c0-2.18-2.54-3.63-4.72-4.36\"><\/path><path class=\"cls-1\" d=\"M48.29,44.16a1.32,1.32,0,0,0-.22-1.81,1.3,1.3,0,0,0-1.8.23A12.13,12.13,0,0,1,36.51,47c-4.13,0-6.75-1.13-9.76-4.44a1.3,1.3,0,0,0-1.8-.23,1.32,1.32,0,0,0-.22,1.81c3.52,4,6.83,5.49,11.78,5.49a14.51,14.51,0,0,0,11.78-5.49Z\"><\/path><\/g><\/g><\/svg>\t\n\t\t\t\t\t\t<div class=\"item-name\">Hotline<\/div>\n\t\t\t\t\t<\/a>\n\t\t\t\t<\/div>\n\t\t\t\t<div class=\"icon-item\">\n\t\t\t\t\t<a href=\"\/de\/support\/warrantycheck\/\" target=\"_blank\">\n\t\t\t\t\t\t<svg style=\"width: 50px;height: 50px;\" xmlns=\"http:\/\/www.w3.org\/2000\/svg\" viewbox=\"0 0 58.65 75\"><defs><style>.cls-1{fill:#003894;}<\/style><\/defs><g id=\"\u56fe\u5c42_2\" data-name=\"\u56fe\u5c42 2\"><g id=\"\u56fe\u5c42_2-2\" data-name=\"\u56fe\u5c42 2\"><path class=\"cls-1\" d=\"M39.87,50.71a2.65,2.65,0,1,0-2.64-2.65A2.65,2.65,0,0,0,39.87,50.71Z\"><\/path><path class=\"cls-1\" d=\"M21.94,20.07a9.83,9.83,0,0,0-2.75.39,1.57,1.57,0,0,0-1.1,1.13,1.61,1.61,0,0,0,.41,1.52l1.82,1.82a2.48,2.48,0,0,1-1.77,4.26,2.49,2.49,0,0,1-1.77-.7L15,26.66a1.59,1.59,0,0,0-2.65.69,10,10,0,0,0-.39,2.75A10.09,10.09,0,0,0,20.14,40l-6.83,6.83a4.79,4.79,0,0,0-1.39,3.37,4.75,4.75,0,0,0,4.74,4.75A4.79,4.79,0,0,0,20,53.54l8.12-8.14L35,52.89a6.84,6.84,0,0,0,4.88,2h0a6.87,6.87,0,0,0,4.82-11.74l-9.83-9,5.31-5.32A3.67,3.67,0,0,0,44,28l2.23-2.22a1.58,1.58,0,0,0,.46-1.13,1.6,1.6,0,0,0-.46-1.12l-3-3a1.6,1.6,0,0,0-1.12-.46,1.57,1.57,0,0,0-1.12.46l-2.22,2.23A3.69,3.69,0,0,0,38,26.61L32.54,32l-.67-.61a10.29,10.29,0,0,0,.1-1.32A10.06,10.06,0,0,0,21.94,20.07ZM41.06,25l1.1-1.1.74.74-1.09,1.1a.54.54,0,0,1-.75,0A.53.53,0,0,1,41.06,25ZM25.6,43.46l-7.81,7.83a1.62,1.62,0,0,1-2.24,0,1.55,1.55,0,0,1-.46-1.11,1.6,1.6,0,0,1,.46-1.12l7.82-7.83Zm-2.05-6.68h-.07a6.83,6.83,0,0,1-8.29-5.49,5.69,5.69,0,0,0,8-7.94,6.92,6.92,0,0,1,3.63,1.9,6.8,6.8,0,0,1,1.84,6.39v.08a.79.79,0,0,0,0,.17V32a1.93,1.93,0,0,0,.08.46l.12.27a1.72,1.72,0,0,0,.25.35l0,0L42.51,45.48a3.66,3.66,0,0,1-2.64,6.24h0a3.7,3.7,0,0,1-2.61-1h0L25,37.26l-.07-.06a1.24,1.24,0,0,0-.22-.18L24.61,37l-.15-.07-.14-.05-.3-.07A1.83,1.83,0,0,0,23.55,36.78Z\"><\/path><path class=\"cls-1\" d=\"M56.37,9.28l-1.9,0h0C38.19,9.31,31,1.85,31,1.78L29.33,0,27.7,1.78c-.07.08-7.64,8.1-25.42,7.5L0,9.2V43c0,8.86,3,21.78,28.53,31.66l.8.31.79-.31C55.69,64.81,58.65,51.89,58.65,43V9.2ZM54.24,43c0,4.76,0,17.34-24.91,27.23C4.42,60.37,4.41,47.79,4.41,43V13.72c13.8-.05,21.73-5,24.92-7.49,3.18,2.53,11.11,7.44,24.91,7.49Z\"><\/path><\/g><\/g><\/svg>\n\t\t\t\t\t\t<div class=\"item-name\">Garantiepr\u00fcfung<\/div>\n\t\t\t\t\t<\/a>\n\t\t\t\t<\/div>\n\n\t\t\t\t\n\t\t\t<\/div>\n\t\t<\/div>\n\t<\/div>\n<\/div><\/div>\n\t\t\t\t\t\t<\/div>\n\t\t\t\t<\/div>\n\t\t\t\t<\/div>\n\t\t<div class=\"elementor-element elementor-element-222187c e-con-full e-flex e-con e-parent\" data-id=\"222187c\" data-element_type=\"container\" data-settings=\"{&quot;background_background&quot;:&quot;classic&quot;}\">\n\t\t\t\t<div class=\"elementor-element elementor-element-561ddeb elementor-hidden-mobile_extra elementor-hidden-mobile elementor-widget elementor-widget-heading\" data-id=\"561ddeb\" data-element_type=\"widget\" data-widget_type=\"heading.default\">\n\t\t\t\t<div class=\"elementor-widget-container\">\n\t\t\t\t\t<h2 class=\"elementor-heading-title elementor-size-default\"><h2 class=\"p-main-title\" style=\"list-style: none; margin-right: auto; margin-bottom: 0px; margin-left: auto; padding: 40px 0px 30px; font-family: &quot;Noto Sans&quot;; outline: none; box-sizing: initial; font-size: 28px; font-weight: bold; -webkit-tap-highlight-color: rgba(0, 0, 0, 0); line-height: 32px; text-align: center; color: rgb(45, 80, 130); position: relative; width: 1152px; letter-spacing: normal; text-transform: none; white-space-collapse: collapse; background-color: rgb(247, 247, 247);\">Der Service wird immer dann erfolgen, wenn Sie ihn brauchen<\/h2><\/h2>\t\t\t\t<\/div>\n\t\t\t\t<\/div>\n\t\t\t\t<\/div>\n\t\t<div class=\"elementor-element elementor-element-2ada485 e-flex e-con-boxed e-con e-parent\" data-id=\"2ada485\" data-element_type=\"container\" data-settings=\"{&quot;background_background&quot;:&quot;classic&quot;}\">\n\t\t\t\t\t<div class=\"e-con-inner\">\n\t\t<div class=\"elementor-element elementor-element-0b73c03 e-con-full e-flex e-con e-child\" data-id=\"0b73c03\" data-element_type=\"container\">\n\t\t\t\t<div class=\"elementor-element elementor-element-502eb2c elementor-widget elementor-widget-tm-modern-image\" data-id=\"502eb2c\" data-element_type=\"widget\" data-widget_type=\"tm-modern-image.default\">\n\t\t\t\t<div class=\"elementor-widget-container\">\n\t\t\t\t\t\t\t<div class=\"tm-modern-image\">\n\t\t\t\t\t\t\t<div class=\"minimog-box\">\n\t\t\t\t\t<div class=\"minimog-image\">\t\t\t\t\t<m-image class=\"minimog-lazy-image\" style=\"--lazy-image-width: 1080px;--lazy-image-height: 66.666666666667%;\" data-image-loading><img decoding=\"async\"  data-src=\"https:\/\/foredgetech.com\/wp-content\/uploads\/2023\/12\/1665224212986.jpg\" width=\"1080\" height=\"720\" alt=\"1665224212986\" class=\"attachment-full size-full lazyload\" src=\"data:image\/svg+xml;base64,PHN2ZyB3aWR0aD0iMSIgaGVpZ2h0PSIxIiB4bWxucz0iaHR0cDovL3d3dy53My5vcmcvMjAwMC9zdmciPjwvc3ZnPg==\" style=\"--smush-placeholder-width: 1080px; --smush-placeholder-aspect-ratio: 1080\/720;\" \/><\/m-image>\t\t\t\t\t<\/div>\t\t\t\t<\/div>\n\t\t\t\t\t\t\t\t\t\t<\/div>\n\t\t\t\t\t\t<\/div>\n\t\t\t\t<\/div>\n\t\t\t\t<\/div>\n\t\t<div class=\"elementor-element elementor-element-3c16b7d e-con-full e-flex e-con e-child\" data-id=\"3c16b7d\" data-element_type=\"container\">\n\t\t\t\t<div class=\"elementor-element elementor-element-893d9a3 elementor-widget elementor-widget-heading\" data-id=\"893d9a3\" data-element_type=\"widget\" data-widget_type=\"heading.default\">\n\t\t\t\t<div class=\"elementor-widget-container\">\n\t\t\t\t\t<h3 class=\"elementor-heading-title elementor-size-default\"><span style=\"font-family: &quot;Noto Sans&quot;; white-space-collapse: collapse; text-align: var(--text-align);\">Ihre Online-Support-Mitarbeiter sind immer an Ihrer Seite<\/span><\/h3>\t\t\t\t<\/div>\n\t\t\t\t<\/div>\n\t\t\t\t<div class=\"elementor-element elementor-element-ec6ce7e elementor-widget elementor-widget-text-editor\" data-id=\"ec6ce7e\" data-element_type=\"widget\" data-widget_type=\"text-editor.default\">\n\t\t\t\t<div class=\"elementor-widget-container\">\n\t\t\t\t\t\t\t\t\t<p><span style=\"font-family: 'Noto Sans'; text-align: var(--text-align); font-weight: var(--minimog-typography-body-font-weight);\">\u00a0Willkommen bei der Hotline f\u00fcr Hilfe<\/span><\/p>\t\t\t\t\t\t\t\t<\/div>\n\t\t\t\t<\/div>\n\t\t\t\t<div class=\"elementor-element elementor-element-1757a86 elementor-widget elementor-widget-tm-button\" data-id=\"1757a86\" data-element_type=\"widget\" data-widget_type=\"tm-button.default\">\n\t\t\t\t<div class=\"elementor-widget-container\">\n\t\t\t\t\t\t\t<a href=\"\/de\/support\/hotline\/\" class=\"tm-button-link tm-button style-text tm-button-nm icon-right\" role=\"button\">\n\n\t\t\t\t\t<div class=\"button-content-wrapper\">\n\t\t\t\n\t\t\t\t\t<div class=\"button-text\">\n\t\t\t\n\t\t\tMehr\n\t\t\t\n\t\t\t\t\t<\/div>\n\t\t\n\t\t\t\t\t\t\t<div class=\"button-icon\">\n\t\t\t\t\t\t\t<div class=\"minimog-icon icon minimog-solid-icon\">\n\t\t\t<svg aria-hidden=\"true\" class=\"e-font-icon-svg e-fas-arrow-right\" viewbox=\"0 0 448 512\" xmlns=\"http:\/\/www.w3.org\/2000\/svg\"><path d=\"M190.5 66.9l22.2-22.2c9.4-9.4 24.6-9.4 33.9 0L441 239c9.4 9.4 9.4 24.6 0 33.9L246.6 467.3c-9.4 9.4-24.6 9.4-33.9 0l-22.2-22.2c-9.5-9.5-9.3-25 .4-34.3L311.4 296H24c-13.3 0-24-10.7-24-24v-32c0-13.3 10.7-24 24-24h287.4L190.9 101.2c-9.8-9.3-10-24.8-.4-34.3z\"><\/path><\/svg>\t\t<\/div>\n\t\t\t\t\t\t<\/div>\n\t\t\t\t\t<\/div>\n\t\t\n\t\t\t\t\t<\/a>\n\t\t\t\t\t\t<\/div>\n\t\t\t\t<\/div>\n\t\t\t\t<\/div>\n\t\t<div class=\"elementor-element elementor-element-c82a937 e-con-full e-flex e-con e-child\" data-id=\"c82a937\" data-element_type=\"container\">\n\t\t\t\t<div class=\"elementor-element elementor-element-f944db7 elementor-widget elementor-widget-heading\" data-id=\"f944db7\" data-element_type=\"widget\" data-widget_type=\"heading.default\">\n\t\t\t\t<div class=\"elementor-widget-container\">\n\t\t\t\t\t<h3 class=\"elementor-heading-title elementor-size-default\">Unser Case Center kann Ihnen helfen<\/h3>\t\t\t\t<\/div>\n\t\t\t\t<\/div>\n\t\t\t\t<div class=\"elementor-element elementor-element-a800173 elementor-widget elementor-widget-text-editor\" data-id=\"a800173\" data-element_type=\"widget\" data-widget_type=\"text-editor.default\">\n\t\t\t\t<div class=\"elementor-widget-container\">\n\t\t\t\t\t\t\t\t\t<p>Einige F\u00e4lle k\u00f6nnen Ihre Fragen beantworten<\/p>\t\t\t\t\t\t\t\t<\/div>\n\t\t\t\t<\/div>\n\t\t\t\t<div class=\"elementor-element elementor-element-65d5382 elementor-widget elementor-widget-tm-button\" data-id=\"65d5382\" data-element_type=\"widget\" data-widget_type=\"tm-button.default\">\n\t\t\t\t<div class=\"elementor-widget-container\">\n\t\t\t\t\t\t\t<a href=\"\/de\/support\/caseportal\/\" class=\"tm-button-link tm-button style-text tm-button-nm icon-right\" role=\"button\">\n\n\t\t\t\t\t<div class=\"button-content-wrapper\">\n\t\t\t\n\t\t\t\t\t<div class=\"button-text\">\n\t\t\t\n\t\t\tMehr\n\t\t\t\n\t\t\t\t\t<\/div>\n\t\t\n\t\t\t\t\t\t\t<div class=\"button-icon\">\n\t\t\t\t\t\t\t<div class=\"minimog-icon icon minimog-solid-icon\">\n\t\t\t<svg aria-hidden=\"true\" class=\"e-font-icon-svg e-fas-arrow-right\" viewbox=\"0 0 448 512\" xmlns=\"http:\/\/www.w3.org\/2000\/svg\"><path d=\"M190.5 66.9l22.2-22.2c9.4-9.4 24.6-9.4 33.9 0L441 239c9.4 9.4 9.4 24.6 0 33.9L246.6 467.3c-9.4 9.4-24.6 9.4-33.9 0l-22.2-22.2c-9.5-9.5-9.3-25 .4-34.3L311.4 296H24c-13.3 0-24-10.7-24-24v-32c0-13.3 10.7-24 24-24h287.4L190.9 101.2c-9.8-9.3-10-24.8-.4-34.3z\"><\/path><\/svg>\t\t<\/div>\n\t\t\t\t\t\t<\/div>\n\t\t\t\t\t<\/div>\n\t\t\n\t\t\t\t\t<\/a>\n\t\t\t\t\t\t<\/div>\n\t\t\t\t<\/div>\n\t\t\t\t<\/div>\n\t\t<div class=\"elementor-element elementor-element-9b5d81f e-con-full e-flex e-con e-child\" data-id=\"9b5d81f\" data-element_type=\"container\">\n\t\t\t\t<div class=\"elementor-element elementor-element-10e54da elementor-widget elementor-widget-tm-modern-image\" data-id=\"10e54da\" data-element_type=\"widget\" data-widget_type=\"tm-modern-image.default\">\n\t\t\t\t<div class=\"elementor-widget-container\">\n\t\t\t\t\t\t\t<div class=\"tm-modern-image\">\n\t\t\t\t\t\t\t<div class=\"minimog-box\">\n\t\t\t\t\t<div class=\"minimog-image\">\t\t\t\t\t<m-image class=\"minimog-lazy-image\" style=\"--lazy-image-width: 632px;--lazy-image-height: 63.132911392405%;\" data-image-loading><img decoding=\"async\"  data-src=\"https:\/\/foredgetech.com\/wp-content\/uploads\/2024\/01\/1657781209563.jpg\" width=\"632\" height=\"399\" alt=\"1657781209563\" class=\"attachment-full size-full lazyload\" src=\"data:image\/svg+xml;base64,PHN2ZyB3aWR0aD0iMSIgaGVpZ2h0PSIxIiB4bWxucz0iaHR0cDovL3d3dy53My5vcmcvMjAwMC9zdmciPjwvc3ZnPg==\" style=\"--smush-placeholder-width: 632px; --smush-placeholder-aspect-ratio: 632\/399;\" \/><\/m-image>\t\t\t\t\t<\/div>\t\t\t\t<\/div>\n\t\t\t\t\t\t\t\t\t\t<\/div>\n\t\t\t\t\t\t<\/div>\n\t\t\t\t<\/div>\n\t\t\t\t<\/div>\n\t\t\t\t\t<\/div>\n\t\t\t\t<\/div>\n\t\t<div class=\"elementor-element elementor-element-4b8d6d6 e-flex e-con-boxed e-con e-parent\" data-id=\"4b8d6d6\" data-element_type=\"container\">\n\t\t\t\t\t<div class=\"e-con-inner\">\n\t\t\t\t<div class=\"elementor-element elementor-element-9d95c02 elementor-widget elementor-widget-tm-heading\" data-id=\"9d95c02\" data-element_type=\"widget\" data-widget_type=\"tm-heading.default\">\n\t\t\t\t<div class=\"elementor-widget-container\">\n\t\t\t\t\t\t\t<div class=\"tm-modern-heading tm-modern-heading--style-01 tm-modern-heading--highlight-style-01\">\n\t\t\t\n\t\t\t\t\t<div class=\"heading-primary-wrap\">\n\t\t\t<h2 class=\"heading-primary elementor-heading-title\"><h2 class=\"p-main-title\" style=\"list-style: none; margin-right: auto; margin-bottom: 0px; margin-left: auto; padding: 40px 0px 30px; font-family: &quot;Noto Sans&quot;; outline: none; box-sizing: initial; font-size: 28px; font-weight: bold; -webkit-tap-highlight-color: rgba(0, 0, 0, 0); line-height: 32px; color: rgb(45, 80, 130); position: relative; width: 1152px; letter-spacing: normal; text-transform: none; white-space-collapse: collapse;\">Werkzeuge<\/h2><\/h2>\t\t<\/div>\n\t\t\n\t\t\t\n\t\t\t\t\t<\/div>\n\t\t\t\t\t\t<\/div>\n\t\t\t\t<\/div>\n\t\t\t\t\t<\/div>\n\t\t\t\t<\/div>\n\t\t<div class=\"elementor-element elementor-element-e81de73 e-flex e-con-boxed e-con e-parent\" data-id=\"e81de73\" data-element_type=\"container\">\n\t\t\t\t\t<div class=\"e-con-inner\">\n\t\t<div class=\"elementor-element elementor-element-faff7eb e-con-full e-flex e-con e-child\" data-id=\"faff7eb\" data-element_type=\"container\" data-settings=\"{&quot;animation&quot;:&quot;none&quot;,&quot;background_background&quot;:&quot;classic&quot;}\">\n\t\t\t\t<div class=\"elementor-element elementor-element-9534afa elementor-widget elementor-widget-image\" data-id=\"9534afa\" data-element_type=\"widget\" data-widget_type=\"image.default\">\n\t\t\t\t<div class=\"elementor-widget-container\">\n\t\t\t\t\t\t\t\t\t\t\t\t\t\t\t<img decoding=\"async\" width=\"200\" height=\"200\" data-src=\"https:\/\/foredgetech.com\/wp-content\/uploads\/2023\/12\/3-\u7cfb\u7edf.svg\" class=\"attachment-full size-full wp-image-26192 lazyload\" alt=\"\" src=\"data:image\/svg+xml;base64,PHN2ZyB3aWR0aD0iMSIgaGVpZ2h0PSIxIiB4bWxucz0iaHR0cDovL3d3dy53My5vcmcvMjAwMC9zdmciPjwvc3ZnPg==\" style=\"--smush-placeholder-width: 200px; --smush-placeholder-aspect-ratio: 200\/200;\" \/>\t\t\t\t\t\t\t\t\t\t\t\t\t\t\t<\/div>\n\t\t\t\t<\/div>\n\t\t\t\t<div class=\"elementor-element elementor-element-8f8c0c3 elementor-widget elementor-widget-tm-button\" data-id=\"8f8c0c3\" data-element_type=\"widget\" data-widget_type=\"tm-button.default\">\n\t\t\t\t<div class=\"elementor-widget-container\">\n\t\t\t\t\t\t\t<a href=\"#\" class=\"tm-button-link tm-button style-text tm-button-nm\" role=\"button\">\n\n\t\t\t\t\t<div class=\"button-content-wrapper\">\n\t\t\t\n\t\t\t\t\t<div class=\"button-text\">\n\t\t\t\n\t\t\tApollo-Wolke\n\t\t\t\n\t\t\t\t\t<\/div>\n\t\t\n\t\t\t\t\t<\/div>\n\t\t\n\t\t\t\t\t<\/a>\n\t\t\t\t\t\t<\/div>\n\t\t\t\t<\/div>\n\t\t\t\t<div class=\"elementor-element elementor-element-93d13cb elementor-widget elementor-widget-text-editor\" data-id=\"93d13cb\" data-element_type=\"widget\" data-widget_type=\"text-editor.default\">\n\t\t\t\t<div class=\"elementor-widget-container\">\n\t\t\t\t\t\t\t\t\t<p>Apollo Cloud ist eine der gr\u00f6\u00dften Netzwerkmanagement-Plattformen der Welt, die kostenlose, sichere und zuverl\u00e4ssige Dienste f\u00fcr Kunden bereitstellt.<\/p>\t\t\t\t\t\t\t\t<\/div>\n\t\t\t\t<\/div>\n\t\t\t\t<div class=\"elementor-element elementor-element-c223418 elementor-align-left e-transform elementor-invisible elementor-widget elementor-widget-tm-button\" data-id=\"c223418\" data-element_type=\"widget\" data-settings=\"{&quot;_animation&quot;:&quot;fadeInRight&quot;,&quot;_transform_translateX_effect_hover&quot;:{&quot;unit&quot;:&quot;px&quot;,&quot;size&quot;:10,&quot;sizes&quot;:[]},&quot;_transform_translateX_effect_hover_widescreen&quot;:{&quot;unit&quot;:&quot;px&quot;,&quot;size&quot;:&quot;&quot;,&quot;sizes&quot;:[]},&quot;_transform_translateX_effect_hover_laptop&quot;:{&quot;unit&quot;:&quot;px&quot;,&quot;size&quot;:&quot;&quot;,&quot;sizes&quot;:[]},&quot;_transform_translateX_effect_hover_tablet_extra&quot;:{&quot;unit&quot;:&quot;px&quot;,&quot;size&quot;:&quot;&quot;,&quot;sizes&quot;:[]},&quot;_transform_translateX_effect_hover_tablet&quot;:{&quot;unit&quot;:&quot;px&quot;,&quot;size&quot;:&quot;&quot;,&quot;sizes&quot;:[]},&quot;_transform_translateX_effect_hover_mobile_extra&quot;:{&quot;unit&quot;:&quot;px&quot;,&quot;size&quot;:&quot;&quot;,&quot;sizes&quot;:[]},&quot;_transform_translateX_effect_hover_mobile&quot;:{&quot;unit&quot;:&quot;px&quot;,&quot;size&quot;:&quot;&quot;,&quot;sizes&quot;:[]},&quot;_transform_translateY_effect_hover&quot;:{&quot;unit&quot;:&quot;px&quot;,&quot;size&quot;:&quot;&quot;,&quot;sizes&quot;:[]},&quot;_transform_translateY_effect_hover_widescreen&quot;:{&quot;unit&quot;:&quot;px&quot;,&quot;size&quot;:&quot;&quot;,&quot;sizes&quot;:[]},&quot;_transform_translateY_effect_hover_laptop&quot;:{&quot;unit&quot;:&quot;px&quot;,&quot;size&quot;:&quot;&quot;,&quot;sizes&quot;:[]},&quot;_transform_translateY_effect_hover_tablet_extra&quot;:{&quot;unit&quot;:&quot;px&quot;,&quot;size&quot;:&quot;&quot;,&quot;sizes&quot;:[]},&quot;_transform_translateY_effect_hover_tablet&quot;:{&quot;unit&quot;:&quot;px&quot;,&quot;size&quot;:&quot;&quot;,&quot;sizes&quot;:[]},&quot;_transform_translateY_effect_hover_mobile_extra&quot;:{&quot;unit&quot;:&quot;px&quot;,&quot;size&quot;:&quot;&quot;,&quot;sizes&quot;:[]},&quot;_transform_translateY_effect_hover_mobile&quot;:{&quot;unit&quot;:&quot;px&quot;,&quot;size&quot;:&quot;&quot;,&quot;sizes&quot;:[]}}\" data-widget_type=\"tm-button.default\">\n\t\t\t\t<div class=\"elementor-widget-container\">\n\t\t\t\t\t\t\t<a href=\"http:\/\/apollo.foredgetech.com\" target=\"_blank\" class=\"tm-button-link tm-button style-text tm-button-nm icon-right\" role=\"button\">\n\n\t\t\t\t\t<div class=\"button-content-wrapper\">\n\t\t\t\n\t\t\t\t\t<div class=\"button-text\">\n\t\t\t\n\t\t\tMehr erfahren\n\t\t\t\n\t\t\t\t\t<\/div>\n\t\t\n\t\t\t\t\t\t\t<div class=\"button-icon\">\n\t\t\t\t\t\t\t<div class=\"minimog-icon icon minimog-solid-icon\">\n\t\t\t<svg aria-hidden=\"true\" class=\"e-font-icon-svg e-fas-arrow-right\" viewbox=\"0 0 448 512\" xmlns=\"http:\/\/www.w3.org\/2000\/svg\"><path d=\"M190.5 66.9l22.2-22.2c9.4-9.4 24.6-9.4 33.9 0L441 239c9.4 9.4 9.4 24.6 0 33.9L246.6 467.3c-9.4 9.4-24.6 9.4-33.9 0l-22.2-22.2c-9.5-9.5-9.3-25 .4-34.3L311.4 296H24c-13.3 0-24-10.7-24-24v-32c0-13.3 10.7-24 24-24h287.4L190.9 101.2c-9.8-9.3-10-24.8-.4-34.3z\"><\/path><\/svg>\t\t<\/div>\n\t\t\t\t\t\t<\/div>\n\t\t\t\t\t<\/div>\n\t\t\n\t\t\t\t\t<\/a>\n\t\t\t\t\t\t<\/div>\n\t\t\t\t<\/div>\n\t\t\t\t<\/div>\n\t\t\t\t\t<\/div>\n\t\t\t\t<\/div>\n\t\t\t\t<\/div>","protected":false},"excerpt":{"rendered":"<p>Support Center Documentation Case Center Hotline Warranty Check Service will happen every time you need it\u200b Your Online Support Engineers are always by your side \u00a0Welcome to get help from the hotline More Our case center may help you Some cases may answer your questions More Tools Apollo Cloud Apollo Cloud is one of the largest network management platforms in the world, providing free, safe and reliable services to customers. Learn More<\/p>","protected":false},"author":1,"featured_media":0,"parent":0,"menu_order":0,"comment_status":"closed","ping_status":"closed","template":"","meta":{"footnotes":""},"class_list":["post-23235","page","type-page","status-publish","hentry","post-no-thumbnail"],"_links":{"self":[{"href":"https:\/\/foredgetech.com\/de\/wp-json\/wp\/v2\/pages\/23235","targetHints":{"allow":["GET"]}}],"collection":[{"href":"https:\/\/foredgetech.com\/de\/wp-json\/wp\/v2\/pages"}],"about":[{"href":"https:\/\/foredgetech.com\/de\/wp-json\/wp\/v2\/types\/page"}],"author":[{"embeddable":true,"href":"https:\/\/foredgetech.com\/de\/wp-json\/wp\/v2\/users\/1"}],"replies":[{"embeddable":true,"href":"https:\/\/foredgetech.com\/de\/wp-json\/wp\/v2\/comments?post=23235"}],"version-history":[{"count":0,"href":"https:\/\/foredgetech.com\/de\/wp-json\/wp\/v2\/pages\/23235\/revisions"}],"wp:attachment":[{"href":"https:\/\/foredgetech.com\/de\/wp-json\/wp\/v2\/media?parent=23235"}],"curies":[{"name":"wp","href":"https:\/\/api.w.org\/{rel}","templated":true}]}}